{"id":2621,"date":"2023-09-22T02:36:31","date_gmt":"2023-09-22T02:36:31","guid":{"rendered":"https:\/\/zunzz.com\/product\/may-kiem-tra-do-ben-keo-thuy-luc-200t\/"},"modified":"2025-05-21T01:05:05","modified_gmt":"2025-05-21T01:05:05","slug":"hydraulic-tensile-testing-machine","status":"publish","type":"product","link":"https:\/\/zunzz.com\/vi\/product\/hydraulic-tensile-testing-machine\/","title":{"rendered":"M\u00e1y ki\u1ec3m tra \u0111\u1ed9 b\u1ec1n k\u00e9o th\u1ee7y l\u1ef1c 200T"},"content":{"rendered":"<h2>1. M\u00e1y ki\u1ec3m tra \u0111\u1ed9 b\u1ec1n k\u00e9o th\u1ee7y l\u1ef1c<\/h2>\n<p><strong>M\u00e1y ki\u1ec3m tra \u0111\u1ed9 b\u1ec1n k\u00e9o th\u1ee7y l\u1ef1c<\/strong> ki\u1ec3m tra d\u00e2y c\u00e1p, d\u00e2y c\u00e1p treo, d\u00e2y \u0111ai, m\u00f3c, x\u00edch, v.v. M\u00e1y \u0111\u01b0\u1ee3c s\u1eed d\u1ee5ng r\u1ed9ng r\u00e3i trong c\u00e1c l\u0129nh v\u1ef1c nh\u01b0 t\u00e0u thuy\u1ec1n, x\u00e2y d\u1ef1ng, \u0111i\u1ec7n, n\u00e2ng h\u1ea1 v\u00e0 c\u1ee9u h\u1ed9 \u0111\u1ec3 \u0111\u1ea3m b\u1ea3o an to\u00e0n v\u00e0 \u0111\u1ed9 tin c\u1eady c\u1ee7a gi\u00e0n khoan.<\/p>\n<p>B\u00e1o c\u00e1o th\u1eed nghi\u1ec7m c\u00f3 th\u1ec3 \u0111\u01b0\u1ee3c in.<\/p>\n<p><strong>Bi\u1ec7n ph\u00e1p ph\u00f2ng ng\u1eeba an to\u00e0n:<\/strong> Tr\u01b0\u1edbc khi th\u1eed nghi\u1ec7m, h\u00e3y ki\u1ec3m tra xem \u0111\u1ed3 g\u00e1 c\u00f3 \u0111\u01b0\u1ee3c k\u1eb9p ch\u1eb7t \u0111\u1ec3 tr\u00e1nh b\u1ecb tr\u01b0\u1ee3t kh\u00f4ng. Nghi\u00eam c\u1ea5m qu\u00e1 t\u1ea3i \u0111\u1ec3 tr\u00e1nh h\u01b0 h\u1ecfng thi\u1ebft b\u1ecb ho\u1eb7c th\u01b0\u01a1ng t\u00edch cho ng\u01b0\u1eddi. Th\u01b0\u1eddng xuy\u00ean hi\u1ec7u chu\u1ea9n c\u1ea3m bi\u1ebfn \u0111\u1ec3 \u0111\u1ea3m b\u1ea3o \u0111\u1ed9 ch\u00ednh x\u00e1c c\u1ee7a d\u1eef li\u1ec7u.<\/p>\n<p><strong>ch\u1ee9c n\u0103ng ch\u00ednh<\/strong><\/p>\n<p>Ki\u1ec3m tra \u0111\u1ed9 b\u1ec1n k\u00e9o: \u0111o \u0111\u1ed9 b\u1ec1n k\u00e9o t\u1ed1i \u0111a (\u0111\u1ed9 b\u1ec1n g\u00e3y) c\u1ee7a gi\u00e0n.<br \/>\nKi\u1ec3m tra t\u1ea3i: M\u00f4 ph\u1ecfng t\u1ea3i tr\u1ecdng l\u00e0m vi\u1ec7c th\u1ef1c t\u1ebf \u0111\u1ec3 x\u00e1c minh kh\u1ea3 n\u0103ng ch\u1ecbu t\u1ea3i c\u1ee7a gi\u00e0n.<br \/>\nKi\u1ec3m tra \u0111\u1ed9 gi\u00e3n d\u00e0i: Ghi l\u1ea1i m\u1ee9c \u0111\u1ed9 bi\u1ebfn d\u1ea1ng c\u1ee7a v\u1eadt li\u1ec7u khi ch\u1ecbu l\u1ef1c k\u00e9o.<br \/>\nKi\u1ec3m tra \u0111\u1ed9 b\u1ec1n: t\u1ea3i tr\u1ecdng l\u1eb7p l\u1ea1i \u0111\u1ec3 ki\u1ec3m tra tu\u1ed5i th\u1ecd m\u1ecfi.<br \/>\nKi\u1ec3m tra t\u0129nh\/\u0111\u1ed9ng: Ch\u1ecdn c\u00e1c ch\u1ebf \u0111\u1ed9 ki\u1ec3m tra kh\u00e1c nhau d\u1ef1a tr\u00ean y\u00eau c\u1ea7u.<\/p>\n<p><img fetchpriority=\"high\" decoding=\"async\" class=\"alignnone wp-image-383 size-full\" src=\"https:\/\/zunzz.com\/wp-content\/uploads\/2023\/09\/Hydraulic-Tensile-Testing-Machine-2.webp\" alt=\"M\u00e1y th\u1eed k\u00e9o-th\u1ee7y l\u1ef1c-2\" width=\"1000\" height=\"1267\" srcset=\"https:\/\/zunzz.com\/wp-content\/uploads\/2023\/09\/Hydraulic-Tensile-Testing-Machine-2.webp 1000w, https:\/\/zunzz.com\/wp-content\/uploads\/2023\/09\/Hydraulic-Tensile-Testing-Machine-2-237x300.webp 237w, https:\/\/zunzz.com\/wp-content\/uploads\/2023\/09\/Hydraulic-Tensile-Testing-Machine-2-808x1024.webp 808w, https:\/\/zunzz.com\/wp-content\/uploads\/2023\/09\/Hydraulic-Tensile-Testing-Machine-2-768x973.webp 768w, https:\/\/zunzz.com\/wp-content\/uploads\/2023\/09\/Hydraulic-Tensile-Testing-Machine-2-700x887.webp 700w, https:\/\/zunzz.com\/wp-content\/uploads\/2023\/09\/Hydraulic-Tensile-Testing-Machine-2-600x760.webp 600w\" sizes=\"(max-width: 1000px) 100vw, 1000px\" \/><\/p>\n<h2>2.Th\u00f4ng s\u1ed1 k\u1ef9 thu\u1eadt<\/h2>\n<div class=\"table-r\">\n<table width=\"100%\">\n<tbody>\n<tr>\n<td width=\"50%\">T\u1ed1i \u0111a. \u00e1p su\u1ea5t n\u1ea1p<\/td>\n<td width=\"50%\">63Mpa<\/td>\n<\/tr>\n<tr>\n<td width=\"50%\">T\u1ed1i \u0111a. Chuy\u1ec3n \u0111\u1ed9ng c\u1ee7a p\u00edt-t\u00f4ng<\/td>\n<td width=\"50%\">1500mm<\/td>\n<\/tr>\n<tr>\n<td width=\"50%\">T\u1ed1c \u0111\u1ed9 k\u00e9o ra c\u1ee7a piston<\/td>\n<td width=\"50%\">8 mm\/gi\u00e2y<\/td>\n<\/tr>\n<tr>\n<td width=\"50%\">T\u1ed1c \u0111\u1ed9 t\u1ea3i c\u1ee7a piston<\/td>\n<td width=\"50%\">2 mm\/gi\u00e2y<\/td>\n<\/tr>\n<tr>\n<td width=\"50%\">T\u1ed1c \u0111\u1ed9 l\u00f9i c\u1ee7a piston<\/td>\n<td width=\"50%\">10mm\/gi\u00e2y<\/td>\n<\/tr>\n<tr>\n<td width=\"50%\">Dung sai c\u1ee7a \u0110\u1ed9 ch\u00ednh x\u00e1c th\u1eed nghi\u1ec7m k\u00e9o<\/td>\n<td width=\"50%\">\u22641%<\/td>\n<\/tr>\n<tr>\n<td width=\"50%\">Dung sai \u0111\u1ed9 ch\u00ednh x\u00e1c d\u1ecbch chuy\u1ec3n<\/td>\n<td width=\"50%\">\u22641%<\/td>\n<\/tr>\n<tr>\n<td width=\"50%\">Dung sai c\u1ee7a \u0110\u1ed9 ch\u00ednh x\u00e1c t\u1ea3i t\u0129nh<\/td>\n<td width=\"50%\">\u22641%<\/td>\n<\/tr>\n<tr>\n<td width=\"50%\">M\u1ee9c \u0111\u1ed9 ti\u1ebfng \u1ed3n<\/td>\n<td width=\"50%\">\u226470dB<\/td>\n<\/tr>\n<tr>\n<td width=\"50%\">Ph\u01b0\u01a1ng ph\u00e1p \u0111i\u1ec1u khi\u1ec3n<\/td>\n<td width=\"50%\">M\u00e1y t\u00ednh<\/td>\n<\/tr>\n<tr>\n<td width=\"50%\">V\u1ecf b\u1ea3o v\u1ec7 t\u1ef1 \u0111\u1ed9ng<\/td>\n<td width=\"50%\">C\u00f3 s\u1eb5n<\/td>\n<\/tr>\n<\/tbody>\n<\/table>\n<p>&nbsp;<\/p>\n<p><iframe title=\"test bench for wire rope, websling, chain and so on testing.\" width=\"1060\" height=\"596\" src=\"https:\/\/www.youtube.com\/embed\/vC5deAoKkuU?feature=oembed\" frameborder=\"0\" allow=\"accelerometer; autoplay; clipboard-write; encrypted-media; gyroscope; picture-in-picture; web-share\" referrerpolicy=\"strict-origin-when-cross-origin\" allowfullscreen><\/iframe><\/p>\n<h2>3. \u01afu \u0111i\u1ec3m c\u1ee7a gi\u01b0\u1eddng th\u1eed nghi\u1ec7m<\/h2>\n<p>1. B\u1eb1ng c\u00e1ch s\u1eed d\u1ee5ng t\u01b0\u01a1ng t\u00e1c gi\u1eefa ng\u01b0\u1eddi v\u00e0 m\u00e1y t\u00ednh \u0111\u1ec3 ph\u00e2n t\u00edch v\u00e0 t\u00ednh to\u00e1n c\u00e1c ch\u1ec9 s\u1ed1 hi\u1ec7u su\u1ea5t c\u01a1 h\u1ecdc c\u1ee7a v\u1eadt li\u1ec7u \u0111\u01b0\u1ee3c th\u1eed nghi\u1ec7m, l\u1ef1c k\u00e9o \u0111\u01b0\u1ee3c t\u00ednh to\u00e1n t\u1ef1 \u0111\u1ed9ng v\u00e0o cu\u1ed1i th\u00ed nghi\u1ec7m. Tr\u00ean c\u01a1 s\u1edf ph\u00e2n t\u00edch t\u1ef1 \u0111\u1ed9ng, k\u1ebft qu\u1ea3 ph\u00e2n t\u00edch c\u0169ng c\u00f3 th\u1ec3 \u0111\u01b0\u1ee3c s\u1eeda th\u1ee7 c\u00f4ng \u0111\u1ec3 c\u1ea3i thi\u1ec7n \u0111\u1ed9 ch\u00ednh x\u00e1c c\u1ee7a ph\u00e2n t\u00edch.<\/p>\n<p>2. C\u00f3 th\u1ec3 ki\u1ec3m so\u00e1t nhi\u1ec1u \u0111\u01b0\u1eddng cong kh\u00e1c nhau nh\u01b0 l\u1ef1c bi\u1ebfn d\u1ea1ng, l\u1ef1c d\u1ecbch chuy\u1ec3n, th\u1eddi gian l\u1ef1c, \u1ee9ng su\u1ea5t bi\u1ebfn d\u1ea1ng, th\u1eddi gian bi\u1ebfn d\u1ea1ng, th\u1eddi gian d\u1ecbch chuy\u1ec3n;<\/p>\n<p>3. Khu\u1ebfch \u0111\u1ea1i m\u1ed9t ph\u1ea7n c\u00e1c \u0111\u01b0\u1eddng cong th\u1ef1c nghi\u1ec7m v\u00e0 so s\u00e1nh nhi\u1ec1u l\u1edbp ph\u1ee7 \u0111\u01b0\u1eddng cong;<\/p>\n<p>4. Ch\u1ebf \u0111\u1ed9 \u0111i\u1ec1u khi\u1ec3n c\u00f3 ch\u1ebf \u0111\u1ed9 \u0111i\u1ec1u khi\u1ec3n t\u1ef1 \u0111\u1ed9ng. \u0110i\u1ec1u khi\u1ec3n t\u1ef1 \u0111\u1ed9ng l\u00e0 ch\u1ebf \u0111\u1ed9 servo v\u1eadn h\u00e0nh ho\u00e0n to\u00e0n b\u1eb1ng k\u1ef9 thu\u1eadt s\u1ed1, v\u1edbi hai ph\u01b0\u01a1ng ph\u00e1p thi\u1ebft l\u1eadp \u0111i\u1ec1u ki\u1ec7n th\u1eed nghi\u1ec7m: \u0111i\u1ec1u khi\u1ec3n ho\u00e0n to\u00e0n t\u1ef1 \u0111\u1ed9ng v\u00e0 \u0111i\u1ec1u khi\u1ec3n l\u1eadp tr\u00ecnh \u0111\u1ed1i tho\u1ea1i gi\u1eefa ng\u01b0\u1eddi v\u00e0 m\u00e1y.<\/p>\n<p>5. Nhi\u1ec1u m\u1ee5c \u0111\u00edch s\u1eed d\u1ee5ng: c\u00f3 th\u1ec3 ti\u1ebfn h\u00e0nh th\u1eed nghi\u1ec7m k\u00e9o, th\u1eed x\u00e9 v\u00e0 c\u00e1c th\u1eed nghi\u1ec7m kh\u00e1c tr\u00ean kim lo\u1ea1i, phi kim lo\u1ea1i v\u00e0 c\u00e1c th\u00e0nh ph\u1ea7n. N\u00f3 c\u00f3 th\u1ec3 \u0111\u00e1p \u1ee9ng c\u00e1c ti\u00eau chu\u1ea9n ph\u01b0\u01a1ng ph\u00e1p th\u1eed nghi\u1ec7m kh\u00e1c nhau nh\u01b0 ISO v\u00e0 GB.<\/p>\n<p>6. Ngu\u1ed3n d\u1ea7u s\u1eed d\u1ee5ng thi\u1ebft k\u1ebf im l\u1eb7ng, th\u00e2n thi\u1ec7n v\u1edbi m\u00f4i tr\u01b0\u1eddng v\u00e0 ng\u01b0\u1eddi d\u00f9ng, gi\u1ea3m ti\u00eau th\u1ee5 n\u0103ng l\u01b0\u1ee3ng, gi\u1ea3m t\u1ecfa nhi\u1ec7t v\u00e0 b\u1ea3o v\u1ec7 m\u1ea1ch d\u1ea7u;<\/p>\n<p>7. Vi\u1ec7c s\u1eed d\u1ee5ng t\u1ed1c \u0111\u1ed9 cao, t\u00edch h\u1ee3p cao, kh\u1ea3 n\u0103ng \u0111i\u1ec1u khi\u1ec3n m\u1ea1nh m\u1ebd, kh\u1ea3 n\u0103ng x\u1eed l\u00fd d\u1eef li\u1ec7u v\u00e0 \u0111\u1ed9 tin c\u1eady cao l\u00e0 \u0111i\u1ec1u kh\u00f4ng th\u1ec3 s\u00e1nh b\u1eb1ng so v\u1edbi c\u00e1c m\u00e1y th\u1eed nghi\u1ec7m s\u1eed d\u1ee5ng b\u1ed9 x\u1eed l\u00fd kh\u00e1c.<\/p>\n<p>&nbsp;<\/p>\n<\/div>\n<p><img decoding=\"async\" class=\"alignnone wp-image-385 size-full\" src=\"https:\/\/zunzz.com\/wp-content\/uploads\/2023\/09\/Hydraulic-Tensile-Testing-Machine-4.webp\" alt=\"M\u00e1y th\u1eed k\u00e9o-th\u1ee7y l\u1ef1c-4\" width=\"1000\" height=\"800\" srcset=\"https:\/\/zunzz.com\/wp-content\/uploads\/2023\/09\/Hydraulic-Tensile-Testing-Machine-4.webp 1000w, https:\/\/zunzz.com\/wp-content\/uploads\/2023\/09\/Hydraulic-Tensile-Testing-Machine-4-300x240.webp 300w, https:\/\/zunzz.com\/wp-content\/uploads\/2023\/09\/Hydraulic-Tensile-Testing-Machine-4-768x614.webp 768w, https:\/\/zunzz.com\/wp-content\/uploads\/2023\/09\/Hydraulic-Tensile-Testing-Machine-4-700x560.webp 700w, https:\/\/zunzz.com\/wp-content\/uploads\/2023\/09\/Hydraulic-Tensile-Testing-Machine-4-600x480.webp 600w\" sizes=\"(max-width: 1000px) 100vw, 1000px\" \/> <img decoding=\"async\" class=\"alignnone wp-image-384 size-full\" src=\"https:\/\/zunzz.com\/wp-content\/uploads\/2023\/09\/Hydraulic-Tensile-Testing-Machine-3.webp\" alt=\"M\u00e1y th\u1eed k\u00e9o-th\u1ee7y l\u1ef1c-3\" width=\"1000\" height=\"1267\" srcset=\"https:\/\/zunzz.com\/wp-content\/uploads\/2023\/09\/Hydraulic-Tensile-Testing-Machine-3.webp 1000w, https:\/\/zunzz.com\/wp-content\/uploads\/2023\/09\/Hydraulic-Tensile-Testing-Machine-3-237x300.webp 237w, https:\/\/zunzz.com\/wp-content\/uploads\/2023\/09\/Hydraulic-Tensile-Testing-Machine-3-808x1024.webp 808w, https:\/\/zunzz.com\/wp-content\/uploads\/2023\/09\/Hydraulic-Tensile-Testing-Machine-3-768x973.webp 768w, https:\/\/zunzz.com\/wp-content\/uploads\/2023\/09\/Hydraulic-Tensile-Testing-Machine-3-700x887.webp 700w, https:\/\/zunzz.com\/wp-content\/uploads\/2023\/09\/Hydraulic-Tensile-Testing-Machine-3-600x760.webp 600w\" sizes=\"(max-width: 1000px) 100vw, 1000px\" \/> <img loading=\"lazy\" decoding=\"async\" class=\"alignnone wp-image-382 \" src=\"https:\/\/zunzz.com\/wp-content\/uploads\/2023\/09\/Hydraulic-Tensile-Testing-Machine-1.webp\" alt=\"M\u00e1y th\u1eed k\u00e9o-th\u1ee7y l\u1ef1c-1\" width=\"1000\" height=\"1000\" srcset=\"https:\/\/zunzz.com\/wp-content\/uploads\/2023\/09\/Hydraulic-Tensile-Testing-Machine-1.webp 988w, https:\/\/zunzz.com\/wp-content\/uploads\/2023\/09\/Hydraulic-Tensile-Testing-Machine-1-300x300.webp 300w, https:\/\/zunzz.com\/wp-content\/uploads\/2023\/09\/Hydraulic-Tensile-Testing-Machine-1-150x150.webp 150w, https:\/\/zunzz.com\/wp-content\/uploads\/2023\/09\/Hydraulic-Tensile-Testing-Machine-1-768x768.webp 768w, https:\/\/zunzz.com\/wp-content\/uploads\/2023\/09\/Hydraulic-Tensile-Testing-Machine-1-570x570.webp 570w, https:\/\/zunzz.com\/wp-content\/uploads\/2023\/09\/Hydraulic-Tensile-Testing-Machine-1-500x500.webp 500w, https:\/\/zunzz.com\/wp-content\/uploads\/2023\/09\/Hydraulic-Tensile-Testing-Machine-1-700x700.webp 700w, https:\/\/zunzz.com\/wp-content\/uploads\/2023\/09\/Hydraulic-Tensile-Testing-Machine-1-650x650.webp 650w, https:\/\/zunzz.com\/wp-content\/uploads\/2023\/09\/Hydraulic-Tensile-Testing-Machine-1-600x600.webp 600w, https:\/\/zunzz.com\/wp-content\/uploads\/2023\/09\/Hydraulic-Tensile-Testing-Machine-1-100x100.webp 100w\" sizes=\"(max-width: 1000px) 100vw, 1000px\" \/><\/p>\n<h4><span style=\"color: #ff0000;\">Vui l\u00f2ng li\u00ean h\u1ec7 v\u1edbi ch\u00fang t\u00f4i \u0111\u1ec3 bi\u1ebft th\u00eam chi ti\u1ebft, ch\u00fang t\u00f4i s\u1ebd tr\u1ea3 l\u1eddi b\u1ea1n trong v\u00f2ng 24 gi\u1edd<\/span><\/h4>\n<p class=\"wpcf7-contact-form-not-found\"><strong>Error:<\/strong> Contact form not found.<\/p>\n<p>&nbsp;<\/p>\n","protected":false},"excerpt":{"rendered":"<div class=\"table-r\">\n<p>C\u1ea5u tr\u00fac c\u01a1 b\u1ea3n c\u1ee7a <strong>M\u00e1y th\u1eed k\u00e9o th\u1ee7y l\u1ef1c<\/strong> bao g\u1ed3m khung ch\u00ednh c\u01b0\u1eddng \u0111\u1ed9 cao, h\u1ec7 th\u1ed1ng t\u1ea3i th\u1ee7y l\u1ef1c, h\u1ec7 th\u1ed1ng \u0111\u1ed3 g\u00e1, h\u1ec7 th\u1ed1ng c\u1ea3m bi\u1ebfn v\u00e0 h\u1ec7 th\u1ed1ng \u0111i\u1ec1u khi\u1ec3n v\u00e0 thu th\u1eadp d\u1eef li\u1ec7u. Ch\u00fang t\u00f4i \u0111ang s\u1ea3n xu\u1ea5t b\u1ec7 th\u1eed nghi\u1ec7m c\u00f3 c\u00f4ng su\u1ea5t 100T 200T 300T 600T 1000T v\u00e0 2000T. <\/p>\n<table width=\"100%\">\n<tbody>\n<tr>\n<td width=\"50%\">M\u1eabu:<\/td>\n<td width=\"50%\">DYWP-2000<\/td>\n<\/tr>\n<tr>\n<td width=\"50%\">T\u1ed1i \u0111a. Dung t\u00edch:<\/td>\n<td width=\"50%\">2000kN<\/td>\n<\/tr>\n<tr>\n<td width=\"50%\">K\u00edch th\u01b0\u1edbc t\u1ed5ng th\u1ec3:<\/td>\n<td width=\"50%\">25000mm*1800mm*900mm<\/td>\n<\/tr>\n<tr>\n<td width=\"50%\">\u0110\u1ed9 d\u00e0i b\u00e0i ki\u1ec3m tra:<\/td>\n<td width=\"50%\">theo y\u00eau c\u1ea7u<\/td>\n<\/tr>\n<tr>\n<td width=\"50%\">Tr\u1ecdng l\u01b0\u1ee3ng:<\/td>\n<td width=\"50%\">20000 KG<\/td>\n<\/tr>\n<tr>\n<td width=\"50%\">Thu th\u1eadp v\u00e0 ph\u00e2n t\u00edch d\u1eef li\u1ec7u:<\/td>\n<td width=\"50%\">Hi\u1ec3n th\u1ecb \u0111\u01b0\u1eddng cong d\u1ecbch chuy\u1ec3n l\u1ef1c c\u0103ng theo th\u1eddi gian th\u1ef1c v\u00e0 t\u1ef1 \u0111\u1ed9ng t\u1ea1o b\u00e1o c\u00e1o th\u1eed nghi\u1ec7m.<\/td>\n<\/tr>\n<\/tbody>\n<\/table>\n<p><strong>Ng\u00f4n ng\u1eef c\u00f3 s\u1eb5n:<\/strong>[wpml_language_selector_widget]<\/p>\n<p><a class=\"single_add_to_cart_button button alt\" href=\"https:\/\/zunzz.com\/vi\/contact-store\/\" target=\"_blank\" rel=\"noopener noreferrer\">H\u1eceI NGAY<\/a><\/p>\n<\/div>\n","protected":false},"featured_media":2622,"comment_status":"open","ping_status":"closed","template":"","meta":[],"product_brand":[],"product_cat":[218],"product_tag":[336,337],"class_list":{"0":"post-2621","1":"product","2":"type-product","3":"status-publish","4":"has-post-thumbnail","6":"product_cat-tensile-test-machine","7":"product_tag-tensile-test-machine","8":"product_tag-hydraulic-tensile-test-machine","10":"first","11":"instock","12":"taxable","13":"shipping-taxable","14":"product-type-simple"},"yoast_head":"<!-- This site is optimized with the Yoast SEO plugin v26.8 - https:\/\/yoast.com\/product\/yoast-seo-wordpress\/ -->\n<title>M\u00e1y ki\u1ec3m tra \u0111\u1ed9 b\u1ec1n k\u00e9o th\u1ee7y l\u1ef1c<\/title>\n<meta name=\"description\" content=\"M\u00e1y ki\u1ec3m tra \u0111\u1ed9 b\u1ec1n k\u00e9o th\u1ee7y l\u1ef1c ki\u1ec3m tra d\u00e2y c\u00e1p, d\u00e2y c\u00e1p treo, d\u00e2y v\u1ea3i, m\u00f3c, d\u00e2y x\u00edch. H\u1ea1ng m\u1ee5c ki\u1ec3m tra: ki\u1ec3m tra \u0111\u1ed9 b\u1ec1n k\u00e9o\/th\u1eed t\u1ea3i t\u0129nh\/th\u1eed \u0111\u1ee9t\" \/>\n<meta name=\"robots\" content=\"index, follow, max-snippet:-1, max-image-preview:large, max-video-preview:-1\" \/>\n<link rel=\"canonical\" href=\"https:\/\/zunzz.com\/vi\/product\/hydraulic-tensile-testing-machine\/\" \/>\n<meta property=\"og:locale\" content=\"vi_VN\" \/>\n<meta property=\"og:type\" content=\"article\" \/>\n<meta property=\"og:title\" content=\"M\u00e1y ki\u1ec3m tra \u0111\u1ed9 b\u1ec1n k\u00e9o th\u1ee7y l\u1ef1c\" \/>\n<meta property=\"og:description\" content=\"M\u00e1y ki\u1ec3m tra \u0111\u1ed9 b\u1ec1n k\u00e9o th\u1ee7y l\u1ef1c ki\u1ec3m tra d\u00e2y c\u00e1p, d\u00e2y c\u00e1p treo, d\u00e2y v\u1ea3i, m\u00f3c, d\u00e2y x\u00edch. H\u1ea1ng m\u1ee5c ki\u1ec3m tra: ki\u1ec3m tra \u0111\u1ed9 b\u1ec1n k\u00e9o\/th\u1eed t\u1ea3i t\u0129nh\/th\u1eed \u0111\u1ee9t\" \/>\n<meta property=\"og:url\" content=\"https:\/\/zunzz.com\/vi\/product\/hydraulic-tensile-testing-machine\/\" \/>\n<meta property=\"og:site_name\" content=\"Zunzz Wire Rope Sling Machine Company\" \/>\n<meta property=\"article:modified_time\" content=\"2025-05-21T01:05:05+00:00\" \/>\n<meta property=\"og:image\" content=\"https:\/\/zunzz.com\/wp-content\/uploads\/2023\/09\/Hydraulic-Tensile-Testing-Machine-1.webp\" \/>\n\t<meta property=\"og:image:width\" content=\"988\" \/>\n\t<meta property=\"og:image:height\" content=\"988\" \/>\n\t<meta property=\"og:image:type\" content=\"image\/webp\" \/>\n<meta name=\"twitter:card\" content=\"summary_large_image\" \/>\n<meta name=\"twitter:label1\" content=\"Est. reading time\" \/>\n\t<meta name=\"twitter:data1\" content=\"5 minutes\" \/>\n<script type=\"application\/ld+json\" class=\"yoast-schema-graph\">{\"@context\":\"https:\/\/schema.org\",\"@graph\":[{\"@type\":\"WebPage\",\"@id\":\"https:\/\/zunzz.com\/vi\/product\/hydraulic-tensile-testing-machine\/\",\"url\":\"https:\/\/zunzz.com\/vi\/product\/hydraulic-tensile-testing-machine\/\",\"name\":\"M\u00e1y ki\u1ec3m tra \u0111\u1ed9 b\u1ec1n k\u00e9o th\u1ee7y l\u1ef1c\",\"isPartOf\":{\"@id\":\"https:\/\/zunzz.com\/vi\/#website\"},\"primaryImageOfPage\":{\"@id\":\"https:\/\/zunzz.com\/vi\/product\/hydraulic-tensile-testing-machine\/#primaryimage\"},\"image\":{\"@id\":\"https:\/\/zunzz.com\/vi\/product\/hydraulic-tensile-testing-machine\/#primaryimage\"},\"thumbnailUrl\":\"https:\/\/zunzz.com\/wp-content\/uploads\/2023\/09\/Hydraulic-Tensile-Testing-Machine-1.webp\",\"datePublished\":\"2023-09-22T02:36:31+00:00\",\"dateModified\":\"2025-05-21T01:05:05+00:00\",\"description\":\"M\u00e1y ki\u1ec3m tra \u0111\u1ed9 b\u1ec1n k\u00e9o th\u1ee7y l\u1ef1c ki\u1ec3m tra d\u00e2y c\u00e1p, d\u00e2y c\u00e1p treo, d\u00e2y v\u1ea3i, m\u00f3c, d\u00e2y x\u00edch. H\u1ea1ng m\u1ee5c ki\u1ec3m tra: ki\u1ec3m tra \u0111\u1ed9 b\u1ec1n k\u00e9o\/th\u1eed t\u1ea3i t\u0129nh\/th\u1eed \u0111\u1ee9t\",\"breadcrumb\":{\"@id\":\"https:\/\/zunzz.com\/vi\/product\/hydraulic-tensile-testing-machine\/#breadcrumb\"},\"inLanguage\":\"vi-VN\",\"potentialAction\":[{\"@type\":\"ReadAction\",\"target\":[\"https:\/\/zunzz.com\/vi\/product\/hydraulic-tensile-testing-machine\/\"]}]},{\"@type\":\"ImageObject\",\"inLanguage\":\"vi-VN\",\"@id\":\"https:\/\/zunzz.com\/vi\/product\/hydraulic-tensile-testing-machine\/#primaryimage\",\"url\":\"https:\/\/zunzz.com\/wp-content\/uploads\/2023\/09\/Hydraulic-Tensile-Testing-Machine-1.webp\",\"contentUrl\":\"https:\/\/zunzz.com\/wp-content\/uploads\/2023\/09\/Hydraulic-Tensile-Testing-Machine-1.webp\",\"width\":988,\"height\":988,\"caption\":\"Hydraulic-Tensile-Testing-Machine\"},{\"@type\":\"BreadcrumbList\",\"@id\":\"https:\/\/zunzz.com\/vi\/product\/hydraulic-tensile-testing-machine\/#breadcrumb\",\"itemListElement\":[{\"@type\":\"ListItem\",\"position\":1,\"name\":\"Home\",\"item\":\"https:\/\/zunzz.com\/vi\/home\/\"},{\"@type\":\"ListItem\",\"position\":2,\"name\":\"Shop\",\"item\":\"https:\/\/zunzz.com\/bg\/shop\/\"},{\"@type\":\"ListItem\",\"position\":3,\"name\":\"M\u00e1y ki\u1ec3m tra \u0111\u1ed9 b\u1ec1n k\u00e9o th\u1ee7y l\u1ef1c 200T\"}]},{\"@type\":\"WebSite\",\"@id\":\"https:\/\/zunzz.com\/vi\/#website\",\"url\":\"https:\/\/zunzz.com\/vi\/\",\"name\":\"Zunzz Wire Rope Sling Machine Company\",\"description\":\"Zunzz Wire Rope Sling Machine Company is a leading manufacturer of wire rope sling machines and related products.\",\"publisher\":{\"@id\":\"https:\/\/zunzz.com\/vi\/#organization\"},\"potentialAction\":[{\"@type\":\"SearchAction\",\"target\":{\"@type\":\"EntryPoint\",\"urlTemplate\":\"https:\/\/zunzz.com\/vi\/?s={search_term_string}\"},\"query-input\":{\"@type\":\"PropertyValueSpecification\",\"valueRequired\":true,\"valueName\":\"search_term_string\"}}],\"inLanguage\":\"vi-VN\"},{\"@type\":\"Organization\",\"@id\":\"https:\/\/zunzz.com\/vi\/#organization\",\"name\":\"Zunzz Wire Rope Sling Machine Company\",\"url\":\"https:\/\/zunzz.com\/vi\/\",\"logo\":{\"@type\":\"ImageObject\",\"inLanguage\":\"vi-VN\",\"@id\":\"https:\/\/zunzz.com\/vi\/#\/schema\/logo\/image\/\",\"url\":\"https:\/\/zunzz.com\/wp-content\/uploads\/2023\/09\/Logo.png\",\"contentUrl\":\"https:\/\/zunzz.com\/wp-content\/uploads\/2023\/09\/Logo.png\",\"width\":171,\"height\":133,\"caption\":\"Zunzz Wire Rope Sling Machine Company\"},\"image\":{\"@id\":\"https:\/\/zunzz.com\/vi\/#\/schema\/logo\/image\/\"}}]}<\/script>\n<!-- \/ Yoast SEO plugin. -->","yoast_head_json":{"title":"M\u00e1y ki\u1ec3m tra \u0111\u1ed9 b\u1ec1n k\u00e9o th\u1ee7y l\u1ef1c","description":"M\u00e1y ki\u1ec3m tra \u0111\u1ed9 b\u1ec1n k\u00e9o th\u1ee7y l\u1ef1c ki\u1ec3m tra d\u00e2y c\u00e1p, d\u00e2y c\u00e1p treo, d\u00e2y v\u1ea3i, m\u00f3c, d\u00e2y x\u00edch. H\u1ea1ng m\u1ee5c ki\u1ec3m tra: ki\u1ec3m tra \u0111\u1ed9 b\u1ec1n k\u00e9o\/th\u1eed t\u1ea3i t\u0129nh\/th\u1eed \u0111\u1ee9t","robots":{"index":"index","follow":"follow","max-snippet":"max-snippet:-1","max-image-preview":"max-image-preview:large","max-video-preview":"max-video-preview:-1"},"canonical":"https:\/\/zunzz.com\/vi\/product\/hydraulic-tensile-testing-machine\/","og_locale":"vi_VN","og_type":"article","og_title":"M\u00e1y ki\u1ec3m tra \u0111\u1ed9 b\u1ec1n k\u00e9o th\u1ee7y l\u1ef1c","og_description":"M\u00e1y ki\u1ec3m tra \u0111\u1ed9 b\u1ec1n k\u00e9o th\u1ee7y l\u1ef1c ki\u1ec3m tra d\u00e2y c\u00e1p, d\u00e2y c\u00e1p treo, d\u00e2y v\u1ea3i, m\u00f3c, d\u00e2y x\u00edch. H\u1ea1ng m\u1ee5c ki\u1ec3m tra: ki\u1ec3m tra \u0111\u1ed9 b\u1ec1n k\u00e9o\/th\u1eed t\u1ea3i t\u0129nh\/th\u1eed \u0111\u1ee9t","og_url":"https:\/\/zunzz.com\/vi\/product\/hydraulic-tensile-testing-machine\/","og_site_name":"Zunzz Wire Rope Sling Machine Company","article_modified_time":"2025-05-21T01:05:05+00:00","og_image":[{"width":988,"height":988,"url":"https:\/\/zunzz.com\/wp-content\/uploads\/2023\/09\/Hydraulic-Tensile-Testing-Machine-1.webp","type":"image\/webp"}],"twitter_card":"summary_large_image","twitter_misc":{"Est. reading time":"5 minutes"},"schema":{"@context":"https:\/\/schema.org","@graph":[{"@type":"WebPage","@id":"https:\/\/zunzz.com\/vi\/product\/hydraulic-tensile-testing-machine\/","url":"https:\/\/zunzz.com\/vi\/product\/hydraulic-tensile-testing-machine\/","name":"M\u00e1y ki\u1ec3m tra \u0111\u1ed9 b\u1ec1n k\u00e9o th\u1ee7y l\u1ef1c","isPartOf":{"@id":"https:\/\/zunzz.com\/vi\/#website"},"primaryImageOfPage":{"@id":"https:\/\/zunzz.com\/vi\/product\/hydraulic-tensile-testing-machine\/#primaryimage"},"image":{"@id":"https:\/\/zunzz.com\/vi\/product\/hydraulic-tensile-testing-machine\/#primaryimage"},"thumbnailUrl":"https:\/\/zunzz.com\/wp-content\/uploads\/2023\/09\/Hydraulic-Tensile-Testing-Machine-1.webp","datePublished":"2023-09-22T02:36:31+00:00","dateModified":"2025-05-21T01:05:05+00:00","description":"M\u00e1y ki\u1ec3m tra \u0111\u1ed9 b\u1ec1n k\u00e9o th\u1ee7y l\u1ef1c ki\u1ec3m tra d\u00e2y c\u00e1p, d\u00e2y c\u00e1p treo, d\u00e2y v\u1ea3i, m\u00f3c, d\u00e2y x\u00edch. H\u1ea1ng m\u1ee5c ki\u1ec3m tra: ki\u1ec3m tra \u0111\u1ed9 b\u1ec1n k\u00e9o\/th\u1eed t\u1ea3i t\u0129nh\/th\u1eed \u0111\u1ee9t","breadcrumb":{"@id":"https:\/\/zunzz.com\/vi\/product\/hydraulic-tensile-testing-machine\/#breadcrumb"},"inLanguage":"vi-VN","potentialAction":[{"@type":"ReadAction","target":["https:\/\/zunzz.com\/vi\/product\/hydraulic-tensile-testing-machine\/"]}]},{"@type":"ImageObject","inLanguage":"vi-VN","@id":"https:\/\/zunzz.com\/vi\/product\/hydraulic-tensile-testing-machine\/#primaryimage","url":"https:\/\/zunzz.com\/wp-content\/uploads\/2023\/09\/Hydraulic-Tensile-Testing-Machine-1.webp","contentUrl":"https:\/\/zunzz.com\/wp-content\/uploads\/2023\/09\/Hydraulic-Tensile-Testing-Machine-1.webp","width":988,"height":988,"caption":"Hydraulic-Tensile-Testing-Machine"},{"@type":"BreadcrumbList","@id":"https:\/\/zunzz.com\/vi\/product\/hydraulic-tensile-testing-machine\/#breadcrumb","itemListElement":[{"@type":"ListItem","position":1,"name":"Home","item":"https:\/\/zunzz.com\/vi\/home\/"},{"@type":"ListItem","position":2,"name":"Shop","item":"https:\/\/zunzz.com\/bg\/shop\/"},{"@type":"ListItem","position":3,"name":"M\u00e1y ki\u1ec3m tra \u0111\u1ed9 b\u1ec1n k\u00e9o th\u1ee7y l\u1ef1c 200T"}]},{"@type":"WebSite","@id":"https:\/\/zunzz.com\/vi\/#website","url":"https:\/\/zunzz.com\/vi\/","name":"Zunzz Wire Rope Sling Machine Company","description":"Zunzz Wire Rope Sling Machine Company is a leading manufacturer of wire rope sling machines and related products.","publisher":{"@id":"https:\/\/zunzz.com\/vi\/#organization"},"potentialAction":[{"@type":"SearchAction","target":{"@type":"EntryPoint","urlTemplate":"https:\/\/zunzz.com\/vi\/?s={search_term_string}"},"query-input":{"@type":"PropertyValueSpecification","valueRequired":true,"valueName":"search_term_string"}}],"inLanguage":"vi-VN"},{"@type":"Organization","@id":"https:\/\/zunzz.com\/vi\/#organization","name":"Zunzz Wire Rope Sling Machine Company","url":"https:\/\/zunzz.com\/vi\/","logo":{"@type":"ImageObject","inLanguage":"vi-VN","@id":"https:\/\/zunzz.com\/vi\/#\/schema\/logo\/image\/","url":"https:\/\/zunzz.com\/wp-content\/uploads\/2023\/09\/Logo.png","contentUrl":"https:\/\/zunzz.com\/wp-content\/uploads\/2023\/09\/Logo.png","width":171,"height":133,"caption":"Zunzz Wire Rope Sling Machine Company"},"image":{"@id":"https:\/\/zunzz.com\/vi\/#\/schema\/logo\/image\/"}}]}},"_links":{"self":[{"href":"https:\/\/zunzz.com\/vi\/wp-json\/wp\/v2\/product\/2621","targetHints":{"allow":["GET"]}}],"collection":[{"href":"https:\/\/zunzz.com\/vi\/wp-json\/wp\/v2\/product"}],"about":[{"href":"https:\/\/zunzz.com\/vi\/wp-json\/wp\/v2\/types\/product"}],"replies":[{"embeddable":true,"href":"https:\/\/zunzz.com\/vi\/wp-json\/wp\/v2\/comments?post=2621"}],"wp:featuredmedia":[{"embeddable":true,"href":"https:\/\/zunzz.com\/vi\/wp-json\/wp\/v2\/media\/2622"}],"wp:attachment":[{"href":"https:\/\/zunzz.com\/vi\/wp-json\/wp\/v2\/media?parent=2621"}],"wp:term":[{"taxonomy":"product_brand","embeddable":true,"href":"https:\/\/zunzz.com\/vi\/wp-json\/wp\/v2\/product_brand?post=2621"},{"taxonomy":"product_cat","embeddable":true,"href":"https:\/\/zunzz.com\/vi\/wp-json\/wp\/v2\/product_cat?post=2621"},{"taxonomy":"product_tag","embeddable":true,"href":"https:\/\/zunzz.com\/vi\/wp-json\/wp\/v2\/product_tag?post=2621"}],"curies":[{"name":"wp","href":"https:\/\/api.w.org\/{rel}","templated":true}]}}