{"id":2567,"date":"2023-09-22T02:45:05","date_gmt":"2023-09-22T02:45:05","guid":{"rendered":"https:\/\/zunzz.com\/product\/may-cuon-day-5t\/"},"modified":"2023-12-27T05:40:54","modified_gmt":"2023-12-27T05:40:54","slug":"wire-rope-coiling-machine","status":"publish","type":"product","link":"https:\/\/zunzz.com\/vi\/product\/wire-rope-coiling-machine\/","title":{"rendered":"M\u00e1y cu\u1ed9n d\u00e2y 5T"},"content":{"rendered":"<h3>1. M\u00e1y cu\u1ed9n d\u00e2y 5T<\/h3>\n<p>M\u00e1y cu\u1ed9n d\u00e2y c\u00e1p th\u01b0\u1eddng \u0111\u01b0\u1ee3c s\u1eed d\u1ee5ng v\u1edbi b\u00e0n xoay kh\u00f4ng c\u00f3 \u0111\u1ed9ng c\u01a1 v\u00e0 b\u1ed9 \u0111\u1ebfm chi\u1ec1u d\u00e0i. M\u00e1y n\u00e0y c\u00f3 kh\u1ea3 n\u0103ng ch\u1ecbu t\u1ea3i 5T. Ch\u00fang t\u00f4i c\u00f2n m\u00e1y c\u00f4ng su\u1ea5t 10T 15T.<\/p>\n<h3>2.Th\u00f4ng s\u1ed1 c\u1ee7a m\u00e1y cu\u1ed9n d\u00e2y 5T<\/h3>\n<div class=\"table-r\">\n<table width=\"100%\">\n<tbody>\n<tr>\n<td width=\"50%\">Mang t\u1ea3i t\u1ed1i \u0111a<\/td>\n<td width=\"50%\">5T<\/td>\n<\/tr>\n<tr>\n<td width=\"50%\">Chi\u1ec1u cao<\/td>\n<td width=\"50%\">1000mm<\/td>\n<\/tr>\n<tr>\n<td width=\"50%\">Chi\u1ec1u d\u00e0i<\/td>\n<td width=\"50%\">1150mm<\/td>\n<\/tr>\n<tr>\n<td width=\"50%\">\u0110\u01b0\u1eddng k\u00ednh hi\u1ec7u d\u1ee5ng<\/td>\n<td width=\"50%\">1200mm<\/td>\n<\/tr>\n<tr>\n<td width=\"50%\">T\u1ed1i \u0111a. \u0110\u01b0\u1eddng k\u00ednh<\/td>\n<td width=\"50%\">1500mm<\/td>\n<\/tr>\n<tr>\n<td width=\"50%\">Quy\u1ec1n l\u1ef1c<\/td>\n<td width=\"50%\">1,5Kw<\/td>\n<\/tr>\n<tr>\n<td width=\"50%\">C\u00e2n n\u1eb7ng<\/td>\n<td width=\"50%\">550Kg<\/td>\n<\/tr>\n<tr>\n<td width=\"50%\">\u0110i\u1ec1u ch\u1ec9nh t\u1ed1c \u0111\u1ed9<\/td>\n<td width=\"50%\">C\u00f3 s\u1eb5n<\/td>\n<\/tr>\n<tr>\n<td width=\"50%\">T\u1ed1c \u0111\u1ed9 quay t\u1ed1i thi\u1ec3u<\/td>\n<td width=\"50%\">5 r\/ph\u00fat<\/td>\n<\/tr>\n<tr>\n<td width=\"50%\">T\u1ed1c \u0111\u1ed9 quay t\u1ed1i \u0111a<\/td>\n<td width=\"50%\">23 r\/ph\u00fat<\/td>\n<\/tr>\n<tr>\n<td width=\"50%\">\u0110i\u1ec7n \u00e1p v\u00e0 t\u1ea7n s\u1ed1<\/td>\n<td width=\"50%\">Theo y\u00eau c\u1ea7u<\/td>\n<\/tr>\n<\/tbody>\n<\/table>\n<p>&nbsp;<\/p>\n<\/div>\n<p><iframe title=\"wire rope coiling machine\" width=\"1060\" height=\"596\" src=\"https:\/\/www.youtube.com\/embed\/vu4QzkZTDEo?feature=oembed\" frameborder=\"0\" allow=\"accelerometer; autoplay; clipboard-write; encrypted-media; gyroscope; picture-in-picture; web-share\" allowfullscreen><\/iframe><\/p>\n<h3>3. \u01afu \u0111i\u1ec3m c\u1ee7a m\u00e1y cu\u1ed9n<\/h3>\n<p>M\u00e1y cu\u1ed1n c\u00e1p t\u1ef1 \u0111\u1ed9ng c\u00f3 nhi\u1ec1u \u01b0u \u0111i\u1ec3m. Th\u1ee9 nh\u1ea5t, n\u00f3 c\u00f3 th\u1ec3 l\u00e0m gi\u1ea3m \u0111\u00e1ng k\u1ec3 c\u01b0\u1eddng \u0111\u1ed9 lao \u0111\u1ed9ng c\u1ee7a vi\u1ec7c l\u01b0u tr\u1eef c\u00e1p th\u1ee7 c\u00f4ng v\u00e0 n\u00e2ng cao hi\u1ec7u qu\u1ea3 c\u00f4ng vi\u1ec7c. Th\u1ee9 hai, n\u00f3 c\u00f3 th\u1ec3 \u0111\u1ea3m b\u1ea3o ch\u1ea5t l\u01b0\u1ee3ng l\u01b0u tr\u1eef v\u00e0 tu\u1ed5i th\u1ecd c\u1ee7a c\u00e1p, tr\u00e1nh h\u01b0 h\u1ecfng ho\u1eb7c \u00f4 nhi\u1ec5m cho c\u00e1p. Ngo\u00e0i ra, n\u00f3 c\u0169ng c\u00f3 th\u1ec3 gi\u1ea3i ph\u00f3ng v\u00e0 t\u00e1i ch\u1ebf c\u00e1p nhanh ch\u00f3ng, gi\u00fap ng\u01b0\u1eddi d\u00f9ng s\u1eed d\u1ee5ng v\u00e0 v\u1eadn h\u00e0nh thu\u1eadn ti\u1ec7n.<\/p>\n<p>N\u00f3i t\u00f3m l\u1ea1i, m\u00e1y r\u00fat c\u00e1p t\u1ef1 \u0111\u1ed9ng l\u00e0 m\u1ed9t thi\u1ebft b\u1ecb r\u1ea5t thi\u1ebft th\u1ef1c c\u00f3 th\u1ec3 \u0111\u01b0\u1ee3c s\u1eed d\u1ee5ng r\u1ed9ng r\u00e3i trong nhi\u1ec1u t\u00ecnh hu\u1ed1ng c\u1ea7n l\u01b0u tr\u1eef v\u00e0 qu\u1ea3n l\u00fd c\u00e1p. V\u1edbi s\u1ef1 ti\u1ebfn b\u1ed9 kh\u00f4ng ng\u1eebng c\u1ee7a c\u00f4ng ngh\u1ec7 v\u00e0 nhu c\u1ea7u \u1ee9ng d\u1ee5ng ng\u00e0y c\u00e0ng cao, ch\u00fang t\u00f4i tin r\u1eb1ng hi\u1ec7u su\u1ea5t v\u00e0 ch\u1ea5t l\u01b0\u1ee3ng c\u1ee7a n\u00f3 c\u0169ng s\u1ebd li\u00ean t\u1ee5c \u0111\u01b0\u1ee3c c\u1ea3i thi\u1ec7n v\u00e0 n\u00e2ng cao.<\/p>\n<p><img fetchpriority=\"high\" decoding=\"async\" class=\"alignnone wp-image-388 size-full\" src=\"https:\/\/zunzz.com\/wp-content\/uploads\/2023\/09\/Wire-Rope-Coiling-Machine-5T-1.webp\" alt=\"M\u00e1y cu\u1ed9n d\u00e2y c\u00e1p 5T-1\" width=\"1000\" height=\"1000\" srcset=\"https:\/\/zunzz.com\/wp-content\/uploads\/2023\/09\/Wire-Rope-Coiling-Machine-5T-1.webp 1000w, https:\/\/zunzz.com\/wp-content\/uploads\/2023\/09\/Wire-Rope-Coiling-Machine-5T-1-300x300.webp 300w, https:\/\/zunzz.com\/wp-content\/uploads\/2023\/09\/Wire-Rope-Coiling-Machine-5T-1-150x150.webp 150w, https:\/\/zunzz.com\/wp-content\/uploads\/2023\/09\/Wire-Rope-Coiling-Machine-5T-1-768x768.webp 768w, https:\/\/zunzz.com\/wp-content\/uploads\/2023\/09\/Wire-Rope-Coiling-Machine-5T-1-570x570.webp 570w, https:\/\/zunzz.com\/wp-content\/uploads\/2023\/09\/Wire-Rope-Coiling-Machine-5T-1-500x500.webp 500w, https:\/\/zunzz.com\/wp-content\/uploads\/2023\/09\/Wire-Rope-Coiling-Machine-5T-1-700x700.webp 700w, https:\/\/zunzz.com\/wp-content\/uploads\/2023\/09\/Wire-Rope-Coiling-Machine-5T-1-650x650.webp 650w, https:\/\/zunzz.com\/wp-content\/uploads\/2023\/09\/Wire-Rope-Coiling-Machine-5T-1-600x600.webp 600w, https:\/\/zunzz.com\/wp-content\/uploads\/2023\/09\/Wire-Rope-Coiling-Machine-5T-1-100x100.webp 100w\" sizes=\"(max-width: 1000px) 100vw, 1000px\" \/> <img decoding=\"async\" class=\"alignnone wp-image-389 size-full\" src=\"https:\/\/zunzz.com\/wp-content\/uploads\/2023\/09\/Wire-Rope-Coiling-Machine-5T-2.webp\" alt=\"M\u00e1y cu\u1ed9n d\u00e2y c\u00e1p 5T-2\" width=\"1000\" height=\"750\" srcset=\"https:\/\/zunzz.com\/wp-content\/uploads\/2023\/09\/Wire-Rope-Coiling-Machine-5T-2.webp 1000w, https:\/\/zunzz.com\/wp-content\/uploads\/2023\/09\/Wire-Rope-Coiling-Machine-5T-2-300x225.webp 300w, https:\/\/zunzz.com\/wp-content\/uploads\/2023\/09\/Wire-Rope-Coiling-Machine-5T-2-768x576.webp 768w, https:\/\/zunzz.com\/wp-content\/uploads\/2023\/09\/Wire-Rope-Coiling-Machine-5T-2-800x600.webp 800w, https:\/\/zunzz.com\/wp-content\/uploads\/2023\/09\/Wire-Rope-Coiling-Machine-5T-2-700x525.webp 700w, https:\/\/zunzz.com\/wp-content\/uploads\/2023\/09\/Wire-Rope-Coiling-Machine-5T-2-600x450.webp 600w\" sizes=\"(max-width: 1000px) 100vw, 1000px\" \/> <img decoding=\"async\" class=\"alignnone wp-image-390 size-full\" src=\"https:\/\/zunzz.com\/wp-content\/uploads\/2023\/09\/Wire-Rope-Coiling-Machine-5T-3.webp\" alt=\"M\u00e1y cu\u1ed9n d\u00e2y c\u00e1p 5T-3\" width=\"1000\" height=\"998\" srcset=\"https:\/\/zunzz.com\/wp-content\/uploads\/2023\/09\/Wire-Rope-Coiling-Machine-5T-3.webp 1000w, https:\/\/zunzz.com\/wp-content\/uploads\/2023\/09\/Wire-Rope-Coiling-Machine-5T-3-300x300.webp 300w, https:\/\/zunzz.com\/wp-content\/uploads\/2023\/09\/Wire-Rope-Coiling-Machine-5T-3-150x150.webp 150w, https:\/\/zunzz.com\/wp-content\/uploads\/2023\/09\/Wire-Rope-Coiling-Machine-5T-3-768x766.webp 768w, https:\/\/zunzz.com\/wp-content\/uploads\/2023\/09\/Wire-Rope-Coiling-Machine-5T-3-570x570.webp 570w, https:\/\/zunzz.com\/wp-content\/uploads\/2023\/09\/Wire-Rope-Coiling-Machine-5T-3-500x500.webp 500w, https:\/\/zunzz.com\/wp-content\/uploads\/2023\/09\/Wire-Rope-Coiling-Machine-5T-3-700x699.webp 700w, https:\/\/zunzz.com\/wp-content\/uploads\/2023\/09\/Wire-Rope-Coiling-Machine-5T-3-650x650.webp 650w, https:\/\/zunzz.com\/wp-content\/uploads\/2023\/09\/Wire-Rope-Coiling-Machine-5T-3-600x599.webp 600w, https:\/\/zunzz.com\/wp-content\/uploads\/2023\/09\/Wire-Rope-Coiling-Machine-5T-3-100x100.webp 100w\" sizes=\"(max-width: 1000px) 100vw, 1000px\" \/><img loading=\"lazy\" decoding=\"async\" class=\"alignnone wp-image-2495 size-full\" src=\"https:\/\/zunzz.com\/wp-content\/uploads\/2023\/09\/Wire-Rope-Coiling-Machine-5T-4.webp\" alt=\"M\u00e1y cu\u1ed9n d\u00e2y c\u00e1p 5T-4\" width=\"1000\" height=\"1768\" srcset=\"https:\/\/zunzz.com\/wp-content\/uploads\/2023\/09\/Wire-Rope-Coiling-Machine-5T-4.webp 1000w, https:\/\/zunzz.com\/wp-content\/uploads\/2023\/09\/Wire-Rope-Coiling-Machine-5T-4-170x300.webp 170w, https:\/\/zunzz.com\/wp-content\/uploads\/2023\/09\/Wire-Rope-Coiling-Machine-5T-4-579x1024.webp 579w, https:\/\/zunzz.com\/wp-content\/uploads\/2023\/09\/Wire-Rope-Coiling-Machine-5T-4-768x1358.webp 768w, https:\/\/zunzz.com\/wp-content\/uploads\/2023\/09\/Wire-Rope-Coiling-Machine-5T-4-869x1536.webp 869w, https:\/\/zunzz.com\/wp-content\/uploads\/2023\/09\/Wire-Rope-Coiling-Machine-5T-4-700x1238.webp 700w, https:\/\/zunzz.com\/wp-content\/uploads\/2023\/09\/Wire-Rope-Coiling-Machine-5T-4-600x1061.webp 600w\" sizes=\"(max-width: 1000px) 100vw, 1000px\" \/> <img loading=\"lazy\" decoding=\"async\" class=\"alignnone wp-image-2510 size-full\" src=\"https:\/\/zunzz.com\/wp-content\/uploads\/2023\/09\/Wire-Rope-Coiling-Machine-5T-5.webp\" alt=\"M\u00e1y cu\u1ed9n d\u00e2y c\u00e1p 5T-5\" width=\"1000\" height=\"565\" srcset=\"https:\/\/zunzz.com\/wp-content\/uploads\/2023\/09\/Wire-Rope-Coiling-Machine-5T-5.webp 1000w, https:\/\/zunzz.com\/wp-content\/uploads\/2023\/09\/Wire-Rope-Coiling-Machine-5T-5-300x170.webp 300w, https:\/\/zunzz.com\/wp-content\/uploads\/2023\/09\/Wire-Rope-Coiling-Machine-5T-5-768x434.webp 768w, https:\/\/zunzz.com\/wp-content\/uploads\/2023\/09\/Wire-Rope-Coiling-Machine-5T-5-700x396.webp 700w, https:\/\/zunzz.com\/wp-content\/uploads\/2023\/09\/Wire-Rope-Coiling-Machine-5T-5-600x339.webp 600w\" sizes=\"(max-width: 1000px) 100vw, 1000px\" \/><\/p>\n","protected":false},"excerpt":{"rendered":"<p>Model: FS05<br \/>\nC\u00f4ng su\u1ea5t: 5T<br \/>\nT\u1ed1i \u0111a. \u0110\u01b0\u1eddng k\u00ednh: 1200mm<br \/>\nC\u00f4ng su\u1ea5t: 1,5KW<br \/>\nK\u00edch th\u01b0\u1edbc: 1200*1150*1100mm<br \/>\nTr\u1ecdng l\u01b0\u1ee3ng: 550kg<\/p>\n<p>Ng\u00f4n ng\u1eef c\u00f3 s\u1eb5n:[wpml_language_selector_widget]<\/p>\n<p><a href=\"https:\/\/zunzz.com\/vi\/contact-store\/\"><button class=\"single_add_to_cart_button button alt\" type=\"submit\">H\u1eceI NGAY<\/button><\/a><\/p>\n","protected":false},"featured_media":2568,"comment_status":"open","ping_status":"closed","template":"","meta":[],"product_brand":[],"product_cat":[220],"product_tag":[264],"class_list":{"0":"post-2567","1":"product","2":"type-product","3":"status-publish","4":"has-post-thumbnail","6":"product_cat-wire-rope-coiling-machine","7":"product_tag-wire-rope-coiling-machine","9":"first","10":"instock","11":"taxable","12":"shipping-taxable","13":"product-type-simple"},"yoast_head":"<!-- This site is optimized with the Yoast SEO plugin v26.8 - https:\/\/yoast.com\/product\/yoast-seo-wordpress\/ -->\n<title>M\u00e1y cu\u1ed9n d\u00e2y 5T<\/title>\n<meta name=\"description\" content=\"M\u00e1y cu\u1ed9n d\u00e2y c\u00e1p th\u01b0\u1eddng \u0111\u01b0\u1ee3c s\u1eed d\u1ee5ng v\u1edbi b\u00e0n xoay kh\u00f4ng c\u00f3 \u0111\u1ed9ng c\u01a1 v\u00e0 b\u1ed9 \u0111\u1ebfm chi\u1ec1u d\u00e0i. M\u00e1y n\u00e0y c\u00f3 kh\u1ea3 n\u0103ng ch\u1ecbu t\u1ea3i 5T.\" \/>\n<meta name=\"robots\" content=\"index, follow, max-snippet:-1, max-image-preview:large, max-video-preview:-1\" \/>\n<link rel=\"canonical\" href=\"https:\/\/zunzz.com\/vi\/product\/wire-rope-coiling-machine\/\" \/>\n<meta property=\"og:locale\" content=\"vi_VN\" \/>\n<meta property=\"og:type\" content=\"article\" \/>\n<meta property=\"og:title\" content=\"M\u00e1y cu\u1ed9n d\u00e2y 5T\" \/>\n<meta property=\"og:description\" content=\"M\u00e1y cu\u1ed9n d\u00e2y c\u00e1p th\u01b0\u1eddng \u0111\u01b0\u1ee3c s\u1eed d\u1ee5ng v\u1edbi b\u00e0n xoay kh\u00f4ng c\u00f3 \u0111\u1ed9ng c\u01a1 v\u00e0 b\u1ed9 \u0111\u1ebfm chi\u1ec1u d\u00e0i. M\u00e1y n\u00e0y c\u00f3 kh\u1ea3 n\u0103ng ch\u1ecbu t\u1ea3i 5T.\" \/>\n<meta property=\"og:url\" content=\"https:\/\/zunzz.com\/vi\/product\/wire-rope-coiling-machine\/\" \/>\n<meta property=\"og:site_name\" content=\"Zunzz Wire Rope Sling Machine Company\" \/>\n<meta property=\"article:modified_time\" content=\"2023-12-27T05:40:54+00:00\" \/>\n<meta property=\"og:image\" content=\"https:\/\/zunzz.com\/wp-content\/uploads\/2023\/09\/Wire-Rope-Coiling-Machine-5T-3.webp\" \/>\n\t<meta property=\"og:image:width\" content=\"1000\" \/>\n\t<meta property=\"og:image:height\" content=\"998\" \/>\n\t<meta property=\"og:image:type\" content=\"image\/webp\" \/>\n<meta name=\"twitter:card\" content=\"summary_large_image\" \/>\n<meta name=\"twitter:label1\" content=\"Est. reading time\" \/>\n\t<meta name=\"twitter:data1\" content=\"4 minutes\" \/>\n<script type=\"application\/ld+json\" class=\"yoast-schema-graph\">{\"@context\":\"https:\/\/schema.org\",\"@graph\":[{\"@type\":\"WebPage\",\"@id\":\"https:\/\/zunzz.com\/vi\/product\/wire-rope-coiling-machine\/\",\"url\":\"https:\/\/zunzz.com\/vi\/product\/wire-rope-coiling-machine\/\",\"name\":\"M\u00e1y cu\u1ed9n d\u00e2y 5T\",\"isPartOf\":{\"@id\":\"https:\/\/zunzz.com\/vi\/#website\"},\"primaryImageOfPage\":{\"@id\":\"https:\/\/zunzz.com\/vi\/product\/wire-rope-coiling-machine\/#primaryimage\"},\"image\":{\"@id\":\"https:\/\/zunzz.com\/vi\/product\/wire-rope-coiling-machine\/#primaryimage\"},\"thumbnailUrl\":\"https:\/\/zunzz.com\/wp-content\/uploads\/2023\/09\/Wire-Rope-Coiling-Machine-5T-3.webp\",\"datePublished\":\"2023-09-22T02:45:05+00:00\",\"dateModified\":\"2023-12-27T05:40:54+00:00\",\"description\":\"M\u00e1y cu\u1ed9n d\u00e2y c\u00e1p th\u01b0\u1eddng \u0111\u01b0\u1ee3c s\u1eed d\u1ee5ng v\u1edbi b\u00e0n xoay kh\u00f4ng c\u00f3 \u0111\u1ed9ng c\u01a1 v\u00e0 b\u1ed9 \u0111\u1ebfm chi\u1ec1u d\u00e0i. M\u00e1y n\u00e0y c\u00f3 kh\u1ea3 n\u0103ng ch\u1ecbu t\u1ea3i 5T.\",\"breadcrumb\":{\"@id\":\"https:\/\/zunzz.com\/vi\/product\/wire-rope-coiling-machine\/#breadcrumb\"},\"inLanguage\":\"vi-VN\",\"potentialAction\":[{\"@type\":\"ReadAction\",\"target\":[\"https:\/\/zunzz.com\/vi\/product\/wire-rope-coiling-machine\/\"]}]},{\"@type\":\"ImageObject\",\"inLanguage\":\"vi-VN\",\"@id\":\"https:\/\/zunzz.com\/vi\/product\/wire-rope-coiling-machine\/#primaryimage\",\"url\":\"https:\/\/zunzz.com\/wp-content\/uploads\/2023\/09\/Wire-Rope-Coiling-Machine-5T-3.webp\",\"contentUrl\":\"https:\/\/zunzz.com\/wp-content\/uploads\/2023\/09\/Wire-Rope-Coiling-Machine-5T-3.webp\",\"width\":1000,\"height\":998,\"caption\":\"Wire Rope Coiling Machine 5T\"},{\"@type\":\"BreadcrumbList\",\"@id\":\"https:\/\/zunzz.com\/vi\/product\/wire-rope-coiling-machine\/#breadcrumb\",\"itemListElement\":[{\"@type\":\"ListItem\",\"position\":1,\"name\":\"Home\",\"item\":\"https:\/\/zunzz.com\/vi\/home\/\"},{\"@type\":\"ListItem\",\"position\":2,\"name\":\"Shop\",\"item\":\"https:\/\/zunzz.com\/bg\/shop\/\"},{\"@type\":\"ListItem\",\"position\":3,\"name\":\"M\u00e1y cu\u1ed9n d\u00e2y 5T\"}]},{\"@type\":\"WebSite\",\"@id\":\"https:\/\/zunzz.com\/vi\/#website\",\"url\":\"https:\/\/zunzz.com\/vi\/\",\"name\":\"Zunzz Wire Rope Sling Machine Company\",\"description\":\"Zunzz Wire Rope Sling Machine Company is a leading manufacturer of wire rope sling machines and related products.\",\"publisher\":{\"@id\":\"https:\/\/zunzz.com\/vi\/#organization\"},\"potentialAction\":[{\"@type\":\"SearchAction\",\"target\":{\"@type\":\"EntryPoint\",\"urlTemplate\":\"https:\/\/zunzz.com\/vi\/?s={search_term_string}\"},\"query-input\":{\"@type\":\"PropertyValueSpecification\",\"valueRequired\":true,\"valueName\":\"search_term_string\"}}],\"inLanguage\":\"vi-VN\"},{\"@type\":\"Organization\",\"@id\":\"https:\/\/zunzz.com\/vi\/#organization\",\"name\":\"Zunzz Wire Rope Sling Machine Company\",\"url\":\"https:\/\/zunzz.com\/vi\/\",\"logo\":{\"@type\":\"ImageObject\",\"inLanguage\":\"vi-VN\",\"@id\":\"https:\/\/zunzz.com\/vi\/#\/schema\/logo\/image\/\",\"url\":\"https:\/\/zunzz.com\/wp-content\/uploads\/2023\/09\/Logo.png\",\"contentUrl\":\"https:\/\/zunzz.com\/wp-content\/uploads\/2023\/09\/Logo.png\",\"width\":171,\"height\":133,\"caption\":\"Zunzz Wire Rope Sling Machine Company\"},\"image\":{\"@id\":\"https:\/\/zunzz.com\/vi\/#\/schema\/logo\/image\/\"}}]}<\/script>\n<!-- \/ Yoast SEO plugin. -->","yoast_head_json":{"title":"M\u00e1y cu\u1ed9n d\u00e2y 5T","description":"M\u00e1y cu\u1ed9n d\u00e2y c\u00e1p th\u01b0\u1eddng \u0111\u01b0\u1ee3c s\u1eed d\u1ee5ng v\u1edbi b\u00e0n xoay kh\u00f4ng c\u00f3 \u0111\u1ed9ng c\u01a1 v\u00e0 b\u1ed9 \u0111\u1ebfm chi\u1ec1u d\u00e0i. M\u00e1y n\u00e0y c\u00f3 kh\u1ea3 n\u0103ng ch\u1ecbu t\u1ea3i 5T.","robots":{"index":"index","follow":"follow","max-snippet":"max-snippet:-1","max-image-preview":"max-image-preview:large","max-video-preview":"max-video-preview:-1"},"canonical":"https:\/\/zunzz.com\/vi\/product\/wire-rope-coiling-machine\/","og_locale":"vi_VN","og_type":"article","og_title":"M\u00e1y cu\u1ed9n d\u00e2y 5T","og_description":"M\u00e1y cu\u1ed9n d\u00e2y c\u00e1p th\u01b0\u1eddng \u0111\u01b0\u1ee3c s\u1eed d\u1ee5ng v\u1edbi b\u00e0n xoay kh\u00f4ng c\u00f3 \u0111\u1ed9ng c\u01a1 v\u00e0 b\u1ed9 \u0111\u1ebfm chi\u1ec1u d\u00e0i. M\u00e1y n\u00e0y c\u00f3 kh\u1ea3 n\u0103ng ch\u1ecbu t\u1ea3i 5T.","og_url":"https:\/\/zunzz.com\/vi\/product\/wire-rope-coiling-machine\/","og_site_name":"Zunzz Wire Rope Sling Machine Company","article_modified_time":"2023-12-27T05:40:54+00:00","og_image":[{"width":1000,"height":998,"url":"https:\/\/zunzz.com\/wp-content\/uploads\/2023\/09\/Wire-Rope-Coiling-Machine-5T-3.webp","type":"image\/webp"}],"twitter_card":"summary_large_image","twitter_misc":{"Est. reading time":"4 minutes"},"schema":{"@context":"https:\/\/schema.org","@graph":[{"@type":"WebPage","@id":"https:\/\/zunzz.com\/vi\/product\/wire-rope-coiling-machine\/","url":"https:\/\/zunzz.com\/vi\/product\/wire-rope-coiling-machine\/","name":"M\u00e1y cu\u1ed9n d\u00e2y 5T","isPartOf":{"@id":"https:\/\/zunzz.com\/vi\/#website"},"primaryImageOfPage":{"@id":"https:\/\/zunzz.com\/vi\/product\/wire-rope-coiling-machine\/#primaryimage"},"image":{"@id":"https:\/\/zunzz.com\/vi\/product\/wire-rope-coiling-machine\/#primaryimage"},"thumbnailUrl":"https:\/\/zunzz.com\/wp-content\/uploads\/2023\/09\/Wire-Rope-Coiling-Machine-5T-3.webp","datePublished":"2023-09-22T02:45:05+00:00","dateModified":"2023-12-27T05:40:54+00:00","description":"M\u00e1y cu\u1ed9n d\u00e2y c\u00e1p th\u01b0\u1eddng \u0111\u01b0\u1ee3c s\u1eed d\u1ee5ng v\u1edbi b\u00e0n xoay kh\u00f4ng c\u00f3 \u0111\u1ed9ng c\u01a1 v\u00e0 b\u1ed9 \u0111\u1ebfm chi\u1ec1u d\u00e0i. M\u00e1y n\u00e0y c\u00f3 kh\u1ea3 n\u0103ng ch\u1ecbu t\u1ea3i 5T.","breadcrumb":{"@id":"https:\/\/zunzz.com\/vi\/product\/wire-rope-coiling-machine\/#breadcrumb"},"inLanguage":"vi-VN","potentialAction":[{"@type":"ReadAction","target":["https:\/\/zunzz.com\/vi\/product\/wire-rope-coiling-machine\/"]}]},{"@type":"ImageObject","inLanguage":"vi-VN","@id":"https:\/\/zunzz.com\/vi\/product\/wire-rope-coiling-machine\/#primaryimage","url":"https:\/\/zunzz.com\/wp-content\/uploads\/2023\/09\/Wire-Rope-Coiling-Machine-5T-3.webp","contentUrl":"https:\/\/zunzz.com\/wp-content\/uploads\/2023\/09\/Wire-Rope-Coiling-Machine-5T-3.webp","width":1000,"height":998,"caption":"Wire Rope Coiling Machine 5T"},{"@type":"BreadcrumbList","@id":"https:\/\/zunzz.com\/vi\/product\/wire-rope-coiling-machine\/#breadcrumb","itemListElement":[{"@type":"ListItem","position":1,"name":"Home","item":"https:\/\/zunzz.com\/vi\/home\/"},{"@type":"ListItem","position":2,"name":"Shop","item":"https:\/\/zunzz.com\/bg\/shop\/"},{"@type":"ListItem","position":3,"name":"M\u00e1y cu\u1ed9n d\u00e2y 5T"}]},{"@type":"WebSite","@id":"https:\/\/zunzz.com\/vi\/#website","url":"https:\/\/zunzz.com\/vi\/","name":"Zunzz Wire Rope Sling Machine Company","description":"Zunzz Wire Rope Sling Machine Company is a leading manufacturer of wire rope sling machines and related products.","publisher":{"@id":"https:\/\/zunzz.com\/vi\/#organization"},"potentialAction":[{"@type":"SearchAction","target":{"@type":"EntryPoint","urlTemplate":"https:\/\/zunzz.com\/vi\/?s={search_term_string}"},"query-input":{"@type":"PropertyValueSpecification","valueRequired":true,"valueName":"search_term_string"}}],"inLanguage":"vi-VN"},{"@type":"Organization","@id":"https:\/\/zunzz.com\/vi\/#organization","name":"Zunzz Wire Rope Sling Machine Company","url":"https:\/\/zunzz.com\/vi\/","logo":{"@type":"ImageObject","inLanguage":"vi-VN","@id":"https:\/\/zunzz.com\/vi\/#\/schema\/logo\/image\/","url":"https:\/\/zunzz.com\/wp-content\/uploads\/2023\/09\/Logo.png","contentUrl":"https:\/\/zunzz.com\/wp-content\/uploads\/2023\/09\/Logo.png","width":171,"height":133,"caption":"Zunzz Wire Rope Sling Machine Company"},"image":{"@id":"https:\/\/zunzz.com\/vi\/#\/schema\/logo\/image\/"}}]}},"_links":{"self":[{"href":"https:\/\/zunzz.com\/vi\/wp-json\/wp\/v2\/product\/2567","targetHints":{"allow":["GET"]}}],"collection":[{"href":"https:\/\/zunzz.com\/vi\/wp-json\/wp\/v2\/product"}],"about":[{"href":"https:\/\/zunzz.com\/vi\/wp-json\/wp\/v2\/types\/product"}],"replies":[{"embeddable":true,"href":"https:\/\/zunzz.com\/vi\/wp-json\/wp\/v2\/comments?post=2567"}],"wp:featuredmedia":[{"embeddable":true,"href":"https:\/\/zunzz.com\/vi\/wp-json\/wp\/v2\/media\/2568"}],"wp:attachment":[{"href":"https:\/\/zunzz.com\/vi\/wp-json\/wp\/v2\/media?parent=2567"}],"wp:term":[{"taxonomy":"product_brand","embeddable":true,"href":"https:\/\/zunzz.com\/vi\/wp-json\/wp\/v2\/product_brand?post=2567"},{"taxonomy":"product_cat","embeddable":true,"href":"https:\/\/zunzz.com\/vi\/wp-json\/wp\/v2\/product_cat?post=2567"},{"taxonomy":"product_tag","embeddable":true,"href":"https:\/\/zunzz.com\/vi\/wp-json\/wp\/v2\/product_tag?post=2567"}],"curies":[{"name":"wp","href":"https:\/\/api.w.org\/{rel}","templated":true}]}}