{"id":2491,"date":"2023-09-22T02:53:44","date_gmt":"2023-09-22T02:53:44","guid":{"rendered":"https:\/\/zunzz.com\/product\/may-ep-day-cap-3000t\/"},"modified":"2023-12-25T13:02:46","modified_gmt":"2023-12-25T13:02:46","slug":"wire-rope-swaging-press","status":"publish","type":"product","link":"https:\/\/zunzz.com\/vi\/product\/wire-rope-swaging-press\/","title":{"rendered":"M\u00e1y \u00e9p d\u00e2y c\u00e1p 3000T"},"content":{"rendered":"<h3>1. Gi\u1edbi thi\u1ec7u M\u00e1y \u00e9p d\u00e2y c\u00e1p 3000T<\/h3>\n<p>M\u00e1y \u00e9p qu\u1ea5n d\u00e2y c\u00e1p n\u00e0y d\u00e0nh cho d\u00e2y c\u00e1p t\u1eeb 22mm \u0111\u1ebfn 105mm. V\u1edbi khu\u00f4n kh\u1ed1i d\u00e0nh cho khu\u00f4n tr\u00f2n. Khu\u00f4n c\u00f3 th\u1ec3 l\u00e0m cho \u1ed1ng b\u1ecdc nh\u00f4m, S-505, \u1ed5 c\u1eafm theo y\u00eau c\u1ea7u.<\/p>\n<p>\u0110i\u1ec7n \u00e1p s\u1ebd \u0111\u01b0\u1ee3c th\u1ef1c hi\u1ec7n theo y\u00eau c\u1ea7u.<\/p>\n<p>C\u00f3 khu\u00f4n vu\u00f4ng v\u00e0 khu\u00f4n tr\u00f2n cho b\u1ea1n l\u1ef1a ch\u1ecdn.<\/p>\n<h3>2. Th\u00f4ng s\u1ed1 k\u1ef9 thu\u1eadt<\/h3>\n<div class=\"table-r\">\n<table width=\"100%\">\n<tbody>\n<tr>\n<td width=\"50%\">T\u1ed1i \u0111a. m\u1ed9t \u0111\u01b0\u1eddng k\u00ednh Swaging<\/td>\n<td width=\"50%\">32mm-105mm<\/td>\n<\/tr>\n<tr>\n<td width=\"50%\">Cung c\u1ea5p khu\u00f4n<\/td>\n<td width=\"50%\">22-65mm mi\u1ec5n ph\u00ed, 65-110mm ch\u1ecdn 4 b\u1ed9 mi\u1ec5n ph\u00ed<\/td>\n<\/tr>\n<tr>\n<td width=\"50%\">T\u1ed1i \u0111a. \u00e1p su\u1ea5t d\u1ea7u n\u1ea1p<\/td>\n<td width=\"50%\">76Mpa<\/td>\n<\/tr>\n<tr>\n<td width=\"50%\">Ki\u1ec3m so\u00e1t \u00e1p su\u1ea5t d\u1ea7u<\/td>\n<td width=\"50%\">12Mpa<\/td>\n<\/tr>\n<tr>\n<td width=\"50%\">T\u1ed1i \u0111a. Chuy\u1ec3n \u0111\u1ed9ng c\u1ee7a p\u00edt-t\u00f4ng<\/td>\n<td width=\"50%\">240mm<\/td>\n<\/tr>\n<tr>\n<td width=\"50%\">Phong tr\u00e0o Piston l\u00e0m vi\u1ec7c<\/td>\n<td width=\"50%\">270mm<\/td>\n<\/tr>\n<tr>\n<td width=\"50%\">T\u1ed1c \u0111\u1ed9 l\u00ean c\u1ee7a piston<\/td>\n<td width=\"50%\">5mm\/gi\u00e2y<\/td>\n<\/tr>\n<tr>\n<td width=\"50%\">T\u1ed1c \u0111\u1ed9 t\u1ea3i c\u1ee7a piston<\/td>\n<td width=\"50%\">2mm\/gi\u00e2y<\/td>\n<\/tr>\n<tr>\n<td width=\"50%\">T\u1ed1c \u0111\u1ed9 \u0111i xu\u1ed1ng c\u1ee7a piston<\/td>\n<td width=\"50%\">9,8 mm\/gi\u00e2y<\/td>\n<\/tr>\n<\/tbody>\n<\/table>\n<\/div>\n<p>&nbsp;<\/p>\n<p><img fetchpriority=\"high\" decoding=\"async\" class=\"alignnone wp-image-393 size-full\" src=\"https:\/\/zunzz.com\/wp-content\/uploads\/2023\/09\/Wire-Rope-Swaging-Press-3000T-1.webp\" alt=\"M\u00e1y \u00e9p d\u00e2y c\u00e1p 3000T-1\" width=\"1000\" height=\"1000\" srcset=\"https:\/\/zunzz.com\/wp-content\/uploads\/2023\/09\/Wire-Rope-Swaging-Press-3000T-1.webp 1000w, https:\/\/zunzz.com\/wp-content\/uploads\/2023\/09\/Wire-Rope-Swaging-Press-3000T-1-300x300.webp 300w, https:\/\/zunzz.com\/wp-content\/uploads\/2023\/09\/Wire-Rope-Swaging-Press-3000T-1-150x150.webp 150w, https:\/\/zunzz.com\/wp-content\/uploads\/2023\/09\/Wire-Rope-Swaging-Press-3000T-1-768x768.webp 768w, https:\/\/zunzz.com\/wp-content\/uploads\/2023\/09\/Wire-Rope-Swaging-Press-3000T-1-570x570.webp 570w, https:\/\/zunzz.com\/wp-content\/uploads\/2023\/09\/Wire-Rope-Swaging-Press-3000T-1-500x500.webp 500w, https:\/\/zunzz.com\/wp-content\/uploads\/2023\/09\/Wire-Rope-Swaging-Press-3000T-1-700x700.webp 700w, https:\/\/zunzz.com\/wp-content\/uploads\/2023\/09\/Wire-Rope-Swaging-Press-3000T-1-650x650.webp 650w, https:\/\/zunzz.com\/wp-content\/uploads\/2023\/09\/Wire-Rope-Swaging-Press-3000T-1-600x600.webp 600w, https:\/\/zunzz.com\/wp-content\/uploads\/2023\/09\/Wire-Rope-Swaging-Press-3000T-1-100x100.webp 100w\" sizes=\"(max-width: 1000px) 100vw, 1000px\" \/> <img decoding=\"async\" class=\"alignnone wp-image-394 size-full\" src=\"https:\/\/zunzz.com\/wp-content\/uploads\/2023\/09\/Wire-Rope-Swaging-Press-3000T-2.webp\" alt=\"M\u00e1y \u00e9p d\u00e2y c\u00e1p 3000T-2\" width=\"1000\" height=\"1333\" srcset=\"https:\/\/zunzz.com\/wp-content\/uploads\/2023\/09\/Wire-Rope-Swaging-Press-3000T-2.webp 1000w, https:\/\/zunzz.com\/wp-content\/uploads\/2023\/09\/Wire-Rope-Swaging-Press-3000T-2-225x300.webp 225w, https:\/\/zunzz.com\/wp-content\/uploads\/2023\/09\/Wire-Rope-Swaging-Press-3000T-2-768x1024.webp 768w, https:\/\/zunzz.com\/wp-content\/uploads\/2023\/09\/Wire-Rope-Swaging-Press-3000T-2-600x800.webp 600w, https:\/\/zunzz.com\/wp-content\/uploads\/2023\/09\/Wire-Rope-Swaging-Press-3000T-2-700x933.webp 700w\" sizes=\"(max-width: 1000px) 100vw, 1000px\" \/> <img decoding=\"async\" class=\"alignnone wp-image-395 size-full\" src=\"https:\/\/zunzz.com\/wp-content\/uploads\/2023\/09\/Wire-Rope-Swaging-Press-3000T-3.webp\" alt=\"M\u00e1y \u00e9p d\u00e2y c\u00e1p 3000T-3\" width=\"1000\" height=\"1333\" srcset=\"https:\/\/zunzz.com\/wp-content\/uploads\/2023\/09\/Wire-Rope-Swaging-Press-3000T-3.webp 1000w, https:\/\/zunzz.com\/wp-content\/uploads\/2023\/09\/Wire-Rope-Swaging-Press-3000T-3-225x300.webp 225w, https:\/\/zunzz.com\/wp-content\/uploads\/2023\/09\/Wire-Rope-Swaging-Press-3000T-3-768x1024.webp 768w, https:\/\/zunzz.com\/wp-content\/uploads\/2023\/09\/Wire-Rope-Swaging-Press-3000T-3-600x800.webp 600w, https:\/\/zunzz.com\/wp-content\/uploads\/2023\/09\/Wire-Rope-Swaging-Press-3000T-3-700x933.webp 700w\" sizes=\"(max-width: 1000px) 100vw, 1000px\" \/><\/p>\n<h3>3. V\u1ec1 c\u00f4ng ty ch\u00fang t\u00f4i<\/h3>\n<p>Ch\u00fang t\u00f4i c\u00f3 \u0111\u1ed9i ng\u0169 k\u1ef9 s\u01b0 v\u00e0 chuy\u00ean gia gi\u00e0u kinh nghi\u1ec7m, c\u00f3 th\u1ec3 cung c\u1ea5p h\u1ed7 tr\u1ee3 k\u1ef9 thu\u1eadt v\u00e0 gi\u1ea3i ph\u00e1p to\u00e0n di\u1ec7n cho ng\u01b0\u1eddi d\u00f9ng. Cho d\u00f9 b\u1ea1n c\u1ea7n lo\u1ea1i m\u00e1y x\u1eed l\u00fd d\u00e2y c\u00e1p v\u00e0 d\u1ecbch v\u1ee5 n\u00e0o, ch\u00fang t\u00f4i \u0111\u1ec1u c\u00f3 th\u1ec3 cung c\u1ea5p cho b\u1ea1n c\u00e1c gi\u1ea3i ph\u00e1p th\u1ecfa \u0111\u00e1ng.<\/p>\n<p>N\u1ebfu b\u1ea1n quan t\u00e2m \u0111\u1ebfn s\u1ea3n ph\u1ea9m v\u00e0 d\u1ecbch v\u1ee5 c\u1ee7a ch\u00fang t\u00f4i ho\u1eb7c mu\u1ed1n t\u00ecm hi\u1ec3u th\u00eam v\u1ec1 ng\u00e0nh gia c\u00f4ng d\u00e2y th\u00e9p, vui l\u00f2ng truy c\u1eadp trang web c\u1ee7a ch\u00fang t\u00f4i ho\u1eb7c li\u00ean h\u1ec7 tr\u1ef1c ti\u1ebfp v\u1edbi ch\u00fang t\u00f4i. Ch\u00fang t\u00f4i s\u1ebd h\u1ebft l\u00f2ng ph\u1ee5c v\u1ee5 b\u1ea1n! Ch\u00fang t\u00f4i s\u1ebd ti\u1ebfp t\u1ee5c cam k\u1ebft \u0111\u1ed5i m\u1edbi c\u00f4ng ngh\u1ec7 v\u00e0 ph\u00e1t tri\u1ec3n s\u1ea3n ph\u1ea9m, cung c\u1ea5p cho b\u1ea1n c\u00e1c m\u00e1y v\u00e0 d\u1ecbch v\u1ee5 x\u1eed l\u00fd d\u00e2y c\u00e1p hi\u1ec7u qu\u1ea3 v\u00e0 \u1ed5n \u0111\u1ecbnh h\u01a1n. Ch\u00fang ta h\u00e3y l\u00e0m vi\u1ec7c c\u00f9ng nhau \u0111\u1ec3 t\u1ea1o ra m\u1ed9t t\u01b0\u01a1ng lai t\u1ed1t h\u01a1n!<\/p>\n","protected":false},"excerpt":{"rendered":"<p>Model: YT3000<br \/>\nC\u00f4ng su\u1ea5t: 30000KN<br \/>\n\u0110\u01b0\u1eddng k\u00ednh \u00e9p: 105mm<br \/>\nC\u00f4ng su\u1ea5t: 7,5KW*2<br \/>\nK\u00edch th\u01b0\u1edbc: 2000*990*3400mm<br \/>\nTr\u1ecdng l\u01b0\u1ee3ng: 18000kg<\/p>\n<p>Ng\u00f4n ng\u1eef c\u00f3 s\u1eb5n:[wpml_language_selector_widget]<\/p>\n<p><a href=\"https:\/\/zunzz.com\/vi\/contact-store\/\"><button class=\"single_add_to_cart_button button alt\" type=\"submit\">H\u1eceI NGAY<\/button><\/a><\/p>\n","protected":false},"featured_media":2492,"comment_status":"open","ping_status":"closed","template":"","meta":[],"product_brand":[],"product_cat":[221],"product_tag":[275],"class_list":{"0":"post-2491","1":"product","2":"type-product","3":"status-publish","4":"has-post-thumbnail","6":"product_cat-wire-rope-swaging-machine","7":"product_tag-wire-rope-swaging-machine","9":"first","10":"instock","11":"taxable","12":"shipping-taxable","13":"product-type-simple"},"yoast_head":"<!-- This site is optimized with the Yoast SEO plugin v26.8 - https:\/\/yoast.com\/product\/yoast-seo-wordpress\/ -->\n<title>M\u00e1y \u00e9p d\u00e2y c\u00e1p<\/title>\n<meta name=\"description\" content=\"M\u00e1y \u00e9p qu\u1ea5n d\u00e2y c\u00e1p n\u00e0y d\u00e0nh cho d\u00e2y c\u00e1p t\u1eeb 22mm \u0111\u1ebfn 105mm. V\u1edbi khu\u00f4n kh\u1ed1i d\u00e0nh cho khu\u00f4n tr\u00f2n. Khu\u00f4n c\u00f3 th\u1ec3 \u0111\u01b0\u1ee3c th\u1ef1c hi\u1ec7n cho \u1ed1ng b\u1ecdc nh\u00f4m, S-505, \u1ed5 c\u1eafm\" \/>\n<meta name=\"robots\" content=\"index, follow, max-snippet:-1, max-image-preview:large, max-video-preview:-1\" \/>\n<link rel=\"canonical\" href=\"https:\/\/zunzz.com\/vi\/product\/wire-rope-swaging-press\/\" \/>\n<meta property=\"og:locale\" content=\"vi_VN\" \/>\n<meta property=\"og:type\" content=\"article\" \/>\n<meta property=\"og:title\" content=\"M\u00e1y \u00e9p d\u00e2y c\u00e1p\" \/>\n<meta property=\"og:description\" content=\"M\u00e1y \u00e9p qu\u1ea5n d\u00e2y c\u00e1p n\u00e0y d\u00e0nh cho d\u00e2y c\u00e1p t\u1eeb 22mm \u0111\u1ebfn 105mm. V\u1edbi khu\u00f4n kh\u1ed1i d\u00e0nh cho khu\u00f4n tr\u00f2n. Khu\u00f4n c\u00f3 th\u1ec3 \u0111\u01b0\u1ee3c th\u1ef1c hi\u1ec7n cho \u1ed1ng b\u1ecdc nh\u00f4m, S-505, \u1ed5 c\u1eafm\" \/>\n<meta property=\"og:url\" content=\"https:\/\/zunzz.com\/vi\/product\/wire-rope-swaging-press\/\" \/>\n<meta property=\"og:site_name\" content=\"Zunzz Wire Rope Sling Machine Company\" \/>\n<meta property=\"article:modified_time\" content=\"2023-12-25T13:02:46+00:00\" \/>\n<meta property=\"og:image\" content=\"https:\/\/zunzz.com\/wp-content\/uploads\/2023\/09\/Wire-Rope-Swaging-Press-3000T-1.webp\" \/>\n\t<meta property=\"og:image:width\" content=\"1000\" \/>\n\t<meta property=\"og:image:height\" content=\"1000\" \/>\n\t<meta property=\"og:image:type\" content=\"image\/webp\" \/>\n<meta name=\"twitter:card\" content=\"summary_large_image\" \/>\n<meta name=\"twitter:label1\" content=\"Est. reading time\" \/>\n\t<meta name=\"twitter:data1\" content=\"3 minutes\" \/>\n<script type=\"application\/ld+json\" class=\"yoast-schema-graph\">{\"@context\":\"https:\/\/schema.org\",\"@graph\":[{\"@type\":\"WebPage\",\"@id\":\"https:\/\/zunzz.com\/vi\/product\/wire-rope-swaging-press\/\",\"url\":\"https:\/\/zunzz.com\/vi\/product\/wire-rope-swaging-press\/\",\"name\":\"M\u00e1y \u00e9p d\u00e2y c\u00e1p\",\"isPartOf\":{\"@id\":\"https:\/\/zunzz.com\/vi\/#website\"},\"primaryImageOfPage\":{\"@id\":\"https:\/\/zunzz.com\/vi\/product\/wire-rope-swaging-press\/#primaryimage\"},\"image\":{\"@id\":\"https:\/\/zunzz.com\/vi\/product\/wire-rope-swaging-press\/#primaryimage\"},\"thumbnailUrl\":\"https:\/\/zunzz.com\/wp-content\/uploads\/2023\/09\/Wire-Rope-Swaging-Press-3000T-1.webp\",\"datePublished\":\"2023-09-22T02:53:44+00:00\",\"dateModified\":\"2023-12-25T13:02:46+00:00\",\"description\":\"M\u00e1y \u00e9p qu\u1ea5n d\u00e2y c\u00e1p n\u00e0y d\u00e0nh cho d\u00e2y c\u00e1p t\u1eeb 22mm \u0111\u1ebfn 105mm. V\u1edbi khu\u00f4n kh\u1ed1i d\u00e0nh cho khu\u00f4n tr\u00f2n. Khu\u00f4n c\u00f3 th\u1ec3 \u0111\u01b0\u1ee3c th\u1ef1c hi\u1ec7n cho \u1ed1ng b\u1ecdc nh\u00f4m, S-505, \u1ed5 c\u1eafm\",\"breadcrumb\":{\"@id\":\"https:\/\/zunzz.com\/vi\/product\/wire-rope-swaging-press\/#breadcrumb\"},\"inLanguage\":\"vi-VN\",\"potentialAction\":[{\"@type\":\"ReadAction\",\"target\":[\"https:\/\/zunzz.com\/vi\/product\/wire-rope-swaging-press\/\"]}]},{\"@type\":\"ImageObject\",\"inLanguage\":\"vi-VN\",\"@id\":\"https:\/\/zunzz.com\/vi\/product\/wire-rope-swaging-press\/#primaryimage\",\"url\":\"https:\/\/zunzz.com\/wp-content\/uploads\/2023\/09\/Wire-Rope-Swaging-Press-3000T-1.webp\",\"contentUrl\":\"https:\/\/zunzz.com\/wp-content\/uploads\/2023\/09\/Wire-Rope-Swaging-Press-3000T-1.webp\",\"width\":1000,\"height\":1000,\"caption\":\"Wire Rope Swaging Press 3000T\"},{\"@type\":\"BreadcrumbList\",\"@id\":\"https:\/\/zunzz.com\/vi\/product\/wire-rope-swaging-press\/#breadcrumb\",\"itemListElement\":[{\"@type\":\"ListItem\",\"position\":1,\"name\":\"Home\",\"item\":\"https:\/\/zunzz.com\/vi\/home\/\"},{\"@type\":\"ListItem\",\"position\":2,\"name\":\"Shop\",\"item\":\"https:\/\/zunzz.com\/bg\/shop\/\"},{\"@type\":\"ListItem\",\"position\":3,\"name\":\"M\u00e1y \u00e9p d\u00e2y c\u00e1p 3000T\"}]},{\"@type\":\"WebSite\",\"@id\":\"https:\/\/zunzz.com\/vi\/#website\",\"url\":\"https:\/\/zunzz.com\/vi\/\",\"name\":\"Zunzz Wire Rope Sling Machine Company\",\"description\":\"Zunzz Wire Rope Sling Machine Company is a leading manufacturer of wire rope sling machines and related products.\",\"publisher\":{\"@id\":\"https:\/\/zunzz.com\/vi\/#organization\"},\"potentialAction\":[{\"@type\":\"SearchAction\",\"target\":{\"@type\":\"EntryPoint\",\"urlTemplate\":\"https:\/\/zunzz.com\/vi\/?s={search_term_string}\"},\"query-input\":{\"@type\":\"PropertyValueSpecification\",\"valueRequired\":true,\"valueName\":\"search_term_string\"}}],\"inLanguage\":\"vi-VN\"},{\"@type\":\"Organization\",\"@id\":\"https:\/\/zunzz.com\/vi\/#organization\",\"name\":\"Zunzz Wire Rope Sling Machine Company\",\"url\":\"https:\/\/zunzz.com\/vi\/\",\"logo\":{\"@type\":\"ImageObject\",\"inLanguage\":\"vi-VN\",\"@id\":\"https:\/\/zunzz.com\/vi\/#\/schema\/logo\/image\/\",\"url\":\"https:\/\/zunzz.com\/wp-content\/uploads\/2023\/09\/Logo.png\",\"contentUrl\":\"https:\/\/zunzz.com\/wp-content\/uploads\/2023\/09\/Logo.png\",\"width\":171,\"height\":133,\"caption\":\"Zunzz Wire Rope Sling Machine Company\"},\"image\":{\"@id\":\"https:\/\/zunzz.com\/vi\/#\/schema\/logo\/image\/\"}}]}<\/script>\n<!-- \/ Yoast SEO plugin. -->","yoast_head_json":{"title":"M\u00e1y \u00e9p d\u00e2y c\u00e1p","description":"M\u00e1y \u00e9p qu\u1ea5n d\u00e2y c\u00e1p n\u00e0y d\u00e0nh cho d\u00e2y c\u00e1p t\u1eeb 22mm \u0111\u1ebfn 105mm. V\u1edbi khu\u00f4n kh\u1ed1i d\u00e0nh cho khu\u00f4n tr\u00f2n. Khu\u00f4n c\u00f3 th\u1ec3 \u0111\u01b0\u1ee3c th\u1ef1c hi\u1ec7n cho \u1ed1ng b\u1ecdc nh\u00f4m, S-505, \u1ed5 c\u1eafm","robots":{"index":"index","follow":"follow","max-snippet":"max-snippet:-1","max-image-preview":"max-image-preview:large","max-video-preview":"max-video-preview:-1"},"canonical":"https:\/\/zunzz.com\/vi\/product\/wire-rope-swaging-press\/","og_locale":"vi_VN","og_type":"article","og_title":"M\u00e1y \u00e9p d\u00e2y c\u00e1p","og_description":"M\u00e1y \u00e9p qu\u1ea5n d\u00e2y c\u00e1p n\u00e0y d\u00e0nh cho d\u00e2y c\u00e1p t\u1eeb 22mm \u0111\u1ebfn 105mm. V\u1edbi khu\u00f4n kh\u1ed1i d\u00e0nh cho khu\u00f4n tr\u00f2n. Khu\u00f4n c\u00f3 th\u1ec3 \u0111\u01b0\u1ee3c th\u1ef1c hi\u1ec7n cho \u1ed1ng b\u1ecdc nh\u00f4m, S-505, \u1ed5 c\u1eafm","og_url":"https:\/\/zunzz.com\/vi\/product\/wire-rope-swaging-press\/","og_site_name":"Zunzz Wire Rope Sling Machine Company","article_modified_time":"2023-12-25T13:02:46+00:00","og_image":[{"width":1000,"height":1000,"url":"https:\/\/zunzz.com\/wp-content\/uploads\/2023\/09\/Wire-Rope-Swaging-Press-3000T-1.webp","type":"image\/webp"}],"twitter_card":"summary_large_image","twitter_misc":{"Est. reading time":"3 minutes"},"schema":{"@context":"https:\/\/schema.org","@graph":[{"@type":"WebPage","@id":"https:\/\/zunzz.com\/vi\/product\/wire-rope-swaging-press\/","url":"https:\/\/zunzz.com\/vi\/product\/wire-rope-swaging-press\/","name":"M\u00e1y \u00e9p d\u00e2y c\u00e1p","isPartOf":{"@id":"https:\/\/zunzz.com\/vi\/#website"},"primaryImageOfPage":{"@id":"https:\/\/zunzz.com\/vi\/product\/wire-rope-swaging-press\/#primaryimage"},"image":{"@id":"https:\/\/zunzz.com\/vi\/product\/wire-rope-swaging-press\/#primaryimage"},"thumbnailUrl":"https:\/\/zunzz.com\/wp-content\/uploads\/2023\/09\/Wire-Rope-Swaging-Press-3000T-1.webp","datePublished":"2023-09-22T02:53:44+00:00","dateModified":"2023-12-25T13:02:46+00:00","description":"M\u00e1y \u00e9p qu\u1ea5n d\u00e2y c\u00e1p n\u00e0y d\u00e0nh cho d\u00e2y c\u00e1p t\u1eeb 22mm \u0111\u1ebfn 105mm. V\u1edbi khu\u00f4n kh\u1ed1i d\u00e0nh cho khu\u00f4n tr\u00f2n. Khu\u00f4n c\u00f3 th\u1ec3 \u0111\u01b0\u1ee3c th\u1ef1c hi\u1ec7n cho \u1ed1ng b\u1ecdc nh\u00f4m, S-505, \u1ed5 c\u1eafm","breadcrumb":{"@id":"https:\/\/zunzz.com\/vi\/product\/wire-rope-swaging-press\/#breadcrumb"},"inLanguage":"vi-VN","potentialAction":[{"@type":"ReadAction","target":["https:\/\/zunzz.com\/vi\/product\/wire-rope-swaging-press\/"]}]},{"@type":"ImageObject","inLanguage":"vi-VN","@id":"https:\/\/zunzz.com\/vi\/product\/wire-rope-swaging-press\/#primaryimage","url":"https:\/\/zunzz.com\/wp-content\/uploads\/2023\/09\/Wire-Rope-Swaging-Press-3000T-1.webp","contentUrl":"https:\/\/zunzz.com\/wp-content\/uploads\/2023\/09\/Wire-Rope-Swaging-Press-3000T-1.webp","width":1000,"height":1000,"caption":"Wire Rope Swaging Press 3000T"},{"@type":"BreadcrumbList","@id":"https:\/\/zunzz.com\/vi\/product\/wire-rope-swaging-press\/#breadcrumb","itemListElement":[{"@type":"ListItem","position":1,"name":"Home","item":"https:\/\/zunzz.com\/vi\/home\/"},{"@type":"ListItem","position":2,"name":"Shop","item":"https:\/\/zunzz.com\/bg\/shop\/"},{"@type":"ListItem","position":3,"name":"M\u00e1y \u00e9p d\u00e2y c\u00e1p 3000T"}]},{"@type":"WebSite","@id":"https:\/\/zunzz.com\/vi\/#website","url":"https:\/\/zunzz.com\/vi\/","name":"Zunzz Wire Rope Sling Machine Company","description":"Zunzz Wire Rope Sling Machine Company is a leading manufacturer of wire rope sling machines and related products.","publisher":{"@id":"https:\/\/zunzz.com\/vi\/#organization"},"potentialAction":[{"@type":"SearchAction","target":{"@type":"EntryPoint","urlTemplate":"https:\/\/zunzz.com\/vi\/?s={search_term_string}"},"query-input":{"@type":"PropertyValueSpecification","valueRequired":true,"valueName":"search_term_string"}}],"inLanguage":"vi-VN"},{"@type":"Organization","@id":"https:\/\/zunzz.com\/vi\/#organization","name":"Zunzz Wire Rope Sling Machine Company","url":"https:\/\/zunzz.com\/vi\/","logo":{"@type":"ImageObject","inLanguage":"vi-VN","@id":"https:\/\/zunzz.com\/vi\/#\/schema\/logo\/image\/","url":"https:\/\/zunzz.com\/wp-content\/uploads\/2023\/09\/Logo.png","contentUrl":"https:\/\/zunzz.com\/wp-content\/uploads\/2023\/09\/Logo.png","width":171,"height":133,"caption":"Zunzz Wire Rope Sling Machine Company"},"image":{"@id":"https:\/\/zunzz.com\/vi\/#\/schema\/logo\/image\/"}}]}},"_links":{"self":[{"href":"https:\/\/zunzz.com\/vi\/wp-json\/wp\/v2\/product\/2491","targetHints":{"allow":["GET"]}}],"collection":[{"href":"https:\/\/zunzz.com\/vi\/wp-json\/wp\/v2\/product"}],"about":[{"href":"https:\/\/zunzz.com\/vi\/wp-json\/wp\/v2\/types\/product"}],"replies":[{"embeddable":true,"href":"https:\/\/zunzz.com\/vi\/wp-json\/wp\/v2\/comments?post=2491"}],"wp:featuredmedia":[{"embeddable":true,"href":"https:\/\/zunzz.com\/vi\/wp-json\/wp\/v2\/media\/2492"}],"wp:attachment":[{"href":"https:\/\/zunzz.com\/vi\/wp-json\/wp\/v2\/media?parent=2491"}],"wp:term":[{"taxonomy":"product_brand","embeddable":true,"href":"https:\/\/zunzz.com\/vi\/wp-json\/wp\/v2\/product_brand?post=2491"},{"taxonomy":"product_cat","embeddable":true,"href":"https:\/\/zunzz.com\/vi\/wp-json\/wp\/v2\/product_cat?post=2491"},{"taxonomy":"product_tag","embeddable":true,"href":"https:\/\/zunzz.com\/vi\/wp-json\/wp\/v2\/product_tag?post=2491"}],"curies":[{"name":"wp","href":"https:\/\/api.w.org\/{rel}","templated":true}]}}