{"id":2333,"date":"2023-10-14T12:24:43","date_gmt":"2023-10-14T12:24:43","guid":{"rendered":"https:\/\/zunzz.com\/product\/may-cat-day-cap\/"},"modified":"2023-12-16T13:01:02","modified_gmt":"2023-12-16T13:01:02","slug":"wire-rope-cutting-machine","status":"publish","type":"product","link":"https:\/\/zunzz.com\/vi\/product\/wire-rope-cutting-machine\/","title":{"rendered":"M\u00e1y c\u1eaft d\u00e2y c\u00e1p"},"content":{"rendered":"<h3>1. M\u00e1y c\u1eaft d\u00e2y c\u00e1p<\/h3>\n<p>M\u00e1y c\u1eaft d\u00e2y c\u00e1p ch\u1ee7 y\u1ebfu bao g\u1ed3m ngu\u1ed3n \u0111i\u1ec7n (b\u01a1m \u0111i\u1ec7n ho\u1eb7c b\u01a1m th\u1ee7 c\u00f4ng), xi lanh d\u1ea7u l\u00e0m vi\u1ec7c, ray tr\u01b0\u1ee3t v\u00e0 l\u01b0\u1ee1i c\u1eaft.<\/p>\n<p>C\u00f3 hai m\u1eabu m\u00e1y c\u1eaft d\u00e2y th\u00e9p th\u1ee7y l\u1ef1c ch\u00ednh, m\u1ed9t l\u00e0 m\u00e1y c\u1eaft d\u00e2y th\u00e9p th\u1ee7y l\u1ef1c QY-30, d\u00f9ng \u0111\u1ec3 c\u1eaft d\u00e2y th\u00e9p c\u00f3 \u0111\u01b0\u1eddng k\u00ednh d\u01b0\u1edbi 30 mm. M\u1ed9t lo\u1ea1i kh\u00e1c l\u00e0 m\u00e1y c\u1eaft d\u00e2y th\u00e9p th\u1ee7y l\u1ef1c QY-48, d\u00f9ng \u0111\u1ec3 c\u1eaft d\u00e2y th\u00e9p c\u00f3 \u0111\u01b0\u1eddng k\u00ednh 48mm. L\u00e0 m\u1ed9t c\u00f4ng c\u1ee5 chuy\u00ean nghi\u1ec7p \u0111\u1ec3 c\u1eaft d\u00e2y th\u00e9p.<\/p>\n<p>M\u1ee5c \u0111\u00edch c\u1ee7a m\u00e1y c\u1eaft d\u00e2y c\u00e1p th\u1ee7y l\u1ef1c<\/p>\n<p>M\u00e1y c\u1eaft d\u00e2y th\u1ee7y l\u1ef1c gi\u00fap gi\u1ea3m c\u01b0\u1eddng \u0111\u1ed9 lao \u0111\u1ed9ng khi c\u1eaft d\u00e2y v\u00e0 n\u00e2ng cao hi\u1ec7u qu\u1ea3 c\u00f4ng vi\u1ec7c, ph\u00f9 h\u1ee3p v\u1edbi c\u00e1c b\u1ed9 ph\u1eadn nh\u01b0 s\u1eeda ch\u1eefa t\u00e0u bi\u1ec3n v\u00e0 khai th\u00e1c m\u1ecf. N\u00f3 c\u00f3 c\u00e1c \u0111\u1eb7c \u0111i\u1ec3m v\u1ec1 thi\u1ebft k\u1ebf \u0111\u1eb9p, c\u1ea5u tr\u00fac ti\u00ean ti\u1ebfn, k\u00edch th\u01b0\u1edbc nh\u1ecf, tr\u1ecdng l\u01b0\u1ee3ng nh\u1eb9, s\u1eed d\u1ee5ng \u0111\u00e1ng tin c\u1eady v\u00e0 thu\u1eadn ti\u1ec7n.<\/p>\n<h3>2. Th\u00f4ng s\u1ed1 m\u00e1y c\u1eaft d\u00e2y th\u1ee7y l\u1ef1c<\/h3>\n<div class=\"table-r\">\n<table width=\"100%\">\n<tbody>\n<tr>\n<td width=\"50%\">Ng\u01b0\u1eddi m\u1eabu<\/td>\n<td width=\"50%\">QY30, QY48<\/td>\n<\/tr>\n<tr>\n<td width=\"50%\">C\u1eaft d\u00e2y th\u00e9p \u0111\u01b0\u1eddng k\u00ednh l\u1edbn<\/td>\n<td width=\"50%\">30mm, 48mm<\/td>\n<\/tr>\n<tr>\n<td width=\"50%\">Ti\u1ebfn \u0111\u1ed9 p\u00edt-t\u00f4ng<\/td>\n<td width=\"50%\">\u2265 38mm, \u2265 60mm<\/td>\n<\/tr>\n<tr>\n<td width=\"50%\">L\u1ef1c c\u1eaft l\u1edbn<\/td>\n<td width=\"50%\">7,5T, 20T<\/td>\n<\/tr>\n<tr>\n<td width=\"50%\">Dung t\u00edch ch\u1ee9a d\u1ea7u<\/td>\n<td width=\"50%\">0,19L, 0,30L<\/td>\n<\/tr>\n<tr>\n<td width=\"50%\">L\u1ef1c x\u1eed l\u00fd<\/td>\n<td width=\"50%\">25kgf, 39kgf<\/td>\n<\/tr>\n<\/tbody>\n<\/table>\n<p>&nbsp;<\/p>\n<\/div>\n<p><img fetchpriority=\"high\" decoding=\"async\" class=\"alignnone wp-image-1306 \" src=\"https:\/\/zunzz.com\/wp-content\/uploads\/2023\/10\/11.webp\" alt=\"m\u00e1y c\u1eaft d\u00e2y c\u00e1p\" width=\"750\" height=\"750\" srcset=\"https:\/\/zunzz.com\/wp-content\/uploads\/2023\/10\/11.webp 700w, https:\/\/zunzz.com\/wp-content\/uploads\/2023\/10\/11-300x300.webp 300w, https:\/\/zunzz.com\/wp-content\/uploads\/2023\/10\/11-150x150.webp 150w, https:\/\/zunzz.com\/wp-content\/uploads\/2023\/10\/11-570x570.webp 570w, https:\/\/zunzz.com\/wp-content\/uploads\/2023\/10\/11-500x500.webp 500w, https:\/\/zunzz.com\/wp-content\/uploads\/2023\/10\/11-650x650.webp 650w, https:\/\/zunzz.com\/wp-content\/uploads\/2023\/10\/11-600x600.webp 600w, https:\/\/zunzz.com\/wp-content\/uploads\/2023\/10\/11-100x100.webp 100w\" sizes=\"(max-width: 750px) 100vw, 750px\" \/><img decoding=\"async\" class=\"alignnone wp-image-1133\" src=\"https:\/\/zunzz.com\/wp-content\/uploads\/2023\/10\/2.webp\" alt=\"m\u00e1y c\u1eaft d\u00e2y c\u00e1p\" width=\"750\" height=\"750\" srcset=\"https:\/\/zunzz.com\/wp-content\/uploads\/2023\/10\/2.webp 750w, https:\/\/zunzz.com\/wp-content\/uploads\/2023\/10\/2-300x300.webp 300w, https:\/\/zunzz.com\/wp-content\/uploads\/2023\/10\/2-150x150.webp 150w, https:\/\/zunzz.com\/wp-content\/uploads\/2023\/10\/2-570x570.webp 570w, https:\/\/zunzz.com\/wp-content\/uploads\/2023\/10\/2-500x500.webp 500w, https:\/\/zunzz.com\/wp-content\/uploads\/2023\/10\/2-700x700.webp 700w, https:\/\/zunzz.com\/wp-content\/uploads\/2023\/10\/2-650x650.webp 650w, https:\/\/zunzz.com\/wp-content\/uploads\/2023\/10\/2-600x600.webp 600w, https:\/\/zunzz.com\/wp-content\/uploads\/2023\/10\/2-100x100.webp 100w\" sizes=\"(max-width: 750px) 100vw, 750px\" \/><\/p>\n<p><img decoding=\"async\" class=\"alignnone wp-image-1137\" src=\"https:\/\/zunzz.com\/wp-content\/uploads\/2023\/10\/O1CN01blCJBM1eN0jAPBHEd_2208311683858-0-cib.webp\" alt=\"m\u00e1y c\u1eaft d\u00e2y c\u00e1p\" width=\"750\" height=\"750\" srcset=\"https:\/\/zunzz.com\/wp-content\/uploads\/2023\/10\/O1CN01blCJBM1eN0jAPBHEd_2208311683858-0-cib.webp 750w, https:\/\/zunzz.com\/wp-content\/uploads\/2023\/10\/O1CN01blCJBM1eN0jAPBHEd_2208311683858-0-cib-300x300.webp 300w, https:\/\/zunzz.com\/wp-content\/uploads\/2023\/10\/O1CN01blCJBM1eN0jAPBHEd_2208311683858-0-cib-150x150.webp 150w, https:\/\/zunzz.com\/wp-content\/uploads\/2023\/10\/O1CN01blCJBM1eN0jAPBHEd_2208311683858-0-cib-570x570.webp 570w, https:\/\/zunzz.com\/wp-content\/uploads\/2023\/10\/O1CN01blCJBM1eN0jAPBHEd_2208311683858-0-cib-500x500.webp 500w, https:\/\/zunzz.com\/wp-content\/uploads\/2023\/10\/O1CN01blCJBM1eN0jAPBHEd_2208311683858-0-cib-700x700.webp 700w, https:\/\/zunzz.com\/wp-content\/uploads\/2023\/10\/O1CN01blCJBM1eN0jAPBHEd_2208311683858-0-cib-650x650.webp 650w, https:\/\/zunzz.com\/wp-content\/uploads\/2023\/10\/O1CN01blCJBM1eN0jAPBHEd_2208311683858-0-cib-600x600.webp 600w, https:\/\/zunzz.com\/wp-content\/uploads\/2023\/10\/O1CN01blCJBM1eN0jAPBHEd_2208311683858-0-cib-100x100.webp 100w\" sizes=\"(max-width: 750px) 100vw, 750px\" \/><\/p>\n<p><img loading=\"lazy\" decoding=\"async\" class=\"alignnone wp-image-1141\" src=\"https:\/\/zunzz.com\/wp-content\/uploads\/2023\/10\/O1CN01il9jc31eN0jGe43iA_2208311683858-0-cib.webp\" alt=\"m\u00e1y c\u1eaft d\u00e2y c\u00e1p\" width=\"750\" height=\"750\" srcset=\"https:\/\/zunzz.com\/wp-content\/uploads\/2023\/10\/O1CN01il9jc31eN0jGe43iA_2208311683858-0-cib.webp 750w, https:\/\/zunzz.com\/wp-content\/uploads\/2023\/10\/O1CN01il9jc31eN0jGe43iA_2208311683858-0-cib-300x300.webp 300w, https:\/\/zunzz.com\/wp-content\/uploads\/2023\/10\/O1CN01il9jc31eN0jGe43iA_2208311683858-0-cib-150x150.webp 150w, https:\/\/zunzz.com\/wp-content\/uploads\/2023\/10\/O1CN01il9jc31eN0jGe43iA_2208311683858-0-cib-570x570.webp 570w, https:\/\/zunzz.com\/wp-content\/uploads\/2023\/10\/O1CN01il9jc31eN0jGe43iA_2208311683858-0-cib-500x500.webp 500w, https:\/\/zunzz.com\/wp-content\/uploads\/2023\/10\/O1CN01il9jc31eN0jGe43iA_2208311683858-0-cib-700x700.webp 700w, https:\/\/zunzz.com\/wp-content\/uploads\/2023\/10\/O1CN01il9jc31eN0jGe43iA_2208311683858-0-cib-650x650.webp 650w, https:\/\/zunzz.com\/wp-content\/uploads\/2023\/10\/O1CN01il9jc31eN0jGe43iA_2208311683858-0-cib-600x600.webp 600w, https:\/\/zunzz.com\/wp-content\/uploads\/2023\/10\/O1CN01il9jc31eN0jGe43iA_2208311683858-0-cib-100x100.webp 100w\" sizes=\"(max-width: 750px) 100vw, 750px\" \/><\/p>\n<p>S\u1ea3n ph\u1ea9m n\u00e0y \u0111\u00e3 \u0111\u01b0\u1ee3c xu\u1ea5t kh\u1ea9u sang nhi\u1ec1u n\u01b0\u1edbc nh\u01b0 Hoa K\u1ef3, Ph\u00e1p, Canada, Indonesia, Nga, Vi\u1ec7t Nam, \u00dac, H\u00e0n Qu\u1ed1c, Iran v\u00e0 nh\u1eadn \u0111\u01b0\u1ee3c s\u1ef1 t\u00e1n d\u01b0\u01a1ng nh\u1ea5t tr\u00ed t\u1eeb kh\u00e1ch h\u00e0ng.<\/p>\n","protected":false},"excerpt":{"rendered":"<p>Model: QY30, QY48<br \/>\nT\u1ed1i \u0111a. d\u00e2y c\u00e1p: 30mm 48mm<br \/>\nL\u1ef1c c\u1eaft l\u1edbn: 7,5T, 20T<br \/>\nDung t\u00edch ch\u1ee9a d\u1ea7u: 0,19L, 0,30L<br \/>\nNg\u00f4n ng\u1eef c\u00f3 s\u1eb5n:[wpml_language_selector_widget]<\/p>\n<p><a href=\"https:\/\/zunzz.com\/vi\/contact-store\/\"><button class=\"single_add_to_cart_button button alt\" type=\"submit\">H\u1eceI NGAY<\/button><\/a><\/p>\n","protected":false},"featured_media":1306,"comment_status":"open","ping_status":"closed","template":"","meta":[],"product_brand":[],"product_cat":[219],"product_tag":[303,304,305],"class_list":{"0":"post-2333","1":"product","2":"type-product","3":"status-publish","4":"has-post-thumbnail","6":"product_cat-wire-rope-annealing-machine","7":"product_tag-wire-rope-cutting-machine","8":"product_tag-wire-rope-cutter","9":"product_tag-steel-bar-cutter","11":"first","12":"instock","13":"taxable","14":"shipping-taxable","15":"product-type-simple"},"yoast_head":"<!-- This site is optimized with the Yoast SEO plugin v26.8 - https:\/\/yoast.com\/product\/yoast-seo-wordpress\/ -->\n<title>M\u00e1y c\u1eaft d\u00e2y c\u00e1p<\/title>\n<meta name=\"description\" content=\"M\u00e1y c\u1eaft d\u00e2y c\u00e1p ch\u1ee7 y\u1ebfu bao g\u1ed3m ngu\u1ed3n \u0111i\u1ec7n (b\u01a1m \u0111i\u1ec7n ho\u1eb7c b\u01a1m th\u1ee7 c\u00f4ng), xi lanh d\u1ea7u l\u00e0m vi\u1ec7c, ray tr\u01b0\u1ee3t v\u00e0 l\u01b0\u1ee1i c\u1eaft.\" \/>\n<meta name=\"robots\" content=\"index, follow, max-snippet:-1, max-image-preview:large, max-video-preview:-1\" \/>\n<link rel=\"canonical\" href=\"https:\/\/zunzz.com\/vi\/product\/wire-rope-cutting-machine\/\" \/>\n<meta property=\"og:locale\" content=\"vi_VN\" \/>\n<meta property=\"og:type\" content=\"article\" \/>\n<meta property=\"og:title\" content=\"M\u00e1y c\u1eaft d\u00e2y c\u00e1p\" \/>\n<meta property=\"og:description\" content=\"M\u00e1y c\u1eaft d\u00e2y c\u00e1p ch\u1ee7 y\u1ebfu bao g\u1ed3m ngu\u1ed3n \u0111i\u1ec7n (b\u01a1m \u0111i\u1ec7n ho\u1eb7c b\u01a1m th\u1ee7 c\u00f4ng), xi lanh d\u1ea7u l\u00e0m vi\u1ec7c, ray tr\u01b0\u1ee3t v\u00e0 l\u01b0\u1ee1i c\u1eaft.\" \/>\n<meta property=\"og:url\" content=\"https:\/\/zunzz.com\/vi\/product\/wire-rope-cutting-machine\/\" \/>\n<meta property=\"og:site_name\" content=\"Zunzz Wire Rope Sling Machine Company\" \/>\n<meta property=\"article:modified_time\" content=\"2023-12-16T13:01:02+00:00\" \/>\n<meta property=\"og:image\" content=\"https:\/\/zunzz.com\/wp-content\/uploads\/2023\/10\/11.webp\" \/>\n\t<meta property=\"og:image:width\" content=\"700\" \/>\n\t<meta property=\"og:image:height\" content=\"700\" \/>\n\t<meta property=\"og:image:type\" content=\"image\/webp\" \/>\n<meta name=\"twitter:card\" content=\"summary_large_image\" \/>\n<meta name=\"twitter:label1\" content=\"Est. reading time\" \/>\n\t<meta name=\"twitter:data1\" content=\"3 minutes\" \/>\n<script type=\"application\/ld+json\" class=\"yoast-schema-graph\">{\"@context\":\"https:\/\/schema.org\",\"@graph\":[{\"@type\":\"WebPage\",\"@id\":\"https:\/\/zunzz.com\/vi\/product\/wire-rope-cutting-machine\/\",\"url\":\"https:\/\/zunzz.com\/vi\/product\/wire-rope-cutting-machine\/\",\"name\":\"M\u00e1y c\u1eaft d\u00e2y c\u00e1p\",\"isPartOf\":{\"@id\":\"https:\/\/zunzz.com\/vi\/#website\"},\"primaryImageOfPage\":{\"@id\":\"https:\/\/zunzz.com\/vi\/product\/wire-rope-cutting-machine\/#primaryimage\"},\"image\":{\"@id\":\"https:\/\/zunzz.com\/vi\/product\/wire-rope-cutting-machine\/#primaryimage\"},\"thumbnailUrl\":\"https:\/\/zunzz.com\/wp-content\/uploads\/2023\/10\/11.webp\",\"datePublished\":\"2023-10-14T12:24:43+00:00\",\"dateModified\":\"2023-12-16T13:01:02+00:00\",\"description\":\"M\u00e1y c\u1eaft d\u00e2y c\u00e1p ch\u1ee7 y\u1ebfu bao g\u1ed3m ngu\u1ed3n \u0111i\u1ec7n (b\u01a1m \u0111i\u1ec7n ho\u1eb7c b\u01a1m th\u1ee7 c\u00f4ng), xi lanh d\u1ea7u l\u00e0m vi\u1ec7c, ray tr\u01b0\u1ee3t v\u00e0 l\u01b0\u1ee1i c\u1eaft.\",\"breadcrumb\":{\"@id\":\"https:\/\/zunzz.com\/vi\/product\/wire-rope-cutting-machine\/#breadcrumb\"},\"inLanguage\":\"vi-VN\",\"potentialAction\":[{\"@type\":\"ReadAction\",\"target\":[\"https:\/\/zunzz.com\/vi\/product\/wire-rope-cutting-machine\/\"]}]},{\"@type\":\"ImageObject\",\"inLanguage\":\"vi-VN\",\"@id\":\"https:\/\/zunzz.com\/vi\/product\/wire-rope-cutting-machine\/#primaryimage\",\"url\":\"https:\/\/zunzz.com\/wp-content\/uploads\/2023\/10\/11.webp\",\"contentUrl\":\"https:\/\/zunzz.com\/wp-content\/uploads\/2023\/10\/11.webp\",\"width\":700,\"height\":700,\"caption\":\"wire rope cutting machine\"},{\"@type\":\"BreadcrumbList\",\"@id\":\"https:\/\/zunzz.com\/vi\/product\/wire-rope-cutting-machine\/#breadcrumb\",\"itemListElement\":[{\"@type\":\"ListItem\",\"position\":1,\"name\":\"Home\",\"item\":\"https:\/\/zunzz.com\/vi\/home\/\"},{\"@type\":\"ListItem\",\"position\":2,\"name\":\"Shop\",\"item\":\"https:\/\/zunzz.com\/bg\/shop\/\"},{\"@type\":\"ListItem\",\"position\":3,\"name\":\"M\u00e1y c\u1eaft d\u00e2y c\u00e1p\"}]},{\"@type\":\"WebSite\",\"@id\":\"https:\/\/zunzz.com\/vi\/#website\",\"url\":\"https:\/\/zunzz.com\/vi\/\",\"name\":\"Zunzz Wire Rope Sling Machine Company\",\"description\":\"Zunzz Wire Rope Sling Machine Company is a leading manufacturer of wire rope sling machines and related products.\",\"publisher\":{\"@id\":\"https:\/\/zunzz.com\/vi\/#organization\"},\"potentialAction\":[{\"@type\":\"SearchAction\",\"target\":{\"@type\":\"EntryPoint\",\"urlTemplate\":\"https:\/\/zunzz.com\/vi\/?s={search_term_string}\"},\"query-input\":{\"@type\":\"PropertyValueSpecification\",\"valueRequired\":true,\"valueName\":\"search_term_string\"}}],\"inLanguage\":\"vi-VN\"},{\"@type\":\"Organization\",\"@id\":\"https:\/\/zunzz.com\/vi\/#organization\",\"name\":\"Zunzz Wire Rope Sling Machine Company\",\"url\":\"https:\/\/zunzz.com\/vi\/\",\"logo\":{\"@type\":\"ImageObject\",\"inLanguage\":\"vi-VN\",\"@id\":\"https:\/\/zunzz.com\/vi\/#\/schema\/logo\/image\/\",\"url\":\"https:\/\/zunzz.com\/wp-content\/uploads\/2023\/09\/Logo.png\",\"contentUrl\":\"https:\/\/zunzz.com\/wp-content\/uploads\/2023\/09\/Logo.png\",\"width\":171,\"height\":133,\"caption\":\"Zunzz Wire Rope Sling Machine Company\"},\"image\":{\"@id\":\"https:\/\/zunzz.com\/vi\/#\/schema\/logo\/image\/\"}}]}<\/script>\n<!-- \/ Yoast SEO plugin. -->","yoast_head_json":{"title":"M\u00e1y c\u1eaft d\u00e2y c\u00e1p","description":"M\u00e1y c\u1eaft d\u00e2y c\u00e1p ch\u1ee7 y\u1ebfu bao g\u1ed3m ngu\u1ed3n \u0111i\u1ec7n (b\u01a1m \u0111i\u1ec7n ho\u1eb7c b\u01a1m th\u1ee7 c\u00f4ng), xi lanh d\u1ea7u l\u00e0m vi\u1ec7c, ray tr\u01b0\u1ee3t v\u00e0 l\u01b0\u1ee1i c\u1eaft.","robots":{"index":"index","follow":"follow","max-snippet":"max-snippet:-1","max-image-preview":"max-image-preview:large","max-video-preview":"max-video-preview:-1"},"canonical":"https:\/\/zunzz.com\/vi\/product\/wire-rope-cutting-machine\/","og_locale":"vi_VN","og_type":"article","og_title":"M\u00e1y c\u1eaft d\u00e2y c\u00e1p","og_description":"M\u00e1y c\u1eaft d\u00e2y c\u00e1p ch\u1ee7 y\u1ebfu bao g\u1ed3m ngu\u1ed3n \u0111i\u1ec7n (b\u01a1m \u0111i\u1ec7n ho\u1eb7c b\u01a1m th\u1ee7 c\u00f4ng), xi lanh d\u1ea7u l\u00e0m vi\u1ec7c, ray tr\u01b0\u1ee3t v\u00e0 l\u01b0\u1ee1i c\u1eaft.","og_url":"https:\/\/zunzz.com\/vi\/product\/wire-rope-cutting-machine\/","og_site_name":"Zunzz Wire Rope Sling Machine Company","article_modified_time":"2023-12-16T13:01:02+00:00","og_image":[{"width":700,"height":700,"url":"https:\/\/zunzz.com\/wp-content\/uploads\/2023\/10\/11.webp","type":"image\/webp"}],"twitter_card":"summary_large_image","twitter_misc":{"Est. reading time":"3 minutes"},"schema":{"@context":"https:\/\/schema.org","@graph":[{"@type":"WebPage","@id":"https:\/\/zunzz.com\/vi\/product\/wire-rope-cutting-machine\/","url":"https:\/\/zunzz.com\/vi\/product\/wire-rope-cutting-machine\/","name":"M\u00e1y c\u1eaft d\u00e2y c\u00e1p","isPartOf":{"@id":"https:\/\/zunzz.com\/vi\/#website"},"primaryImageOfPage":{"@id":"https:\/\/zunzz.com\/vi\/product\/wire-rope-cutting-machine\/#primaryimage"},"image":{"@id":"https:\/\/zunzz.com\/vi\/product\/wire-rope-cutting-machine\/#primaryimage"},"thumbnailUrl":"https:\/\/zunzz.com\/wp-content\/uploads\/2023\/10\/11.webp","datePublished":"2023-10-14T12:24:43+00:00","dateModified":"2023-12-16T13:01:02+00:00","description":"M\u00e1y c\u1eaft d\u00e2y c\u00e1p ch\u1ee7 y\u1ebfu bao g\u1ed3m ngu\u1ed3n \u0111i\u1ec7n (b\u01a1m \u0111i\u1ec7n ho\u1eb7c b\u01a1m th\u1ee7 c\u00f4ng), xi lanh d\u1ea7u l\u00e0m vi\u1ec7c, ray tr\u01b0\u1ee3t v\u00e0 l\u01b0\u1ee1i c\u1eaft.","breadcrumb":{"@id":"https:\/\/zunzz.com\/vi\/product\/wire-rope-cutting-machine\/#breadcrumb"},"inLanguage":"vi-VN","potentialAction":[{"@type":"ReadAction","target":["https:\/\/zunzz.com\/vi\/product\/wire-rope-cutting-machine\/"]}]},{"@type":"ImageObject","inLanguage":"vi-VN","@id":"https:\/\/zunzz.com\/vi\/product\/wire-rope-cutting-machine\/#primaryimage","url":"https:\/\/zunzz.com\/wp-content\/uploads\/2023\/10\/11.webp","contentUrl":"https:\/\/zunzz.com\/wp-content\/uploads\/2023\/10\/11.webp","width":700,"height":700,"caption":"wire rope cutting machine"},{"@type":"BreadcrumbList","@id":"https:\/\/zunzz.com\/vi\/product\/wire-rope-cutting-machine\/#breadcrumb","itemListElement":[{"@type":"ListItem","position":1,"name":"Home","item":"https:\/\/zunzz.com\/vi\/home\/"},{"@type":"ListItem","position":2,"name":"Shop","item":"https:\/\/zunzz.com\/bg\/shop\/"},{"@type":"ListItem","position":3,"name":"M\u00e1y c\u1eaft d\u00e2y c\u00e1p"}]},{"@type":"WebSite","@id":"https:\/\/zunzz.com\/vi\/#website","url":"https:\/\/zunzz.com\/vi\/","name":"Zunzz Wire Rope Sling Machine Company","description":"Zunzz Wire Rope Sling Machine Company is a leading manufacturer of wire rope sling machines and related products.","publisher":{"@id":"https:\/\/zunzz.com\/vi\/#organization"},"potentialAction":[{"@type":"SearchAction","target":{"@type":"EntryPoint","urlTemplate":"https:\/\/zunzz.com\/vi\/?s={search_term_string}"},"query-input":{"@type":"PropertyValueSpecification","valueRequired":true,"valueName":"search_term_string"}}],"inLanguage":"vi-VN"},{"@type":"Organization","@id":"https:\/\/zunzz.com\/vi\/#organization","name":"Zunzz Wire Rope Sling Machine Company","url":"https:\/\/zunzz.com\/vi\/","logo":{"@type":"ImageObject","inLanguage":"vi-VN","@id":"https:\/\/zunzz.com\/vi\/#\/schema\/logo\/image\/","url":"https:\/\/zunzz.com\/wp-content\/uploads\/2023\/09\/Logo.png","contentUrl":"https:\/\/zunzz.com\/wp-content\/uploads\/2023\/09\/Logo.png","width":171,"height":133,"caption":"Zunzz Wire Rope Sling Machine Company"},"image":{"@id":"https:\/\/zunzz.com\/vi\/#\/schema\/logo\/image\/"}}]}},"_links":{"self":[{"href":"https:\/\/zunzz.com\/vi\/wp-json\/wp\/v2\/product\/2333","targetHints":{"allow":["GET"]}}],"collection":[{"href":"https:\/\/zunzz.com\/vi\/wp-json\/wp\/v2\/product"}],"about":[{"href":"https:\/\/zunzz.com\/vi\/wp-json\/wp\/v2\/types\/product"}],"replies":[{"embeddable":true,"href":"https:\/\/zunzz.com\/vi\/wp-json\/wp\/v2\/comments?post=2333"}],"wp:featuredmedia":[{"embeddable":true,"href":"https:\/\/zunzz.com\/vi\/wp-json\/wp\/v2\/media\/1306"}],"wp:attachment":[{"href":"https:\/\/zunzz.com\/vi\/wp-json\/wp\/v2\/media?parent=2333"}],"wp:term":[{"taxonomy":"product_brand","embeddable":true,"href":"https:\/\/zunzz.com\/vi\/wp-json\/wp\/v2\/product_brand?post=2333"},{"taxonomy":"product_cat","embeddable":true,"href":"https:\/\/zunzz.com\/vi\/wp-json\/wp\/v2\/product_cat?post=2333"},{"taxonomy":"product_tag","embeddable":true,"href":"https:\/\/zunzz.com\/vi\/wp-json\/wp\/v2\/product_tag?post=2333"}],"curies":[{"name":"wp","href":"https:\/\/api.w.org\/{rel}","templated":true}]}}