{"id":2279,"date":"2023-10-15T11:56:26","date_gmt":"2023-10-15T11:56:26","guid":{"rendered":"https:\/\/zunzz.com\/product\/may-quan-day-60t\/"},"modified":"2023-12-10T12:30:32","modified_gmt":"2023-12-10T12:30:32","slug":"wire-rope-swager","status":"publish","type":"product","link":"https:\/\/zunzz.com\/vi\/product\/wire-rope-swager\/","title":{"rendered":"M\u00e1y qu\u1ea5n d\u00e2y 60T"},"content":{"rendered":"<h3>d\u00e2y th\u1eebng v\u00eanh vang<\/h3>\n<p>M\u00e1y v\u00eanh d\u00e2y c\u00e1p n\u00e0y Th\u00f4ng s\u1ed1 k\u1ef9 thu\u1eadt d\u00e2y c\u00e1p \u00e1p d\u1ee5ng: \u03a6 3 \u03a6 4 \u03a6 5 \u03a6 6 \u03a6 8 \u03a6 9 \u03a6 10 \u03a6 11 \u03a6 12,5mm<\/p>\n<p>Th\u00edch h\u1ee3p \u0111\u1ec3 u\u1ed1n \u1ed1ng b\u1ecdc nh\u00f4m h\u00ecnh elip ph\u1eb3ng, c\u00f3 hi\u1ec7u qu\u1ea3 u\u1ed1n t\u1ed1t v\u00e0 kh\u1ea3 n\u0103ng ch\u1ecbu k\u00e9o m\u1ea1nh.<\/p>\n<p>Khoang khu\u00f4n tr\u1ea3i qua qu\u00e1 tr\u00ecnh \u0111\u00e1nh b\u00f3ng \u0111\u1eb7c bi\u1ec7t \u0111\u1ec3 t\u1ea1o ra l\u1ef1c, sau khi \u00e9p kh\u00f4ng b\u00e1m d\u00ednh v\u00e0o ph\u1ea7n c\u1ee9ng n\u00ean d\u1ec5 d\u00e0ng th\u00e1o khu\u00f4n.<\/p>\n<p>Thi\u1ebft k\u1ebf t\u00e1ch r\u1eddi, c\u1ea7n \u0111\u01b0\u1ee3c s\u1eed d\u1ee5ng k\u1ebft h\u1ee3p v\u1edbi m\u00e1y b\u01a1m th\u1ee7y l\u1ef1c.<\/p>\n<p><img fetchpriority=\"high\" decoding=\"async\" class=\"alignnone size-full wp-image-1159\" src=\"https:\/\/zunzz.com\/wp-content\/uploads\/2023\/10\/wire-rope-swager1.webp\" alt=\"d\u00e2y th\u1eebng v\u00eanh vang\" width=\"750\" height=\"615\" srcset=\"https:\/\/zunzz.com\/wp-content\/uploads\/2023\/10\/wire-rope-swager1.webp 750w, https:\/\/zunzz.com\/wp-content\/uploads\/2023\/10\/wire-rope-swager1-300x246.webp 300w, https:\/\/zunzz.com\/wp-content\/uploads\/2023\/10\/wire-rope-swager1-700x574.webp 700w, https:\/\/zunzz.com\/wp-content\/uploads\/2023\/10\/wire-rope-swager1-600x492.webp 600w\" sizes=\"(max-width: 750px) 100vw, 750px\" \/> <img decoding=\"async\" class=\"alignnone size-full wp-image-1155\" src=\"https:\/\/zunzz.com\/wp-content\/uploads\/2023\/10\/wire-rope-swager.webp\" alt=\"d\u00e2y th\u1eebng v\u00eanh vang\" width=\"800\" height=\"800\" srcset=\"https:\/\/zunzz.com\/wp-content\/uploads\/2023\/10\/wire-rope-swager.webp 800w, https:\/\/zunzz.com\/wp-content\/uploads\/2023\/10\/wire-rope-swager-300x300.webp 300w, https:\/\/zunzz.com\/wp-content\/uploads\/2023\/10\/wire-rope-swager-150x150.webp 150w, https:\/\/zunzz.com\/wp-content\/uploads\/2023\/10\/wire-rope-swager-768x768.webp 768w, https:\/\/zunzz.com\/wp-content\/uploads\/2023\/10\/wire-rope-swager-570x570.webp 570w, https:\/\/zunzz.com\/wp-content\/uploads\/2023\/10\/wire-rope-swager-500x500.webp 500w, https:\/\/zunzz.com\/wp-content\/uploads\/2023\/10\/wire-rope-swager-700x700.webp 700w, https:\/\/zunzz.com\/wp-content\/uploads\/2023\/10\/wire-rope-swager-650x650.webp 650w, https:\/\/zunzz.com\/wp-content\/uploads\/2023\/10\/wire-rope-swager-600x600.webp 600w, https:\/\/zunzz.com\/wp-content\/uploads\/2023\/10\/wire-rope-swager-100x100.webp 100w\" sizes=\"(max-width: 800px) 100vw, 800px\" \/> <img decoding=\"async\" class=\"alignnone size-full wp-image-1151\" src=\"https:\/\/zunzz.com\/wp-content\/uploads\/2023\/10\/die-.webp\" alt=\"d\u00e2y th\u1eebng v\u00eanh vang\" width=\"750\" height=\"920\" srcset=\"https:\/\/zunzz.com\/wp-content\/uploads\/2023\/10\/die-.webp 750w, https:\/\/zunzz.com\/wp-content\/uploads\/2023\/10\/die--245x300.webp 245w, https:\/\/zunzz.com\/wp-content\/uploads\/2023\/10\/die--700x859.webp 700w, https:\/\/zunzz.com\/wp-content\/uploads\/2023\/10\/die--600x736.webp 600w\" sizes=\"(max-width: 750px) 100vw, 750px\" \/><\/p>\n","protected":false},"excerpt":{"rendered":"<p>Model: YT600<br \/>\nC\u00f4ng su\u1ea5t: 600KN<br \/>\n\u0110\u01b0\u1eddng k\u00ednh \u00e9p: 12,5mm<br \/>\nC\u00f4ng su\u1ea5t: 0,75 kw<br \/>\nK\u00edch th\u01b0\u1edbc: 150*205*380mm<br \/>\nTr\u1ecdng l\u01b0\u1ee3ng: 180kg<\/p>\n<p>Ng\u00f4n ng\u1eef c\u00f3 s\u1eb5n:[wpml_language_selector_widget]<\/p>\n<p><a href=\"https:\/\/zunzz.com\/vi\/contact-store\/\"><button class=\"single_add_to_cart_button button alt\" type=\"submit\">H\u1eceI NGAY<\/button><\/a><\/p>\n","protected":false},"featured_media":1155,"comment_status":"open","ping_status":"closed","template":"","meta":[],"product_brand":[],"product_cat":[221],"product_tag":[275],"class_list":{"0":"post-2279","1":"product","2":"type-product","3":"status-publish","4":"has-post-thumbnail","6":"product_cat-wire-rope-swaging-machine","7":"product_tag-wire-rope-swaging-machine","9":"first","10":"instock","11":"taxable","12":"shipping-taxable","13":"product-type-simple"},"yoast_head":"<!-- This site is optimized with the Yoast SEO plugin v26.8 - https:\/\/yoast.com\/product\/yoast-seo-wordpress\/ -->\n<title>d\u00e2y c\u00e1p v\u00eanh 60T<\/title>\n<meta name=\"description\" content=\"C\u00f4ng c\u1ee5 chuy\u1ec3n \u0111\u1ed5i d\u00e2y c\u00e1p n\u00e0y c\u00f3 th\u1ec3 \u00e1p d\u1ee5ng cho c\u00e1c th\u00f4ng s\u1ed1 k\u1ef9 thu\u1eadt c\u1ee7a d\u00e2y c\u00e1p: \u03a6 3 \u03a6 4 \u03a6 5 \u03a6 6 \u03a6 8 \u03a6 9 \u03a6 10 \u03a6 11 \u03a6 12,5mm. Xin vui l\u00f2ng li\u00ean h\u1ec7 v\u1edbi ch\u00fang t\u00f4i \u0111\u1ec3 bi\u1ebft th\u00eam chi ti\u1ebft\" \/>\n<meta name=\"robots\" content=\"index, follow, max-snippet:-1, max-image-preview:large, max-video-preview:-1\" \/>\n<link rel=\"canonical\" href=\"https:\/\/zunzz.com\/vi\/product\/wire-rope-swager\/\" \/>\n<meta property=\"og:locale\" content=\"vi_VN\" \/>\n<meta property=\"og:type\" content=\"article\" \/>\n<meta property=\"og:title\" content=\"d\u00e2y c\u00e1p v\u00eanh 60T\" \/>\n<meta property=\"og:description\" content=\"C\u00f4ng c\u1ee5 chuy\u1ec3n \u0111\u1ed5i d\u00e2y c\u00e1p n\u00e0y c\u00f3 th\u1ec3 \u00e1p d\u1ee5ng cho c\u00e1c th\u00f4ng s\u1ed1 k\u1ef9 thu\u1eadt c\u1ee7a d\u00e2y c\u00e1p: \u03a6 3 \u03a6 4 \u03a6 5 \u03a6 6 \u03a6 8 \u03a6 9 \u03a6 10 \u03a6 11 \u03a6 12,5mm. Xin vui l\u00f2ng li\u00ean h\u1ec7 v\u1edbi ch\u00fang t\u00f4i \u0111\u1ec3 bi\u1ebft th\u00eam chi ti\u1ebft\" \/>\n<meta property=\"og:url\" content=\"https:\/\/zunzz.com\/vi\/product\/wire-rope-swager\/\" \/>\n<meta property=\"og:site_name\" content=\"Zunzz Wire Rope Sling Machine Company\" \/>\n<meta property=\"article:modified_time\" content=\"2023-12-10T12:30:32+00:00\" \/>\n<meta property=\"og:image\" content=\"https:\/\/zunzz.com\/wp-content\/uploads\/2023\/10\/wire-rope-swager.webp\" \/>\n\t<meta property=\"og:image:width\" content=\"800\" \/>\n\t<meta property=\"og:image:height\" content=\"800\" \/>\n\t<meta property=\"og:image:type\" content=\"image\/webp\" \/>\n<meta name=\"twitter:card\" content=\"summary_large_image\" \/>\n<meta name=\"twitter:label1\" content=\"Est. reading time\" \/>\n\t<meta name=\"twitter:data1\" content=\"2 minutes\" \/>\n<script type=\"application\/ld+json\" class=\"yoast-schema-graph\">{\"@context\":\"https:\/\/schema.org\",\"@graph\":[{\"@type\":\"WebPage\",\"@id\":\"https:\/\/zunzz.com\/vi\/product\/wire-rope-swager\/\",\"url\":\"https:\/\/zunzz.com\/vi\/product\/wire-rope-swager\/\",\"name\":\"d\u00e2y c\u00e1p v\u00eanh 60T\",\"isPartOf\":{\"@id\":\"https:\/\/zunzz.com\/vi\/#website\"},\"primaryImageOfPage\":{\"@id\":\"https:\/\/zunzz.com\/vi\/product\/wire-rope-swager\/#primaryimage\"},\"image\":{\"@id\":\"https:\/\/zunzz.com\/vi\/product\/wire-rope-swager\/#primaryimage\"},\"thumbnailUrl\":\"https:\/\/zunzz.com\/wp-content\/uploads\/2023\/10\/wire-rope-swager.webp\",\"datePublished\":\"2023-10-15T11:56:26+00:00\",\"dateModified\":\"2023-12-10T12:30:32+00:00\",\"description\":\"C\u00f4ng c\u1ee5 chuy\u1ec3n \u0111\u1ed5i d\u00e2y c\u00e1p n\u00e0y c\u00f3 th\u1ec3 \u00e1p d\u1ee5ng cho c\u00e1c th\u00f4ng s\u1ed1 k\u1ef9 thu\u1eadt c\u1ee7a d\u00e2y c\u00e1p: \u03a6 3 \u03a6 4 \u03a6 5 \u03a6 6 \u03a6 8 \u03a6 9 \u03a6 10 \u03a6 11 \u03a6 12,5mm. Xin vui l\u00f2ng li\u00ean h\u1ec7 v\u1edbi ch\u00fang t\u00f4i \u0111\u1ec3 bi\u1ebft th\u00eam chi ti\u1ebft\",\"breadcrumb\":{\"@id\":\"https:\/\/zunzz.com\/vi\/product\/wire-rope-swager\/#breadcrumb\"},\"inLanguage\":\"vi-VN\",\"potentialAction\":[{\"@type\":\"ReadAction\",\"target\":[\"https:\/\/zunzz.com\/vi\/product\/wire-rope-swager\/\"]}]},{\"@type\":\"ImageObject\",\"inLanguage\":\"vi-VN\",\"@id\":\"https:\/\/zunzz.com\/vi\/product\/wire-rope-swager\/#primaryimage\",\"url\":\"https:\/\/zunzz.com\/wp-content\/uploads\/2023\/10\/wire-rope-swager.webp\",\"contentUrl\":\"https:\/\/zunzz.com\/wp-content\/uploads\/2023\/10\/wire-rope-swager.webp\",\"width\":800,\"height\":800,\"caption\":\"wire rope swager\"},{\"@type\":\"BreadcrumbList\",\"@id\":\"https:\/\/zunzz.com\/vi\/product\/wire-rope-swager\/#breadcrumb\",\"itemListElement\":[{\"@type\":\"ListItem\",\"position\":1,\"name\":\"Home\",\"item\":\"https:\/\/zunzz.com\/vi\/home\/\"},{\"@type\":\"ListItem\",\"position\":2,\"name\":\"Shop\",\"item\":\"https:\/\/zunzz.com\/bg\/shop\/\"},{\"@type\":\"ListItem\",\"position\":3,\"name\":\"M\u00e1y qu\u1ea5n d\u00e2y 60T\"}]},{\"@type\":\"WebSite\",\"@id\":\"https:\/\/zunzz.com\/vi\/#website\",\"url\":\"https:\/\/zunzz.com\/vi\/\",\"name\":\"Zunzz Wire Rope Sling Machine Company\",\"description\":\"Zunzz Wire Rope Sling Machine Company is a leading manufacturer of wire rope sling machines and related products.\",\"publisher\":{\"@id\":\"https:\/\/zunzz.com\/vi\/#organization\"},\"potentialAction\":[{\"@type\":\"SearchAction\",\"target\":{\"@type\":\"EntryPoint\",\"urlTemplate\":\"https:\/\/zunzz.com\/vi\/?s={search_term_string}\"},\"query-input\":{\"@type\":\"PropertyValueSpecification\",\"valueRequired\":true,\"valueName\":\"search_term_string\"}}],\"inLanguage\":\"vi-VN\"},{\"@type\":\"Organization\",\"@id\":\"https:\/\/zunzz.com\/vi\/#organization\",\"name\":\"Zunzz Wire Rope Sling Machine Company\",\"url\":\"https:\/\/zunzz.com\/vi\/\",\"logo\":{\"@type\":\"ImageObject\",\"inLanguage\":\"vi-VN\",\"@id\":\"https:\/\/zunzz.com\/vi\/#\/schema\/logo\/image\/\",\"url\":\"https:\/\/zunzz.com\/wp-content\/uploads\/2023\/09\/Logo.png\",\"contentUrl\":\"https:\/\/zunzz.com\/wp-content\/uploads\/2023\/09\/Logo.png\",\"width\":171,\"height\":133,\"caption\":\"Zunzz Wire Rope Sling Machine Company\"},\"image\":{\"@id\":\"https:\/\/zunzz.com\/vi\/#\/schema\/logo\/image\/\"}}]}<\/script>\n<!-- \/ Yoast SEO plugin. -->","yoast_head_json":{"title":"d\u00e2y c\u00e1p v\u00eanh 60T","description":"C\u00f4ng c\u1ee5 chuy\u1ec3n \u0111\u1ed5i d\u00e2y c\u00e1p n\u00e0y c\u00f3 th\u1ec3 \u00e1p d\u1ee5ng cho c\u00e1c th\u00f4ng s\u1ed1 k\u1ef9 thu\u1eadt c\u1ee7a d\u00e2y c\u00e1p: \u03a6 3 \u03a6 4 \u03a6 5 \u03a6 6 \u03a6 8 \u03a6 9 \u03a6 10 \u03a6 11 \u03a6 12,5mm. Xin vui l\u00f2ng li\u00ean h\u1ec7 v\u1edbi ch\u00fang t\u00f4i \u0111\u1ec3 bi\u1ebft th\u00eam chi ti\u1ebft","robots":{"index":"index","follow":"follow","max-snippet":"max-snippet:-1","max-image-preview":"max-image-preview:large","max-video-preview":"max-video-preview:-1"},"canonical":"https:\/\/zunzz.com\/vi\/product\/wire-rope-swager\/","og_locale":"vi_VN","og_type":"article","og_title":"d\u00e2y c\u00e1p v\u00eanh 60T","og_description":"C\u00f4ng c\u1ee5 chuy\u1ec3n \u0111\u1ed5i d\u00e2y c\u00e1p n\u00e0y c\u00f3 th\u1ec3 \u00e1p d\u1ee5ng cho c\u00e1c th\u00f4ng s\u1ed1 k\u1ef9 thu\u1eadt c\u1ee7a d\u00e2y c\u00e1p: \u03a6 3 \u03a6 4 \u03a6 5 \u03a6 6 \u03a6 8 \u03a6 9 \u03a6 10 \u03a6 11 \u03a6 12,5mm. Xin vui l\u00f2ng li\u00ean h\u1ec7 v\u1edbi ch\u00fang t\u00f4i \u0111\u1ec3 bi\u1ebft th\u00eam chi ti\u1ebft","og_url":"https:\/\/zunzz.com\/vi\/product\/wire-rope-swager\/","og_site_name":"Zunzz Wire Rope Sling Machine Company","article_modified_time":"2023-12-10T12:30:32+00:00","og_image":[{"width":800,"height":800,"url":"https:\/\/zunzz.com\/wp-content\/uploads\/2023\/10\/wire-rope-swager.webp","type":"image\/webp"}],"twitter_card":"summary_large_image","twitter_misc":{"Est. reading time":"2 minutes"},"schema":{"@context":"https:\/\/schema.org","@graph":[{"@type":"WebPage","@id":"https:\/\/zunzz.com\/vi\/product\/wire-rope-swager\/","url":"https:\/\/zunzz.com\/vi\/product\/wire-rope-swager\/","name":"d\u00e2y c\u00e1p v\u00eanh 60T","isPartOf":{"@id":"https:\/\/zunzz.com\/vi\/#website"},"primaryImageOfPage":{"@id":"https:\/\/zunzz.com\/vi\/product\/wire-rope-swager\/#primaryimage"},"image":{"@id":"https:\/\/zunzz.com\/vi\/product\/wire-rope-swager\/#primaryimage"},"thumbnailUrl":"https:\/\/zunzz.com\/wp-content\/uploads\/2023\/10\/wire-rope-swager.webp","datePublished":"2023-10-15T11:56:26+00:00","dateModified":"2023-12-10T12:30:32+00:00","description":"C\u00f4ng c\u1ee5 chuy\u1ec3n \u0111\u1ed5i d\u00e2y c\u00e1p n\u00e0y c\u00f3 th\u1ec3 \u00e1p d\u1ee5ng cho c\u00e1c th\u00f4ng s\u1ed1 k\u1ef9 thu\u1eadt c\u1ee7a d\u00e2y c\u00e1p: \u03a6 3 \u03a6 4 \u03a6 5 \u03a6 6 \u03a6 8 \u03a6 9 \u03a6 10 \u03a6 11 \u03a6 12,5mm. Xin vui l\u00f2ng li\u00ean h\u1ec7 v\u1edbi ch\u00fang t\u00f4i \u0111\u1ec3 bi\u1ebft th\u00eam chi ti\u1ebft","breadcrumb":{"@id":"https:\/\/zunzz.com\/vi\/product\/wire-rope-swager\/#breadcrumb"},"inLanguage":"vi-VN","potentialAction":[{"@type":"ReadAction","target":["https:\/\/zunzz.com\/vi\/product\/wire-rope-swager\/"]}]},{"@type":"ImageObject","inLanguage":"vi-VN","@id":"https:\/\/zunzz.com\/vi\/product\/wire-rope-swager\/#primaryimage","url":"https:\/\/zunzz.com\/wp-content\/uploads\/2023\/10\/wire-rope-swager.webp","contentUrl":"https:\/\/zunzz.com\/wp-content\/uploads\/2023\/10\/wire-rope-swager.webp","width":800,"height":800,"caption":"wire rope swager"},{"@type":"BreadcrumbList","@id":"https:\/\/zunzz.com\/vi\/product\/wire-rope-swager\/#breadcrumb","itemListElement":[{"@type":"ListItem","position":1,"name":"Home","item":"https:\/\/zunzz.com\/vi\/home\/"},{"@type":"ListItem","position":2,"name":"Shop","item":"https:\/\/zunzz.com\/bg\/shop\/"},{"@type":"ListItem","position":3,"name":"M\u00e1y qu\u1ea5n d\u00e2y 60T"}]},{"@type":"WebSite","@id":"https:\/\/zunzz.com\/vi\/#website","url":"https:\/\/zunzz.com\/vi\/","name":"Zunzz Wire Rope Sling Machine Company","description":"Zunzz Wire Rope Sling Machine Company is a leading manufacturer of wire rope sling machines and related products.","publisher":{"@id":"https:\/\/zunzz.com\/vi\/#organization"},"potentialAction":[{"@type":"SearchAction","target":{"@type":"EntryPoint","urlTemplate":"https:\/\/zunzz.com\/vi\/?s={search_term_string}"},"query-input":{"@type":"PropertyValueSpecification","valueRequired":true,"valueName":"search_term_string"}}],"inLanguage":"vi-VN"},{"@type":"Organization","@id":"https:\/\/zunzz.com\/vi\/#organization","name":"Zunzz Wire Rope Sling Machine Company","url":"https:\/\/zunzz.com\/vi\/","logo":{"@type":"ImageObject","inLanguage":"vi-VN","@id":"https:\/\/zunzz.com\/vi\/#\/schema\/logo\/image\/","url":"https:\/\/zunzz.com\/wp-content\/uploads\/2023\/09\/Logo.png","contentUrl":"https:\/\/zunzz.com\/wp-content\/uploads\/2023\/09\/Logo.png","width":171,"height":133,"caption":"Zunzz Wire Rope Sling Machine Company"},"image":{"@id":"https:\/\/zunzz.com\/vi\/#\/schema\/logo\/image\/"}}]}},"_links":{"self":[{"href":"https:\/\/zunzz.com\/vi\/wp-json\/wp\/v2\/product\/2279","targetHints":{"allow":["GET"]}}],"collection":[{"href":"https:\/\/zunzz.com\/vi\/wp-json\/wp\/v2\/product"}],"about":[{"href":"https:\/\/zunzz.com\/vi\/wp-json\/wp\/v2\/types\/product"}],"replies":[{"embeddable":true,"href":"https:\/\/zunzz.com\/vi\/wp-json\/wp\/v2\/comments?post=2279"}],"wp:featuredmedia":[{"embeddable":true,"href":"https:\/\/zunzz.com\/vi\/wp-json\/wp\/v2\/media\/1155"}],"wp:attachment":[{"href":"https:\/\/zunzz.com\/vi\/wp-json\/wp\/v2\/media?parent=2279"}],"wp:term":[{"taxonomy":"product_brand","embeddable":true,"href":"https:\/\/zunzz.com\/vi\/wp-json\/wp\/v2\/product_brand?post=2279"},{"taxonomy":"product_cat","embeddable":true,"href":"https:\/\/zunzz.com\/vi\/wp-json\/wp\/v2\/product_cat?post=2279"},{"taxonomy":"product_tag","embeddable":true,"href":"https:\/\/zunzz.com\/vi\/wp-json\/wp\/v2\/product_tag?post=2279"}],"curies":[{"name":"wp","href":"https:\/\/api.w.org\/{rel}","templated":true}]}}