{"id":2233,"date":"2023-11-02T12:43:48","date_gmt":"2023-11-02T12:43:48","guid":{"rendered":"https:\/\/zunzz.com\/product\/may-cuon-cap\/"},"modified":"2023-12-06T13:28:31","modified_gmt":"2023-12-06T13:28:31","slug":"cable-spooling-machine","status":"publish","type":"product","link":"https:\/\/zunzz.com\/vi\/product\/cable-spooling-machine\/","title":{"rendered":"M\u00e1y cu\u1ed9n c\u00e1p"},"content":{"rendered":"<h3>1. Gi\u1edbi thi\u1ec7u m\u00e1y cu\u1ed1n c\u00e1p<\/h3>\n<p>M\u00e1y cu\u1ed9n c\u00e1p th\u01b0\u1eddng \u0111\u01b0\u1ee3c s\u1eed d\u1ee5ng \u0111\u1ec3 cu\u1ed9n d\u00e2y c\u00e1p, d\u00e2y c\u00e1p, d\u00e2y \u0111\u1ed3ng v\u00e0 c\u00e1c lo\u1ea1i d\u00e2y cu\u1ed9n kh\u00e1c. N\u00f3 c\u00f3 th\u1ec3 t\u1ef1 \u0111\u1ed9ng cu\u1ed9n v\u00e0 \u0111\u1eb7t c\u00e1p.<\/p>\n<h3 style=\"text-align: left;\">2. C\u00e1c th\u00f4ng s\u1ed1 c\u1ee7a m\u00e1y cu\u1ed1n c\u00e1p<\/h3>\n<div class=\"table-r\">\n<table width=\"100%\">\n<tbody>\n<tr>\n<td width=\"50%\">\u0110\u01b0\u1eddng k\u00ednh \u0111\u0129a d\u00e2y<\/td>\n<td width=\"50%\">800-1250mm<\/td>\n<\/tr>\n<tr>\n<td width=\"50%\">\u0110\u01b0\u1eddng k\u00ednh d\u00e2y<\/td>\n<td width=\"50%\">D\u01b0\u1edbi 20mm<\/td>\n<\/tr>\n<tr>\n<td width=\"50%\">Quy\u1ec1n l\u1ef1c<\/td>\n<td width=\"50%\">B\u1ed9 gi\u1ea3m t\u1ed1c 7.5KW+RV130<\/td>\n<\/tr>\n<tr>\n<td width=\"50%\">V\u00f4n<\/td>\n<td width=\"50%\">Nh\u01b0 y\u00eau c\u1ea7u<\/td>\n<\/tr>\n<tr>\n<td width=\"50%\">T\u1ed1c \u0111\u1ed9<\/td>\n<td width=\"50%\">0-30m m\u1ed7i ph\u00fat<\/td>\n<\/tr>\n<\/tbody>\n<\/table>\n<p>&nbsp;<\/p>\n<\/div>\n<p><iframe title=\"wire cable spooling machine\" width=\"1060\" height=\"596\" src=\"https:\/\/www.youtube.com\/embed\/kvHdzTHdCjQ?feature=oembed\" frameborder=\"0\" allow=\"accelerometer; autoplay; clipboard-write; encrypted-media; gyroscope; picture-in-picture; web-share\" allowfullscreen><\/iframe><\/p>\n<p>&nbsp;<\/p>\n<h3>3. Ch\u1ee9c n\u0103ng c\u1ee7a m\u00e1y cu\u1ed1n c\u00e1p<\/h3>\n<p>M\u00e1y cu\u1ed1n c\u00e1p t\u1ef1 \u0111\u1ed9ng th\u01b0\u1eddng bao g\u1ed3m cu\u1ed9n c\u00e1p, \u0111\u1ed9ng c\u01a1 cu\u1ed1n c\u00e1p, b\u1ed9 \u0111i\u1ec1u khi\u1ec3n v\u00e0 c\u00e1c b\u1ed9 ph\u1eadn kh\u00e1c. Cu\u1ed9n c\u00e1p d\u00f9ng \u0111\u1ec3 qu\u1ea5n c\u00e1p, c\u00f3 th\u1ec3 xoay v\u00e0 t\u1ef1 \u0111\u1ed9ng \u0111i\u1ec1u ch\u1ec9nh \u0111\u1ed9 ch\u1eb7t c\u1ee7a c\u00e1p. \u0110\u1ed9ng c\u01a1 cu\u1ed1n \u0111\u01b0\u1ee3c s\u1eed d\u1ee5ng \u0111\u1ec3 \u0111i\u1ec1u khi\u1ec3n chuy\u1ec3n \u0111\u1ed9ng quay c\u1ee7a cu\u1ed9n c\u00e1p v\u00e0 c\u0169ng c\u00f3 th\u1ec3 \u0111i\u1ec1u khi\u1ec3n t\u1ed1c \u0111\u1ed9 v\u00e0 h\u01b0\u1edbng quay. B\u1ed9 \u0111i\u1ec1u khi\u1ec3n \u0111\u01b0\u1ee3c s\u1eed d\u1ee5ng \u0111\u1ec3 \u0111i\u1ec1u khi\u1ec3n ho\u1ea1t \u0111\u1ed9ng c\u1ee7a to\u00e0n b\u1ed9 thi\u1ebft b\u1ecb, c\u00f3 th\u1ec3 thi\u1ebft l\u1eadp c\u00e1c ch\u1ebf \u0111\u1ed9 v\u00e0 th\u00f4ng s\u1ed1 kh\u00e1c nhau theo nhu c\u1ea7u.<\/p>\n<p>N\u00f3 c\u00f3 th\u1ec3 l\u00e0m gi\u1ea3m \u0111\u00e1ng k\u1ec3 c\u01b0\u1eddng \u0111\u1ed9 lao \u0111\u1ed9ng c\u1ee7a vi\u1ec7c l\u01b0u tr\u1eef c\u00e1p th\u1ee7 c\u00f4ng v\u00e0 n\u00e2ng cao hi\u1ec7u qu\u1ea3 c\u00f4ng vi\u1ec7c. Th\u1ee9 hai, n\u00f3 c\u00f3 th\u1ec3 \u0111\u1ea3m b\u1ea3o ch\u1ea5t l\u01b0\u1ee3ng l\u01b0u tr\u1eef v\u00e0 tu\u1ed5i th\u1ecd c\u1ee7a c\u00e1p, tr\u00e1nh h\u01b0 h\u1ecfng ho\u1eb7c \u00f4 nhi\u1ec5m cho c\u00e1p. Ngo\u00e0i ra, n\u00f3 c\u0169ng c\u00f3 th\u1ec3 gi\u1ea3i ph\u00f3ng v\u00e0 t\u00e1i ch\u1ebf c\u00e1p nhanh ch\u00f3ng, gi\u00fap ng\u01b0\u1eddi d\u00f9ng s\u1eed d\u1ee5ng v\u00e0 v\u1eadn h\u00e0nh thu\u1eadn ti\u1ec7n.<\/p>\n<p><img fetchpriority=\"high\" decoding=\"async\" class=\"alignnone wp-image-1284\" src=\"https:\/\/zunzz.com\/wp-content\/uploads\/2023\/11\/cable-coiling-machine.webp\" alt=\"m\u00e1y cu\u1ed1n c\u00e1p\" width=\"1004\" height=\"1004\" srcset=\"https:\/\/zunzz.com\/wp-content\/uploads\/2023\/11\/cable-coiling-machine.webp 1200w, https:\/\/zunzz.com\/wp-content\/uploads\/2023\/11\/cable-coiling-machine-300x300.webp 300w, https:\/\/zunzz.com\/wp-content\/uploads\/2023\/11\/cable-coiling-machine-1024x1024.webp 1024w, https:\/\/zunzz.com\/wp-content\/uploads\/2023\/11\/cable-coiling-machine-150x150.webp 150w, https:\/\/zunzz.com\/wp-content\/uploads\/2023\/11\/cable-coiling-machine-768x768.webp 768w, https:\/\/zunzz.com\/wp-content\/uploads\/2023\/11\/cable-coiling-machine-570x570.webp 570w, https:\/\/zunzz.com\/wp-content\/uploads\/2023\/11\/cable-coiling-machine-500x500.webp 500w, https:\/\/zunzz.com\/wp-content\/uploads\/2023\/11\/cable-coiling-machine-1000x1000.webp 1000w, https:\/\/zunzz.com\/wp-content\/uploads\/2023\/11\/cable-coiling-machine-700x700.webp 700w, https:\/\/zunzz.com\/wp-content\/uploads\/2023\/11\/cable-coiling-machine-650x650.webp 650w, https:\/\/zunzz.com\/wp-content\/uploads\/2023\/11\/cable-coiling-machine-600x600.webp 600w, https:\/\/zunzz.com\/wp-content\/uploads\/2023\/11\/cable-coiling-machine-100x100.webp 100w\" sizes=\"(max-width: 1004px) 100vw, 1004px\" \/> <img decoding=\"async\" class=\"alignnone wp-image-1288\" src=\"https:\/\/zunzz.com\/wp-content\/uploads\/2023\/11\/cable-spooling-machine.webp\" alt=\"m\u00e1y cu\u1ed1n c\u00e1p\" width=\"999\" height=\"999\" srcset=\"https:\/\/zunzz.com\/wp-content\/uploads\/2023\/11\/cable-spooling-machine.webp 1200w, https:\/\/zunzz.com\/wp-content\/uploads\/2023\/11\/cable-spooling-machine-300x300.webp 300w, https:\/\/zunzz.com\/wp-content\/uploads\/2023\/11\/cable-spooling-machine-1024x1024.webp 1024w, https:\/\/zunzz.com\/wp-content\/uploads\/2023\/11\/cable-spooling-machine-150x150.webp 150w, https:\/\/zunzz.com\/wp-content\/uploads\/2023\/11\/cable-spooling-machine-768x768.webp 768w, https:\/\/zunzz.com\/wp-content\/uploads\/2023\/11\/cable-spooling-machine-570x570.webp 570w, https:\/\/zunzz.com\/wp-content\/uploads\/2023\/11\/cable-spooling-machine-500x500.webp 500w, https:\/\/zunzz.com\/wp-content\/uploads\/2023\/11\/cable-spooling-machine-1000x1000.webp 1000w, https:\/\/zunzz.com\/wp-content\/uploads\/2023\/11\/cable-spooling-machine-700x700.webp 700w, https:\/\/zunzz.com\/wp-content\/uploads\/2023\/11\/cable-spooling-machine-650x650.webp 650w, https:\/\/zunzz.com\/wp-content\/uploads\/2023\/11\/cable-spooling-machine-600x600.webp 600w, https:\/\/zunzz.com\/wp-content\/uploads\/2023\/11\/cable-spooling-machine-100x100.webp 100w\" sizes=\"(max-width: 999px) 100vw, 999px\" \/> <img decoding=\"async\" class=\"alignnone wp-image-1292\" src=\"https:\/\/zunzz.com\/wp-content\/uploads\/2023\/11\/spooling-machine.webp\" alt=\"m\u00e1y cu\u1ed1n c\u00e1p\" width=\"996\" height=\"996\" srcset=\"https:\/\/zunzz.com\/wp-content\/uploads\/2023\/11\/spooling-machine.webp 1200w, https:\/\/zunzz.com\/wp-content\/uploads\/2023\/11\/spooling-machine-300x300.webp 300w, https:\/\/zunzz.com\/wp-content\/uploads\/2023\/11\/spooling-machine-1024x1024.webp 1024w, https:\/\/zunzz.com\/wp-content\/uploads\/2023\/11\/spooling-machine-150x150.webp 150w, https:\/\/zunzz.com\/wp-content\/uploads\/2023\/11\/spooling-machine-768x768.webp 768w, https:\/\/zunzz.com\/wp-content\/uploads\/2023\/11\/spooling-machine-570x570.webp 570w, https:\/\/zunzz.com\/wp-content\/uploads\/2023\/11\/spooling-machine-500x500.webp 500w, https:\/\/zunzz.com\/wp-content\/uploads\/2023\/11\/spooling-machine-1000x1000.webp 1000w, https:\/\/zunzz.com\/wp-content\/uploads\/2023\/11\/spooling-machine-700x700.webp 700w, https:\/\/zunzz.com\/wp-content\/uploads\/2023\/11\/spooling-machine-650x650.webp 650w, https:\/\/zunzz.com\/wp-content\/uploads\/2023\/11\/spooling-machine-600x600.webp 600w, https:\/\/zunzz.com\/wp-content\/uploads\/2023\/11\/spooling-machine-100x100.webp 100w\" sizes=\"(max-width: 996px) 100vw, 996px\" \/> <img loading=\"lazy\" decoding=\"async\" class=\"alignnone wp-image-1296\" src=\"https:\/\/zunzz.com\/wp-content\/uploads\/2023\/11\/wire-rope-spooling-machine.webp\" alt=\"m\u00e1y cu\u1ed9n d\u00e2y c\u00e1p\" width=\"997\" height=\"997\" srcset=\"https:\/\/zunzz.com\/wp-content\/uploads\/2023\/11\/wire-rope-spooling-machine.webp 1200w, https:\/\/zunzz.com\/wp-content\/uploads\/2023\/11\/wire-rope-spooling-machine-300x300.webp 300w, https:\/\/zunzz.com\/wp-content\/uploads\/2023\/11\/wire-rope-spooling-machine-1024x1024.webp 1024w, https:\/\/zunzz.com\/wp-content\/uploads\/2023\/11\/wire-rope-spooling-machine-150x150.webp 150w, https:\/\/zunzz.com\/wp-content\/uploads\/2023\/11\/wire-rope-spooling-machine-768x768.webp 768w, https:\/\/zunzz.com\/wp-content\/uploads\/2023\/11\/wire-rope-spooling-machine-570x570.webp 570w, https:\/\/zunzz.com\/wp-content\/uploads\/2023\/11\/wire-rope-spooling-machine-500x500.webp 500w, https:\/\/zunzz.com\/wp-content\/uploads\/2023\/11\/wire-rope-spooling-machine-1000x1000.webp 1000w, https:\/\/zunzz.com\/wp-content\/uploads\/2023\/11\/wire-rope-spooling-machine-700x700.webp 700w, https:\/\/zunzz.com\/wp-content\/uploads\/2023\/11\/wire-rope-spooling-machine-650x650.webp 650w, https:\/\/zunzz.com\/wp-content\/uploads\/2023\/11\/wire-rope-spooling-machine-600x600.webp 600w, https:\/\/zunzz.com\/wp-content\/uploads\/2023\/11\/wire-rope-spooling-machine-100x100.webp 100w\" sizes=\"(max-width: 997px) 100vw, 997px\" \/><\/p>\n","protected":false},"excerpt":{"rendered":"<p>Model: CBCL-001<br class=\"yoast-text-mark\" \/>Ng\u01b0\u1eddi m\u1eabu: 1250 \u0111\u01b0\u1eddng k\u00ednh<br \/>\nT\u1ed1i \u0111a. \u0110\u01b0\u1eddng k\u00ednh: 20mm<br \/>\nC\u00f4ng su\u1ea5t: 7,5KW<br \/>\nC\u00e1ch s\u1eed d\u1ee5ng: d\u00f9ng cho d\u00e2y c\u00e1p, d\u00e2y c\u00e1p, d\u00e2y \u0111\u1ed3ng v\u00e0 c\u00e1c lo\u1ea1i d\u00e2y cu\u1ed9n kh\u00e1c<br \/>\nNg\u00f4n ng\u1eef c\u00f3 s\u1eb5n:[wpml_language_selector_widget]<\/p>\n<p><a href=\"https:\/\/zunzz.com\/vi\/contact-store\/\"><button class=\"single_add_to_cart_button button alt\" type=\"submit\">H\u1eceI NGAY<\/button><\/a><\/p>\n","protected":false},"featured_media":2234,"comment_status":"open","ping_status":"closed","template":"","meta":[],"product_brand":[],"product_cat":[220],"product_tag":[265,264],"class_list":{"0":"post-2233","1":"product","2":"type-product","3":"status-publish","4":"has-post-thumbnail","6":"product_cat-wire-rope-coiling-machine","7":"product_tag-spooling-machine","8":"product_tag-wire-rope-coiling-machine","10":"first","11":"instock","12":"taxable","13":"shipping-taxable","14":"product-type-simple"},"yoast_head":"<!-- This site is optimized with the Yoast SEO plugin v26.8 - https:\/\/yoast.com\/product\/yoast-seo-wordpress\/ -->\n<title>M\u00e1y cu\u1ed9n c\u00e1p<\/title>\n<meta name=\"description\" content=\"M\u00e1y cu\u1ed9n c\u00e1p th\u01b0\u1eddng \u0111\u01b0\u1ee3c s\u1eed d\u1ee5ng \u0111\u1ec3 cu\u1ed9n d\u00e2y c\u00e1p, d\u00e2y c\u00e1p, d\u00e2y \u0111\u1ed3ng v\u00e0 c\u00e1c lo\u1ea1i d\u00e2y cu\u1ed9n kh\u00e1c. N\u00f3 c\u00f3 th\u1ec3 t\u1ef1 \u0111\u1ed9ng cu\u1ed9n v\u00e0 \u0111\u1eb7t c\u00e1p.\" \/>\n<meta name=\"robots\" content=\"index, follow, max-snippet:-1, max-image-preview:large, max-video-preview:-1\" \/>\n<link rel=\"canonical\" href=\"https:\/\/zunzz.com\/vi\/product\/cable-spooling-machine\/\" \/>\n<meta property=\"og:locale\" content=\"vi_VN\" \/>\n<meta property=\"og:type\" content=\"article\" \/>\n<meta property=\"og:title\" content=\"M\u00e1y cu\u1ed9n c\u00e1p\" \/>\n<meta property=\"og:description\" content=\"M\u00e1y cu\u1ed9n c\u00e1p th\u01b0\u1eddng \u0111\u01b0\u1ee3c s\u1eed d\u1ee5ng \u0111\u1ec3 cu\u1ed9n d\u00e2y c\u00e1p, d\u00e2y c\u00e1p, d\u00e2y \u0111\u1ed3ng v\u00e0 c\u00e1c lo\u1ea1i d\u00e2y cu\u1ed9n kh\u00e1c. N\u00f3 c\u00f3 th\u1ec3 t\u1ef1 \u0111\u1ed9ng cu\u1ed9n v\u00e0 \u0111\u1eb7t c\u00e1p.\" \/>\n<meta property=\"og:url\" content=\"https:\/\/zunzz.com\/vi\/product\/cable-spooling-machine\/\" \/>\n<meta property=\"og:site_name\" content=\"Zunzz Wire Rope Sling Machine Company\" \/>\n<meta property=\"article:modified_time\" content=\"2023-12-06T13:28:31+00:00\" \/>\n<meta property=\"og:image\" content=\"https:\/\/zunzz.com\/wp-content\/uploads\/2023\/11\/spooling-machine.webp\" \/>\n\t<meta property=\"og:image:width\" content=\"1200\" \/>\n\t<meta property=\"og:image:height\" content=\"1200\" \/>\n\t<meta property=\"og:image:type\" content=\"image\/webp\" \/>\n<meta name=\"twitter:card\" content=\"summary_large_image\" \/>\n<meta name=\"twitter:label1\" content=\"Est. reading time\" \/>\n\t<meta name=\"twitter:data1\" content=\"2 minutes\" \/>\n<script type=\"application\/ld+json\" class=\"yoast-schema-graph\">{\"@context\":\"https:\/\/schema.org\",\"@graph\":[{\"@type\":\"WebPage\",\"@id\":\"https:\/\/zunzz.com\/vi\/product\/cable-spooling-machine\/\",\"url\":\"https:\/\/zunzz.com\/vi\/product\/cable-spooling-machine\/\",\"name\":\"M\u00e1y cu\u1ed9n c\u00e1p\",\"isPartOf\":{\"@id\":\"https:\/\/zunzz.com\/vi\/#website\"},\"primaryImageOfPage\":{\"@id\":\"https:\/\/zunzz.com\/vi\/product\/cable-spooling-machine\/#primaryimage\"},\"image\":{\"@id\":\"https:\/\/zunzz.com\/vi\/product\/cable-spooling-machine\/#primaryimage\"},\"thumbnailUrl\":\"https:\/\/zunzz.com\/wp-content\/uploads\/2023\/11\/spooling-machine.webp\",\"datePublished\":\"2023-11-02T12:43:48+00:00\",\"dateModified\":\"2023-12-06T13:28:31+00:00\",\"description\":\"M\u00e1y cu\u1ed9n c\u00e1p th\u01b0\u1eddng \u0111\u01b0\u1ee3c s\u1eed d\u1ee5ng \u0111\u1ec3 cu\u1ed9n d\u00e2y c\u00e1p, d\u00e2y c\u00e1p, d\u00e2y \u0111\u1ed3ng v\u00e0 c\u00e1c lo\u1ea1i d\u00e2y cu\u1ed9n kh\u00e1c. N\u00f3 c\u00f3 th\u1ec3 t\u1ef1 \u0111\u1ed9ng cu\u1ed9n v\u00e0 \u0111\u1eb7t c\u00e1p.\",\"breadcrumb\":{\"@id\":\"https:\/\/zunzz.com\/vi\/product\/cable-spooling-machine\/#breadcrumb\"},\"inLanguage\":\"vi-VN\",\"potentialAction\":[{\"@type\":\"ReadAction\",\"target\":[\"https:\/\/zunzz.com\/vi\/product\/cable-spooling-machine\/\"]}]},{\"@type\":\"ImageObject\",\"inLanguage\":\"vi-VN\",\"@id\":\"https:\/\/zunzz.com\/vi\/product\/cable-spooling-machine\/#primaryimage\",\"url\":\"https:\/\/zunzz.com\/wp-content\/uploads\/2023\/11\/spooling-machine.webp\",\"contentUrl\":\"https:\/\/zunzz.com\/wp-content\/uploads\/2023\/11\/spooling-machine.webp\",\"width\":1200,\"height\":1200,\"caption\":\"spooling machine\"},{\"@type\":\"BreadcrumbList\",\"@id\":\"https:\/\/zunzz.com\/vi\/product\/cable-spooling-machine\/#breadcrumb\",\"itemListElement\":[{\"@type\":\"ListItem\",\"position\":1,\"name\":\"Home\",\"item\":\"https:\/\/zunzz.com\/vi\/home\/\"},{\"@type\":\"ListItem\",\"position\":2,\"name\":\"Shop\",\"item\":\"https:\/\/zunzz.com\/bg\/shop\/\"},{\"@type\":\"ListItem\",\"position\":3,\"name\":\"M\u00e1y cu\u1ed9n c\u00e1p\"}]},{\"@type\":\"WebSite\",\"@id\":\"https:\/\/zunzz.com\/vi\/#website\",\"url\":\"https:\/\/zunzz.com\/vi\/\",\"name\":\"Zunzz Wire Rope Sling Machine Company\",\"description\":\"Zunzz Wire Rope Sling Machine Company is a leading manufacturer of wire rope sling machines and related products.\",\"publisher\":{\"@id\":\"https:\/\/zunzz.com\/vi\/#organization\"},\"potentialAction\":[{\"@type\":\"SearchAction\",\"target\":{\"@type\":\"EntryPoint\",\"urlTemplate\":\"https:\/\/zunzz.com\/vi\/?s={search_term_string}\"},\"query-input\":{\"@type\":\"PropertyValueSpecification\",\"valueRequired\":true,\"valueName\":\"search_term_string\"}}],\"inLanguage\":\"vi-VN\"},{\"@type\":\"Organization\",\"@id\":\"https:\/\/zunzz.com\/vi\/#organization\",\"name\":\"Zunzz Wire Rope Sling Machine Company\",\"url\":\"https:\/\/zunzz.com\/vi\/\",\"logo\":{\"@type\":\"ImageObject\",\"inLanguage\":\"vi-VN\",\"@id\":\"https:\/\/zunzz.com\/vi\/#\/schema\/logo\/image\/\",\"url\":\"https:\/\/zunzz.com\/wp-content\/uploads\/2023\/09\/Logo.png\",\"contentUrl\":\"https:\/\/zunzz.com\/wp-content\/uploads\/2023\/09\/Logo.png\",\"width\":171,\"height\":133,\"caption\":\"Zunzz Wire Rope Sling Machine Company\"},\"image\":{\"@id\":\"https:\/\/zunzz.com\/vi\/#\/schema\/logo\/image\/\"}}]}<\/script>\n<!-- \/ Yoast SEO plugin. -->","yoast_head_json":{"title":"M\u00e1y cu\u1ed9n c\u00e1p","description":"M\u00e1y cu\u1ed9n c\u00e1p th\u01b0\u1eddng \u0111\u01b0\u1ee3c s\u1eed d\u1ee5ng \u0111\u1ec3 cu\u1ed9n d\u00e2y c\u00e1p, d\u00e2y c\u00e1p, d\u00e2y \u0111\u1ed3ng v\u00e0 c\u00e1c lo\u1ea1i d\u00e2y cu\u1ed9n kh\u00e1c. N\u00f3 c\u00f3 th\u1ec3 t\u1ef1 \u0111\u1ed9ng cu\u1ed9n v\u00e0 \u0111\u1eb7t c\u00e1p.","robots":{"index":"index","follow":"follow","max-snippet":"max-snippet:-1","max-image-preview":"max-image-preview:large","max-video-preview":"max-video-preview:-1"},"canonical":"https:\/\/zunzz.com\/vi\/product\/cable-spooling-machine\/","og_locale":"vi_VN","og_type":"article","og_title":"M\u00e1y cu\u1ed9n c\u00e1p","og_description":"M\u00e1y cu\u1ed9n c\u00e1p th\u01b0\u1eddng \u0111\u01b0\u1ee3c s\u1eed d\u1ee5ng \u0111\u1ec3 cu\u1ed9n d\u00e2y c\u00e1p, d\u00e2y c\u00e1p, d\u00e2y \u0111\u1ed3ng v\u00e0 c\u00e1c lo\u1ea1i d\u00e2y cu\u1ed9n kh\u00e1c. N\u00f3 c\u00f3 th\u1ec3 t\u1ef1 \u0111\u1ed9ng cu\u1ed9n v\u00e0 \u0111\u1eb7t c\u00e1p.","og_url":"https:\/\/zunzz.com\/vi\/product\/cable-spooling-machine\/","og_site_name":"Zunzz Wire Rope Sling Machine Company","article_modified_time":"2023-12-06T13:28:31+00:00","og_image":[{"width":1200,"height":1200,"url":"https:\/\/zunzz.com\/wp-content\/uploads\/2023\/11\/spooling-machine.webp","type":"image\/webp"}],"twitter_card":"summary_large_image","twitter_misc":{"Est. reading time":"2 minutes"},"schema":{"@context":"https:\/\/schema.org","@graph":[{"@type":"WebPage","@id":"https:\/\/zunzz.com\/vi\/product\/cable-spooling-machine\/","url":"https:\/\/zunzz.com\/vi\/product\/cable-spooling-machine\/","name":"M\u00e1y cu\u1ed9n c\u00e1p","isPartOf":{"@id":"https:\/\/zunzz.com\/vi\/#website"},"primaryImageOfPage":{"@id":"https:\/\/zunzz.com\/vi\/product\/cable-spooling-machine\/#primaryimage"},"image":{"@id":"https:\/\/zunzz.com\/vi\/product\/cable-spooling-machine\/#primaryimage"},"thumbnailUrl":"https:\/\/zunzz.com\/wp-content\/uploads\/2023\/11\/spooling-machine.webp","datePublished":"2023-11-02T12:43:48+00:00","dateModified":"2023-12-06T13:28:31+00:00","description":"M\u00e1y cu\u1ed9n c\u00e1p th\u01b0\u1eddng \u0111\u01b0\u1ee3c s\u1eed d\u1ee5ng \u0111\u1ec3 cu\u1ed9n d\u00e2y c\u00e1p, d\u00e2y c\u00e1p, d\u00e2y \u0111\u1ed3ng v\u00e0 c\u00e1c lo\u1ea1i d\u00e2y cu\u1ed9n kh\u00e1c. N\u00f3 c\u00f3 th\u1ec3 t\u1ef1 \u0111\u1ed9ng cu\u1ed9n v\u00e0 \u0111\u1eb7t c\u00e1p.","breadcrumb":{"@id":"https:\/\/zunzz.com\/vi\/product\/cable-spooling-machine\/#breadcrumb"},"inLanguage":"vi-VN","potentialAction":[{"@type":"ReadAction","target":["https:\/\/zunzz.com\/vi\/product\/cable-spooling-machine\/"]}]},{"@type":"ImageObject","inLanguage":"vi-VN","@id":"https:\/\/zunzz.com\/vi\/product\/cable-spooling-machine\/#primaryimage","url":"https:\/\/zunzz.com\/wp-content\/uploads\/2023\/11\/spooling-machine.webp","contentUrl":"https:\/\/zunzz.com\/wp-content\/uploads\/2023\/11\/spooling-machine.webp","width":1200,"height":1200,"caption":"spooling machine"},{"@type":"BreadcrumbList","@id":"https:\/\/zunzz.com\/vi\/product\/cable-spooling-machine\/#breadcrumb","itemListElement":[{"@type":"ListItem","position":1,"name":"Home","item":"https:\/\/zunzz.com\/vi\/home\/"},{"@type":"ListItem","position":2,"name":"Shop","item":"https:\/\/zunzz.com\/bg\/shop\/"},{"@type":"ListItem","position":3,"name":"M\u00e1y cu\u1ed9n c\u00e1p"}]},{"@type":"WebSite","@id":"https:\/\/zunzz.com\/vi\/#website","url":"https:\/\/zunzz.com\/vi\/","name":"Zunzz Wire Rope Sling Machine Company","description":"Zunzz Wire Rope Sling Machine Company is a leading manufacturer of wire rope sling machines and related products.","publisher":{"@id":"https:\/\/zunzz.com\/vi\/#organization"},"potentialAction":[{"@type":"SearchAction","target":{"@type":"EntryPoint","urlTemplate":"https:\/\/zunzz.com\/vi\/?s={search_term_string}"},"query-input":{"@type":"PropertyValueSpecification","valueRequired":true,"valueName":"search_term_string"}}],"inLanguage":"vi-VN"},{"@type":"Organization","@id":"https:\/\/zunzz.com\/vi\/#organization","name":"Zunzz Wire Rope Sling Machine Company","url":"https:\/\/zunzz.com\/vi\/","logo":{"@type":"ImageObject","inLanguage":"vi-VN","@id":"https:\/\/zunzz.com\/vi\/#\/schema\/logo\/image\/","url":"https:\/\/zunzz.com\/wp-content\/uploads\/2023\/09\/Logo.png","contentUrl":"https:\/\/zunzz.com\/wp-content\/uploads\/2023\/09\/Logo.png","width":171,"height":133,"caption":"Zunzz Wire Rope Sling Machine Company"},"image":{"@id":"https:\/\/zunzz.com\/vi\/#\/schema\/logo\/image\/"}}]}},"_links":{"self":[{"href":"https:\/\/zunzz.com\/vi\/wp-json\/wp\/v2\/product\/2233","targetHints":{"allow":["GET"]}}],"collection":[{"href":"https:\/\/zunzz.com\/vi\/wp-json\/wp\/v2\/product"}],"about":[{"href":"https:\/\/zunzz.com\/vi\/wp-json\/wp\/v2\/types\/product"}],"replies":[{"embeddable":true,"href":"https:\/\/zunzz.com\/vi\/wp-json\/wp\/v2\/comments?post=2233"}],"wp:featuredmedia":[{"embeddable":true,"href":"https:\/\/zunzz.com\/vi\/wp-json\/wp\/v2\/media\/2234"}],"wp:attachment":[{"href":"https:\/\/zunzz.com\/vi\/wp-json\/wp\/v2\/media?parent=2233"}],"wp:term":[{"taxonomy":"product_brand","embeddable":true,"href":"https:\/\/zunzz.com\/vi\/wp-json\/wp\/v2\/product_brand?post=2233"},{"taxonomy":"product_cat","embeddable":true,"href":"https:\/\/zunzz.com\/vi\/wp-json\/wp\/v2\/product_cat?post=2233"},{"taxonomy":"product_tag","embeddable":true,"href":"https:\/\/zunzz.com\/vi\/wp-json\/wp\/v2\/product_tag?post=2233"}],"curies":[{"name":"wp","href":"https:\/\/api.w.org\/{rel}","templated":true}]}}