{"id":1990,"date":"2020-01-15T11:46:42","date_gmt":"2020-01-15T11:46:42","guid":{"rendered":"https:\/\/zunzz.com\/lien-he-cua-hang\/"},"modified":"2025-12-18T04:46:13","modified_gmt":"2025-12-18T04:46:13","slug":"contact-store","status":"publish","type":"page","link":"https:\/\/zunzz.com\/vi\/contact-store\/","title":{"rendered":"Li\u00ean h\u1ec7 v\u1edbi ch\u00fang t\u00f4i"},"content":{"rendered":"\t\t<div data-elementor-type=\"wp-page\" data-elementor-id=\"1990\" class=\"elementor elementor-1990 elementor-216\">\n\t\t\t\t\t\t<section class=\"elementor-section elementor-top-section elementor-element elementor-element-df9a266 elementor-section-boxed elementor-section-height-default elementor-section-height-default parallax_section_no qode_elementor_container_no\" data-id=\"df9a266\" data-element_type=\"section\">\n\t\t\t\t\t\t<div class=\"elementor-container elementor-column-gap-no\">\n\t\t\t\t\t<div class=\"elementor-column elementor-col-100 elementor-top-column elementor-element elementor-element-091e373\" data-id=\"091e373\" data-element_type=\"column\">\n\t\t\t<div class=\"elementor-widget-wrap elementor-element-populated\">\n\t\t\t\t\t\t<div class=\"elementor-element elementor-element-7139971 elementor-widget elementor-widget-text-editor\" data-id=\"7139971\" data-element_type=\"widget\" data-widget_type=\"text-editor.default\">\n\t\t\t\t<div class=\"elementor-widget-container\">\n\t\t\t\t\t\t\t\t\t<h1>Nh\u1eafn tin cho ch\u00fang t\u00f4i v\u00e0 th\u00f4ng tin li\u00ean h\u1ec7<\/h1>\t\t\t\t\t\t\t\t<\/div>\n\t\t\t\t<\/div>\n\t\t\t\t<div class=\"elementor-element elementor-element-f212a64 elementor-widget elementor-widget-text-editor\" data-id=\"f212a64\" data-element_type=\"widget\" data-widget_type=\"text-editor.default\">\n\t\t\t\t<div class=\"elementor-widget-container\">\n\t\t\t\t\t\t\t\t\t<h6>(T\u00edch h\u1ee3p nghi\u00ean c\u1ee9u khoa h\u1ecdc, s\u1ea3n xu\u1ea5t v\u00e0 b\u00e1n h\u00e0ng.)<\/h6>\t\t\t\t\t\t\t\t<\/div>\n\t\t\t\t<\/div>\n\t\t\t\t\t<\/div>\n\t\t<\/div>\n\t\t\t\t\t<\/div>\n\t\t<\/section>\n\t\t\t\t<section class=\"elementor-section elementor-top-section elementor-element elementor-element-ab604e5 elementor-section-boxed elementor-section-height-default elementor-section-height-default parallax_section_no qode_elementor_container_no\" data-id=\"ab604e5\" data-element_type=\"section\">\n\t\t\t\t\t\t<div class=\"elementor-container elementor-column-gap-no\">\n\t\t\t\t\t<div class=\"elementor-column elementor-col-100 elementor-top-column elementor-element elementor-element-5dc8846\" data-id=\"5dc8846\" data-element_type=\"column\">\n\t\t\t<div class=\"elementor-widget-wrap elementor-element-populated\">\n\t\t\t\t\t\t<div class=\"elementor-element elementor-element-00fab70 elementor-widget__width-initial elementor-widget elementor-widget-bridge_cf_7\" data-id=\"00fab70\" data-element_type=\"widget\" data-widget_type=\"bridge_cf_7.default\">\n\t\t\t\t<div class=\"elementor-widget-container\">\n\t\t\t\t\t    <div class=\"qode-contact-form-7 qode-contact-form-7-0\">\n    \n<div class=\"wpcf7 no-js\" id=\"wpcf7-f5905-o1\" lang=\"vi-VN\" dir=\"ltr\" data-wpcf7-id=\"5905\">\n<div class=\"screen-reader-response\"><p role=\"status\" aria-live=\"polite\" aria-atomic=\"true\"><\/p> <ul><\/ul><\/div>\n<form action=\"\/vi\/wp-json\/wp\/v2\/pages\/1990#wpcf7-f5905-o1\" method=\"post\" class=\"wpcf7-form init cf7_custom_style_2\" aria-label=\"Contact form\" novalidate=\"novalidate\" data-status=\"init\">\n<fieldset class=\"hidden-fields-container\"><input type=\"hidden\" name=\"_wpcf7\" value=\"5905\" \/><input type=\"hidden\" name=\"_wpcf7_version\" value=\"6.1.4\" \/><input type=\"hidden\" name=\"_wpcf7_locale\" value=\"vi_VN\" \/><input type=\"hidden\" name=\"_wpcf7_unit_tag\" value=\"wpcf7-f5905-o1\" \/><input type=\"hidden\" name=\"_wpcf7_container_post\" value=\"0\" \/><input type=\"hidden\" name=\"_wpcf7_posted_data_hash\" value=\"\" \/>\n<\/fieldset>\n<div class=\"wpcf7-turnstile cf-turnstile\" data-sitekey=\"0x4AAAAAACHlhHyKtoljFN8P\" data-response-field-name=\"_wpcf7_turnstile_response\"><\/div>\n\n<div class=\"row\">\n\n    <div class=\"col-12\">\n <span class=\"wpcf7-form-control-wrap\" data-name=\"your-email\"><input size=\"40\" maxlength=\"400\" class=\"wpcf7-form-control wpcf7-email wpcf7-validates-as-required wpcf7-text wpcf7-validates-as-email\" aria-required=\"true\" aria-invalid=\"false\" placeholder=\"Correo electr\u00f3nico *\" value=\"\" type=\"email\" name=\"your-email\" \/><\/span>\n    <\/div>\n\n    <div class=\"col-12\">\n <span class=\"wpcf7-form-control-wrap\" data-name=\"your-name\"><input size=\"40\" maxlength=\"400\" class=\"wpcf7-form-control wpcf7-text wpcf7-validates-as-required\" aria-required=\"true\" aria-invalid=\"false\" placeholder=\"Nombre *\" value=\"\" type=\"text\" name=\"your-name\" \/><\/span>\n    <\/div>\n\n    <div class=\"col-12\">\n        <span class=\"wpcf7-form-control-wrap\" data-name=\"your-phone\"><input size=\"40\" maxlength=\"400\" class=\"wpcf7-form-control wpcf7-text\" aria-invalid=\"false\" placeholder=\"Tel \/ WhatsApp (opcional)\" value=\"\" type=\"text\" name=\"your-phone\" \/><\/span>\n    <\/div>\n\n    <div class=\"col-12\">\n        <span class=\"wpcf7-form-control-wrap\" data-name=\"your-message\"><textarea cols=\"40\" rows=\"10\" maxlength=\"2000\" class=\"wpcf7-form-control wpcf7-textarea\" aria-invalid=\"false\" placeholder=\"Escribe tu mensaje aqu\u00ed \u2014 te responderemos en 24 horas\" name=\"your-message\"><\/textarea><\/span>\n    <\/div>\n\n    <div class=\"col-12\">\n        <input class=\"wpcf7-form-control wpcf7-submit has-spinner\" type=\"submit\" value=\"Mensaje\" \/>\n    <\/div>\n\n<\/div><div class=\"wpcf7-response-output\" aria-hidden=\"true\"><\/div>\n<\/form>\n<\/div>\n    <\/div>\n\t\t\t\t<\/div>\n\t\t\t\t<\/div>\n\t\t\t\t\t<\/div>\n\t\t<\/div>\n\t\t\t\t\t<\/div>\n\t\t<\/section>\n\t\t<div class=\"elementor-element elementor-element-029bfc3 e-flex e-con-boxed parallax_section_no qode_elementor_container_no e-con e-parent\" data-id=\"029bfc3\" data-element_type=\"container\">\n\t\t\t\t\t<div class=\"e-con-inner\">\n\t\t<div class=\"elementor-element elementor-element-7a6eabf e-con-full e-flex parallax_section_no qode_elementor_container_no e-con e-child\" data-id=\"7a6eabf\" data-element_type=\"container\">\n\t\t\t\t<div class=\"elementor-element elementor-element-7a44232 elementor-widget elementor-widget-text-editor\" data-id=\"7a44232\" data-element_type=\"widget\" data-widget_type=\"text-editor.default\">\n\t\t\t\t<div class=\"elementor-widget-container\">\n\t\t\t\t\t\t\t\t\t<h5><span style=\"color: #a19169;\">B\u00e1n s\u1ea3n ph\u1ea9m<\/span><\/h5>\t\t\t\t\t\t\t\t<\/div>\n\t\t\t\t<\/div>\n\t\t\t\t<div class=\"elementor-element elementor-element-94ee8ab elementor-widget elementor-widget-bridge_icon_text\" data-id=\"94ee8ab\" data-element_type=\"widget\" data-widget_type=\"bridge_icon_text.default\">\n\t\t\t\t<div class=\"elementor-widget-container\">\n\t\t\t\t\t<div class='q_icon_with_title tiny normal_icon '><div class=\"icon_holder \" style=\" \"><span data-icon-type=\"normal\" style=\"font-size: 13px\" class=\"qode_iwt_icon_holder q_font_awsome_icon   \"><span aria-hidden=\"true\" class=\"qode_icon_font_elegant icon_phone qode_iwt_icon_element\"><\/span><\/span><\/div><div class=\"icon_text_holder\" style=\"\"><div class=\"icon_text_inner\" style=\"\"><h6 class=\"icon_title\" style=\"\">0086-150-28292364<\/h6><p style=''><\/p><\/div><\/div><\/div>\t\t\t\t<\/div>\n\t\t\t\t<\/div>\n\t\t\t\t<div class=\"elementor-element elementor-element-80492ea elementor-widget elementor-widget-bridge_icon_text\" data-id=\"80492ea\" data-element_type=\"widget\" data-widget_type=\"bridge_icon_text.default\">\n\t\t\t\t<div class=\"elementor-widget-container\">\n\t\t\t\t\t<div class='q_icon_with_title tiny normal_icon '><div class=\"icon_holder \" style=\" \"><span data-icon-type=\"normal\" style=\"font-size: 13px\" class=\"qode_iwt_icon_holder q_font_awsome_icon   \"><span aria-hidden=\"true\" class=\"qode_icon_font_elegant icon_mail qode_iwt_icon_element\"><\/span><\/span><\/div><div class=\"icon_text_holder\" style=\"\"><div class=\"icon_text_inner\" style=\"\"><h6 class=\"icon_title\" style=\"\">inquiry@zunzz.com<\/h6><p style=''><\/p><\/div><\/div><\/div>\t\t\t\t<\/div>\n\t\t\t\t<\/div>\n\t\t\t\t<div class=\"elementor-element elementor-element-a0a530b elementor-widget elementor-widget-text-editor\" data-id=\"a0a530b\" data-element_type=\"widget\" data-widget_type=\"text-editor.default\">\n\t\t\t\t<div class=\"elementor-widget-container\">\n\t\t\t\t\t\t\t\t\t<p><strong>Gi\u1edd m\u1edf c\u1eeda<\/strong>: 24\/7<\/p>\t\t\t\t\t\t\t\t<\/div>\n\t\t\t\t<\/div>\n\t\t\t\t<\/div>\n\t\t<div class=\"elementor-element elementor-element-0419c0a e-con-full e-flex parallax_section_no qode_elementor_container_no e-con e-child\" data-id=\"0419c0a\" data-element_type=\"container\">\n\t\t\t\t<div class=\"elementor-element elementor-element-f5387a5 elementor-widget elementor-widget-text-editor\" data-id=\"f5387a5\" data-element_type=\"widget\" data-widget_type=\"text-editor.default\">\n\t\t\t\t<div class=\"elementor-widget-container\">\n\t\t\t\t\t\t\t\t\t<h5><span style=\"color: #a19169;\">T\u01b0 v\u1ea5n k\u1ef9 thu\u1eadt<\/span><\/h5>\t\t\t\t\t\t\t\t<\/div>\n\t\t\t\t<\/div>\n\t\t\t\t<div class=\"elementor-element elementor-element-a5ac1cd elementor-widget elementor-widget-bridge_icon_text\" data-id=\"a5ac1cd\" data-element_type=\"widget\" data-widget_type=\"bridge_icon_text.default\">\n\t\t\t\t<div class=\"elementor-widget-container\">\n\t\t\t\t\t<div class='q_icon_with_title tiny normal_icon '><div class=\"icon_holder \" style=\" \"><span data-icon-type=\"normal\" style=\"font-size: 13px\" class=\"qode_iwt_icon_holder q_font_awsome_icon   \"><span aria-hidden=\"true\" class=\"qode_icon_font_elegant icon_phone qode_iwt_icon_element\"><\/span><\/span><\/div><div class=\"icon_text_holder\" style=\"\"><div class=\"icon_text_inner\" style=\"\"><h6 class=\"icon_title\" style=\"\">0086-182-33330917<\/h6><p style=''><\/p><\/div><\/div><\/div>\t\t\t\t<\/div>\n\t\t\t\t<\/div>\n\t\t\t\t<div class=\"elementor-element elementor-element-112d9e0 elementor-widget elementor-widget-bridge_icon_text\" data-id=\"112d9e0\" data-element_type=\"widget\" data-widget_type=\"bridge_icon_text.default\">\n\t\t\t\t<div class=\"elementor-widget-container\">\n\t\t\t\t\t<div class='q_icon_with_title tiny normal_icon '><div class=\"icon_holder \" style=\" \"><span data-icon-type=\"normal\" style=\"font-size: 13px\" class=\"qode_iwt_icon_holder q_font_awsome_icon   \"><span aria-hidden=\"true\" class=\"qode_icon_font_elegant icon_mail qode_iwt_icon_element\"><\/span><\/span><\/div><div class=\"icon_text_holder\" style=\"\"><div class=\"icon_text_inner\" style=\"\"><h6 class=\"icon_title\" style=\"\">zunzzmachine@gmail.com<\/h6><p style=''><\/p><\/div><\/div><\/div>\t\t\t\t<\/div>\n\t\t\t\t<\/div>\n\t\t\t\t<div class=\"elementor-element elementor-element-4f118a4 elementor-widget elementor-widget-text-editor\" data-id=\"4f118a4\" data-element_type=\"widget\" data-widget_type=\"text-editor.default\">\n\t\t\t\t<div class=\"elementor-widget-container\">\n\t\t\t\t\t\t\t\t\t<p><strong>Th\u1ee9 Hai \u0111\u1ebfn Th\u1ee9 S\u00e1u<\/strong>: 8:30 s\u00e1ng \u2013 5:30 chi\u1ec1u. (UTC+8)<\/p>\t\t\t\t\t\t\t\t<\/div>\n\t\t\t\t<\/div>\n\t\t\t\t<\/div>\n\t\t<div class=\"elementor-element elementor-element-85793d0 e-con-full e-flex parallax_section_no qode_elementor_container_no e-con e-child\" data-id=\"85793d0\" data-element_type=\"container\">\n\t\t\t\t<div class=\"elementor-element elementor-element-2c009eb elementor-widget elementor-widget-text-editor\" data-id=\"2c009eb\" data-element_type=\"widget\" data-widget_type=\"text-editor.default\">\n\t\t\t\t<div class=\"elementor-widget-container\">\n\t\t\t\t\t\t\t\t\t<h5><span style=\"color: #a19169;\">\u0110\u1ecba \u0111i\u1ec3m<\/span><\/h5>\t\t\t\t\t\t\t\t<\/div>\n\t\t\t\t<\/div>\n\t\t\t\t<div class=\"elementor-element elementor-element-3014671 elementor-widget elementor-widget-bridge_icon_text\" data-id=\"3014671\" data-element_type=\"widget\" data-widget_type=\"bridge_icon_text.default\">\n\t\t\t\t<div class=\"elementor-widget-container\">\n\t\t\t\t\t<div class='q_icon_with_title tiny normal_icon '><div class=\"icon_holder \" style=\" \"><span data-icon-type=\"normal\" style=\"font-size: 13px\" class=\"qode_iwt_icon_holder q_font_awsome_icon   \"><span aria-hidden=\"true\" class=\"qode_icon_font_elegant icon_pin qode_iwt_icon_element\"><\/span><\/span><\/div><div class=\"icon_text_holder\" style=\"\"><div class=\"icon_text_inner\" style=\"\"><h6 class=\"icon_title\" style=\"\">B\u1ea3o \u0110\u1ecbnh, H\u00e0 B\u1eafc, Trung Qu\u1ed1c<\/h6><p style=''><\/p><\/div><\/div><\/div>\t\t\t\t<\/div>\n\t\t\t\t<\/div>\n\t\t\t\t<div class=\"elementor-element elementor-element-f4d3a96 elementor-widget elementor-widget-text-editor\" data-id=\"f4d3a96\" data-element_type=\"widget\" data-widget_type=\"text-editor.default\">\n\t\t\t\t<div class=\"elementor-widget-container\">\n\t\t\t\t\t\t\t\t\t<p>B\u1ea1n c\u0169ng c\u00f3 th\u1ec3 tr\u00f2 chuy\u1ec7n tho\u1ea3i m\u00e1i v\u1edbi ch\u00fang t\u00f4i qua WhatsApp:<\/p>\t\t\t\t\t\t\t\t<\/div>\n\t\t\t\t<\/div>\n\t\t\t\t<div class=\"elementor-element elementor-element-623a678 elementor-widget elementor-widget-button\" data-id=\"623a678\" data-element_type=\"widget\" data-widget_type=\"button.default\">\n\t\t\t\t<div class=\"elementor-widget-container\">\n\t\t\t\t\t\t\t\t\t<div class=\"elementor-button-wrapper\">\n\t\t\t\t\t<a class=\"elementor-button elementor-button-link elementor-size-sm\" href=\"https:\/\/wa.me\/8615028292364\">\n\t\t\t\t\t\t<span class=\"elementor-button-content-wrapper\">\n\t\t\t\t\t\t\t\t\t<span class=\"elementor-button-text\">Li\u00ean h\u1ec7 v\u1edbi ch\u00fang t\u00f4i qua WhatsApp<\/span>\n\t\t\t\t\t<\/span>\n\t\t\t\t\t<\/a>\n\t\t\t\t<\/div>\n\t\t\t\t\t\t\t\t<\/div>\n\t\t\t\t<\/div>\n\t\t\t\t<\/div>\n\t\t\t\t\t<\/div>\n\t\t\t\t<\/div>\n\t\t\t\t<section class=\"elementor-section elementor-top-section elementor-element elementor-element-bc3d813 elementor-section-boxed elementor-section-height-default elementor-section-height-default parallax_section_no qode_elementor_container_no\" data-id=\"bc3d813\" data-element_type=\"section\">\n\t\t\t\t\t\t<div class=\"elementor-container elementor-column-gap-no\">\n\t\t\t\t\t<div class=\"elementor-column elementor-col-100 elementor-top-column elementor-element elementor-element-2c93449\" data-id=\"2c93449\" data-element_type=\"column\">\n\t\t\t<div class=\"elementor-widget-wrap elementor-element-populated\">\n\t\t\t\t\t\t<div class=\"elementor-element elementor-element-2d05bab elementor-widget__width-initial elementor-widget elementor-widget-google_maps\" data-id=\"2d05bab\" data-element_type=\"widget\" data-widget_type=\"google_maps.default\">\n\t\t\t\t<div class=\"elementor-widget-container\">\n\t\t\t\t\t\t\t<div class=\"elementor-custom-embed\">\n\t\t\t<iframe loading=\"lazy\"\n\t\t\t\t\tsrc=\"https:\/\/maps.google.com\/maps?q=Baoding%2C%20Hebei%2C%20China&#038;t=m&#038;z=10&#038;output=embed&#038;iwloc=near\"\n\t\t\t\t\ttitle=\"Baoding, Hebei, China\"\n\t\t\t\t\taria-label=\"Baoding, Hebei, China\"\n\t\t\t><\/iframe>\n\t\t<\/div>\n\t\t\t\t\t\t<\/div>\n\t\t\t\t<\/div>\n\t\t\t\t\t<\/div>\n\t\t<\/div>\n\t\t\t\t\t<\/div>\n\t\t<\/section>\n\t\t\t\t<\/div>\n\t\t","protected":false},"excerpt":{"rendered":"<p>Nh\u1eafn tin cho ch\u00fang t\u00f4i v\u00e0 th\u00f4ng tin li\u00ean h\u1ec7 (T\u00edch h\u1ee3p nghi\u00ean c\u1ee9u khoa h\u1ecdc, s\u1ea3n xu\u1ea5t v\u00e0 b\u00e1n h\u00e0ng.) B\u00e1n s\u1ea3n ph\u1ea9m 0086-150-28292364 inquiry@zunzz.com Gi\u1edd m\u1edf c\u1eeda: 24\/7 T\u01b0 v\u1ea5n k\u1ef9 thu\u1eadt 0086-182-33330917 zunzzmachine@gmail.com Th\u1ee9 Hai \u0111\u1ebfn Th\u1ee9 S\u00e1u: 8:30 s\u00e1ng \u2013 5:30&#8230;<\/p>\n","protected":false},"author":1,"featured_media":5858,"parent":0,"menu_order":0,"comment_status":"closed","ping_status":"closed","template":"","meta":{"footnotes":""},"class_list":["post-1990","page","type-page","status-publish","has-post-thumbnail","hentry"],"yoast_head":"<!-- This site is optimized with the Yoast SEO plugin v26.8 - https:\/\/yoast.com\/product\/yoast-seo-wordpress\/ -->\n<title>Li\u00ean h\u1ec7 v\u1edbi ch\u00fang t\u00f4i - C\u00f4ng ty m\u00e1y k\u00e9o d\u00e2y Zunzz<\/title>\n<meta name=\"description\" content=\"M\u1ecdi th\u1eafc m\u1eafc v\u1ec1 s\u1ea3n ph\u1ea9m ho\u1eb7c d\u1ecbch v\u1ee5 c\u1ee7a C\u00f4ng ty m\u00e1y d\u00e2y d\u00e2y Zunzz ho\u1eb7c n\u1ebfu b\u1ea1n mu\u1ed1n t\u00ecm hi\u1ec3u th\u00eam th\u00f4ng tin, vui l\u00f2ng li\u00ean h\u1ec7 v\u1edbi ch\u00fang t\u00f4i b\u1ea5t c\u1ee9 l\u00fac n\u00e0o.\" \/>\n<meta name=\"robots\" content=\"index, follow, max-snippet:-1, max-image-preview:large, max-video-preview:-1\" \/>\n<link rel=\"canonical\" href=\"https:\/\/zunzz.com\/vi\/contact-store\/\" \/>\n<meta property=\"og:locale\" content=\"vi_VN\" \/>\n<meta property=\"og:type\" content=\"article\" \/>\n<meta property=\"og:title\" content=\"Li\u00ean h\u1ec7 v\u1edbi ch\u00fang t\u00f4i - C\u00f4ng ty m\u00e1y k\u00e9o d\u00e2y Zunzz\" \/>\n<meta property=\"og:description\" content=\"M\u1ecdi th\u1eafc m\u1eafc v\u1ec1 s\u1ea3n ph\u1ea9m ho\u1eb7c d\u1ecbch v\u1ee5 c\u1ee7a C\u00f4ng ty m\u00e1y d\u00e2y d\u00e2y Zunzz ho\u1eb7c n\u1ebfu b\u1ea1n mu\u1ed1n t\u00ecm hi\u1ec3u th\u00eam th\u00f4ng tin, vui l\u00f2ng li\u00ean h\u1ec7 v\u1edbi ch\u00fang t\u00f4i b\u1ea5t c\u1ee9 l\u00fac n\u00e0o.\" \/>\n<meta property=\"og:url\" content=\"https:\/\/zunzz.com\/vi\/contact-store\/\" \/>\n<meta property=\"og:site_name\" content=\"Zunzz Wire Rope Sling Machine Company\" \/>\n<meta property=\"article:modified_time\" content=\"2025-12-18T04:46:13+00:00\" \/>\n<meta property=\"og:image\" content=\"https:\/\/zunzz.com\/wp-content\/uploads\/2025\/12\/Production-workshop-1.webp\" \/>\n\t<meta property=\"og:image:width\" content=\"1000\" \/>\n\t<meta property=\"og:image:height\" content=\"1000\" \/>\n\t<meta property=\"og:image:type\" content=\"image\/webp\" \/>\n<meta name=\"twitter:card\" content=\"summary_large_image\" \/>\n<meta name=\"twitter:label1\" content=\"Est. reading time\" \/>\n\t<meta name=\"twitter:data1\" content=\"1 minute\" \/>\n<script type=\"application\/ld+json\" class=\"yoast-schema-graph\">{\"@context\":\"https:\/\/schema.org\",\"@graph\":[{\"@type\":\"WebPage\",\"@id\":\"https:\/\/zunzz.com\/vi\/contact-store\/\",\"url\":\"https:\/\/zunzz.com\/vi\/contact-store\/\",\"name\":\"Li\u00ean h\u1ec7 v\u1edbi ch\u00fang t\u00f4i - C\u00f4ng ty m\u00e1y k\u00e9o d\u00e2y Zunzz\",\"isPartOf\":{\"@id\":\"https:\/\/zunzz.com\/vi\/#website\"},\"primaryImageOfPage\":{\"@id\":\"https:\/\/zunzz.com\/vi\/contact-store\/#primaryimage\"},\"image\":{\"@id\":\"https:\/\/zunzz.com\/vi\/contact-store\/#primaryimage\"},\"thumbnailUrl\":\"https:\/\/zunzz.com\/wp-content\/uploads\/2025\/12\/Production-workshop-1.webp\",\"datePublished\":\"2020-01-15T11:46:42+00:00\",\"dateModified\":\"2025-12-18T04:46:13+00:00\",\"description\":\"M\u1ecdi th\u1eafc m\u1eafc v\u1ec1 s\u1ea3n ph\u1ea9m ho\u1eb7c d\u1ecbch v\u1ee5 c\u1ee7a C\u00f4ng ty m\u00e1y d\u00e2y d\u00e2y Zunzz ho\u1eb7c n\u1ebfu b\u1ea1n mu\u1ed1n t\u00ecm hi\u1ec3u th\u00eam th\u00f4ng tin, vui l\u00f2ng li\u00ean h\u1ec7 v\u1edbi ch\u00fang t\u00f4i b\u1ea5t c\u1ee9 l\u00fac n\u00e0o.\",\"breadcrumb\":{\"@id\":\"https:\/\/zunzz.com\/vi\/contact-store\/#breadcrumb\"},\"inLanguage\":\"vi-VN\",\"potentialAction\":[{\"@type\":\"ReadAction\",\"target\":[\"https:\/\/zunzz.com\/vi\/contact-store\/\"]}]},{\"@type\":\"ImageObject\",\"inLanguage\":\"vi-VN\",\"@id\":\"https:\/\/zunzz.com\/vi\/contact-store\/#primaryimage\",\"url\":\"https:\/\/zunzz.com\/wp-content\/uploads\/2025\/12\/Production-workshop-1.webp\",\"contentUrl\":\"https:\/\/zunzz.com\/wp-content\/uploads\/2025\/12\/Production-workshop-1.webp\",\"width\":1000,\"height\":1000,\"caption\":\"X\u01b0\u1edfng s\u1ea3n xu\u1ea5t\"},{\"@type\":\"BreadcrumbList\",\"@id\":\"https:\/\/zunzz.com\/vi\/contact-store\/#breadcrumb\",\"itemListElement\":[{\"@type\":\"ListItem\",\"position\":1,\"name\":\"Home\",\"item\":\"https:\/\/zunzz.com\/vi\/home\/\"},{\"@type\":\"ListItem\",\"position\":2,\"name\":\"Li\u00ean h\u1ec7 v\u1edbi ch\u00fang t\u00f4i\"}]},{\"@type\":\"WebSite\",\"@id\":\"https:\/\/zunzz.com\/vi\/#website\",\"url\":\"https:\/\/zunzz.com\/vi\/\",\"name\":\"Zunzz Wire Rope Sling Machine Company\",\"description\":\"Zunzz Wire Rope Sling Machine Company is a leading manufacturer of wire rope sling machines and related products.\",\"publisher\":{\"@id\":\"https:\/\/zunzz.com\/vi\/#organization\"},\"potentialAction\":[{\"@type\":\"SearchAction\",\"target\":{\"@type\":\"EntryPoint\",\"urlTemplate\":\"https:\/\/zunzz.com\/vi\/?s={search_term_string}\"},\"query-input\":{\"@type\":\"PropertyValueSpecification\",\"valueRequired\":true,\"valueName\":\"search_term_string\"}}],\"inLanguage\":\"vi-VN\"},{\"@type\":\"Organization\",\"@id\":\"https:\/\/zunzz.com\/vi\/#organization\",\"name\":\"Zunzz Wire Rope Sling Machine Company\",\"url\":\"https:\/\/zunzz.com\/vi\/\",\"logo\":{\"@type\":\"ImageObject\",\"inLanguage\":\"vi-VN\",\"@id\":\"https:\/\/zunzz.com\/vi\/#\/schema\/logo\/image\/\",\"url\":\"https:\/\/zunzz.com\/wp-content\/uploads\/2023\/09\/Logo.png\",\"contentUrl\":\"https:\/\/zunzz.com\/wp-content\/uploads\/2023\/09\/Logo.png\",\"width\":171,\"height\":133,\"caption\":\"Zunzz Wire Rope Sling Machine Company\"},\"image\":{\"@id\":\"https:\/\/zunzz.com\/vi\/#\/schema\/logo\/image\/\"}}]}<\/script>\n<!-- \/ Yoast SEO plugin. -->","yoast_head_json":{"title":"Li\u00ean h\u1ec7 v\u1edbi ch\u00fang t\u00f4i - C\u00f4ng ty m\u00e1y k\u00e9o d\u00e2y Zunzz","description":"M\u1ecdi th\u1eafc m\u1eafc v\u1ec1 s\u1ea3n ph\u1ea9m ho\u1eb7c d\u1ecbch v\u1ee5 c\u1ee7a C\u00f4ng ty m\u00e1y d\u00e2y d\u00e2y Zunzz ho\u1eb7c n\u1ebfu b\u1ea1n mu\u1ed1n t\u00ecm hi\u1ec3u th\u00eam th\u00f4ng tin, vui l\u00f2ng li\u00ean h\u1ec7 v\u1edbi ch\u00fang t\u00f4i b\u1ea5t c\u1ee9 l\u00fac n\u00e0o.","robots":{"index":"index","follow":"follow","max-snippet":"max-snippet:-1","max-image-preview":"max-image-preview:large","max-video-preview":"max-video-preview:-1"},"canonical":"https:\/\/zunzz.com\/vi\/contact-store\/","og_locale":"vi_VN","og_type":"article","og_title":"Li\u00ean h\u1ec7 v\u1edbi ch\u00fang t\u00f4i - C\u00f4ng ty m\u00e1y k\u00e9o d\u00e2y Zunzz","og_description":"M\u1ecdi th\u1eafc m\u1eafc v\u1ec1 s\u1ea3n ph\u1ea9m ho\u1eb7c d\u1ecbch v\u1ee5 c\u1ee7a C\u00f4ng ty m\u00e1y d\u00e2y d\u00e2y Zunzz ho\u1eb7c n\u1ebfu b\u1ea1n mu\u1ed1n t\u00ecm hi\u1ec3u th\u00eam th\u00f4ng tin, vui l\u00f2ng li\u00ean h\u1ec7 v\u1edbi ch\u00fang t\u00f4i b\u1ea5t c\u1ee9 l\u00fac n\u00e0o.","og_url":"https:\/\/zunzz.com\/vi\/contact-store\/","og_site_name":"Zunzz Wire Rope Sling Machine Company","article_modified_time":"2025-12-18T04:46:13+00:00","og_image":[{"width":1000,"height":1000,"url":"https:\/\/zunzz.com\/wp-content\/uploads\/2025\/12\/Production-workshop-1.webp","type":"image\/webp"}],"twitter_card":"summary_large_image","twitter_misc":{"Est. reading time":"1 minute"},"schema":{"@context":"https:\/\/schema.org","@graph":[{"@type":"WebPage","@id":"https:\/\/zunzz.com\/vi\/contact-store\/","url":"https:\/\/zunzz.com\/vi\/contact-store\/","name":"Li\u00ean h\u1ec7 v\u1edbi ch\u00fang t\u00f4i - C\u00f4ng ty m\u00e1y k\u00e9o d\u00e2y Zunzz","isPartOf":{"@id":"https:\/\/zunzz.com\/vi\/#website"},"primaryImageOfPage":{"@id":"https:\/\/zunzz.com\/vi\/contact-store\/#primaryimage"},"image":{"@id":"https:\/\/zunzz.com\/vi\/contact-store\/#primaryimage"},"thumbnailUrl":"https:\/\/zunzz.com\/wp-content\/uploads\/2025\/12\/Production-workshop-1.webp","datePublished":"2020-01-15T11:46:42+00:00","dateModified":"2025-12-18T04:46:13+00:00","description":"M\u1ecdi th\u1eafc m\u1eafc v\u1ec1 s\u1ea3n ph\u1ea9m ho\u1eb7c d\u1ecbch v\u1ee5 c\u1ee7a C\u00f4ng ty m\u00e1y d\u00e2y d\u00e2y Zunzz ho\u1eb7c n\u1ebfu b\u1ea1n mu\u1ed1n t\u00ecm hi\u1ec3u th\u00eam th\u00f4ng tin, vui l\u00f2ng li\u00ean h\u1ec7 v\u1edbi ch\u00fang t\u00f4i b\u1ea5t c\u1ee9 l\u00fac n\u00e0o.","breadcrumb":{"@id":"https:\/\/zunzz.com\/vi\/contact-store\/#breadcrumb"},"inLanguage":"vi-VN","potentialAction":[{"@type":"ReadAction","target":["https:\/\/zunzz.com\/vi\/contact-store\/"]}]},{"@type":"ImageObject","inLanguage":"vi-VN","@id":"https:\/\/zunzz.com\/vi\/contact-store\/#primaryimage","url":"https:\/\/zunzz.com\/wp-content\/uploads\/2025\/12\/Production-workshop-1.webp","contentUrl":"https:\/\/zunzz.com\/wp-content\/uploads\/2025\/12\/Production-workshop-1.webp","width":1000,"height":1000,"caption":"X\u01b0\u1edfng s\u1ea3n xu\u1ea5t"},{"@type":"BreadcrumbList","@id":"https:\/\/zunzz.com\/vi\/contact-store\/#breadcrumb","itemListElement":[{"@type":"ListItem","position":1,"name":"Home","item":"https:\/\/zunzz.com\/vi\/home\/"},{"@type":"ListItem","position":2,"name":"Li\u00ean h\u1ec7 v\u1edbi ch\u00fang t\u00f4i"}]},{"@type":"WebSite","@id":"https:\/\/zunzz.com\/vi\/#website","url":"https:\/\/zunzz.com\/vi\/","name":"Zunzz Wire Rope Sling Machine Company","description":"Zunzz Wire Rope Sling Machine Company is a leading manufacturer of wire rope sling machines and related products.","publisher":{"@id":"https:\/\/zunzz.com\/vi\/#organization"},"potentialAction":[{"@type":"SearchAction","target":{"@type":"EntryPoint","urlTemplate":"https:\/\/zunzz.com\/vi\/?s={search_term_string}"},"query-input":{"@type":"PropertyValueSpecification","valueRequired":true,"valueName":"search_term_string"}}],"inLanguage":"vi-VN"},{"@type":"Organization","@id":"https:\/\/zunzz.com\/vi\/#organization","name":"Zunzz Wire Rope Sling Machine Company","url":"https:\/\/zunzz.com\/vi\/","logo":{"@type":"ImageObject","inLanguage":"vi-VN","@id":"https:\/\/zunzz.com\/vi\/#\/schema\/logo\/image\/","url":"https:\/\/zunzz.com\/wp-content\/uploads\/2023\/09\/Logo.png","contentUrl":"https:\/\/zunzz.com\/wp-content\/uploads\/2023\/09\/Logo.png","width":171,"height":133,"caption":"Zunzz Wire Rope Sling Machine Company"},"image":{"@id":"https:\/\/zunzz.com\/vi\/#\/schema\/logo\/image\/"}}]}},"_links":{"self":[{"href":"https:\/\/zunzz.com\/vi\/wp-json\/wp\/v2\/pages\/1990","targetHints":{"allow":["GET"]}}],"collection":[{"href":"https:\/\/zunzz.com\/vi\/wp-json\/wp\/v2\/pages"}],"about":[{"href":"https:\/\/zunzz.com\/vi\/wp-json\/wp\/v2\/types\/page"}],"author":[{"embeddable":true,"href":"https:\/\/zunzz.com\/vi\/wp-json\/wp\/v2\/users\/1"}],"replies":[{"embeddable":true,"href":"https:\/\/zunzz.com\/vi\/wp-json\/wp\/v2\/comments?post=1990"}],"version-history":[{"count":25,"href":"https:\/\/zunzz.com\/vi\/wp-json\/wp\/v2\/pages\/1990\/revisions"}],"predecessor-version":[{"id":6048,"href":"https:\/\/zunzz.com\/vi\/wp-json\/wp\/v2\/pages\/1990\/revisions\/6048"}],"wp:featuredmedia":[{"embeddable":true,"href":"https:\/\/zunzz.com\/vi\/wp-json\/wp\/v2\/media\/5858"}],"wp:attachment":[{"href":"https:\/\/zunzz.com\/vi\/wp-json\/wp\/v2\/media?parent=1990"}],"curies":[{"name":"wp","href":"https:\/\/api.w.org\/{rel}","templated":true}]}}