{"id":1985,"date":"2020-01-14T14:10:46","date_gmt":"2020-01-14T14:10:46","guid":{"rendered":"https:\/\/zunzz.com\/tin-moi-nhat\/"},"modified":"2025-12-18T02:52:05","modified_gmt":"2025-12-18T02:52:05","slug":"latest-news","status":"publish","type":"page","link":"https:\/\/zunzz.com\/vi\/latest-news\/","title":{"rendered":"Tin m\u1edbi nh\u1ea5t"},"content":{"rendered":"\t\t<div data-elementor-type=\"wp-page\" data-elementor-id=\"1985\" class=\"elementor elementor-1985 elementor-160\">\n\t\t\t\t\t\t<section class=\"elementor-section elementor-top-section elementor-element elementor-element-6ee884d elementor-section-boxed elementor-section-height-default elementor-section-height-default parallax_section_no qode_elementor_container_no\" data-id=\"6ee884d\" data-element_type=\"section\">\n\t\t\t\t\t\t<div class=\"elementor-container elementor-column-gap-default\">\n\t\t\t\t\t<div class=\"elementor-column elementor-col-100 elementor-top-column elementor-element elementor-element-16e9107\" data-id=\"16e9107\" data-element_type=\"column\">\n\t\t\t<div class=\"elementor-widget-wrap elementor-element-populated\">\n\t\t\t\t\t\t<div class=\"elementor-element elementor-element-75f07c1 elementor-widget elementor-widget-bridge_latest_posts\" data-id=\"75f07c1\" data-element_type=\"widget\" data-widget_type=\"bridge_latest_posts.default\">\n\t\t\t\t<div class=\"elementor-widget-container\">\n\t\t\t\t\t\n<div class='latest_post_holder image_in_box  ' >\n    <ul>\n    \n        <li class=\"clearfix\">\n            <div class=\"latest_post\"  >\n                <div class=\"latest_post_image clearfix\">\n                    <a itemprop=\"url\" href=\"https:\/\/zunzz.com\/vi\/wire-rope-reeling-machine\/\">\n                                            <\/a>\n                <\/div>\n\n\n                <div class=\"latest_post_text\">\n                    <div class=\"latest_post_inner\">\n                        <div class=\"latest_post_text_inner\">\n                            <h3 itemprop=\"name\" class=\"latest_post_title entry_title\"><a itemprop=\"url\" href=\"https:\/\/zunzz.com\/vi\/wire-rope-reeling-machine\/\">Nh\u1eefng c\u00e2u h\u1ecfi v\u00e0 c\u00e2u tr\u1ea3 l\u1eddi th\u01b0\u1eddng g\u1eb7p v\u1ec1 m\u00e1y cu\u1ed9n d\u00e2y c\u00e1p<\/a><\/h3>\n                            <p class=\"excerpt\">Trong qu\u00e1 tr\u00ecnh thi c\u00f4ng v\u00e0 \u1ee9ng d\u1ee5ng c\u00e1p th\u00e9p, m\u00e1y cu\u1ed1n c\u00e1p th\u00e9p \u0111\u00f3ng vai tr\u00f2 thi\u1ebft y\u1ebfu nh\u01b0 m\u1ed9t thi\u1ebft b\u1ecb ph\u1ee5 tr\u1ee3 quan tr\u1ecdng. Tuy nhi\u00ean, do c\u00e1c y\u1ebfu t\u1ed1 nh\u01b0 m\u00f4i tr\u01b0\u1eddng t\u1ea1i c\u00f4ng tr\u01b0\u1eddng, th\u00f3i quen v\u1eadn h\u00e0nh...<\/p>\n                            <span class=\"post_infos\">\n                                                                    <span class=\"date_hour_holder\">\n                                        <span itemprop=\"dateCreated\" class=\"date entry_date updated\">03 June, 2025 <meta itemprop=\"interactionCount\" content=\"UserComments: 0\"\/><\/span>\n                                    <\/span>\n                                \n                                \n                                \n                                \n                                                            <\/span>\n                        <\/div>\n                    <\/div>\n                <\/div>\n            <\/div>\n        <\/li>\n        \n        <li class=\"clearfix\">\n            <div class=\"latest_post\"  >\n                <div class=\"latest_post_image clearfix\">\n                    <a itemprop=\"url\" href=\"https:\/\/zunzz.com\/vi\/ten-major-faults-of-wire-rope-swaging-machine\/\">\n                        <img decoding=\"async\" width=\"150\" height=\"150\" src=\"https:\/\/zunzz.com\/wp-content\/uploads\/2024\/12\/swager-motor-1-150x150.webp\" class=\"attachment-thumbnail size-thumbnail\" alt=\"\u0111\u1ed9ng c\u01a1 swager\" srcset=\"https:\/\/zunzz.com\/wp-content\/uploads\/2024\/12\/swager-motor-1-150x150.webp 150w, https:\/\/zunzz.com\/wp-content\/uploads\/2024\/12\/swager-motor-1-300x300.webp 300w, https:\/\/zunzz.com\/wp-content\/uploads\/2024\/12\/swager-motor-1-100x100.webp 100w, https:\/\/zunzz.com\/wp-content\/uploads\/2024\/12\/swager-motor-1.webp 500w\" sizes=\"(max-width: 150px) 100vw, 150px\" \/>                    <\/a>\n                <\/div>\n\n\n                <div class=\"latest_post_text\">\n                    <div class=\"latest_post_inner\">\n                        <div class=\"latest_post_text_inner\">\n                            <h3 itemprop=\"name\" class=\"latest_post_title entry_title\"><a itemprop=\"url\" href=\"https:\/\/zunzz.com\/vi\/ten-major-faults-of-wire-rope-swaging-machine\/\">M\u01b0\u1eddi l\u1ed7i ch\u00ednh c\u1ee7a m\u00e1y \u00e9p c\u00e1p th\u00e9p<\/a><\/h3>\n                            <p class=\"excerpt\">Ph\u00e2n t\u00edch chi ti\u1ebft 10 v\u1ea5n \u0111\u1ec1 h\u00e0ng \u0111\u1ea7u c\u00f3 th\u1ec3 x\u1ea3y ra trong qu\u00e1 tr\u00ecnh s\u1eed d\u1ee5ng m\u00e1y v\u00e0 \u0111\u01b0a ra gi\u1ea3i ph\u00e1p th\u1ef1c t\u1ebf. 1. \u00c1p l\u1ef1c c\u1ee7a m\u00e1y \u00e9p kh\u00f4ng th\u1ec3 \u0111\u1ea1t t\u1edbi Khi m\u00e1y \u00e9p c\u00e1p th\u00e9p ho\u1ea1t \u0111\u1ed9ng, \u00e1p su\u1ea5t......<\/p>\n                            <span class=\"post_infos\">\n                                                                    <span class=\"date_hour_holder\">\n                                        <span itemprop=\"dateCreated\" class=\"date entry_date updated\">14 December, 2024 <meta itemprop=\"interactionCount\" content=\"UserComments: 0\"\/><\/span>\n                                    <\/span>\n                                \n                                \n                                \n                                \n                                                            <\/span>\n                        <\/div>\n                    <\/div>\n                <\/div>\n            <\/div>\n        <\/li>\n        \n        <li class=\"clearfix\">\n            <div class=\"latest_post\"  >\n                <div class=\"latest_post_image clearfix\">\n                    <a itemprop=\"url\" href=\"https:\/\/zunzz.com\/vi\/let-you-know-about-cutting-and-annealing-machine-at-one-time\/\">\n                        <img decoding=\"async\" width=\"150\" height=\"150\" src=\"https:\/\/zunzz.com\/wp-content\/uploads\/2024\/12\/Cutting-and-Annealing-Machine-150x150.webp\" class=\"attachment-thumbnail size-thumbnail\" alt=\"M\u00e1y c\u1eaft v\u00e0 \u1ee7\" srcset=\"https:\/\/zunzz.com\/wp-content\/uploads\/2024\/12\/Cutting-and-Annealing-Machine-150x150.webp 150w, https:\/\/zunzz.com\/wp-content\/uploads\/2024\/12\/Cutting-and-Annealing-Machine-300x300.webp 300w, https:\/\/zunzz.com\/wp-content\/uploads\/2024\/12\/Cutting-and-Annealing-Machine-570x570.webp 570w, https:\/\/zunzz.com\/wp-content\/uploads\/2024\/12\/Cutting-and-Annealing-Machine-500x500.webp 500w, https:\/\/zunzz.com\/wp-content\/uploads\/2024\/12\/Cutting-and-Annealing-Machine-100x100.webp 100w, https:\/\/zunzz.com\/wp-content\/uploads\/2024\/12\/Cutting-and-Annealing-Machine.webp 600w\" sizes=\"(max-width: 150px) 100vw, 150px\" \/>                    <\/a>\n                <\/div>\n\n\n                <div class=\"latest_post_text\">\n                    <div class=\"latest_post_inner\">\n                        <div class=\"latest_post_text_inner\">\n                            <h3 itemprop=\"name\" class=\"latest_post_title entry_title\"><a itemprop=\"url\" href=\"https:\/\/zunzz.com\/vi\/let-you-know-about-cutting-and-annealing-machine-at-one-time\/\">Cho b\u1ea1n bi\u1ebft v\u1ec1 M\u00e1y c\u1eaft v\u00e0 M\u00e1y \u1ee7 c\u00f9ng m\u1ed9t l\u00fac<\/a><\/h3>\n                            <p class=\"excerpt\">1. Quy tr\u00ecnh l\u00e0m vi\u1ec7c c\u1ee7a m\u00e1y c\u1eaft v\u00e0 m\u00e1y \u1ee7 H\u00f4m nay ch\u00fang t\u00f4i s\u1ebd gi\u1edbi thi\u1ec7u cho c\u00e1c b\u1ea1n v\u1ec1 m\u00e1y c\u1eaft v\u00e0 m\u00e1y \u1ee7. \u0110\u1ea7u ti\u00ean, b\u1eaft \u0111\u1ea7u v\u1eadn h\u00e0nh b\u1eb1ng tay ho\u1eb7c ho\u00e0n to\u00e0n t\u1ef1 \u0111\u1ed9ng. \u2193 Trong giai \u0111o\u1ea1n n\u1ea1p......<\/p>\n                            <span class=\"post_infos\">\n                                                                    <span class=\"date_hour_holder\">\n                                        <span itemprop=\"dateCreated\" class=\"date entry_date updated\">05 December, 2024 <meta itemprop=\"interactionCount\" content=\"UserComments: 0\"\/><\/span>\n                                    <\/span>\n                                \n                                \n                                \n                                \n                                                            <\/span>\n                        <\/div>\n                    <\/div>\n                <\/div>\n            <\/div>\n        <\/li>\n        \n        <li class=\"clearfix\">\n            <div class=\"latest_post\"  >\n                <div class=\"latest_post_image clearfix\">\n                    <a itemprop=\"url\" href=\"https:\/\/zunzz.com\/vi\/phan-loai-cap-treo-day\/\">\n                                            <\/a>\n                <\/div>\n\n\n                <div class=\"latest_post_text\">\n                    <div class=\"latest_post_inner\">\n                        <div class=\"latest_post_text_inner\">\n                            <h3 itemprop=\"name\" class=\"latest_post_title entry_title\"><a itemprop=\"url\" href=\"https:\/\/zunzz.com\/vi\/phan-loai-cap-treo-day\/\">Ph\u00e2n lo\u1ea1i c\u00e1p treo d\u00e2y<\/a><\/h3>\n                            <p class=\"excerpt\">1. D\u00c2Y TH\u00c9P D\u00c2Y D\u00c2Y \u00c9P Gi\u00e0n \u00e9p l\u00e0 lo\u1ea1i d\u00e2y treo d\u00e2y th\u00e9p m\u00e0 ch\u00fang ta th\u01b0\u1eddng s\u1eed d\u1ee5ng, th\u01b0\u1eddng \u0111\u01b0\u1ee3c chia th\u00e0nh hai lo\u1ea1i: c\u00f3 c\u1ed5 v\u00e0 kh\u00f4ng c\u00f3 c\u1ed5. So v\u1edbi d\u00e2y c\u00e1p th\u00e9p ki\u1ec3u c\u0169, gi\u00e0n \u00e9p c\u00f3 k\u1ebft c\u1ea5u m\u1edbi......<\/p>\n                            <span class=\"post_infos\">\n                                                                    <span class=\"date_hour_holder\">\n                                        <span itemprop=\"dateCreated\" class=\"date entry_date updated\">24 September, 2023 <meta itemprop=\"interactionCount\" content=\"UserComments: 0\"\/><\/span>\n                                    <\/span>\n                                \n                                \n                                \n                                \n                                                            <\/span>\n                        <\/div>\n                    <\/div>\n                <\/div>\n            <\/div>\n        <\/li>\n        \n        <li class=\"clearfix\">\n            <div class=\"latest_post\"  >\n                <div class=\"latest_post_image clearfix\">\n                    <a itemprop=\"url\" href=\"https:\/\/zunzz.com\/vi\/wire-rope-sling\/\">\n                                            <\/a>\n                <\/div>\n\n\n                <div class=\"latest_post_text\">\n                    <div class=\"latest_post_inner\">\n                        <div class=\"latest_post_text_inner\">\n                            <h3 itemprop=\"name\" class=\"latest_post_title entry_title\"><a itemprop=\"url\" href=\"https:\/\/zunzz.com\/vi\/wire-rope-sling\/\">D\u00e2y treo d\u00e2y<\/a><\/h3>\n                            <p class=\"excerpt\">D\u00e2y bu\u1ed9c d\u00e2y th\u00e9p l\u00e0 g\u00ec D\u00e2y treo d\u00e2y th\u00e9p l\u00e0 lo\u1ea1i d\u00e2y \u0111\u01b0\u1ee3c x\u1eed l\u00fd b\u1eb1ng d\u00e2y th\u00e9p l\u00e0m nguy\u00ean li\u1ec7u th\u00f4 v\u00e0 ch\u1ee7 y\u1ebfu \u0111\u01b0\u1ee3c s\u1eed d\u1ee5ng \u0111\u1ec3 n\u00e2ng, k\u00e9o, c\u0103ng v\u00e0 d\u00e2y ch\u1ecbu l\u1ef1c. Gi\u00e0n d\u00e2y th\u00e9p c\u00f3 \u0111\u1ed9 b\u1ec1n cao, tr\u1ecdng......<\/p>\n                            <span class=\"post_infos\">\n                                                                    <span class=\"date_hour_holder\">\n                                        <span itemprop=\"dateCreated\" class=\"date entry_date updated\">14 January, 2020 <meta itemprop=\"interactionCount\" content=\"UserComments: 0\"\/><\/span>\n                                    <\/span>\n                                \n                                \n                                \n                                \n                                                            <\/span>\n                        <\/div>\n                    <\/div>\n                <\/div>\n            <\/div>\n        <\/li>\n        \n    <\/ul>\n<\/div>\t\t\t\t<\/div>\n\t\t\t\t<\/div>\n\t\t\t\t\t<\/div>\n\t\t<\/div>\n\t\t\t\t\t<\/div>\n\t\t<\/section>\n\t\t\t\t<\/div>\n\t\t","protected":false},"excerpt":{"rendered":"<p>Common Questions and Answers for Wire Rope Reeling Machine In the process of steel wire rope construction and application, the steel wire rope reeling machine plays a crucial role as an important auxiliary equipment. However, due to factors such as on-site en&#8230; 03 June, 2025&#8230;<\/p>\n","protected":false},"author":1,"featured_media":0,"parent":0,"menu_order":0,"comment_status":"closed","ping_status":"closed","template":"","meta":{"footnotes":""},"class_list":["post-1985","page","type-page","status-publish","hentry"],"yoast_head":"<!-- This site is optimized with the Yoast SEO plugin v26.8 - https:\/\/yoast.com\/product\/yoast-seo-wordpress\/ -->\n<title>Tin m\u1edbi nh\u1ea5t - C\u00f4ng ty m\u00e1y k\u00e9o d\u00e2y Zunzz<\/title>\n<meta name=\"description\" content=\"Th\u00f4ng tin to\u00e0n di\u1ec7n v\u1ec1 c\u00e1c s\u1ea3n ph\u1ea9m m\u1edbi nh\u1ea5t \u0111\u01b0\u1ee3c tung ra, xu h\u01b0\u1edbng ng\u00e0nh, \u0111\u1ed5i m\u1edbi c\u00f4ng ngh\u1ec7 v\u00e0 xu h\u01b0\u1edbng th\u1ecb tr\u01b0\u1eddng c\u1ee7a C\u00f4ng ty M\u00e1y m\u00f3c D\u00e2y th\u00e9p Zunzz.\" \/>\n<meta name=\"robots\" content=\"index, follow, max-snippet:-1, max-image-preview:large, max-video-preview:-1\" \/>\n<link rel=\"canonical\" href=\"https:\/\/zunzz.com\/vi\/latest-news\/\" \/>\n<meta property=\"og:locale\" content=\"vi_VN\" \/>\n<meta property=\"og:type\" content=\"article\" \/>\n<meta property=\"og:title\" content=\"Tin m\u1edbi nh\u1ea5t - C\u00f4ng ty m\u00e1y k\u00e9o d\u00e2y Zunzz\" \/>\n<meta property=\"og:description\" content=\"Th\u00f4ng tin to\u00e0n di\u1ec7n v\u1ec1 c\u00e1c s\u1ea3n ph\u1ea9m m\u1edbi nh\u1ea5t \u0111\u01b0\u1ee3c tung ra, xu h\u01b0\u1edbng ng\u00e0nh, \u0111\u1ed5i m\u1edbi c\u00f4ng ngh\u1ec7 v\u00e0 xu h\u01b0\u1edbng th\u1ecb tr\u01b0\u1eddng c\u1ee7a C\u00f4ng ty M\u00e1y m\u00f3c D\u00e2y th\u00e9p Zunzz.\" \/>\n<meta property=\"og:url\" content=\"https:\/\/zunzz.com\/vi\/latest-news\/\" \/>\n<meta property=\"og:site_name\" content=\"Zunzz Wire Rope Sling Machine Company\" \/>\n<meta property=\"article:modified_time\" content=\"2025-12-18T02:52:05+00:00\" \/>\n<meta property=\"og:image\" content=\"https:\/\/zunzz.com\/wp-content\/uploads\/2020\/01\/1.webp\" \/>\n\t<meta property=\"og:image:width\" content=\"1400\" \/>\n\t<meta property=\"og:image:height\" content=\"1400\" \/>\n\t<meta property=\"og:image:type\" content=\"image\/webp\" \/>\n<meta name=\"twitter:card\" content=\"summary_large_image\" \/>\n<meta name=\"twitter:label1\" content=\"Est. reading time\" \/>\n\t<meta name=\"twitter:data1\" content=\"1 minute\" \/>\n<script type=\"application\/ld+json\" class=\"yoast-schema-graph\">{\"@context\":\"https:\/\/schema.org\",\"@graph\":[{\"@type\":\"WebPage\",\"@id\":\"https:\/\/zunzz.com\/vi\/latest-news\/\",\"url\":\"https:\/\/zunzz.com\/vi\/latest-news\/\",\"name\":\"Tin m\u1edbi nh\u1ea5t - C\u00f4ng ty m\u00e1y k\u00e9o d\u00e2y Zunzz\",\"isPartOf\":{\"@id\":\"https:\/\/zunzz.com\/vi\/#website\"},\"primaryImageOfPage\":{\"@id\":\"https:\/\/zunzz.com\/vi\/latest-news\/#primaryimage\"},\"image\":{\"@id\":\"https:\/\/zunzz.com\/vi\/latest-news\/#primaryimage\"},\"thumbnailUrl\":\"https:\/\/zunzz.com\/wp-content\/uploads\/2025\/06\/Wire-Rope-Coiling-Machine-5T-150x150.webp\",\"datePublished\":\"2020-01-14T14:10:46+00:00\",\"dateModified\":\"2025-12-18T02:52:05+00:00\",\"description\":\"Th\u00f4ng tin to\u00e0n di\u1ec7n v\u1ec1 c\u00e1c s\u1ea3n ph\u1ea9m m\u1edbi nh\u1ea5t \u0111\u01b0\u1ee3c tung ra, xu h\u01b0\u1edbng ng\u00e0nh, \u0111\u1ed5i m\u1edbi c\u00f4ng ngh\u1ec7 v\u00e0 xu h\u01b0\u1edbng th\u1ecb tr\u01b0\u1eddng c\u1ee7a C\u00f4ng ty M\u00e1y m\u00f3c D\u00e2y th\u00e9p Zunzz.\",\"breadcrumb\":{\"@id\":\"https:\/\/zunzz.com\/vi\/latest-news\/#breadcrumb\"},\"inLanguage\":\"vi-VN\",\"potentialAction\":[{\"@type\":\"ReadAction\",\"target\":[\"https:\/\/zunzz.com\/vi\/latest-news\/\"]}]},{\"@type\":\"ImageObject\",\"inLanguage\":\"vi-VN\",\"@id\":\"https:\/\/zunzz.com\/vi\/latest-news\/#primaryimage\",\"url\":\"https:\/\/zunzz.com\/wp-content\/uploads\/2025\/06\/Wire-Rope-Coiling-Machine-5T-150x150.webp\",\"contentUrl\":\"https:\/\/zunzz.com\/wp-content\/uploads\/2025\/06\/Wire-Rope-Coiling-Machine-5T-150x150.webp\"},{\"@type\":\"BreadcrumbList\",\"@id\":\"https:\/\/zunzz.com\/vi\/latest-news\/#breadcrumb\",\"itemListElement\":[{\"@type\":\"ListItem\",\"position\":1,\"name\":\"Home\",\"item\":\"https:\/\/zunzz.com\/vi\/home\/\"},{\"@type\":\"ListItem\",\"position\":2,\"name\":\"Tin m\u1edbi nh\u1ea5t\"}]},{\"@type\":\"WebSite\",\"@id\":\"https:\/\/zunzz.com\/vi\/#website\",\"url\":\"https:\/\/zunzz.com\/vi\/\",\"name\":\"Zunzz Wire Rope Sling Machine Company\",\"description\":\"Zunzz Wire Rope Sling Machine Company is a leading manufacturer of wire rope sling machines and related products.\",\"publisher\":{\"@id\":\"https:\/\/zunzz.com\/vi\/#organization\"},\"potentialAction\":[{\"@type\":\"SearchAction\",\"target\":{\"@type\":\"EntryPoint\",\"urlTemplate\":\"https:\/\/zunzz.com\/vi\/?s={search_term_string}\"},\"query-input\":{\"@type\":\"PropertyValueSpecification\",\"valueRequired\":true,\"valueName\":\"search_term_string\"}}],\"inLanguage\":\"vi-VN\"},{\"@type\":\"Organization\",\"@id\":\"https:\/\/zunzz.com\/vi\/#organization\",\"name\":\"Zunzz Wire Rope Sling Machine Company\",\"url\":\"https:\/\/zunzz.com\/vi\/\",\"logo\":{\"@type\":\"ImageObject\",\"inLanguage\":\"vi-VN\",\"@id\":\"https:\/\/zunzz.com\/vi\/#\/schema\/logo\/image\/\",\"url\":\"https:\/\/zunzz.com\/wp-content\/uploads\/2023\/09\/Logo.png\",\"contentUrl\":\"https:\/\/zunzz.com\/wp-content\/uploads\/2023\/09\/Logo.png\",\"width\":171,\"height\":133,\"caption\":\"Zunzz Wire Rope Sling Machine Company\"},\"image\":{\"@id\":\"https:\/\/zunzz.com\/vi\/#\/schema\/logo\/image\/\"}}]}<\/script>\n<!-- \/ Yoast SEO plugin. -->","yoast_head_json":{"title":"Tin m\u1edbi nh\u1ea5t - C\u00f4ng ty m\u00e1y k\u00e9o d\u00e2y Zunzz","description":"Th\u00f4ng tin to\u00e0n di\u1ec7n v\u1ec1 c\u00e1c s\u1ea3n ph\u1ea9m m\u1edbi nh\u1ea5t \u0111\u01b0\u1ee3c tung ra, xu h\u01b0\u1edbng ng\u00e0nh, \u0111\u1ed5i m\u1edbi c\u00f4ng ngh\u1ec7 v\u00e0 xu h\u01b0\u1edbng th\u1ecb tr\u01b0\u1eddng c\u1ee7a C\u00f4ng ty M\u00e1y m\u00f3c D\u00e2y th\u00e9p Zunzz.","robots":{"index":"index","follow":"follow","max-snippet":"max-snippet:-1","max-image-preview":"max-image-preview:large","max-video-preview":"max-video-preview:-1"},"canonical":"https:\/\/zunzz.com\/vi\/latest-news\/","og_locale":"vi_VN","og_type":"article","og_title":"Tin m\u1edbi nh\u1ea5t - C\u00f4ng ty m\u00e1y k\u00e9o d\u00e2y Zunzz","og_description":"Th\u00f4ng tin to\u00e0n di\u1ec7n v\u1ec1 c\u00e1c s\u1ea3n ph\u1ea9m m\u1edbi nh\u1ea5t \u0111\u01b0\u1ee3c tung ra, xu h\u01b0\u1edbng ng\u00e0nh, \u0111\u1ed5i m\u1edbi c\u00f4ng ngh\u1ec7 v\u00e0 xu h\u01b0\u1edbng th\u1ecb tr\u01b0\u1eddng c\u1ee7a C\u00f4ng ty M\u00e1y m\u00f3c D\u00e2y th\u00e9p Zunzz.","og_url":"https:\/\/zunzz.com\/vi\/latest-news\/","og_site_name":"Zunzz Wire Rope Sling Machine Company","article_modified_time":"2025-12-18T02:52:05+00:00","og_image":[{"width":1400,"height":1400,"url":"https:\/\/zunzz.com\/wp-content\/uploads\/2020\/01\/1.webp","type":"image\/webp"}],"twitter_card":"summary_large_image","twitter_misc":{"Est. reading time":"1 minute"},"schema":{"@context":"https:\/\/schema.org","@graph":[{"@type":"WebPage","@id":"https:\/\/zunzz.com\/vi\/latest-news\/","url":"https:\/\/zunzz.com\/vi\/latest-news\/","name":"Tin m\u1edbi nh\u1ea5t - C\u00f4ng ty m\u00e1y k\u00e9o d\u00e2y Zunzz","isPartOf":{"@id":"https:\/\/zunzz.com\/vi\/#website"},"primaryImageOfPage":{"@id":"https:\/\/zunzz.com\/vi\/latest-news\/#primaryimage"},"image":{"@id":"https:\/\/zunzz.com\/vi\/latest-news\/#primaryimage"},"thumbnailUrl":"https:\/\/zunzz.com\/wp-content\/uploads\/2025\/06\/Wire-Rope-Coiling-Machine-5T-150x150.webp","datePublished":"2020-01-14T14:10:46+00:00","dateModified":"2025-12-18T02:52:05+00:00","description":"Th\u00f4ng tin to\u00e0n di\u1ec7n v\u1ec1 c\u00e1c s\u1ea3n ph\u1ea9m m\u1edbi nh\u1ea5t \u0111\u01b0\u1ee3c tung ra, xu h\u01b0\u1edbng ng\u00e0nh, \u0111\u1ed5i m\u1edbi c\u00f4ng ngh\u1ec7 v\u00e0 xu h\u01b0\u1edbng th\u1ecb tr\u01b0\u1eddng c\u1ee7a C\u00f4ng ty M\u00e1y m\u00f3c D\u00e2y th\u00e9p Zunzz.","breadcrumb":{"@id":"https:\/\/zunzz.com\/vi\/latest-news\/#breadcrumb"},"inLanguage":"vi-VN","potentialAction":[{"@type":"ReadAction","target":["https:\/\/zunzz.com\/vi\/latest-news\/"]}]},{"@type":"ImageObject","inLanguage":"vi-VN","@id":"https:\/\/zunzz.com\/vi\/latest-news\/#primaryimage","url":"https:\/\/zunzz.com\/wp-content\/uploads\/2025\/06\/Wire-Rope-Coiling-Machine-5T-150x150.webp","contentUrl":"https:\/\/zunzz.com\/wp-content\/uploads\/2025\/06\/Wire-Rope-Coiling-Machine-5T-150x150.webp"},{"@type":"BreadcrumbList","@id":"https:\/\/zunzz.com\/vi\/latest-news\/#breadcrumb","itemListElement":[{"@type":"ListItem","position":1,"name":"Home","item":"https:\/\/zunzz.com\/vi\/home\/"},{"@type":"ListItem","position":2,"name":"Tin m\u1edbi nh\u1ea5t"}]},{"@type":"WebSite","@id":"https:\/\/zunzz.com\/vi\/#website","url":"https:\/\/zunzz.com\/vi\/","name":"Zunzz Wire Rope Sling Machine Company","description":"Zunzz Wire Rope Sling Machine Company is a leading manufacturer of wire rope sling machines and related products.","publisher":{"@id":"https:\/\/zunzz.com\/vi\/#organization"},"potentialAction":[{"@type":"SearchAction","target":{"@type":"EntryPoint","urlTemplate":"https:\/\/zunzz.com\/vi\/?s={search_term_string}"},"query-input":{"@type":"PropertyValueSpecification","valueRequired":true,"valueName":"search_term_string"}}],"inLanguage":"vi-VN"},{"@type":"Organization","@id":"https:\/\/zunzz.com\/vi\/#organization","name":"Zunzz Wire Rope Sling Machine Company","url":"https:\/\/zunzz.com\/vi\/","logo":{"@type":"ImageObject","inLanguage":"vi-VN","@id":"https:\/\/zunzz.com\/vi\/#\/schema\/logo\/image\/","url":"https:\/\/zunzz.com\/wp-content\/uploads\/2023\/09\/Logo.png","contentUrl":"https:\/\/zunzz.com\/wp-content\/uploads\/2023\/09\/Logo.png","width":171,"height":133,"caption":"Zunzz Wire Rope Sling Machine Company"},"image":{"@id":"https:\/\/zunzz.com\/vi\/#\/schema\/logo\/image\/"}}]}},"_links":{"self":[{"href":"https:\/\/zunzz.com\/vi\/wp-json\/wp\/v2\/pages\/1985","targetHints":{"allow":["GET"]}}],"collection":[{"href":"https:\/\/zunzz.com\/vi\/wp-json\/wp\/v2\/pages"}],"about":[{"href":"https:\/\/zunzz.com\/vi\/wp-json\/wp\/v2\/types\/page"}],"author":[{"embeddable":true,"href":"https:\/\/zunzz.com\/vi\/wp-json\/wp\/v2\/users\/1"}],"replies":[{"embeddable":true,"href":"https:\/\/zunzz.com\/vi\/wp-json\/wp\/v2\/comments?post=1985"}],"version-history":[{"count":6,"href":"https:\/\/zunzz.com\/vi\/wp-json\/wp\/v2\/pages\/1985\/revisions"}],"predecessor-version":[{"id":5959,"href":"https:\/\/zunzz.com\/vi\/wp-json\/wp\/v2\/pages\/1985\/revisions\/5959"}],"wp:attachment":[{"href":"https:\/\/zunzz.com\/vi\/wp-json\/wp\/v2\/media?parent=1985"}],"curies":[{"name":"wp","href":"https:\/\/api.w.org\/{rel}","templated":true}]}}