{"id":2948,"date":"2025-12-12T01:50:14","date_gmt":"2025-12-12T01:50:14","guid":{"rendered":"https:\/\/zunzz.com\/product\/masina-de-taiat-si-recoacere-5mm\/"},"modified":"2025-12-13T12:34:59","modified_gmt":"2025-12-13T12:34:59","slug":"cutting-and-annealing-machine","status":"publish","type":"product","link":"https:\/\/zunzz.com\/ro\/product\/cutting-and-annealing-machine\/","title":{"rendered":"Ma\u0219in\u0103 de t\u0103iat \u0219i recoacere 5MM"},"content":{"rendered":"<h2 class=\"product_title entry-title\">1. Introducerea ma\u0219inii de t\u0103iat \u0219i recoacere<\/h2>\n<p>\u00cen 2001, compania Zunzz Wire Rope Sling Machine Company a lansat cu succes aceast\u0103 <strong>ma\u0219in\u0103 de t\u0103iat \u0219i recoacere<\/strong> cabluri de s\u00e2rm\u0103. Prin c\u0103utarea continu\u0103 a calit\u0103\u021bii \u0219i dezvoltarea continu\u0103 a tehnologiei, am c\u00e2\u0219tigat o serie de brevete na\u021bionale de inven\u021bie. Nu numai c\u0103 performan\u021ba a fost \u00eembun\u0103t\u0103\u021bit\u0103 semnificativ, dar poate fuziona cablul de s\u00e2rm\u0103 \u00eentr-un timp scurt, f\u0103r\u0103 a provoca daune altor p\u0103r\u021bi ale cablului.  <\/p>\n<p>Unitatea dispune de asemenea de un sistem de control precis care asigur\u0103 c\u0103 curentul \u0219i temperatura necesare sunt \u00eentotdeauna disponibile. Operarea ma\u0219inii a devenit mai simpl\u0103 \u0219i mai u\u0219or de operat, satisfac\u00e2nd mai bine nevoile clien\u021bilor. <\/p>\n<p>Folosim componente de \u00eenalt\u0103 calitate de la m\u0103rci de top pentru a asigura fiabilitate \u0219i durabilitate superioare. Ne-am angajat s\u0103 oferim clien\u021bilor produse de prim\u0103 clas\u0103, cu scopul de a v\u0103 elibera de griji. Prin inovare continu\u0103 \u0219i \u00eembun\u0103t\u0103\u021bire continu\u0103, ma\u0219inile noastre nu numai c\u0103 r\u0103spund nevoilor pie\u021bei, dar ofer\u0103 \u0219i clien\u021bilor o experien\u021b\u0103 excelent\u0103 de utilizare.  <\/p>\n<p>V\u0103 mul\u021bumim pentru \u00eencrederea acordat\u0103 \u00een noi, vom continua s\u0103 muncim din greu pentru a v\u0103 oferi servicii \u0219i produse mai bune.<\/p>\n<p>Acest dispozitiv este utilizat pe scar\u0103 larg\u0103 pentru t\u0103ierea automat\u0103 a cablurilor de s\u00e2rm\u0103 de o\u021bel de orice specifica\u021bie \u00een industrii. Cum ar fi echipamente medicale, piese auto, siguran\u021ba cl\u0103dirilor, mobilier de birou, biciclete, echipamente sportive \u0219i blocare. <\/p>\n<p><img fetchpriority=\"high\" decoding=\"async\" class=\"alignnone wp-image-5021 size-full\" src=\"https:\/\/zunzz.com\/wp-content\/uploads\/2023\/09\/Cutting-and-Annealing-Machine.webp\" alt=\"Ma\u0219in\u0103 de t\u0103iat \u0219i recoacere\" width=\"600\" height=\"600\" srcset=\"https:\/\/zunzz.com\/wp-content\/uploads\/2023\/09\/Cutting-and-Annealing-Machine.webp 600w, https:\/\/zunzz.com\/wp-content\/uploads\/2023\/09\/Cutting-and-Annealing-Machine-300x300.webp 300w, https:\/\/zunzz.com\/wp-content\/uploads\/2023\/09\/Cutting-and-Annealing-Machine-150x150.webp 150w, https:\/\/zunzz.com\/wp-content\/uploads\/2023\/09\/Cutting-and-Annealing-Machine-570x570.webp 570w, https:\/\/zunzz.com\/wp-content\/uploads\/2023\/09\/Cutting-and-Annealing-Machine-500x500.webp 500w, https:\/\/zunzz.com\/wp-content\/uploads\/2023\/09\/Cutting-and-Annealing-Machine-100x100.webp 100w\" sizes=\"(max-width: 600px) 100vw, 600px\" \/><\/p>\n<p><iframe title=\"Wire Rope Annealing Machine 1-5mm\" width=\"1060\" height=\"596\" src=\"https:\/\/www.youtube.com\/embed\/-hWHbhQLEHA?feature=oembed\" frameborder=\"0\" allow=\"accelerometer; autoplay; clipboard-write; encrypted-media; gyroscope; picture-in-picture; web-share\" referrerpolicy=\"strict-origin-when-cross-origin\" allowfullscreen><\/iframe><\/p>\n<h2>2.Parametrii tehnici<\/h2>\n<div class=\"table-r\">\n<table width=\"100%\">\n<tbody>\n<tr>\n<td width=\"50%\">Tip ma\u0219in\u0103\n<\/td>\n<td width=\"50%\"><strong>Ma\u0219in\u0103 de t\u0103iat \u0219i recoacere<\/strong><\/td>\n<\/tr>\n<tr>\n<td width=\"50%\">Interval de ardere\n<\/td>\n<td width=\"50%\">1mm-5mm<\/td>\n<\/tr>\n<tr>\n<td width=\"50%\">Presiunea aerului\n<\/td>\n<td width=\"50%\">0,4Mpa<\/td>\n<\/tr>\n<tr>\n<td width=\"50%\">Voltaj\n<\/td>\n<td width=\"50%\">Dup\u0103 cum sa cerut<\/td>\n<\/tr>\n<tr>\n<td width=\"50%\">Putere\n<\/td>\n<td width=\"50%\">7,5 kW<\/td>\n<\/tr>\n<tr>\n<td width=\"50%\">Dimensiune (mm)\n<\/td>\n<td width=\"50%\">800L*800W*1500H<\/td>\n<\/tr>\n<tr>\n<td width=\"50%\">Greutate\n<\/td>\n<td width=\"50%\">400 kg<\/td>\n<\/tr>\n<tr>\n<td width=\"50%\">Precizie\n<\/td>\n<td width=\"50%\">\u00b12mm\/m<\/td>\n<\/tr>\n<tr>\n<td width=\"50%\">Lungime min.recoace\n<\/td>\n<td width=\"50%\">1,5 cm<\/td>\n<\/tr>\n<\/tbody>\n<\/table>\n<\/div>\n<h3><img decoding=\"async\" class=\"alignnone wp-image-5036 size-large\" src=\"https:\/\/zunzz.com\/wp-content\/uploads\/2023\/09\/11-1024x634.webp\" alt=\"Ma\u0219in\u0103 de t\u0103iat \u0219i recoacere\" width=\"1024\" height=\"634\" srcset=\"https:\/\/zunzz.com\/wp-content\/uploads\/2023\/09\/11-1024x634.webp 1024w, https:\/\/zunzz.com\/wp-content\/uploads\/2023\/09\/11-300x186.webp 300w, https:\/\/zunzz.com\/wp-content\/uploads\/2023\/09\/11-768x476.webp 768w, https:\/\/zunzz.com\/wp-content\/uploads\/2023\/09\/11-700x434.webp 700w, https:\/\/zunzz.com\/wp-content\/uploads\/2023\/09\/11-600x372.webp 600w, https:\/\/zunzz.com\/wp-content\/uploads\/2023\/09\/11.webp 1093w\" sizes=\"(max-width: 1024px) 100vw, 1024px\" \/><\/h3>\n<h2>3.Caracteristicile ma\u0219inii de t\u0103iat \u0219i recoacere<\/h2>\n<ul>\n<li>Design rafinat, u\u0219or \u0219i convenabil, u\u0219or de mutat.<\/li>\n<li>Gama de diametre de topire este larg\u0103, iar topirea cablului de s\u00e2rm\u0103 poate fi finalizat\u0103 \u00een intervalul de diametru specificat f\u0103r\u0103 a \u00eenlocui nicio pies\u0103.<\/li>\n<li>Este u\u0219or de operat, nu necesit\u0103 cheie pentru dispozitivul de fixare.<\/li>\n<li>Consum redus de energie, eficien\u021b\u0103 ridicat\u0103 \u0219i economie de energie, asigur\u00e2nd o utilizare \u00een siguran\u021b\u0103.<\/li>\n<li>Pre\u021buri accesibile, calitate excelent\u0103 \u0219i raport calitate-pre\u021b excelent.<\/li>\n<li>Viteza de topire este rapid\u0103. \u0218i cablul de s\u00e2rm\u0103 de o\u021bel topit este \u00eengrijit \u0219i neted, cu o form\u0103 conic\u0103 la cap\u0103t. <\/li>\n<li>Zgomotul \u00een timpul func\u021bion\u0103rii este de doar 75 de decibeli, iar designul cu zgomot redus asigur\u0103 un mediu de lucru confortabil.<\/li>\n<\/ul>\n<h1><img decoding=\"async\" class=\"alignnone size-large wp-image-5051\" src=\"https:\/\/zunzz.com\/wp-content\/uploads\/2023\/09\/2-1-1024x634.webp\" alt=\"Ma\u0219in\u0103 de t\u0103iat \u0219i recoacere\" width=\"1024\" height=\"634\" srcset=\"https:\/\/zunzz.com\/wp-content\/uploads\/2023\/09\/2-1-1024x634.webp 1024w, https:\/\/zunzz.com\/wp-content\/uploads\/2023\/09\/2-1-300x186.webp 300w, https:\/\/zunzz.com\/wp-content\/uploads\/2023\/09\/2-1-768x476.webp 768w, https:\/\/zunzz.com\/wp-content\/uploads\/2023\/09\/2-1-700x434.webp 700w, https:\/\/zunzz.com\/wp-content\/uploads\/2023\/09\/2-1-600x372.webp 600w, https:\/\/zunzz.com\/wp-content\/uploads\/2023\/09\/2-1.webp 1093w\" sizes=\"(max-width: 1024px) 100vw, 1024px\" \/><\/h1>\n<h1 class=\"product_title entry-title\"><img loading=\"lazy\" decoding=\"async\" class=\"alignnone wp-image-361 \" src=\"https:\/\/zunzz.com\/wp-content\/uploads\/2023\/09\/Cutting-and-Annealing-Machine-5MM-1.webp\" alt=\"Ma\u0219in\u0103 de t\u0103iat \u0219i recoacere 5MM-1\" width=\"1021\" height=\"1541\" srcset=\"https:\/\/zunzz.com\/wp-content\/uploads\/2023\/09\/Cutting-and-Annealing-Machine-5MM-1.webp 1000w, https:\/\/zunzz.com\/wp-content\/uploads\/2023\/09\/Cutting-and-Annealing-Machine-5MM-1-199x300.webp 199w, https:\/\/zunzz.com\/wp-content\/uploads\/2023\/09\/Cutting-and-Annealing-Machine-5MM-1-679x1024.webp 679w, https:\/\/zunzz.com\/wp-content\/uploads\/2023\/09\/Cutting-and-Annealing-Machine-5MM-1-768x1159.webp 768w, https:\/\/zunzz.com\/wp-content\/uploads\/2023\/09\/Cutting-and-Annealing-Machine-5MM-1-700x1056.webp 700w, https:\/\/zunzz.com\/wp-content\/uploads\/2023\/09\/Cutting-and-Annealing-Machine-5MM-1-600x905.webp 600w\" sizes=\"(max-width: 1021px) 100vw, 1021px\" \/><\/h1>\n<h3>4. Al\u021bi parametri ai ma\u0219inii de t\u0103iat \u0219i recoacere<\/h3>\n<div class=\"table-r\">\n<table width=\"100%\">\n<tbody>\n<tr>\n<td width=\"50%\">Nume de marc\u0103\n<\/td>\n<td width=\"50%\">Compania de ma\u0219ini de s\u00e2rm\u0103 Zunzz<\/td>\n<\/tr>\n<tr>\n<td width=\"50%\">\u021aara\/Regiunea de produc\u021bie\n<\/td>\n<td width=\"50%\">Baoding, China<\/td>\n<\/tr>\n<tr>\n<td width=\"50%\">Anul primei publica\u021bii\n<\/td>\n<td width=\"50%\">2001<\/td>\n<\/tr>\n<tr>\n<td width=\"50%\">Data produc\u021biei\n<\/td>\n<td width=\"50%\">timpul comenzii<\/td>\n<\/tr>\n<tr>\n<td width=\"50%\">Perioada de garantie\n<\/td>\n<td width=\"50%\">1 an<\/td>\n<\/tr>\n<tr>\n<td width=\"50%\">Cantitate (bucati)\/timp de livrare (zile)\n<\/td>\n<td width=\"50%\">1-1 (bucati)\/35 (zile), 2-10 (bucati)\/45 (zile), Mai mult de 10 (bucati)\/de negociat<\/td>\n<\/tr>\n<tr>\n<td width=\"50%\">Culoare\n<\/td>\n<td width=\"50%\">albastru sau personalizat<\/td>\n<\/tr>\n<tr>\n<td width=\"50%\">Detalii de ambalare\n<\/td>\n<td width=\"50%\">cutie de lemn<\/td>\n<\/tr>\n<tr>\n<td width=\"50%\">suport de serviciu\n<\/td>\n<td width=\"50%\">Asisten\u021b\u0103 telefonic\u0103 de la distan\u021b\u0103<\/td>\n<\/tr>\n<\/tbody>\n<\/table>\n<\/div>\n<p><strong>5. Pachetul puternic<\/strong><\/p>\n<p><a href=\"https:\/\/zunzz.com\/ro\/product\/automated-wire-rope-fuser-cutting-machine\/\">Ma\u0219inile automate de t\u0103iat cabluri de s\u00e2rm\u0103<\/a> au fost exportate \u00een multe \u021b\u0103ri. Folosim carcase interna\u021bionale din lemn pentru livrarea ma\u0219inilor pentru a confirma siguran\u021ba \u00een timpul livr\u0103rii. <\/p>\n<p><strong>Ma\u0219ina de t\u0103iat \u0219i recoacere<\/strong> este pentru cablu de s\u00e2rm\u0103 de 1-5 mm cu cap\u0103t conic automat. Mai avem aceast\u0103 ma\u0219in\u0103 pentru cablu de s\u00e2rm\u0103 1-3mm.<\/p>\n<p>Ma\u0219inile au exportat \u00een Marea Britanie, Danemarca, Italia, Maroc, Iran, Indonezia, India, Emiratele Arabe Unite, Singapore, Polonia etc.<\/p>\n<p><img loading=\"lazy\" decoding=\"async\" class=\"alignnone size-large wp-image-5066\" src=\"https:\/\/zunzz.com\/wp-content\/uploads\/2023\/09\/baozhuag-1024x512.webp\" alt=\"Ma\u0219in\u0103 de t\u0103iat \u0219i recoacere\" width=\"1024\" height=\"512\" srcset=\"https:\/\/zunzz.com\/wp-content\/uploads\/2023\/09\/baozhuag-1024x512.webp 1024w, https:\/\/zunzz.com\/wp-content\/uploads\/2023\/09\/baozhuag-300x150.webp 300w, https:\/\/zunzz.com\/wp-content\/uploads\/2023\/09\/baozhuag-768x384.webp 768w, https:\/\/zunzz.com\/wp-content\/uploads\/2023\/09\/baozhuag-1000x500.webp 1000w, https:\/\/zunzz.com\/wp-content\/uploads\/2023\/09\/baozhuag-700x350.webp 700w, https:\/\/zunzz.com\/wp-content\/uploads\/2023\/09\/baozhuag-1300x650.webp 1300w, https:\/\/zunzz.com\/wp-content\/uploads\/2023\/09\/baozhuag-600x300.webp 600w, https:\/\/zunzz.com\/wp-content\/uploads\/2023\/09\/baozhuag.webp 1500w\" sizes=\"(max-width: 1024px) 100vw, 1024px\" \/><\/p>\n\n<div class=\"wpcf7 no-js\" id=\"wpcf7-f5526-o1\" lang=\"ro-RO\" dir=\"ltr\" data-wpcf7-id=\"5526\">\n<div class=\"screen-reader-response\"><p role=\"status\" aria-live=\"polite\" aria-atomic=\"true\"><\/p> <ul><\/ul><\/div>\n<form action=\"\/ro\/wp-json\/wp\/v2\/product\/2948#wpcf7-f5526-o1\" method=\"post\" class=\"wpcf7-form init\" aria-label=\"Formular de contact\" novalidate=\"novalidate\" data-status=\"init\">\n<fieldset class=\"hidden-fields-container\"><input type=\"hidden\" name=\"_wpcf7\" value=\"5526\" \/><input type=\"hidden\" name=\"_wpcf7_version\" value=\"6.1.4\" \/><input type=\"hidden\" name=\"_wpcf7_locale\" value=\"ro_RO\" \/><input type=\"hidden\" name=\"_wpcf7_unit_tag\" value=\"wpcf7-f5526-o1\" \/><input type=\"hidden\" name=\"_wpcf7_container_post\" value=\"0\" \/><input type=\"hidden\" name=\"_wpcf7_posted_data_hash\" value=\"\" \/>\n<\/fieldset>\n<div class=\"wpcf7-turnstile cf-turnstile\" data-sitekey=\"0x4AAAAAACHlhHyKtoljFN8P\" data-response-field-name=\"_wpcf7_turnstile_response\"><\/div>\n\n<p>\n    <\/p><h4 style=\"color:#333333;font-size:20px;font-family:\"background-color:#FFFFFF;font-weight:normal !important;\">\n        <span style=\"color:red;\">Trimite\u021bi-ne cerin\u021bele dumneavoastr\u0103 \u2014 v\u0103 vom r\u0103spunde \u00een termen de 24 de ore<\/span>\n    <\/h4>\n\n\n<div class=\"row\" style=\"display:flex; flex-wrap:wrap; width:100%;\">\n\n    <!-- Name -->\n    <div style=\"width:40%; padding-right:10px; box-sizing:border-box;\">\n        <div class=\"form-group\" style=\"margin-bottom:15px;\">\n <span class=\"wpcf7-form-control-wrap\" data-name=\"your-name\"><input size=\"40\" maxlength=\"400\" class=\"wpcf7-form-control wpcf7-text wpcf7-validates-as-required\" aria-required=\"true\" aria-invalid=\"false\" placeholder=\"Numele dumneavoastr\u0103 *\" value=\"\" type=\"text\" name=\"your-name\" \/><\/span>\n        <\/div>\n    <\/div>\n\n    <!-- Email -->\n    <div style=\"width:60%; padding-left:10px; box-sizing:border-box;\">\n        <div class=\"form-group\" style=\"margin-bottom:15px;\">\n <span class=\"wpcf7-form-control-wrap\" data-name=\"your-email\"><input size=\"40\" maxlength=\"400\" class=\"wpcf7-form-control wpcf7-email wpcf7-validates-as-required wpcf7-text wpcf7-validates-as-email\" aria-required=\"true\" aria-invalid=\"false\" placeholder=\"Adresa de e-mail *\" value=\"\" type=\"email\" name=\"your-email\" \/><\/span>\n        <\/div>\n    <\/div>\n\n    <!-- Message -->\n    <div style=\"width:100%; box-sizing:border-box;\">\n        <div class=\"form-group\" style=\"margin-bottom:15px;\">\n            <span class=\"wpcf7-form-control-wrap\" data-name=\"your-message\"><textarea cols=\"30\" rows=\"4\" maxlength=\"2000\" class=\"wpcf7-form-control wpcf7-textarea\" aria-invalid=\"false\" placeholder=\"V\u0103 rug\u0103m s\u0103 scrie\u021bi mesajul dumneavoastr\u0103 aici\" name=\"your-message\"><\/textarea><\/span>\n        <\/div>\n    <\/div>\n\n    <!-- Submit -->\n    <div style=\"width:100%; box-sizing:border-box;\">\n        <input class=\"wpcf7-form-control wpcf7-submit has-spinner btn btn-default\" type=\"submit\" value=\"Trimite\u021bi-ne un mesaj \u0219i ob\u021bine\u021bi o ofert\u0103\" \/>\n    <\/div>\n\n<\/div><div class=\"wpcf7-response-output\" aria-hidden=\"true\"><\/div>\n<\/form>\n<\/div>\n\n","protected":false},"excerpt":{"rendered":"<div class=\"table-r\">\n<table width=\"100%\">\n<tbody>\n<tr>\n<td width=\"50%\">Model:\n<\/td>\n<td width=\"50%\">WST-500<\/td>\n<\/tr>\n<tr>\n<td width=\"50%\">Max. fr\u00e2nghie:<\/td>\n<td width=\"50%\">5 mm<\/td>\n<\/tr>\n<tr>\n<td width=\"50%\">Putere:\n<\/td>\n<td width=\"50%\">7,5 kW<\/td>\n<\/tr>\n<tr>\n<td width=\"50%\">Dimensiuni:\n<\/td>\n<td width=\"50%\">800*800*1500mm<\/td>\n<\/tr>\n<tr>\n<td width=\"50%\">Greutate:\n<\/td>\n<td width=\"50%\">400 kg<\/td>\n<\/tr>\n<\/tbody>\n<\/table>\n<p><strong>Limba disponibil\u0103:<\/strong>[wpml_language_selector_widget]<\/p>\n[contact-form-7 id=\"055e9b5\" title=\"Contact form 2\"]\n<\/div>\n","protected":false},"featured_media":2949,"comment_status":"open","ping_status":"closed","template":"","meta":[],"product_brand":[],"product_cat":[211],"product_tag":[346,357],"class_list":{"0":"post-2948","1":"product","2":"type-product","3":"status-publish","4":"has-post-thumbnail","6":"product_cat-wire-rope-annealing-machine","7":"product_tag-wire-rope-annealing-machine","8":"product_tag-cutting-and-annealing-machine","10":"first","11":"instock","12":"taxable","13":"shipping-taxable","14":"product-type-simple"},"yoast_head":"<!-- This site is optimized with the Yoast SEO plugin v26.8 - https:\/\/yoast.com\/product\/yoast-seo-wordpress\/ -->\n<title>Ma\u0219in\u0103 de t\u0103iat \u0219i recoacere 5MM<\/title>\n<meta name=\"description\" content=\"Ma\u0219ina de t\u0103iat \u0219i recoacere a fr\u00e2nghiei este pentru cablu de s\u00e2rm\u0103 de 1-5 mm cu cap\u0103t conic automat. Mai avem aceast\u0103 ma\u0219in\u0103 pentru cablu de s\u00e2rm\u0103 1-3mm.\" \/>\n<meta name=\"robots\" content=\"index, follow, max-snippet:-1, max-image-preview:large, max-video-preview:-1\" \/>\n<link rel=\"canonical\" href=\"https:\/\/zunzz.com\/ro\/product\/cutting-and-annealing-machine\/\" \/>\n<meta property=\"og:locale\" content=\"ro_RO\" \/>\n<meta property=\"og:type\" content=\"article\" \/>\n<meta property=\"og:title\" content=\"Ma\u0219in\u0103 de t\u0103iat \u0219i recoacere 5MM\" \/>\n<meta property=\"og:description\" content=\"Ma\u0219ina de t\u0103iat \u0219i recoacere a fr\u00e2nghiei este pentru cablu de s\u00e2rm\u0103 de 1-5 mm cu cap\u0103t conic automat. Mai avem aceast\u0103 ma\u0219in\u0103 pentru cablu de s\u00e2rm\u0103 1-3mm.\" \/>\n<meta property=\"og:url\" content=\"https:\/\/zunzz.com\/ro\/product\/cutting-and-annealing-machine\/\" \/>\n<meta property=\"og:site_name\" content=\"Zunzz Wire Rope Sling Machine Company\" \/>\n<meta property=\"article:modified_time\" content=\"2025-12-13T12:34:59+00:00\" \/>\n<meta property=\"og:image\" content=\"https:\/\/zunzz.com\/wp-content\/uploads\/2023\/09\/Cutting-and-Annealing-Machine-5MM-3.webp\" \/>\n\t<meta property=\"og:image:width\" content=\"600\" \/>\n\t<meta property=\"og:image:height\" content=\"600\" \/>\n\t<meta property=\"og:image:type\" content=\"image\/webp\" \/>\n<meta name=\"twitter:card\" content=\"summary_large_image\" \/>\n<meta name=\"twitter:label1\" content=\"Timp estimat pentru citire\" \/>\n\t<meta name=\"twitter:data1\" content=\"5 minute\" \/>\n<script type=\"application\/ld+json\" class=\"yoast-schema-graph\">{\"@context\":\"https:\/\/schema.org\",\"@graph\":[{\"@type\":\"WebPage\",\"@id\":\"https:\/\/zunzz.com\/ro\/product\/cutting-and-annealing-machine\/\",\"url\":\"https:\/\/zunzz.com\/ro\/product\/cutting-and-annealing-machine\/\",\"name\":\"Ma\u0219in\u0103 de t\u0103iat \u0219i recoacere 5MM\",\"isPartOf\":{\"@id\":\"https:\/\/zunzz.com\/ro\/#website\"},\"primaryImageOfPage\":{\"@id\":\"https:\/\/zunzz.com\/ro\/product\/cutting-and-annealing-machine\/#primaryimage\"},\"image\":{\"@id\":\"https:\/\/zunzz.com\/ro\/product\/cutting-and-annealing-machine\/#primaryimage\"},\"thumbnailUrl\":\"https:\/\/zunzz.com\/wp-content\/uploads\/2023\/09\/Cutting-and-Annealing-Machine-5MM-3.webp\",\"datePublished\":\"2025-12-12T01:50:14+00:00\",\"dateModified\":\"2025-12-13T12:34:59+00:00\",\"description\":\"Ma\u0219ina de t\u0103iat \u0219i recoacere a fr\u00e2nghiei este pentru cablu de s\u00e2rm\u0103 de 1-5 mm cu cap\u0103t conic automat. Mai avem aceast\u0103 ma\u0219in\u0103 pentru cablu de s\u00e2rm\u0103 1-3mm.\",\"breadcrumb\":{\"@id\":\"https:\/\/zunzz.com\/ro\/product\/cutting-and-annealing-machine\/#breadcrumb\"},\"inLanguage\":\"ro-RO\",\"potentialAction\":[{\"@type\":\"ReadAction\",\"target\":[\"https:\/\/zunzz.com\/ro\/product\/cutting-and-annealing-machine\/\"]}]},{\"@type\":\"ImageObject\",\"inLanguage\":\"ro-RO\",\"@id\":\"https:\/\/zunzz.com\/ro\/product\/cutting-and-annealing-machine\/#primaryimage\",\"url\":\"https:\/\/zunzz.com\/wp-content\/uploads\/2023\/09\/Cutting-and-Annealing-Machine-5MM-3.webp\",\"contentUrl\":\"https:\/\/zunzz.com\/wp-content\/uploads\/2023\/09\/Cutting-and-Annealing-Machine-5MM-3.webp\",\"width\":600,\"height\":600,\"caption\":\"Ma\u0219in\u0103 de t\u0103iere \u0219i recoacere 5MM-3\"},{\"@type\":\"BreadcrumbList\",\"@id\":\"https:\/\/zunzz.com\/ro\/product\/cutting-and-annealing-machine\/#breadcrumb\",\"itemListElement\":[{\"@type\":\"ListItem\",\"position\":1,\"name\":\"Home\",\"item\":\"https:\/\/zunzz.com\/ro\/home\/\"},{\"@type\":\"ListItem\",\"position\":2,\"name\":\"Shop\",\"item\":\"https:\/\/zunzz.com\/bg\/shop\/\"},{\"@type\":\"ListItem\",\"position\":3,\"name\":\"Ma\u0219in\u0103 de t\u0103iat \u0219i recoacere 5MM\"}]},{\"@type\":\"WebSite\",\"@id\":\"https:\/\/zunzz.com\/ro\/#website\",\"url\":\"https:\/\/zunzz.com\/ro\/\",\"name\":\"Zunzz Wire Rope Sling Machine Company\",\"description\":\"Zunzz Wire Rope Sling Machine Company is a leading manufacturer of wire rope sling machines and related products.\",\"publisher\":{\"@id\":\"https:\/\/zunzz.com\/ro\/#organization\"},\"potentialAction\":[{\"@type\":\"SearchAction\",\"target\":{\"@type\":\"EntryPoint\",\"urlTemplate\":\"https:\/\/zunzz.com\/ro\/?s={search_term_string}\"},\"query-input\":{\"@type\":\"PropertyValueSpecification\",\"valueRequired\":true,\"valueName\":\"search_term_string\"}}],\"inLanguage\":\"ro-RO\"},{\"@type\":\"Organization\",\"@id\":\"https:\/\/zunzz.com\/ro\/#organization\",\"name\":\"Zunzz Wire Rope Sling Machine Company\",\"url\":\"https:\/\/zunzz.com\/ro\/\",\"logo\":{\"@type\":\"ImageObject\",\"inLanguage\":\"ro-RO\",\"@id\":\"https:\/\/zunzz.com\/ro\/#\/schema\/logo\/image\/\",\"url\":\"https:\/\/zunzz.com\/wp-content\/uploads\/2023\/09\/Logo.png\",\"contentUrl\":\"https:\/\/zunzz.com\/wp-content\/uploads\/2023\/09\/Logo.png\",\"width\":171,\"height\":133,\"caption\":\"Zunzz Wire Rope Sling Machine Company\"},\"image\":{\"@id\":\"https:\/\/zunzz.com\/ro\/#\/schema\/logo\/image\/\"}}]}<\/script>\n<!-- \/ Yoast SEO plugin. -->","yoast_head_json":{"title":"Ma\u0219in\u0103 de t\u0103iat \u0219i recoacere 5MM","description":"Ma\u0219ina de t\u0103iat \u0219i recoacere a fr\u00e2nghiei este pentru cablu de s\u00e2rm\u0103 de 1-5 mm cu cap\u0103t conic automat. Mai avem aceast\u0103 ma\u0219in\u0103 pentru cablu de s\u00e2rm\u0103 1-3mm.","robots":{"index":"index","follow":"follow","max-snippet":"max-snippet:-1","max-image-preview":"max-image-preview:large","max-video-preview":"max-video-preview:-1"},"canonical":"https:\/\/zunzz.com\/ro\/product\/cutting-and-annealing-machine\/","og_locale":"ro_RO","og_type":"article","og_title":"Ma\u0219in\u0103 de t\u0103iat \u0219i recoacere 5MM","og_description":"Ma\u0219ina de t\u0103iat \u0219i recoacere a fr\u00e2nghiei este pentru cablu de s\u00e2rm\u0103 de 1-5 mm cu cap\u0103t conic automat. Mai avem aceast\u0103 ma\u0219in\u0103 pentru cablu de s\u00e2rm\u0103 1-3mm.","og_url":"https:\/\/zunzz.com\/ro\/product\/cutting-and-annealing-machine\/","og_site_name":"Zunzz Wire Rope Sling Machine Company","article_modified_time":"2025-12-13T12:34:59+00:00","og_image":[{"width":600,"height":600,"url":"https:\/\/zunzz.com\/wp-content\/uploads\/2023\/09\/Cutting-and-Annealing-Machine-5MM-3.webp","type":"image\/webp"}],"twitter_card":"summary_large_image","twitter_misc":{"Timp estimat pentru citire":"5 minute"},"schema":{"@context":"https:\/\/schema.org","@graph":[{"@type":"WebPage","@id":"https:\/\/zunzz.com\/ro\/product\/cutting-and-annealing-machine\/","url":"https:\/\/zunzz.com\/ro\/product\/cutting-and-annealing-machine\/","name":"Ma\u0219in\u0103 de t\u0103iat \u0219i recoacere 5MM","isPartOf":{"@id":"https:\/\/zunzz.com\/ro\/#website"},"primaryImageOfPage":{"@id":"https:\/\/zunzz.com\/ro\/product\/cutting-and-annealing-machine\/#primaryimage"},"image":{"@id":"https:\/\/zunzz.com\/ro\/product\/cutting-and-annealing-machine\/#primaryimage"},"thumbnailUrl":"https:\/\/zunzz.com\/wp-content\/uploads\/2023\/09\/Cutting-and-Annealing-Machine-5MM-3.webp","datePublished":"2025-12-12T01:50:14+00:00","dateModified":"2025-12-13T12:34:59+00:00","description":"Ma\u0219ina de t\u0103iat \u0219i recoacere a fr\u00e2nghiei este pentru cablu de s\u00e2rm\u0103 de 1-5 mm cu cap\u0103t conic automat. Mai avem aceast\u0103 ma\u0219in\u0103 pentru cablu de s\u00e2rm\u0103 1-3mm.","breadcrumb":{"@id":"https:\/\/zunzz.com\/ro\/product\/cutting-and-annealing-machine\/#breadcrumb"},"inLanguage":"ro-RO","potentialAction":[{"@type":"ReadAction","target":["https:\/\/zunzz.com\/ro\/product\/cutting-and-annealing-machine\/"]}]},{"@type":"ImageObject","inLanguage":"ro-RO","@id":"https:\/\/zunzz.com\/ro\/product\/cutting-and-annealing-machine\/#primaryimage","url":"https:\/\/zunzz.com\/wp-content\/uploads\/2023\/09\/Cutting-and-Annealing-Machine-5MM-3.webp","contentUrl":"https:\/\/zunzz.com\/wp-content\/uploads\/2023\/09\/Cutting-and-Annealing-Machine-5MM-3.webp","width":600,"height":600,"caption":"Ma\u0219in\u0103 de t\u0103iere \u0219i recoacere 5MM-3"},{"@type":"BreadcrumbList","@id":"https:\/\/zunzz.com\/ro\/product\/cutting-and-annealing-machine\/#breadcrumb","itemListElement":[{"@type":"ListItem","position":1,"name":"Home","item":"https:\/\/zunzz.com\/ro\/home\/"},{"@type":"ListItem","position":2,"name":"Shop","item":"https:\/\/zunzz.com\/bg\/shop\/"},{"@type":"ListItem","position":3,"name":"Ma\u0219in\u0103 de t\u0103iat \u0219i recoacere 5MM"}]},{"@type":"WebSite","@id":"https:\/\/zunzz.com\/ro\/#website","url":"https:\/\/zunzz.com\/ro\/","name":"Zunzz Wire Rope Sling Machine Company","description":"Zunzz Wire Rope Sling Machine Company is a leading manufacturer of wire rope sling machines and related products.","publisher":{"@id":"https:\/\/zunzz.com\/ro\/#organization"},"potentialAction":[{"@type":"SearchAction","target":{"@type":"EntryPoint","urlTemplate":"https:\/\/zunzz.com\/ro\/?s={search_term_string}"},"query-input":{"@type":"PropertyValueSpecification","valueRequired":true,"valueName":"search_term_string"}}],"inLanguage":"ro-RO"},{"@type":"Organization","@id":"https:\/\/zunzz.com\/ro\/#organization","name":"Zunzz Wire Rope Sling Machine Company","url":"https:\/\/zunzz.com\/ro\/","logo":{"@type":"ImageObject","inLanguage":"ro-RO","@id":"https:\/\/zunzz.com\/ro\/#\/schema\/logo\/image\/","url":"https:\/\/zunzz.com\/wp-content\/uploads\/2023\/09\/Logo.png","contentUrl":"https:\/\/zunzz.com\/wp-content\/uploads\/2023\/09\/Logo.png","width":171,"height":133,"caption":"Zunzz Wire Rope Sling Machine Company"},"image":{"@id":"https:\/\/zunzz.com\/ro\/#\/schema\/logo\/image\/"}}]}},"_links":{"self":[{"href":"https:\/\/zunzz.com\/ro\/wp-json\/wp\/v2\/product\/2948","targetHints":{"allow":["GET"]}}],"collection":[{"href":"https:\/\/zunzz.com\/ro\/wp-json\/wp\/v2\/product"}],"about":[{"href":"https:\/\/zunzz.com\/ro\/wp-json\/wp\/v2\/types\/product"}],"replies":[{"embeddable":true,"href":"https:\/\/zunzz.com\/ro\/wp-json\/wp\/v2\/comments?post=2948"}],"wp:featuredmedia":[{"embeddable":true,"href":"https:\/\/zunzz.com\/ro\/wp-json\/wp\/v2\/media\/2949"}],"wp:attachment":[{"href":"https:\/\/zunzz.com\/ro\/wp-json\/wp\/v2\/media?parent=2948"}],"wp:term":[{"taxonomy":"product_brand","embeddable":true,"href":"https:\/\/zunzz.com\/ro\/wp-json\/wp\/v2\/product_brand?post=2948"},{"taxonomy":"product_cat","embeddable":true,"href":"https:\/\/zunzz.com\/ro\/wp-json\/wp\/v2\/product_cat?post=2948"},{"taxonomy":"product_tag","embeddable":true,"href":"https:\/\/zunzz.com\/ro\/wp-json\/wp\/v2\/product_tag?post=2948"}],"curies":[{"name":"wp","href":"https:\/\/api.w.org\/{rel}","templated":true}]}}