{"id":2870,"date":"2025-12-13T02:04:06","date_gmt":"2025-12-13T02:04:06","guid":{"rendered":"https:\/\/zunzz.com\/product\/masina-de-recoacere-cablu-de-sarma-55-mm\/"},"modified":"2025-12-14T03:25:59","modified_gmt":"2025-12-14T03:25:59","slug":"wire-rope-annealing-machine","status":"publish","type":"product","link":"https:\/\/zunzz.com\/ro\/product\/wire-rope-annealing-machine\/","title":{"rendered":"Ma\u0219in\u0103 de recoacere cablu de s\u00e2rm\u0103 55 mm"},"content":{"rendered":"<h3>1.Despre ma\u0219ina de recoacere pe cablu de s\u00e2rm\u0103<\/h3>\n<p>Aceast\u0103 <strong>ma\u0219in\u0103 de recoacere a cablurilor de o\u021bel<\/strong> este potrivit\u0103 pentru cabluri din o\u021bel cu diametrul de 22-55 mm. Este rezultatul \u00eembun\u0103t\u0103\u021birilor continue de la \u00eenfiin\u021barea companiei Zunzz Wire Rope Machine \u00een 2001. Odat\u0103 cu inovarea \u0219i dezvoltarea continu\u0103 a tehnologiei, ma\u0219inile noastre au \u00eembun\u0103t\u0103\u021bit semnificativ eficien\u021ba muncii \u0219i siguran\u021ba. Este ideal\u0103 pentru orice industrie care necesit\u0103 t\u0103iere frecvent\u0103 a cablurilor de o\u021bel.   <\/p>\n<h3>2. Parametrul ma\u0219inii de recoacere a cablului de s\u00e2rm\u0103<\/h3>\n<div class=\"table-r\">\n<table width=\"100%\">\n<tbody>\n<tr>\n<td width=\"50%\">Model nr\n<\/td>\n<td width=\"50%\">UNR-55<\/td>\n<\/tr>\n<tr>\n<td width=\"50%\">Culoarea ma\u0219inii\n<\/td>\n<td width=\"50%\">asa cum s-a cerut<\/td>\n<\/tr>\n<tr>\n<td width=\"50%\">Culoarea ma\u0219inii\n<\/td>\n<td width=\"50%\">asa cum s-a cerut<\/td>\n<\/tr>\n<tr>\n<td width=\"50%\">Clem\u0103\n<\/td>\n<td width=\"50%\">4 set<\/td>\n<\/tr>\n<tr>\n<td width=\"50%\">Putere\n<\/td>\n<td width=\"50%\">150KW<\/td>\n<\/tr>\n<tr>\n<td width=\"50%\">Voltaj\n<\/td>\n<td width=\"50%\">Ca cerere<\/td>\n<\/tr>\n<tr>\n<td width=\"50%\">Dimensiune (mm)\n<\/td>\n<td width=\"50%\">1100*900*1600<\/td>\n<\/tr>\n<tr>\n<td width=\"50%\">Greutate\n<\/td>\n<td width=\"50%\">800 kg<\/td>\n<\/tr>\n<tr>\n<td width=\"50%\">Controla\n<\/td>\n<td width=\"50%\">microcalculator<\/td>\n<\/tr>\n<\/tbody>\n<\/table>\n<p>&nbsp;<\/p>\n<\/div>\n<p><iframe title=\"Wire Rope Annealing Machine 55mmm\" width=\"1060\" height=\"596\" src=\"https:\/\/www.youtube.com\/embed\/dyr3C3Txx3w?feature=oembed\" frameborder=\"0\" allow=\"accelerometer; autoplay; clipboard-write; encrypted-media; gyroscope; picture-in-picture; web-share\" referrerpolicy=\"strict-origin-when-cross-origin\" allowfullscreen><\/iframe><\/p>\n<div class=\"table-r\">\n<h3>3.Instruc\u021biuni ale ma\u0219inii de recoacere a cablurilor de s\u00e2rm\u0103<\/h3>\n<p>Procesul de recoacere a cablurilor de s\u00e2rm\u0103 se nume\u0219te uneori fuziune \u0219i conicitate. \u00cen timpul acestui proces de recoacere, firele din cablul de s\u00e2rm\u0103 vor fi \u00eenc\u0103lzite la o temperatur\u0103 foarte ridicat\u0103 prin controlul aliment\u0103rii cu curent printr-un comutator cu picior. Particulele de metal se vor recristaliza la temperatura ridicat\u0103, permi\u021b\u00e2ndu-le s\u0103 se topeasc\u0103 \u00eempreun\u0103.  <\/p>\n<p>\u00cen cele din urm\u0103, este format din dou\u0103 p\u0103r\u021bi independente: 1. Prin roat\u0103 \u0219i m\u00e2ner, cablul de s\u00e2rm\u0103 este u\u0219or \u00eenf\u0103\u0219urat str\u00e2ns \u0219i topit. 2. Regla\u021bi distan\u021ba dintre clem\u0103. \u00cen cele din urm\u0103 \u00eemp\u0103r\u021bit \u00een dou\u0103 p\u0103r\u021bi. \u00cen acest fel cap\u0103tul fr\u00e2nghiei va fi u\u0219or conic \u0219i complet topit.    <\/p>\n<p>Pentru a evita ca fr\u00e2nghia s\u0103 devin\u0103 casant\u0103, asigura\u021bi-v\u0103 c\u0103 o r\u0103ci\u021bi \u00eencet. Apoi ob\u021bine\u021bi o fr\u00e2nghie \u00eengrijit\u0103 \u0219i neted\u0103, cu form\u0103 conic\u0103 \u0219i capete spiralate. <\/p>\n<h3><img fetchpriority=\"high\" decoding=\"async\" class=\"alignnone wp-image-365 size-full\" src=\"https:\/\/zunzz.com\/wp-content\/uploads\/2023\/09\/Wire-Rope-Annealing-Machine-55mm-2.webp\" alt=\"Ma\u0219in\u0103 de recoacere cablu de s\u00e2rm\u0103 55mm-2\" width=\"1000\" height=\"1000\" srcset=\"https:\/\/zunzz.com\/wp-content\/uploads\/2023\/09\/Wire-Rope-Annealing-Machine-55mm-2.webp 1000w, https:\/\/zunzz.com\/wp-content\/uploads\/2023\/09\/Wire-Rope-Annealing-Machine-55mm-2-300x300.webp 300w, https:\/\/zunzz.com\/wp-content\/uploads\/2023\/09\/Wire-Rope-Annealing-Machine-55mm-2-150x150.webp 150w, https:\/\/zunzz.com\/wp-content\/uploads\/2023\/09\/Wire-Rope-Annealing-Machine-55mm-2-768x768.webp 768w, https:\/\/zunzz.com\/wp-content\/uploads\/2023\/09\/Wire-Rope-Annealing-Machine-55mm-2-570x570.webp 570w, https:\/\/zunzz.com\/wp-content\/uploads\/2023\/09\/Wire-Rope-Annealing-Machine-55mm-2-500x500.webp 500w, https:\/\/zunzz.com\/wp-content\/uploads\/2023\/09\/Wire-Rope-Annealing-Machine-55mm-2-700x700.webp 700w, https:\/\/zunzz.com\/wp-content\/uploads\/2023\/09\/Wire-Rope-Annealing-Machine-55mm-2-650x650.webp 650w, https:\/\/zunzz.com\/wp-content\/uploads\/2023\/09\/Wire-Rope-Annealing-Machine-55mm-2-600x600.webp 600w, https:\/\/zunzz.com\/wp-content\/uploads\/2023\/09\/Wire-Rope-Annealing-Machine-55mm-2-100x100.webp 100w\" sizes=\"(max-width: 1000px) 100vw, 1000px\" \/><\/h3>\n<h3><\/h3>\n<h3>4. Avantajele ma\u0219inii de recoacere cu cablu de s\u00e2rm\u0103<\/h3>\n<ul>\n<li>Form\u0103 inteligent\u0103 \u0219i portabilitate:<\/li>\n<\/ul>\n<p><strong>Ma\u0219ina de recoacere a cablurilor de o\u021bel<\/strong> este proiectat\u0103 inteligent pentru a fi u\u0219or de mutat \u00een diverse scenarii de lucru. De exemplu, acest echipament poate juca un rol important pe \u0219antierele de construc\u021bii, \u00een construc\u021bia de poduri, \u00een industria construc\u021biilor navale \u0219i \u00een multe alte situa\u021bii \u00een care este necesar\u0103 t\u0103ierea cablurilor de o\u021bel. <\/p>\n<ul>\n<li>Topire rapid\u0103 \u0219i func\u021bionare convenabil\u0103:<\/li>\n<\/ul>\n<p><a title=\"Ma\u0219in\u0103 de t\u0103iat \u0219i recoacere 5MM\" href=\"https:\/\/zunzz.com\/ro\/product\/cutting-and-annealing-machine\/\">Ma\u0219ina de t\u0103iere \u0219i recoacere<\/a> are caracteristici precum topirea \u0219i t\u0103ierea rapid\u0103 a cablurilor de o\u021bel, fiind \u00een acela\u0219i timp u\u0219or de operat \u0219i \u00eembun\u0103t\u0103\u021bind eficien\u021ba produc\u021biei.<\/p>\n<ul>\n<li>Economie de energie \u0219i siguran\u021b\u0103:<\/li>\n<\/ul>\n<p>Puterea de lucru a ma\u0219inii de recoacere este relativ sc\u0103zut\u0103, ceea ce ajut\u0103 la economisirea energiei. \u0218i designul unic poate asigura siguran\u021ba func\u021bion\u0103rii. <\/p>\n<ul>\n<li>Cap\u0103tul de recoacere este \u00eengrijit \u0219i neted:<\/li>\n<\/ul>\n<p>conic \u0219i spiralat, firul nu se va desf\u0103\u0219ura.<\/p>\n<ul>\n<li>Lucrul \u00eempreun\u0103 cu dispozitivul de evacuare a fumului:<\/li>\n<\/ul>\n<p>Ma\u0219ina poate func\u021biona \u00eempreun\u0103 cu dispozitivul de evacuare a fumului pentru a controla \u0219i elimina eficient fumul \u0219i praful generate \u00een timpul procesului de sudare, asigur\u00e2nd cur\u0103\u021benia \u0219i siguran\u021ba mediului de lucru.<\/p>\n<ul>\n<li>Gam\u0103 larg\u0103 de diametre de recoacere:<\/li>\n<\/ul>\n<p>Ma\u0219ina de recoacere are o gam\u0103 larg\u0103 de diametre de topire \u0219i poate fuziona cablu de o\u021bel de 22-55 mm f\u0103r\u0103 a \u00eenlocui nicio pies\u0103. <span style=\"color: #ff0000;\">Dac\u0103 ave\u021bi nevoie s\u0103 fuziona\u021bi cabluri de s\u00e2rm\u0103 de diferite diametre, v\u0103 oferim \u0219i alte modele de utilaje care v\u0103 pot satisface nevoile.<\/span><\/p>\n<ul>\n<li>Design unic al clemei:<\/li>\n<\/ul>\n<p>Clema are un design unic de clem\u0103 pentru a se asigura c\u0103 cablul de s\u00e2rm\u0103 este fixat ferm, \u00eembun\u0103t\u0103\u021bind stabilitatea \u0219i siguran\u021ba func\u021bion\u0103rii.<\/p>\n<\/div>\n<p><img decoding=\"async\" class=\"alignnone wp-image-366 \" src=\"https:\/\/zunzz.com\/wp-content\/uploads\/2023\/09\/Wire-Rope-Annealing-Machine-55mm-1.webp\" alt=\"Ma\u0219in\u0103 de recoacere cablu de s\u00e2rm\u0103 55mm-1\" width=\"1000\" height=\"1333\" srcset=\"https:\/\/zunzz.com\/wp-content\/uploads\/2023\/09\/Wire-Rope-Annealing-Machine-55mm-1.webp 960w, https:\/\/zunzz.com\/wp-content\/uploads\/2023\/09\/Wire-Rope-Annealing-Machine-55mm-1-225x300.webp 225w, https:\/\/zunzz.com\/wp-content\/uploads\/2023\/09\/Wire-Rope-Annealing-Machine-55mm-1-768x1024.webp 768w, https:\/\/zunzz.com\/wp-content\/uploads\/2023\/09\/Wire-Rope-Annealing-Machine-55mm-1-600x800.webp 600w, https:\/\/zunzz.com\/wp-content\/uploads\/2023\/09\/Wire-Rope-Annealing-Machine-55mm-1-700x933.webp 700w\" sizes=\"(max-width: 1000px) 100vw, 1000px\" \/><\/p>\n<p><img decoding=\"async\" class=\"alignnone wp-image-368 \" src=\"https:\/\/zunzz.com\/wp-content\/uploads\/2023\/09\/Wire-Rope-Annealing-Machine-55mm-4.webp\" alt=\"Ma\u0219in\u0103 de recoacere cablu de s\u00e2rm\u0103 55mm-4\" width=\"1000\" height=\"1333\" srcset=\"https:\/\/zunzz.com\/wp-content\/uploads\/2023\/09\/Wire-Rope-Annealing-Machine-55mm-4.webp 960w, https:\/\/zunzz.com\/wp-content\/uploads\/2023\/09\/Wire-Rope-Annealing-Machine-55mm-4-225x300.webp 225w, https:\/\/zunzz.com\/wp-content\/uploads\/2023\/09\/Wire-Rope-Annealing-Machine-55mm-4-768x1024.webp 768w, https:\/\/zunzz.com\/wp-content\/uploads\/2023\/09\/Wire-Rope-Annealing-Machine-55mm-4-600x800.webp 600w, https:\/\/zunzz.com\/wp-content\/uploads\/2023\/09\/Wire-Rope-Annealing-Machine-55mm-4-700x933.webp 700w\" sizes=\"(max-width: 1000px) 100vw, 1000px\" \/><\/p>\n<h3><\/h3>\n<h3>5. Al\u021bi parametri ai ma\u0219inii de t\u0103iat \u0219i recoacere<\/h3>\n<div class=\"table-r\">\n<table width=\"100%\">\n<tbody>\n<tr>\n<td width=\"50%\">Stare\n<\/td>\n<td width=\"50%\">Nou\u0103<\/td>\n<\/tr>\n<tr>\n<td width=\"50%\">Nume de marc\u0103\n<\/td>\n<td width=\"50%\">Compania de ma\u0219ini de s\u00e2rm\u0103 Zunzz<\/td>\n<\/tr>\n<tr>\n<td width=\"50%\">\u021aara\/Regiunea de produc\u021bie\n<\/td>\n<td width=\"50%\">Baoding, China<\/td>\n<\/tr>\n<tr>\n<td width=\"50%\">Anul primei publica\u021bii\n<\/td>\n<td width=\"50%\">2001<\/td>\n<\/tr>\n<tr>\n<td width=\"50%\">Data produc\u021biei\n<\/td>\n<td width=\"50%\">Ora comenzii<\/td>\n<\/tr>\n<tr>\n<td width=\"50%\">Perioada de garantie\n<\/td>\n<td width=\"50%\">1 an<\/td>\n<\/tr>\n<tr>\n<td width=\"50%\">Cantitate (bucati)\/timp de livrare (zile)\n<\/td>\n<td width=\"50%\">1-1 (bucati)\/35 (zile), 2-10 (bucati)\/45 (zile), Mai mult de 10 (bucati)\/de negociat<\/td>\n<\/tr>\n<tr>\n<td width=\"50%\">Culoare\n<\/td>\n<td width=\"50%\">Ro\u0219u sau personalizat<\/td>\n<\/tr>\n<tr>\n<td width=\"50%\">Detalii de ambalare\n<\/td>\n<td width=\"50%\">Cutie de lemn<\/td>\n<\/tr>\n<tr>\n<td width=\"50%\">suport de serviciu\n<\/td>\n<td width=\"50%\">Asisten\u021b\u0103 telefonic\u0103 de la distan\u021b\u0103<\/td>\n<\/tr>\n<\/tbody>\n<\/table>\n<\/div>\n<p>&nbsp;<\/p>\n<p><img loading=\"lazy\" decoding=\"async\" class=\"alignnone wp-image-367 \" src=\"https:\/\/zunzz.com\/wp-content\/uploads\/2023\/09\/Wire-Rope-Annealing-Machine-55mm-3.webp\" alt=\"Ma\u0219in\u0103 de recoacere cablu de s\u00e2rm\u0103 55mm-3\" width=\"1000\" height=\"1334\" srcset=\"https:\/\/zunzz.com\/wp-content\/uploads\/2023\/09\/Wire-Rope-Annealing-Machine-55mm-3.webp 810w, https:\/\/zunzz.com\/wp-content\/uploads\/2023\/09\/Wire-Rope-Annealing-Machine-55mm-3-225x300.webp 225w, https:\/\/zunzz.com\/wp-content\/uploads\/2023\/09\/Wire-Rope-Annealing-Machine-55mm-3-768x1024.webp 768w, https:\/\/zunzz.com\/wp-content\/uploads\/2023\/09\/Wire-Rope-Annealing-Machine-55mm-3-600x800.webp 600w, https:\/\/zunzz.com\/wp-content\/uploads\/2023\/09\/Wire-Rope-Annealing-Machine-55mm-3-700x933.webp 700w\" sizes=\"(max-width: 1000px) 100vw, 1000px\" \/><\/p>\n<p>Ma\u0219inile au exportat \u00een Marea Britanie, Danemarca, Italia, Maroc, Iran, Indonezia, India, Emiratele Arabe Unite, Singapore, Polonia etc.<\/p>\n\n<div class=\"wpcf7 no-js\" id=\"wpcf7-f5526-o1\" lang=\"ro-RO\" dir=\"ltr\" data-wpcf7-id=\"5526\">\n<div class=\"screen-reader-response\"><p role=\"status\" aria-live=\"polite\" aria-atomic=\"true\"><\/p> <ul><\/ul><\/div>\n<form action=\"\/ro\/wp-json\/wp\/v2\/product\/2870#wpcf7-f5526-o1\" method=\"post\" class=\"wpcf7-form init\" aria-label=\"Formular de contact\" novalidate=\"novalidate\" data-status=\"init\">\n<fieldset class=\"hidden-fields-container\"><input type=\"hidden\" name=\"_wpcf7\" value=\"5526\" \/><input type=\"hidden\" name=\"_wpcf7_version\" value=\"6.1.4\" \/><input type=\"hidden\" name=\"_wpcf7_locale\" value=\"ro_RO\" \/><input type=\"hidden\" name=\"_wpcf7_unit_tag\" value=\"wpcf7-f5526-o1\" \/><input type=\"hidden\" name=\"_wpcf7_container_post\" value=\"0\" \/><input type=\"hidden\" name=\"_wpcf7_posted_data_hash\" value=\"\" \/>\n<\/fieldset>\n<div class=\"wpcf7-turnstile cf-turnstile\" data-sitekey=\"0x4AAAAAACHlhHyKtoljFN8P\" data-response-field-name=\"_wpcf7_turnstile_response\"><\/div>\n\n<p>\n    <\/p><h4 style=\"color:#333333;font-size:20px;font-family:\"background-color:#FFFFFF;font-weight:normal !important;\">\n        <span style=\"color:red;\">Trimite\u021bi-ne cerin\u021bele dumneavoastr\u0103 \u2014 v\u0103 vom r\u0103spunde \u00een termen de 24 de ore<\/span>\n    <\/h4>\n\n\n<div class=\"row\" style=\"display:flex; flex-wrap:wrap; width:100%;\">\n\n    <!-- Name -->\n    <div style=\"width:40%; padding-right:10px; box-sizing:border-box;\">\n        <div class=\"form-group\" style=\"margin-bottom:15px;\">\n <span class=\"wpcf7-form-control-wrap\" data-name=\"your-name\"><input size=\"40\" maxlength=\"400\" class=\"wpcf7-form-control wpcf7-text wpcf7-validates-as-required\" aria-required=\"true\" aria-invalid=\"false\" placeholder=\"Numele dumneavoastr\u0103 *\" value=\"\" type=\"text\" name=\"your-name\" \/><\/span>\n        <\/div>\n    <\/div>\n\n    <!-- Email -->\n    <div style=\"width:60%; padding-left:10px; box-sizing:border-box;\">\n        <div class=\"form-group\" style=\"margin-bottom:15px;\">\n <span class=\"wpcf7-form-control-wrap\" data-name=\"your-email\"><input size=\"40\" maxlength=\"400\" class=\"wpcf7-form-control wpcf7-email wpcf7-validates-as-required wpcf7-text wpcf7-validates-as-email\" aria-required=\"true\" aria-invalid=\"false\" placeholder=\"Adresa de e-mail *\" value=\"\" type=\"email\" name=\"your-email\" \/><\/span>\n        <\/div>\n    <\/div>\n\n    <!-- Message -->\n    <div style=\"width:100%; box-sizing:border-box;\">\n        <div class=\"form-group\" style=\"margin-bottom:15px;\">\n            <span class=\"wpcf7-form-control-wrap\" data-name=\"your-message\"><textarea cols=\"30\" rows=\"4\" maxlength=\"2000\" class=\"wpcf7-form-control wpcf7-textarea\" aria-invalid=\"false\" placeholder=\"V\u0103 rug\u0103m s\u0103 scrie\u021bi mesajul dumneavoastr\u0103 aici\" name=\"your-message\"><\/textarea><\/span>\n        <\/div>\n    <\/div>\n\n    <!-- Submit -->\n    <div style=\"width:100%; box-sizing:border-box;\">\n        <input class=\"wpcf7-form-control wpcf7-submit has-spinner btn btn-default\" type=\"submit\" value=\"Trimite\u021bi-ne un mesaj \u0219i ob\u021bine\u021bi o ofert\u0103\" \/>\n    <\/div>\n\n<\/div><div class=\"wpcf7-response-output\" aria-hidden=\"true\"><\/div>\n<\/form>\n<\/div>\n\n","protected":false},"excerpt":{"rendered":"<div class=\"table-r\">\n<table width=\"100%\">\n<tbody>\n<tr>\n<td width=\"50%\">Model:\n<\/td>\n<td width=\"50%\">RDJ-175<\/td>\n<\/tr>\n<tr>\n<td width=\"50%\">Max. fr\u00e2nghie:<\/td>\n<td width=\"50%\">55 mm<\/td>\n<\/tr>\n<tr>\n<td width=\"50%\">Putere:\n<\/td>\n<td width=\"50%\">175 kW<\/td>\n<\/tr>\n<tr>\n<td width=\"50%\">Dimensiuni:\n<\/td>\n<td width=\"50%\">1100mm*640mm*1500mm<\/td>\n<\/tr>\n<tr>\n<td width=\"50%\">Greutate:\n<\/td>\n<td width=\"50%\">750 kg<\/td>\n<\/tr>\n<\/tbody>\n<\/table>\n<p><strong>Limba disponibil\u0103:<\/strong>[wpml_language_selector_widget]<\/p>\n[contact-form-7 id=\"055e9b5\" title=\"Contact form 2\"]\n<\/div>\n","protected":false},"featured_media":2871,"comment_status":"open","ping_status":"closed","template":"","meta":[],"product_brand":[],"product_cat":[211],"product_tag":[346],"class_list":{"0":"post-2870","1":"product","2":"type-product","3":"status-publish","4":"has-post-thumbnail","6":"product_cat-wire-rope-annealing-machine","7":"product_tag-wire-rope-annealing-machine","9":"first","10":"instock","11":"taxable","12":"shipping-taxable","13":"product-type-simple"},"yoast_head":"<!-- This site is optimized with the Yoast SEO plugin v26.8 - https:\/\/yoast.com\/product\/yoast-seo-wordpress\/ -->\n<title>Ma\u0219in\u0103 de recoacere cablu de s\u00e2rm\u0103 55mm<\/title>\n<meta name=\"description\" content=\"Ma\u0219in\u0103 de recoacere cablu de s\u00e2rm\u0103 pentru cablu de s\u00e2rm\u0103 22-55mm. Ma\u0219ina poate func\u021biona \u00eempreun\u0103 cu evacuarea fumului. O alt\u0103 gam\u0103 de cabluri poate fi realizat\u0103 conform solicit\u0103rii.\" \/>\n<meta name=\"robots\" content=\"index, follow, max-snippet:-1, max-image-preview:large, max-video-preview:-1\" \/>\n<link rel=\"canonical\" href=\"https:\/\/zunzz.com\/ro\/product\/wire-rope-annealing-machine\/\" \/>\n<meta property=\"og:locale\" content=\"ro_RO\" \/>\n<meta property=\"og:type\" content=\"article\" \/>\n<meta property=\"og:title\" content=\"Ma\u0219in\u0103 de recoacere cablu de s\u00e2rm\u0103 55mm\" \/>\n<meta property=\"og:description\" content=\"Ma\u0219in\u0103 de recoacere cablu de s\u00e2rm\u0103 pentru cablu de s\u00e2rm\u0103 22-55mm. Ma\u0219ina poate func\u021biona \u00eempreun\u0103 cu evacuarea fumului. O alt\u0103 gam\u0103 de cabluri poate fi realizat\u0103 conform solicit\u0103rii.\" \/>\n<meta property=\"og:url\" content=\"https:\/\/zunzz.com\/ro\/product\/wire-rope-annealing-machine\/\" \/>\n<meta property=\"og:site_name\" content=\"Zunzz Wire Rope Sling Machine Company\" \/>\n<meta property=\"article:modified_time\" content=\"2025-12-14T03:25:59+00:00\" \/>\n<meta property=\"og:image\" content=\"https:\/\/zunzz.com\/wp-content\/uploads\/2023\/09\/Wire-Rope-Annealing-Machine-55mm-2.webp\" \/>\n\t<meta property=\"og:image:width\" content=\"1000\" \/>\n\t<meta property=\"og:image:height\" content=\"1000\" \/>\n\t<meta property=\"og:image:type\" content=\"image\/webp\" \/>\n<meta name=\"twitter:card\" content=\"summary_large_image\" \/>\n<meta name=\"twitter:label1\" content=\"Timp estimat pentru citire\" \/>\n\t<meta name=\"twitter:data1\" content=\"5 minute\" \/>\n<script type=\"application\/ld+json\" class=\"yoast-schema-graph\">{\"@context\":\"https:\/\/schema.org\",\"@graph\":[{\"@type\":\"WebPage\",\"@id\":\"https:\/\/zunzz.com\/ro\/product\/wire-rope-annealing-machine\/\",\"url\":\"https:\/\/zunzz.com\/ro\/product\/wire-rope-annealing-machine\/\",\"name\":\"Ma\u0219in\u0103 de recoacere cablu de s\u00e2rm\u0103 55mm\",\"isPartOf\":{\"@id\":\"https:\/\/zunzz.com\/ro\/#website\"},\"primaryImageOfPage\":{\"@id\":\"https:\/\/zunzz.com\/ro\/product\/wire-rope-annealing-machine\/#primaryimage\"},\"image\":{\"@id\":\"https:\/\/zunzz.com\/ro\/product\/wire-rope-annealing-machine\/#primaryimage\"},\"thumbnailUrl\":\"https:\/\/zunzz.com\/wp-content\/uploads\/2023\/09\/Wire-Rope-Annealing-Machine-55mm-2.webp\",\"datePublished\":\"2025-12-13T02:04:06+00:00\",\"dateModified\":\"2025-12-14T03:25:59+00:00\",\"description\":\"Ma\u0219in\u0103 de recoacere cablu de s\u00e2rm\u0103 pentru cablu de s\u00e2rm\u0103 22-55mm. Ma\u0219ina poate func\u021biona \u00eempreun\u0103 cu evacuarea fumului. O alt\u0103 gam\u0103 de cabluri poate fi realizat\u0103 conform solicit\u0103rii.\",\"breadcrumb\":{\"@id\":\"https:\/\/zunzz.com\/ro\/product\/wire-rope-annealing-machine\/#breadcrumb\"},\"inLanguage\":\"ro-RO\",\"potentialAction\":[{\"@type\":\"ReadAction\",\"target\":[\"https:\/\/zunzz.com\/ro\/product\/wire-rope-annealing-machine\/\"]}]},{\"@type\":\"ImageObject\",\"inLanguage\":\"ro-RO\",\"@id\":\"https:\/\/zunzz.com\/ro\/product\/wire-rope-annealing-machine\/#primaryimage\",\"url\":\"https:\/\/zunzz.com\/wp-content\/uploads\/2023\/09\/Wire-Rope-Annealing-Machine-55mm-2.webp\",\"contentUrl\":\"https:\/\/zunzz.com\/wp-content\/uploads\/2023\/09\/Wire-Rope-Annealing-Machine-55mm-2.webp\",\"width\":1000,\"height\":1000,\"caption\":\"Ma\u0219in\u0103 de recoacere cablu de s\u00e2rm\u0103 55mm-2\"},{\"@type\":\"BreadcrumbList\",\"@id\":\"https:\/\/zunzz.com\/ro\/product\/wire-rope-annealing-machine\/#breadcrumb\",\"itemListElement\":[{\"@type\":\"ListItem\",\"position\":1,\"name\":\"Home\",\"item\":\"https:\/\/zunzz.com\/ro\/home\/\"},{\"@type\":\"ListItem\",\"position\":2,\"name\":\"Shop\",\"item\":\"https:\/\/zunzz.com\/bg\/shop\/\"},{\"@type\":\"ListItem\",\"position\":3,\"name\":\"Ma\u0219in\u0103 de recoacere cablu de s\u00e2rm\u0103 55 mm\"}]},{\"@type\":\"WebSite\",\"@id\":\"https:\/\/zunzz.com\/ro\/#website\",\"url\":\"https:\/\/zunzz.com\/ro\/\",\"name\":\"Zunzz Wire Rope Sling Machine Company\",\"description\":\"Zunzz Wire Rope Sling Machine Company is a leading manufacturer of wire rope sling machines and related products.\",\"publisher\":{\"@id\":\"https:\/\/zunzz.com\/ro\/#organization\"},\"potentialAction\":[{\"@type\":\"SearchAction\",\"target\":{\"@type\":\"EntryPoint\",\"urlTemplate\":\"https:\/\/zunzz.com\/ro\/?s={search_term_string}\"},\"query-input\":{\"@type\":\"PropertyValueSpecification\",\"valueRequired\":true,\"valueName\":\"search_term_string\"}}],\"inLanguage\":\"ro-RO\"},{\"@type\":\"Organization\",\"@id\":\"https:\/\/zunzz.com\/ro\/#organization\",\"name\":\"Zunzz Wire Rope Sling Machine Company\",\"url\":\"https:\/\/zunzz.com\/ro\/\",\"logo\":{\"@type\":\"ImageObject\",\"inLanguage\":\"ro-RO\",\"@id\":\"https:\/\/zunzz.com\/ro\/#\/schema\/logo\/image\/\",\"url\":\"https:\/\/zunzz.com\/wp-content\/uploads\/2023\/09\/Logo.png\",\"contentUrl\":\"https:\/\/zunzz.com\/wp-content\/uploads\/2023\/09\/Logo.png\",\"width\":171,\"height\":133,\"caption\":\"Zunzz Wire Rope Sling Machine Company\"},\"image\":{\"@id\":\"https:\/\/zunzz.com\/ro\/#\/schema\/logo\/image\/\"}}]}<\/script>\n<!-- \/ Yoast SEO plugin. -->","yoast_head_json":{"title":"Ma\u0219in\u0103 de recoacere cablu de s\u00e2rm\u0103 55mm","description":"Ma\u0219in\u0103 de recoacere cablu de s\u00e2rm\u0103 pentru cablu de s\u00e2rm\u0103 22-55mm. Ma\u0219ina poate func\u021biona \u00eempreun\u0103 cu evacuarea fumului. O alt\u0103 gam\u0103 de cabluri poate fi realizat\u0103 conform solicit\u0103rii.","robots":{"index":"index","follow":"follow","max-snippet":"max-snippet:-1","max-image-preview":"max-image-preview:large","max-video-preview":"max-video-preview:-1"},"canonical":"https:\/\/zunzz.com\/ro\/product\/wire-rope-annealing-machine\/","og_locale":"ro_RO","og_type":"article","og_title":"Ma\u0219in\u0103 de recoacere cablu de s\u00e2rm\u0103 55mm","og_description":"Ma\u0219in\u0103 de recoacere cablu de s\u00e2rm\u0103 pentru cablu de s\u00e2rm\u0103 22-55mm. Ma\u0219ina poate func\u021biona \u00eempreun\u0103 cu evacuarea fumului. O alt\u0103 gam\u0103 de cabluri poate fi realizat\u0103 conform solicit\u0103rii.","og_url":"https:\/\/zunzz.com\/ro\/product\/wire-rope-annealing-machine\/","og_site_name":"Zunzz Wire Rope Sling Machine Company","article_modified_time":"2025-12-14T03:25:59+00:00","og_image":[{"width":1000,"height":1000,"url":"https:\/\/zunzz.com\/wp-content\/uploads\/2023\/09\/Wire-Rope-Annealing-Machine-55mm-2.webp","type":"image\/webp"}],"twitter_card":"summary_large_image","twitter_misc":{"Timp estimat pentru citire":"5 minute"},"schema":{"@context":"https:\/\/schema.org","@graph":[{"@type":"WebPage","@id":"https:\/\/zunzz.com\/ro\/product\/wire-rope-annealing-machine\/","url":"https:\/\/zunzz.com\/ro\/product\/wire-rope-annealing-machine\/","name":"Ma\u0219in\u0103 de recoacere cablu de s\u00e2rm\u0103 55mm","isPartOf":{"@id":"https:\/\/zunzz.com\/ro\/#website"},"primaryImageOfPage":{"@id":"https:\/\/zunzz.com\/ro\/product\/wire-rope-annealing-machine\/#primaryimage"},"image":{"@id":"https:\/\/zunzz.com\/ro\/product\/wire-rope-annealing-machine\/#primaryimage"},"thumbnailUrl":"https:\/\/zunzz.com\/wp-content\/uploads\/2023\/09\/Wire-Rope-Annealing-Machine-55mm-2.webp","datePublished":"2025-12-13T02:04:06+00:00","dateModified":"2025-12-14T03:25:59+00:00","description":"Ma\u0219in\u0103 de recoacere cablu de s\u00e2rm\u0103 pentru cablu de s\u00e2rm\u0103 22-55mm. Ma\u0219ina poate func\u021biona \u00eempreun\u0103 cu evacuarea fumului. O alt\u0103 gam\u0103 de cabluri poate fi realizat\u0103 conform solicit\u0103rii.","breadcrumb":{"@id":"https:\/\/zunzz.com\/ro\/product\/wire-rope-annealing-machine\/#breadcrumb"},"inLanguage":"ro-RO","potentialAction":[{"@type":"ReadAction","target":["https:\/\/zunzz.com\/ro\/product\/wire-rope-annealing-machine\/"]}]},{"@type":"ImageObject","inLanguage":"ro-RO","@id":"https:\/\/zunzz.com\/ro\/product\/wire-rope-annealing-machine\/#primaryimage","url":"https:\/\/zunzz.com\/wp-content\/uploads\/2023\/09\/Wire-Rope-Annealing-Machine-55mm-2.webp","contentUrl":"https:\/\/zunzz.com\/wp-content\/uploads\/2023\/09\/Wire-Rope-Annealing-Machine-55mm-2.webp","width":1000,"height":1000,"caption":"Ma\u0219in\u0103 de recoacere cablu de s\u00e2rm\u0103 55mm-2"},{"@type":"BreadcrumbList","@id":"https:\/\/zunzz.com\/ro\/product\/wire-rope-annealing-machine\/#breadcrumb","itemListElement":[{"@type":"ListItem","position":1,"name":"Home","item":"https:\/\/zunzz.com\/ro\/home\/"},{"@type":"ListItem","position":2,"name":"Shop","item":"https:\/\/zunzz.com\/bg\/shop\/"},{"@type":"ListItem","position":3,"name":"Ma\u0219in\u0103 de recoacere cablu de s\u00e2rm\u0103 55 mm"}]},{"@type":"WebSite","@id":"https:\/\/zunzz.com\/ro\/#website","url":"https:\/\/zunzz.com\/ro\/","name":"Zunzz Wire Rope Sling Machine Company","description":"Zunzz Wire Rope Sling Machine Company is a leading manufacturer of wire rope sling machines and related products.","publisher":{"@id":"https:\/\/zunzz.com\/ro\/#organization"},"potentialAction":[{"@type":"SearchAction","target":{"@type":"EntryPoint","urlTemplate":"https:\/\/zunzz.com\/ro\/?s={search_term_string}"},"query-input":{"@type":"PropertyValueSpecification","valueRequired":true,"valueName":"search_term_string"}}],"inLanguage":"ro-RO"},{"@type":"Organization","@id":"https:\/\/zunzz.com\/ro\/#organization","name":"Zunzz Wire Rope Sling Machine Company","url":"https:\/\/zunzz.com\/ro\/","logo":{"@type":"ImageObject","inLanguage":"ro-RO","@id":"https:\/\/zunzz.com\/ro\/#\/schema\/logo\/image\/","url":"https:\/\/zunzz.com\/wp-content\/uploads\/2023\/09\/Logo.png","contentUrl":"https:\/\/zunzz.com\/wp-content\/uploads\/2023\/09\/Logo.png","width":171,"height":133,"caption":"Zunzz Wire Rope Sling Machine Company"},"image":{"@id":"https:\/\/zunzz.com\/ro\/#\/schema\/logo\/image\/"}}]}},"_links":{"self":[{"href":"https:\/\/zunzz.com\/ro\/wp-json\/wp\/v2\/product\/2870","targetHints":{"allow":["GET"]}}],"collection":[{"href":"https:\/\/zunzz.com\/ro\/wp-json\/wp\/v2\/product"}],"about":[{"href":"https:\/\/zunzz.com\/ro\/wp-json\/wp\/v2\/types\/product"}],"replies":[{"embeddable":true,"href":"https:\/\/zunzz.com\/ro\/wp-json\/wp\/v2\/comments?post=2870"}],"wp:featuredmedia":[{"embeddable":true,"href":"https:\/\/zunzz.com\/ro\/wp-json\/wp\/v2\/media\/2871"}],"wp:attachment":[{"href":"https:\/\/zunzz.com\/ro\/wp-json\/wp\/v2\/media?parent=2870"}],"wp:term":[{"taxonomy":"product_brand","embeddable":true,"href":"https:\/\/zunzz.com\/ro\/wp-json\/wp\/v2\/product_brand?post=2870"},{"taxonomy":"product_cat","embeddable":true,"href":"https:\/\/zunzz.com\/ro\/wp-json\/wp\/v2\/product_cat?post=2870"},{"taxonomy":"product_tag","embeddable":true,"href":"https:\/\/zunzz.com\/ro\/wp-json\/wp\/v2\/product_tag?post=2870"}],"curies":[{"name":"wp","href":"https:\/\/api.w.org\/{rel}","templated":true}]}}