{"id":2611,"date":"2023-09-22T02:36:31","date_gmt":"2023-09-22T02:36:31","guid":{"rendered":"https:\/\/zunzz.com\/product\/masina-hidraulica-de-incercare-la-tractiune-200t\/"},"modified":"2025-05-21T00:22:25","modified_gmt":"2025-05-21T00:22:25","slug":"hydraulic-tensile-testing-machine","status":"publish","type":"product","link":"https:\/\/zunzz.com\/ro\/product\/hydraulic-tensile-testing-machine\/","title":{"rendered":"Masina hidraulica de incercare la tractiune 200T"},"content":{"rendered":"<h2>1.Ma\u0219in\u0103 de \u00eencercare la trac\u021biune hidraulic\u0103<\/h2>\n<p><strong>Ma\u0219ina hidraulic\u0103 de testare la trac\u021biune<\/strong> testeaz\u0103 cablurile metalice, chingile de cablu metalic, chingile de ching\u0103, c\u00e2rligele, lan\u021burile \u0219i a\u0219a mai departe. Este utilizat\u0103 pe scar\u0103 larg\u0103 \u00een domenii precum nave, construc\u021bii, electricitate, ridicare \u0219i salvare pentru a asigura siguran\u021ba \u0219i fiabilitatea tachelajelor.<\/p>\n<p>Raportul de testare poate fi tip\u0103rit.<\/p>\n<p><strong>M\u0103suri de siguran\u021b\u0103:<\/strong> \u00cenainte de testare, verifica\u021bi dac\u0103 dispozitivul de fixare este fixat corespunz\u0103tor pentru a evita alunecarea. Supra\u00eenc\u0103rcarea este strict interzis\u0103 pentru a preveni deteriorarea echipamentului sau v\u0103t\u0103marea personalului. Calibra\u021bi periodic senzorii pentru a asigura acurate\u021bea datelor.<\/p>\n<p><strong>func\u021bie major\u0103<\/strong><\/p>\n<p>\u00cencercare la trac\u021biune: se m\u0103soar\u0103 rezisten\u021ba maxim\u0103 la trac\u021biune (rezisten\u021ba la fractur\u0103) a tachelajului.<br \/>\n\u00cencercare la sarcin\u0103: Se simuleaz\u0103 sarcinile de lucru reale pentru a verifica capacitatea portant\u0103 a tachelajului.<\/p>\n<p>\u00cencercare la alungire: Se \u00eenregistreaz\u0103 gradul de deformare a materialului sub tensiune.<\/p>\n<p>\u00cencercare la durabilitate: se aplic\u0103 sarcini repetate pentru a testa durata de via\u021b\u0103 la oboseal\u0103.<\/p>\n<p>\u00cencercare static\u0103\/dinamic\u0103: Se alege diferite moduri de testare \u00een func\u021bie de cerin\u021be.<\/p>\n<p><img fetchpriority=\"high\" decoding=\"async\" class=\"alignnone wp-image-383 size-full\" src=\"https:\/\/zunzz.com\/wp-content\/uploads\/2023\/09\/Hydraulic-Tensile-Testing-Machine-2.webp\" alt=\"Masina-de-testare-hidraulica-la-tractiune-2\" width=\"1000\" height=\"1267\" srcset=\"https:\/\/zunzz.com\/wp-content\/uploads\/2023\/09\/Hydraulic-Tensile-Testing-Machine-2.webp 1000w, https:\/\/zunzz.com\/wp-content\/uploads\/2023\/09\/Hydraulic-Tensile-Testing-Machine-2-237x300.webp 237w, https:\/\/zunzz.com\/wp-content\/uploads\/2023\/09\/Hydraulic-Tensile-Testing-Machine-2-808x1024.webp 808w, https:\/\/zunzz.com\/wp-content\/uploads\/2023\/09\/Hydraulic-Tensile-Testing-Machine-2-768x973.webp 768w, https:\/\/zunzz.com\/wp-content\/uploads\/2023\/09\/Hydraulic-Tensile-Testing-Machine-2-700x887.webp 700w, https:\/\/zunzz.com\/wp-content\/uploads\/2023\/09\/Hydraulic-Tensile-Testing-Machine-2-600x760.webp 600w\" sizes=\"(max-width: 1000px) 100vw, 1000px\" \/><\/p>\n<h2>2.Parametrii tehnici<\/h2>\n<div class=\"table-r\">\n<table width=\"100%\">\n<tbody>\n<tr>\n<td width=\"50%\">Max. presiunea \u00eenc\u0103rcat\u0103<\/td>\n<td width=\"50%\">63Mpa<\/td>\n<\/tr>\n<tr>\n<td width=\"50%\">Max. Mi\u0219carea pistonului<\/td>\n<td width=\"50%\">1500 mm<\/td>\n<\/tr>\n<tr>\n<td width=\"50%\">Viteza de extragere a pistonului<\/td>\n<td width=\"50%\">8 mm\/sec<\/td>\n<\/tr>\n<tr>\n<td width=\"50%\">Viteza \u00eenc\u0103rcat\u0103 a pistonului<\/td>\n<td width=\"50%\">2 mm\/sec<\/td>\n<\/tr>\n<tr>\n<td width=\"50%\">Viteza de \u00eentoarcere a pistonului<\/td>\n<td width=\"50%\">10 mm\/sec<\/td>\n<\/tr>\n<tr>\n<td width=\"50%\">Toleran\u021b\u0103 de precizie la testarea la trac\u021biune<\/td>\n<td width=\"50%\">\u22641%<\/td>\n<\/tr>\n<tr>\n<td width=\"50%\">Toleran\u021b\u0103 de precizie a deplas\u0103rii<\/td>\n<td width=\"50%\">\u22641%<\/td>\n<\/tr>\n<tr>\n<td width=\"50%\">Toleran\u021b\u0103 la precizia \u00eenc\u0103rc\u0103rii statice<\/td>\n<td width=\"50%\">\u22641%<\/td>\n<\/tr>\n<tr>\n<td width=\"50%\">Nivel de zgomot<\/td>\n<td width=\"50%\">\u226470dB<\/td>\n<\/tr>\n<tr>\n<td width=\"50%\">Metod\u0103 de control<\/td>\n<td width=\"50%\">Calculator<\/td>\n<\/tr>\n<tr>\n<td width=\"50%\">Hus\u0103 de protec\u021bie automat\u0103<\/td>\n<td width=\"50%\">Disponibil\u0103<\/td>\n<\/tr>\n<\/tbody>\n<\/table>\n<p>&nbsp;<\/p>\n<p><iframe title=\"test bench for wire rope, websling, chain and so on testing.\" width=\"1060\" height=\"596\" src=\"https:\/\/www.youtube.com\/embed\/vC5deAoKkuU?feature=oembed\" frameborder=\"0\" allow=\"accelerometer; autoplay; clipboard-write; encrypted-media; gyroscope; picture-in-picture; web-share\" referrerpolicy=\"strict-origin-when-cross-origin\" allowfullscreen><\/iframe><\/p>\n<h2>3. Avantajele patului de testare<\/h2>\n<p>1. Prin utilizarea interac\u021biunii om-computer pentru a analiza \u0219i calcula indicatorii de performan\u021b\u0103 mecanic\u0103 ai materialelor testate, for\u021ba de trac\u021biune este calculat\u0103 automat la sf\u00e2r\u0219itul experimentului. Pe baza analizei automate, rezultatele analizei pot fi, de asemenea, corectate manual pentru a \u00eembun\u0103t\u0103\u021bi acurate\u021bea analizei.<\/p>\n<p>2. Se pot controla diverse curbe, cum ar fi deformarea for\u021bei, deplasarea for\u021bei, timpul for\u021bei, deformarea prin stres, timpul de deformare, timpul de deplasare;<\/p>\n<p>3. Amplificarea par\u021bial\u0103 a curbelor experimentale \u0219i compararea suprapunerilor multiple de curbe;<\/p>\n<p>4. Modul de control are modul de control automat. Controlul automat este un mod servo de func\u021bionare complet digital, cu dou\u0103 metode de setare a condi\u021biilor de testare: control complet automat \u0219i control programabil dialog om-ma\u0219in\u0103.<\/p>\n<p>5. Utiliz\u0103ri multiple: poate efectua teste de trac\u021biune, rupere \u0219i alte teste pe metal, nemetale \u0219i componente. Poate \u00eendeplini diferite standarde de metode de testare, cum ar fi ISO \u0219i GB.<\/p>\n<p>6. Sursa de ulei adopt\u0103 un design silen\u021bios, ecologic \u0219i u\u0219or de utilizat, reduc\u00e2nd consumul de energie, gener\u00e2nd c\u0103ldur\u0103 \u0219i protej\u00e2nd circuitul de ulei;<\/p>\n<p>7. Utilizarea vitezei mari, a integr\u0103rii ridicate, a controlului puternic, a capacit\u0103\u021bilor de procesare a datelor \u0219i a fiabilit\u0103\u021bii ridicate este de neegalat de ma\u0219inile de testare care utilizeaz\u0103 alte procesoare.<\/p>\n<p>&nbsp;<\/p>\n<\/div>\n<p><img decoding=\"async\" class=\"alignnone wp-image-385 size-full\" src=\"https:\/\/zunzz.com\/wp-content\/uploads\/2023\/09\/Hydraulic-Tensile-Testing-Machine-4.webp\" alt=\"Masina-de-testare-hidraulica-la-tractiune-4\" width=\"1000\" height=\"800\" srcset=\"https:\/\/zunzz.com\/wp-content\/uploads\/2023\/09\/Hydraulic-Tensile-Testing-Machine-4.webp 1000w, https:\/\/zunzz.com\/wp-content\/uploads\/2023\/09\/Hydraulic-Tensile-Testing-Machine-4-300x240.webp 300w, https:\/\/zunzz.com\/wp-content\/uploads\/2023\/09\/Hydraulic-Tensile-Testing-Machine-4-768x614.webp 768w, https:\/\/zunzz.com\/wp-content\/uploads\/2023\/09\/Hydraulic-Tensile-Testing-Machine-4-700x560.webp 700w, https:\/\/zunzz.com\/wp-content\/uploads\/2023\/09\/Hydraulic-Tensile-Testing-Machine-4-600x480.webp 600w\" sizes=\"(max-width: 1000px) 100vw, 1000px\" \/> <img decoding=\"async\" class=\"alignnone wp-image-384 size-full\" src=\"https:\/\/zunzz.com\/wp-content\/uploads\/2023\/09\/Hydraulic-Tensile-Testing-Machine-3.webp\" alt=\"Masina-de-testare-hidraulica-la-tractiune-3\" width=\"1000\" height=\"1267\" srcset=\"https:\/\/zunzz.com\/wp-content\/uploads\/2023\/09\/Hydraulic-Tensile-Testing-Machine-3.webp 1000w, https:\/\/zunzz.com\/wp-content\/uploads\/2023\/09\/Hydraulic-Tensile-Testing-Machine-3-237x300.webp 237w, https:\/\/zunzz.com\/wp-content\/uploads\/2023\/09\/Hydraulic-Tensile-Testing-Machine-3-808x1024.webp 808w, https:\/\/zunzz.com\/wp-content\/uploads\/2023\/09\/Hydraulic-Tensile-Testing-Machine-3-768x973.webp 768w, https:\/\/zunzz.com\/wp-content\/uploads\/2023\/09\/Hydraulic-Tensile-Testing-Machine-3-700x887.webp 700w, https:\/\/zunzz.com\/wp-content\/uploads\/2023\/09\/Hydraulic-Tensile-Testing-Machine-3-600x760.webp 600w\" sizes=\"(max-width: 1000px) 100vw, 1000px\" \/> <img loading=\"lazy\" decoding=\"async\" class=\"alignnone wp-image-382 \" src=\"https:\/\/zunzz.com\/wp-content\/uploads\/2023\/09\/Hydraulic-Tensile-Testing-Machine-1.webp\" alt=\"Masina-de-testare-hidraulica-la-tractiune-1\" width=\"1000\" height=\"1000\" srcset=\"https:\/\/zunzz.com\/wp-content\/uploads\/2023\/09\/Hydraulic-Tensile-Testing-Machine-1.webp 988w, https:\/\/zunzz.com\/wp-content\/uploads\/2023\/09\/Hydraulic-Tensile-Testing-Machine-1-300x300.webp 300w, https:\/\/zunzz.com\/wp-content\/uploads\/2023\/09\/Hydraulic-Tensile-Testing-Machine-1-150x150.webp 150w, https:\/\/zunzz.com\/wp-content\/uploads\/2023\/09\/Hydraulic-Tensile-Testing-Machine-1-768x768.webp 768w, https:\/\/zunzz.com\/wp-content\/uploads\/2023\/09\/Hydraulic-Tensile-Testing-Machine-1-570x570.webp 570w, https:\/\/zunzz.com\/wp-content\/uploads\/2023\/09\/Hydraulic-Tensile-Testing-Machine-1-500x500.webp 500w, https:\/\/zunzz.com\/wp-content\/uploads\/2023\/09\/Hydraulic-Tensile-Testing-Machine-1-700x700.webp 700w, https:\/\/zunzz.com\/wp-content\/uploads\/2023\/09\/Hydraulic-Tensile-Testing-Machine-1-650x650.webp 650w, https:\/\/zunzz.com\/wp-content\/uploads\/2023\/09\/Hydraulic-Tensile-Testing-Machine-1-600x600.webp 600w, https:\/\/zunzz.com\/wp-content\/uploads\/2023\/09\/Hydraulic-Tensile-Testing-Machine-1-100x100.webp 100w\" sizes=\"(max-width: 1000px) 100vw, 1000px\" \/><\/p>\n<h4><span style=\"color: #ff0000;\">V\u0103 rug\u0103m s\u0103 ne contacta\u021bi pentru mai multe detalii, v\u0103 vom r\u0103spunde \u00een 24 de ore<\/span><\/h4>\n<p class=\"wpcf7-contact-form-not-found\"><strong>Eroare:<\/strong> Nu am g\u0103sit formularul de contact.<\/p>\n<p>&nbsp;<\/p>\n","protected":false},"excerpt":{"rendered":"<div class=\"table-r\">\n<p>Structura de baz\u0103 a <strong>ma\u0219inii de testare hidraulic\u0103 la trac\u021biune<\/strong> include un cadru principal de \u00eenalt\u0103 rezisten\u021b\u0103, un sistem de \u00eenc\u0103rcare hidraulic\u0103, un sistem de fixare, un sistem de senzori \u0219i un sistem de control \u0219i achizi\u021bie de date. Producem bancuri de testare cu capacit\u0103\u021bi de 100T, 200T, 300T, 600T, 1000T \u0219i 2000T. <\/p>\n<table width=\"100%\">\n<tbody>\n<tr>\n<td width=\"50%\">Model:<\/td>\n<td width=\"50%\">DYWP-2000<\/td>\n<\/tr>\n<tr>\n<td width=\"50%\">Max. Capacitate:<\/td>\n<td width=\"50%\">2000 kN<\/td>\n<\/tr>\n<tr>\n<td width=\"50%\">Dimensiuni totale:<\/td>\n<td width=\"50%\">25000 mm * 1800 mm * 900 mm<\/td>\n<\/tr>\n<tr>\n<td width=\"50%\">Durata testului:<\/td>\n<td width=\"50%\">la cerere<\/td>\n<\/tr>\n<tr>\n<td width=\"50%\">Greutate:<\/td>\n<td width=\"50%\">20000 KG<\/td>\n<\/tr>\n<tr>\n<td width=\"50%\">Colectarea \u0219i analiza datelor:<\/td>\n<td width=\"50%\">Afi\u0219area \u00een timp real a curbei de deplasare a tensiunii \u0219i generarea automat\u0103 a raportului de testare.<\/td>\n<\/tr>\n<\/tbody>\n<\/table>\n<p><strong>Limba disponibil\u0103:<\/strong>[wpml_language_selector_widget]<\/p>\n<p><a class=\"single_add_to_cart_button button alt\" href=\"https:\/\/zunzz.com\/ro\/contact-store\/\" target=\"_blank\" rel=\"noopener noreferrer\">INTROBA\u021aI ACUM<\/a><\/p>\n<\/div>\n","protected":false},"featured_media":2612,"comment_status":"open","ping_status":"closed","template":"","meta":[],"product_brand":[],"product_cat":[210],"product_tag":[332,333],"class_list":{"0":"post-2611","1":"product","2":"type-product","3":"status-publish","4":"has-post-thumbnail","6":"product_cat-tensile-test-machine","7":"product_tag-tensile-test-machine","8":"product_tag-hydraulic-tensile-test-machine","10":"first","11":"instock","12":"taxable","13":"shipping-taxable","14":"product-type-simple"},"yoast_head":"<!-- This site is optimized with the Yoast SEO plugin v26.8 - https:\/\/yoast.com\/product\/yoast-seo-wordpress\/ -->\n<title>Ma\u0219in\u0103 hidraulic\u0103 de \u00eencercare la trac\u021biune<\/title>\n<meta name=\"description\" content=\"Ma\u0219ina de \u00eencercare la trac\u021biune hidraulic\u0103 testeaz\u0103 cablul de s\u00e2rm\u0103, chinga de fr\u00e2nghie, chinga, c\u00e2rlig, lan\u021b. Element de testare: test de trac\u021biune\/test de \u00eenc\u0103rcare static\u0103\/test de rupere\" \/>\n<meta name=\"robots\" content=\"index, follow, max-snippet:-1, max-image-preview:large, max-video-preview:-1\" \/>\n<link rel=\"canonical\" href=\"https:\/\/zunzz.com\/ro\/product\/hydraulic-tensile-testing-machine\/\" \/>\n<meta property=\"og:locale\" content=\"ro_RO\" \/>\n<meta property=\"og:type\" content=\"article\" \/>\n<meta property=\"og:title\" content=\"Ma\u0219in\u0103 hidraulic\u0103 de \u00eencercare la trac\u021biune\" \/>\n<meta property=\"og:description\" content=\"Ma\u0219ina de \u00eencercare la trac\u021biune hidraulic\u0103 testeaz\u0103 cablul de s\u00e2rm\u0103, chinga de fr\u00e2nghie, chinga, c\u00e2rlig, lan\u021b. Element de testare: test de trac\u021biune\/test de \u00eenc\u0103rcare static\u0103\/test de rupere\" \/>\n<meta property=\"og:url\" content=\"https:\/\/zunzz.com\/ro\/product\/hydraulic-tensile-testing-machine\/\" \/>\n<meta property=\"og:site_name\" content=\"Zunzz Wire Rope Sling Machine Company\" \/>\n<meta property=\"article:modified_time\" content=\"2025-05-21T00:22:25+00:00\" \/>\n<meta property=\"og:image\" content=\"https:\/\/zunzz.com\/wp-content\/uploads\/2023\/09\/Hydraulic-Tensile-Testing-Machine-1.webp\" \/>\n\t<meta property=\"og:image:width\" content=\"988\" \/>\n\t<meta property=\"og:image:height\" content=\"988\" \/>\n\t<meta property=\"og:image:type\" content=\"image\/webp\" \/>\n<meta name=\"twitter:card\" content=\"summary_large_image\" \/>\n<meta name=\"twitter:label1\" content=\"Timp estimat pentru citire\" \/>\n\t<meta name=\"twitter:data1\" content=\"5 minute\" \/>\n<script type=\"application\/ld+json\" class=\"yoast-schema-graph\">{\"@context\":\"https:\/\/schema.org\",\"@graph\":[{\"@type\":\"WebPage\",\"@id\":\"https:\/\/zunzz.com\/ro\/product\/hydraulic-tensile-testing-machine\/\",\"url\":\"https:\/\/zunzz.com\/ro\/product\/hydraulic-tensile-testing-machine\/\",\"name\":\"Ma\u0219in\u0103 hidraulic\u0103 de \u00eencercare la trac\u021biune\",\"isPartOf\":{\"@id\":\"https:\/\/zunzz.com\/ro\/#website\"},\"primaryImageOfPage\":{\"@id\":\"https:\/\/zunzz.com\/ro\/product\/hydraulic-tensile-testing-machine\/#primaryimage\"},\"image\":{\"@id\":\"https:\/\/zunzz.com\/ro\/product\/hydraulic-tensile-testing-machine\/#primaryimage\"},\"thumbnailUrl\":\"https:\/\/zunzz.com\/wp-content\/uploads\/2023\/09\/Hydraulic-Tensile-Testing-Machine-1.webp\",\"datePublished\":\"2023-09-22T02:36:31+00:00\",\"dateModified\":\"2025-05-21T00:22:25+00:00\",\"description\":\"Ma\u0219ina de \u00eencercare la trac\u021biune hidraulic\u0103 testeaz\u0103 cablul de s\u00e2rm\u0103, chinga de fr\u00e2nghie, chinga, c\u00e2rlig, lan\u021b. Element de testare: test de trac\u021biune\/test de \u00eenc\u0103rcare static\u0103\/test de rupere\",\"breadcrumb\":{\"@id\":\"https:\/\/zunzz.com\/ro\/product\/hydraulic-tensile-testing-machine\/#breadcrumb\"},\"inLanguage\":\"ro-RO\",\"potentialAction\":[{\"@type\":\"ReadAction\",\"target\":[\"https:\/\/zunzz.com\/ro\/product\/hydraulic-tensile-testing-machine\/\"]}]},{\"@type\":\"ImageObject\",\"inLanguage\":\"ro-RO\",\"@id\":\"https:\/\/zunzz.com\/ro\/product\/hydraulic-tensile-testing-machine\/#primaryimage\",\"url\":\"https:\/\/zunzz.com\/wp-content\/uploads\/2023\/09\/Hydraulic-Tensile-Testing-Machine-1.webp\",\"contentUrl\":\"https:\/\/zunzz.com\/wp-content\/uploads\/2023\/09\/Hydraulic-Tensile-Testing-Machine-1.webp\",\"width\":988,\"height\":988,\"caption\":\"Hydraulic-Tensile-Testing-Machine\"},{\"@type\":\"BreadcrumbList\",\"@id\":\"https:\/\/zunzz.com\/ro\/product\/hydraulic-tensile-testing-machine\/#breadcrumb\",\"itemListElement\":[{\"@type\":\"ListItem\",\"position\":1,\"name\":\"Home\",\"item\":\"https:\/\/zunzz.com\/ro\/home\/\"},{\"@type\":\"ListItem\",\"position\":2,\"name\":\"Shop\",\"item\":\"https:\/\/zunzz.com\/bg\/shop\/\"},{\"@type\":\"ListItem\",\"position\":3,\"name\":\"Masina hidraulica de incercare la tractiune 200T\"}]},{\"@type\":\"WebSite\",\"@id\":\"https:\/\/zunzz.com\/ro\/#website\",\"url\":\"https:\/\/zunzz.com\/ro\/\",\"name\":\"Zunzz Wire Rope Sling Machine Company\",\"description\":\"Zunzz Wire Rope Sling Machine Company is a leading manufacturer of wire rope sling machines and related products.\",\"publisher\":{\"@id\":\"https:\/\/zunzz.com\/ro\/#organization\"},\"potentialAction\":[{\"@type\":\"SearchAction\",\"target\":{\"@type\":\"EntryPoint\",\"urlTemplate\":\"https:\/\/zunzz.com\/ro\/?s={search_term_string}\"},\"query-input\":{\"@type\":\"PropertyValueSpecification\",\"valueRequired\":true,\"valueName\":\"search_term_string\"}}],\"inLanguage\":\"ro-RO\"},{\"@type\":\"Organization\",\"@id\":\"https:\/\/zunzz.com\/ro\/#organization\",\"name\":\"Zunzz Wire Rope Sling Machine Company\",\"url\":\"https:\/\/zunzz.com\/ro\/\",\"logo\":{\"@type\":\"ImageObject\",\"inLanguage\":\"ro-RO\",\"@id\":\"https:\/\/zunzz.com\/ro\/#\/schema\/logo\/image\/\",\"url\":\"https:\/\/zunzz.com\/wp-content\/uploads\/2023\/09\/Logo.png\",\"contentUrl\":\"https:\/\/zunzz.com\/wp-content\/uploads\/2023\/09\/Logo.png\",\"width\":171,\"height\":133,\"caption\":\"Zunzz Wire Rope Sling Machine Company\"},\"image\":{\"@id\":\"https:\/\/zunzz.com\/ro\/#\/schema\/logo\/image\/\"}}]}<\/script>\n<!-- \/ Yoast SEO plugin. -->","yoast_head_json":{"title":"Ma\u0219in\u0103 hidraulic\u0103 de \u00eencercare la trac\u021biune","description":"Ma\u0219ina de \u00eencercare la trac\u021biune hidraulic\u0103 testeaz\u0103 cablul de s\u00e2rm\u0103, chinga de fr\u00e2nghie, chinga, c\u00e2rlig, lan\u021b. Element de testare: test de trac\u021biune\/test de \u00eenc\u0103rcare static\u0103\/test de rupere","robots":{"index":"index","follow":"follow","max-snippet":"max-snippet:-1","max-image-preview":"max-image-preview:large","max-video-preview":"max-video-preview:-1"},"canonical":"https:\/\/zunzz.com\/ro\/product\/hydraulic-tensile-testing-machine\/","og_locale":"ro_RO","og_type":"article","og_title":"Ma\u0219in\u0103 hidraulic\u0103 de \u00eencercare la trac\u021biune","og_description":"Ma\u0219ina de \u00eencercare la trac\u021biune hidraulic\u0103 testeaz\u0103 cablul de s\u00e2rm\u0103, chinga de fr\u00e2nghie, chinga, c\u00e2rlig, lan\u021b. Element de testare: test de trac\u021biune\/test de \u00eenc\u0103rcare static\u0103\/test de rupere","og_url":"https:\/\/zunzz.com\/ro\/product\/hydraulic-tensile-testing-machine\/","og_site_name":"Zunzz Wire Rope Sling Machine Company","article_modified_time":"2025-05-21T00:22:25+00:00","og_image":[{"width":988,"height":988,"url":"https:\/\/zunzz.com\/wp-content\/uploads\/2023\/09\/Hydraulic-Tensile-Testing-Machine-1.webp","type":"image\/webp"}],"twitter_card":"summary_large_image","twitter_misc":{"Timp estimat pentru citire":"5 minute"},"schema":{"@context":"https:\/\/schema.org","@graph":[{"@type":"WebPage","@id":"https:\/\/zunzz.com\/ro\/product\/hydraulic-tensile-testing-machine\/","url":"https:\/\/zunzz.com\/ro\/product\/hydraulic-tensile-testing-machine\/","name":"Ma\u0219in\u0103 hidraulic\u0103 de \u00eencercare la trac\u021biune","isPartOf":{"@id":"https:\/\/zunzz.com\/ro\/#website"},"primaryImageOfPage":{"@id":"https:\/\/zunzz.com\/ro\/product\/hydraulic-tensile-testing-machine\/#primaryimage"},"image":{"@id":"https:\/\/zunzz.com\/ro\/product\/hydraulic-tensile-testing-machine\/#primaryimage"},"thumbnailUrl":"https:\/\/zunzz.com\/wp-content\/uploads\/2023\/09\/Hydraulic-Tensile-Testing-Machine-1.webp","datePublished":"2023-09-22T02:36:31+00:00","dateModified":"2025-05-21T00:22:25+00:00","description":"Ma\u0219ina de \u00eencercare la trac\u021biune hidraulic\u0103 testeaz\u0103 cablul de s\u00e2rm\u0103, chinga de fr\u00e2nghie, chinga, c\u00e2rlig, lan\u021b. Element de testare: test de trac\u021biune\/test de \u00eenc\u0103rcare static\u0103\/test de rupere","breadcrumb":{"@id":"https:\/\/zunzz.com\/ro\/product\/hydraulic-tensile-testing-machine\/#breadcrumb"},"inLanguage":"ro-RO","potentialAction":[{"@type":"ReadAction","target":["https:\/\/zunzz.com\/ro\/product\/hydraulic-tensile-testing-machine\/"]}]},{"@type":"ImageObject","inLanguage":"ro-RO","@id":"https:\/\/zunzz.com\/ro\/product\/hydraulic-tensile-testing-machine\/#primaryimage","url":"https:\/\/zunzz.com\/wp-content\/uploads\/2023\/09\/Hydraulic-Tensile-Testing-Machine-1.webp","contentUrl":"https:\/\/zunzz.com\/wp-content\/uploads\/2023\/09\/Hydraulic-Tensile-Testing-Machine-1.webp","width":988,"height":988,"caption":"Hydraulic-Tensile-Testing-Machine"},{"@type":"BreadcrumbList","@id":"https:\/\/zunzz.com\/ro\/product\/hydraulic-tensile-testing-machine\/#breadcrumb","itemListElement":[{"@type":"ListItem","position":1,"name":"Home","item":"https:\/\/zunzz.com\/ro\/home\/"},{"@type":"ListItem","position":2,"name":"Shop","item":"https:\/\/zunzz.com\/bg\/shop\/"},{"@type":"ListItem","position":3,"name":"Masina hidraulica de incercare la tractiune 200T"}]},{"@type":"WebSite","@id":"https:\/\/zunzz.com\/ro\/#website","url":"https:\/\/zunzz.com\/ro\/","name":"Zunzz Wire Rope Sling Machine Company","description":"Zunzz Wire Rope Sling Machine Company is a leading manufacturer of wire rope sling machines and related products.","publisher":{"@id":"https:\/\/zunzz.com\/ro\/#organization"},"potentialAction":[{"@type":"SearchAction","target":{"@type":"EntryPoint","urlTemplate":"https:\/\/zunzz.com\/ro\/?s={search_term_string}"},"query-input":{"@type":"PropertyValueSpecification","valueRequired":true,"valueName":"search_term_string"}}],"inLanguage":"ro-RO"},{"@type":"Organization","@id":"https:\/\/zunzz.com\/ro\/#organization","name":"Zunzz Wire Rope Sling Machine Company","url":"https:\/\/zunzz.com\/ro\/","logo":{"@type":"ImageObject","inLanguage":"ro-RO","@id":"https:\/\/zunzz.com\/ro\/#\/schema\/logo\/image\/","url":"https:\/\/zunzz.com\/wp-content\/uploads\/2023\/09\/Logo.png","contentUrl":"https:\/\/zunzz.com\/wp-content\/uploads\/2023\/09\/Logo.png","width":171,"height":133,"caption":"Zunzz Wire Rope Sling Machine Company"},"image":{"@id":"https:\/\/zunzz.com\/ro\/#\/schema\/logo\/image\/"}}]}},"_links":{"self":[{"href":"https:\/\/zunzz.com\/ro\/wp-json\/wp\/v2\/product\/2611","targetHints":{"allow":["GET"]}}],"collection":[{"href":"https:\/\/zunzz.com\/ro\/wp-json\/wp\/v2\/product"}],"about":[{"href":"https:\/\/zunzz.com\/ro\/wp-json\/wp\/v2\/types\/product"}],"replies":[{"embeddable":true,"href":"https:\/\/zunzz.com\/ro\/wp-json\/wp\/v2\/comments?post=2611"}],"wp:featuredmedia":[{"embeddable":true,"href":"https:\/\/zunzz.com\/ro\/wp-json\/wp\/v2\/media\/2612"}],"wp:attachment":[{"href":"https:\/\/zunzz.com\/ro\/wp-json\/wp\/v2\/media?parent=2611"}],"wp:term":[{"taxonomy":"product_brand","embeddable":true,"href":"https:\/\/zunzz.com\/ro\/wp-json\/wp\/v2\/product_brand?post=2611"},{"taxonomy":"product_cat","embeddable":true,"href":"https:\/\/zunzz.com\/ro\/wp-json\/wp\/v2\/product_cat?post=2611"},{"taxonomy":"product_tag","embeddable":true,"href":"https:\/\/zunzz.com\/ro\/wp-json\/wp\/v2\/product_tag?post=2611"}],"curies":[{"name":"wp","href":"https:\/\/api.w.org\/{rel}","templated":true}]}}