{"id":2482,"date":"2023-09-22T02:53:44","date_gmt":"2023-09-22T02:53:44","guid":{"rendered":"https:\/\/zunzz.com\/product\/presa-de-presarare-sarma-3000t\/"},"modified":"2023-12-25T12:49:08","modified_gmt":"2023-12-25T12:49:08","slug":"wire-rope-swaging-press","status":"publish","type":"product","link":"https:\/\/zunzz.com\/ro\/product\/wire-rope-swaging-press\/","title":{"rendered":"Pres\u0103 de pres\u0103rare s\u00e2rm\u0103 3000T"},"content":{"rendered":"<h3>1. Introducerea presei 3000T pentru pres\u0103rare cabluri de s\u00e2rm\u0103<\/h3>\n<p>Aceast\u0103 pres\u0103 de pres\u0103rare a cablurilor este pentru cabluri de 22 mm p\u00e2n\u0103 la 105 mm. Cu matri\u021be bloc pentru matri\u021be rotunde. Matri\u021bele pot fi realizate pentru man\u0219on din aluminiu, S-505, soclu la cerere.<\/p>\n<p>Tensiunea se va face conform solicit\u0103rii.<\/p>\n<p>Exist\u0103 matri\u021be p\u0103trate \u0219i matri\u021be rotunde din care alege\u021bi.<\/p>\n<h3>2.Parametrii tehnici<\/h3>\n<div class=\"table-r\">\n<table width=\"100%\">\n<tbody>\n<tr>\n<td width=\"50%\">Max. un diametru de swaging<\/td>\n<td width=\"50%\">32mm-105mm<\/td>\n<\/tr>\n<tr>\n<td width=\"50%\">Furnizare matri\u021be<\/td>\n<td width=\"50%\">22-65mm gratuit, 65-110mm alege\u021bi 4 seturi gratuit<\/td>\n<\/tr>\n<tr>\n<td width=\"50%\">Max. presiunea uleiului \u00eenc\u0103rcat<\/td>\n<td width=\"50%\">76Mpa<\/td>\n<\/tr>\n<tr>\n<td width=\"50%\">Controla\u021bi presiunea uleiului<\/td>\n<td width=\"50%\">12Mpa<\/td>\n<\/tr>\n<tr>\n<td width=\"50%\">Max. Mi\u0219carea pistonului<\/td>\n<td width=\"50%\">240 mm<\/td>\n<\/tr>\n<tr>\n<td width=\"50%\">Mi\u0219carea pistonului de lucru<\/td>\n<td width=\"50%\">270 mm<\/td>\n<\/tr>\n<tr>\n<td width=\"50%\">Viteza de cre\u0219tere a pistonului<\/td>\n<td width=\"50%\">5 mm\/sec<\/td>\n<\/tr>\n<tr>\n<td width=\"50%\">Viteza \u00eenc\u0103rcat\u0103 a pistonului<\/td>\n<td width=\"50%\">2 mm\/sec<\/td>\n<\/tr>\n<tr>\n<td width=\"50%\">Viteza sc\u0103zut\u0103 a pistonului<\/td>\n<td width=\"50%\">9,8 mm\/sec<\/td>\n<\/tr>\n<\/tbody>\n<\/table>\n<\/div>\n<p>&nbsp;<\/p>\n<p><img fetchpriority=\"high\" decoding=\"async\" class=\"alignnone wp-image-393 size-full\" src=\"https:\/\/zunzz.com\/wp-content\/uploads\/2023\/09\/Wire-Rope-Swaging-Press-3000T-1.webp\" alt=\"Pres\u0103 de pres\u0103rare s\u00e2rm\u0103 3000T-1\" width=\"1000\" height=\"1000\" srcset=\"https:\/\/zunzz.com\/wp-content\/uploads\/2023\/09\/Wire-Rope-Swaging-Press-3000T-1.webp 1000w, https:\/\/zunzz.com\/wp-content\/uploads\/2023\/09\/Wire-Rope-Swaging-Press-3000T-1-300x300.webp 300w, https:\/\/zunzz.com\/wp-content\/uploads\/2023\/09\/Wire-Rope-Swaging-Press-3000T-1-150x150.webp 150w, https:\/\/zunzz.com\/wp-content\/uploads\/2023\/09\/Wire-Rope-Swaging-Press-3000T-1-768x768.webp 768w, https:\/\/zunzz.com\/wp-content\/uploads\/2023\/09\/Wire-Rope-Swaging-Press-3000T-1-570x570.webp 570w, https:\/\/zunzz.com\/wp-content\/uploads\/2023\/09\/Wire-Rope-Swaging-Press-3000T-1-500x500.webp 500w, https:\/\/zunzz.com\/wp-content\/uploads\/2023\/09\/Wire-Rope-Swaging-Press-3000T-1-700x700.webp 700w, https:\/\/zunzz.com\/wp-content\/uploads\/2023\/09\/Wire-Rope-Swaging-Press-3000T-1-650x650.webp 650w, https:\/\/zunzz.com\/wp-content\/uploads\/2023\/09\/Wire-Rope-Swaging-Press-3000T-1-600x600.webp 600w, https:\/\/zunzz.com\/wp-content\/uploads\/2023\/09\/Wire-Rope-Swaging-Press-3000T-1-100x100.webp 100w\" sizes=\"(max-width: 1000px) 100vw, 1000px\" \/> <img decoding=\"async\" class=\"alignnone wp-image-394 size-full\" src=\"https:\/\/zunzz.com\/wp-content\/uploads\/2023\/09\/Wire-Rope-Swaging-Press-3000T-2.webp\" alt=\"Pres\u0103 de pres\u0103rare s\u00e2rm\u0103 3000T-2\" width=\"1000\" height=\"1333\" srcset=\"https:\/\/zunzz.com\/wp-content\/uploads\/2023\/09\/Wire-Rope-Swaging-Press-3000T-2.webp 1000w, https:\/\/zunzz.com\/wp-content\/uploads\/2023\/09\/Wire-Rope-Swaging-Press-3000T-2-225x300.webp 225w, https:\/\/zunzz.com\/wp-content\/uploads\/2023\/09\/Wire-Rope-Swaging-Press-3000T-2-768x1024.webp 768w, https:\/\/zunzz.com\/wp-content\/uploads\/2023\/09\/Wire-Rope-Swaging-Press-3000T-2-600x800.webp 600w, https:\/\/zunzz.com\/wp-content\/uploads\/2023\/09\/Wire-Rope-Swaging-Press-3000T-2-700x933.webp 700w\" sizes=\"(max-width: 1000px) 100vw, 1000px\" \/> <img decoding=\"async\" class=\"alignnone wp-image-395 size-full\" src=\"https:\/\/zunzz.com\/wp-content\/uploads\/2023\/09\/Wire-Rope-Swaging-Press-3000T-3.webp\" alt=\"Pres\u0103 de pres\u0103rare s\u00e2rm\u0103 3000T-3\" width=\"1000\" height=\"1333\" srcset=\"https:\/\/zunzz.com\/wp-content\/uploads\/2023\/09\/Wire-Rope-Swaging-Press-3000T-3.webp 1000w, https:\/\/zunzz.com\/wp-content\/uploads\/2023\/09\/Wire-Rope-Swaging-Press-3000T-3-225x300.webp 225w, https:\/\/zunzz.com\/wp-content\/uploads\/2023\/09\/Wire-Rope-Swaging-Press-3000T-3-768x1024.webp 768w, https:\/\/zunzz.com\/wp-content\/uploads\/2023\/09\/Wire-Rope-Swaging-Press-3000T-3-600x800.webp 600w, https:\/\/zunzz.com\/wp-content\/uploads\/2023\/09\/Wire-Rope-Swaging-Press-3000T-3-700x933.webp 700w\" sizes=\"(max-width: 1000px) 100vw, 1000px\" \/><\/p>\n<h3>3. Despre compania noastra<\/h3>\n<p>Avem o echip\u0103 experimentat\u0103 de ingineri \u0219i exper\u021bi care poate oferi asisten\u021b\u0103 tehnic\u0103 cuprinz\u0103toare \u0219i solu\u021bii pentru utilizatori. Indiferent de ce tip de ma\u0219in\u0103 de prelucrare a cablurilor \u0219i de serviciu de care ave\u021bi nevoie, v\u0103 putem oferi solu\u021bii satisf\u0103c\u0103toare.<\/p>\n<p>Dac\u0103 sunte\u021bi interesat de produsele \u0219i serviciile noastre sau dori\u021bi s\u0103 afla\u021bi mai multe despre industria de prelucrare a cablurilor din o\u021bel, v\u0103 rug\u0103m s\u0103 vizita\u021bi site-ul nostru web sau s\u0103 ne contacta\u021bi direct. V\u0103 vom servi din toat\u0103 inima! Vom continua s\u0103 fim angaja\u021bi \u00een inova\u021bia tehnologic\u0103 \u0219i dezvoltarea produselor, oferindu-v\u0103 ma\u0219ini \u0219i servicii mai eficiente \u0219i mai stabile pentru prelucrarea cablurilor. S\u0103 lucr\u0103m \u00eempreun\u0103 pentru a crea un viitor mai bun!<\/p>\n","protected":false},"excerpt":{"rendered":"<p>Model: YT3000<br \/>\nCapacitate: 30000KN<br \/>\nDiametrul presei: 105 mm<br \/>\nPutere: 7,5 kW*2<br \/>\nDimensiune: 2000*990*3400mm<br \/>\nGreutate: 18000KG<\/p>\n<p>Limba disponibil\u0103:[wpml_language_selector_widget]<\/p>\n<p><a href=\"https:\/\/zunzz.com\/ro\/contact-store\/\"><button class=\"single_add_to_cart_button button alt\" type=\"submit\">INTROBA\u021aI ACUM<\/button><\/a><\/p>\n","protected":false},"featured_media":2483,"comment_status":"open","ping_status":"closed","template":"","meta":[],"product_brand":[],"product_cat":[213],"product_tag":[273],"class_list":{"0":"post-2482","1":"product","2":"type-product","3":"status-publish","4":"has-post-thumbnail","6":"product_cat-wire-rope-swaging-machine","7":"product_tag-wire-rope-swaging-machine","9":"first","10":"instock","11":"taxable","12":"shipping-taxable","13":"product-type-simple"},"yoast_head":"<!-- This site is optimized with the Yoast SEO plugin v26.8 - https:\/\/yoast.com\/product\/yoast-seo-wordpress\/ -->\n<title>Pres\u0103 de pres\u0103rare a cablurilor de s\u00e2rm\u0103<\/title>\n<meta name=\"description\" content=\"Aceast\u0103 pres\u0103 de pres\u0103rare a cablurilor este pentru cabluri de 22 mm p\u00e2n\u0103 la 105 mm. Cu matri\u021be bloc pentru matri\u021be rotunde. Matri\u021bele pot fi realizate pentru man\u0219on din aluminiu, S-505, soclu\" \/>\n<meta name=\"robots\" content=\"index, follow, max-snippet:-1, max-image-preview:large, max-video-preview:-1\" \/>\n<link rel=\"canonical\" href=\"https:\/\/zunzz.com\/ro\/product\/wire-rope-swaging-press\/\" \/>\n<meta property=\"og:locale\" content=\"ro_RO\" \/>\n<meta property=\"og:type\" content=\"article\" \/>\n<meta property=\"og:title\" content=\"Pres\u0103 de pres\u0103rare a cablurilor de s\u00e2rm\u0103\" \/>\n<meta property=\"og:description\" content=\"Aceast\u0103 pres\u0103 de pres\u0103rare a cablurilor este pentru cabluri de 22 mm p\u00e2n\u0103 la 105 mm. Cu matri\u021be bloc pentru matri\u021be rotunde. Matri\u021bele pot fi realizate pentru man\u0219on din aluminiu, S-505, soclu\" \/>\n<meta property=\"og:url\" content=\"https:\/\/zunzz.com\/ro\/product\/wire-rope-swaging-press\/\" \/>\n<meta property=\"og:site_name\" content=\"Zunzz Wire Rope Sling Machine Company\" \/>\n<meta property=\"article:modified_time\" content=\"2023-12-25T12:49:08+00:00\" \/>\n<meta property=\"og:image\" content=\"https:\/\/zunzz.com\/wp-content\/uploads\/2023\/09\/Wire-Rope-Swaging-Press-3000T-1.webp\" \/>\n\t<meta property=\"og:image:width\" content=\"1000\" \/>\n\t<meta property=\"og:image:height\" content=\"1000\" \/>\n\t<meta property=\"og:image:type\" content=\"image\/webp\" \/>\n<meta name=\"twitter:card\" content=\"summary_large_image\" \/>\n<meta name=\"twitter:label1\" content=\"Timp estimat pentru citire\" \/>\n\t<meta name=\"twitter:data1\" content=\"3 minute\" \/>\n<script type=\"application\/ld+json\" class=\"yoast-schema-graph\">{\"@context\":\"https:\/\/schema.org\",\"@graph\":[{\"@type\":\"WebPage\",\"@id\":\"https:\/\/zunzz.com\/ro\/product\/wire-rope-swaging-press\/\",\"url\":\"https:\/\/zunzz.com\/ro\/product\/wire-rope-swaging-press\/\",\"name\":\"Pres\u0103 de pres\u0103rare a cablurilor de s\u00e2rm\u0103\",\"isPartOf\":{\"@id\":\"https:\/\/zunzz.com\/ro\/#website\"},\"primaryImageOfPage\":{\"@id\":\"https:\/\/zunzz.com\/ro\/product\/wire-rope-swaging-press\/#primaryimage\"},\"image\":{\"@id\":\"https:\/\/zunzz.com\/ro\/product\/wire-rope-swaging-press\/#primaryimage\"},\"thumbnailUrl\":\"https:\/\/zunzz.com\/wp-content\/uploads\/2023\/09\/Wire-Rope-Swaging-Press-3000T-1.webp\",\"datePublished\":\"2023-09-22T02:53:44+00:00\",\"dateModified\":\"2023-12-25T12:49:08+00:00\",\"description\":\"Aceast\u0103 pres\u0103 de pres\u0103rare a cablurilor este pentru cabluri de 22 mm p\u00e2n\u0103 la 105 mm. Cu matri\u021be bloc pentru matri\u021be rotunde. Matri\u021bele pot fi realizate pentru man\u0219on din aluminiu, S-505, soclu\",\"breadcrumb\":{\"@id\":\"https:\/\/zunzz.com\/ro\/product\/wire-rope-swaging-press\/#breadcrumb\"},\"inLanguage\":\"ro-RO\",\"potentialAction\":[{\"@type\":\"ReadAction\",\"target\":[\"https:\/\/zunzz.com\/ro\/product\/wire-rope-swaging-press\/\"]}]},{\"@type\":\"ImageObject\",\"inLanguage\":\"ro-RO\",\"@id\":\"https:\/\/zunzz.com\/ro\/product\/wire-rope-swaging-press\/#primaryimage\",\"url\":\"https:\/\/zunzz.com\/wp-content\/uploads\/2023\/09\/Wire-Rope-Swaging-Press-3000T-1.webp\",\"contentUrl\":\"https:\/\/zunzz.com\/wp-content\/uploads\/2023\/09\/Wire-Rope-Swaging-Press-3000T-1.webp\",\"width\":1000,\"height\":1000,\"caption\":\"Wire Rope Swaging Press 3000T\"},{\"@type\":\"BreadcrumbList\",\"@id\":\"https:\/\/zunzz.com\/ro\/product\/wire-rope-swaging-press\/#breadcrumb\",\"itemListElement\":[{\"@type\":\"ListItem\",\"position\":1,\"name\":\"Home\",\"item\":\"https:\/\/zunzz.com\/ro\/home\/\"},{\"@type\":\"ListItem\",\"position\":2,\"name\":\"Shop\",\"item\":\"https:\/\/zunzz.com\/bg\/shop\/\"},{\"@type\":\"ListItem\",\"position\":3,\"name\":\"Pres\u0103 de pres\u0103rare s\u00e2rm\u0103 3000T\"}]},{\"@type\":\"WebSite\",\"@id\":\"https:\/\/zunzz.com\/ro\/#website\",\"url\":\"https:\/\/zunzz.com\/ro\/\",\"name\":\"Zunzz Wire Rope Sling Machine Company\",\"description\":\"Zunzz Wire Rope Sling Machine Company is a leading manufacturer of wire rope sling machines and related products.\",\"publisher\":{\"@id\":\"https:\/\/zunzz.com\/ro\/#organization\"},\"potentialAction\":[{\"@type\":\"SearchAction\",\"target\":{\"@type\":\"EntryPoint\",\"urlTemplate\":\"https:\/\/zunzz.com\/ro\/?s={search_term_string}\"},\"query-input\":{\"@type\":\"PropertyValueSpecification\",\"valueRequired\":true,\"valueName\":\"search_term_string\"}}],\"inLanguage\":\"ro-RO\"},{\"@type\":\"Organization\",\"@id\":\"https:\/\/zunzz.com\/ro\/#organization\",\"name\":\"Zunzz Wire Rope Sling Machine Company\",\"url\":\"https:\/\/zunzz.com\/ro\/\",\"logo\":{\"@type\":\"ImageObject\",\"inLanguage\":\"ro-RO\",\"@id\":\"https:\/\/zunzz.com\/ro\/#\/schema\/logo\/image\/\",\"url\":\"https:\/\/zunzz.com\/wp-content\/uploads\/2023\/09\/Logo.png\",\"contentUrl\":\"https:\/\/zunzz.com\/wp-content\/uploads\/2023\/09\/Logo.png\",\"width\":171,\"height\":133,\"caption\":\"Zunzz Wire Rope Sling Machine Company\"},\"image\":{\"@id\":\"https:\/\/zunzz.com\/ro\/#\/schema\/logo\/image\/\"}}]}<\/script>\n<!-- \/ Yoast SEO plugin. -->","yoast_head_json":{"title":"Pres\u0103 de pres\u0103rare a cablurilor de s\u00e2rm\u0103","description":"Aceast\u0103 pres\u0103 de pres\u0103rare a cablurilor este pentru cabluri de 22 mm p\u00e2n\u0103 la 105 mm. Cu matri\u021be bloc pentru matri\u021be rotunde. Matri\u021bele pot fi realizate pentru man\u0219on din aluminiu, S-505, soclu","robots":{"index":"index","follow":"follow","max-snippet":"max-snippet:-1","max-image-preview":"max-image-preview:large","max-video-preview":"max-video-preview:-1"},"canonical":"https:\/\/zunzz.com\/ro\/product\/wire-rope-swaging-press\/","og_locale":"ro_RO","og_type":"article","og_title":"Pres\u0103 de pres\u0103rare a cablurilor de s\u00e2rm\u0103","og_description":"Aceast\u0103 pres\u0103 de pres\u0103rare a cablurilor este pentru cabluri de 22 mm p\u00e2n\u0103 la 105 mm. Cu matri\u021be bloc pentru matri\u021be rotunde. Matri\u021bele pot fi realizate pentru man\u0219on din aluminiu, S-505, soclu","og_url":"https:\/\/zunzz.com\/ro\/product\/wire-rope-swaging-press\/","og_site_name":"Zunzz Wire Rope Sling Machine Company","article_modified_time":"2023-12-25T12:49:08+00:00","og_image":[{"width":1000,"height":1000,"url":"https:\/\/zunzz.com\/wp-content\/uploads\/2023\/09\/Wire-Rope-Swaging-Press-3000T-1.webp","type":"image\/webp"}],"twitter_card":"summary_large_image","twitter_misc":{"Timp estimat pentru citire":"3 minute"},"schema":{"@context":"https:\/\/schema.org","@graph":[{"@type":"WebPage","@id":"https:\/\/zunzz.com\/ro\/product\/wire-rope-swaging-press\/","url":"https:\/\/zunzz.com\/ro\/product\/wire-rope-swaging-press\/","name":"Pres\u0103 de pres\u0103rare a cablurilor de s\u00e2rm\u0103","isPartOf":{"@id":"https:\/\/zunzz.com\/ro\/#website"},"primaryImageOfPage":{"@id":"https:\/\/zunzz.com\/ro\/product\/wire-rope-swaging-press\/#primaryimage"},"image":{"@id":"https:\/\/zunzz.com\/ro\/product\/wire-rope-swaging-press\/#primaryimage"},"thumbnailUrl":"https:\/\/zunzz.com\/wp-content\/uploads\/2023\/09\/Wire-Rope-Swaging-Press-3000T-1.webp","datePublished":"2023-09-22T02:53:44+00:00","dateModified":"2023-12-25T12:49:08+00:00","description":"Aceast\u0103 pres\u0103 de pres\u0103rare a cablurilor este pentru cabluri de 22 mm p\u00e2n\u0103 la 105 mm. Cu matri\u021be bloc pentru matri\u021be rotunde. Matri\u021bele pot fi realizate pentru man\u0219on din aluminiu, S-505, soclu","breadcrumb":{"@id":"https:\/\/zunzz.com\/ro\/product\/wire-rope-swaging-press\/#breadcrumb"},"inLanguage":"ro-RO","potentialAction":[{"@type":"ReadAction","target":["https:\/\/zunzz.com\/ro\/product\/wire-rope-swaging-press\/"]}]},{"@type":"ImageObject","inLanguage":"ro-RO","@id":"https:\/\/zunzz.com\/ro\/product\/wire-rope-swaging-press\/#primaryimage","url":"https:\/\/zunzz.com\/wp-content\/uploads\/2023\/09\/Wire-Rope-Swaging-Press-3000T-1.webp","contentUrl":"https:\/\/zunzz.com\/wp-content\/uploads\/2023\/09\/Wire-Rope-Swaging-Press-3000T-1.webp","width":1000,"height":1000,"caption":"Wire Rope Swaging Press 3000T"},{"@type":"BreadcrumbList","@id":"https:\/\/zunzz.com\/ro\/product\/wire-rope-swaging-press\/#breadcrumb","itemListElement":[{"@type":"ListItem","position":1,"name":"Home","item":"https:\/\/zunzz.com\/ro\/home\/"},{"@type":"ListItem","position":2,"name":"Shop","item":"https:\/\/zunzz.com\/bg\/shop\/"},{"@type":"ListItem","position":3,"name":"Pres\u0103 de pres\u0103rare s\u00e2rm\u0103 3000T"}]},{"@type":"WebSite","@id":"https:\/\/zunzz.com\/ro\/#website","url":"https:\/\/zunzz.com\/ro\/","name":"Zunzz Wire Rope Sling Machine Company","description":"Zunzz Wire Rope Sling Machine Company is a leading manufacturer of wire rope sling machines and related products.","publisher":{"@id":"https:\/\/zunzz.com\/ro\/#organization"},"potentialAction":[{"@type":"SearchAction","target":{"@type":"EntryPoint","urlTemplate":"https:\/\/zunzz.com\/ro\/?s={search_term_string}"},"query-input":{"@type":"PropertyValueSpecification","valueRequired":true,"valueName":"search_term_string"}}],"inLanguage":"ro-RO"},{"@type":"Organization","@id":"https:\/\/zunzz.com\/ro\/#organization","name":"Zunzz Wire Rope Sling Machine Company","url":"https:\/\/zunzz.com\/ro\/","logo":{"@type":"ImageObject","inLanguage":"ro-RO","@id":"https:\/\/zunzz.com\/ro\/#\/schema\/logo\/image\/","url":"https:\/\/zunzz.com\/wp-content\/uploads\/2023\/09\/Logo.png","contentUrl":"https:\/\/zunzz.com\/wp-content\/uploads\/2023\/09\/Logo.png","width":171,"height":133,"caption":"Zunzz Wire Rope Sling Machine Company"},"image":{"@id":"https:\/\/zunzz.com\/ro\/#\/schema\/logo\/image\/"}}]}},"_links":{"self":[{"href":"https:\/\/zunzz.com\/ro\/wp-json\/wp\/v2\/product\/2482","targetHints":{"allow":["GET"]}}],"collection":[{"href":"https:\/\/zunzz.com\/ro\/wp-json\/wp\/v2\/product"}],"about":[{"href":"https:\/\/zunzz.com\/ro\/wp-json\/wp\/v2\/types\/product"}],"replies":[{"embeddable":true,"href":"https:\/\/zunzz.com\/ro\/wp-json\/wp\/v2\/comments?post=2482"}],"wp:featuredmedia":[{"embeddable":true,"href":"https:\/\/zunzz.com\/ro\/wp-json\/wp\/v2\/media\/2483"}],"wp:attachment":[{"href":"https:\/\/zunzz.com\/ro\/wp-json\/wp\/v2\/media?parent=2482"}],"wp:term":[{"taxonomy":"product_brand","embeddable":true,"href":"https:\/\/zunzz.com\/ro\/wp-json\/wp\/v2\/product_brand?post=2482"},{"taxonomy":"product_cat","embeddable":true,"href":"https:\/\/zunzz.com\/ro\/wp-json\/wp\/v2\/product_cat?post=2482"},{"taxonomy":"product_tag","embeddable":true,"href":"https:\/\/zunzz.com\/ro\/wp-json\/wp\/v2\/product_tag?post=2482"}],"curies":[{"name":"wp","href":"https:\/\/api.w.org\/{rel}","templated":true}]}}