{"id":2321,"date":"2023-10-14T12:24:43","date_gmt":"2023-10-14T12:24:43","guid":{"rendered":"https:\/\/zunzz.com\/product\/masina-de-taiat-franghie\/"},"modified":"2023-12-16T12:48:04","modified_gmt":"2023-12-16T12:48:04","slug":"wire-rope-cutting-machine","status":"publish","type":"product","link":"https:\/\/zunzz.com\/ro\/product\/wire-rope-cutting-machine\/","title":{"rendered":"Ma\u0219in\u0103 de t\u0103iat fr\u00e2nghie"},"content":{"rendered":"<h3>1.Ma\u0219in\u0103 de t\u0103iat fr\u00e2nghie<\/h3>\n<p>Ma\u0219ina de t\u0103iat cabluri de s\u00e2rm\u0103 const\u0103 \u00een principal dintr-o surs\u0103 de energie (pomp\u0103 electric\u0103 sau pomp\u0103 manual\u0103), un cilindru de ulei de lucru, o \u0219in\u0103 de glisare \u0219i o lam\u0103 de t\u0103iere.<\/p>\n<p>Exist\u0103 dou\u0103 modele principale de t\u0103ietoare hidraulice de fr\u00e2nghie din o\u021bel, unul este QY-30, care este folosit pentru a t\u0103ia cabluri de s\u00e2rm\u0103 de o\u021bel cu un diametru mai mic de 30 mm. Un alt tip este t\u0103ietorul hidraulic de s\u00e2rm\u0103 de o\u021bel QY-48, care este folosit pentru a t\u0103ia cabluri de s\u00e2rm\u0103 de o\u021bel cu un diametru de 48 mm. Ca instrument profesional pentru t\u0103ierea cablurilor de s\u00e2rm\u0103 de o\u021bel.<\/p>\n<p>Scopul t\u0103ietorului hidraulic de fr\u00e2nghie<\/p>\n<p>Dispozitivul hidraulic de t\u0103iere a cablurilor reduce intensitatea muncii pentru t\u0103ierea cablurilor \u0219i \u00eembun\u0103t\u0103\u021be\u0219te eficien\u021ba muncii, f\u0103c\u00e2ndu-l potrivit pentru departamente precum repara\u021biile navale \u0219i minerit. Are caracteristicile unui design frumos, structur\u0103 avansat\u0103, dimensiuni mici, greutate redus\u0103, utilizare fiabil\u0103 \u0219i convenabil\u0103.<\/p>\n<h3>2.Parametrii t\u0103ietorului de fr\u00e2nghie hidraulice<\/h3>\n<div class=\"table-r\">\n<table width=\"100%\">\n<tbody>\n<tr>\n<td width=\"50%\">Model<\/td>\n<td width=\"50%\">QY30, QY48<\/td>\n<\/tr>\n<tr>\n<td width=\"50%\">T\u0103ierea s\u00e2rmei de o\u021bel cu diametru mare<\/td>\n<td width=\"50%\">30 mm, 48 mm<\/td>\n<\/tr>\n<tr>\n<td width=\"50%\">Progresul pistonului<\/td>\n<td width=\"50%\">\u2265 38mm, \u2265 60mm<\/td>\n<\/tr>\n<tr>\n<td width=\"50%\">For\u021b\u0103 de forfecare mare<\/td>\n<td width=\"50%\">7,5T, 20T<\/td>\n<\/tr>\n<tr>\n<td width=\"50%\">Capacitate de stocare a uleiului<\/td>\n<td width=\"50%\">0,19 L, 0,30 L<\/td>\n<\/tr>\n<tr>\n<td width=\"50%\">For\u021ba m\u00e2nerului<\/td>\n<td width=\"50%\">\u2264 25 kgf, \u2264 39 kgf<\/td>\n<\/tr>\n<\/tbody>\n<\/table>\n<p>&nbsp;<\/p>\n<\/div>\n<p><img fetchpriority=\"high\" decoding=\"async\" class=\"alignnone wp-image-1306 \" src=\"https:\/\/zunzz.com\/wp-content\/uploads\/2023\/10\/11.webp\" alt=\"ma\u0219in\u0103 de t\u0103iat cablu de s\u00e2rm\u0103\" width=\"750\" height=\"750\" srcset=\"https:\/\/zunzz.com\/wp-content\/uploads\/2023\/10\/11.webp 700w, https:\/\/zunzz.com\/wp-content\/uploads\/2023\/10\/11-300x300.webp 300w, https:\/\/zunzz.com\/wp-content\/uploads\/2023\/10\/11-150x150.webp 150w, https:\/\/zunzz.com\/wp-content\/uploads\/2023\/10\/11-570x570.webp 570w, https:\/\/zunzz.com\/wp-content\/uploads\/2023\/10\/11-500x500.webp 500w, https:\/\/zunzz.com\/wp-content\/uploads\/2023\/10\/11-650x650.webp 650w, https:\/\/zunzz.com\/wp-content\/uploads\/2023\/10\/11-600x600.webp 600w, https:\/\/zunzz.com\/wp-content\/uploads\/2023\/10\/11-100x100.webp 100w\" sizes=\"(max-width: 750px) 100vw, 750px\" \/><img decoding=\"async\" class=\"alignnone wp-image-1133\" src=\"https:\/\/zunzz.com\/wp-content\/uploads\/2023\/10\/2.webp\" alt=\"ma\u0219in\u0103 de t\u0103iat cablu de s\u00e2rm\u0103\" width=\"750\" height=\"750\" srcset=\"https:\/\/zunzz.com\/wp-content\/uploads\/2023\/10\/2.webp 750w, https:\/\/zunzz.com\/wp-content\/uploads\/2023\/10\/2-300x300.webp 300w, https:\/\/zunzz.com\/wp-content\/uploads\/2023\/10\/2-150x150.webp 150w, https:\/\/zunzz.com\/wp-content\/uploads\/2023\/10\/2-570x570.webp 570w, https:\/\/zunzz.com\/wp-content\/uploads\/2023\/10\/2-500x500.webp 500w, https:\/\/zunzz.com\/wp-content\/uploads\/2023\/10\/2-700x700.webp 700w, https:\/\/zunzz.com\/wp-content\/uploads\/2023\/10\/2-650x650.webp 650w, https:\/\/zunzz.com\/wp-content\/uploads\/2023\/10\/2-600x600.webp 600w, https:\/\/zunzz.com\/wp-content\/uploads\/2023\/10\/2-100x100.webp 100w\" sizes=\"(max-width: 750px) 100vw, 750px\" \/><\/p>\n<p><img decoding=\"async\" class=\"alignnone wp-image-1137\" src=\"https:\/\/zunzz.com\/wp-content\/uploads\/2023\/10\/O1CN01blCJBM1eN0jAPBHEd_2208311683858-0-cib.webp\" alt=\"ma\u0219in\u0103 de t\u0103iat cablu de s\u00e2rm\u0103\" width=\"750\" height=\"750\" srcset=\"https:\/\/zunzz.com\/wp-content\/uploads\/2023\/10\/O1CN01blCJBM1eN0jAPBHEd_2208311683858-0-cib.webp 750w, https:\/\/zunzz.com\/wp-content\/uploads\/2023\/10\/O1CN01blCJBM1eN0jAPBHEd_2208311683858-0-cib-300x300.webp 300w, https:\/\/zunzz.com\/wp-content\/uploads\/2023\/10\/O1CN01blCJBM1eN0jAPBHEd_2208311683858-0-cib-150x150.webp 150w, https:\/\/zunzz.com\/wp-content\/uploads\/2023\/10\/O1CN01blCJBM1eN0jAPBHEd_2208311683858-0-cib-570x570.webp 570w, https:\/\/zunzz.com\/wp-content\/uploads\/2023\/10\/O1CN01blCJBM1eN0jAPBHEd_2208311683858-0-cib-500x500.webp 500w, https:\/\/zunzz.com\/wp-content\/uploads\/2023\/10\/O1CN01blCJBM1eN0jAPBHEd_2208311683858-0-cib-700x700.webp 700w, https:\/\/zunzz.com\/wp-content\/uploads\/2023\/10\/O1CN01blCJBM1eN0jAPBHEd_2208311683858-0-cib-650x650.webp 650w, https:\/\/zunzz.com\/wp-content\/uploads\/2023\/10\/O1CN01blCJBM1eN0jAPBHEd_2208311683858-0-cib-600x600.webp 600w, https:\/\/zunzz.com\/wp-content\/uploads\/2023\/10\/O1CN01blCJBM1eN0jAPBHEd_2208311683858-0-cib-100x100.webp 100w\" sizes=\"(max-width: 750px) 100vw, 750px\" \/><\/p>\n<p><img loading=\"lazy\" decoding=\"async\" class=\"alignnone wp-image-1141\" src=\"https:\/\/zunzz.com\/wp-content\/uploads\/2023\/10\/O1CN01il9jc31eN0jGe43iA_2208311683858-0-cib.webp\" alt=\"ma\u0219in\u0103 de t\u0103iat cablu de s\u00e2rm\u0103\" width=\"750\" height=\"750\" srcset=\"https:\/\/zunzz.com\/wp-content\/uploads\/2023\/10\/O1CN01il9jc31eN0jGe43iA_2208311683858-0-cib.webp 750w, https:\/\/zunzz.com\/wp-content\/uploads\/2023\/10\/O1CN01il9jc31eN0jGe43iA_2208311683858-0-cib-300x300.webp 300w, https:\/\/zunzz.com\/wp-content\/uploads\/2023\/10\/O1CN01il9jc31eN0jGe43iA_2208311683858-0-cib-150x150.webp 150w, https:\/\/zunzz.com\/wp-content\/uploads\/2023\/10\/O1CN01il9jc31eN0jGe43iA_2208311683858-0-cib-570x570.webp 570w, https:\/\/zunzz.com\/wp-content\/uploads\/2023\/10\/O1CN01il9jc31eN0jGe43iA_2208311683858-0-cib-500x500.webp 500w, https:\/\/zunzz.com\/wp-content\/uploads\/2023\/10\/O1CN01il9jc31eN0jGe43iA_2208311683858-0-cib-700x700.webp 700w, https:\/\/zunzz.com\/wp-content\/uploads\/2023\/10\/O1CN01il9jc31eN0jGe43iA_2208311683858-0-cib-650x650.webp 650w, https:\/\/zunzz.com\/wp-content\/uploads\/2023\/10\/O1CN01il9jc31eN0jGe43iA_2208311683858-0-cib-600x600.webp 600w, https:\/\/zunzz.com\/wp-content\/uploads\/2023\/10\/O1CN01il9jc31eN0jGe43iA_2208311683858-0-cib-100x100.webp 100w\" sizes=\"(max-width: 750px) 100vw, 750px\" \/><\/p>\n<p>Acest produs a fost exportat \u00een mai multe \u021b\u0103ri, cum ar fi Statele Unite, Fran\u021ba, Canada, Indonezia, Rusia, Vietnam, Australia, Coreea de Sud, Iran \u0219i a primit laude unanime din partea clien\u021bilor.<\/p>\n","protected":false},"excerpt":{"rendered":"<p>Model: QY30, QY48<br \/>\nMax. cablu de s\u00e2rm\u0103: 30mm 48mm<br \/>\nFor\u021b\u0103 de forfecare mare: 7,5T, 20T<br \/>\nCapacitate de stocare ulei: 0,19L, 0,30L<br \/>\nLimba disponibil\u0103:[wpml_language_selector_widget]<\/p>\n<p><a href=\"https:\/\/zunzz.com\/ro\/contact-store\/\"><button class=\"single_add_to_cart_button button alt\" type=\"submit\">INTROBA\u021aI ACUM<\/button><\/a><\/p>\n","protected":false},"featured_media":1306,"comment_status":"open","ping_status":"closed","template":"","meta":[],"product_brand":[],"product_cat":[211],"product_tag":[297,299,298],"class_list":{"0":"post-2321","1":"product","2":"type-product","3":"status-publish","4":"has-post-thumbnail","6":"product_cat-wire-rope-annealing-machine","7":"product_tag-wire-rope-cutting-machine","8":"product_tag-steel-bar-cutter","9":"product_tag-wire-rope-cutter","11":"first","12":"instock","13":"taxable","14":"shipping-taxable","15":"product-type-simple"},"yoast_head":"<!-- This site is optimized with the Yoast SEO plugin v26.8 - https:\/\/yoast.com\/product\/yoast-seo-wordpress\/ -->\n<title>Ma\u0219in\u0103 de t\u0103iat fr\u00e2nghie<\/title>\n<meta name=\"description\" content=\"Ma\u0219ina de t\u0103iat cabluri de s\u00e2rm\u0103 const\u0103 \u00een principal dintr-o surs\u0103 de energie (pomp\u0103 electric\u0103 sau pomp\u0103 manual\u0103), un cilindru de ulei de lucru, o \u0219in\u0103 de glisare \u0219i o lam\u0103 de t\u0103iere.\" \/>\n<meta name=\"robots\" content=\"index, follow, max-snippet:-1, max-image-preview:large, max-video-preview:-1\" \/>\n<link rel=\"canonical\" href=\"https:\/\/zunzz.com\/ro\/product\/wire-rope-cutting-machine\/\" \/>\n<meta property=\"og:locale\" content=\"ro_RO\" \/>\n<meta property=\"og:type\" content=\"article\" \/>\n<meta property=\"og:title\" content=\"Ma\u0219in\u0103 de t\u0103iat fr\u00e2nghie\" \/>\n<meta property=\"og:description\" content=\"Ma\u0219ina de t\u0103iat cabluri de s\u00e2rm\u0103 const\u0103 \u00een principal dintr-o surs\u0103 de energie (pomp\u0103 electric\u0103 sau pomp\u0103 manual\u0103), un cilindru de ulei de lucru, o \u0219in\u0103 de glisare \u0219i o lam\u0103 de t\u0103iere.\" \/>\n<meta property=\"og:url\" content=\"https:\/\/zunzz.com\/ro\/product\/wire-rope-cutting-machine\/\" \/>\n<meta property=\"og:site_name\" content=\"Zunzz Wire Rope Sling Machine Company\" \/>\n<meta property=\"article:modified_time\" content=\"2023-12-16T12:48:04+00:00\" \/>\n<meta property=\"og:image\" content=\"https:\/\/zunzz.com\/wp-content\/uploads\/2023\/10\/11.webp\" \/>\n\t<meta property=\"og:image:width\" content=\"700\" \/>\n\t<meta property=\"og:image:height\" content=\"700\" \/>\n\t<meta property=\"og:image:type\" content=\"image\/webp\" \/>\n<meta name=\"twitter:card\" content=\"summary_large_image\" \/>\n<meta name=\"twitter:label1\" content=\"Timp estimat pentru citire\" \/>\n\t<meta name=\"twitter:data1\" content=\"3 minute\" \/>\n<script type=\"application\/ld+json\" class=\"yoast-schema-graph\">{\"@context\":\"https:\/\/schema.org\",\"@graph\":[{\"@type\":\"WebPage\",\"@id\":\"https:\/\/zunzz.com\/ro\/product\/wire-rope-cutting-machine\/\",\"url\":\"https:\/\/zunzz.com\/ro\/product\/wire-rope-cutting-machine\/\",\"name\":\"Ma\u0219in\u0103 de t\u0103iat fr\u00e2nghie\",\"isPartOf\":{\"@id\":\"https:\/\/zunzz.com\/ro\/#website\"},\"primaryImageOfPage\":{\"@id\":\"https:\/\/zunzz.com\/ro\/product\/wire-rope-cutting-machine\/#primaryimage\"},\"image\":{\"@id\":\"https:\/\/zunzz.com\/ro\/product\/wire-rope-cutting-machine\/#primaryimage\"},\"thumbnailUrl\":\"https:\/\/zunzz.com\/wp-content\/uploads\/2023\/10\/11.webp\",\"datePublished\":\"2023-10-14T12:24:43+00:00\",\"dateModified\":\"2023-12-16T12:48:04+00:00\",\"description\":\"Ma\u0219ina de t\u0103iat cabluri de s\u00e2rm\u0103 const\u0103 \u00een principal dintr-o surs\u0103 de energie (pomp\u0103 electric\u0103 sau pomp\u0103 manual\u0103), un cilindru de ulei de lucru, o \u0219in\u0103 de glisare \u0219i o lam\u0103 de t\u0103iere.\",\"breadcrumb\":{\"@id\":\"https:\/\/zunzz.com\/ro\/product\/wire-rope-cutting-machine\/#breadcrumb\"},\"inLanguage\":\"ro-RO\",\"potentialAction\":[{\"@type\":\"ReadAction\",\"target\":[\"https:\/\/zunzz.com\/ro\/product\/wire-rope-cutting-machine\/\"]}]},{\"@type\":\"ImageObject\",\"inLanguage\":\"ro-RO\",\"@id\":\"https:\/\/zunzz.com\/ro\/product\/wire-rope-cutting-machine\/#primaryimage\",\"url\":\"https:\/\/zunzz.com\/wp-content\/uploads\/2023\/10\/11.webp\",\"contentUrl\":\"https:\/\/zunzz.com\/wp-content\/uploads\/2023\/10\/11.webp\",\"width\":700,\"height\":700,\"caption\":\"wire rope cutting machine\"},{\"@type\":\"BreadcrumbList\",\"@id\":\"https:\/\/zunzz.com\/ro\/product\/wire-rope-cutting-machine\/#breadcrumb\",\"itemListElement\":[{\"@type\":\"ListItem\",\"position\":1,\"name\":\"Home\",\"item\":\"https:\/\/zunzz.com\/ro\/home\/\"},{\"@type\":\"ListItem\",\"position\":2,\"name\":\"Shop\",\"item\":\"https:\/\/zunzz.com\/bg\/shop\/\"},{\"@type\":\"ListItem\",\"position\":3,\"name\":\"Ma\u0219in\u0103 de t\u0103iat fr\u00e2nghie\"}]},{\"@type\":\"WebSite\",\"@id\":\"https:\/\/zunzz.com\/ro\/#website\",\"url\":\"https:\/\/zunzz.com\/ro\/\",\"name\":\"Zunzz Wire Rope Sling Machine Company\",\"description\":\"Zunzz Wire Rope Sling Machine Company is a leading manufacturer of wire rope sling machines and related products.\",\"publisher\":{\"@id\":\"https:\/\/zunzz.com\/ro\/#organization\"},\"potentialAction\":[{\"@type\":\"SearchAction\",\"target\":{\"@type\":\"EntryPoint\",\"urlTemplate\":\"https:\/\/zunzz.com\/ro\/?s={search_term_string}\"},\"query-input\":{\"@type\":\"PropertyValueSpecification\",\"valueRequired\":true,\"valueName\":\"search_term_string\"}}],\"inLanguage\":\"ro-RO\"},{\"@type\":\"Organization\",\"@id\":\"https:\/\/zunzz.com\/ro\/#organization\",\"name\":\"Zunzz Wire Rope Sling Machine Company\",\"url\":\"https:\/\/zunzz.com\/ro\/\",\"logo\":{\"@type\":\"ImageObject\",\"inLanguage\":\"ro-RO\",\"@id\":\"https:\/\/zunzz.com\/ro\/#\/schema\/logo\/image\/\",\"url\":\"https:\/\/zunzz.com\/wp-content\/uploads\/2023\/09\/Logo.png\",\"contentUrl\":\"https:\/\/zunzz.com\/wp-content\/uploads\/2023\/09\/Logo.png\",\"width\":171,\"height\":133,\"caption\":\"Zunzz Wire Rope Sling Machine Company\"},\"image\":{\"@id\":\"https:\/\/zunzz.com\/ro\/#\/schema\/logo\/image\/\"}}]}<\/script>\n<!-- \/ Yoast SEO plugin. -->","yoast_head_json":{"title":"Ma\u0219in\u0103 de t\u0103iat fr\u00e2nghie","description":"Ma\u0219ina de t\u0103iat cabluri de s\u00e2rm\u0103 const\u0103 \u00een principal dintr-o surs\u0103 de energie (pomp\u0103 electric\u0103 sau pomp\u0103 manual\u0103), un cilindru de ulei de lucru, o \u0219in\u0103 de glisare \u0219i o lam\u0103 de t\u0103iere.","robots":{"index":"index","follow":"follow","max-snippet":"max-snippet:-1","max-image-preview":"max-image-preview:large","max-video-preview":"max-video-preview:-1"},"canonical":"https:\/\/zunzz.com\/ro\/product\/wire-rope-cutting-machine\/","og_locale":"ro_RO","og_type":"article","og_title":"Ma\u0219in\u0103 de t\u0103iat fr\u00e2nghie","og_description":"Ma\u0219ina de t\u0103iat cabluri de s\u00e2rm\u0103 const\u0103 \u00een principal dintr-o surs\u0103 de energie (pomp\u0103 electric\u0103 sau pomp\u0103 manual\u0103), un cilindru de ulei de lucru, o \u0219in\u0103 de glisare \u0219i o lam\u0103 de t\u0103iere.","og_url":"https:\/\/zunzz.com\/ro\/product\/wire-rope-cutting-machine\/","og_site_name":"Zunzz Wire Rope Sling Machine Company","article_modified_time":"2023-12-16T12:48:04+00:00","og_image":[{"width":700,"height":700,"url":"https:\/\/zunzz.com\/wp-content\/uploads\/2023\/10\/11.webp","type":"image\/webp"}],"twitter_card":"summary_large_image","twitter_misc":{"Timp estimat pentru citire":"3 minute"},"schema":{"@context":"https:\/\/schema.org","@graph":[{"@type":"WebPage","@id":"https:\/\/zunzz.com\/ro\/product\/wire-rope-cutting-machine\/","url":"https:\/\/zunzz.com\/ro\/product\/wire-rope-cutting-machine\/","name":"Ma\u0219in\u0103 de t\u0103iat fr\u00e2nghie","isPartOf":{"@id":"https:\/\/zunzz.com\/ro\/#website"},"primaryImageOfPage":{"@id":"https:\/\/zunzz.com\/ro\/product\/wire-rope-cutting-machine\/#primaryimage"},"image":{"@id":"https:\/\/zunzz.com\/ro\/product\/wire-rope-cutting-machine\/#primaryimage"},"thumbnailUrl":"https:\/\/zunzz.com\/wp-content\/uploads\/2023\/10\/11.webp","datePublished":"2023-10-14T12:24:43+00:00","dateModified":"2023-12-16T12:48:04+00:00","description":"Ma\u0219ina de t\u0103iat cabluri de s\u00e2rm\u0103 const\u0103 \u00een principal dintr-o surs\u0103 de energie (pomp\u0103 electric\u0103 sau pomp\u0103 manual\u0103), un cilindru de ulei de lucru, o \u0219in\u0103 de glisare \u0219i o lam\u0103 de t\u0103iere.","breadcrumb":{"@id":"https:\/\/zunzz.com\/ro\/product\/wire-rope-cutting-machine\/#breadcrumb"},"inLanguage":"ro-RO","potentialAction":[{"@type":"ReadAction","target":["https:\/\/zunzz.com\/ro\/product\/wire-rope-cutting-machine\/"]}]},{"@type":"ImageObject","inLanguage":"ro-RO","@id":"https:\/\/zunzz.com\/ro\/product\/wire-rope-cutting-machine\/#primaryimage","url":"https:\/\/zunzz.com\/wp-content\/uploads\/2023\/10\/11.webp","contentUrl":"https:\/\/zunzz.com\/wp-content\/uploads\/2023\/10\/11.webp","width":700,"height":700,"caption":"wire rope cutting machine"},{"@type":"BreadcrumbList","@id":"https:\/\/zunzz.com\/ro\/product\/wire-rope-cutting-machine\/#breadcrumb","itemListElement":[{"@type":"ListItem","position":1,"name":"Home","item":"https:\/\/zunzz.com\/ro\/home\/"},{"@type":"ListItem","position":2,"name":"Shop","item":"https:\/\/zunzz.com\/bg\/shop\/"},{"@type":"ListItem","position":3,"name":"Ma\u0219in\u0103 de t\u0103iat fr\u00e2nghie"}]},{"@type":"WebSite","@id":"https:\/\/zunzz.com\/ro\/#website","url":"https:\/\/zunzz.com\/ro\/","name":"Zunzz Wire Rope Sling Machine Company","description":"Zunzz Wire Rope Sling Machine Company is a leading manufacturer of wire rope sling machines and related products.","publisher":{"@id":"https:\/\/zunzz.com\/ro\/#organization"},"potentialAction":[{"@type":"SearchAction","target":{"@type":"EntryPoint","urlTemplate":"https:\/\/zunzz.com\/ro\/?s={search_term_string}"},"query-input":{"@type":"PropertyValueSpecification","valueRequired":true,"valueName":"search_term_string"}}],"inLanguage":"ro-RO"},{"@type":"Organization","@id":"https:\/\/zunzz.com\/ro\/#organization","name":"Zunzz Wire Rope Sling Machine Company","url":"https:\/\/zunzz.com\/ro\/","logo":{"@type":"ImageObject","inLanguage":"ro-RO","@id":"https:\/\/zunzz.com\/ro\/#\/schema\/logo\/image\/","url":"https:\/\/zunzz.com\/wp-content\/uploads\/2023\/09\/Logo.png","contentUrl":"https:\/\/zunzz.com\/wp-content\/uploads\/2023\/09\/Logo.png","width":171,"height":133,"caption":"Zunzz Wire Rope Sling Machine Company"},"image":{"@id":"https:\/\/zunzz.com\/ro\/#\/schema\/logo\/image\/"}}]}},"_links":{"self":[{"href":"https:\/\/zunzz.com\/ro\/wp-json\/wp\/v2\/product\/2321","targetHints":{"allow":["GET"]}}],"collection":[{"href":"https:\/\/zunzz.com\/ro\/wp-json\/wp\/v2\/product"}],"about":[{"href":"https:\/\/zunzz.com\/ro\/wp-json\/wp\/v2\/types\/product"}],"replies":[{"embeddable":true,"href":"https:\/\/zunzz.com\/ro\/wp-json\/wp\/v2\/comments?post=2321"}],"wp:featuredmedia":[{"embeddable":true,"href":"https:\/\/zunzz.com\/ro\/wp-json\/wp\/v2\/media\/1306"}],"wp:attachment":[{"href":"https:\/\/zunzz.com\/ro\/wp-json\/wp\/v2\/media?parent=2321"}],"wp:term":[{"taxonomy":"product_brand","embeddable":true,"href":"https:\/\/zunzz.com\/ro\/wp-json\/wp\/v2\/product_brand?post=2321"},{"taxonomy":"product_cat","embeddable":true,"href":"https:\/\/zunzz.com\/ro\/wp-json\/wp\/v2\/product_cat?post=2321"},{"taxonomy":"product_tag","embeddable":true,"href":"https:\/\/zunzz.com\/ro\/wp-json\/wp\/v2\/product_tag?post=2321"}],"curies":[{"name":"wp","href":"https:\/\/api.w.org\/{rel}","templated":true}]}}