{"id":2221,"date":"2023-11-02T12:43:48","date_gmt":"2023-11-02T12:43:48","guid":{"rendered":"https:\/\/zunzz.com\/product\/masina-de-bobinare-a-cablurilor\/"},"modified":"2023-12-04T13:01:37","modified_gmt":"2023-12-04T13:01:37","slug":"cable-spooling-machine","status":"publish","type":"product","link":"https:\/\/zunzz.com\/ro\/product\/cable-spooling-machine\/","title":{"rendered":"Ma\u0219in\u0103 de bobinare a cablurilor"},"content":{"rendered":"<h3>1. Introducerea ma\u0219inii de bobinare a cablurilor<\/h3>\n<p>Ma\u0219ina de \u00eenf\u0103\u0219urare a cablurilor este de obicei folosit\u0103 pentru bobinarea cablurilor, a cablului, a firului de cupru \u0219i a altor fire. Poate bobina automat \u0219i pozarea cablurilor.<\/p>\n<h3 style=\"text-align: left;\">2. Parametrii ma\u0219inii de bobinare a cablurilor<\/h3>\n<div class=\"table-r\">\n<table width=\"100%\">\n<tbody>\n<tr>\n<td width=\"50%\">Diametrul discului de s\u00e2rm\u0103<\/td>\n<td width=\"50%\">800-1250mm<\/td>\n<\/tr>\n<tr>\n<td width=\"50%\">Diametrul firului<\/td>\n<td width=\"50%\">\u226420mm<\/td>\n<\/tr>\n<tr>\n<td width=\"50%\">Putere<\/td>\n<td width=\"50%\">Reductor de vitez\u0103 7,5KW+RV130<\/td>\n<\/tr>\n<tr>\n<td width=\"50%\">Voltaj<\/td>\n<td width=\"50%\">A\u0219a cum a solicitat<\/td>\n<\/tr>\n<tr>\n<td width=\"50%\">Vitez\u0103<\/td>\n<td width=\"50%\">0-30m pe min<\/td>\n<\/tr>\n<\/tbody>\n<\/table>\n<p>&nbsp;<\/p>\n<\/div>\n<p><iframe title=\"wire cable spooling machine\" width=\"1060\" height=\"596\" src=\"https:\/\/www.youtube.com\/embed\/kvHdzTHdCjQ?feature=oembed\" frameborder=\"0\" allow=\"accelerometer; autoplay; clipboard-write; encrypted-media; gyroscope; picture-in-picture; web-share\" allowfullscreen><\/iframe><\/p>\n<p>&nbsp;<\/p>\n<h3>3. Func\u021bia ma\u0219inii de bobinare a cablurilor<\/h3>\n<p>Ma\u0219ina de preluare automat\u0103 a cablului este de obicei compus\u0103 din bobin\u0103 de cablu, motor de preluare, controler \u0219i alte p\u0103r\u021bi. Bobina de cablu este folosit\u0103 pentru \u00eenf\u0103\u0219urarea cablurilor, care se pot roti \u0219i regla automat etan\u0219eitatea cablurilor. Motorul de preluare este utilizat pentru a conduce rota\u021bia bobinei de cablu \u0219i poate controla, de asemenea, viteza \u0219i direc\u021bia de rota\u021bie. Controlerul este folosit pentru a controla func\u021bionarea \u00eentregului echipament, iar diferite moduri \u0219i parametri pot fi seta\u021bi \u00een func\u021bie de nevoi.<\/p>\n<p>Poate reduce foarte mult intensitatea muncii de depozitare manual\u0103 a cablurilor \u0219i poate \u00eembun\u0103t\u0103\u021bi eficien\u021ba muncii. \u00cen al doilea r\u00e2nd, poate asigura calitatea depozit\u0103rii \u0219i durata de via\u021b\u0103 a cablului, evit\u00e2nd deteriorarea sau poluarea cablului. \u00cen plus, poate realiza, de asemenea, eliberarea \u0219i reciclarea rapid\u0103 a cablurilor, f\u0103c\u00e2ndu-l convenabil pentru utilizare \u0219i operare.<\/p>\n<p><img fetchpriority=\"high\" decoding=\"async\" class=\"alignnone wp-image-1284\" src=\"https:\/\/zunzz.com\/wp-content\/uploads\/2023\/11\/cable-coiling-machine.webp\" alt=\"ma\u0219in\u0103 de bobinare a cablurilor\" width=\"1004\" height=\"1004\" srcset=\"https:\/\/zunzz.com\/wp-content\/uploads\/2023\/11\/cable-coiling-machine.webp 1200w, https:\/\/zunzz.com\/wp-content\/uploads\/2023\/11\/cable-coiling-machine-300x300.webp 300w, https:\/\/zunzz.com\/wp-content\/uploads\/2023\/11\/cable-coiling-machine-1024x1024.webp 1024w, https:\/\/zunzz.com\/wp-content\/uploads\/2023\/11\/cable-coiling-machine-150x150.webp 150w, https:\/\/zunzz.com\/wp-content\/uploads\/2023\/11\/cable-coiling-machine-768x768.webp 768w, https:\/\/zunzz.com\/wp-content\/uploads\/2023\/11\/cable-coiling-machine-570x570.webp 570w, https:\/\/zunzz.com\/wp-content\/uploads\/2023\/11\/cable-coiling-machine-500x500.webp 500w, https:\/\/zunzz.com\/wp-content\/uploads\/2023\/11\/cable-coiling-machine-1000x1000.webp 1000w, https:\/\/zunzz.com\/wp-content\/uploads\/2023\/11\/cable-coiling-machine-700x700.webp 700w, https:\/\/zunzz.com\/wp-content\/uploads\/2023\/11\/cable-coiling-machine-650x650.webp 650w, https:\/\/zunzz.com\/wp-content\/uploads\/2023\/11\/cable-coiling-machine-600x600.webp 600w, https:\/\/zunzz.com\/wp-content\/uploads\/2023\/11\/cable-coiling-machine-100x100.webp 100w\" sizes=\"(max-width: 1004px) 100vw, 1004px\" \/> <img decoding=\"async\" class=\"alignnone wp-image-1288\" src=\"https:\/\/zunzz.com\/wp-content\/uploads\/2023\/11\/cable-spooling-machine.webp\" alt=\"ma\u0219in\u0103 de bobinare a cablurilor\" width=\"999\" height=\"999\" srcset=\"https:\/\/zunzz.com\/wp-content\/uploads\/2023\/11\/cable-spooling-machine.webp 1200w, https:\/\/zunzz.com\/wp-content\/uploads\/2023\/11\/cable-spooling-machine-300x300.webp 300w, https:\/\/zunzz.com\/wp-content\/uploads\/2023\/11\/cable-spooling-machine-1024x1024.webp 1024w, https:\/\/zunzz.com\/wp-content\/uploads\/2023\/11\/cable-spooling-machine-150x150.webp 150w, https:\/\/zunzz.com\/wp-content\/uploads\/2023\/11\/cable-spooling-machine-768x768.webp 768w, https:\/\/zunzz.com\/wp-content\/uploads\/2023\/11\/cable-spooling-machine-570x570.webp 570w, https:\/\/zunzz.com\/wp-content\/uploads\/2023\/11\/cable-spooling-machine-500x500.webp 500w, https:\/\/zunzz.com\/wp-content\/uploads\/2023\/11\/cable-spooling-machine-1000x1000.webp 1000w, https:\/\/zunzz.com\/wp-content\/uploads\/2023\/11\/cable-spooling-machine-700x700.webp 700w, https:\/\/zunzz.com\/wp-content\/uploads\/2023\/11\/cable-spooling-machine-650x650.webp 650w, https:\/\/zunzz.com\/wp-content\/uploads\/2023\/11\/cable-spooling-machine-600x600.webp 600w, https:\/\/zunzz.com\/wp-content\/uploads\/2023\/11\/cable-spooling-machine-100x100.webp 100w\" sizes=\"(max-width: 999px) 100vw, 999px\" \/> <img decoding=\"async\" class=\"alignnone wp-image-1292\" src=\"https:\/\/zunzz.com\/wp-content\/uploads\/2023\/11\/spooling-machine.webp\" alt=\"ma\u0219in\u0103 de bobinare a cablurilor\" width=\"996\" height=\"996\" srcset=\"https:\/\/zunzz.com\/wp-content\/uploads\/2023\/11\/spooling-machine.webp 1200w, https:\/\/zunzz.com\/wp-content\/uploads\/2023\/11\/spooling-machine-300x300.webp 300w, https:\/\/zunzz.com\/wp-content\/uploads\/2023\/11\/spooling-machine-1024x1024.webp 1024w, https:\/\/zunzz.com\/wp-content\/uploads\/2023\/11\/spooling-machine-150x150.webp 150w, https:\/\/zunzz.com\/wp-content\/uploads\/2023\/11\/spooling-machine-768x768.webp 768w, https:\/\/zunzz.com\/wp-content\/uploads\/2023\/11\/spooling-machine-570x570.webp 570w, https:\/\/zunzz.com\/wp-content\/uploads\/2023\/11\/spooling-machine-500x500.webp 500w, https:\/\/zunzz.com\/wp-content\/uploads\/2023\/11\/spooling-machine-1000x1000.webp 1000w, https:\/\/zunzz.com\/wp-content\/uploads\/2023\/11\/spooling-machine-700x700.webp 700w, https:\/\/zunzz.com\/wp-content\/uploads\/2023\/11\/spooling-machine-650x650.webp 650w, https:\/\/zunzz.com\/wp-content\/uploads\/2023\/11\/spooling-machine-600x600.webp 600w, https:\/\/zunzz.com\/wp-content\/uploads\/2023\/11\/spooling-machine-100x100.webp 100w\" sizes=\"(max-width: 996px) 100vw, 996px\" \/> <img loading=\"lazy\" decoding=\"async\" class=\"alignnone wp-image-1296\" src=\"https:\/\/zunzz.com\/wp-content\/uploads\/2023\/11\/wire-rope-spooling-machine.webp\" alt=\"bobinator de cablu de s\u00e2rm\u0103\" width=\"997\" height=\"997\" srcset=\"https:\/\/zunzz.com\/wp-content\/uploads\/2023\/11\/wire-rope-spooling-machine.webp 1200w, https:\/\/zunzz.com\/wp-content\/uploads\/2023\/11\/wire-rope-spooling-machine-300x300.webp 300w, https:\/\/zunzz.com\/wp-content\/uploads\/2023\/11\/wire-rope-spooling-machine-1024x1024.webp 1024w, https:\/\/zunzz.com\/wp-content\/uploads\/2023\/11\/wire-rope-spooling-machine-150x150.webp 150w, https:\/\/zunzz.com\/wp-content\/uploads\/2023\/11\/wire-rope-spooling-machine-768x768.webp 768w, https:\/\/zunzz.com\/wp-content\/uploads\/2023\/11\/wire-rope-spooling-machine-570x570.webp 570w, https:\/\/zunzz.com\/wp-content\/uploads\/2023\/11\/wire-rope-spooling-machine-500x500.webp 500w, https:\/\/zunzz.com\/wp-content\/uploads\/2023\/11\/wire-rope-spooling-machine-1000x1000.webp 1000w, https:\/\/zunzz.com\/wp-content\/uploads\/2023\/11\/wire-rope-spooling-machine-700x700.webp 700w, https:\/\/zunzz.com\/wp-content\/uploads\/2023\/11\/wire-rope-spooling-machine-650x650.webp 650w, https:\/\/zunzz.com\/wp-content\/uploads\/2023\/11\/wire-rope-spooling-machine-600x600.webp 600w, https:\/\/zunzz.com\/wp-content\/uploads\/2023\/11\/wire-rope-spooling-machine-100x100.webp 100w\" sizes=\"(max-width: 997px) 100vw, 997px\" \/><\/p>\n","protected":false},"excerpt":{"rendered":"<p>Model: CBCL-001<br class=\"yoast-text-mark\" \/>Capacitate: 1250 diametru<br \/>\nMax. Diametru: 20 mm<br \/>\nPutere: 7,5 kW<br \/>\nUtilizare: pentru cablu de s\u00e2rm\u0103, cablu de s\u00e2rm\u0103, s\u00e2rm\u0103 de cupru \u0219i alte fire bobinate<br \/>\nLimba disponibil\u0103:[wpml_language_selector_widget]<\/p>\n<p><a href=\"https:\/\/zunzz.com\/ro\/contact-store\/\"><button class=\"single_add_to_cart_button button alt\" type=\"submit\">INTROBA\u021aI ACUM<\/button><\/a><\/p>\n","protected":false},"featured_media":2222,"comment_status":"open","ping_status":"closed","template":"","meta":[],"product_brand":[],"product_cat":[212],"product_tag":[261,260],"class_list":{"0":"post-2221","1":"product","2":"type-product","3":"status-publish","4":"has-post-thumbnail","6":"product_cat-wire-rope-coiling-machine","7":"product_tag-spooling-machine","8":"product_tag-wire-rope-coiling-machine","10":"first","11":"instock","12":"taxable","13":"shipping-taxable","14":"product-type-simple"},"yoast_head":"<!-- This site is optimized with the Yoast SEO plugin v26.8 - https:\/\/yoast.com\/product\/yoast-seo-wordpress\/ -->\n<title>Ma\u0219in\u0103 de bobinare a cablurilor<\/title>\n<meta name=\"description\" content=\"Ma\u0219ina de \u00eenf\u0103\u0219urare a cablurilor este de obicei folosit\u0103 pentru bobinarea cablurilor, a cablului, a firului de cupru \u0219i a altor fire. Poate bobina automat \u0219i pozarea cablurilor.\" \/>\n<meta name=\"robots\" content=\"index, follow, max-snippet:-1, max-image-preview:large, max-video-preview:-1\" \/>\n<link rel=\"canonical\" href=\"https:\/\/zunzz.com\/ro\/product\/cable-spooling-machine\/\" \/>\n<meta property=\"og:locale\" content=\"ro_RO\" \/>\n<meta property=\"og:type\" content=\"article\" \/>\n<meta property=\"og:title\" content=\"Ma\u0219in\u0103 de bobinare a cablurilor\" \/>\n<meta property=\"og:description\" content=\"Ma\u0219ina de \u00eenf\u0103\u0219urare a cablurilor este de obicei folosit\u0103 pentru bobinarea cablurilor, a cablului, a firului de cupru \u0219i a altor fire. Poate bobina automat \u0219i pozarea cablurilor.\" \/>\n<meta property=\"og:url\" content=\"https:\/\/zunzz.com\/ro\/product\/cable-spooling-machine\/\" \/>\n<meta property=\"og:site_name\" content=\"Zunzz Wire Rope Sling Machine Company\" \/>\n<meta property=\"article:modified_time\" content=\"2023-12-04T13:01:37+00:00\" \/>\n<meta property=\"og:image\" content=\"https:\/\/zunzz.com\/wp-content\/uploads\/2023\/11\/spooling-machine.webp\" \/>\n\t<meta property=\"og:image:width\" content=\"1200\" \/>\n\t<meta property=\"og:image:height\" content=\"1200\" \/>\n\t<meta property=\"og:image:type\" content=\"image\/webp\" \/>\n<meta name=\"twitter:card\" content=\"summary_large_image\" \/>\n<meta name=\"twitter:label1\" content=\"Timp estimat pentru citire\" \/>\n\t<meta name=\"twitter:data1\" content=\"2 minute\" \/>\n<script type=\"application\/ld+json\" class=\"yoast-schema-graph\">{\"@context\":\"https:\/\/schema.org\",\"@graph\":[{\"@type\":\"WebPage\",\"@id\":\"https:\/\/zunzz.com\/ro\/product\/cable-spooling-machine\/\",\"url\":\"https:\/\/zunzz.com\/ro\/product\/cable-spooling-machine\/\",\"name\":\"Ma\u0219in\u0103 de bobinare a cablurilor\",\"isPartOf\":{\"@id\":\"https:\/\/zunzz.com\/ro\/#website\"},\"primaryImageOfPage\":{\"@id\":\"https:\/\/zunzz.com\/ro\/product\/cable-spooling-machine\/#primaryimage\"},\"image\":{\"@id\":\"https:\/\/zunzz.com\/ro\/product\/cable-spooling-machine\/#primaryimage\"},\"thumbnailUrl\":\"https:\/\/zunzz.com\/wp-content\/uploads\/2023\/11\/spooling-machine.webp\",\"datePublished\":\"2023-11-02T12:43:48+00:00\",\"dateModified\":\"2023-12-04T13:01:37+00:00\",\"description\":\"Ma\u0219ina de \u00eenf\u0103\u0219urare a cablurilor este de obicei folosit\u0103 pentru bobinarea cablurilor, a cablului, a firului de cupru \u0219i a altor fire. Poate bobina automat \u0219i pozarea cablurilor.\",\"breadcrumb\":{\"@id\":\"https:\/\/zunzz.com\/ro\/product\/cable-spooling-machine\/#breadcrumb\"},\"inLanguage\":\"ro-RO\",\"potentialAction\":[{\"@type\":\"ReadAction\",\"target\":[\"https:\/\/zunzz.com\/ro\/product\/cable-spooling-machine\/\"]}]},{\"@type\":\"ImageObject\",\"inLanguage\":\"ro-RO\",\"@id\":\"https:\/\/zunzz.com\/ro\/product\/cable-spooling-machine\/#primaryimage\",\"url\":\"https:\/\/zunzz.com\/wp-content\/uploads\/2023\/11\/spooling-machine.webp\",\"contentUrl\":\"https:\/\/zunzz.com\/wp-content\/uploads\/2023\/11\/spooling-machine.webp\",\"width\":1200,\"height\":1200,\"caption\":\"spooling machine\"},{\"@type\":\"BreadcrumbList\",\"@id\":\"https:\/\/zunzz.com\/ro\/product\/cable-spooling-machine\/#breadcrumb\",\"itemListElement\":[{\"@type\":\"ListItem\",\"position\":1,\"name\":\"Home\",\"item\":\"https:\/\/zunzz.com\/ro\/home\/\"},{\"@type\":\"ListItem\",\"position\":2,\"name\":\"Shop\",\"item\":\"https:\/\/zunzz.com\/bg\/shop\/\"},{\"@type\":\"ListItem\",\"position\":3,\"name\":\"Ma\u0219in\u0103 de bobinare a cablurilor\"}]},{\"@type\":\"WebSite\",\"@id\":\"https:\/\/zunzz.com\/ro\/#website\",\"url\":\"https:\/\/zunzz.com\/ro\/\",\"name\":\"Zunzz Wire Rope Sling Machine Company\",\"description\":\"Zunzz Wire Rope Sling Machine Company is a leading manufacturer of wire rope sling machines and related products.\",\"publisher\":{\"@id\":\"https:\/\/zunzz.com\/ro\/#organization\"},\"potentialAction\":[{\"@type\":\"SearchAction\",\"target\":{\"@type\":\"EntryPoint\",\"urlTemplate\":\"https:\/\/zunzz.com\/ro\/?s={search_term_string}\"},\"query-input\":{\"@type\":\"PropertyValueSpecification\",\"valueRequired\":true,\"valueName\":\"search_term_string\"}}],\"inLanguage\":\"ro-RO\"},{\"@type\":\"Organization\",\"@id\":\"https:\/\/zunzz.com\/ro\/#organization\",\"name\":\"Zunzz Wire Rope Sling Machine Company\",\"url\":\"https:\/\/zunzz.com\/ro\/\",\"logo\":{\"@type\":\"ImageObject\",\"inLanguage\":\"ro-RO\",\"@id\":\"https:\/\/zunzz.com\/ro\/#\/schema\/logo\/image\/\",\"url\":\"https:\/\/zunzz.com\/wp-content\/uploads\/2023\/09\/Logo.png\",\"contentUrl\":\"https:\/\/zunzz.com\/wp-content\/uploads\/2023\/09\/Logo.png\",\"width\":171,\"height\":133,\"caption\":\"Zunzz Wire Rope Sling Machine Company\"},\"image\":{\"@id\":\"https:\/\/zunzz.com\/ro\/#\/schema\/logo\/image\/\"}}]}<\/script>\n<!-- \/ Yoast SEO plugin. -->","yoast_head_json":{"title":"Ma\u0219in\u0103 de bobinare a cablurilor","description":"Ma\u0219ina de \u00eenf\u0103\u0219urare a cablurilor este de obicei folosit\u0103 pentru bobinarea cablurilor, a cablului, a firului de cupru \u0219i a altor fire. Poate bobina automat \u0219i pozarea cablurilor.","robots":{"index":"index","follow":"follow","max-snippet":"max-snippet:-1","max-image-preview":"max-image-preview:large","max-video-preview":"max-video-preview:-1"},"canonical":"https:\/\/zunzz.com\/ro\/product\/cable-spooling-machine\/","og_locale":"ro_RO","og_type":"article","og_title":"Ma\u0219in\u0103 de bobinare a cablurilor","og_description":"Ma\u0219ina de \u00eenf\u0103\u0219urare a cablurilor este de obicei folosit\u0103 pentru bobinarea cablurilor, a cablului, a firului de cupru \u0219i a altor fire. Poate bobina automat \u0219i pozarea cablurilor.","og_url":"https:\/\/zunzz.com\/ro\/product\/cable-spooling-machine\/","og_site_name":"Zunzz Wire Rope Sling Machine Company","article_modified_time":"2023-12-04T13:01:37+00:00","og_image":[{"width":1200,"height":1200,"url":"https:\/\/zunzz.com\/wp-content\/uploads\/2023\/11\/spooling-machine.webp","type":"image\/webp"}],"twitter_card":"summary_large_image","twitter_misc":{"Timp estimat pentru citire":"2 minute"},"schema":{"@context":"https:\/\/schema.org","@graph":[{"@type":"WebPage","@id":"https:\/\/zunzz.com\/ro\/product\/cable-spooling-machine\/","url":"https:\/\/zunzz.com\/ro\/product\/cable-spooling-machine\/","name":"Ma\u0219in\u0103 de bobinare a cablurilor","isPartOf":{"@id":"https:\/\/zunzz.com\/ro\/#website"},"primaryImageOfPage":{"@id":"https:\/\/zunzz.com\/ro\/product\/cable-spooling-machine\/#primaryimage"},"image":{"@id":"https:\/\/zunzz.com\/ro\/product\/cable-spooling-machine\/#primaryimage"},"thumbnailUrl":"https:\/\/zunzz.com\/wp-content\/uploads\/2023\/11\/spooling-machine.webp","datePublished":"2023-11-02T12:43:48+00:00","dateModified":"2023-12-04T13:01:37+00:00","description":"Ma\u0219ina de \u00eenf\u0103\u0219urare a cablurilor este de obicei folosit\u0103 pentru bobinarea cablurilor, a cablului, a firului de cupru \u0219i a altor fire. Poate bobina automat \u0219i pozarea cablurilor.","breadcrumb":{"@id":"https:\/\/zunzz.com\/ro\/product\/cable-spooling-machine\/#breadcrumb"},"inLanguage":"ro-RO","potentialAction":[{"@type":"ReadAction","target":["https:\/\/zunzz.com\/ro\/product\/cable-spooling-machine\/"]}]},{"@type":"ImageObject","inLanguage":"ro-RO","@id":"https:\/\/zunzz.com\/ro\/product\/cable-spooling-machine\/#primaryimage","url":"https:\/\/zunzz.com\/wp-content\/uploads\/2023\/11\/spooling-machine.webp","contentUrl":"https:\/\/zunzz.com\/wp-content\/uploads\/2023\/11\/spooling-machine.webp","width":1200,"height":1200,"caption":"spooling machine"},{"@type":"BreadcrumbList","@id":"https:\/\/zunzz.com\/ro\/product\/cable-spooling-machine\/#breadcrumb","itemListElement":[{"@type":"ListItem","position":1,"name":"Home","item":"https:\/\/zunzz.com\/ro\/home\/"},{"@type":"ListItem","position":2,"name":"Shop","item":"https:\/\/zunzz.com\/bg\/shop\/"},{"@type":"ListItem","position":3,"name":"Ma\u0219in\u0103 de bobinare a cablurilor"}]},{"@type":"WebSite","@id":"https:\/\/zunzz.com\/ro\/#website","url":"https:\/\/zunzz.com\/ro\/","name":"Zunzz Wire Rope Sling Machine Company","description":"Zunzz Wire Rope Sling Machine Company is a leading manufacturer of wire rope sling machines and related products.","publisher":{"@id":"https:\/\/zunzz.com\/ro\/#organization"},"potentialAction":[{"@type":"SearchAction","target":{"@type":"EntryPoint","urlTemplate":"https:\/\/zunzz.com\/ro\/?s={search_term_string}"},"query-input":{"@type":"PropertyValueSpecification","valueRequired":true,"valueName":"search_term_string"}}],"inLanguage":"ro-RO"},{"@type":"Organization","@id":"https:\/\/zunzz.com\/ro\/#organization","name":"Zunzz Wire Rope Sling Machine Company","url":"https:\/\/zunzz.com\/ro\/","logo":{"@type":"ImageObject","inLanguage":"ro-RO","@id":"https:\/\/zunzz.com\/ro\/#\/schema\/logo\/image\/","url":"https:\/\/zunzz.com\/wp-content\/uploads\/2023\/09\/Logo.png","contentUrl":"https:\/\/zunzz.com\/wp-content\/uploads\/2023\/09\/Logo.png","width":171,"height":133,"caption":"Zunzz Wire Rope Sling Machine Company"},"image":{"@id":"https:\/\/zunzz.com\/ro\/#\/schema\/logo\/image\/"}}]}},"_links":{"self":[{"href":"https:\/\/zunzz.com\/ro\/wp-json\/wp\/v2\/product\/2221","targetHints":{"allow":["GET"]}}],"collection":[{"href":"https:\/\/zunzz.com\/ro\/wp-json\/wp\/v2\/product"}],"about":[{"href":"https:\/\/zunzz.com\/ro\/wp-json\/wp\/v2\/types\/product"}],"replies":[{"embeddable":true,"href":"https:\/\/zunzz.com\/ro\/wp-json\/wp\/v2\/comments?post=2221"}],"wp:featuredmedia":[{"embeddable":true,"href":"https:\/\/zunzz.com\/ro\/wp-json\/wp\/v2\/media\/2222"}],"wp:attachment":[{"href":"https:\/\/zunzz.com\/ro\/wp-json\/wp\/v2\/media?parent=2221"}],"wp:term":[{"taxonomy":"product_brand","embeddable":true,"href":"https:\/\/zunzz.com\/ro\/wp-json\/wp\/v2\/product_brand?post=2221"},{"taxonomy":"product_cat","embeddable":true,"href":"https:\/\/zunzz.com\/ro\/wp-json\/wp\/v2\/product_cat?post=2221"},{"taxonomy":"product_tag","embeddable":true,"href":"https:\/\/zunzz.com\/ro\/wp-json\/wp\/v2\/product_tag?post=2221"}],"curies":[{"name":"wp","href":"https:\/\/api.w.org\/{rel}","templated":true}]}}