{"id":1908,"date":"2020-01-14T14:10:46","date_gmt":"2020-01-14T14:10:46","guid":{"rendered":"https:\/\/zunzz.com\/cele-mai-recente-stiri\/"},"modified":"2025-12-18T02:52:01","modified_gmt":"2025-12-18T02:52:01","slug":"latest-news","status":"publish","type":"page","link":"https:\/\/zunzz.com\/ro\/latest-news\/","title":{"rendered":"Cele mai recente \u0219tiri"},"content":{"rendered":"\t\t<div data-elementor-type=\"wp-page\" data-elementor-id=\"1908\" class=\"elementor elementor-1908 elementor-160\">\n\t\t\t\t\t\t<section class=\"elementor-section elementor-top-section elementor-element elementor-element-6ee884d elementor-section-boxed elementor-section-height-default elementor-section-height-default parallax_section_no qode_elementor_container_no\" data-id=\"6ee884d\" data-element_type=\"section\">\n\t\t\t\t\t\t<div class=\"elementor-container elementor-column-gap-default\">\n\t\t\t\t\t<div class=\"elementor-column elementor-col-100 elementor-top-column elementor-element elementor-element-16e9107\" data-id=\"16e9107\" data-element_type=\"column\">\n\t\t\t<div class=\"elementor-widget-wrap elementor-element-populated\">\n\t\t\t\t\t\t<div class=\"elementor-element elementor-element-75f07c1 elementor-widget elementor-widget-bridge_latest_posts\" data-id=\"75f07c1\" data-element_type=\"widget\" data-widget_type=\"bridge_latest_posts.default\">\n\t\t\t\t<div class=\"elementor-widget-container\">\n\t\t\t\t\t\n<div class='latest_post_holder image_in_box  ' >\n    <ul>\n    \n        <li class=\"clearfix\">\n            <div class=\"latest_post\"  >\n                <div class=\"latest_post_image clearfix\">\n                    <a itemprop=\"url\" href=\"https:\/\/zunzz.com\/ro\/wire-rope-reeling-machine\/\">\n                                            <\/a>\n                <\/div>\n\n\n                <div class=\"latest_post_text\">\n                    <div class=\"latest_post_inner\">\n                        <div class=\"latest_post_text_inner\">\n                            <h3 itemprop=\"name\" class=\"latest_post_title entry_title\"><a itemprop=\"url\" href=\"https:\/\/zunzz.com\/ro\/wire-rope-reeling-machine\/\">\u00centreb\u0103ri \u0219i r\u0103spunsuri frecvente pentru ma\u0219ina de bobinat cabluri metalice<\/a><\/h3>\n                            <p class=\"excerpt\">\u00cen procesul de construc\u021bie \u0219i aplicare a cablurilor de o\u021bel, ma\u0219ina de bobinat cabluri de o\u021bel joac\u0103 un rol crucial ca echipament auxiliar important. Cu toate acestea, din cauza unor factori precum me...<\/p>\n                            <span class=\"post_infos\">\n                                                                    <span class=\"date_hour_holder\">\n                                        <span itemprop=\"dateCreated\" class=\"date entry_date updated\">03 iunie, 2025 <meta itemprop=\"interactionCount\" content=\"UserComments: 0\"\/><\/span>\n                                    <\/span>\n                                \n                                \n                                \n                                \n                                                            <\/span>\n                        <\/div>\n                    <\/div>\n                <\/div>\n            <\/div>\n        <\/li>\n        \n        <li class=\"clearfix\">\n            <div class=\"latest_post\"  >\n                <div class=\"latest_post_image clearfix\">\n                    <a itemprop=\"url\" href=\"https:\/\/zunzz.com\/ro\/ten-major-faults-of-wire-rope-swaging-machine\/\">\n                        <img decoding=\"async\" width=\"150\" height=\"150\" src=\"https:\/\/zunzz.com\/wp-content\/uploads\/2024\/12\/swager-motor-1-150x150.webp\" class=\"attachment-thumbnail size-thumbnail\" alt=\"motor swager\" srcset=\"https:\/\/zunzz.com\/wp-content\/uploads\/2024\/12\/swager-motor-1-150x150.webp 150w, https:\/\/zunzz.com\/wp-content\/uploads\/2024\/12\/swager-motor-1-300x300.webp 300w, https:\/\/zunzz.com\/wp-content\/uploads\/2024\/12\/swager-motor-1-100x100.webp 100w, https:\/\/zunzz.com\/wp-content\/uploads\/2024\/12\/swager-motor-1.webp 500w\" sizes=\"(max-width: 150px) 100vw, 150px\" \/>                    <\/a>\n                <\/div>\n\n\n                <div class=\"latest_post_text\">\n                    <div class=\"latest_post_inner\">\n                        <div class=\"latest_post_text_inner\">\n                            <h3 itemprop=\"name\" class=\"latest_post_title entry_title\"><a itemprop=\"url\" href=\"https:\/\/zunzz.com\/ro\/ten-major-faults-of-wire-rope-swaging-machine\/\">Zece defecte majore ale ma\u0219inii de prelucrare a cablurilor<\/a><\/h3>\n                            <p class=\"excerpt\">Analiz\u0103 detaliat\u0103 a primelor 10 probleme care pot ap\u0103rea \u00een timpul utiliz\u0103rii ma\u0219inii \u0219i ofer\u0103 solu\u021bii practice. 1. Presiunea ma\u0219inii de pres\u0103rat nu poate atinge C\u00e2nd ma\u0219ina de prelucrare a cablurilor...<\/p>\n                            <span class=\"post_infos\">\n                                                                    <span class=\"date_hour_holder\">\n                                        <span itemprop=\"dateCreated\" class=\"date entry_date updated\">14 decembrie, 2024 <meta itemprop=\"interactionCount\" content=\"UserComments: 0\"\/><\/span>\n                                    <\/span>\n                                \n                                \n                                \n                                \n                                                            <\/span>\n                        <\/div>\n                    <\/div>\n                <\/div>\n            <\/div>\n        <\/li>\n        \n        <li class=\"clearfix\">\n            <div class=\"latest_post\"  >\n                <div class=\"latest_post_image clearfix\">\n                    <a itemprop=\"url\" href=\"https:\/\/zunzz.com\/ro\/let-you-know-about-cutting-and-annealing-machine-at-one-time\/\">\n                        <img decoding=\"async\" width=\"150\" height=\"150\" src=\"https:\/\/zunzz.com\/wp-content\/uploads\/2024\/12\/Cutting-and-Annealing-Machine-150x150.webp\" class=\"attachment-thumbnail size-thumbnail\" alt=\"Ma\u0219in\u0103 de t\u0103iat \u0219i recoacere\" srcset=\"https:\/\/zunzz.com\/wp-content\/uploads\/2024\/12\/Cutting-and-Annealing-Machine-150x150.webp 150w, https:\/\/zunzz.com\/wp-content\/uploads\/2024\/12\/Cutting-and-Annealing-Machine-300x300.webp 300w, https:\/\/zunzz.com\/wp-content\/uploads\/2024\/12\/Cutting-and-Annealing-Machine-570x570.webp 570w, https:\/\/zunzz.com\/wp-content\/uploads\/2024\/12\/Cutting-and-Annealing-Machine-500x500.webp 500w, https:\/\/zunzz.com\/wp-content\/uploads\/2024\/12\/Cutting-and-Annealing-Machine-100x100.webp 100w, https:\/\/zunzz.com\/wp-content\/uploads\/2024\/12\/Cutting-and-Annealing-Machine.webp 600w\" sizes=\"(max-width: 150px) 100vw, 150px\" \/>                    <\/a>\n                <\/div>\n\n\n                <div class=\"latest_post_text\">\n                    <div class=\"latest_post_inner\">\n                        <div class=\"latest_post_text_inner\">\n                            <h3 itemprop=\"name\" class=\"latest_post_title entry_title\"><a itemprop=\"url\" href=\"https:\/\/zunzz.com\/ro\/let-you-know-about-cutting-and-annealing-machine-at-one-time\/\">V\u0103 anun\u021b\u0103\u021bi simultan despre ma\u0219ina de t\u0103iat \u0219i recoacere<\/a><\/h3>\n                            <p class=\"excerpt\">1. Fluxul de lucru al ma\u0219inii de t\u0103iat \u0219i recoacere Ast\u0103zi v\u0103 vom anun\u021ba ma\u0219ina de t\u0103iat \u0219i recoacere la un moment dat. \u00cen primul r\u00e2nd, pornirea manual\u0103 sau complet automat\u0103. \u2193 \u00cen timpul etapei de ali...<\/p>\n                            <span class=\"post_infos\">\n                                                                    <span class=\"date_hour_holder\">\n                                        <span itemprop=\"dateCreated\" class=\"date entry_date updated\">05 decembrie, 2024 <meta itemprop=\"interactionCount\" content=\"UserComments: 0\"\/><\/span>\n                                    <\/span>\n                                \n                                \n                                \n                                \n                                                            <\/span>\n                        <\/div>\n                    <\/div>\n                <\/div>\n            <\/div>\n        <\/li>\n        \n        <li class=\"clearfix\">\n            <div class=\"latest_post\"  >\n                <div class=\"latest_post_image clearfix\">\n                    <a itemprop=\"url\" href=\"https:\/\/zunzz.com\/ro\/clasificarea-curelelor-de-sarma\/\">\n                                            <\/a>\n                <\/div>\n\n\n                <div class=\"latest_post_text\">\n                    <div class=\"latest_post_inner\">\n                        <div class=\"latest_post_text_inner\">\n                            <h3 itemprop=\"name\" class=\"latest_post_title entry_title\"><a itemprop=\"url\" href=\"https:\/\/zunzz.com\/ro\/clasificarea-curelelor-de-sarma\/\">Clasificarea curelelor de s\u00e2rm\u0103<\/a><\/h3>\n                            <p class=\"excerpt\">1. TACHEI DE S\u00c2RM\u0102 DE O\u021aEL PRESAT Tachelajul presat este un tip de pra\u0219tie de cablu de s\u00e2rm\u0103 de o\u021bel pe care o folosim \u00een mod obi\u0219nuit, care este, \u00een general, \u00eemp\u0103r\u021bit\u0103 \u00een dou\u0103 tipuri: cu guler \u0219i f\u0103r...<\/p>\n                            <span class=\"post_infos\">\n                                                                    <span class=\"date_hour_holder\">\n                                        <span itemprop=\"dateCreated\" class=\"date entry_date updated\">24 septembrie, 2023 <meta itemprop=\"interactionCount\" content=\"UserComments: 0\"\/><\/span>\n                                    <\/span>\n                                \n                                \n                                \n                                \n                                                            <\/span>\n                        <\/div>\n                    <\/div>\n                <\/div>\n            <\/div>\n        <\/li>\n        \n        <li class=\"clearfix\">\n            <div class=\"latest_post\"  >\n                <div class=\"latest_post_image clearfix\">\n                    <a itemprop=\"url\" href=\"https:\/\/zunzz.com\/ro\/wire-rope-sling\/\">\n                                            <\/a>\n                <\/div>\n\n\n                <div class=\"latest_post_text\">\n                    <div class=\"latest_post_inner\">\n                        <div class=\"latest_post_text_inner\">\n                            <h3 itemprop=\"name\" class=\"latest_post_title entry_title\"><a itemprop=\"url\" href=\"https:\/\/zunzz.com\/ro\/wire-rope-sling\/\">Sling de fr\u00e2nghie<\/a><\/h3>\n                            <p class=\"excerpt\">Ce este o sling de cablu de o\u021bel S\u00e2rm\u0103 de s\u00e2rm\u0103 de o\u021bel este o fr\u00e2nghie care este prelucrat\u0103 folosind funii de s\u00e2rm\u0103 de o\u021bel ca materie prim\u0103 \u0219i este utilizat\u0103 \u00een principal pentru ridicarea, tragerea,...<\/p>\n                            <span class=\"post_infos\">\n                                                                    <span class=\"date_hour_holder\">\n                                        <span itemprop=\"dateCreated\" class=\"date entry_date updated\">14 ianuarie, 2020 <meta itemprop=\"interactionCount\" content=\"UserComments: 0\"\/><\/span>\n                                    <\/span>\n                                \n                                \n                                \n                                \n                                                            <\/span>\n                        <\/div>\n                    <\/div>\n                <\/div>\n            <\/div>\n        <\/li>\n        \n    <\/ul>\n<\/div>\t\t\t\t<\/div>\n\t\t\t\t<\/div>\n\t\t\t\t\t<\/div>\n\t\t<\/div>\n\t\t\t\t\t<\/div>\n\t\t<\/section>\n\t\t\t\t<\/div>\n\t\t","protected":false},"excerpt":{"rendered":"<p>Common Questions and Answers for Wire Rope Reeling Machine In the process of steel wire rope construction and application, the steel wire rope reeling machine plays a crucial role as an important auxiliary equipment. However, due to factors such as on-site en&#8230; 03 June, 2025&#8230;<\/p>\n","protected":false},"author":1,"featured_media":0,"parent":0,"menu_order":0,"comment_status":"closed","ping_status":"closed","template":"","meta":{"footnotes":""},"class_list":["post-1908","page","type-page","status-publish","hentry"],"yoast_head":"<!-- This site is optimized with the Yoast SEO plugin v26.8 - https:\/\/yoast.com\/product\/yoast-seo-wordpress\/ -->\n<title>Cele mai recente \u0219tiri - Compania de ma\u0219ini de s\u00e2rm\u0103 de fr\u00e2nghie Zunzz<\/title>\n<meta name=\"description\" content=\"Informa\u021bii cuprinz\u0103toare despre cele mai recente lans\u0103ri de produse, tendin\u021bele din industrie, inova\u021biile tehnologice \u0219i tendin\u021bele pie\u021bei Compania de ma\u0219ini de s\u00e2rm\u0103 de fr\u00e2nghie Zunzz.\" \/>\n<meta name=\"robots\" content=\"index, follow, max-snippet:-1, max-image-preview:large, max-video-preview:-1\" \/>\n<link rel=\"canonical\" href=\"https:\/\/zunzz.com\/ro\/latest-news\/\" \/>\n<meta property=\"og:locale\" content=\"ro_RO\" \/>\n<meta property=\"og:type\" content=\"article\" \/>\n<meta property=\"og:title\" content=\"Cele mai recente \u0219tiri - Compania de ma\u0219ini de s\u00e2rm\u0103 de fr\u00e2nghie Zunzz\" \/>\n<meta property=\"og:description\" content=\"Informa\u021bii cuprinz\u0103toare despre cele mai recente lans\u0103ri de produse, tendin\u021bele din industrie, inova\u021biile tehnologice \u0219i tendin\u021bele pie\u021bei Compania de ma\u0219ini de s\u00e2rm\u0103 de fr\u00e2nghie Zunzz.\" \/>\n<meta property=\"og:url\" content=\"https:\/\/zunzz.com\/ro\/latest-news\/\" \/>\n<meta property=\"og:site_name\" content=\"Zunzz Wire Rope Sling Machine Company\" \/>\n<meta property=\"article:modified_time\" content=\"2025-12-18T02:52:01+00:00\" \/>\n<meta property=\"og:image\" content=\"https:\/\/zunzz.com\/wp-content\/uploads\/2020\/01\/1.webp\" \/>\n\t<meta property=\"og:image:width\" content=\"1400\" \/>\n\t<meta property=\"og:image:height\" content=\"1400\" \/>\n\t<meta property=\"og:image:type\" content=\"image\/webp\" \/>\n<meta name=\"twitter:card\" content=\"summary_large_image\" \/>\n<meta name=\"twitter:label1\" content=\"Timp estimat pentru citire\" \/>\n\t<meta name=\"twitter:data1\" content=\"1 minut\" \/>\n<script type=\"application\/ld+json\" class=\"yoast-schema-graph\">{\"@context\":\"https:\/\/schema.org\",\"@graph\":[{\"@type\":\"WebPage\",\"@id\":\"https:\/\/zunzz.com\/ro\/latest-news\/\",\"url\":\"https:\/\/zunzz.com\/ro\/latest-news\/\",\"name\":\"Cele mai recente \u0219tiri - Compania de ma\u0219ini de s\u00e2rm\u0103 de fr\u00e2nghie Zunzz\",\"isPartOf\":{\"@id\":\"https:\/\/zunzz.com\/ro\/#website\"},\"primaryImageOfPage\":{\"@id\":\"https:\/\/zunzz.com\/ro\/latest-news\/#primaryimage\"},\"image\":{\"@id\":\"https:\/\/zunzz.com\/ro\/latest-news\/#primaryimage\"},\"thumbnailUrl\":\"https:\/\/zunzz.com\/wp-content\/uploads\/2025\/06\/Wire-Rope-Coiling-Machine-5T-150x150.webp\",\"datePublished\":\"2020-01-14T14:10:46+00:00\",\"dateModified\":\"2025-12-18T02:52:01+00:00\",\"description\":\"Informa\u021bii cuprinz\u0103toare despre cele mai recente lans\u0103ri de produse, tendin\u021bele din industrie, inova\u021biile tehnologice \u0219i tendin\u021bele pie\u021bei Compania de ma\u0219ini de s\u00e2rm\u0103 de fr\u00e2nghie Zunzz.\",\"breadcrumb\":{\"@id\":\"https:\/\/zunzz.com\/ro\/latest-news\/#breadcrumb\"},\"inLanguage\":\"ro-RO\",\"potentialAction\":[{\"@type\":\"ReadAction\",\"target\":[\"https:\/\/zunzz.com\/ro\/latest-news\/\"]}]},{\"@type\":\"ImageObject\",\"inLanguage\":\"ro-RO\",\"@id\":\"https:\/\/zunzz.com\/ro\/latest-news\/#primaryimage\",\"url\":\"https:\/\/zunzz.com\/wp-content\/uploads\/2025\/06\/Wire-Rope-Coiling-Machine-5T-150x150.webp\",\"contentUrl\":\"https:\/\/zunzz.com\/wp-content\/uploads\/2025\/06\/Wire-Rope-Coiling-Machine-5T-150x150.webp\"},{\"@type\":\"BreadcrumbList\",\"@id\":\"https:\/\/zunzz.com\/ro\/latest-news\/#breadcrumb\",\"itemListElement\":[{\"@type\":\"ListItem\",\"position\":1,\"name\":\"Home\",\"item\":\"https:\/\/zunzz.com\/ro\/home\/\"},{\"@type\":\"ListItem\",\"position\":2,\"name\":\"Cele mai recente \u0219tiri\"}]},{\"@type\":\"WebSite\",\"@id\":\"https:\/\/zunzz.com\/ro\/#website\",\"url\":\"https:\/\/zunzz.com\/ro\/\",\"name\":\"Zunzz Wire Rope Sling Machine Company\",\"description\":\"Zunzz Wire Rope Sling Machine Company is a leading manufacturer of wire rope sling machines and related products.\",\"publisher\":{\"@id\":\"https:\/\/zunzz.com\/ro\/#organization\"},\"potentialAction\":[{\"@type\":\"SearchAction\",\"target\":{\"@type\":\"EntryPoint\",\"urlTemplate\":\"https:\/\/zunzz.com\/ro\/?s={search_term_string}\"},\"query-input\":{\"@type\":\"PropertyValueSpecification\",\"valueRequired\":true,\"valueName\":\"search_term_string\"}}],\"inLanguage\":\"ro-RO\"},{\"@type\":\"Organization\",\"@id\":\"https:\/\/zunzz.com\/ro\/#organization\",\"name\":\"Zunzz Wire Rope Sling Machine Company\",\"url\":\"https:\/\/zunzz.com\/ro\/\",\"logo\":{\"@type\":\"ImageObject\",\"inLanguage\":\"ro-RO\",\"@id\":\"https:\/\/zunzz.com\/ro\/#\/schema\/logo\/image\/\",\"url\":\"https:\/\/zunzz.com\/wp-content\/uploads\/2023\/09\/Logo.png\",\"contentUrl\":\"https:\/\/zunzz.com\/wp-content\/uploads\/2023\/09\/Logo.png\",\"width\":171,\"height\":133,\"caption\":\"Zunzz Wire Rope Sling Machine Company\"},\"image\":{\"@id\":\"https:\/\/zunzz.com\/ro\/#\/schema\/logo\/image\/\"}}]}<\/script>\n<!-- \/ Yoast SEO plugin. -->","yoast_head_json":{"title":"Cele mai recente \u0219tiri - Compania de ma\u0219ini de s\u00e2rm\u0103 de fr\u00e2nghie Zunzz","description":"Informa\u021bii cuprinz\u0103toare despre cele mai recente lans\u0103ri de produse, tendin\u021bele din industrie, inova\u021biile tehnologice \u0219i tendin\u021bele pie\u021bei Compania de ma\u0219ini de s\u00e2rm\u0103 de fr\u00e2nghie Zunzz.","robots":{"index":"index","follow":"follow","max-snippet":"max-snippet:-1","max-image-preview":"max-image-preview:large","max-video-preview":"max-video-preview:-1"},"canonical":"https:\/\/zunzz.com\/ro\/latest-news\/","og_locale":"ro_RO","og_type":"article","og_title":"Cele mai recente \u0219tiri - Compania de ma\u0219ini de s\u00e2rm\u0103 de fr\u00e2nghie Zunzz","og_description":"Informa\u021bii cuprinz\u0103toare despre cele mai recente lans\u0103ri de produse, tendin\u021bele din industrie, inova\u021biile tehnologice \u0219i tendin\u021bele pie\u021bei Compania de ma\u0219ini de s\u00e2rm\u0103 de fr\u00e2nghie Zunzz.","og_url":"https:\/\/zunzz.com\/ro\/latest-news\/","og_site_name":"Zunzz Wire Rope Sling Machine Company","article_modified_time":"2025-12-18T02:52:01+00:00","og_image":[{"width":1400,"height":1400,"url":"https:\/\/zunzz.com\/wp-content\/uploads\/2020\/01\/1.webp","type":"image\/webp"}],"twitter_card":"summary_large_image","twitter_misc":{"Timp estimat pentru citire":"1 minut"},"schema":{"@context":"https:\/\/schema.org","@graph":[{"@type":"WebPage","@id":"https:\/\/zunzz.com\/ro\/latest-news\/","url":"https:\/\/zunzz.com\/ro\/latest-news\/","name":"Cele mai recente \u0219tiri - Compania de ma\u0219ini de s\u00e2rm\u0103 de fr\u00e2nghie Zunzz","isPartOf":{"@id":"https:\/\/zunzz.com\/ro\/#website"},"primaryImageOfPage":{"@id":"https:\/\/zunzz.com\/ro\/latest-news\/#primaryimage"},"image":{"@id":"https:\/\/zunzz.com\/ro\/latest-news\/#primaryimage"},"thumbnailUrl":"https:\/\/zunzz.com\/wp-content\/uploads\/2025\/06\/Wire-Rope-Coiling-Machine-5T-150x150.webp","datePublished":"2020-01-14T14:10:46+00:00","dateModified":"2025-12-18T02:52:01+00:00","description":"Informa\u021bii cuprinz\u0103toare despre cele mai recente lans\u0103ri de produse, tendin\u021bele din industrie, inova\u021biile tehnologice \u0219i tendin\u021bele pie\u021bei Compania de ma\u0219ini de s\u00e2rm\u0103 de fr\u00e2nghie Zunzz.","breadcrumb":{"@id":"https:\/\/zunzz.com\/ro\/latest-news\/#breadcrumb"},"inLanguage":"ro-RO","potentialAction":[{"@type":"ReadAction","target":["https:\/\/zunzz.com\/ro\/latest-news\/"]}]},{"@type":"ImageObject","inLanguage":"ro-RO","@id":"https:\/\/zunzz.com\/ro\/latest-news\/#primaryimage","url":"https:\/\/zunzz.com\/wp-content\/uploads\/2025\/06\/Wire-Rope-Coiling-Machine-5T-150x150.webp","contentUrl":"https:\/\/zunzz.com\/wp-content\/uploads\/2025\/06\/Wire-Rope-Coiling-Machine-5T-150x150.webp"},{"@type":"BreadcrumbList","@id":"https:\/\/zunzz.com\/ro\/latest-news\/#breadcrumb","itemListElement":[{"@type":"ListItem","position":1,"name":"Home","item":"https:\/\/zunzz.com\/ro\/home\/"},{"@type":"ListItem","position":2,"name":"Cele mai recente \u0219tiri"}]},{"@type":"WebSite","@id":"https:\/\/zunzz.com\/ro\/#website","url":"https:\/\/zunzz.com\/ro\/","name":"Zunzz Wire Rope Sling Machine Company","description":"Zunzz Wire Rope Sling Machine Company is a leading manufacturer of wire rope sling machines and related products.","publisher":{"@id":"https:\/\/zunzz.com\/ro\/#organization"},"potentialAction":[{"@type":"SearchAction","target":{"@type":"EntryPoint","urlTemplate":"https:\/\/zunzz.com\/ro\/?s={search_term_string}"},"query-input":{"@type":"PropertyValueSpecification","valueRequired":true,"valueName":"search_term_string"}}],"inLanguage":"ro-RO"},{"@type":"Organization","@id":"https:\/\/zunzz.com\/ro\/#organization","name":"Zunzz Wire Rope Sling Machine Company","url":"https:\/\/zunzz.com\/ro\/","logo":{"@type":"ImageObject","inLanguage":"ro-RO","@id":"https:\/\/zunzz.com\/ro\/#\/schema\/logo\/image\/","url":"https:\/\/zunzz.com\/wp-content\/uploads\/2023\/09\/Logo.png","contentUrl":"https:\/\/zunzz.com\/wp-content\/uploads\/2023\/09\/Logo.png","width":171,"height":133,"caption":"Zunzz Wire Rope Sling Machine Company"},"image":{"@id":"https:\/\/zunzz.com\/ro\/#\/schema\/logo\/image\/"}}]}},"_links":{"self":[{"href":"https:\/\/zunzz.com\/ro\/wp-json\/wp\/v2\/pages\/1908","targetHints":{"allow":["GET"]}}],"collection":[{"href":"https:\/\/zunzz.com\/ro\/wp-json\/wp\/v2\/pages"}],"about":[{"href":"https:\/\/zunzz.com\/ro\/wp-json\/wp\/v2\/types\/page"}],"author":[{"embeddable":true,"href":"https:\/\/zunzz.com\/ro\/wp-json\/wp\/v2\/users\/1"}],"replies":[{"embeddable":true,"href":"https:\/\/zunzz.com\/ro\/wp-json\/wp\/v2\/comments?post=1908"}],"version-history":[{"count":6,"href":"https:\/\/zunzz.com\/ro\/wp-json\/wp\/v2\/pages\/1908\/revisions"}],"predecessor-version":[{"id":5957,"href":"https:\/\/zunzz.com\/ro\/wp-json\/wp\/v2\/pages\/1908\/revisions\/5957"}],"wp:attachment":[{"href":"https:\/\/zunzz.com\/ro\/wp-json\/wp\/v2\/media?parent=1908"}],"curies":[{"name":"wp","href":"https:\/\/api.w.org\/{rel}","templated":true}]}}