{"id":2944,"date":"2025-12-12T01:50:14","date_gmt":"2025-12-12T01:50:14","guid":{"rendered":"https:\/\/zunzz.com\/product\/maquina-de-corte-e-recozimento-5mm\/"},"modified":"2025-12-13T12:32:16","modified_gmt":"2025-12-13T12:32:16","slug":"cutting-and-annealing-machine","status":"publish","type":"product","link":"https:\/\/zunzz.com\/pt-pt\/product\/cutting-and-annealing-machine\/","title":{"rendered":"M\u00e1quina de Corte e Recozimento 5MM"},"content":{"rendered":"<h2 class=\"product_title entry-title\">1. Introdu\u00e7\u00e3o de m\u00e1quina de corte e recozimento<\/h2>\n<p>Em 2001, a Zunzz Wire Rope Sling Machine Company lan\u00e7ou com sucesso esta <strong>M\u00e1quina de Corte e Recozimento<\/strong> de Cabo de A\u00e7o. Atrav\u00e9s da nossa busca cont\u00ednua pela qualidade e do desenvolvimento constante da tecnologia, conquistamos v\u00e1rias patentes nacionais de inven\u00e7\u00e3o. O desempenho n\u00e3o s\u00f3 foi significativamente melhorado, como tamb\u00e9m a m\u00e1quina pode fundir o cabo de a\u00e7o em pouco tempo sem causar qualquer dano a outras partes do cabo.  <\/p>\n<p>A unidade tamb\u00e9m possui um sistema de controlo preciso que garante que a corrente e a temperatura necess\u00e1rias est\u00e3o sempre dispon\u00edveis. A opera\u00e7\u00e3o da m\u00e1quina tornou-se mais simples e f\u00e1cil de operar, atendendo melhor \u00e0s necessidades do cliente. <\/p>\n<p>Utilizamos componentes de alta qualidade de marcas l\u00edderes para garantir uma fiabilidade e durabilidade superiores. Estamos empenhados em fornecer aos clientes produtos de primeira classe, com o objetivo de o aliviar de preocupa\u00e7\u00f5es. Atrav\u00e9s da inova\u00e7\u00e3o e melhoria cont\u00ednuas, as nossas m\u00e1quinas n\u00e3o s\u00f3 satisfazem as necessidades do mercado, como tamb\u00e9m proporcionam aos clientes uma excelente experi\u00eancia de utiliza\u00e7\u00e3o.  <\/p>\n<p>Obrigado pela sua confian\u00e7a em n\u00f3s, continuaremos a trabalhar arduamente para lhe fornecer melhores servi\u00e7os e produtos.<\/p>\n<p>Este dispositivo \u00e9 amplamente utilizado para o corte autom\u00e1tico de cabos de a\u00e7o de qualquer especifica\u00e7\u00e3o nas ind\u00fastrias. Como equipamentos m\u00e9dicos, pe\u00e7as autom\u00f3veis, seguran\u00e7a de edif\u00edcios, mobili\u00e1rio de escrit\u00f3rio, bicicletas, equipamentos desportivos e bloqueios. <\/p>\n<p><img fetchpriority=\"high\" decoding=\"async\" class=\"alignnone wp-image-5021 size-full\" src=\"https:\/\/zunzz.com\/wp-content\/uploads\/2023\/09\/Cutting-and-Annealing-Machine.webp\" alt=\"M\u00e1quina de corte e recozimento\" width=\"600\" height=\"600\" srcset=\"https:\/\/zunzz.com\/wp-content\/uploads\/2023\/09\/Cutting-and-Annealing-Machine.webp 600w, https:\/\/zunzz.com\/wp-content\/uploads\/2023\/09\/Cutting-and-Annealing-Machine-300x300.webp 300w, https:\/\/zunzz.com\/wp-content\/uploads\/2023\/09\/Cutting-and-Annealing-Machine-150x150.webp 150w, https:\/\/zunzz.com\/wp-content\/uploads\/2023\/09\/Cutting-and-Annealing-Machine-570x570.webp 570w, https:\/\/zunzz.com\/wp-content\/uploads\/2023\/09\/Cutting-and-Annealing-Machine-500x500.webp 500w, https:\/\/zunzz.com\/wp-content\/uploads\/2023\/09\/Cutting-and-Annealing-Machine-100x100.webp 100w\" sizes=\"(max-width: 600px) 100vw, 600px\" \/><\/p>\n<p><iframe title=\"Wire Rope Annealing Machine 1-5mm\" width=\"1060\" height=\"596\" src=\"https:\/\/www.youtube.com\/embed\/-hWHbhQLEHA?feature=oembed\" frameborder=\"0\" allow=\"accelerometer; autoplay; clipboard-write; encrypted-media; gyroscope; picture-in-picture; web-share\" referrerpolicy=\"strict-origin-when-cross-origin\" allowfullscreen><\/iframe><\/p>\n<h2>2. Par\u00e2metros T\u00e9cnicos<\/h2>\n<div class=\"table-r\">\n<table width=\"100%\">\n<tbody>\n<tr>\n<td width=\"50%\">Tipo de m\u00e1quina\n<\/td>\n<td width=\"50%\"><strong>M\u00e1quina de corte e recozimento<\/strong><\/td>\n<\/tr>\n<tr>\n<td width=\"50%\">Faixa de queima\n<\/td>\n<td width=\"50%\">1mm-5mm<\/td>\n<\/tr>\n<tr>\n<td width=\"50%\">Press\u00e3o do ar\n<\/td>\n<td width=\"50%\">0,4Mpa<\/td>\n<\/tr>\n<tr>\n<td width=\"50%\">Tens\u00e3o\n<\/td>\n<td width=\"50%\">Conforme solicitado<\/td>\n<\/tr>\n<tr>\n<td width=\"50%\">Poder\n<\/td>\n<td width=\"50%\">7,5 kW<\/td>\n<\/tr>\n<tr>\n<td width=\"50%\">Dimens\u00e3o (mm)\n<\/td>\n<td width=\"50%\">800L*800W*1500H<\/td>\n<\/tr>\n<tr>\n<td width=\"50%\">Peso\n<\/td>\n<td width=\"50%\">400KG<\/td>\n<\/tr>\n<tr>\n<td width=\"50%\">Exatid\u00e3o\n<\/td>\n<td width=\"50%\">\u00b12 mm\/m<\/td>\n<\/tr>\n<tr>\n<td width=\"50%\">Comprimento m\u00ednimo de recozimento\n<\/td>\n<td width=\"50%\">1,5cm<\/td>\n<\/tr>\n<\/tbody>\n<\/table>\n<\/div>\n<h3><img decoding=\"async\" class=\"alignnone wp-image-5036 size-large\" src=\"https:\/\/zunzz.com\/wp-content\/uploads\/2023\/09\/11-1024x634.webp\" alt=\"M\u00e1quina de corte e recozimento\" width=\"1024\" height=\"634\" srcset=\"https:\/\/zunzz.com\/wp-content\/uploads\/2023\/09\/11-1024x634.webp 1024w, https:\/\/zunzz.com\/wp-content\/uploads\/2023\/09\/11-300x186.webp 300w, https:\/\/zunzz.com\/wp-content\/uploads\/2023\/09\/11-768x476.webp 768w, https:\/\/zunzz.com\/wp-content\/uploads\/2023\/09\/11-700x434.webp 700w, https:\/\/zunzz.com\/wp-content\/uploads\/2023\/09\/11-600x372.webp 600w, https:\/\/zunzz.com\/wp-content\/uploads\/2023\/09\/11.webp 1093w\" sizes=\"(max-width: 1024px) 100vw, 1024px\" \/><\/h3>\n<h2>3.Caracter\u00edsticas da m\u00e1quina de corte e recozimento<\/h2>\n<ul>\n<li>Design requintado, leve e conveniente, f\u00e1cil de mover.<\/li>\n<li>A gama de di\u00e2metro de fus\u00e3o \u00e9 ampla e a fus\u00e3o do cabo de a\u00e7o pode ser conclu\u00edda dentro da gama de di\u00e2metro especificada sem substitui\u00e7\u00e3o de qualquer pe\u00e7a.<\/li>\n<li>\u00c9 f\u00e1cil de operar, n\u00e3o necessita de chave para o dispositivo de fixa\u00e7\u00e3o.<\/li>\n<li>Baixo consumo de energia, elevada efici\u00eancia e poupan\u00e7a de energia, garantindo uma utiliza\u00e7\u00e3o segura.<\/li>\n<li>Pre\u00e7os acess\u00edveis, excelente qualidade e excelente rela\u00e7\u00e3o qualidade-pre\u00e7o.<\/li>\n<li>A velocidade de fus\u00e3o \u00e9 r\u00e1pida. E o cabo de a\u00e7o derretido \u00e9 limpo e liso, com uma forma c\u00f3nica na extremidade. <\/li>\n<li>O ru\u00eddo durante o funcionamento \u00e9 de apenas 75 decib\u00e9is e o design de baixo ru\u00eddo garante um ambiente de trabalho confort\u00e1vel.<\/li>\n<\/ul>\n<h1><img decoding=\"async\" class=\"alignnone size-large wp-image-5051\" src=\"https:\/\/zunzz.com\/wp-content\/uploads\/2023\/09\/2-1-1024x634.webp\" alt=\"M\u00e1quina de corte e recozimento\" width=\"1024\" height=\"634\" srcset=\"https:\/\/zunzz.com\/wp-content\/uploads\/2023\/09\/2-1-1024x634.webp 1024w, https:\/\/zunzz.com\/wp-content\/uploads\/2023\/09\/2-1-300x186.webp 300w, https:\/\/zunzz.com\/wp-content\/uploads\/2023\/09\/2-1-768x476.webp 768w, https:\/\/zunzz.com\/wp-content\/uploads\/2023\/09\/2-1-700x434.webp 700w, https:\/\/zunzz.com\/wp-content\/uploads\/2023\/09\/2-1-600x372.webp 600w, https:\/\/zunzz.com\/wp-content\/uploads\/2023\/09\/2-1.webp 1093w\" sizes=\"(max-width: 1024px) 100vw, 1024px\" \/><\/h1>\n<h1 class=\"product_title entry-title\"><img loading=\"lazy\" decoding=\"async\" class=\"alignnone wp-image-361 \" src=\"https:\/\/zunzz.com\/wp-content\/uploads\/2023\/09\/Cutting-and-Annealing-Machine-5MM-1.webp\" alt=\"M\u00e1quina de Corte e Recozimento 5MM-1\" width=\"1021\" height=\"1541\" srcset=\"https:\/\/zunzz.com\/wp-content\/uploads\/2023\/09\/Cutting-and-Annealing-Machine-5MM-1.webp 1000w, https:\/\/zunzz.com\/wp-content\/uploads\/2023\/09\/Cutting-and-Annealing-Machine-5MM-1-199x300.webp 199w, https:\/\/zunzz.com\/wp-content\/uploads\/2023\/09\/Cutting-and-Annealing-Machine-5MM-1-679x1024.webp 679w, https:\/\/zunzz.com\/wp-content\/uploads\/2023\/09\/Cutting-and-Annealing-Machine-5MM-1-768x1159.webp 768w, https:\/\/zunzz.com\/wp-content\/uploads\/2023\/09\/Cutting-and-Annealing-Machine-5MM-1-700x1056.webp 700w, https:\/\/zunzz.com\/wp-content\/uploads\/2023\/09\/Cutting-and-Annealing-Machine-5MM-1-600x905.webp 600w\" sizes=\"(max-width: 1021px) 100vw, 1021px\" \/><\/h1>\n<h3>4. Outros par\u00e2metros da m\u00e1quina de corte e recozimento<\/h3>\n<div class=\"table-r\">\n<table width=\"100%\">\n<tbody>\n<tr>\n<td width=\"50%\">Marca\n<\/td>\n<td width=\"50%\">Empresa de m\u00e1quinas de fisga de cabo de a\u00e7o Zunzz<\/td>\n<\/tr>\n<tr>\n<td width=\"50%\">Pa\u00eds\/Regi\u00e3o de Produ\u00e7\u00e3o\n<\/td>\n<td width=\"50%\">Baoding, China<\/td>\n<\/tr>\n<tr>\n<td width=\"50%\">Ano da primeira publica\u00e7\u00e3o\n<\/td>\n<td width=\"50%\">2001<\/td>\n<\/tr>\n<tr>\n<td width=\"50%\">Data de produ\u00e7\u00e3o\n<\/td>\n<td width=\"50%\">hora do pedido<\/td>\n<\/tr>\n<tr>\n<td width=\"50%\">Per\u00edodo de garantia\n<\/td>\n<td width=\"50%\">1 ano<\/td>\n<\/tr>\n<tr>\n<td width=\"50%\">Quantidade (pe\u00e7as)\/prazo de entrega (dias)\n<\/td>\n<td width=\"50%\">1-1 (pe\u00e7as)\/35 (dias), 2-10 (pe\u00e7as)\/45 (dias), Superior a 10 (pe\u00e7as)\/a negociar<\/td>\n<\/tr>\n<tr>\n<td width=\"50%\">Cor\n<\/td>\n<td width=\"50%\">azul ou personalizado<\/td>\n<\/tr>\n<tr>\n<td width=\"50%\">Detalhes da embalagem\n<\/td>\n<td width=\"50%\">caixa de madeira<\/td>\n<\/tr>\n<tr>\n<td width=\"50%\">suporte de servi\u00e7o\n<\/td>\n<td width=\"50%\">Suporte remoto por telefone<\/td>\n<\/tr>\n<\/tbody>\n<\/table>\n<\/div>\n<p><strong>5. O pacote forte<\/strong><\/p>\n<p>As <a href=\"https:\/\/zunzz.com\/pt-pt\/product\/automated-wire-rope-fuser-cutting-machine\/\">m\u00e1quinas de corte autom\u00e1ticas com fusor de cabo de a\u00e7o<\/a> foram exportadas para muitos pa\u00edses. Utilizamos caixa de madeira internacional para a entrega das m\u00e1quinas para confirmar a seguran\u00e7a durante a entrega. <\/p>\n<p>A <strong>m\u00e1quina de corte e recozimento \u00e9 para cabo de a\u00e7o<\/strong> de 1-5 mm com extremidade c\u00f3nica autom\u00e1tica. Ainda temos esta m\u00e1quina para cabo de a\u00e7o de 1-3mm.<\/p>\n<p>As m\u00e1quinas foram exportadas para o Reino Unido, Dinamarca, It\u00e1lia, Marrocos, Ir\u00e3o, Indon\u00e9sia, \u00cdndia, Emirados \u00c1rabes Unidos, Singapura, Pol\u00f3nia, etc.<\/p>\n<p><img loading=\"lazy\" decoding=\"async\" class=\"alignnone size-large wp-image-5066\" src=\"https:\/\/zunzz.com\/wp-content\/uploads\/2023\/09\/baozhuag-1024x512.webp\" alt=\"M\u00e1quina de corte e recozimento\" width=\"1024\" height=\"512\" srcset=\"https:\/\/zunzz.com\/wp-content\/uploads\/2023\/09\/baozhuag-1024x512.webp 1024w, https:\/\/zunzz.com\/wp-content\/uploads\/2023\/09\/baozhuag-300x150.webp 300w, https:\/\/zunzz.com\/wp-content\/uploads\/2023\/09\/baozhuag-768x384.webp 768w, https:\/\/zunzz.com\/wp-content\/uploads\/2023\/09\/baozhuag-1000x500.webp 1000w, https:\/\/zunzz.com\/wp-content\/uploads\/2023\/09\/baozhuag-700x350.webp 700w, https:\/\/zunzz.com\/wp-content\/uploads\/2023\/09\/baozhuag-1300x650.webp 1300w, https:\/\/zunzz.com\/wp-content\/uploads\/2023\/09\/baozhuag-600x300.webp 600w, https:\/\/zunzz.com\/wp-content\/uploads\/2023\/09\/baozhuag.webp 1500w\" sizes=\"(max-width: 1024px) 100vw, 1024px\" \/><\/p>\n\n<div class=\"wpcf7 no-js\" id=\"wpcf7-f5525-o1\" lang=\"pt-PT\" dir=\"ltr\" data-wpcf7-id=\"5525\">\n<div class=\"screen-reader-response\"><p role=\"status\" aria-live=\"polite\" aria-atomic=\"true\"><\/p> <ul><\/ul><\/div>\n<form action=\"\/pt-pt\/wp-json\/wp\/v2\/product\/2944#wpcf7-f5525-o1\" method=\"post\" class=\"wpcf7-form init\" aria-label=\"Formul\u00e1rio de contacto\" novalidate=\"novalidate\" data-status=\"init\">\n<fieldset class=\"hidden-fields-container\"><input type=\"hidden\" name=\"_wpcf7\" value=\"5525\" \/><input type=\"hidden\" name=\"_wpcf7_version\" value=\"6.1.4\" \/><input type=\"hidden\" name=\"_wpcf7_locale\" value=\"pt_PT\" \/><input type=\"hidden\" name=\"_wpcf7_unit_tag\" value=\"wpcf7-f5525-o1\" \/><input type=\"hidden\" name=\"_wpcf7_container_post\" value=\"0\" \/><input type=\"hidden\" name=\"_wpcf7_posted_data_hash\" value=\"\" \/>\n<\/fieldset>\n<div class=\"wpcf7-turnstile cf-turnstile\" data-sitekey=\"0x4AAAAAACHlhHyKtoljFN8P\" data-response-field-name=\"_wpcf7_turnstile_response\"><\/div>\n\n<p>\n    <\/p><h4 style=\"color:#333333;font-size:20px;font-family:\"background-color:#FFFFFF;font-weight:normal !important;\">\n        <span style=\"color:red;\">Envia-nos os teus pedidos - responderemos no prazo de 24 horas<\/span>\n    <\/h4>\n\n\n<div class=\"row\" style=\"display:flex; flex-wrap:wrap; width:100%;\">\n\n    <!-- Name -->\n    <div style=\"width:40%; padding-right:10px; box-sizing:border-box;\">\n        <div class=\"form-group\" style=\"margin-bottom:15px;\">\n <span class=\"wpcf7-form-control-wrap\" data-name=\"your-name\"><input size=\"40\" maxlength=\"400\" class=\"wpcf7-form-control wpcf7-text wpcf7-validates-as-required\" aria-required=\"true\" aria-invalid=\"false\" placeholder=\"O seu nome *\" value=\"\" type=\"text\" name=\"your-name\" \/><\/span>\n        <\/div>\n    <\/div>\n\n    <!-- Email -->\n    <div style=\"width:60%; padding-left:10px; box-sizing:border-box;\">\n        <div class=\"form-group\" style=\"margin-bottom:15px;\">\n <span class=\"wpcf7-form-control-wrap\" data-name=\"your-email\"><input size=\"40\" maxlength=\"400\" class=\"wpcf7-form-control wpcf7-email wpcf7-validates-as-required wpcf7-text wpcf7-validates-as-email\" aria-required=\"true\" aria-invalid=\"false\" placeholder=\"Endere\u00e7o de correio eletr\u00f3nico *\" value=\"\" type=\"email\" name=\"your-email\" \/><\/span>\n        <\/div>\n    <\/div>\n\n    <!-- Message -->\n    <div style=\"width:100%; box-sizing:border-box;\">\n        <div class=\"form-group\" style=\"margin-bottom:15px;\">\n            <span class=\"wpcf7-form-control-wrap\" data-name=\"your-message\"><textarea cols=\"30\" rows=\"4\" maxlength=\"2000\" class=\"wpcf7-form-control wpcf7-textarea\" aria-invalid=\"false\" placeholder=\"Por favor, escreva aqui a sua mensagem.\" name=\"your-message\"><\/textarea><\/span>\n        <\/div>\n    <\/div>\n\n    <!-- Submit -->\n    <div style=\"width:100%; box-sizing:border-box;\">\n        <input class=\"wpcf7-form-control wpcf7-submit has-spinner btn btn-default\" type=\"submit\" value=\"Envie-nos uma mensagem e solicite um or\u00e7amento\" \/>\n    <\/div>\n\n<\/div><div class=\"wpcf7-response-output\" aria-hidden=\"true\"><\/div>\n<\/form>\n<\/div>\n\n","protected":false},"excerpt":{"rendered":"<div class=\"table-r\">\n<table width=\"100%\">\n<tbody>\n<tr>\n<td width=\"50%\">Modelo:\n<\/td>\n<td width=\"50%\">WST-500<\/td>\n<\/tr>\n<tr>\n<td width=\"50%\">M\u00e1x. cabo de a\u00e7o:<\/td>\n<td width=\"50%\">5mm<\/td>\n<\/tr>\n<tr>\n<td width=\"50%\">Poder:\n<\/td>\n<td width=\"50%\">7,5 kW<\/td>\n<\/tr>\n<tr>\n<td width=\"50%\">Dimens\u00f5es:\n<\/td>\n<td width=\"50%\">800*800*1500mm<\/td>\n<\/tr>\n<tr>\n<td width=\"50%\">Peso:\n<\/td>\n<td width=\"50%\">400kg<\/td>\n<\/tr>\n<\/tbody>\n<\/table>\n<p><strong>Idioma dispon\u00edvel:<\/strong>[wpml_language_selector_widget]<\/p>\n[contact-form-7 id=\"055e9b5\" title=\"Contact form 2\"]\n<\/div>\n","protected":false},"featured_media":2945,"comment_status":"open","ping_status":"closed","template":"","meta":[],"product_brand":[],"product_cat":[207],"product_tag":[356,345],"class_list":{"0":"post-2944","1":"product","2":"type-product","3":"status-publish","4":"has-post-thumbnail","6":"product_cat-wire-rope-annealing-machine","7":"product_tag-cutting-and-annealing-machine","8":"product_tag-wire-rope-annealing-machine","10":"first","11":"instock","12":"taxable","13":"shipping-taxable","14":"product-type-simple"},"yoast_head":"<!-- This site is optimized with the Yoast SEO plugin v26.8 - https:\/\/yoast.com\/product\/yoast-seo-wordpress\/ -->\n<title>M\u00e1quina de Corte e Recozimento 5MM<\/title>\n<meta name=\"description\" content=\"A m\u00e1quina de corte e recozimento de cabo de a\u00e7o \u00e9 para cabo de a\u00e7o de 1-5 mm com extremidade c\u00f4nica autom\u00e1tica. Ainda temos esta m\u00e1quina para cabo de a\u00e7o de 1-3mm.\" \/>\n<meta name=\"robots\" content=\"index, follow, max-snippet:-1, max-image-preview:large, max-video-preview:-1\" \/>\n<link rel=\"canonical\" href=\"https:\/\/zunzz.com\/pt-pt\/product\/cutting-and-annealing-machine\/\" \/>\n<meta property=\"og:locale\" content=\"pt_PT\" \/>\n<meta property=\"og:type\" content=\"article\" \/>\n<meta property=\"og:title\" content=\"M\u00e1quina de Corte e Recozimento 5MM\" \/>\n<meta property=\"og:description\" content=\"A m\u00e1quina de corte e recozimento de cabo de a\u00e7o \u00e9 para cabo de a\u00e7o de 1-5 mm com extremidade c\u00f4nica autom\u00e1tica. Ainda temos esta m\u00e1quina para cabo de a\u00e7o de 1-3mm.\" \/>\n<meta property=\"og:url\" content=\"https:\/\/zunzz.com\/pt-pt\/product\/cutting-and-annealing-machine\/\" \/>\n<meta property=\"og:site_name\" content=\"Zunzz Wire Rope Sling Machine Company\" \/>\n<meta property=\"article:modified_time\" content=\"2025-12-13T12:32:16+00:00\" \/>\n<meta property=\"og:image\" content=\"https:\/\/zunzz.com\/wp-content\/uploads\/2023\/09\/Cutting-and-Annealing-Machine-5MM-3.webp\" \/>\n\t<meta property=\"og:image:width\" content=\"600\" \/>\n\t<meta property=\"og:image:height\" content=\"600\" \/>\n\t<meta property=\"og:image:type\" content=\"image\/webp\" \/>\n<meta name=\"twitter:card\" content=\"summary_large_image\" \/>\n<meta name=\"twitter:label1\" content=\"Tempo estimado de leitura\" \/>\n\t<meta name=\"twitter:data1\" content=\"5 minutos\" \/>\n<script type=\"application\/ld+json\" class=\"yoast-schema-graph\">{\"@context\":\"https:\/\/schema.org\",\"@graph\":[{\"@type\":\"WebPage\",\"@id\":\"https:\/\/zunzz.com\/pt-pt\/product\/cutting-and-annealing-machine\/\",\"url\":\"https:\/\/zunzz.com\/pt-pt\/product\/cutting-and-annealing-machine\/\",\"name\":\"M\u00e1quina de Corte e Recozimento 5MM\",\"isPartOf\":{\"@id\":\"https:\/\/zunzz.com\/pt-pt\/#website\"},\"primaryImageOfPage\":{\"@id\":\"https:\/\/zunzz.com\/pt-pt\/product\/cutting-and-annealing-machine\/#primaryimage\"},\"image\":{\"@id\":\"https:\/\/zunzz.com\/pt-pt\/product\/cutting-and-annealing-machine\/#primaryimage\"},\"thumbnailUrl\":\"https:\/\/zunzz.com\/wp-content\/uploads\/2023\/09\/Cutting-and-Annealing-Machine-5MM-3.webp\",\"datePublished\":\"2025-12-12T01:50:14+00:00\",\"dateModified\":\"2025-12-13T12:32:16+00:00\",\"description\":\"A m\u00e1quina de corte e recozimento de cabo de a\u00e7o \u00e9 para cabo de a\u00e7o de 1-5 mm com extremidade c\u00f4nica autom\u00e1tica. Ainda temos esta m\u00e1quina para cabo de a\u00e7o de 1-3mm.\",\"breadcrumb\":{\"@id\":\"https:\/\/zunzz.com\/pt-pt\/product\/cutting-and-annealing-machine\/#breadcrumb\"},\"inLanguage\":\"pt-PT\",\"potentialAction\":[{\"@type\":\"ReadAction\",\"target\":[\"https:\/\/zunzz.com\/pt-pt\/product\/cutting-and-annealing-machine\/\"]}]},{\"@type\":\"ImageObject\",\"inLanguage\":\"pt-PT\",\"@id\":\"https:\/\/zunzz.com\/pt-pt\/product\/cutting-and-annealing-machine\/#primaryimage\",\"url\":\"https:\/\/zunzz.com\/wp-content\/uploads\/2023\/09\/Cutting-and-Annealing-Machine-5MM-3.webp\",\"contentUrl\":\"https:\/\/zunzz.com\/wp-content\/uploads\/2023\/09\/Cutting-and-Annealing-Machine-5MM-3.webp\",\"width\":600,\"height\":600,\"caption\":\"M\u00e1quina de Corte e Recozimento 5MM-3\"},{\"@type\":\"BreadcrumbList\",\"@id\":\"https:\/\/zunzz.com\/pt-pt\/product\/cutting-and-annealing-machine\/#breadcrumb\",\"itemListElement\":[{\"@type\":\"ListItem\",\"position\":1,\"name\":\"Home\",\"item\":\"https:\/\/zunzz.com\/pt-pt\/home\/\"},{\"@type\":\"ListItem\",\"position\":2,\"name\":\"Shop\",\"item\":\"https:\/\/zunzz.com\/bg\/shop\/\"},{\"@type\":\"ListItem\",\"position\":3,\"name\":\"M\u00e1quina de Corte e Recozimento 5MM\"}]},{\"@type\":\"WebSite\",\"@id\":\"https:\/\/zunzz.com\/pt-pt\/#website\",\"url\":\"https:\/\/zunzz.com\/pt-pt\/\",\"name\":\"Zunzz Wire Rope Sling Machine Company\",\"description\":\"Zunzz Wire Rope Sling Machine Company is a leading manufacturer of wire rope sling machines and related products.\",\"publisher\":{\"@id\":\"https:\/\/zunzz.com\/pt-pt\/#organization\"},\"potentialAction\":[{\"@type\":\"SearchAction\",\"target\":{\"@type\":\"EntryPoint\",\"urlTemplate\":\"https:\/\/zunzz.com\/pt-pt\/?s={search_term_string}\"},\"query-input\":{\"@type\":\"PropertyValueSpecification\",\"valueRequired\":true,\"valueName\":\"search_term_string\"}}],\"inLanguage\":\"pt-PT\"},{\"@type\":\"Organization\",\"@id\":\"https:\/\/zunzz.com\/pt-pt\/#organization\",\"name\":\"Zunzz Wire Rope Sling Machine Company\",\"url\":\"https:\/\/zunzz.com\/pt-pt\/\",\"logo\":{\"@type\":\"ImageObject\",\"inLanguage\":\"pt-PT\",\"@id\":\"https:\/\/zunzz.com\/pt-pt\/#\/schema\/logo\/image\/\",\"url\":\"https:\/\/zunzz.com\/wp-content\/uploads\/2023\/09\/Logo.png\",\"contentUrl\":\"https:\/\/zunzz.com\/wp-content\/uploads\/2023\/09\/Logo.png\",\"width\":171,\"height\":133,\"caption\":\"Zunzz Wire Rope Sling Machine Company\"},\"image\":{\"@id\":\"https:\/\/zunzz.com\/pt-pt\/#\/schema\/logo\/image\/\"}}]}<\/script>\n<!-- \/ Yoast SEO plugin. -->","yoast_head_json":{"title":"M\u00e1quina de Corte e Recozimento 5MM","description":"A m\u00e1quina de corte e recozimento de cabo de a\u00e7o \u00e9 para cabo de a\u00e7o de 1-5 mm com extremidade c\u00f4nica autom\u00e1tica. Ainda temos esta m\u00e1quina para cabo de a\u00e7o de 1-3mm.","robots":{"index":"index","follow":"follow","max-snippet":"max-snippet:-1","max-image-preview":"max-image-preview:large","max-video-preview":"max-video-preview:-1"},"canonical":"https:\/\/zunzz.com\/pt-pt\/product\/cutting-and-annealing-machine\/","og_locale":"pt_PT","og_type":"article","og_title":"M\u00e1quina de Corte e Recozimento 5MM","og_description":"A m\u00e1quina de corte e recozimento de cabo de a\u00e7o \u00e9 para cabo de a\u00e7o de 1-5 mm com extremidade c\u00f4nica autom\u00e1tica. Ainda temos esta m\u00e1quina para cabo de a\u00e7o de 1-3mm.","og_url":"https:\/\/zunzz.com\/pt-pt\/product\/cutting-and-annealing-machine\/","og_site_name":"Zunzz Wire Rope Sling Machine Company","article_modified_time":"2025-12-13T12:32:16+00:00","og_image":[{"width":600,"height":600,"url":"https:\/\/zunzz.com\/wp-content\/uploads\/2023\/09\/Cutting-and-Annealing-Machine-5MM-3.webp","type":"image\/webp"}],"twitter_card":"summary_large_image","twitter_misc":{"Tempo estimado de leitura":"5 minutos"},"schema":{"@context":"https:\/\/schema.org","@graph":[{"@type":"WebPage","@id":"https:\/\/zunzz.com\/pt-pt\/product\/cutting-and-annealing-machine\/","url":"https:\/\/zunzz.com\/pt-pt\/product\/cutting-and-annealing-machine\/","name":"M\u00e1quina de Corte e Recozimento 5MM","isPartOf":{"@id":"https:\/\/zunzz.com\/pt-pt\/#website"},"primaryImageOfPage":{"@id":"https:\/\/zunzz.com\/pt-pt\/product\/cutting-and-annealing-machine\/#primaryimage"},"image":{"@id":"https:\/\/zunzz.com\/pt-pt\/product\/cutting-and-annealing-machine\/#primaryimage"},"thumbnailUrl":"https:\/\/zunzz.com\/wp-content\/uploads\/2023\/09\/Cutting-and-Annealing-Machine-5MM-3.webp","datePublished":"2025-12-12T01:50:14+00:00","dateModified":"2025-12-13T12:32:16+00:00","description":"A m\u00e1quina de corte e recozimento de cabo de a\u00e7o \u00e9 para cabo de a\u00e7o de 1-5 mm com extremidade c\u00f4nica autom\u00e1tica. Ainda temos esta m\u00e1quina para cabo de a\u00e7o de 1-3mm.","breadcrumb":{"@id":"https:\/\/zunzz.com\/pt-pt\/product\/cutting-and-annealing-machine\/#breadcrumb"},"inLanguage":"pt-PT","potentialAction":[{"@type":"ReadAction","target":["https:\/\/zunzz.com\/pt-pt\/product\/cutting-and-annealing-machine\/"]}]},{"@type":"ImageObject","inLanguage":"pt-PT","@id":"https:\/\/zunzz.com\/pt-pt\/product\/cutting-and-annealing-machine\/#primaryimage","url":"https:\/\/zunzz.com\/wp-content\/uploads\/2023\/09\/Cutting-and-Annealing-Machine-5MM-3.webp","contentUrl":"https:\/\/zunzz.com\/wp-content\/uploads\/2023\/09\/Cutting-and-Annealing-Machine-5MM-3.webp","width":600,"height":600,"caption":"M\u00e1quina de Corte e Recozimento 5MM-3"},{"@type":"BreadcrumbList","@id":"https:\/\/zunzz.com\/pt-pt\/product\/cutting-and-annealing-machine\/#breadcrumb","itemListElement":[{"@type":"ListItem","position":1,"name":"Home","item":"https:\/\/zunzz.com\/pt-pt\/home\/"},{"@type":"ListItem","position":2,"name":"Shop","item":"https:\/\/zunzz.com\/bg\/shop\/"},{"@type":"ListItem","position":3,"name":"M\u00e1quina de Corte e Recozimento 5MM"}]},{"@type":"WebSite","@id":"https:\/\/zunzz.com\/pt-pt\/#website","url":"https:\/\/zunzz.com\/pt-pt\/","name":"Zunzz Wire Rope Sling Machine Company","description":"Zunzz Wire Rope Sling Machine Company is a leading manufacturer of wire rope sling machines and related products.","publisher":{"@id":"https:\/\/zunzz.com\/pt-pt\/#organization"},"potentialAction":[{"@type":"SearchAction","target":{"@type":"EntryPoint","urlTemplate":"https:\/\/zunzz.com\/pt-pt\/?s={search_term_string}"},"query-input":{"@type":"PropertyValueSpecification","valueRequired":true,"valueName":"search_term_string"}}],"inLanguage":"pt-PT"},{"@type":"Organization","@id":"https:\/\/zunzz.com\/pt-pt\/#organization","name":"Zunzz Wire Rope Sling Machine Company","url":"https:\/\/zunzz.com\/pt-pt\/","logo":{"@type":"ImageObject","inLanguage":"pt-PT","@id":"https:\/\/zunzz.com\/pt-pt\/#\/schema\/logo\/image\/","url":"https:\/\/zunzz.com\/wp-content\/uploads\/2023\/09\/Logo.png","contentUrl":"https:\/\/zunzz.com\/wp-content\/uploads\/2023\/09\/Logo.png","width":171,"height":133,"caption":"Zunzz Wire Rope Sling Machine Company"},"image":{"@id":"https:\/\/zunzz.com\/pt-pt\/#\/schema\/logo\/image\/"}}]}},"_links":{"self":[{"href":"https:\/\/zunzz.com\/pt-pt\/wp-json\/wp\/v2\/product\/2944","targetHints":{"allow":["GET"]}}],"collection":[{"href":"https:\/\/zunzz.com\/pt-pt\/wp-json\/wp\/v2\/product"}],"about":[{"href":"https:\/\/zunzz.com\/pt-pt\/wp-json\/wp\/v2\/types\/product"}],"replies":[{"embeddable":true,"href":"https:\/\/zunzz.com\/pt-pt\/wp-json\/wp\/v2\/comments?post=2944"}],"wp:featuredmedia":[{"embeddable":true,"href":"https:\/\/zunzz.com\/pt-pt\/wp-json\/wp\/v2\/media\/2945"}],"wp:attachment":[{"href":"https:\/\/zunzz.com\/pt-pt\/wp-json\/wp\/v2\/media?parent=2944"}],"wp:term":[{"taxonomy":"product_brand","embeddable":true,"href":"https:\/\/zunzz.com\/pt-pt\/wp-json\/wp\/v2\/product_brand?post=2944"},{"taxonomy":"product_cat","embeddable":true,"href":"https:\/\/zunzz.com\/pt-pt\/wp-json\/wp\/v2\/product_cat?post=2944"},{"taxonomy":"product_tag","embeddable":true,"href":"https:\/\/zunzz.com\/pt-pt\/wp-json\/wp\/v2\/product_tag?post=2944"}],"curies":[{"name":"wp","href":"https:\/\/api.w.org\/{rel}","templated":true}]}}