{"id":2866,"date":"2025-12-13T02:04:06","date_gmt":"2025-12-13T02:04:06","guid":{"rendered":"https:\/\/zunzz.com\/product\/maquina-de-recozimento-de-cabo-de-aco-55mm\/"},"modified":"2025-12-14T03:25:22","modified_gmt":"2025-12-14T03:25:22","slug":"wire-rope-annealing-machine","status":"publish","type":"product","link":"https:\/\/zunzz.com\/pt-pt\/product\/wire-rope-annealing-machine\/","title":{"rendered":"M\u00e1quina de recozimento de cabo de a\u00e7o 55mm"},"content":{"rendered":"<h3>1.Sobre a m\u00e1quina de recozimento de cabos de a\u00e7o<\/h3>\n<p>Esta <strong>m\u00e1quina de recozimento de cabos de a\u00e7o<\/strong> \u00e9 adequada para cabos de a\u00e7o de 22-55 mm. \u00c9 o resultado de uma melhoria cont\u00ednua desde que a empresa de m\u00e1quinas para cabos de a\u00e7o Zunzz foi desenvolvida em 2001. Com a cont\u00ednua inova\u00e7\u00e3o e desenvolvimento de tecnologia, as nossas m\u00e1quinas melhoraram muito a efici\u00eancia e a seguran\u00e7a no trabalho. \u00c9 ideal para qualquer ind\u00fastria que exija cortes frequentes de cabos de a\u00e7o.   <\/p>\n<h3>2.O par\u00e2metro da m\u00e1quina de recozimento de cabo de a\u00e7o<\/h3>\n<div class=\"table-r\">\n<table width=\"100%\">\n<tbody>\n<tr>\n<td width=\"50%\">Modelo n\u00e3o\n<\/td>\n<td width=\"50%\">UNR-55<\/td>\n<\/tr>\n<tr>\n<td width=\"50%\">Cor da m\u00e1quina\n<\/td>\n<td width=\"50%\">conforme solicitado<\/td>\n<\/tr>\n<tr>\n<td width=\"50%\">Queime o nosso alcance\n<\/td>\n<td width=\"50%\">\u00d820-55mm<\/td>\n<\/tr>\n<tr>\n<td width=\"50%\">Bra\u00e7adeira\n<\/td>\n<td width=\"50%\">4 conjuntos<\/td>\n<\/tr>\n<tr>\n<td width=\"50%\">Poder\n<\/td>\n<td width=\"50%\">150 kW<\/td>\n<\/tr>\n<tr>\n<td width=\"50%\">Tens\u00e3o\n<\/td>\n<td width=\"50%\">Como pedido<\/td>\n<\/tr>\n<tr>\n<td width=\"50%\">Dimens\u00e3o (mm)\n<\/td>\n<td width=\"50%\">1100*900*1600<\/td>\n<\/tr>\n<tr>\n<td width=\"50%\">Peso\n<\/td>\n<td width=\"50%\">800KG<\/td>\n<\/tr>\n<tr>\n<td width=\"50%\">Controlar\n<\/td>\n<td width=\"50%\">microcomputador<\/td>\n<\/tr>\n<\/tbody>\n<\/table>\n<p>&nbsp;<\/p>\n<\/div>\n<p><iframe title=\"Wire Rope Annealing Machine 55mmm\" width=\"1060\" height=\"596\" src=\"https:\/\/www.youtube.com\/embed\/dyr3C3Txx3w?feature=oembed\" frameborder=\"0\" allow=\"accelerometer; autoplay; clipboard-write; encrypted-media; gyroscope; picture-in-picture; web-share\" referrerpolicy=\"strict-origin-when-cross-origin\" allowfullscreen><\/iframe><\/p>\n<div class=\"table-r\">\n<h3>3. Instru\u00e7\u00f5es da m\u00e1quina de recozimento de cabos de a\u00e7o<\/h3>\n<p>O processo de recozimento do cabo de a\u00e7o \u00e9 por vezes chamado de fus\u00e3o e afilamento. Durante este processo de recozimento, os fios do cabo de a\u00e7o ser\u00e3o aquecidos a uma temperatura muito elevada, controlando o fornecimento de corrente atrav\u00e9s de um pedal. As part\u00edculas de metal recristalizar\u00e3o sob a alta temperatura quente, permitindo que derretam em conjunto.  <\/p>\n<p>Finalmente, \u00e9 constitu\u00eddo por duas partes independentes: 1. Atrav\u00e9s da roda e da pega, o cabo de a\u00e7o \u00e9 ligeiramente enrolado e fundido. 2.\u00ba Ajuste a dist\u00e2ncia entre o grampo. Finalmente dividido em duas partes. Desta forma, a ponta da corda ficar\u00e1 ligeiramente afilada e completamente fundida.    <\/p>\n<p>Para evitar que a corda fique quebradi\u00e7a, arrefe\u00e7a-a lentamente. Assim, obt\u00e9m um cabo de a\u00e7o limpo e liso, com uma forma c\u00f3nica e pontas em espiral. <\/p>\n<h3><img fetchpriority=\"high\" decoding=\"async\" class=\"alignnone wp-image-365 size-full\" src=\"https:\/\/zunzz.com\/wp-content\/uploads\/2023\/09\/Wire-Rope-Annealing-Machine-55mm-2.webp\" alt=\"M\u00e1quina de recozimento de cabo de a\u00e7o 55mm-2\" width=\"1000\" height=\"1000\" srcset=\"https:\/\/zunzz.com\/wp-content\/uploads\/2023\/09\/Wire-Rope-Annealing-Machine-55mm-2.webp 1000w, https:\/\/zunzz.com\/wp-content\/uploads\/2023\/09\/Wire-Rope-Annealing-Machine-55mm-2-300x300.webp 300w, https:\/\/zunzz.com\/wp-content\/uploads\/2023\/09\/Wire-Rope-Annealing-Machine-55mm-2-150x150.webp 150w, https:\/\/zunzz.com\/wp-content\/uploads\/2023\/09\/Wire-Rope-Annealing-Machine-55mm-2-768x768.webp 768w, https:\/\/zunzz.com\/wp-content\/uploads\/2023\/09\/Wire-Rope-Annealing-Machine-55mm-2-570x570.webp 570w, https:\/\/zunzz.com\/wp-content\/uploads\/2023\/09\/Wire-Rope-Annealing-Machine-55mm-2-500x500.webp 500w, https:\/\/zunzz.com\/wp-content\/uploads\/2023\/09\/Wire-Rope-Annealing-Machine-55mm-2-700x700.webp 700w, https:\/\/zunzz.com\/wp-content\/uploads\/2023\/09\/Wire-Rope-Annealing-Machine-55mm-2-650x650.webp 650w, https:\/\/zunzz.com\/wp-content\/uploads\/2023\/09\/Wire-Rope-Annealing-Machine-55mm-2-600x600.webp 600w, https:\/\/zunzz.com\/wp-content\/uploads\/2023\/09\/Wire-Rope-Annealing-Machine-55mm-2-100x100.webp 100w\" sizes=\"(max-width: 1000px) 100vw, 1000px\" \/><\/h3>\n<h3><\/h3>\n<h3>4. Vantagens da m\u00e1quina de recozimento de cabos de a\u00e7o<\/h3>\n<ul>\n<li>Forma inteligente e portabilidade:<\/li>\n<\/ul>\n<p>A <strong>m\u00e1quina para recozimento de cabo de a\u00e7o<\/strong> foi habilmente concebida para facilitar a movimenta\u00e7\u00e3o em diferentes cen\u00e1rios de trabalho. Por exemplo, este equipamento pode desempenhar um papel importante em estaleiros de constru\u00e7\u00e3o, constru\u00e7\u00e3o de pontes, constru\u00e7\u00e3o naval e muitas outras situa\u00e7\u00f5es em que os cabos de a\u00e7o t\u00eam de ser cortados. <\/p>\n<ul>\n<li>Derretimento r\u00e1pido e opera\u00e7\u00e3o conveniente:<\/li>\n<\/ul>\n<p>A <a title=\"M\u00e1quina de Corte e Recozimento 5MM\" href=\"https:\/\/zunzz.com\/pt-pt\/product\/cutting-and-annealing-machine\/\">M\u00e1quina de Corte e Recozimento<\/a> tem caracter\u00edsticas de fus\u00e3o e corte r\u00e1pido de cabos de a\u00e7o e, ao mesmo tempo, \u00e9 f\u00e1cil de operar e melhora a efici\u00eancia da produ\u00e7\u00e3o.<\/p>\n<ul>\n<li>Economia de energia e seguran\u00e7a:<\/li>\n<\/ul>\n<p>A pot\u00eancia de trabalho da m\u00e1quina de recozimento \u00e9 relativamente baixa, o que ajuda a poupar energia. E o design exclusivo pode garantir a seguran\u00e7a da opera\u00e7\u00e3o. <\/p>\n<ul>\n<li>A extremidade do recozimento \u00e9 limpa e suave:<\/li>\n<\/ul>\n<p>c\u00f3nico e espiral, o fio n\u00e3o se desfaz.<\/p>\n<ul>\n<li>Funcionando em conjunto com o dispositivo de exaust\u00e3o de fumos:<\/li>\n<\/ul>\n<p>A m\u00e1quina pode trabalhar em conjunto com o dispositivo de exaust\u00e3o de fumos para controlar e eliminar eficazmente o fumo e o p\u00f3 gerados durante o processo de soldadura, garantindo a limpeza e a seguran\u00e7a do ambiente de trabalho.<\/p>\n<ul>\n<li>Ampla gama de di\u00e2metro de recozimento:<\/li>\n<\/ul>\n<p>A m\u00e1quina de recozimento tem uma vasta gama de di\u00e2metro de fus\u00e3o e pode fundir cabos de a\u00e7o de 22 a 55 mm sem substituir qualquer pe\u00e7a. <span style=\"color: #ff0000;\">Caso necessite de fundir cabos de a\u00e7o de diferentes di\u00e2metros, tamb\u00e9m disponibilizamos outros modelos de m\u00e1quinas que podem satisfazer as suas necessidades.<\/span><\/p>\n<ul>\n<li>Design exclusivo de bra\u00e7adeira:<\/li>\n<\/ul>\n<p>A bra\u00e7adeira possui um design exclusivo para garantir que o cabo de a\u00e7o est\u00e1 firmemente fixo, melhorando a estabilidade e a seguran\u00e7a da opera\u00e7\u00e3o.<\/p>\n<\/div>\n<p><img decoding=\"async\" class=\"alignnone wp-image-366 \" src=\"https:\/\/zunzz.com\/wp-content\/uploads\/2023\/09\/Wire-Rope-Annealing-Machine-55mm-1.webp\" alt=\"M\u00e1quina de recozimento de cabo de a\u00e7o 55mm-1\" width=\"1000\" height=\"1333\" srcset=\"https:\/\/zunzz.com\/wp-content\/uploads\/2023\/09\/Wire-Rope-Annealing-Machine-55mm-1.webp 960w, https:\/\/zunzz.com\/wp-content\/uploads\/2023\/09\/Wire-Rope-Annealing-Machine-55mm-1-225x300.webp 225w, https:\/\/zunzz.com\/wp-content\/uploads\/2023\/09\/Wire-Rope-Annealing-Machine-55mm-1-768x1024.webp 768w, https:\/\/zunzz.com\/wp-content\/uploads\/2023\/09\/Wire-Rope-Annealing-Machine-55mm-1-600x800.webp 600w, https:\/\/zunzz.com\/wp-content\/uploads\/2023\/09\/Wire-Rope-Annealing-Machine-55mm-1-700x933.webp 700w\" sizes=\"(max-width: 1000px) 100vw, 1000px\" \/><\/p>\n<p><img decoding=\"async\" class=\"alignnone wp-image-368 \" src=\"https:\/\/zunzz.com\/wp-content\/uploads\/2023\/09\/Wire-Rope-Annealing-Machine-55mm-4.webp\" alt=\"M\u00e1quina de recozimento de cabo de a\u00e7o 55mm-4\" width=\"1000\" height=\"1333\" srcset=\"https:\/\/zunzz.com\/wp-content\/uploads\/2023\/09\/Wire-Rope-Annealing-Machine-55mm-4.webp 960w, https:\/\/zunzz.com\/wp-content\/uploads\/2023\/09\/Wire-Rope-Annealing-Machine-55mm-4-225x300.webp 225w, https:\/\/zunzz.com\/wp-content\/uploads\/2023\/09\/Wire-Rope-Annealing-Machine-55mm-4-768x1024.webp 768w, https:\/\/zunzz.com\/wp-content\/uploads\/2023\/09\/Wire-Rope-Annealing-Machine-55mm-4-600x800.webp 600w, https:\/\/zunzz.com\/wp-content\/uploads\/2023\/09\/Wire-Rope-Annealing-Machine-55mm-4-700x933.webp 700w\" sizes=\"(max-width: 1000px) 100vw, 1000px\" \/><\/p>\n<h3><\/h3>\n<h3>5. Outros par\u00e2metros da m\u00e1quina de corte e recozimento<\/h3>\n<div class=\"table-r\">\n<table width=\"100%\">\n<tbody>\n<tr>\n<td width=\"50%\">Doen\u00e7a\n<\/td>\n<td width=\"50%\">Novo em folha<\/td>\n<\/tr>\n<tr>\n<td width=\"50%\">Marca\n<\/td>\n<td width=\"50%\">Empresa de m\u00e1quinas de fisga de cabo de a\u00e7o Zunzz<\/td>\n<\/tr>\n<tr>\n<td width=\"50%\">Pa\u00eds\/Regi\u00e3o de Produ\u00e7\u00e3o\n<\/td>\n<td width=\"50%\">Baoding, China<\/td>\n<\/tr>\n<tr>\n<td width=\"50%\">Ano da primeira publica\u00e7\u00e3o\n<\/td>\n<td width=\"50%\">2001<\/td>\n<\/tr>\n<tr>\n<td width=\"50%\">Data de produ\u00e7\u00e3o\n<\/td>\n<td width=\"50%\">Hora do pedido<\/td>\n<\/tr>\n<tr>\n<td width=\"50%\">Per\u00edodo de garantia\n<\/td>\n<td width=\"50%\">1 ano<\/td>\n<\/tr>\n<tr>\n<td width=\"50%\">Quantidade (pe\u00e7as)\/prazo de entrega (dias)\n<\/td>\n<td width=\"50%\">1-1 (pe\u00e7as)\/35 (dias), 2-10 (pe\u00e7as)\/45 (dias), Mais de 10 (pe\u00e7as)\/a negociar<\/td>\n<\/tr>\n<tr>\n<td width=\"50%\">Cor\n<\/td>\n<td width=\"50%\">Vermelho ou personalizado<\/td>\n<\/tr>\n<tr>\n<td width=\"50%\">Detalhes da embalagem\n<\/td>\n<td width=\"50%\">Caixa de madeira<\/td>\n<\/tr>\n<tr>\n<td width=\"50%\">suporte de servi\u00e7o\n<\/td>\n<td width=\"50%\">Suporte remoto por telefone<\/td>\n<\/tr>\n<\/tbody>\n<\/table>\n<\/div>\n<p>&nbsp;<\/p>\n<p><img loading=\"lazy\" decoding=\"async\" class=\"alignnone wp-image-367 \" src=\"https:\/\/zunzz.com\/wp-content\/uploads\/2023\/09\/Wire-Rope-Annealing-Machine-55mm-3.webp\" alt=\"M\u00e1quina de recozimento de cabo de a\u00e7o 55mm-3\" width=\"1000\" height=\"1334\" srcset=\"https:\/\/zunzz.com\/wp-content\/uploads\/2023\/09\/Wire-Rope-Annealing-Machine-55mm-3.webp 810w, https:\/\/zunzz.com\/wp-content\/uploads\/2023\/09\/Wire-Rope-Annealing-Machine-55mm-3-225x300.webp 225w, https:\/\/zunzz.com\/wp-content\/uploads\/2023\/09\/Wire-Rope-Annealing-Machine-55mm-3-768x1024.webp 768w, https:\/\/zunzz.com\/wp-content\/uploads\/2023\/09\/Wire-Rope-Annealing-Machine-55mm-3-600x800.webp 600w, https:\/\/zunzz.com\/wp-content\/uploads\/2023\/09\/Wire-Rope-Annealing-Machine-55mm-3-700x933.webp 700w\" sizes=\"(max-width: 1000px) 100vw, 1000px\" \/><\/p>\n<p>As m\u00e1quinas foram exportadas para o Reino Unido, Dinamarca, It\u00e1lia, Marrocos, Ir\u00e3o, Indon\u00e9sia, \u00cdndia, Emirados \u00c1rabes Unidos, Singapura, Pol\u00f3nia, etc.<\/p>\n\n<div class=\"wpcf7 no-js\" id=\"wpcf7-f5525-o1\" lang=\"pt-PT\" dir=\"ltr\" data-wpcf7-id=\"5525\">\n<div class=\"screen-reader-response\"><p role=\"status\" aria-live=\"polite\" aria-atomic=\"true\"><\/p> <ul><\/ul><\/div>\n<form action=\"\/pt-pt\/wp-json\/wp\/v2\/product\/2866#wpcf7-f5525-o1\" method=\"post\" class=\"wpcf7-form init\" aria-label=\"Formul\u00e1rio de contacto\" novalidate=\"novalidate\" data-status=\"init\">\n<fieldset class=\"hidden-fields-container\"><input type=\"hidden\" name=\"_wpcf7\" value=\"5525\" \/><input type=\"hidden\" name=\"_wpcf7_version\" value=\"6.1.4\" \/><input type=\"hidden\" name=\"_wpcf7_locale\" value=\"pt_PT\" \/><input type=\"hidden\" name=\"_wpcf7_unit_tag\" value=\"wpcf7-f5525-o1\" \/><input type=\"hidden\" name=\"_wpcf7_container_post\" value=\"0\" \/><input type=\"hidden\" name=\"_wpcf7_posted_data_hash\" value=\"\" \/>\n<\/fieldset>\n<div class=\"wpcf7-turnstile cf-turnstile\" data-sitekey=\"0x4AAAAAACHlhHyKtoljFN8P\" data-response-field-name=\"_wpcf7_turnstile_response\"><\/div>\n\n<p>\n    <\/p><h4 style=\"color:#333333;font-size:20px;font-family:\"background-color:#FFFFFF;font-weight:normal !important;\">\n        <span style=\"color:red;\">Envia-nos os teus pedidos - responderemos no prazo de 24 horas<\/span>\n    <\/h4>\n\n\n<div class=\"row\" style=\"display:flex; flex-wrap:wrap; width:100%;\">\n\n    <!-- Name -->\n    <div style=\"width:40%; padding-right:10px; box-sizing:border-box;\">\n        <div class=\"form-group\" style=\"margin-bottom:15px;\">\n <span class=\"wpcf7-form-control-wrap\" data-name=\"your-name\"><input size=\"40\" maxlength=\"400\" class=\"wpcf7-form-control wpcf7-text wpcf7-validates-as-required\" aria-required=\"true\" aria-invalid=\"false\" placeholder=\"O seu nome *\" value=\"\" type=\"text\" name=\"your-name\" \/><\/span>\n        <\/div>\n    <\/div>\n\n    <!-- Email -->\n    <div style=\"width:60%; padding-left:10px; box-sizing:border-box;\">\n        <div class=\"form-group\" style=\"margin-bottom:15px;\">\n <span class=\"wpcf7-form-control-wrap\" data-name=\"your-email\"><input size=\"40\" maxlength=\"400\" class=\"wpcf7-form-control wpcf7-email wpcf7-validates-as-required wpcf7-text wpcf7-validates-as-email\" aria-required=\"true\" aria-invalid=\"false\" placeholder=\"Endere\u00e7o de correio eletr\u00f3nico *\" value=\"\" type=\"email\" name=\"your-email\" \/><\/span>\n        <\/div>\n    <\/div>\n\n    <!-- Message -->\n    <div style=\"width:100%; box-sizing:border-box;\">\n        <div class=\"form-group\" style=\"margin-bottom:15px;\">\n            <span class=\"wpcf7-form-control-wrap\" data-name=\"your-message\"><textarea cols=\"30\" rows=\"4\" maxlength=\"2000\" class=\"wpcf7-form-control wpcf7-textarea\" aria-invalid=\"false\" placeholder=\"Por favor, escreva aqui a sua mensagem.\" name=\"your-message\"><\/textarea><\/span>\n        <\/div>\n    <\/div>\n\n    <!-- Submit -->\n    <div style=\"width:100%; box-sizing:border-box;\">\n        <input class=\"wpcf7-form-control wpcf7-submit has-spinner btn btn-default\" type=\"submit\" value=\"Envie-nos uma mensagem e solicite um or\u00e7amento\" \/>\n    <\/div>\n\n<\/div><div class=\"wpcf7-response-output\" aria-hidden=\"true\"><\/div>\n<\/form>\n<\/div>\n\n","protected":false},"excerpt":{"rendered":"<div class=\"table-r\">\n<table width=\"100%\">\n<tbody>\n<tr>\n<td width=\"50%\">Modelo:\n<\/td>\n<td width=\"50%\">RDJ-175<\/td>\n<\/tr>\n<tr>\n<td width=\"50%\">M\u00e1x. cabo de a\u00e7o:<\/td>\n<td width=\"50%\">55mm<\/td>\n<\/tr>\n<tr>\n<td width=\"50%\">Poder:\n<\/td>\n<td width=\"50%\">175 kW<\/td>\n<\/tr>\n<tr>\n<td width=\"50%\">Dimens\u00f5es:\n<\/td>\n<td width=\"50%\">1100mm*640mm*1500mm<\/td>\n<\/tr>\n<tr>\n<td width=\"50%\">Peso:\n<\/td>\n<td width=\"50%\">750kg<\/td>\n<\/tr>\n<\/tbody>\n<\/table>\n<p><strong>Idioma dispon\u00edvel:<\/strong>[wpml_language_selector_widget]<\/p>\n[contact-form-7 id=\"055e9b5\" title=\"Contact form 2\"]\n<\/div>\n","protected":false},"featured_media":2867,"comment_status":"open","ping_status":"closed","template":"","meta":[],"product_brand":[],"product_cat":[207],"product_tag":[345],"class_list":{"0":"post-2866","1":"product","2":"type-product","3":"status-publish","4":"has-post-thumbnail","6":"product_cat-wire-rope-annealing-machine","7":"product_tag-wire-rope-annealing-machine","9":"first","10":"instock","11":"taxable","12":"shipping-taxable","13":"product-type-simple"},"yoast_head":"<!-- This site is optimized with the Yoast SEO plugin v26.8 - https:\/\/yoast.com\/product\/yoast-seo-wordpress\/ -->\n<title>M\u00e1quina de recozimento de cabo de a\u00e7o 55mm<\/title>\n<meta name=\"description\" content=\"M\u00e1quina de recozimento de cabo de a\u00e7o para cabo de a\u00e7o 22-55mm. A m\u00e1quina pode trabalhar em conjunto com exaust\u00e3o de fuma\u00e7a. Outras faixas de cabos de a\u00e7o podem ser feitas conforme solicitado.\" \/>\n<meta name=\"robots\" content=\"index, follow, max-snippet:-1, max-image-preview:large, max-video-preview:-1\" \/>\n<link rel=\"canonical\" href=\"https:\/\/zunzz.com\/pt-pt\/product\/wire-rope-annealing-machine\/\" \/>\n<meta property=\"og:locale\" content=\"pt_PT\" \/>\n<meta property=\"og:type\" content=\"article\" \/>\n<meta property=\"og:title\" content=\"M\u00e1quina de recozimento de cabo de a\u00e7o 55mm\" \/>\n<meta property=\"og:description\" content=\"M\u00e1quina de recozimento de cabo de a\u00e7o para cabo de a\u00e7o 22-55mm. A m\u00e1quina pode trabalhar em conjunto com exaust\u00e3o de fuma\u00e7a. Outras faixas de cabos de a\u00e7o podem ser feitas conforme solicitado.\" \/>\n<meta property=\"og:url\" content=\"https:\/\/zunzz.com\/pt-pt\/product\/wire-rope-annealing-machine\/\" \/>\n<meta property=\"og:site_name\" content=\"Zunzz Wire Rope Sling Machine Company\" \/>\n<meta property=\"article:modified_time\" content=\"2025-12-14T03:25:22+00:00\" \/>\n<meta property=\"og:image\" content=\"https:\/\/zunzz.com\/wp-content\/uploads\/2023\/09\/Wire-Rope-Annealing-Machine-55mm-2.webp\" \/>\n\t<meta property=\"og:image:width\" content=\"1000\" \/>\n\t<meta property=\"og:image:height\" content=\"1000\" \/>\n\t<meta property=\"og:image:type\" content=\"image\/webp\" \/>\n<meta name=\"twitter:card\" content=\"summary_large_image\" \/>\n<meta name=\"twitter:label1\" content=\"Tempo estimado de leitura\" \/>\n\t<meta name=\"twitter:data1\" content=\"5 minutos\" \/>\n<script type=\"application\/ld+json\" class=\"yoast-schema-graph\">{\"@context\":\"https:\/\/schema.org\",\"@graph\":[{\"@type\":\"WebPage\",\"@id\":\"https:\/\/zunzz.com\/pt-pt\/product\/wire-rope-annealing-machine\/\",\"url\":\"https:\/\/zunzz.com\/pt-pt\/product\/wire-rope-annealing-machine\/\",\"name\":\"M\u00e1quina de recozimento de cabo de a\u00e7o 55mm\",\"isPartOf\":{\"@id\":\"https:\/\/zunzz.com\/pt-pt\/#website\"},\"primaryImageOfPage\":{\"@id\":\"https:\/\/zunzz.com\/pt-pt\/product\/wire-rope-annealing-machine\/#primaryimage\"},\"image\":{\"@id\":\"https:\/\/zunzz.com\/pt-pt\/product\/wire-rope-annealing-machine\/#primaryimage\"},\"thumbnailUrl\":\"https:\/\/zunzz.com\/wp-content\/uploads\/2023\/09\/Wire-Rope-Annealing-Machine-55mm-2.webp\",\"datePublished\":\"2025-12-13T02:04:06+00:00\",\"dateModified\":\"2025-12-14T03:25:22+00:00\",\"description\":\"M\u00e1quina de recozimento de cabo de a\u00e7o para cabo de a\u00e7o 22-55mm. A m\u00e1quina pode trabalhar em conjunto com exaust\u00e3o de fuma\u00e7a. Outras faixas de cabos de a\u00e7o podem ser feitas conforme solicitado.\",\"breadcrumb\":{\"@id\":\"https:\/\/zunzz.com\/pt-pt\/product\/wire-rope-annealing-machine\/#breadcrumb\"},\"inLanguage\":\"pt-PT\",\"potentialAction\":[{\"@type\":\"ReadAction\",\"target\":[\"https:\/\/zunzz.com\/pt-pt\/product\/wire-rope-annealing-machine\/\"]}]},{\"@type\":\"ImageObject\",\"inLanguage\":\"pt-PT\",\"@id\":\"https:\/\/zunzz.com\/pt-pt\/product\/wire-rope-annealing-machine\/#primaryimage\",\"url\":\"https:\/\/zunzz.com\/wp-content\/uploads\/2023\/09\/Wire-Rope-Annealing-Machine-55mm-2.webp\",\"contentUrl\":\"https:\/\/zunzz.com\/wp-content\/uploads\/2023\/09\/Wire-Rope-Annealing-Machine-55mm-2.webp\",\"width\":1000,\"height\":1000,\"caption\":\"M\u00e1quina de recozimento de cabo de a\u00e7o 55mm-2\"},{\"@type\":\"BreadcrumbList\",\"@id\":\"https:\/\/zunzz.com\/pt-pt\/product\/wire-rope-annealing-machine\/#breadcrumb\",\"itemListElement\":[{\"@type\":\"ListItem\",\"position\":1,\"name\":\"Home\",\"item\":\"https:\/\/zunzz.com\/pt-pt\/home\/\"},{\"@type\":\"ListItem\",\"position\":2,\"name\":\"Shop\",\"item\":\"https:\/\/zunzz.com\/bg\/shop\/\"},{\"@type\":\"ListItem\",\"position\":3,\"name\":\"M\u00e1quina de recozimento de cabo de a\u00e7o 55mm\"}]},{\"@type\":\"WebSite\",\"@id\":\"https:\/\/zunzz.com\/pt-pt\/#website\",\"url\":\"https:\/\/zunzz.com\/pt-pt\/\",\"name\":\"Zunzz Wire Rope Sling Machine Company\",\"description\":\"Zunzz Wire Rope Sling Machine Company is a leading manufacturer of wire rope sling machines and related products.\",\"publisher\":{\"@id\":\"https:\/\/zunzz.com\/pt-pt\/#organization\"},\"potentialAction\":[{\"@type\":\"SearchAction\",\"target\":{\"@type\":\"EntryPoint\",\"urlTemplate\":\"https:\/\/zunzz.com\/pt-pt\/?s={search_term_string}\"},\"query-input\":{\"@type\":\"PropertyValueSpecification\",\"valueRequired\":true,\"valueName\":\"search_term_string\"}}],\"inLanguage\":\"pt-PT\"},{\"@type\":\"Organization\",\"@id\":\"https:\/\/zunzz.com\/pt-pt\/#organization\",\"name\":\"Zunzz Wire Rope Sling Machine Company\",\"url\":\"https:\/\/zunzz.com\/pt-pt\/\",\"logo\":{\"@type\":\"ImageObject\",\"inLanguage\":\"pt-PT\",\"@id\":\"https:\/\/zunzz.com\/pt-pt\/#\/schema\/logo\/image\/\",\"url\":\"https:\/\/zunzz.com\/wp-content\/uploads\/2023\/09\/Logo.png\",\"contentUrl\":\"https:\/\/zunzz.com\/wp-content\/uploads\/2023\/09\/Logo.png\",\"width\":171,\"height\":133,\"caption\":\"Zunzz Wire Rope Sling Machine Company\"},\"image\":{\"@id\":\"https:\/\/zunzz.com\/pt-pt\/#\/schema\/logo\/image\/\"}}]}<\/script>\n<!-- \/ Yoast SEO plugin. -->","yoast_head_json":{"title":"M\u00e1quina de recozimento de cabo de a\u00e7o 55mm","description":"M\u00e1quina de recozimento de cabo de a\u00e7o para cabo de a\u00e7o 22-55mm. A m\u00e1quina pode trabalhar em conjunto com exaust\u00e3o de fuma\u00e7a. Outras faixas de cabos de a\u00e7o podem ser feitas conforme solicitado.","robots":{"index":"index","follow":"follow","max-snippet":"max-snippet:-1","max-image-preview":"max-image-preview:large","max-video-preview":"max-video-preview:-1"},"canonical":"https:\/\/zunzz.com\/pt-pt\/product\/wire-rope-annealing-machine\/","og_locale":"pt_PT","og_type":"article","og_title":"M\u00e1quina de recozimento de cabo de a\u00e7o 55mm","og_description":"M\u00e1quina de recozimento de cabo de a\u00e7o para cabo de a\u00e7o 22-55mm. A m\u00e1quina pode trabalhar em conjunto com exaust\u00e3o de fuma\u00e7a. Outras faixas de cabos de a\u00e7o podem ser feitas conforme solicitado.","og_url":"https:\/\/zunzz.com\/pt-pt\/product\/wire-rope-annealing-machine\/","og_site_name":"Zunzz Wire Rope Sling Machine Company","article_modified_time":"2025-12-14T03:25:22+00:00","og_image":[{"width":1000,"height":1000,"url":"https:\/\/zunzz.com\/wp-content\/uploads\/2023\/09\/Wire-Rope-Annealing-Machine-55mm-2.webp","type":"image\/webp"}],"twitter_card":"summary_large_image","twitter_misc":{"Tempo estimado de leitura":"5 minutos"},"schema":{"@context":"https:\/\/schema.org","@graph":[{"@type":"WebPage","@id":"https:\/\/zunzz.com\/pt-pt\/product\/wire-rope-annealing-machine\/","url":"https:\/\/zunzz.com\/pt-pt\/product\/wire-rope-annealing-machine\/","name":"M\u00e1quina de recozimento de cabo de a\u00e7o 55mm","isPartOf":{"@id":"https:\/\/zunzz.com\/pt-pt\/#website"},"primaryImageOfPage":{"@id":"https:\/\/zunzz.com\/pt-pt\/product\/wire-rope-annealing-machine\/#primaryimage"},"image":{"@id":"https:\/\/zunzz.com\/pt-pt\/product\/wire-rope-annealing-machine\/#primaryimage"},"thumbnailUrl":"https:\/\/zunzz.com\/wp-content\/uploads\/2023\/09\/Wire-Rope-Annealing-Machine-55mm-2.webp","datePublished":"2025-12-13T02:04:06+00:00","dateModified":"2025-12-14T03:25:22+00:00","description":"M\u00e1quina de recozimento de cabo de a\u00e7o para cabo de a\u00e7o 22-55mm. A m\u00e1quina pode trabalhar em conjunto com exaust\u00e3o de fuma\u00e7a. Outras faixas de cabos de a\u00e7o podem ser feitas conforme solicitado.","breadcrumb":{"@id":"https:\/\/zunzz.com\/pt-pt\/product\/wire-rope-annealing-machine\/#breadcrumb"},"inLanguage":"pt-PT","potentialAction":[{"@type":"ReadAction","target":["https:\/\/zunzz.com\/pt-pt\/product\/wire-rope-annealing-machine\/"]}]},{"@type":"ImageObject","inLanguage":"pt-PT","@id":"https:\/\/zunzz.com\/pt-pt\/product\/wire-rope-annealing-machine\/#primaryimage","url":"https:\/\/zunzz.com\/wp-content\/uploads\/2023\/09\/Wire-Rope-Annealing-Machine-55mm-2.webp","contentUrl":"https:\/\/zunzz.com\/wp-content\/uploads\/2023\/09\/Wire-Rope-Annealing-Machine-55mm-2.webp","width":1000,"height":1000,"caption":"M\u00e1quina de recozimento de cabo de a\u00e7o 55mm-2"},{"@type":"BreadcrumbList","@id":"https:\/\/zunzz.com\/pt-pt\/product\/wire-rope-annealing-machine\/#breadcrumb","itemListElement":[{"@type":"ListItem","position":1,"name":"Home","item":"https:\/\/zunzz.com\/pt-pt\/home\/"},{"@type":"ListItem","position":2,"name":"Shop","item":"https:\/\/zunzz.com\/bg\/shop\/"},{"@type":"ListItem","position":3,"name":"M\u00e1quina de recozimento de cabo de a\u00e7o 55mm"}]},{"@type":"WebSite","@id":"https:\/\/zunzz.com\/pt-pt\/#website","url":"https:\/\/zunzz.com\/pt-pt\/","name":"Zunzz Wire Rope Sling Machine Company","description":"Zunzz Wire Rope Sling Machine Company is a leading manufacturer of wire rope sling machines and related products.","publisher":{"@id":"https:\/\/zunzz.com\/pt-pt\/#organization"},"potentialAction":[{"@type":"SearchAction","target":{"@type":"EntryPoint","urlTemplate":"https:\/\/zunzz.com\/pt-pt\/?s={search_term_string}"},"query-input":{"@type":"PropertyValueSpecification","valueRequired":true,"valueName":"search_term_string"}}],"inLanguage":"pt-PT"},{"@type":"Organization","@id":"https:\/\/zunzz.com\/pt-pt\/#organization","name":"Zunzz Wire Rope Sling Machine Company","url":"https:\/\/zunzz.com\/pt-pt\/","logo":{"@type":"ImageObject","inLanguage":"pt-PT","@id":"https:\/\/zunzz.com\/pt-pt\/#\/schema\/logo\/image\/","url":"https:\/\/zunzz.com\/wp-content\/uploads\/2023\/09\/Logo.png","contentUrl":"https:\/\/zunzz.com\/wp-content\/uploads\/2023\/09\/Logo.png","width":171,"height":133,"caption":"Zunzz Wire Rope Sling Machine Company"},"image":{"@id":"https:\/\/zunzz.com\/pt-pt\/#\/schema\/logo\/image\/"}}]}},"_links":{"self":[{"href":"https:\/\/zunzz.com\/pt-pt\/wp-json\/wp\/v2\/product\/2866","targetHints":{"allow":["GET"]}}],"collection":[{"href":"https:\/\/zunzz.com\/pt-pt\/wp-json\/wp\/v2\/product"}],"about":[{"href":"https:\/\/zunzz.com\/pt-pt\/wp-json\/wp\/v2\/types\/product"}],"replies":[{"embeddable":true,"href":"https:\/\/zunzz.com\/pt-pt\/wp-json\/wp\/v2\/comments?post=2866"}],"wp:featuredmedia":[{"embeddable":true,"href":"https:\/\/zunzz.com\/pt-pt\/wp-json\/wp\/v2\/media\/2867"}],"wp:attachment":[{"href":"https:\/\/zunzz.com\/pt-pt\/wp-json\/wp\/v2\/media?parent=2866"}],"wp:term":[{"taxonomy":"product_brand","embeddable":true,"href":"https:\/\/zunzz.com\/pt-pt\/wp-json\/wp\/v2\/product_brand?post=2866"},{"taxonomy":"product_cat","embeddable":true,"href":"https:\/\/zunzz.com\/pt-pt\/wp-json\/wp\/v2\/product_cat?post=2866"},{"taxonomy":"product_tag","embeddable":true,"href":"https:\/\/zunzz.com\/pt-pt\/wp-json\/wp\/v2\/product_tag?post=2866"}],"curies":[{"name":"wp","href":"https:\/\/api.w.org\/{rel}","templated":true}]}}