{"id":2816,"date":"2025-12-13T05:13:39","date_gmt":"2025-12-13T05:13:39","guid":{"rendered":"https:\/\/zunzz.com\/product\/prensa-de-cabo-de-aco-150t\/"},"modified":"2025-12-20T13:17:43","modified_gmt":"2025-12-20T13:17:43","slug":"wire-rope-press-machine","status":"publish","type":"product","link":"https:\/\/zunzz.com\/pt-pt\/product\/wire-rope-press-machine\/","title":{"rendered":"Prensa de cabo de a\u00e7o 150T"},"content":{"rendered":"<h3>1.Sobre a prensa de cabos de a\u00e7o<\/h3>\n<p>A <strong>m\u00e1quina de prensagem de cabos de a\u00e7o<\/strong> \u00e9 um novo equipamento desenvolvido de forma independente pela empresa Zunzz em 2001. Utilizamos componentes de alta qualidade de marcas l\u00edderes para garantir excelente confiabilidade e durabilidade. <\/p>\n<p>\u00c9 fabricado em liga de a\u00e7o de alta qualidade e \u00e9 reconhecido pelos clientes pela sua baixa taxa de falhas, funcionamento suave, alta efici\u00eancia, baixo ru\u00eddo e estrutura compacta.<br \/>\nPor conseguinte, \u00e9 amplamente utilizado na siderurgia, constru\u00e7\u00e3o naval, centrais el\u00e9tricas, portos, transportes, constru\u00e7\u00e3o e outras ind\u00fastrias.<\/p>\n<p>O processo tradicional de emenda de lingas de cabo de a\u00e7o requer a inser\u00e7\u00e3o de uma luva met\u00e1lica na extremidade do cabo de a\u00e7o. E depois pressionando e consertando. Este processo pode facilmente causar danos internos no cabo de a\u00e7o.  <\/p>\n<p>A tecnologia de conforma\u00e7\u00e3o sem corte utilizada pela prensa hidr\u00e1ulica de cabos de a\u00e7o n\u00e3o requer a inser\u00e7\u00e3o de luvas met\u00e1licas durante o processo de prensagem. Em vez disso, o cabo de a\u00e7o \u00e9 colocado diretamente no molde e \u00e9 aplicada press\u00e3o atrav\u00e9s do sistema hidr\u00e1ulico. <\/p>\n<p>O metal na cavidade da matriz \u00e9 totalmente combinado e o cabo de a\u00e7o \u00e9 fixado aos acess\u00f3rios. Este m\u00e9todo reduz os danos no interior do cabo de a\u00e7o, pode manter melhor a resist\u00eancia e durabilidade do cabo de a\u00e7o e prolonga a sua vida \u00fatil. <\/p>\n<h3>2. Par\u00e2metro<\/h3>\n<div class=\"table-r\">\n<table width=\"100%\">\n<tbody>\n<tr>\n<td width=\"50%\">Capacidade\n<\/td>\n<td width=\"50%\">1500kN<\/td>\n<\/tr>\n<tr>\n<td width=\"50%\">Gama de estampagem\n<\/td>\n<td width=\"50%\">6-16 mm<\/td>\n<\/tr>\n<tr>\n<td width=\"50%\">Multi-imprensa\n<\/td>\n<td width=\"50%\">20mm<\/td>\n<\/tr>\n<tr>\n<td width=\"50%\">M\u00e1x. Press\u00e3o do \u00f3leo<\/td>\n<td width=\"50%\">63Mpa<\/td>\n<\/tr>\n<tr>\n<td width=\"50%\">Controlar a press\u00e3o do \u00f3leo\n<\/td>\n<td width=\"50%\">7 MPa<\/td>\n<\/tr>\n<tr>\n<td width=\"50%\">Curso de trabalho\n<\/td>\n<td width=\"50%\">50mm<\/td>\n<\/tr>\n<tr>\n<td width=\"50%\">Velocidade ascendente\n<\/td>\n<td width=\"50%\">9,8 mm\/s<\/td>\n<\/tr>\n<\/tbody>\n<\/table>\n<\/div>\n<p>&nbsp;<\/p>\n<p><iframe title=\"wire rope swaging machine\" width=\"1060\" height=\"596\" src=\"https:\/\/www.youtube.com\/embed\/Gn9A0sCPr0Y?feature=oembed\" frameborder=\"0\" allow=\"accelerometer; autoplay; clipboard-write; encrypted-media; gyroscope; picture-in-picture; web-share\" referrerpolicy=\"strict-origin-when-cross-origin\" allowfullscreen><\/iframe><\/p>\n<h3>3.As caracter\u00edsticas da prensa de cabos de a\u00e7o:<\/h3>\n<p><strong>Alta resist\u00eancia, boa concentricidade e superf\u00edcie lisa da linga prensada:<\/strong> \u00c9 utilizada uma tecnologia de prensagem avan\u00e7ada para garantir que a linga de cabo de a\u00e7o prensado tem uma elevada resist\u00eancia, boa concentricidade e uma superf\u00edcie lisa.<\/p>\n<p><strong>For\u00e7a uniforme, prensagem est\u00e1vel, longa vida \u00fatil, pouca manuten\u00e7\u00e3o:<\/strong> O design da m\u00e1quina \u00e9 razo\u00e1vel e a for\u00e7a \u00e9 uniforme durante o processo de prensagem, garantindo a qualidade e vida \u00fatil da linga e reduzindo o n\u00famero de tempos e custos de manuten\u00e7\u00e3o.<\/p>\n<p><strong>O sistema de fornecimento de \u00f3leo tem um elevado desempenho de veda\u00e7\u00e3o, \u00e9 seguro, fi\u00e1vel e dur\u00e1vel:<\/strong> o sistema de bomba de \u00f3leo utiliza bombas de alta e baixa press\u00e3o para fornecer \u00f3leo, e a m\u00e1quina tem um desempenho de veda\u00e7\u00e3o extremamente elevado, tornando-a mais segura, fi\u00e1vel e dur\u00e1vel.<\/p>\n<p><strong>Design de molde redondo, posicionamento autom\u00e1tico, conveniente para substituir diferentes moldes:<\/strong> O design de molde redondo pode realizar o posicionamento autom\u00e1tico, a substitui\u00e7\u00e3o conveniente e r\u00e1pida de diferentes moldes, melhorando a efici\u00eancia da produ\u00e7\u00e3o e a prensagem de um fio de a\u00e7o pode ser conclu\u00edda em apenas alguns minutos. <strong>As matrizes do bloco tamb\u00e9m podem ser fornecidas.<\/strong><\/p>\n<p><strong>O pist\u00e3o pode parar em qualquer posi\u00e7\u00e3o:<\/strong> O pist\u00e3o foi concebido para ser flex\u00edvel e pode parar em qualquer posi\u00e7\u00e3o para facilitar a opera\u00e7\u00e3o e o ajuste.<\/p>\n<p><strong>Tecnologia avan\u00e7ada, aspeto bonito:<\/strong> Feito com tecnologia avan\u00e7ada, aspeto bonito, alinhado com a est\u00e9tica industrial moderna e os requisitos ergon\u00f3micos.<\/p>\n<p><strong>Poupe cabo de a\u00e7o: <\/strong>A utiliza\u00e7\u00e3o de cabo de a\u00e7o \u00e9 poupada durante o processo de prensagem, poupando custos aos clientes.<\/p>\n<h3><img fetchpriority=\"high\" decoding=\"async\" class=\"alignnone wp-image-373 \" src=\"https:\/\/zunzz.com\/wp-content\/uploads\/2023\/09\/Wire-Rope-Press-Machine-150T-3.webp\" alt=\"Prensa de cabo de a\u00e7o 150T-3\" width=\"1080\" height=\"1080\" srcset=\"https:\/\/zunzz.com\/wp-content\/uploads\/2023\/09\/Wire-Rope-Press-Machine-150T-3.webp 1024w, https:\/\/zunzz.com\/wp-content\/uploads\/2023\/09\/Wire-Rope-Press-Machine-150T-3-300x300.webp 300w, https:\/\/zunzz.com\/wp-content\/uploads\/2023\/09\/Wire-Rope-Press-Machine-150T-3-150x150.webp 150w, https:\/\/zunzz.com\/wp-content\/uploads\/2023\/09\/Wire-Rope-Press-Machine-150T-3-768x768.webp 768w, https:\/\/zunzz.com\/wp-content\/uploads\/2023\/09\/Wire-Rope-Press-Machine-150T-3-570x570.webp 570w, https:\/\/zunzz.com\/wp-content\/uploads\/2023\/09\/Wire-Rope-Press-Machine-150T-3-500x500.webp 500w, https:\/\/zunzz.com\/wp-content\/uploads\/2023\/09\/Wire-Rope-Press-Machine-150T-3-1000x1000.webp 1000w, https:\/\/zunzz.com\/wp-content\/uploads\/2023\/09\/Wire-Rope-Press-Machine-150T-3-700x700.webp 700w, https:\/\/zunzz.com\/wp-content\/uploads\/2023\/09\/Wire-Rope-Press-Machine-150T-3-650x650.webp 650w, https:\/\/zunzz.com\/wp-content\/uploads\/2023\/09\/Wire-Rope-Press-Machine-150T-3-600x600.webp 600w, https:\/\/zunzz.com\/wp-content\/uploads\/2023\/09\/Wire-Rope-Press-Machine-150T-3-100x100.webp 100w\" sizes=\"(max-width: 1080px) 100vw, 1080px\" \/><\/h3>\n<h3><img decoding=\"async\" class=\"alignnone wp-image-372 size-full\" src=\"https:\/\/zunzz.com\/wp-content\/uploads\/2023\/09\/Wire-Rope-Press-Machine-150T-2.webp\" alt=\"Prensa de cabo de a\u00e7o 150T-2\" width=\"1080\" height=\"1440\" srcset=\"https:\/\/zunzz.com\/wp-content\/uploads\/2023\/09\/Wire-Rope-Press-Machine-150T-2.webp 1080w, https:\/\/zunzz.com\/wp-content\/uploads\/2023\/09\/Wire-Rope-Press-Machine-150T-2-225x300.webp 225w, https:\/\/zunzz.com\/wp-content\/uploads\/2023\/09\/Wire-Rope-Press-Machine-150T-2-768x1024.webp 768w, https:\/\/zunzz.com\/wp-content\/uploads\/2023\/09\/Wire-Rope-Press-Machine-150T-2-600x800.webp 600w, https:\/\/zunzz.com\/wp-content\/uploads\/2023\/09\/Wire-Rope-Press-Machine-150T-2-700x933.webp 700w\" sizes=\"(max-width: 1080px) 100vw, 1080px\" \/><\/h3>\n<h3>4. Etapas operacionais da prensa de cabos de a\u00e7o hidr\u00e1ulico:<\/h3>\n<p><strong>Fixar o molde:<\/strong> Instala\u00e7\u00e3o dos moldes.<\/p>\n<p><strong>Ajustar a press\u00e3o:<\/strong> Ajuste a m\u00e1quina para aplicar a press\u00e3o adequada de acordo com os requisitos do cabo de a\u00e7o.<\/p>\n<p><strong>Opera\u00e7\u00e3o ascendente:<\/strong> Coloque a manga do cabo de a\u00e7o verticalmente no meio do molde. Pressione o interruptor do pedal para cima e o pist\u00e3o come\u00e7ar\u00e1 a subir. Quando o pist\u00e3o sobe at\u00e9 uma determinada press\u00e3o, a luz indicadora de aumento acende e a m\u00e1quina p\u00e1ra automaticamente e completa a prensagem.  <\/p>\n<p><strong>Opera\u00e7\u00e3o de descida:<\/strong> Ap\u00f3s completar a prensagem, pressione o interruptor de descida e o pist\u00e3o cair\u00e1. A luz indicadora de descida acender\u00e1, indicando que o pist\u00e3o est\u00e1 a baixar. Ap\u00f3s o pist\u00e3o ter descido completamente, retire o cabo prensado.  <\/p>\n<h3><img decoding=\"async\" class=\"alignnone wp-image-371 size-full\" src=\"https:\/\/zunzz.com\/wp-content\/uploads\/2023\/09\/Wire-Rope-Press-Machine-150T-1.webp\" alt=\"Prensa de cabo de a\u00e7o 150T-1\" width=\"1080\" height=\"1440\" srcset=\"https:\/\/zunzz.com\/wp-content\/uploads\/2023\/09\/Wire-Rope-Press-Machine-150T-1.webp 1080w, https:\/\/zunzz.com\/wp-content\/uploads\/2023\/09\/Wire-Rope-Press-Machine-150T-1-225x300.webp 225w, https:\/\/zunzz.com\/wp-content\/uploads\/2023\/09\/Wire-Rope-Press-Machine-150T-1-768x1024.webp 768w, https:\/\/zunzz.com\/wp-content\/uploads\/2023\/09\/Wire-Rope-Press-Machine-150T-1-600x800.webp 600w, https:\/\/zunzz.com\/wp-content\/uploads\/2023\/09\/Wire-Rope-Press-Machine-150T-1-700x933.webp 700w\" sizes=\"(max-width: 1080px) 100vw, 1080px\" \/><\/h3>\n<p><img loading=\"lazy\" decoding=\"async\" class=\"alignnone wp-image-374 size-full\" src=\"https:\/\/zunzz.com\/wp-content\/uploads\/2023\/09\/Wire-Rope-Press-Machine-150T-4.webp\" alt=\"Prensa de cabo de a\u00e7o 150T-4\" width=\"1080\" height=\"1440\" srcset=\"https:\/\/zunzz.com\/wp-content\/uploads\/2023\/09\/Wire-Rope-Press-Machine-150T-4.webp 1080w, https:\/\/zunzz.com\/wp-content\/uploads\/2023\/09\/Wire-Rope-Press-Machine-150T-4-225x300.webp 225w, https:\/\/zunzz.com\/wp-content\/uploads\/2023\/09\/Wire-Rope-Press-Machine-150T-4-768x1024.webp 768w, https:\/\/zunzz.com\/wp-content\/uploads\/2023\/09\/Wire-Rope-Press-Machine-150T-4-600x800.webp 600w, https:\/\/zunzz.com\/wp-content\/uploads\/2023\/09\/Wire-Rope-Press-Machine-150T-4-700x933.webp 700w\" sizes=\"(max-width: 1080px) 100vw, 1080px\" \/><\/p>\n<h3>5. Perguntas frequentes:<\/h3>\n<p><strong>1. O que \u00e9 o servi\u00e7o p\u00f3s-venda?<\/strong><br \/>\nO servi\u00e7o p\u00f3s-venda refere-se aos servi\u00e7os de suporte e manuten\u00e7\u00e3o prestados ap\u00f3s os clientes adquirirem os produtos, incluindo garantia e manuten\u00e7\u00e3o, etc. Oferecemos uma garantia de 24 horas e servi\u00e7os de manuten\u00e7\u00e3o vital\u00edcia do produto durante 12 meses. <\/p>\n<p><strong>2.Se nunca usei uma prensa antes, como instalo e opero a m\u00e1quina?<\/strong><br \/>\nsem problemas! Forneceremos um manual do utilizador com os passos detalhados de instala\u00e7\u00e3o e opera\u00e7\u00e3o para facilitar o arranque. <\/p>\n<p><strong>3.\u00ba Devo ver a m\u00e1quina a funcionar antes de fazer o pedido?<\/strong><br \/>\num. Pode enviar uma consulta e verificaremos se existe uma m\u00e1quina de exibi\u00e7\u00e3o de clientes no seu pa\u00eds.<x id=\"gid_0\"><\/x>b. Bem-vindo \u00e0 nossa f\u00e1brica, iremos ensinar-lhe pessoalmente como operar.<br \/>\nc. Caso n\u00e3o seja conveniente estar presente, podemos tamb\u00e9m mostrar o processo de funcionamento da m\u00e1quina atrav\u00e9s de v\u00eddeo.   <\/p>\n<p><strong>4.Se fizer um pedido, quanto tempo demora uma m\u00e1quina a ser conclu\u00edda?<\/strong><br \/>\nNormalmente, o prazo de entrega \u00e9 de 45 dias. Se tivermos em stock as m\u00e1quinas e os moldes de que necessita, poderemos envi\u00e1-los dentro de 7 a 10 dias ap\u00f3s receber o seu pagamento. <\/p>\n<p><strong>5.\u00ba \u00c9 uma empresa comercial ou uma f\u00e1brica?<br \/>\n<\/strong>Somos um fabricante profissional de <strong>m\u00e1quina de prensagem de cabo de a\u00e7o<\/strong> e <strong>m\u00e1quina de recozimento de cabo de a\u00e7o<\/strong> com 20 anos de experi\u00eancia. Todos os produtos s\u00e3o produzidos na nossa pr\u00f3pria f\u00e1brica. <\/p>\n<p><strong>6.\u00ba Tem outros modelos de m\u00e1quinas de cravar cabos de a\u00e7o?<br \/>\n<\/strong>Temos ainda 350T, <a title=\"M\u00e1quina de prensagem de cabo de a\u00e7o 600T\" href=\"https:\/\/zunzz.com\/pt-pt\/product\/wire-rope-pressing-machine\/\">M\u00e1quina de prensagem de cabo de a\u00e7o 600T<\/a>, 1000T, 1500T, 3000T, 5000T.<\/p>\n<p><strong>7.De que forma entrar em contacto com as vendas?<\/strong><br \/>\nPode entrar em contacto connosco preenchendo o formul\u00e1rio de mensagem e a nossa equipa de vendas entrar\u00e1 em contacto consigo o mais breve poss\u00edvel.<\/p>\n\n<div class=\"wpcf7 no-js\" id=\"wpcf7-f5525-o1\" lang=\"pt-PT\" dir=\"ltr\" data-wpcf7-id=\"5525\">\n<div class=\"screen-reader-response\"><p role=\"status\" aria-live=\"polite\" aria-atomic=\"true\"><\/p> <ul><\/ul><\/div>\n<form action=\"\/pt-pt\/wp-json\/wp\/v2\/product\/2816#wpcf7-f5525-o1\" method=\"post\" class=\"wpcf7-form init\" aria-label=\"Formul\u00e1rio de contacto\" novalidate=\"novalidate\" data-status=\"init\">\n<fieldset class=\"hidden-fields-container\"><input type=\"hidden\" name=\"_wpcf7\" value=\"5525\" \/><input type=\"hidden\" name=\"_wpcf7_version\" value=\"6.1.4\" \/><input type=\"hidden\" name=\"_wpcf7_locale\" value=\"pt_PT\" \/><input type=\"hidden\" name=\"_wpcf7_unit_tag\" value=\"wpcf7-f5525-o1\" \/><input type=\"hidden\" name=\"_wpcf7_container_post\" value=\"0\" \/><input type=\"hidden\" name=\"_wpcf7_posted_data_hash\" value=\"\" \/>\n<\/fieldset>\n<div class=\"wpcf7-turnstile cf-turnstile\" data-sitekey=\"0x4AAAAAACHlhHyKtoljFN8P\" data-response-field-name=\"_wpcf7_turnstile_response\"><\/div>\n\n<p>\n    <\/p><h4 style=\"color:#333333;font-size:20px;font-family:\"background-color:#FFFFFF;font-weight:normal !important;\">\n        <span style=\"color:red;\">Envia-nos os teus pedidos - responderemos no prazo de 24 horas<\/span>\n    <\/h4>\n\n\n<div class=\"row\" style=\"display:flex; flex-wrap:wrap; width:100%;\">\n\n    <!-- Name -->\n    <div style=\"width:40%; padding-right:10px; box-sizing:border-box;\">\n        <div class=\"form-group\" style=\"margin-bottom:15px;\">\n <span class=\"wpcf7-form-control-wrap\" data-name=\"your-name\"><input size=\"40\" maxlength=\"400\" class=\"wpcf7-form-control wpcf7-text wpcf7-validates-as-required\" aria-required=\"true\" aria-invalid=\"false\" placeholder=\"O seu nome *\" value=\"\" type=\"text\" name=\"your-name\" \/><\/span>\n        <\/div>\n    <\/div>\n\n    <!-- Email -->\n    <div style=\"width:60%; padding-left:10px; box-sizing:border-box;\">\n        <div class=\"form-group\" style=\"margin-bottom:15px;\">\n <span class=\"wpcf7-form-control-wrap\" data-name=\"your-email\"><input size=\"40\" maxlength=\"400\" class=\"wpcf7-form-control wpcf7-email wpcf7-validates-as-required wpcf7-text wpcf7-validates-as-email\" aria-required=\"true\" aria-invalid=\"false\" placeholder=\"Endere\u00e7o de correio eletr\u00f3nico *\" value=\"\" type=\"email\" name=\"your-email\" \/><\/span>\n        <\/div>\n    <\/div>\n\n    <!-- Message -->\n    <div style=\"width:100%; box-sizing:border-box;\">\n        <div class=\"form-group\" style=\"margin-bottom:15px;\">\n            <span class=\"wpcf7-form-control-wrap\" data-name=\"your-message\"><textarea cols=\"30\" rows=\"4\" maxlength=\"2000\" class=\"wpcf7-form-control wpcf7-textarea\" aria-invalid=\"false\" placeholder=\"Por favor, escreva aqui a sua mensagem.\" name=\"your-message\"><\/textarea><\/span>\n        <\/div>\n    <\/div>\n\n    <!-- Submit -->\n    <div style=\"width:100%; box-sizing:border-box;\">\n        <input class=\"wpcf7-form-control wpcf7-submit has-spinner btn btn-default\" type=\"submit\" value=\"Envie-nos uma mensagem e solicite um or\u00e7amento\" \/>\n    <\/div>\n\n<\/div><div class=\"wpcf7-response-output\" aria-hidden=\"true\"><\/div>\n<\/form>\n<\/div>\n\n","protected":false},"excerpt":{"rendered":"<div class=\"table-r\">\n<table width=\"100%\">\n<tbody>\n<tr>\n<td width=\"50%\">Modelo:\n<\/td>\n<td width=\"50%\">YT150<\/td>\n<\/tr>\n<tr>\n<td width=\"50%\">Capacidade:\n<\/td>\n<td width=\"50%\">1.500 kn<\/td>\n<\/tr>\n<tr>\n<td width=\"50%\">Di\u00e2metro da imprensa:\n<\/td>\n<td width=\"50%\">16cm<\/td>\n<\/tr>\n<tr>\n<td width=\"50%\">Poder:\n<\/td>\n<td width=\"50%\">4kw<\/td>\n<\/tr>\n<tr>\n<td width=\"50%\">Tamanho:\n<\/td>\n<td width=\"50%\">900*530*1400mm<\/td>\n<\/tr>\n<tr>\n<td width=\"50%\">Peso:\n<\/td>\n<td width=\"50%\">400kg<\/td>\n<\/tr>\n<\/tbody>\n<\/table>\n<p><strong>Idioma dispon\u00edvel:<\/strong>[wpml_language_selector_widget]<\/p>\n[contact-form-7 id=\"055e9b5\" title=\"Contact form 2\"]\n<\/div>\n","protected":false},"featured_media":2817,"comment_status":"open","ping_status":"closed","template":"","meta":[],"product_brand":[],"product_cat":[209],"product_tag":[272],"class_list":{"0":"post-2816","1":"product","2":"type-product","3":"status-publish","4":"has-post-thumbnail","6":"product_cat-wire-rope-swaging-machine","7":"product_tag-wire-rope-swaging-machine","9":"first","10":"instock","11":"taxable","12":"shipping-taxable","13":"product-type-simple"},"yoast_head":"<!-- This site is optimized with the Yoast SEO plugin v26.8 - https:\/\/yoast.com\/product\/yoast-seo-wordpress\/ -->\n<title>Prensa de cabo de a\u00e7o 150T<\/title>\n<meta name=\"description\" content=\"A prensa de cabos de a\u00e7o \u00e9 uma nova m\u00e1quina desenvolvida de forma independente pela Zunzz em 2001. Utilizamos componentes de alta qualidade de marcas l\u00edderes.\" \/>\n<meta name=\"robots\" content=\"index, follow, max-snippet:-1, max-image-preview:large, max-video-preview:-1\" \/>\n<link rel=\"canonical\" href=\"https:\/\/zunzz.com\/pt-pt\/product\/wire-rope-press-machine\/\" \/>\n<meta property=\"og:locale\" content=\"pt_PT\" \/>\n<meta property=\"og:type\" content=\"article\" \/>\n<meta property=\"og:title\" content=\"Prensa de cabo de a\u00e7o 150T\" \/>\n<meta property=\"og:description\" content=\"A prensa de cabos de a\u00e7o \u00e9 uma nova m\u00e1quina desenvolvida de forma independente pela Zunzz em 2001. Utilizamos componentes de alta qualidade de marcas l\u00edderes.\" \/>\n<meta property=\"og:url\" content=\"https:\/\/zunzz.com\/pt-pt\/product\/wire-rope-press-machine\/\" \/>\n<meta property=\"og:site_name\" content=\"Zunzz Wire Rope Sling Machine Company\" \/>\n<meta property=\"article:modified_time\" content=\"2025-12-20T13:17:43+00:00\" \/>\n<meta property=\"og:image\" content=\"https:\/\/zunzz.com\/wp-content\/uploads\/2023\/09\/Wire-Rope-Press-Machine-150T-3.webp\" \/>\n\t<meta property=\"og:image:width\" content=\"1024\" \/>\n\t<meta property=\"og:image:height\" content=\"1024\" \/>\n\t<meta property=\"og:image:type\" content=\"image\/webp\" \/>\n<meta name=\"twitter:card\" content=\"summary_large_image\" \/>\n<meta name=\"twitter:label1\" content=\"Tempo estimado de leitura\" \/>\n\t<meta name=\"twitter:data1\" content=\"7 minutos\" \/>\n<script type=\"application\/ld+json\" class=\"yoast-schema-graph\">{\"@context\":\"https:\/\/schema.org\",\"@graph\":[{\"@type\":\"WebPage\",\"@id\":\"https:\/\/zunzz.com\/pt-pt\/product\/wire-rope-press-machine\/\",\"url\":\"https:\/\/zunzz.com\/pt-pt\/product\/wire-rope-press-machine\/\",\"name\":\"Prensa de cabo de a\u00e7o 150T\",\"isPartOf\":{\"@id\":\"https:\/\/zunzz.com\/pt-pt\/#website\"},\"primaryImageOfPage\":{\"@id\":\"https:\/\/zunzz.com\/pt-pt\/product\/wire-rope-press-machine\/#primaryimage\"},\"image\":{\"@id\":\"https:\/\/zunzz.com\/pt-pt\/product\/wire-rope-press-machine\/#primaryimage\"},\"thumbnailUrl\":\"https:\/\/zunzz.com\/wp-content\/uploads\/2023\/09\/Wire-Rope-Press-Machine-150T-3.webp\",\"datePublished\":\"2025-12-13T05:13:39+00:00\",\"dateModified\":\"2025-12-20T13:17:43+00:00\",\"description\":\"A prensa de cabos de a\u00e7o \u00e9 uma nova m\u00e1quina desenvolvida de forma independente pela Zunzz em 2001. Utilizamos componentes de alta qualidade de marcas l\u00edderes.\",\"breadcrumb\":{\"@id\":\"https:\/\/zunzz.com\/pt-pt\/product\/wire-rope-press-machine\/#breadcrumb\"},\"inLanguage\":\"pt-PT\",\"potentialAction\":[{\"@type\":\"ReadAction\",\"target\":[\"https:\/\/zunzz.com\/pt-pt\/product\/wire-rope-press-machine\/\"]}]},{\"@type\":\"ImageObject\",\"inLanguage\":\"pt-PT\",\"@id\":\"https:\/\/zunzz.com\/pt-pt\/product\/wire-rope-press-machine\/#primaryimage\",\"url\":\"https:\/\/zunzz.com\/wp-content\/uploads\/2023\/09\/Wire-Rope-Press-Machine-150T-3.webp\",\"contentUrl\":\"https:\/\/zunzz.com\/wp-content\/uploads\/2023\/09\/Wire-Rope-Press-Machine-150T-3.webp\",\"width\":1024,\"height\":1024,\"caption\":\"Prensa de cabo de a\u00e7o 150T-3\"},{\"@type\":\"BreadcrumbList\",\"@id\":\"https:\/\/zunzz.com\/pt-pt\/product\/wire-rope-press-machine\/#breadcrumb\",\"itemListElement\":[{\"@type\":\"ListItem\",\"position\":1,\"name\":\"Home\",\"item\":\"https:\/\/zunzz.com\/pt-pt\/home\/\"},{\"@type\":\"ListItem\",\"position\":2,\"name\":\"Shop\",\"item\":\"https:\/\/zunzz.com\/bg\/shop\/\"},{\"@type\":\"ListItem\",\"position\":3,\"name\":\"Prensa de cabo de a\u00e7o 150T\"}]},{\"@type\":\"WebSite\",\"@id\":\"https:\/\/zunzz.com\/pt-pt\/#website\",\"url\":\"https:\/\/zunzz.com\/pt-pt\/\",\"name\":\"Zunzz Wire Rope Sling Machine Company\",\"description\":\"Zunzz Wire Rope Sling Machine Company is a leading manufacturer of wire rope sling machines and related products.\",\"publisher\":{\"@id\":\"https:\/\/zunzz.com\/pt-pt\/#organization\"},\"potentialAction\":[{\"@type\":\"SearchAction\",\"target\":{\"@type\":\"EntryPoint\",\"urlTemplate\":\"https:\/\/zunzz.com\/pt-pt\/?s={search_term_string}\"},\"query-input\":{\"@type\":\"PropertyValueSpecification\",\"valueRequired\":true,\"valueName\":\"search_term_string\"}}],\"inLanguage\":\"pt-PT\"},{\"@type\":\"Organization\",\"@id\":\"https:\/\/zunzz.com\/pt-pt\/#organization\",\"name\":\"Zunzz Wire Rope Sling Machine Company\",\"url\":\"https:\/\/zunzz.com\/pt-pt\/\",\"logo\":{\"@type\":\"ImageObject\",\"inLanguage\":\"pt-PT\",\"@id\":\"https:\/\/zunzz.com\/pt-pt\/#\/schema\/logo\/image\/\",\"url\":\"https:\/\/zunzz.com\/wp-content\/uploads\/2023\/09\/Logo.png\",\"contentUrl\":\"https:\/\/zunzz.com\/wp-content\/uploads\/2023\/09\/Logo.png\",\"width\":171,\"height\":133,\"caption\":\"Zunzz Wire Rope Sling Machine Company\"},\"image\":{\"@id\":\"https:\/\/zunzz.com\/pt-pt\/#\/schema\/logo\/image\/\"}}]}<\/script>\n<!-- \/ Yoast SEO plugin. -->","yoast_head_json":{"title":"Prensa de cabo de a\u00e7o 150T","description":"A prensa de cabos de a\u00e7o \u00e9 uma nova m\u00e1quina desenvolvida de forma independente pela Zunzz em 2001. Utilizamos componentes de alta qualidade de marcas l\u00edderes.","robots":{"index":"index","follow":"follow","max-snippet":"max-snippet:-1","max-image-preview":"max-image-preview:large","max-video-preview":"max-video-preview:-1"},"canonical":"https:\/\/zunzz.com\/pt-pt\/product\/wire-rope-press-machine\/","og_locale":"pt_PT","og_type":"article","og_title":"Prensa de cabo de a\u00e7o 150T","og_description":"A prensa de cabos de a\u00e7o \u00e9 uma nova m\u00e1quina desenvolvida de forma independente pela Zunzz em 2001. Utilizamos componentes de alta qualidade de marcas l\u00edderes.","og_url":"https:\/\/zunzz.com\/pt-pt\/product\/wire-rope-press-machine\/","og_site_name":"Zunzz Wire Rope Sling Machine Company","article_modified_time":"2025-12-20T13:17:43+00:00","og_image":[{"width":1024,"height":1024,"url":"https:\/\/zunzz.com\/wp-content\/uploads\/2023\/09\/Wire-Rope-Press-Machine-150T-3.webp","type":"image\/webp"}],"twitter_card":"summary_large_image","twitter_misc":{"Tempo estimado de leitura":"7 minutos"},"schema":{"@context":"https:\/\/schema.org","@graph":[{"@type":"WebPage","@id":"https:\/\/zunzz.com\/pt-pt\/product\/wire-rope-press-machine\/","url":"https:\/\/zunzz.com\/pt-pt\/product\/wire-rope-press-machine\/","name":"Prensa de cabo de a\u00e7o 150T","isPartOf":{"@id":"https:\/\/zunzz.com\/pt-pt\/#website"},"primaryImageOfPage":{"@id":"https:\/\/zunzz.com\/pt-pt\/product\/wire-rope-press-machine\/#primaryimage"},"image":{"@id":"https:\/\/zunzz.com\/pt-pt\/product\/wire-rope-press-machine\/#primaryimage"},"thumbnailUrl":"https:\/\/zunzz.com\/wp-content\/uploads\/2023\/09\/Wire-Rope-Press-Machine-150T-3.webp","datePublished":"2025-12-13T05:13:39+00:00","dateModified":"2025-12-20T13:17:43+00:00","description":"A prensa de cabos de a\u00e7o \u00e9 uma nova m\u00e1quina desenvolvida de forma independente pela Zunzz em 2001. Utilizamos componentes de alta qualidade de marcas l\u00edderes.","breadcrumb":{"@id":"https:\/\/zunzz.com\/pt-pt\/product\/wire-rope-press-machine\/#breadcrumb"},"inLanguage":"pt-PT","potentialAction":[{"@type":"ReadAction","target":["https:\/\/zunzz.com\/pt-pt\/product\/wire-rope-press-machine\/"]}]},{"@type":"ImageObject","inLanguage":"pt-PT","@id":"https:\/\/zunzz.com\/pt-pt\/product\/wire-rope-press-machine\/#primaryimage","url":"https:\/\/zunzz.com\/wp-content\/uploads\/2023\/09\/Wire-Rope-Press-Machine-150T-3.webp","contentUrl":"https:\/\/zunzz.com\/wp-content\/uploads\/2023\/09\/Wire-Rope-Press-Machine-150T-3.webp","width":1024,"height":1024,"caption":"Prensa de cabo de a\u00e7o 150T-3"},{"@type":"BreadcrumbList","@id":"https:\/\/zunzz.com\/pt-pt\/product\/wire-rope-press-machine\/#breadcrumb","itemListElement":[{"@type":"ListItem","position":1,"name":"Home","item":"https:\/\/zunzz.com\/pt-pt\/home\/"},{"@type":"ListItem","position":2,"name":"Shop","item":"https:\/\/zunzz.com\/bg\/shop\/"},{"@type":"ListItem","position":3,"name":"Prensa de cabo de a\u00e7o 150T"}]},{"@type":"WebSite","@id":"https:\/\/zunzz.com\/pt-pt\/#website","url":"https:\/\/zunzz.com\/pt-pt\/","name":"Zunzz Wire Rope Sling Machine Company","description":"Zunzz Wire Rope Sling Machine Company is a leading manufacturer of wire rope sling machines and related products.","publisher":{"@id":"https:\/\/zunzz.com\/pt-pt\/#organization"},"potentialAction":[{"@type":"SearchAction","target":{"@type":"EntryPoint","urlTemplate":"https:\/\/zunzz.com\/pt-pt\/?s={search_term_string}"},"query-input":{"@type":"PropertyValueSpecification","valueRequired":true,"valueName":"search_term_string"}}],"inLanguage":"pt-PT"},{"@type":"Organization","@id":"https:\/\/zunzz.com\/pt-pt\/#organization","name":"Zunzz Wire Rope Sling Machine Company","url":"https:\/\/zunzz.com\/pt-pt\/","logo":{"@type":"ImageObject","inLanguage":"pt-PT","@id":"https:\/\/zunzz.com\/pt-pt\/#\/schema\/logo\/image\/","url":"https:\/\/zunzz.com\/wp-content\/uploads\/2023\/09\/Logo.png","contentUrl":"https:\/\/zunzz.com\/wp-content\/uploads\/2023\/09\/Logo.png","width":171,"height":133,"caption":"Zunzz Wire Rope Sling Machine Company"},"image":{"@id":"https:\/\/zunzz.com\/pt-pt\/#\/schema\/logo\/image\/"}}]}},"_links":{"self":[{"href":"https:\/\/zunzz.com\/pt-pt\/wp-json\/wp\/v2\/product\/2816","targetHints":{"allow":["GET"]}}],"collection":[{"href":"https:\/\/zunzz.com\/pt-pt\/wp-json\/wp\/v2\/product"}],"about":[{"href":"https:\/\/zunzz.com\/pt-pt\/wp-json\/wp\/v2\/types\/product"}],"replies":[{"embeddable":true,"href":"https:\/\/zunzz.com\/pt-pt\/wp-json\/wp\/v2\/comments?post=2816"}],"wp:featuredmedia":[{"embeddable":true,"href":"https:\/\/zunzz.com\/pt-pt\/wp-json\/wp\/v2\/media\/2817"}],"wp:attachment":[{"href":"https:\/\/zunzz.com\/pt-pt\/wp-json\/wp\/v2\/media?parent=2816"}],"wp:term":[{"taxonomy":"product_brand","embeddable":true,"href":"https:\/\/zunzz.com\/pt-pt\/wp-json\/wp\/v2\/product_brand?post=2816"},{"taxonomy":"product_cat","embeddable":true,"href":"https:\/\/zunzz.com\/pt-pt\/wp-json\/wp\/v2\/product_cat?post=2816"},{"taxonomy":"product_tag","embeddable":true,"href":"https:\/\/zunzz.com\/pt-pt\/wp-json\/wp\/v2\/product_tag?post=2816"}],"curies":[{"name":"wp","href":"https:\/\/api.w.org\/{rel}","templated":true}]}}