{"id":2606,"date":"2023-09-22T02:36:31","date_gmt":"2023-09-22T02:36:31","guid":{"rendered":"https:\/\/zunzz.com\/product\/maquina-de-teste-de-tracao-hidraulica-200t\/"},"modified":"2025-05-21T00:06:20","modified_gmt":"2025-05-21T00:06:20","slug":"hydraulic-tensile-testing-machine","status":"publish","type":"product","link":"https:\/\/zunzz.com\/pt-pt\/product\/hydraulic-tensile-testing-machine\/","title":{"rendered":"M\u00e1quina de teste de tra\u00e7\u00e3o hidr\u00e1ulica 200T"},"content":{"rendered":"<h2>1. M\u00e1quina de teste de tra\u00e7\u00e3o hidr\u00e1ulica<\/h2>\n<p><strong>A m\u00e1quina de ensaio de tra\u00e7\u00e3o hidr\u00e1ulica<\/strong> testa cabos de a\u00e7o, lingas de cabos de a\u00e7o, lingas de cintas, ganchos, correntes e assim por diante. \u00c9 amplamente utilizada em \u00e1reas como navios, constru\u00e7\u00e3o, eletricidade, eleva\u00e7\u00e3o e salvamento para garantir a seguran\u00e7a e a fiabilidade da eleva\u00e7\u00e3o.<\/p>\n<p>O relat\u00f3rio de teste pode ser impresso.<\/p>\n<p><strong>Precau\u00e7\u00f5es de seguran\u00e7a:<\/strong> Antes do teste, verifique se o dispositivo est\u00e1 bem fixo para evitar deslizamentos. A sobrecarga \u00e9 estritamente proibida para evitar danos no equipamento ou ferimentos pessoais. Calibre os sensores regularmente para garantir a precis\u00e3o dos dados.<\/p>\n<p><strong>fun\u00e7\u00e3o principal<\/strong><\/p>\n<p>Ensaio de tra\u00e7\u00e3o: mede a resist\u00eancia m\u00e1xima \u00e0 tra\u00e7\u00e3o (resist\u00eancia \u00e0 fratura) do cordame.<br \/>\nEnsaio de carga: simula cargas de trabalho reais para verificar a capacidade de carga do cordame.<br \/>\nEnsaio de alongamento: regista o grau de deforma\u00e7\u00e3o do material sob tens\u00e3o.<br \/>\nEnsaio de durabilidade: aplica cargas repetidas para testar a vida em fadiga.<br \/>\nEnsaio est\u00e1tico\/din\u00e2mico: escolhe diferentes modos de ensaio com base nos requisitos.<\/p>\n<p><img fetchpriority=\"high\" decoding=\"async\" class=\"alignnone wp-image-383 size-full\" src=\"https:\/\/zunzz.com\/wp-content\/uploads\/2023\/09\/Hydraulic-Tensile-Testing-Machine-2.webp\" alt=\"M\u00e1quina de teste de tra\u00e7\u00e3o hidr\u00e1ulica-2\" width=\"1000\" height=\"1267\" srcset=\"https:\/\/zunzz.com\/wp-content\/uploads\/2023\/09\/Hydraulic-Tensile-Testing-Machine-2.webp 1000w, https:\/\/zunzz.com\/wp-content\/uploads\/2023\/09\/Hydraulic-Tensile-Testing-Machine-2-237x300.webp 237w, https:\/\/zunzz.com\/wp-content\/uploads\/2023\/09\/Hydraulic-Tensile-Testing-Machine-2-808x1024.webp 808w, https:\/\/zunzz.com\/wp-content\/uploads\/2023\/09\/Hydraulic-Tensile-Testing-Machine-2-768x973.webp 768w, https:\/\/zunzz.com\/wp-content\/uploads\/2023\/09\/Hydraulic-Tensile-Testing-Machine-2-700x887.webp 700w, https:\/\/zunzz.com\/wp-content\/uploads\/2023\/09\/Hydraulic-Tensile-Testing-Machine-2-600x760.webp 600w\" sizes=\"(max-width: 1000px) 100vw, 1000px\" \/><\/p>\n<h2>2. Par\u00e2metros t\u00e9cnicos<\/h2>\n<div class=\"table-r\">\n<table width=\"100%\">\n<tbody>\n<tr>\n<td width=\"50%\">M\u00e1x. press\u00e3o carregada<\/td>\n<td width=\"50%\">63Mpa<\/td>\n<\/tr>\n<tr>\n<td width=\"50%\">M\u00e1x. Movimento do pist\u00e3o<\/td>\n<td width=\"50%\">1500mm<\/td>\n<\/tr>\n<tr>\n<td width=\"50%\">Velocidade de extra\u00e7\u00e3o do pist\u00e3o<\/td>\n<td width=\"50%\">8 mm\/seg<\/td>\n<\/tr>\n<tr>\n<td width=\"50%\">A velocidade de carga do pist\u00e3o<\/td>\n<td width=\"50%\">2 mm\/seg<\/td>\n<\/tr>\n<tr>\n<td width=\"50%\">A velocidade de retorno do pist\u00e3o<\/td>\n<td width=\"50%\">10 mm\/seg<\/td>\n<\/tr>\n<tr>\n<td width=\"50%\">Toler\u00e2ncia \u00e0 Precis\u00e3o do Teste de Tra\u00e7\u00e3o<\/td>\n<td width=\"50%\">\u22641%<\/td>\n<\/tr>\n<tr>\n<td width=\"50%\">Toler\u00e2ncia de Precis\u00e3o de Deslocamento<\/td>\n<td width=\"50%\">\u22641%<\/td>\n<\/tr>\n<tr>\n<td width=\"50%\">Toler\u00e2ncia \u00e0 Precis\u00e3o da Carga Est\u00e1tica<\/td>\n<td width=\"50%\">\u22641%<\/td>\n<\/tr>\n<tr>\n<td width=\"50%\">N\u00edvel de ru\u00eddo<\/td>\n<td width=\"50%\">\u226470dB<\/td>\n<\/tr>\n<tr>\n<td width=\"50%\">M\u00e9todo de controlo<\/td>\n<td width=\"50%\">Computador<\/td>\n<\/tr>\n<tr>\n<td width=\"50%\">Capa de Prote\u00e7\u00e3o Autom\u00e1tica<\/td>\n<td width=\"50%\">Dispon\u00edvel<\/td>\n<\/tr>\n<\/tbody>\n<\/table>\n<p>&nbsp;<\/p>\n<p><iframe title=\"test bench for wire rope, websling, chain and so on testing.\" width=\"1060\" height=\"596\" src=\"https:\/\/www.youtube.com\/embed\/vC5deAoKkuU?feature=oembed\" frameborder=\"0\" allow=\"accelerometer; autoplay; clipboard-write; encrypted-media; gyroscope; picture-in-picture; web-share\" referrerpolicy=\"strict-origin-when-cross-origin\" allowfullscreen><\/iframe><\/p>\n<h2>3.As vantagens do banco de ensaio<\/h2>\n<p>1. Utilizando a intera\u00e7\u00e3o humano-computador para analisar e calcular os indicadores de desempenho mec\u00e2nico dos materiais testados, a for\u00e7a de tra\u00e7\u00e3o \u00e9 calculada automaticamente no final da experi\u00eancia. Com base na an\u00e1lise autom\u00e1tica, os resultados da an\u00e1lise tamb\u00e9m podem ser corrigidos manualmente para melhorar a precis\u00e3o da an\u00e1lise.<\/p>\n<p>2. Podem ser controladas v\u00e1rias curvas, como a deforma\u00e7\u00e3o da for\u00e7a, o deslocamento da for\u00e7a, o tempo de for\u00e7a, a tens\u00e3o de deforma\u00e7\u00e3o, o tempo de deslocamento;<\/p>\n<p>3. Amplifica\u00e7\u00e3o parcial de curvas experimentais e compara\u00e7\u00e3o de m\u00faltiplas sobreposi\u00e7\u00f5es de curvas;<\/p>\n<p>4. O modo de controlo possui o modo de controlo autom\u00e1tico. O controle autom\u00e1tico \u00e9 um modo servo de opera\u00e7\u00e3o totalmente digital, com dois m\u00e9todos de configura\u00e7\u00e3o das condi\u00e7\u00f5es de teste: controle totalmente autom\u00e1tico e controle program\u00e1vel de di\u00e1logo homem-m\u00e1quina.<\/p>\n<p>5. Usos m\u00faltiplos: pode conduzir ensaios de tra\u00e7\u00e3o, rasgo e outros em metais, n\u00e3o metais e componentes. Ele pode atender a v\u00e1rios padr\u00f5es de m\u00e9todos de teste, como ISO e GB.<\/p>\n<p>6. A fonte de \u00f3leo adota um design silencioso, que \u00e9 amigo do ambiente e f\u00e1cil de utilizar, reduzindo o consumo de energia, reduzindo a gera\u00e7\u00e3o de calor e protegendo o circuito de \u00f3leo;<\/p>\n<p>7.\u00ba A utiliza\u00e7\u00e3o de alta velocidade, alta integra\u00e7\u00e3o, controlo poderoso, capacidades de processamento de dados e alta fiabilidade \u00e9 incompar\u00e1vel em m\u00e1quinas de teste que utilizam outros processadores.<\/p>\n<p>&nbsp;<\/p>\n<\/div>\n<p><img decoding=\"async\" class=\"alignnone wp-image-385 size-full\" src=\"https:\/\/zunzz.com\/wp-content\/uploads\/2023\/09\/Hydraulic-Tensile-Testing-Machine-4.webp\" alt=\"M\u00e1quina de teste de tra\u00e7\u00e3o hidr\u00e1ulica-4\" width=\"1000\" height=\"800\" srcset=\"https:\/\/zunzz.com\/wp-content\/uploads\/2023\/09\/Hydraulic-Tensile-Testing-Machine-4.webp 1000w, https:\/\/zunzz.com\/wp-content\/uploads\/2023\/09\/Hydraulic-Tensile-Testing-Machine-4-300x240.webp 300w, https:\/\/zunzz.com\/wp-content\/uploads\/2023\/09\/Hydraulic-Tensile-Testing-Machine-4-768x614.webp 768w, https:\/\/zunzz.com\/wp-content\/uploads\/2023\/09\/Hydraulic-Tensile-Testing-Machine-4-700x560.webp 700w, https:\/\/zunzz.com\/wp-content\/uploads\/2023\/09\/Hydraulic-Tensile-Testing-Machine-4-600x480.webp 600w\" sizes=\"(max-width: 1000px) 100vw, 1000px\" \/> <img decoding=\"async\" class=\"alignnone wp-image-384 size-full\" src=\"https:\/\/zunzz.com\/wp-content\/uploads\/2023\/09\/Hydraulic-Tensile-Testing-Machine-3.webp\" alt=\"M\u00e1quina de teste de tra\u00e7\u00e3o hidr\u00e1ulica-3\" width=\"1000\" height=\"1267\" srcset=\"https:\/\/zunzz.com\/wp-content\/uploads\/2023\/09\/Hydraulic-Tensile-Testing-Machine-3.webp 1000w, https:\/\/zunzz.com\/wp-content\/uploads\/2023\/09\/Hydraulic-Tensile-Testing-Machine-3-237x300.webp 237w, https:\/\/zunzz.com\/wp-content\/uploads\/2023\/09\/Hydraulic-Tensile-Testing-Machine-3-808x1024.webp 808w, https:\/\/zunzz.com\/wp-content\/uploads\/2023\/09\/Hydraulic-Tensile-Testing-Machine-3-768x973.webp 768w, https:\/\/zunzz.com\/wp-content\/uploads\/2023\/09\/Hydraulic-Tensile-Testing-Machine-3-700x887.webp 700w, https:\/\/zunzz.com\/wp-content\/uploads\/2023\/09\/Hydraulic-Tensile-Testing-Machine-3-600x760.webp 600w\" sizes=\"(max-width: 1000px) 100vw, 1000px\" \/> <img loading=\"lazy\" decoding=\"async\" class=\"alignnone wp-image-382 \" src=\"https:\/\/zunzz.com\/wp-content\/uploads\/2023\/09\/Hydraulic-Tensile-Testing-Machine-1.webp\" alt=\"M\u00e1quina de teste de tra\u00e7\u00e3o hidr\u00e1ulica-1\" width=\"1000\" height=\"1000\" srcset=\"https:\/\/zunzz.com\/wp-content\/uploads\/2023\/09\/Hydraulic-Tensile-Testing-Machine-1.webp 988w, https:\/\/zunzz.com\/wp-content\/uploads\/2023\/09\/Hydraulic-Tensile-Testing-Machine-1-300x300.webp 300w, https:\/\/zunzz.com\/wp-content\/uploads\/2023\/09\/Hydraulic-Tensile-Testing-Machine-1-150x150.webp 150w, https:\/\/zunzz.com\/wp-content\/uploads\/2023\/09\/Hydraulic-Tensile-Testing-Machine-1-768x768.webp 768w, https:\/\/zunzz.com\/wp-content\/uploads\/2023\/09\/Hydraulic-Tensile-Testing-Machine-1-570x570.webp 570w, https:\/\/zunzz.com\/wp-content\/uploads\/2023\/09\/Hydraulic-Tensile-Testing-Machine-1-500x500.webp 500w, https:\/\/zunzz.com\/wp-content\/uploads\/2023\/09\/Hydraulic-Tensile-Testing-Machine-1-700x700.webp 700w, https:\/\/zunzz.com\/wp-content\/uploads\/2023\/09\/Hydraulic-Tensile-Testing-Machine-1-650x650.webp 650w, https:\/\/zunzz.com\/wp-content\/uploads\/2023\/09\/Hydraulic-Tensile-Testing-Machine-1-600x600.webp 600w, https:\/\/zunzz.com\/wp-content\/uploads\/2023\/09\/Hydraulic-Tensile-Testing-Machine-1-100x100.webp 100w\" sizes=\"(max-width: 1000px) 100vw, 1000px\" \/><\/p>\n<h4><span style=\"color: #ff0000;\">Contacte-nos para mais detalhes, responderemos dentro de 24 horas<\/span><\/h4>\n<p class=\"wpcf7-contact-form-not-found\"><strong>Erro:<\/strong> Formul\u00e1rio de contacto n\u00e3o encontrado.<\/p>\n<p>&nbsp;<\/p>\n","protected":false},"excerpt":{"rendered":"<div class=\"table-r\">\n<p>A estrutura b\u00e1sica da <strong>M\u00e1quina de Ensaio de Tra\u00e7\u00e3o Hidr\u00e1ulica<\/strong> inclui uma estrutura principal de alta resist\u00eancia, sistema de carregamento hidr\u00e1ulico, sistema de fixa\u00e7\u00e3o, sistema de sensores e sistema de controlo e aquisi\u00e7\u00e3o de dados. Produzimos o banco de ensaios com capacidades de 100T, 200T, 300T, 600T, 1000T e 2000T. <\/p>\n<table width=\"100%\">\n<tbody>\n<tr>\n<td width=\"50%\">Modelo:<\/td>\n<td width=\"50%\">DYWP-2000<\/td>\n<\/tr>\n<tr>\n<td width=\"50%\">M\u00e1x. Capacidade:<\/td>\n<td width=\"50%\">2000 kN<\/td>\n<\/tr>\n<tr>\n<td width=\"50%\">Dimens\u00f5es totais:<\/td>\n<td width=\"50%\">25000 mm x 1800 mm x 900 mm<\/td>\n<\/tr>\n<tr>\n<td width=\"50%\">Dura\u00e7\u00e3o do teste:<\/td>\n<td width=\"50%\">conforme solicitado<\/td>\n<\/tr>\n<tr>\n<td width=\"50%\">Peso:<\/td>\n<td width=\"50%\">20000 KG<\/td>\n<\/tr>\n<tr>\n<td width=\"50%\">Recolha e an\u00e1lise de dados:<\/td>\n<td width=\"50%\">Exibi\u00e7\u00e3o em tempo real da curva tens\u00e3o-deslocamento e gera\u00e7\u00e3o autom\u00e1tica de relat\u00f3rio de ensaio.<\/td>\n<\/tr>\n<\/tbody>\n<\/table>\n<p><strong>Idioma dispon\u00edvel:<\/strong>[wpml_language_selector_widget]<\/p>\n<p><a class=\"single_add_to_cart_button button alt\" href=\"https:\/\/zunzz.com\/pt-pt\/contact-store\/\" target=\"_blank\" rel=\"noopener noreferrer\">PERGUNTE AGORA<\/a><\/p>\n<\/div>\n","protected":false},"featured_media":2607,"comment_status":"open","ping_status":"closed","template":"","meta":[],"product_brand":[],"product_cat":[206],"product_tag":[330,331],"class_list":{"0":"post-2606","1":"product","2":"type-product","3":"status-publish","4":"has-post-thumbnail","6":"product_cat-tensile-test-machine","7":"product_tag-tensile-test-machine","8":"product_tag-hydraulic-tensile-test-machine","10":"first","11":"instock","12":"taxable","13":"shipping-taxable","14":"product-type-simple"},"yoast_head":"<!-- This site is optimized with the Yoast SEO plugin v26.8 - https:\/\/yoast.com\/product\/yoast-seo-wordpress\/ -->\n<title>M\u00e1quina de teste de tra\u00e7\u00e3o hidr\u00e1ulica<\/title>\n<meta name=\"description\" content=\"A m\u00e1quina de teste de tra\u00e7\u00e3o hidr\u00e1ulica testa o cabo de a\u00e7o, eslinga de cabo de a\u00e7o, eslinga de cinta, gancho, corrente. Item de teste: teste de tra\u00e7\u00e3o\/teste de carga est\u00e1tica\/teste de ruptura\" \/>\n<meta name=\"robots\" content=\"index, follow, max-snippet:-1, max-image-preview:large, max-video-preview:-1\" \/>\n<link rel=\"canonical\" href=\"https:\/\/zunzz.com\/pt-pt\/product\/hydraulic-tensile-testing-machine\/\" \/>\n<meta property=\"og:locale\" content=\"pt_PT\" \/>\n<meta property=\"og:type\" content=\"article\" \/>\n<meta property=\"og:title\" content=\"M\u00e1quina de teste de tra\u00e7\u00e3o hidr\u00e1ulica\" \/>\n<meta property=\"og:description\" content=\"A m\u00e1quina de teste de tra\u00e7\u00e3o hidr\u00e1ulica testa o cabo de a\u00e7o, eslinga de cabo de a\u00e7o, eslinga de cinta, gancho, corrente. Item de teste: teste de tra\u00e7\u00e3o\/teste de carga est\u00e1tica\/teste de ruptura\" \/>\n<meta property=\"og:url\" content=\"https:\/\/zunzz.com\/pt-pt\/product\/hydraulic-tensile-testing-machine\/\" \/>\n<meta property=\"og:site_name\" content=\"Zunzz Wire Rope Sling Machine Company\" \/>\n<meta property=\"article:modified_time\" content=\"2025-05-21T00:06:20+00:00\" \/>\n<meta property=\"og:image\" content=\"https:\/\/zunzz.com\/wp-content\/uploads\/2023\/09\/Hydraulic-Tensile-Testing-Machine-1.webp\" \/>\n\t<meta property=\"og:image:width\" content=\"988\" \/>\n\t<meta property=\"og:image:height\" content=\"988\" \/>\n\t<meta property=\"og:image:type\" content=\"image\/webp\" \/>\n<meta name=\"twitter:card\" content=\"summary_large_image\" \/>\n<meta name=\"twitter:label1\" content=\"Tempo estimado de leitura\" \/>\n\t<meta name=\"twitter:data1\" content=\"5 minutos\" \/>\n<script type=\"application\/ld+json\" class=\"yoast-schema-graph\">{\"@context\":\"https:\/\/schema.org\",\"@graph\":[{\"@type\":\"WebPage\",\"@id\":\"https:\/\/zunzz.com\/pt-pt\/product\/hydraulic-tensile-testing-machine\/\",\"url\":\"https:\/\/zunzz.com\/pt-pt\/product\/hydraulic-tensile-testing-machine\/\",\"name\":\"M\u00e1quina de teste de tra\u00e7\u00e3o hidr\u00e1ulica\",\"isPartOf\":{\"@id\":\"https:\/\/zunzz.com\/pt-pt\/#website\"},\"primaryImageOfPage\":{\"@id\":\"https:\/\/zunzz.com\/pt-pt\/product\/hydraulic-tensile-testing-machine\/#primaryimage\"},\"image\":{\"@id\":\"https:\/\/zunzz.com\/pt-pt\/product\/hydraulic-tensile-testing-machine\/#primaryimage\"},\"thumbnailUrl\":\"https:\/\/zunzz.com\/wp-content\/uploads\/2023\/09\/Hydraulic-Tensile-Testing-Machine-1.webp\",\"datePublished\":\"2023-09-22T02:36:31+00:00\",\"dateModified\":\"2025-05-21T00:06:20+00:00\",\"description\":\"A m\u00e1quina de teste de tra\u00e7\u00e3o hidr\u00e1ulica testa o cabo de a\u00e7o, eslinga de cabo de a\u00e7o, eslinga de cinta, gancho, corrente. Item de teste: teste de tra\u00e7\u00e3o\/teste de carga est\u00e1tica\/teste de ruptura\",\"breadcrumb\":{\"@id\":\"https:\/\/zunzz.com\/pt-pt\/product\/hydraulic-tensile-testing-machine\/#breadcrumb\"},\"inLanguage\":\"pt-PT\",\"potentialAction\":[{\"@type\":\"ReadAction\",\"target\":[\"https:\/\/zunzz.com\/pt-pt\/product\/hydraulic-tensile-testing-machine\/\"]}]},{\"@type\":\"ImageObject\",\"inLanguage\":\"pt-PT\",\"@id\":\"https:\/\/zunzz.com\/pt-pt\/product\/hydraulic-tensile-testing-machine\/#primaryimage\",\"url\":\"https:\/\/zunzz.com\/wp-content\/uploads\/2023\/09\/Hydraulic-Tensile-Testing-Machine-1.webp\",\"contentUrl\":\"https:\/\/zunzz.com\/wp-content\/uploads\/2023\/09\/Hydraulic-Tensile-Testing-Machine-1.webp\",\"width\":988,\"height\":988,\"caption\":\"Hydraulic-Tensile-Testing-Machine\"},{\"@type\":\"BreadcrumbList\",\"@id\":\"https:\/\/zunzz.com\/pt-pt\/product\/hydraulic-tensile-testing-machine\/#breadcrumb\",\"itemListElement\":[{\"@type\":\"ListItem\",\"position\":1,\"name\":\"Home\",\"item\":\"https:\/\/zunzz.com\/pt-pt\/home\/\"},{\"@type\":\"ListItem\",\"position\":2,\"name\":\"Shop\",\"item\":\"https:\/\/zunzz.com\/bg\/shop\/\"},{\"@type\":\"ListItem\",\"position\":3,\"name\":\"M\u00e1quina de teste de tra\u00e7\u00e3o hidr\u00e1ulica 200T\"}]},{\"@type\":\"WebSite\",\"@id\":\"https:\/\/zunzz.com\/pt-pt\/#website\",\"url\":\"https:\/\/zunzz.com\/pt-pt\/\",\"name\":\"Zunzz Wire Rope Sling Machine Company\",\"description\":\"Zunzz Wire Rope Sling Machine Company is a leading manufacturer of wire rope sling machines and related products.\",\"publisher\":{\"@id\":\"https:\/\/zunzz.com\/pt-pt\/#organization\"},\"potentialAction\":[{\"@type\":\"SearchAction\",\"target\":{\"@type\":\"EntryPoint\",\"urlTemplate\":\"https:\/\/zunzz.com\/pt-pt\/?s={search_term_string}\"},\"query-input\":{\"@type\":\"PropertyValueSpecification\",\"valueRequired\":true,\"valueName\":\"search_term_string\"}}],\"inLanguage\":\"pt-PT\"},{\"@type\":\"Organization\",\"@id\":\"https:\/\/zunzz.com\/pt-pt\/#organization\",\"name\":\"Zunzz Wire Rope Sling Machine Company\",\"url\":\"https:\/\/zunzz.com\/pt-pt\/\",\"logo\":{\"@type\":\"ImageObject\",\"inLanguage\":\"pt-PT\",\"@id\":\"https:\/\/zunzz.com\/pt-pt\/#\/schema\/logo\/image\/\",\"url\":\"https:\/\/zunzz.com\/wp-content\/uploads\/2023\/09\/Logo.png\",\"contentUrl\":\"https:\/\/zunzz.com\/wp-content\/uploads\/2023\/09\/Logo.png\",\"width\":171,\"height\":133,\"caption\":\"Zunzz Wire Rope Sling Machine Company\"},\"image\":{\"@id\":\"https:\/\/zunzz.com\/pt-pt\/#\/schema\/logo\/image\/\"}}]}<\/script>\n<!-- \/ Yoast SEO plugin. -->","yoast_head_json":{"title":"M\u00e1quina de teste de tra\u00e7\u00e3o hidr\u00e1ulica","description":"A m\u00e1quina de teste de tra\u00e7\u00e3o hidr\u00e1ulica testa o cabo de a\u00e7o, eslinga de cabo de a\u00e7o, eslinga de cinta, gancho, corrente. Item de teste: teste de tra\u00e7\u00e3o\/teste de carga est\u00e1tica\/teste de ruptura","robots":{"index":"index","follow":"follow","max-snippet":"max-snippet:-1","max-image-preview":"max-image-preview:large","max-video-preview":"max-video-preview:-1"},"canonical":"https:\/\/zunzz.com\/pt-pt\/product\/hydraulic-tensile-testing-machine\/","og_locale":"pt_PT","og_type":"article","og_title":"M\u00e1quina de teste de tra\u00e7\u00e3o hidr\u00e1ulica","og_description":"A m\u00e1quina de teste de tra\u00e7\u00e3o hidr\u00e1ulica testa o cabo de a\u00e7o, eslinga de cabo de a\u00e7o, eslinga de cinta, gancho, corrente. Item de teste: teste de tra\u00e7\u00e3o\/teste de carga est\u00e1tica\/teste de ruptura","og_url":"https:\/\/zunzz.com\/pt-pt\/product\/hydraulic-tensile-testing-machine\/","og_site_name":"Zunzz Wire Rope Sling Machine Company","article_modified_time":"2025-05-21T00:06:20+00:00","og_image":[{"width":988,"height":988,"url":"https:\/\/zunzz.com\/wp-content\/uploads\/2023\/09\/Hydraulic-Tensile-Testing-Machine-1.webp","type":"image\/webp"}],"twitter_card":"summary_large_image","twitter_misc":{"Tempo estimado de leitura":"5 minutos"},"schema":{"@context":"https:\/\/schema.org","@graph":[{"@type":"WebPage","@id":"https:\/\/zunzz.com\/pt-pt\/product\/hydraulic-tensile-testing-machine\/","url":"https:\/\/zunzz.com\/pt-pt\/product\/hydraulic-tensile-testing-machine\/","name":"M\u00e1quina de teste de tra\u00e7\u00e3o hidr\u00e1ulica","isPartOf":{"@id":"https:\/\/zunzz.com\/pt-pt\/#website"},"primaryImageOfPage":{"@id":"https:\/\/zunzz.com\/pt-pt\/product\/hydraulic-tensile-testing-machine\/#primaryimage"},"image":{"@id":"https:\/\/zunzz.com\/pt-pt\/product\/hydraulic-tensile-testing-machine\/#primaryimage"},"thumbnailUrl":"https:\/\/zunzz.com\/wp-content\/uploads\/2023\/09\/Hydraulic-Tensile-Testing-Machine-1.webp","datePublished":"2023-09-22T02:36:31+00:00","dateModified":"2025-05-21T00:06:20+00:00","description":"A m\u00e1quina de teste de tra\u00e7\u00e3o hidr\u00e1ulica testa o cabo de a\u00e7o, eslinga de cabo de a\u00e7o, eslinga de cinta, gancho, corrente. Item de teste: teste de tra\u00e7\u00e3o\/teste de carga est\u00e1tica\/teste de ruptura","breadcrumb":{"@id":"https:\/\/zunzz.com\/pt-pt\/product\/hydraulic-tensile-testing-machine\/#breadcrumb"},"inLanguage":"pt-PT","potentialAction":[{"@type":"ReadAction","target":["https:\/\/zunzz.com\/pt-pt\/product\/hydraulic-tensile-testing-machine\/"]}]},{"@type":"ImageObject","inLanguage":"pt-PT","@id":"https:\/\/zunzz.com\/pt-pt\/product\/hydraulic-tensile-testing-machine\/#primaryimage","url":"https:\/\/zunzz.com\/wp-content\/uploads\/2023\/09\/Hydraulic-Tensile-Testing-Machine-1.webp","contentUrl":"https:\/\/zunzz.com\/wp-content\/uploads\/2023\/09\/Hydraulic-Tensile-Testing-Machine-1.webp","width":988,"height":988,"caption":"Hydraulic-Tensile-Testing-Machine"},{"@type":"BreadcrumbList","@id":"https:\/\/zunzz.com\/pt-pt\/product\/hydraulic-tensile-testing-machine\/#breadcrumb","itemListElement":[{"@type":"ListItem","position":1,"name":"Home","item":"https:\/\/zunzz.com\/pt-pt\/home\/"},{"@type":"ListItem","position":2,"name":"Shop","item":"https:\/\/zunzz.com\/bg\/shop\/"},{"@type":"ListItem","position":3,"name":"M\u00e1quina de teste de tra\u00e7\u00e3o hidr\u00e1ulica 200T"}]},{"@type":"WebSite","@id":"https:\/\/zunzz.com\/pt-pt\/#website","url":"https:\/\/zunzz.com\/pt-pt\/","name":"Zunzz Wire Rope Sling Machine Company","description":"Zunzz Wire Rope Sling Machine Company is a leading manufacturer of wire rope sling machines and related products.","publisher":{"@id":"https:\/\/zunzz.com\/pt-pt\/#organization"},"potentialAction":[{"@type":"SearchAction","target":{"@type":"EntryPoint","urlTemplate":"https:\/\/zunzz.com\/pt-pt\/?s={search_term_string}"},"query-input":{"@type":"PropertyValueSpecification","valueRequired":true,"valueName":"search_term_string"}}],"inLanguage":"pt-PT"},{"@type":"Organization","@id":"https:\/\/zunzz.com\/pt-pt\/#organization","name":"Zunzz Wire Rope Sling Machine Company","url":"https:\/\/zunzz.com\/pt-pt\/","logo":{"@type":"ImageObject","inLanguage":"pt-PT","@id":"https:\/\/zunzz.com\/pt-pt\/#\/schema\/logo\/image\/","url":"https:\/\/zunzz.com\/wp-content\/uploads\/2023\/09\/Logo.png","contentUrl":"https:\/\/zunzz.com\/wp-content\/uploads\/2023\/09\/Logo.png","width":171,"height":133,"caption":"Zunzz Wire Rope Sling Machine Company"},"image":{"@id":"https:\/\/zunzz.com\/pt-pt\/#\/schema\/logo\/image\/"}}]}},"_links":{"self":[{"href":"https:\/\/zunzz.com\/pt-pt\/wp-json\/wp\/v2\/product\/2606","targetHints":{"allow":["GET"]}}],"collection":[{"href":"https:\/\/zunzz.com\/pt-pt\/wp-json\/wp\/v2\/product"}],"about":[{"href":"https:\/\/zunzz.com\/pt-pt\/wp-json\/wp\/v2\/types\/product"}],"replies":[{"embeddable":true,"href":"https:\/\/zunzz.com\/pt-pt\/wp-json\/wp\/v2\/comments?post=2606"}],"wp:featuredmedia":[{"embeddable":true,"href":"https:\/\/zunzz.com\/pt-pt\/wp-json\/wp\/v2\/media\/2607"}],"wp:attachment":[{"href":"https:\/\/zunzz.com\/pt-pt\/wp-json\/wp\/v2\/media?parent=2606"}],"wp:term":[{"taxonomy":"product_brand","embeddable":true,"href":"https:\/\/zunzz.com\/pt-pt\/wp-json\/wp\/v2\/product_brand?post=2606"},{"taxonomy":"product_cat","embeddable":true,"href":"https:\/\/zunzz.com\/pt-pt\/wp-json\/wp\/v2\/product_cat?post=2606"},{"taxonomy":"product_tag","embeddable":true,"href":"https:\/\/zunzz.com\/pt-pt\/wp-json\/wp\/v2\/product_tag?post=2606"}],"curies":[{"name":"wp","href":"https:\/\/api.w.org\/{rel}","templated":true}]}}