{"id":2555,"date":"2023-09-22T02:45:05","date_gmt":"2023-09-22T02:45:05","guid":{"rendered":"https:\/\/zunzz.com\/product\/maquina-de-enrolamento-de-cabo-de-aco-5t\/"},"modified":"2023-12-27T05:17:39","modified_gmt":"2023-12-27T05:17:39","slug":"wire-rope-coiling-machine","status":"publish","type":"product","link":"https:\/\/zunzz.com\/pt-pt\/product\/wire-rope-coiling-machine\/","title":{"rendered":"M\u00e1quina de enrolamento de cabo de a\u00e7o 5T"},"content":{"rendered":"<h3>1. M\u00e1quina de enrolamento de cabo de a\u00e7o 5T<\/h3>\n<p>A m\u00e1quina para enrolar cabo de a\u00e7o \u00e9 normalmente usada com mesa girat\u00f3ria sem motor e contador de comprimento. Esta m\u00e1quina possui capacidade de carga de rolamento 5T. Ainda temos m\u00e1quina com capacidade de 10T 15T.<\/p>\n<h3>2. O par\u00e2metro da m\u00e1quina enroladora de cabo de a\u00e7o 5T<\/h3>\n<div class=\"table-r\">\n<table width=\"100%\">\n<tbody>\n<tr>\n<td width=\"50%\">Rolamento de carga m\u00e1xima<\/td>\n<td width=\"50%\">5T<\/td>\n<\/tr>\n<tr>\n<td width=\"50%\">Altura<\/td>\n<td width=\"50%\">1000mm<\/td>\n<\/tr>\n<tr>\n<td width=\"50%\">Comprimento<\/td>\n<td width=\"50%\">1150 mm<\/td>\n<\/tr>\n<tr>\n<td width=\"50%\">Di\u00e2metro efetivo<\/td>\n<td width=\"50%\">1200 mm<\/td>\n<\/tr>\n<tr>\n<td width=\"50%\">M\u00e1x. Di\u00e2metro<\/td>\n<td width=\"50%\">1500mm<\/td>\n<\/tr>\n<tr>\n<td width=\"50%\">Poder<\/td>\n<td width=\"50%\">1,5 kW<\/td>\n<\/tr>\n<tr>\n<td width=\"50%\">Peso<\/td>\n<td width=\"50%\">550Kg<\/td>\n<\/tr>\n<tr>\n<td width=\"50%\">Ajuste de velocidade<\/td>\n<td width=\"50%\">Dispon\u00edvel<\/td>\n<\/tr>\n<tr>\n<td width=\"50%\">Velocidade m\u00ednima de rota\u00e7\u00e3o<\/td>\n<td width=\"50%\">5 r\/min<\/td>\n<\/tr>\n<tr>\n<td width=\"50%\">Velocidade m\u00e1xima de rota\u00e7\u00e3o<\/td>\n<td width=\"50%\">23r\/min<\/td>\n<\/tr>\n<tr>\n<td width=\"50%\">Tens\u00e3o e frequ\u00eancia<\/td>\n<td width=\"50%\">Como pedido<\/td>\n<\/tr>\n<\/tbody>\n<\/table>\n<p>&nbsp;<\/p>\n<\/div>\n<p><iframe title=\"wire rope coiling machine\" width=\"1060\" height=\"596\" src=\"https:\/\/www.youtube.com\/embed\/vu4QzkZTDEo?feature=oembed\" frameborder=\"0\" allow=\"accelerometer; autoplay; clipboard-write; encrypted-media; gyroscope; picture-in-picture; web-share\" allowfullscreen><\/iframe><\/p>\n<h3>3. As vantagens da m\u00e1quina de enrolamento<\/h3>\n<p>As m\u00e1quinas de enrolamento autom\u00e1tico de cabos t\u00eam muitas vantagens. Em primeiro lugar, pode reduzir significativamente a intensidade do trabalho de armazenamento manual de cabos e melhorar a efici\u00eancia do trabalho. Em segundo lugar, pode garantir a qualidade de armazenamento e a vida \u00fatil do cabo, evitando danos ou polui\u00e7\u00e3o ao cabo. Al\u00e9m disso, tamb\u00e9m pode obter r\u00e1pida libera\u00e7\u00e3o e reciclagem de cabos, tornando-o conveniente para uso e opera\u00e7\u00e3o dos usu\u00e1rios.<\/p>\n<p>Resumindo, a m\u00e1quina enroladora autom\u00e1tica de cabos \u00e9 um dispositivo muito pr\u00e1tico que pode ser amplamente utilizado em diversas situa\u00e7\u00f5es onde os cabos precisam ser armazenados e gerenciados. Com o progresso cont\u00ednuo da tecnologia e a crescente procura de aplica\u00e7\u00f5es, acreditamos que o seu desempenho e qualidade tamb\u00e9m ser\u00e3o continuamente melhorados e melhorados.<\/p>\n<p><img fetchpriority=\"high\" decoding=\"async\" class=\"alignnone wp-image-388 size-full\" src=\"https:\/\/zunzz.com\/wp-content\/uploads\/2023\/09\/Wire-Rope-Coiling-Machine-5T-1.webp\" alt=\"M\u00e1quina enroladora de cabo de a\u00e7o 5T-1\" width=\"1000\" height=\"1000\" srcset=\"https:\/\/zunzz.com\/wp-content\/uploads\/2023\/09\/Wire-Rope-Coiling-Machine-5T-1.webp 1000w, https:\/\/zunzz.com\/wp-content\/uploads\/2023\/09\/Wire-Rope-Coiling-Machine-5T-1-300x300.webp 300w, https:\/\/zunzz.com\/wp-content\/uploads\/2023\/09\/Wire-Rope-Coiling-Machine-5T-1-150x150.webp 150w, https:\/\/zunzz.com\/wp-content\/uploads\/2023\/09\/Wire-Rope-Coiling-Machine-5T-1-768x768.webp 768w, https:\/\/zunzz.com\/wp-content\/uploads\/2023\/09\/Wire-Rope-Coiling-Machine-5T-1-570x570.webp 570w, https:\/\/zunzz.com\/wp-content\/uploads\/2023\/09\/Wire-Rope-Coiling-Machine-5T-1-500x500.webp 500w, https:\/\/zunzz.com\/wp-content\/uploads\/2023\/09\/Wire-Rope-Coiling-Machine-5T-1-700x700.webp 700w, https:\/\/zunzz.com\/wp-content\/uploads\/2023\/09\/Wire-Rope-Coiling-Machine-5T-1-650x650.webp 650w, https:\/\/zunzz.com\/wp-content\/uploads\/2023\/09\/Wire-Rope-Coiling-Machine-5T-1-600x600.webp 600w, https:\/\/zunzz.com\/wp-content\/uploads\/2023\/09\/Wire-Rope-Coiling-Machine-5T-1-100x100.webp 100w\" sizes=\"(max-width: 1000px) 100vw, 1000px\" \/> <img decoding=\"async\" class=\"alignnone wp-image-389 size-full\" src=\"https:\/\/zunzz.com\/wp-content\/uploads\/2023\/09\/Wire-Rope-Coiling-Machine-5T-2.webp\" alt=\"M\u00e1quina enroladora de cabo de a\u00e7o 5T-2\" width=\"1000\" height=\"750\" srcset=\"https:\/\/zunzz.com\/wp-content\/uploads\/2023\/09\/Wire-Rope-Coiling-Machine-5T-2.webp 1000w, https:\/\/zunzz.com\/wp-content\/uploads\/2023\/09\/Wire-Rope-Coiling-Machine-5T-2-300x225.webp 300w, https:\/\/zunzz.com\/wp-content\/uploads\/2023\/09\/Wire-Rope-Coiling-Machine-5T-2-768x576.webp 768w, https:\/\/zunzz.com\/wp-content\/uploads\/2023\/09\/Wire-Rope-Coiling-Machine-5T-2-800x600.webp 800w, https:\/\/zunzz.com\/wp-content\/uploads\/2023\/09\/Wire-Rope-Coiling-Machine-5T-2-700x525.webp 700w, https:\/\/zunzz.com\/wp-content\/uploads\/2023\/09\/Wire-Rope-Coiling-Machine-5T-2-600x450.webp 600w\" sizes=\"(max-width: 1000px) 100vw, 1000px\" \/> <img decoding=\"async\" class=\"alignnone wp-image-390 size-full\" src=\"https:\/\/zunzz.com\/wp-content\/uploads\/2023\/09\/Wire-Rope-Coiling-Machine-5T-3.webp\" alt=\"M\u00e1quina enroladora de cabo de a\u00e7o 5T-3\" width=\"1000\" height=\"998\" srcset=\"https:\/\/zunzz.com\/wp-content\/uploads\/2023\/09\/Wire-Rope-Coiling-Machine-5T-3.webp 1000w, https:\/\/zunzz.com\/wp-content\/uploads\/2023\/09\/Wire-Rope-Coiling-Machine-5T-3-300x300.webp 300w, https:\/\/zunzz.com\/wp-content\/uploads\/2023\/09\/Wire-Rope-Coiling-Machine-5T-3-150x150.webp 150w, https:\/\/zunzz.com\/wp-content\/uploads\/2023\/09\/Wire-Rope-Coiling-Machine-5T-3-768x766.webp 768w, https:\/\/zunzz.com\/wp-content\/uploads\/2023\/09\/Wire-Rope-Coiling-Machine-5T-3-570x570.webp 570w, https:\/\/zunzz.com\/wp-content\/uploads\/2023\/09\/Wire-Rope-Coiling-Machine-5T-3-500x500.webp 500w, https:\/\/zunzz.com\/wp-content\/uploads\/2023\/09\/Wire-Rope-Coiling-Machine-5T-3-700x699.webp 700w, https:\/\/zunzz.com\/wp-content\/uploads\/2023\/09\/Wire-Rope-Coiling-Machine-5T-3-650x650.webp 650w, https:\/\/zunzz.com\/wp-content\/uploads\/2023\/09\/Wire-Rope-Coiling-Machine-5T-3-600x599.webp 600w, https:\/\/zunzz.com\/wp-content\/uploads\/2023\/09\/Wire-Rope-Coiling-Machine-5T-3-100x100.webp 100w\" sizes=\"(max-width: 1000px) 100vw, 1000px\" \/><img loading=\"lazy\" decoding=\"async\" class=\"alignnone wp-image-2495 size-full\" src=\"https:\/\/zunzz.com\/wp-content\/uploads\/2023\/09\/Wire-Rope-Coiling-Machine-5T-4.webp\" alt=\"M\u00e1quina enroladora de cabo de a\u00e7o 5T-4\" width=\"1000\" height=\"1768\" srcset=\"https:\/\/zunzz.com\/wp-content\/uploads\/2023\/09\/Wire-Rope-Coiling-Machine-5T-4.webp 1000w, https:\/\/zunzz.com\/wp-content\/uploads\/2023\/09\/Wire-Rope-Coiling-Machine-5T-4-170x300.webp 170w, https:\/\/zunzz.com\/wp-content\/uploads\/2023\/09\/Wire-Rope-Coiling-Machine-5T-4-579x1024.webp 579w, https:\/\/zunzz.com\/wp-content\/uploads\/2023\/09\/Wire-Rope-Coiling-Machine-5T-4-768x1358.webp 768w, https:\/\/zunzz.com\/wp-content\/uploads\/2023\/09\/Wire-Rope-Coiling-Machine-5T-4-869x1536.webp 869w, https:\/\/zunzz.com\/wp-content\/uploads\/2023\/09\/Wire-Rope-Coiling-Machine-5T-4-700x1238.webp 700w, https:\/\/zunzz.com\/wp-content\/uploads\/2023\/09\/Wire-Rope-Coiling-Machine-5T-4-600x1061.webp 600w\" sizes=\"(max-width: 1000px) 100vw, 1000px\" \/> <img loading=\"lazy\" decoding=\"async\" class=\"alignnone wp-image-2510 size-full\" src=\"https:\/\/zunzz.com\/wp-content\/uploads\/2023\/09\/Wire-Rope-Coiling-Machine-5T-5.webp\" alt=\"M\u00e1quina enroladora de cabo de a\u00e7o 5T-5\" width=\"1000\" height=\"565\" srcset=\"https:\/\/zunzz.com\/wp-content\/uploads\/2023\/09\/Wire-Rope-Coiling-Machine-5T-5.webp 1000w, https:\/\/zunzz.com\/wp-content\/uploads\/2023\/09\/Wire-Rope-Coiling-Machine-5T-5-300x170.webp 300w, https:\/\/zunzz.com\/wp-content\/uploads\/2023\/09\/Wire-Rope-Coiling-Machine-5T-5-768x434.webp 768w, https:\/\/zunzz.com\/wp-content\/uploads\/2023\/09\/Wire-Rope-Coiling-Machine-5T-5-700x396.webp 700w, https:\/\/zunzz.com\/wp-content\/uploads\/2023\/09\/Wire-Rope-Coiling-Machine-5T-5-600x339.webp 600w\" sizes=\"(max-width: 1000px) 100vw, 1000px\" \/><\/p>\n","protected":false},"excerpt":{"rendered":"<p>Modelo: FS05<br \/>\nCapacidade: 5T<br \/>\nM\u00e1x. Di\u00e2metro: 1200mm<br \/>\nPot\u00eancia: 1,5KW<br \/>\nTamanho: 1200*1150*1100mm<br \/>\nPeso: 550KG<\/p>\n<p>Idioma dispon\u00edvel:[wpml_language_selector_widget]<\/p>\n<p><a href=\"https:\/\/zunzz.com\/pt-pt\/contact-store\/\"><button class=\"single_add_to_cart_button button alt\" type=\"submit\">PERGUNTE AGORA<\/button><\/a><\/p>\n","protected":false},"featured_media":2556,"comment_status":"open","ping_status":"closed","template":"","meta":[],"product_brand":[],"product_cat":[208],"product_tag":[258],"class_list":{"0":"post-2555","1":"product","2":"type-product","3":"status-publish","4":"has-post-thumbnail","6":"product_cat-wire-rope-coiling-machine","7":"product_tag-wire-rope-coiling-machine","9":"first","10":"instock","11":"taxable","12":"shipping-taxable","13":"product-type-simple"},"yoast_head":"<!-- This site is optimized with the Yoast SEO plugin v26.8 - https:\/\/yoast.com\/product\/yoast-seo-wordpress\/ -->\n<title>M\u00e1quina de enrolamento de cabo de a\u00e7o 5T<\/title>\n<meta name=\"description\" content=\"A m\u00e1quina para enrolar cabo de a\u00e7o \u00e9 normalmente usada com mesa girat\u00f3ria sem motor e contador de comprimento. Esta m\u00e1quina possui capacidade de carga de rolamento 5T.\" \/>\n<meta name=\"robots\" content=\"index, follow, max-snippet:-1, max-image-preview:large, max-video-preview:-1\" \/>\n<link rel=\"canonical\" href=\"https:\/\/zunzz.com\/pt-pt\/product\/wire-rope-coiling-machine\/\" \/>\n<meta property=\"og:locale\" content=\"pt_PT\" \/>\n<meta property=\"og:type\" content=\"article\" \/>\n<meta property=\"og:title\" content=\"M\u00e1quina de enrolamento de cabo de a\u00e7o 5T\" \/>\n<meta property=\"og:description\" content=\"A m\u00e1quina para enrolar cabo de a\u00e7o \u00e9 normalmente usada com mesa girat\u00f3ria sem motor e contador de comprimento. Esta m\u00e1quina possui capacidade de carga de rolamento 5T.\" \/>\n<meta property=\"og:url\" content=\"https:\/\/zunzz.com\/pt-pt\/product\/wire-rope-coiling-machine\/\" \/>\n<meta property=\"og:site_name\" content=\"Zunzz Wire Rope Sling Machine Company\" \/>\n<meta property=\"article:modified_time\" content=\"2023-12-27T05:17:39+00:00\" \/>\n<meta property=\"og:image\" content=\"https:\/\/zunzz.com\/wp-content\/uploads\/2023\/09\/Wire-Rope-Coiling-Machine-5T-3.webp\" \/>\n\t<meta property=\"og:image:width\" content=\"1000\" \/>\n\t<meta property=\"og:image:height\" content=\"998\" \/>\n\t<meta property=\"og:image:type\" content=\"image\/webp\" \/>\n<meta name=\"twitter:card\" content=\"summary_large_image\" \/>\n<meta name=\"twitter:label1\" content=\"Tempo estimado de leitura\" \/>\n\t<meta name=\"twitter:data1\" content=\"4 minutos\" \/>\n<script type=\"application\/ld+json\" class=\"yoast-schema-graph\">{\"@context\":\"https:\/\/schema.org\",\"@graph\":[{\"@type\":\"WebPage\",\"@id\":\"https:\/\/zunzz.com\/pt-pt\/product\/wire-rope-coiling-machine\/\",\"url\":\"https:\/\/zunzz.com\/pt-pt\/product\/wire-rope-coiling-machine\/\",\"name\":\"M\u00e1quina de enrolamento de cabo de a\u00e7o 5T\",\"isPartOf\":{\"@id\":\"https:\/\/zunzz.com\/pt-pt\/#website\"},\"primaryImageOfPage\":{\"@id\":\"https:\/\/zunzz.com\/pt-pt\/product\/wire-rope-coiling-machine\/#primaryimage\"},\"image\":{\"@id\":\"https:\/\/zunzz.com\/pt-pt\/product\/wire-rope-coiling-machine\/#primaryimage\"},\"thumbnailUrl\":\"https:\/\/zunzz.com\/wp-content\/uploads\/2023\/09\/Wire-Rope-Coiling-Machine-5T-3.webp\",\"datePublished\":\"2023-09-22T02:45:05+00:00\",\"dateModified\":\"2023-12-27T05:17:39+00:00\",\"description\":\"A m\u00e1quina para enrolar cabo de a\u00e7o \u00e9 normalmente usada com mesa girat\u00f3ria sem motor e contador de comprimento. Esta m\u00e1quina possui capacidade de carga de rolamento 5T.\",\"breadcrumb\":{\"@id\":\"https:\/\/zunzz.com\/pt-pt\/product\/wire-rope-coiling-machine\/#breadcrumb\"},\"inLanguage\":\"pt-PT\",\"potentialAction\":[{\"@type\":\"ReadAction\",\"target\":[\"https:\/\/zunzz.com\/pt-pt\/product\/wire-rope-coiling-machine\/\"]}]},{\"@type\":\"ImageObject\",\"inLanguage\":\"pt-PT\",\"@id\":\"https:\/\/zunzz.com\/pt-pt\/product\/wire-rope-coiling-machine\/#primaryimage\",\"url\":\"https:\/\/zunzz.com\/wp-content\/uploads\/2023\/09\/Wire-Rope-Coiling-Machine-5T-3.webp\",\"contentUrl\":\"https:\/\/zunzz.com\/wp-content\/uploads\/2023\/09\/Wire-Rope-Coiling-Machine-5T-3.webp\",\"width\":1000,\"height\":998,\"caption\":\"Wire Rope Coiling Machine 5T\"},{\"@type\":\"BreadcrumbList\",\"@id\":\"https:\/\/zunzz.com\/pt-pt\/product\/wire-rope-coiling-machine\/#breadcrumb\",\"itemListElement\":[{\"@type\":\"ListItem\",\"position\":1,\"name\":\"Home\",\"item\":\"https:\/\/zunzz.com\/pt-pt\/home\/\"},{\"@type\":\"ListItem\",\"position\":2,\"name\":\"Shop\",\"item\":\"https:\/\/zunzz.com\/bg\/shop\/\"},{\"@type\":\"ListItem\",\"position\":3,\"name\":\"M\u00e1quina de enrolamento de cabo de a\u00e7o 5T\"}]},{\"@type\":\"WebSite\",\"@id\":\"https:\/\/zunzz.com\/pt-pt\/#website\",\"url\":\"https:\/\/zunzz.com\/pt-pt\/\",\"name\":\"Zunzz Wire Rope Sling Machine Company\",\"description\":\"Zunzz Wire Rope Sling Machine Company is a leading manufacturer of wire rope sling machines and related products.\",\"publisher\":{\"@id\":\"https:\/\/zunzz.com\/pt-pt\/#organization\"},\"potentialAction\":[{\"@type\":\"SearchAction\",\"target\":{\"@type\":\"EntryPoint\",\"urlTemplate\":\"https:\/\/zunzz.com\/pt-pt\/?s={search_term_string}\"},\"query-input\":{\"@type\":\"PropertyValueSpecification\",\"valueRequired\":true,\"valueName\":\"search_term_string\"}}],\"inLanguage\":\"pt-PT\"},{\"@type\":\"Organization\",\"@id\":\"https:\/\/zunzz.com\/pt-pt\/#organization\",\"name\":\"Zunzz Wire Rope Sling Machine Company\",\"url\":\"https:\/\/zunzz.com\/pt-pt\/\",\"logo\":{\"@type\":\"ImageObject\",\"inLanguage\":\"pt-PT\",\"@id\":\"https:\/\/zunzz.com\/pt-pt\/#\/schema\/logo\/image\/\",\"url\":\"https:\/\/zunzz.com\/wp-content\/uploads\/2023\/09\/Logo.png\",\"contentUrl\":\"https:\/\/zunzz.com\/wp-content\/uploads\/2023\/09\/Logo.png\",\"width\":171,\"height\":133,\"caption\":\"Zunzz Wire Rope Sling Machine Company\"},\"image\":{\"@id\":\"https:\/\/zunzz.com\/pt-pt\/#\/schema\/logo\/image\/\"}}]}<\/script>\n<!-- \/ Yoast SEO plugin. -->","yoast_head_json":{"title":"M\u00e1quina de enrolamento de cabo de a\u00e7o 5T","description":"A m\u00e1quina para enrolar cabo de a\u00e7o \u00e9 normalmente usada com mesa girat\u00f3ria sem motor e contador de comprimento. Esta m\u00e1quina possui capacidade de carga de rolamento 5T.","robots":{"index":"index","follow":"follow","max-snippet":"max-snippet:-1","max-image-preview":"max-image-preview:large","max-video-preview":"max-video-preview:-1"},"canonical":"https:\/\/zunzz.com\/pt-pt\/product\/wire-rope-coiling-machine\/","og_locale":"pt_PT","og_type":"article","og_title":"M\u00e1quina de enrolamento de cabo de a\u00e7o 5T","og_description":"A m\u00e1quina para enrolar cabo de a\u00e7o \u00e9 normalmente usada com mesa girat\u00f3ria sem motor e contador de comprimento. Esta m\u00e1quina possui capacidade de carga de rolamento 5T.","og_url":"https:\/\/zunzz.com\/pt-pt\/product\/wire-rope-coiling-machine\/","og_site_name":"Zunzz Wire Rope Sling Machine Company","article_modified_time":"2023-12-27T05:17:39+00:00","og_image":[{"width":1000,"height":998,"url":"https:\/\/zunzz.com\/wp-content\/uploads\/2023\/09\/Wire-Rope-Coiling-Machine-5T-3.webp","type":"image\/webp"}],"twitter_card":"summary_large_image","twitter_misc":{"Tempo estimado de leitura":"4 minutos"},"schema":{"@context":"https:\/\/schema.org","@graph":[{"@type":"WebPage","@id":"https:\/\/zunzz.com\/pt-pt\/product\/wire-rope-coiling-machine\/","url":"https:\/\/zunzz.com\/pt-pt\/product\/wire-rope-coiling-machine\/","name":"M\u00e1quina de enrolamento de cabo de a\u00e7o 5T","isPartOf":{"@id":"https:\/\/zunzz.com\/pt-pt\/#website"},"primaryImageOfPage":{"@id":"https:\/\/zunzz.com\/pt-pt\/product\/wire-rope-coiling-machine\/#primaryimage"},"image":{"@id":"https:\/\/zunzz.com\/pt-pt\/product\/wire-rope-coiling-machine\/#primaryimage"},"thumbnailUrl":"https:\/\/zunzz.com\/wp-content\/uploads\/2023\/09\/Wire-Rope-Coiling-Machine-5T-3.webp","datePublished":"2023-09-22T02:45:05+00:00","dateModified":"2023-12-27T05:17:39+00:00","description":"A m\u00e1quina para enrolar cabo de a\u00e7o \u00e9 normalmente usada com mesa girat\u00f3ria sem motor e contador de comprimento. Esta m\u00e1quina possui capacidade de carga de rolamento 5T.","breadcrumb":{"@id":"https:\/\/zunzz.com\/pt-pt\/product\/wire-rope-coiling-machine\/#breadcrumb"},"inLanguage":"pt-PT","potentialAction":[{"@type":"ReadAction","target":["https:\/\/zunzz.com\/pt-pt\/product\/wire-rope-coiling-machine\/"]}]},{"@type":"ImageObject","inLanguage":"pt-PT","@id":"https:\/\/zunzz.com\/pt-pt\/product\/wire-rope-coiling-machine\/#primaryimage","url":"https:\/\/zunzz.com\/wp-content\/uploads\/2023\/09\/Wire-Rope-Coiling-Machine-5T-3.webp","contentUrl":"https:\/\/zunzz.com\/wp-content\/uploads\/2023\/09\/Wire-Rope-Coiling-Machine-5T-3.webp","width":1000,"height":998,"caption":"Wire Rope Coiling Machine 5T"},{"@type":"BreadcrumbList","@id":"https:\/\/zunzz.com\/pt-pt\/product\/wire-rope-coiling-machine\/#breadcrumb","itemListElement":[{"@type":"ListItem","position":1,"name":"Home","item":"https:\/\/zunzz.com\/pt-pt\/home\/"},{"@type":"ListItem","position":2,"name":"Shop","item":"https:\/\/zunzz.com\/bg\/shop\/"},{"@type":"ListItem","position":3,"name":"M\u00e1quina de enrolamento de cabo de a\u00e7o 5T"}]},{"@type":"WebSite","@id":"https:\/\/zunzz.com\/pt-pt\/#website","url":"https:\/\/zunzz.com\/pt-pt\/","name":"Zunzz Wire Rope Sling Machine Company","description":"Zunzz Wire Rope Sling Machine Company is a leading manufacturer of wire rope sling machines and related products.","publisher":{"@id":"https:\/\/zunzz.com\/pt-pt\/#organization"},"potentialAction":[{"@type":"SearchAction","target":{"@type":"EntryPoint","urlTemplate":"https:\/\/zunzz.com\/pt-pt\/?s={search_term_string}"},"query-input":{"@type":"PropertyValueSpecification","valueRequired":true,"valueName":"search_term_string"}}],"inLanguage":"pt-PT"},{"@type":"Organization","@id":"https:\/\/zunzz.com\/pt-pt\/#organization","name":"Zunzz Wire Rope Sling Machine Company","url":"https:\/\/zunzz.com\/pt-pt\/","logo":{"@type":"ImageObject","inLanguage":"pt-PT","@id":"https:\/\/zunzz.com\/pt-pt\/#\/schema\/logo\/image\/","url":"https:\/\/zunzz.com\/wp-content\/uploads\/2023\/09\/Logo.png","contentUrl":"https:\/\/zunzz.com\/wp-content\/uploads\/2023\/09\/Logo.png","width":171,"height":133,"caption":"Zunzz Wire Rope Sling Machine Company"},"image":{"@id":"https:\/\/zunzz.com\/pt-pt\/#\/schema\/logo\/image\/"}}]}},"_links":{"self":[{"href":"https:\/\/zunzz.com\/pt-pt\/wp-json\/wp\/v2\/product\/2555","targetHints":{"allow":["GET"]}}],"collection":[{"href":"https:\/\/zunzz.com\/pt-pt\/wp-json\/wp\/v2\/product"}],"about":[{"href":"https:\/\/zunzz.com\/pt-pt\/wp-json\/wp\/v2\/types\/product"}],"replies":[{"embeddable":true,"href":"https:\/\/zunzz.com\/pt-pt\/wp-json\/wp\/v2\/comments?post=2555"}],"wp:featuredmedia":[{"embeddable":true,"href":"https:\/\/zunzz.com\/pt-pt\/wp-json\/wp\/v2\/media\/2556"}],"wp:attachment":[{"href":"https:\/\/zunzz.com\/pt-pt\/wp-json\/wp\/v2\/media?parent=2555"}],"wp:term":[{"taxonomy":"product_brand","embeddable":true,"href":"https:\/\/zunzz.com\/pt-pt\/wp-json\/wp\/v2\/product_brand?post=2555"},{"taxonomy":"product_cat","embeddable":true,"href":"https:\/\/zunzz.com\/pt-pt\/wp-json\/wp\/v2\/product_cat?post=2555"},{"taxonomy":"product_tag","embeddable":true,"href":"https:\/\/zunzz.com\/pt-pt\/wp-json\/wp\/v2\/product_tag?post=2555"}],"curies":[{"name":"wp","href":"https:\/\/api.w.org\/{rel}","templated":true}]}}