{"id":2266,"date":"2023-10-15T11:56:26","date_gmt":"2023-10-15T11:56:26","guid":{"rendered":"https:\/\/zunzz.com\/product\/swager-de-cabo-de-aco-60t\/"},"modified":"2023-12-10T12:07:46","modified_gmt":"2023-12-10T12:07:46","slug":"wire-rope-swager","status":"publish","type":"product","link":"https:\/\/zunzz.com\/pt-pt\/product\/wire-rope-swager\/","title":{"rendered":"Swager de cabo de a\u00e7o 60T"},"content":{"rendered":"<h3>swager de cabo de a\u00e7o<\/h3>\n<p>Este swager de cabo de a\u00e7o Especifica\u00e7\u00f5es aplic\u00e1veis do cabo de a\u00e7o: \u03a6 3 \u03a6 4 \u03a6 5 \u03a6 6 \u03a6 8 \u03a6 9 \u03a6 10 \u03a6 11 \u03a6 12,5 mm<\/p>\n<p>Adequado para crimpagem de manga de alum\u00ednio el\u00edptica plana, com bom efeito de crimpagem e forte resist\u00eancia \u00e0 tra\u00e7\u00e3o.<\/p>\n<p>A cavidade do molde passa por um polimento especial para produzir for\u00e7a e, ap\u00f3s a prensagem, n\u00e3o adere \u00e0s ferragens, facilitando a desmoldagem.<\/p>\n<p>Design dividido, que precisa ser usado em conjunto com bombas hidr\u00e1ulicas.<\/p>\n<p><img fetchpriority=\"high\" decoding=\"async\" class=\"alignnone size-full wp-image-1159\" src=\"https:\/\/zunzz.com\/wp-content\/uploads\/2023\/10\/wire-rope-swager1.webp\" alt=\"swager de cabo de a\u00e7o\" width=\"750\" height=\"615\" srcset=\"https:\/\/zunzz.com\/wp-content\/uploads\/2023\/10\/wire-rope-swager1.webp 750w, https:\/\/zunzz.com\/wp-content\/uploads\/2023\/10\/wire-rope-swager1-300x246.webp 300w, https:\/\/zunzz.com\/wp-content\/uploads\/2023\/10\/wire-rope-swager1-700x574.webp 700w, https:\/\/zunzz.com\/wp-content\/uploads\/2023\/10\/wire-rope-swager1-600x492.webp 600w\" sizes=\"(max-width: 750px) 100vw, 750px\" \/> <img decoding=\"async\" class=\"alignnone size-full wp-image-1155\" src=\"https:\/\/zunzz.com\/wp-content\/uploads\/2023\/10\/wire-rope-swager.webp\" alt=\"swager de cabo de a\u00e7o\" width=\"800\" height=\"800\" srcset=\"https:\/\/zunzz.com\/wp-content\/uploads\/2023\/10\/wire-rope-swager.webp 800w, https:\/\/zunzz.com\/wp-content\/uploads\/2023\/10\/wire-rope-swager-300x300.webp 300w, https:\/\/zunzz.com\/wp-content\/uploads\/2023\/10\/wire-rope-swager-150x150.webp 150w, https:\/\/zunzz.com\/wp-content\/uploads\/2023\/10\/wire-rope-swager-768x768.webp 768w, https:\/\/zunzz.com\/wp-content\/uploads\/2023\/10\/wire-rope-swager-570x570.webp 570w, https:\/\/zunzz.com\/wp-content\/uploads\/2023\/10\/wire-rope-swager-500x500.webp 500w, https:\/\/zunzz.com\/wp-content\/uploads\/2023\/10\/wire-rope-swager-700x700.webp 700w, https:\/\/zunzz.com\/wp-content\/uploads\/2023\/10\/wire-rope-swager-650x650.webp 650w, https:\/\/zunzz.com\/wp-content\/uploads\/2023\/10\/wire-rope-swager-600x600.webp 600w, https:\/\/zunzz.com\/wp-content\/uploads\/2023\/10\/wire-rope-swager-100x100.webp 100w\" sizes=\"(max-width: 800px) 100vw, 800px\" \/> <img decoding=\"async\" class=\"alignnone size-full wp-image-1151\" src=\"https:\/\/zunzz.com\/wp-content\/uploads\/2023\/10\/die-.webp\" alt=\"swager de cabo de a\u00e7o\" width=\"750\" height=\"920\" srcset=\"https:\/\/zunzz.com\/wp-content\/uploads\/2023\/10\/die-.webp 750w, https:\/\/zunzz.com\/wp-content\/uploads\/2023\/10\/die--245x300.webp 245w, https:\/\/zunzz.com\/wp-content\/uploads\/2023\/10\/die--700x859.webp 700w, https:\/\/zunzz.com\/wp-content\/uploads\/2023\/10\/die--600x736.webp 600w\" sizes=\"(max-width: 750px) 100vw, 750px\" \/><\/p>\n","protected":false},"excerpt":{"rendered":"<p>Modelo: YT600<br \/>\nCapacidade: 600KN<br \/>\nDi\u00e2metro da imprensa: 12,5 mm<br \/>\nPot\u00eancia: 0,75 kW<br \/>\nTamanho: 150*205*380mm<br \/>\nPeso: 180KG<\/p>\n<p>Idioma dispon\u00edvel:[wpml_language_selector_widget]<\/p>\n<p><a href=\"https:\/\/zunzz.com\/pt-pt\/contact-store\/\"><button class=\"single_add_to_cart_button button alt\" type=\"submit\">PERGUNTE AGORA<\/button><\/a><\/p>\n","protected":false},"featured_media":1155,"comment_status":"open","ping_status":"closed","template":"","meta":[],"product_brand":[],"product_cat":[209],"product_tag":[272],"class_list":{"0":"post-2266","1":"product","2":"type-product","3":"status-publish","4":"has-post-thumbnail","6":"product_cat-wire-rope-swaging-machine","7":"product_tag-wire-rope-swaging-machine","9":"first","10":"instock","11":"taxable","12":"shipping-taxable","13":"product-type-simple"},"yoast_head":"<!-- This site is optimized with the Yoast SEO plugin v26.8 - https:\/\/yoast.com\/product\/yoast-seo-wordpress\/ -->\n<title>swager de cabo de a\u00e7o 60T<\/title>\n<meta name=\"description\" content=\"Este swager de cabo de a\u00e7o \u00e9 aplic\u00e1vel para especifica\u00e7\u00f5es de cabo de a\u00e7o: \u03a6 3 \u03a6 4 \u03a6 5 \u03a6 6 \u03a6 8 \u03a6 9 \u03a6 10 \u03a6 11 \u03a6 12,5 mm. Por favor, entre em contato conosco para mais detalhes\" \/>\n<meta name=\"robots\" content=\"index, follow, max-snippet:-1, max-image-preview:large, max-video-preview:-1\" \/>\n<link rel=\"canonical\" href=\"https:\/\/zunzz.com\/pt-pt\/product\/wire-rope-swager\/\" \/>\n<meta property=\"og:locale\" content=\"pt_PT\" \/>\n<meta property=\"og:type\" content=\"article\" \/>\n<meta property=\"og:title\" content=\"swager de cabo de a\u00e7o 60T\" \/>\n<meta property=\"og:description\" content=\"Este swager de cabo de a\u00e7o \u00e9 aplic\u00e1vel para especifica\u00e7\u00f5es de cabo de a\u00e7o: \u03a6 3 \u03a6 4 \u03a6 5 \u03a6 6 \u03a6 8 \u03a6 9 \u03a6 10 \u03a6 11 \u03a6 12,5 mm. Por favor, entre em contato conosco para mais detalhes\" \/>\n<meta property=\"og:url\" content=\"https:\/\/zunzz.com\/pt-pt\/product\/wire-rope-swager\/\" \/>\n<meta property=\"og:site_name\" content=\"Zunzz Wire Rope Sling Machine Company\" \/>\n<meta property=\"article:modified_time\" content=\"2023-12-10T12:07:46+00:00\" \/>\n<meta property=\"og:image\" content=\"https:\/\/zunzz.com\/wp-content\/uploads\/2023\/10\/wire-rope-swager.webp\" \/>\n\t<meta property=\"og:image:width\" content=\"800\" \/>\n\t<meta property=\"og:image:height\" content=\"800\" \/>\n\t<meta property=\"og:image:type\" content=\"image\/webp\" \/>\n<meta name=\"twitter:card\" content=\"summary_large_image\" \/>\n<meta name=\"twitter:label1\" content=\"Tempo estimado de leitura\" \/>\n\t<meta name=\"twitter:data1\" content=\"1 minuto\" \/>\n<script type=\"application\/ld+json\" class=\"yoast-schema-graph\">{\"@context\":\"https:\/\/schema.org\",\"@graph\":[{\"@type\":\"WebPage\",\"@id\":\"https:\/\/zunzz.com\/pt-pt\/product\/wire-rope-swager\/\",\"url\":\"https:\/\/zunzz.com\/pt-pt\/product\/wire-rope-swager\/\",\"name\":\"swager de cabo de a\u00e7o 60T\",\"isPartOf\":{\"@id\":\"https:\/\/zunzz.com\/pt-pt\/#website\"},\"primaryImageOfPage\":{\"@id\":\"https:\/\/zunzz.com\/pt-pt\/product\/wire-rope-swager\/#primaryimage\"},\"image\":{\"@id\":\"https:\/\/zunzz.com\/pt-pt\/product\/wire-rope-swager\/#primaryimage\"},\"thumbnailUrl\":\"https:\/\/zunzz.com\/wp-content\/uploads\/2023\/10\/wire-rope-swager.webp\",\"datePublished\":\"2023-10-15T11:56:26+00:00\",\"dateModified\":\"2023-12-10T12:07:46+00:00\",\"description\":\"Este swager de cabo de a\u00e7o \u00e9 aplic\u00e1vel para especifica\u00e7\u00f5es de cabo de a\u00e7o: \u03a6 3 \u03a6 4 \u03a6 5 \u03a6 6 \u03a6 8 \u03a6 9 \u03a6 10 \u03a6 11 \u03a6 12,5 mm. Por favor, entre em contato conosco para mais detalhes\",\"breadcrumb\":{\"@id\":\"https:\/\/zunzz.com\/pt-pt\/product\/wire-rope-swager\/#breadcrumb\"},\"inLanguage\":\"pt-PT\",\"potentialAction\":[{\"@type\":\"ReadAction\",\"target\":[\"https:\/\/zunzz.com\/pt-pt\/product\/wire-rope-swager\/\"]}]},{\"@type\":\"ImageObject\",\"inLanguage\":\"pt-PT\",\"@id\":\"https:\/\/zunzz.com\/pt-pt\/product\/wire-rope-swager\/#primaryimage\",\"url\":\"https:\/\/zunzz.com\/wp-content\/uploads\/2023\/10\/wire-rope-swager.webp\",\"contentUrl\":\"https:\/\/zunzz.com\/wp-content\/uploads\/2023\/10\/wire-rope-swager.webp\",\"width\":800,\"height\":800,\"caption\":\"wire rope swager\"},{\"@type\":\"BreadcrumbList\",\"@id\":\"https:\/\/zunzz.com\/pt-pt\/product\/wire-rope-swager\/#breadcrumb\",\"itemListElement\":[{\"@type\":\"ListItem\",\"position\":1,\"name\":\"Home\",\"item\":\"https:\/\/zunzz.com\/pt-pt\/home\/\"},{\"@type\":\"ListItem\",\"position\":2,\"name\":\"Shop\",\"item\":\"https:\/\/zunzz.com\/bg\/shop\/\"},{\"@type\":\"ListItem\",\"position\":3,\"name\":\"Swager de cabo de a\u00e7o 60T\"}]},{\"@type\":\"WebSite\",\"@id\":\"https:\/\/zunzz.com\/pt-pt\/#website\",\"url\":\"https:\/\/zunzz.com\/pt-pt\/\",\"name\":\"Zunzz Wire Rope Sling Machine Company\",\"description\":\"Zunzz Wire Rope Sling Machine Company is a leading manufacturer of wire rope sling machines and related products.\",\"publisher\":{\"@id\":\"https:\/\/zunzz.com\/pt-pt\/#organization\"},\"potentialAction\":[{\"@type\":\"SearchAction\",\"target\":{\"@type\":\"EntryPoint\",\"urlTemplate\":\"https:\/\/zunzz.com\/pt-pt\/?s={search_term_string}\"},\"query-input\":{\"@type\":\"PropertyValueSpecification\",\"valueRequired\":true,\"valueName\":\"search_term_string\"}}],\"inLanguage\":\"pt-PT\"},{\"@type\":\"Organization\",\"@id\":\"https:\/\/zunzz.com\/pt-pt\/#organization\",\"name\":\"Zunzz Wire Rope Sling Machine Company\",\"url\":\"https:\/\/zunzz.com\/pt-pt\/\",\"logo\":{\"@type\":\"ImageObject\",\"inLanguage\":\"pt-PT\",\"@id\":\"https:\/\/zunzz.com\/pt-pt\/#\/schema\/logo\/image\/\",\"url\":\"https:\/\/zunzz.com\/wp-content\/uploads\/2023\/09\/Logo.png\",\"contentUrl\":\"https:\/\/zunzz.com\/wp-content\/uploads\/2023\/09\/Logo.png\",\"width\":171,\"height\":133,\"caption\":\"Zunzz Wire Rope Sling Machine Company\"},\"image\":{\"@id\":\"https:\/\/zunzz.com\/pt-pt\/#\/schema\/logo\/image\/\"}}]}<\/script>\n<!-- \/ Yoast SEO plugin. -->","yoast_head_json":{"title":"swager de cabo de a\u00e7o 60T","description":"Este swager de cabo de a\u00e7o \u00e9 aplic\u00e1vel para especifica\u00e7\u00f5es de cabo de a\u00e7o: \u03a6 3 \u03a6 4 \u03a6 5 \u03a6 6 \u03a6 8 \u03a6 9 \u03a6 10 \u03a6 11 \u03a6 12,5 mm. Por favor, entre em contato conosco para mais detalhes","robots":{"index":"index","follow":"follow","max-snippet":"max-snippet:-1","max-image-preview":"max-image-preview:large","max-video-preview":"max-video-preview:-1"},"canonical":"https:\/\/zunzz.com\/pt-pt\/product\/wire-rope-swager\/","og_locale":"pt_PT","og_type":"article","og_title":"swager de cabo de a\u00e7o 60T","og_description":"Este swager de cabo de a\u00e7o \u00e9 aplic\u00e1vel para especifica\u00e7\u00f5es de cabo de a\u00e7o: \u03a6 3 \u03a6 4 \u03a6 5 \u03a6 6 \u03a6 8 \u03a6 9 \u03a6 10 \u03a6 11 \u03a6 12,5 mm. Por favor, entre em contato conosco para mais detalhes","og_url":"https:\/\/zunzz.com\/pt-pt\/product\/wire-rope-swager\/","og_site_name":"Zunzz Wire Rope Sling Machine Company","article_modified_time":"2023-12-10T12:07:46+00:00","og_image":[{"width":800,"height":800,"url":"https:\/\/zunzz.com\/wp-content\/uploads\/2023\/10\/wire-rope-swager.webp","type":"image\/webp"}],"twitter_card":"summary_large_image","twitter_misc":{"Tempo estimado de leitura":"1 minuto"},"schema":{"@context":"https:\/\/schema.org","@graph":[{"@type":"WebPage","@id":"https:\/\/zunzz.com\/pt-pt\/product\/wire-rope-swager\/","url":"https:\/\/zunzz.com\/pt-pt\/product\/wire-rope-swager\/","name":"swager de cabo de a\u00e7o 60T","isPartOf":{"@id":"https:\/\/zunzz.com\/pt-pt\/#website"},"primaryImageOfPage":{"@id":"https:\/\/zunzz.com\/pt-pt\/product\/wire-rope-swager\/#primaryimage"},"image":{"@id":"https:\/\/zunzz.com\/pt-pt\/product\/wire-rope-swager\/#primaryimage"},"thumbnailUrl":"https:\/\/zunzz.com\/wp-content\/uploads\/2023\/10\/wire-rope-swager.webp","datePublished":"2023-10-15T11:56:26+00:00","dateModified":"2023-12-10T12:07:46+00:00","description":"Este swager de cabo de a\u00e7o \u00e9 aplic\u00e1vel para especifica\u00e7\u00f5es de cabo de a\u00e7o: \u03a6 3 \u03a6 4 \u03a6 5 \u03a6 6 \u03a6 8 \u03a6 9 \u03a6 10 \u03a6 11 \u03a6 12,5 mm. Por favor, entre em contato conosco para mais detalhes","breadcrumb":{"@id":"https:\/\/zunzz.com\/pt-pt\/product\/wire-rope-swager\/#breadcrumb"},"inLanguage":"pt-PT","potentialAction":[{"@type":"ReadAction","target":["https:\/\/zunzz.com\/pt-pt\/product\/wire-rope-swager\/"]}]},{"@type":"ImageObject","inLanguage":"pt-PT","@id":"https:\/\/zunzz.com\/pt-pt\/product\/wire-rope-swager\/#primaryimage","url":"https:\/\/zunzz.com\/wp-content\/uploads\/2023\/10\/wire-rope-swager.webp","contentUrl":"https:\/\/zunzz.com\/wp-content\/uploads\/2023\/10\/wire-rope-swager.webp","width":800,"height":800,"caption":"wire rope swager"},{"@type":"BreadcrumbList","@id":"https:\/\/zunzz.com\/pt-pt\/product\/wire-rope-swager\/#breadcrumb","itemListElement":[{"@type":"ListItem","position":1,"name":"Home","item":"https:\/\/zunzz.com\/pt-pt\/home\/"},{"@type":"ListItem","position":2,"name":"Shop","item":"https:\/\/zunzz.com\/bg\/shop\/"},{"@type":"ListItem","position":3,"name":"Swager de cabo de a\u00e7o 60T"}]},{"@type":"WebSite","@id":"https:\/\/zunzz.com\/pt-pt\/#website","url":"https:\/\/zunzz.com\/pt-pt\/","name":"Zunzz Wire Rope Sling Machine Company","description":"Zunzz Wire Rope Sling Machine Company is a leading manufacturer of wire rope sling machines and related products.","publisher":{"@id":"https:\/\/zunzz.com\/pt-pt\/#organization"},"potentialAction":[{"@type":"SearchAction","target":{"@type":"EntryPoint","urlTemplate":"https:\/\/zunzz.com\/pt-pt\/?s={search_term_string}"},"query-input":{"@type":"PropertyValueSpecification","valueRequired":true,"valueName":"search_term_string"}}],"inLanguage":"pt-PT"},{"@type":"Organization","@id":"https:\/\/zunzz.com\/pt-pt\/#organization","name":"Zunzz Wire Rope Sling Machine Company","url":"https:\/\/zunzz.com\/pt-pt\/","logo":{"@type":"ImageObject","inLanguage":"pt-PT","@id":"https:\/\/zunzz.com\/pt-pt\/#\/schema\/logo\/image\/","url":"https:\/\/zunzz.com\/wp-content\/uploads\/2023\/09\/Logo.png","contentUrl":"https:\/\/zunzz.com\/wp-content\/uploads\/2023\/09\/Logo.png","width":171,"height":133,"caption":"Zunzz Wire Rope Sling Machine Company"},"image":{"@id":"https:\/\/zunzz.com\/pt-pt\/#\/schema\/logo\/image\/"}}]}},"_links":{"self":[{"href":"https:\/\/zunzz.com\/pt-pt\/wp-json\/wp\/v2\/product\/2266","targetHints":{"allow":["GET"]}}],"collection":[{"href":"https:\/\/zunzz.com\/pt-pt\/wp-json\/wp\/v2\/product"}],"about":[{"href":"https:\/\/zunzz.com\/pt-pt\/wp-json\/wp\/v2\/types\/product"}],"replies":[{"embeddable":true,"href":"https:\/\/zunzz.com\/pt-pt\/wp-json\/wp\/v2\/comments?post=2266"}],"wp:featuredmedia":[{"embeddable":true,"href":"https:\/\/zunzz.com\/pt-pt\/wp-json\/wp\/v2\/media\/1155"}],"wp:attachment":[{"href":"https:\/\/zunzz.com\/pt-pt\/wp-json\/wp\/v2\/media?parent=2266"}],"wp:term":[{"taxonomy":"product_brand","embeddable":true,"href":"https:\/\/zunzz.com\/pt-pt\/wp-json\/wp\/v2\/product_brand?post=2266"},{"taxonomy":"product_cat","embeddable":true,"href":"https:\/\/zunzz.com\/pt-pt\/wp-json\/wp\/v2\/product_cat?post=2266"},{"taxonomy":"product_tag","embeddable":true,"href":"https:\/\/zunzz.com\/pt-pt\/wp-json\/wp\/v2\/product_tag?post=2266"}],"curies":[{"name":"wp","href":"https:\/\/api.w.org\/{rel}","templated":true}]}}