{"id":1864,"date":"2020-01-14T14:10:46","date_gmt":"2020-01-14T14:10:46","guid":{"rendered":"https:\/\/zunzz.com\/ultimas-noticias\/"},"modified":"2025-12-18T02:52:00","modified_gmt":"2025-12-18T02:52:00","slug":"latest-news","status":"publish","type":"page","link":"https:\/\/zunzz.com\/pt-pt\/latest-news\/","title":{"rendered":"\u00daltimas not\u00edcias"},"content":{"rendered":"\t\t<div data-elementor-type=\"wp-page\" data-elementor-id=\"1864\" class=\"elementor elementor-1864 elementor-160\">\n\t\t\t\t\t\t<section class=\"elementor-section elementor-top-section elementor-element elementor-element-6ee884d elementor-section-boxed elementor-section-height-default elementor-section-height-default parallax_section_no qode_elementor_container_no\" data-id=\"6ee884d\" data-element_type=\"section\">\n\t\t\t\t\t\t<div class=\"elementor-container elementor-column-gap-default\">\n\t\t\t\t\t<div class=\"elementor-column elementor-col-100 elementor-top-column elementor-element elementor-element-16e9107\" data-id=\"16e9107\" data-element_type=\"column\">\n\t\t\t<div class=\"elementor-widget-wrap elementor-element-populated\">\n\t\t\t\t\t\t<div class=\"elementor-element elementor-element-75f07c1 elementor-widget elementor-widget-bridge_latest_posts\" data-id=\"75f07c1\" data-element_type=\"widget\" data-widget_type=\"bridge_latest_posts.default\">\n\t\t\t\t<div class=\"elementor-widget-container\">\n\t\t\t\t\t\n<div class='latest_post_holder image_in_box  ' >\n    <ul>\n    \n        <li class=\"clearfix\">\n            <div class=\"latest_post\"  >\n                <div class=\"latest_post_image clearfix\">\n                    <a itemprop=\"url\" href=\"https:\/\/zunzz.com\/pt-pt\/wire-rope-reeling-machine\/\">\n                                            <\/a>\n                <\/div>\n\n\n                <div class=\"latest_post_text\">\n                    <div class=\"latest_post_inner\">\n                        <div class=\"latest_post_text_inner\">\n                            <h3 itemprop=\"name\" class=\"latest_post_title entry_title\"><a itemprop=\"url\" href=\"https:\/\/zunzz.com\/pt-pt\/wire-rope-reeling-machine\/\">Perguntas e respostas frequentes sobre m\u00e1quinas de enrolamento de cabos de a\u00e7o<\/a><\/h3>\n                            <p class=\"excerpt\">No processo de constru\u00e7\u00e3o e aplica\u00e7\u00e3o de cabos de a\u00e7o, a m\u00e1quina de enrolar cabos de a\u00e7o desempenha um papel crucial como um importante equipamento auxiliar. No entanto, devido a fatores como o ambien...<\/p>\n                            <span class=\"post_infos\">\n                                                                    <span class=\"date_hour_holder\">\n                                        <span itemprop=\"dateCreated\" class=\"date entry_date updated\">03 Junho, 2025 <meta itemprop=\"interactionCount\" content=\"UserComments: 0\"\/><\/span>\n                                    <\/span>\n                                \n                                \n                                \n                                \n                                                            <\/span>\n                        <\/div>\n                    <\/div>\n                <\/div>\n            <\/div>\n        <\/li>\n        \n        <li class=\"clearfix\">\n            <div class=\"latest_post\"  >\n                <div class=\"latest_post_image clearfix\">\n                    <a itemprop=\"url\" href=\"https:\/\/zunzz.com\/pt-pt\/ten-major-faults-of-wire-rope-swaging-machine\/\">\n                        <img decoding=\"async\" width=\"150\" height=\"150\" src=\"https:\/\/zunzz.com\/wp-content\/uploads\/2024\/12\/swager-motor-1-150x150.webp\" class=\"attachment-thumbnail size-thumbnail\" alt=\"motor de arrog\u00e2ncia\" srcset=\"https:\/\/zunzz.com\/wp-content\/uploads\/2024\/12\/swager-motor-1-150x150.webp 150w, https:\/\/zunzz.com\/wp-content\/uploads\/2024\/12\/swager-motor-1-300x300.webp 300w, https:\/\/zunzz.com\/wp-content\/uploads\/2024\/12\/swager-motor-1-100x100.webp 100w, https:\/\/zunzz.com\/wp-content\/uploads\/2024\/12\/swager-motor-1.webp 500w\" sizes=\"(max-width: 150px) 100vw, 150px\" \/>                    <\/a>\n                <\/div>\n\n\n                <div class=\"latest_post_text\">\n                    <div class=\"latest_post_inner\">\n                        <div class=\"latest_post_text_inner\">\n                            <h3 itemprop=\"name\" class=\"latest_post_title entry_title\"><a itemprop=\"url\" href=\"https:\/\/zunzz.com\/pt-pt\/ten-major-faults-of-wire-rope-swaging-machine\/\">Dez principais avarias da m\u00e1quina de estampagem de cabo de a\u00e7o<\/a><\/h3>\n                            <p class=\"excerpt\">An\u00e1lise detalhada dos 10 principais problemas que podem ocorrer durante a utiliza\u00e7\u00e3o da m\u00e1quina e fornece solu\u00e7\u00f5es pr\u00e1ticas. 1. A press\u00e3o da m\u00e1quina de estampagem n\u00e3o pode atingir Quando a m\u00e1quina de ...<\/p>\n                            <span class=\"post_infos\">\n                                                                    <span class=\"date_hour_holder\">\n                                        <span itemprop=\"dateCreated\" class=\"date entry_date updated\">14 Dezembro, 2024 <meta itemprop=\"interactionCount\" content=\"UserComments: 0\"\/><\/span>\n                                    <\/span>\n                                \n                                \n                                \n                                \n                                                            <\/span>\n                        <\/div>\n                    <\/div>\n                <\/div>\n            <\/div>\n        <\/li>\n        \n        <li class=\"clearfix\">\n            <div class=\"latest_post\"  >\n                <div class=\"latest_post_image clearfix\">\n                    <a itemprop=\"url\" href=\"https:\/\/zunzz.com\/pt-pt\/let-you-know-about-cutting-and-annealing-machine-at-one-time\/\">\n                        <img decoding=\"async\" width=\"150\" height=\"150\" src=\"https:\/\/zunzz.com\/wp-content\/uploads\/2024\/12\/Cutting-and-Annealing-Machine-150x150.webp\" class=\"attachment-thumbnail size-thumbnail\" alt=\"M\u00e1quina de corte e recozimento\" srcset=\"https:\/\/zunzz.com\/wp-content\/uploads\/2024\/12\/Cutting-and-Annealing-Machine-150x150.webp 150w, https:\/\/zunzz.com\/wp-content\/uploads\/2024\/12\/Cutting-and-Annealing-Machine-300x300.webp 300w, https:\/\/zunzz.com\/wp-content\/uploads\/2024\/12\/Cutting-and-Annealing-Machine-570x570.webp 570w, https:\/\/zunzz.com\/wp-content\/uploads\/2024\/12\/Cutting-and-Annealing-Machine-500x500.webp 500w, https:\/\/zunzz.com\/wp-content\/uploads\/2024\/12\/Cutting-and-Annealing-Machine-100x100.webp 100w, https:\/\/zunzz.com\/wp-content\/uploads\/2024\/12\/Cutting-and-Annealing-Machine.webp 600w\" sizes=\"(max-width: 150px) 100vw, 150px\" \/>                    <\/a>\n                <\/div>\n\n\n                <div class=\"latest_post_text\">\n                    <div class=\"latest_post_inner\">\n                        <div class=\"latest_post_text_inner\">\n                            <h3 itemprop=\"name\" class=\"latest_post_title entry_title\"><a itemprop=\"url\" href=\"https:\/\/zunzz.com\/pt-pt\/let-you-know-about-cutting-and-annealing-machine-at-one-time\/\">Deixe-o saber sobre a m\u00e1quina de corte e recozimento de uma s\u00f3 vez<\/a><\/h3>\n                            <p class=\"excerpt\">1. Fluxo de trabalho da m\u00e1quina de corte e recozimento Hoje iremos inform\u00e1-lo sobre a m\u00e1quina de corte e recozimento de cada vez. Em primeiro lugar, in\u00edcio da opera\u00e7\u00e3o manual ou totalmente autom\u00e1tica....<\/p>\n                            <span class=\"post_infos\">\n                                                                    <span class=\"date_hour_holder\">\n                                        <span itemprop=\"dateCreated\" class=\"date entry_date updated\">05 Dezembro, 2024 <meta itemprop=\"interactionCount\" content=\"UserComments: 0\"\/><\/span>\n                                    <\/span>\n                                \n                                \n                                \n                                \n                                                            <\/span>\n                        <\/div>\n                    <\/div>\n                <\/div>\n            <\/div>\n        <\/li>\n        \n        <li class=\"clearfix\">\n            <div class=\"latest_post\"  >\n                <div class=\"latest_post_image clearfix\">\n                    <a itemprop=\"url\" href=\"https:\/\/zunzz.com\/pt-pt\/classificacao-de-eslingas-de-cabo-de-aco\/\">\n                                            <\/a>\n                <\/div>\n\n\n                <div class=\"latest_post_text\">\n                    <div class=\"latest_post_inner\">\n                        <div class=\"latest_post_text_inner\">\n                            <h3 itemprop=\"name\" class=\"latest_post_title entry_title\"><a itemprop=\"url\" href=\"https:\/\/zunzz.com\/pt-pt\/classificacao-de-eslingas-de-cabo-de-aco\/\">Classifica\u00e7\u00e3o de eslingas de cabo de a\u00e7o<\/a><\/h3>\n                            <p class=\"excerpt\">1. EQUIPAMENTO DE CABO DE A\u00c7O PRENSADO O cordame prensado \u00e9 um tipo de eslinga de cabo de a\u00e7o que comumente usamos, que geralmente \u00e9 dividido em dois tipos: com colar e sem colar. Em compara\u00e7\u00e3o com as...<\/p>\n                            <span class=\"post_infos\">\n                                                                    <span class=\"date_hour_holder\">\n                                        <span itemprop=\"dateCreated\" class=\"date entry_date updated\">24 Setembro, 2023 <meta itemprop=\"interactionCount\" content=\"UserComments: 0\"\/><\/span>\n                                    <\/span>\n                                \n                                \n                                \n                                \n                                                            <\/span>\n                        <\/div>\n                    <\/div>\n                <\/div>\n            <\/div>\n        <\/li>\n        \n        <li class=\"clearfix\">\n            <div class=\"latest_post\"  >\n                <div class=\"latest_post_image clearfix\">\n                    <a itemprop=\"url\" href=\"https:\/\/zunzz.com\/pt-pt\/wire-rope-sling\/\">\n                                            <\/a>\n                <\/div>\n\n\n                <div class=\"latest_post_text\">\n                    <div class=\"latest_post_inner\">\n                        <div class=\"latest_post_text_inner\">\n                            <h3 itemprop=\"name\" class=\"latest_post_title entry_title\"><a itemprop=\"url\" href=\"https:\/\/zunzz.com\/pt-pt\/wire-rope-sling\/\">Funda de cabo de a\u00e7o<\/a><\/h3>\n                            <p class=\"excerpt\">O que \u00e9 uma funda de cabo de a\u00e7o A funda de cabo de a\u00e7o \u00e9 um cabo que \u00e9 processado utilizando o cabo de a\u00e7o como mat\u00e9ria-prima e \u00e9 utilizado principalmente para elevar, puxar, tensionar e suportar cab...<\/p>\n                            <span class=\"post_infos\">\n                                                                    <span class=\"date_hour_holder\">\n                                        <span itemprop=\"dateCreated\" class=\"date entry_date updated\">14 Janeiro, 2020 <meta itemprop=\"interactionCount\" content=\"UserComments: 0\"\/><\/span>\n                                    <\/span>\n                                \n                                \n                                \n                                \n                                                            <\/span>\n                        <\/div>\n                    <\/div>\n                <\/div>\n            <\/div>\n        <\/li>\n        \n    <\/ul>\n<\/div>\t\t\t\t<\/div>\n\t\t\t\t<\/div>\n\t\t\t\t\t<\/div>\n\t\t<\/div>\n\t\t\t\t\t<\/div>\n\t\t<\/section>\n\t\t\t\t<\/div>\n\t\t","protected":false},"excerpt":{"rendered":"<p>Common Questions and Answers for Wire Rope Reeling Machine In the process of steel wire rope construction and application, the steel wire rope reeling machine plays a crucial role as an important auxiliary equipment. However, due to factors such as on-site en&#8230; 03 June, 2025&#8230;<\/p>\n","protected":false},"author":1,"featured_media":0,"parent":0,"menu_order":0,"comment_status":"closed","ping_status":"closed","template":"","meta":{"footnotes":""},"class_list":["post-1864","page","type-page","status-publish","hentry"],"yoast_head":"<!-- This site is optimized with the Yoast SEO plugin v26.8 - https:\/\/yoast.com\/product\/yoast-seo-wordpress\/ -->\n<title>\u00daltimas not\u00edcias - Zunzz M\u00e1quina de Sling de Cabo de A\u00e7o Empresa<\/title>\n<meta name=\"description\" content=\"Informa\u00e7\u00f5es abrangentes sobre os \u00faltimos lan\u00e7amentos de produtos, tend\u00eancias da ind\u00fastria, inova\u00e7\u00f5es tecnol\u00f3gicas e tend\u00eancias de mercado da Zunzz M\u00e1quina de Sling de Cabo de A\u00e7o Empresa.\" \/>\n<meta name=\"robots\" content=\"index, follow, max-snippet:-1, max-image-preview:large, max-video-preview:-1\" \/>\n<link rel=\"canonical\" href=\"https:\/\/zunzz.com\/pt-pt\/latest-news\/\" \/>\n<meta property=\"og:locale\" content=\"pt_PT\" \/>\n<meta property=\"og:type\" content=\"article\" \/>\n<meta property=\"og:title\" content=\"\u00daltimas not\u00edcias - Zunzz M\u00e1quina de Sling de Cabo de A\u00e7o Empresa\" \/>\n<meta property=\"og:description\" content=\"Informa\u00e7\u00f5es abrangentes sobre os \u00faltimos lan\u00e7amentos de produtos, tend\u00eancias da ind\u00fastria, inova\u00e7\u00f5es tecnol\u00f3gicas e tend\u00eancias de mercado da Zunzz M\u00e1quina de Sling de Cabo de A\u00e7o Empresa.\" \/>\n<meta property=\"og:url\" content=\"https:\/\/zunzz.com\/pt-pt\/latest-news\/\" \/>\n<meta property=\"og:site_name\" content=\"Zunzz Wire Rope Sling Machine Company\" \/>\n<meta property=\"article:modified_time\" content=\"2025-12-18T02:52:00+00:00\" \/>\n<meta property=\"og:image\" content=\"https:\/\/zunzz.com\/wp-content\/uploads\/2020\/01\/1.webp\" \/>\n\t<meta property=\"og:image:width\" content=\"1400\" \/>\n\t<meta property=\"og:image:height\" content=\"1400\" \/>\n\t<meta property=\"og:image:type\" content=\"image\/webp\" \/>\n<meta name=\"twitter:card\" content=\"summary_large_image\" \/>\n<meta name=\"twitter:label1\" content=\"Tempo estimado de leitura\" \/>\n\t<meta name=\"twitter:data1\" content=\"1 minuto\" \/>\n<script type=\"application\/ld+json\" class=\"yoast-schema-graph\">{\"@context\":\"https:\/\/schema.org\",\"@graph\":[{\"@type\":\"WebPage\",\"@id\":\"https:\/\/zunzz.com\/pt-pt\/latest-news\/\",\"url\":\"https:\/\/zunzz.com\/pt-pt\/latest-news\/\",\"name\":\"\u00daltimas not\u00edcias - Zunzz M\u00e1quina de Sling de Cabo de A\u00e7o Empresa\",\"isPartOf\":{\"@id\":\"https:\/\/zunzz.com\/pt-pt\/#website\"},\"primaryImageOfPage\":{\"@id\":\"https:\/\/zunzz.com\/pt-pt\/latest-news\/#primaryimage\"},\"image\":{\"@id\":\"https:\/\/zunzz.com\/pt-pt\/latest-news\/#primaryimage\"},\"thumbnailUrl\":\"https:\/\/zunzz.com\/wp-content\/uploads\/2025\/06\/Wire-Rope-Coiling-Machine-5T-150x150.webp\",\"datePublished\":\"2020-01-14T14:10:46+00:00\",\"dateModified\":\"2025-12-18T02:52:00+00:00\",\"description\":\"Informa\u00e7\u00f5es abrangentes sobre os \u00faltimos lan\u00e7amentos de produtos, tend\u00eancias da ind\u00fastria, inova\u00e7\u00f5es tecnol\u00f3gicas e tend\u00eancias de mercado da Zunzz M\u00e1quina de Sling de Cabo de A\u00e7o Empresa.\",\"breadcrumb\":{\"@id\":\"https:\/\/zunzz.com\/pt-pt\/latest-news\/#breadcrumb\"},\"inLanguage\":\"pt-PT\",\"potentialAction\":[{\"@type\":\"ReadAction\",\"target\":[\"https:\/\/zunzz.com\/pt-pt\/latest-news\/\"]}]},{\"@type\":\"ImageObject\",\"inLanguage\":\"pt-PT\",\"@id\":\"https:\/\/zunzz.com\/pt-pt\/latest-news\/#primaryimage\",\"url\":\"https:\/\/zunzz.com\/wp-content\/uploads\/2025\/06\/Wire-Rope-Coiling-Machine-5T-150x150.webp\",\"contentUrl\":\"https:\/\/zunzz.com\/wp-content\/uploads\/2025\/06\/Wire-Rope-Coiling-Machine-5T-150x150.webp\"},{\"@type\":\"BreadcrumbList\",\"@id\":\"https:\/\/zunzz.com\/pt-pt\/latest-news\/#breadcrumb\",\"itemListElement\":[{\"@type\":\"ListItem\",\"position\":1,\"name\":\"Home\",\"item\":\"https:\/\/zunzz.com\/pt-pt\/home\/\"},{\"@type\":\"ListItem\",\"position\":2,\"name\":\"\u00daltimas not\u00edcias\"}]},{\"@type\":\"WebSite\",\"@id\":\"https:\/\/zunzz.com\/pt-pt\/#website\",\"url\":\"https:\/\/zunzz.com\/pt-pt\/\",\"name\":\"Zunzz Wire Rope Sling Machine Company\",\"description\":\"Zunzz Wire Rope Sling Machine Company is a leading manufacturer of wire rope sling machines and related products.\",\"publisher\":{\"@id\":\"https:\/\/zunzz.com\/pt-pt\/#organization\"},\"potentialAction\":[{\"@type\":\"SearchAction\",\"target\":{\"@type\":\"EntryPoint\",\"urlTemplate\":\"https:\/\/zunzz.com\/pt-pt\/?s={search_term_string}\"},\"query-input\":{\"@type\":\"PropertyValueSpecification\",\"valueRequired\":true,\"valueName\":\"search_term_string\"}}],\"inLanguage\":\"pt-PT\"},{\"@type\":\"Organization\",\"@id\":\"https:\/\/zunzz.com\/pt-pt\/#organization\",\"name\":\"Zunzz Wire Rope Sling Machine Company\",\"url\":\"https:\/\/zunzz.com\/pt-pt\/\",\"logo\":{\"@type\":\"ImageObject\",\"inLanguage\":\"pt-PT\",\"@id\":\"https:\/\/zunzz.com\/pt-pt\/#\/schema\/logo\/image\/\",\"url\":\"https:\/\/zunzz.com\/wp-content\/uploads\/2023\/09\/Logo.png\",\"contentUrl\":\"https:\/\/zunzz.com\/wp-content\/uploads\/2023\/09\/Logo.png\",\"width\":171,\"height\":133,\"caption\":\"Zunzz Wire Rope Sling Machine Company\"},\"image\":{\"@id\":\"https:\/\/zunzz.com\/pt-pt\/#\/schema\/logo\/image\/\"}}]}<\/script>\n<!-- \/ Yoast SEO plugin. -->","yoast_head_json":{"title":"\u00daltimas not\u00edcias - Zunzz M\u00e1quina de Sling de Cabo de A\u00e7o Empresa","description":"Informa\u00e7\u00f5es abrangentes sobre os \u00faltimos lan\u00e7amentos de produtos, tend\u00eancias da ind\u00fastria, inova\u00e7\u00f5es tecnol\u00f3gicas e tend\u00eancias de mercado da Zunzz M\u00e1quina de Sling de Cabo de A\u00e7o Empresa.","robots":{"index":"index","follow":"follow","max-snippet":"max-snippet:-1","max-image-preview":"max-image-preview:large","max-video-preview":"max-video-preview:-1"},"canonical":"https:\/\/zunzz.com\/pt-pt\/latest-news\/","og_locale":"pt_PT","og_type":"article","og_title":"\u00daltimas not\u00edcias - Zunzz M\u00e1quina de Sling de Cabo de A\u00e7o Empresa","og_description":"Informa\u00e7\u00f5es abrangentes sobre os \u00faltimos lan\u00e7amentos de produtos, tend\u00eancias da ind\u00fastria, inova\u00e7\u00f5es tecnol\u00f3gicas e tend\u00eancias de mercado da Zunzz M\u00e1quina de Sling de Cabo de A\u00e7o Empresa.","og_url":"https:\/\/zunzz.com\/pt-pt\/latest-news\/","og_site_name":"Zunzz Wire Rope Sling Machine Company","article_modified_time":"2025-12-18T02:52:00+00:00","og_image":[{"width":1400,"height":1400,"url":"https:\/\/zunzz.com\/wp-content\/uploads\/2020\/01\/1.webp","type":"image\/webp"}],"twitter_card":"summary_large_image","twitter_misc":{"Tempo estimado de leitura":"1 minuto"},"schema":{"@context":"https:\/\/schema.org","@graph":[{"@type":"WebPage","@id":"https:\/\/zunzz.com\/pt-pt\/latest-news\/","url":"https:\/\/zunzz.com\/pt-pt\/latest-news\/","name":"\u00daltimas not\u00edcias - Zunzz M\u00e1quina de Sling de Cabo de A\u00e7o Empresa","isPartOf":{"@id":"https:\/\/zunzz.com\/pt-pt\/#website"},"primaryImageOfPage":{"@id":"https:\/\/zunzz.com\/pt-pt\/latest-news\/#primaryimage"},"image":{"@id":"https:\/\/zunzz.com\/pt-pt\/latest-news\/#primaryimage"},"thumbnailUrl":"https:\/\/zunzz.com\/wp-content\/uploads\/2025\/06\/Wire-Rope-Coiling-Machine-5T-150x150.webp","datePublished":"2020-01-14T14:10:46+00:00","dateModified":"2025-12-18T02:52:00+00:00","description":"Informa\u00e7\u00f5es abrangentes sobre os \u00faltimos lan\u00e7amentos de produtos, tend\u00eancias da ind\u00fastria, inova\u00e7\u00f5es tecnol\u00f3gicas e tend\u00eancias de mercado da Zunzz M\u00e1quina de Sling de Cabo de A\u00e7o Empresa.","breadcrumb":{"@id":"https:\/\/zunzz.com\/pt-pt\/latest-news\/#breadcrumb"},"inLanguage":"pt-PT","potentialAction":[{"@type":"ReadAction","target":["https:\/\/zunzz.com\/pt-pt\/latest-news\/"]}]},{"@type":"ImageObject","inLanguage":"pt-PT","@id":"https:\/\/zunzz.com\/pt-pt\/latest-news\/#primaryimage","url":"https:\/\/zunzz.com\/wp-content\/uploads\/2025\/06\/Wire-Rope-Coiling-Machine-5T-150x150.webp","contentUrl":"https:\/\/zunzz.com\/wp-content\/uploads\/2025\/06\/Wire-Rope-Coiling-Machine-5T-150x150.webp"},{"@type":"BreadcrumbList","@id":"https:\/\/zunzz.com\/pt-pt\/latest-news\/#breadcrumb","itemListElement":[{"@type":"ListItem","position":1,"name":"Home","item":"https:\/\/zunzz.com\/pt-pt\/home\/"},{"@type":"ListItem","position":2,"name":"\u00daltimas not\u00edcias"}]},{"@type":"WebSite","@id":"https:\/\/zunzz.com\/pt-pt\/#website","url":"https:\/\/zunzz.com\/pt-pt\/","name":"Zunzz Wire Rope Sling Machine Company","description":"Zunzz Wire Rope Sling Machine Company is a leading manufacturer of wire rope sling machines and related products.","publisher":{"@id":"https:\/\/zunzz.com\/pt-pt\/#organization"},"potentialAction":[{"@type":"SearchAction","target":{"@type":"EntryPoint","urlTemplate":"https:\/\/zunzz.com\/pt-pt\/?s={search_term_string}"},"query-input":{"@type":"PropertyValueSpecification","valueRequired":true,"valueName":"search_term_string"}}],"inLanguage":"pt-PT"},{"@type":"Organization","@id":"https:\/\/zunzz.com\/pt-pt\/#organization","name":"Zunzz Wire Rope Sling Machine Company","url":"https:\/\/zunzz.com\/pt-pt\/","logo":{"@type":"ImageObject","inLanguage":"pt-PT","@id":"https:\/\/zunzz.com\/pt-pt\/#\/schema\/logo\/image\/","url":"https:\/\/zunzz.com\/wp-content\/uploads\/2023\/09\/Logo.png","contentUrl":"https:\/\/zunzz.com\/wp-content\/uploads\/2023\/09\/Logo.png","width":171,"height":133,"caption":"Zunzz Wire Rope Sling Machine Company"},"image":{"@id":"https:\/\/zunzz.com\/pt-pt\/#\/schema\/logo\/image\/"}}]}},"_links":{"self":[{"href":"https:\/\/zunzz.com\/pt-pt\/wp-json\/wp\/v2\/pages\/1864","targetHints":{"allow":["GET"]}}],"collection":[{"href":"https:\/\/zunzz.com\/pt-pt\/wp-json\/wp\/v2\/pages"}],"about":[{"href":"https:\/\/zunzz.com\/pt-pt\/wp-json\/wp\/v2\/types\/page"}],"author":[{"embeddable":true,"href":"https:\/\/zunzz.com\/pt-pt\/wp-json\/wp\/v2\/users\/1"}],"replies":[{"embeddable":true,"href":"https:\/\/zunzz.com\/pt-pt\/wp-json\/wp\/v2\/comments?post=1864"}],"version-history":[{"count":6,"href":"https:\/\/zunzz.com\/pt-pt\/wp-json\/wp\/v2\/pages\/1864\/revisions"}],"predecessor-version":[{"id":5956,"href":"https:\/\/zunzz.com\/pt-pt\/wp-json\/wp\/v2\/pages\/1864\/revisions\/5956"}],"wp:attachment":[{"href":"https:\/\/zunzz.com\/pt-pt\/wp-json\/wp\/v2\/media?parent=1864"}],"curies":[{"name":"wp","href":"https:\/\/api.w.org\/{rel}","templated":true}]}}