{"id":2922,"date":"2025-12-12T01:50:14","date_gmt":"2025-12-12T01:50:14","guid":{"rendered":"https:\/\/zunzz.com\/product\/snij-en-gloeimachine-5mm\/"},"modified":"2025-12-13T12:21:40","modified_gmt":"2025-12-13T12:21:40","slug":"cutting-and-annealing-machine","status":"publish","type":"product","link":"https:\/\/zunzz.com\/nl\/product\/cutting-and-annealing-machine\/","title":{"rendered":"Snij- en gloeimachine 5MM"},"content":{"rendered":"<h2 class=\"product_title entry-title\">1. Introductie van snij- en gloeimachines<\/h2>\n<p>In 2001 lanceerde Zunzz Wire Rope Sling Machine Company met succes deze staalkabel <strong>snij- en gloeimachine<\/strong>. Door onze voortdurende streven naar kwaliteit en de continue ontwikkeling van technologie hebben wij meerdere nationale octrooien op uitvindingen behaald. Niet alleen is de prestatie aanzienlijk verbeterd, maar de machine kan ook de staalkabel in korte tijd versmelten zonder schade aan andere delen van de staalkabel te veroorzaken.  <\/p>\n<p>De unit beschikt ook over een nauwkeurig controlesysteem dat ervoor zorgt dat de vereiste stroom en temperatuur altijd beschikbaar zijn. De bediening van de machine is eenvoudiger en gemakkelijker geworden, en voldoet beter aan de behoeften van de klant. <\/p>\n<p>We gebruiken hoogwaardige componenten van toonaangevende merken om superieure betrouwbaarheid en duurzaamheid te garanderen. We hebben ons gecommitteerd om klanten te voorzien van eersteklas producten, met als doel u te ontzorgen. Door continue innovatie en continue verbetering voldoen onze machines niet alleen aan de behoeften van de markt, maar bieden ze klanten ook een uitstekende gebruikservaring.  <\/p>\n<p>Wij danken u voor uw vertrouwen in ons. Wij blijven ons inspannen om u betere diensten en producten te bieden.<\/p>\n<p>Dit apparaat wordt veel gebruikt voor het automatisch snijden van staaldraadkabels van elke specificatie in industrie\u00ebn. Zoals medische apparatuur, auto-onderdelen, gebouwveiligheid, kantoormeubilair, fietsen, sportuitrusting en lockdown. <\/p>\n<p><img fetchpriority=\"high\" decoding=\"async\" class=\"alignnone wp-image-5021 size-full\" src=\"https:\/\/zunzz.com\/wp-content\/uploads\/2023\/09\/Cutting-and-Annealing-Machine.webp\" alt=\"Snij- en gloeimachine\" width=\"600\" height=\"600\" srcset=\"https:\/\/zunzz.com\/wp-content\/uploads\/2023\/09\/Cutting-and-Annealing-Machine.webp 600w, https:\/\/zunzz.com\/wp-content\/uploads\/2023\/09\/Cutting-and-Annealing-Machine-300x300.webp 300w, https:\/\/zunzz.com\/wp-content\/uploads\/2023\/09\/Cutting-and-Annealing-Machine-150x150.webp 150w, https:\/\/zunzz.com\/wp-content\/uploads\/2023\/09\/Cutting-and-Annealing-Machine-570x570.webp 570w, https:\/\/zunzz.com\/wp-content\/uploads\/2023\/09\/Cutting-and-Annealing-Machine-500x500.webp 500w, https:\/\/zunzz.com\/wp-content\/uploads\/2023\/09\/Cutting-and-Annealing-Machine-100x100.webp 100w\" sizes=\"(max-width: 600px) 100vw, 600px\" \/><\/p>\n<p><iframe title=\"Wire Rope Annealing Machine 1-5mm\" width=\"1060\" height=\"596\" src=\"https:\/\/www.youtube.com\/embed\/-hWHbhQLEHA?feature=oembed\" frameborder=\"0\" allow=\"accelerometer; autoplay; clipboard-write; encrypted-media; gyroscope; picture-in-picture; web-share\" referrerpolicy=\"strict-origin-when-cross-origin\" allowfullscreen><\/iframe><\/p>\n<h2>2. Technische parameters<\/h2>\n<div class=\"table-r\">\n<table width=\"100%\">\n<tbody>\n<tr>\n<td width=\"50%\">Machinetype\n<\/td>\n<td width=\"50%\"><strong>Snij- en gloeimachine<\/strong><\/td>\n<\/tr>\n<tr>\n<td width=\"50%\">Uitbrandbereik\n<\/td>\n<td width=\"50%\">1mm-5mm<\/td>\n<\/tr>\n<tr>\n<td width=\"50%\">Luchtdruk\n<\/td>\n<td width=\"50%\">0,4Mpa<\/td>\n<\/tr>\n<tr>\n<td width=\"50%\">Voltage\n<\/td>\n<td width=\"50%\">Zoals gevraagd<\/td>\n<\/tr>\n<tr>\n<td width=\"50%\">Vermogen\n<\/td>\n<td width=\"50%\">7.5KW<\/td>\n<\/tr>\n<tr>\n<td width=\"50%\">Afmeting (mm)\n<\/td>\n<td width=\"50%\">800L*800B*1500H<\/td>\n<\/tr>\n<tr>\n<td width=\"50%\">Gewicht\n<\/td>\n<td width=\"50%\">400KG<\/td>\n<\/tr>\n<tr>\n<td width=\"50%\">Nauwkeurigheid\n<\/td>\n<td width=\"50%\">\u00b12mm\/m<\/td>\n<\/tr>\n<tr>\n<td width=\"50%\">Min. gloeilengte\n<\/td>\n<td width=\"50%\">1,5 cm<\/td>\n<\/tr>\n<\/tbody>\n<\/table>\n<\/div>\n<h3><img decoding=\"async\" class=\"alignnone wp-image-5036 size-large\" src=\"https:\/\/zunzz.com\/wp-content\/uploads\/2023\/09\/11-1024x634.webp\" alt=\"Snij- en gloeimachine\" width=\"1024\" height=\"634\" srcset=\"https:\/\/zunzz.com\/wp-content\/uploads\/2023\/09\/11-1024x634.webp 1024w, https:\/\/zunzz.com\/wp-content\/uploads\/2023\/09\/11-300x186.webp 300w, https:\/\/zunzz.com\/wp-content\/uploads\/2023\/09\/11-768x476.webp 768w, https:\/\/zunzz.com\/wp-content\/uploads\/2023\/09\/11-700x434.webp 700w, https:\/\/zunzz.com\/wp-content\/uploads\/2023\/09\/11-600x372.webp 600w, https:\/\/zunzz.com\/wp-content\/uploads\/2023\/09\/11.webp 1093w\" sizes=\"(max-width: 1024px) 100vw, 1024px\" \/><\/h3>\n<h2>3. Kenmerken van de snij- en gloeimachine<\/h2>\n<ul>\n<li>Prachtig design, licht en handig, gemakkelijk te verplaatsen.<\/li>\n<li>Het smeltdiameterbereik is breed en het smelten van de staaldraad kan binnen het opgegeven diameterbereik worden voltooid zonder dat er onderdelen hoeven te worden vervangen.<\/li>\n<li>Het is eenvoudig te bedienen, er is geen sleutel nodig voor het bevestigingsapparaat.<\/li>\n<li>Laag stroomverbruik, hoge effici\u00ebntie en energiebesparing, wat een veilig gebruik garandeert.<\/li>\n<li>Betaalbare prijzen, uitstekende kwaliteit en een uitstekende prijs-kwaliteitverhouding.<\/li>\n<li>De smeltsnelheid is snel. En het gesmolten staaldraad is netjes en glad, met een conische vorm aan het einde. <\/li>\n<li>Het geluidsniveau tijdens gebruik bedraagt \u200b\u200bslechts 75 decibel en het geluidsarme ontwerp zorgt voor een comfortabele werkomgeving.<\/li>\n<\/ul>\n<h1><img decoding=\"async\" class=\"alignnone size-large wp-image-5051\" src=\"https:\/\/zunzz.com\/wp-content\/uploads\/2023\/09\/2-1-1024x634.webp\" alt=\"Snij- en gloeimachine\" width=\"1024\" height=\"634\" srcset=\"https:\/\/zunzz.com\/wp-content\/uploads\/2023\/09\/2-1-1024x634.webp 1024w, https:\/\/zunzz.com\/wp-content\/uploads\/2023\/09\/2-1-300x186.webp 300w, https:\/\/zunzz.com\/wp-content\/uploads\/2023\/09\/2-1-768x476.webp 768w, https:\/\/zunzz.com\/wp-content\/uploads\/2023\/09\/2-1-700x434.webp 700w, https:\/\/zunzz.com\/wp-content\/uploads\/2023\/09\/2-1-600x372.webp 600w, https:\/\/zunzz.com\/wp-content\/uploads\/2023\/09\/2-1.webp 1093w\" sizes=\"(max-width: 1024px) 100vw, 1024px\" \/><\/h1>\n<h1 class=\"product_title entry-title\"><img loading=\"lazy\" decoding=\"async\" class=\"alignnone wp-image-361 \" src=\"https:\/\/zunzz.com\/wp-content\/uploads\/2023\/09\/Cutting-and-Annealing-Machine-5MM-1.webp\" alt=\"Snij- en gloeimachine 5MM-1\" width=\"1021\" height=\"1541\" srcset=\"https:\/\/zunzz.com\/wp-content\/uploads\/2023\/09\/Cutting-and-Annealing-Machine-5MM-1.webp 1000w, https:\/\/zunzz.com\/wp-content\/uploads\/2023\/09\/Cutting-and-Annealing-Machine-5MM-1-199x300.webp 199w, https:\/\/zunzz.com\/wp-content\/uploads\/2023\/09\/Cutting-and-Annealing-Machine-5MM-1-679x1024.webp 679w, https:\/\/zunzz.com\/wp-content\/uploads\/2023\/09\/Cutting-and-Annealing-Machine-5MM-1-768x1159.webp 768w, https:\/\/zunzz.com\/wp-content\/uploads\/2023\/09\/Cutting-and-Annealing-Machine-5MM-1-700x1056.webp 700w, https:\/\/zunzz.com\/wp-content\/uploads\/2023\/09\/Cutting-and-Annealing-Machine-5MM-1-600x905.webp 600w\" sizes=\"(max-width: 1021px) 100vw, 1021px\" \/><\/h1>\n<h3>4. Andere parameters van de snij- en gloeimachine<\/h3>\n<div class=\"table-r\">\n<table width=\"100%\">\n<tbody>\n<tr>\n<td width=\"50%\">Merknaam\n<\/td>\n<td width=\"50%\">Zunzz Wire Rope Sling Machine Company<\/td>\n<\/tr>\n<tr>\n<td width=\"50%\">Land\/regio van productie\n<\/td>\n<td width=\"50%\">Baoding, China<\/td>\n<\/tr>\n<tr>\n<td width=\"50%\">Jaar van eerste publicatie\n<\/td>\n<td width=\"50%\">2001<\/td>\n<\/tr>\n<tr>\n<td width=\"50%\">Productiedatum\n<\/td>\n<td width=\"50%\">besteltijd<\/td>\n<\/tr>\n<tr>\n<td width=\"50%\">Garantieperiode\n<\/td>\n<td width=\"50%\">1 jaar<\/td>\n<\/tr>\n<tr>\n<td width=\"50%\">Hoeveelheid (stuks)\/levertijd (dagen)\n<\/td>\n<td width=\"50%\">1-1 (stuks)\/35 (dagen), 2-10 (stuks)\/45 (dagen), Groter dan 10 (stuks)\/onderhandelbaar<\/td>\n<\/tr>\n<tr>\n<td width=\"50%\">Kleur\n<\/td>\n<td width=\"50%\">blauw of aangepast<\/td>\n<\/tr>\n<tr>\n<td width=\"50%\">Verpakkingsdetails\n<\/td>\n<td width=\"50%\">houten doos<\/td>\n<\/tr>\n<tr>\n<td width=\"50%\">service support\n<\/td>\n<td width=\"50%\">Telefonische ondersteuning op afstand<\/td>\n<\/tr>\n<\/tbody>\n<\/table>\n<\/div>\n<p><strong>5. Het sterke pakket<\/strong><\/p>\n<p>De automatische <a href=\"https:\/\/zunzz.com\/nl\/product\/automated-wire-rope-fuser-cutting-machine\/\">draadkabelfuser snijmachines<\/a> zijn naar veel landen ge\u00ebxporteerd. We gebruiken internationale houten kist om de machines te leveren om de veiligheid tijdens de levering te bevestigen. <\/p>\n<p><strong>Snij- en gloeimachine<\/strong> voor staaldraad van 1-5 mm met taps toelopend uiteinde, automatisch. We hebben nog steeds deze machine voor staalkabel 1-3 mm.<\/p>\n<p>De machines zijn ge\u00ebxporteerd naar het Verenigd Koninkrijk, Denemarken, Itali\u00eb, Marokko, Iran, Indonesi\u00eb, India, de VAE, Singapore, Polen, etc.<\/p>\n<p><img loading=\"lazy\" decoding=\"async\" class=\"alignnone size-large wp-image-5066\" src=\"https:\/\/zunzz.com\/wp-content\/uploads\/2023\/09\/baozhuag-1024x512.webp\" alt=\"Snij- en gloeimachine\" width=\"1024\" height=\"512\" srcset=\"https:\/\/zunzz.com\/wp-content\/uploads\/2023\/09\/baozhuag-1024x512.webp 1024w, https:\/\/zunzz.com\/wp-content\/uploads\/2023\/09\/baozhuag-300x150.webp 300w, https:\/\/zunzz.com\/wp-content\/uploads\/2023\/09\/baozhuag-768x384.webp 768w, https:\/\/zunzz.com\/wp-content\/uploads\/2023\/09\/baozhuag-1000x500.webp 1000w, https:\/\/zunzz.com\/wp-content\/uploads\/2023\/09\/baozhuag-700x350.webp 700w, https:\/\/zunzz.com\/wp-content\/uploads\/2023\/09\/baozhuag-1300x650.webp 1300w, https:\/\/zunzz.com\/wp-content\/uploads\/2023\/09\/baozhuag-600x300.webp 600w, https:\/\/zunzz.com\/wp-content\/uploads\/2023\/09\/baozhuag.webp 1500w\" sizes=\"(max-width: 1024px) 100vw, 1024px\" \/><\/p>\n\n<div class=\"wpcf7 no-js\" id=\"wpcf7-f5519-o1\" lang=\"nl-NL\" dir=\"ltr\" data-wpcf7-id=\"5519\">\n<div class=\"screen-reader-response\"><p role=\"status\" aria-live=\"polite\" aria-atomic=\"true\"><\/p> <ul><\/ul><\/div>\n<form action=\"\/nl\/wp-json\/wp\/v2\/product\/2922#wpcf7-f5519-o1\" method=\"post\" class=\"wpcf7-form init\" aria-label=\"Contactformulier\" novalidate=\"novalidate\" data-status=\"init\">\n<fieldset class=\"hidden-fields-container\"><input type=\"hidden\" name=\"_wpcf7\" value=\"5519\" \/><input type=\"hidden\" name=\"_wpcf7_version\" value=\"6.1.4\" \/><input type=\"hidden\" name=\"_wpcf7_locale\" value=\"nl_NL\" \/><input type=\"hidden\" name=\"_wpcf7_unit_tag\" value=\"wpcf7-f5519-o1\" \/><input type=\"hidden\" name=\"_wpcf7_container_post\" value=\"0\" \/><input type=\"hidden\" name=\"_wpcf7_posted_data_hash\" value=\"\" \/>\n<\/fieldset>\n<div class=\"wpcf7-turnstile cf-turnstile\" data-sitekey=\"0x4AAAAAACHlhHyKtoljFN8P\" data-response-field-name=\"_wpcf7_turnstile_response\"><\/div>\n\n<p>\n    <\/p><h4 style=\"color:#333333;font-size:20px;font-family:\"background-color:#FFFFFF;font-weight:normal !important;\">\n        <span style=\"color:red;\">Stuur ons uw wensen \u2013 wij reageren binnen 24 uur<\/span>\n    <\/h4>\n\n\n<div class=\"row\" style=\"display:flex; flex-wrap:wrap; width:100%;\">\n\n    <!-- Name -->\n    <div style=\"width:40%; padding-right:10px; box-sizing:border-box;\">\n        <div class=\"form-group\" style=\"margin-bottom:15px;\">\n <span class=\"wpcf7-form-control-wrap\" data-name=\"your-name\"><input size=\"40\" maxlength=\"400\" class=\"wpcf7-form-control wpcf7-text wpcf7-validates-as-required\" aria-required=\"true\" aria-invalid=\"false\" placeholder=\"Uw naam *\" value=\"\" type=\"text\" name=\"your-name\" \/><\/span>\n        <\/div>\n    <\/div>\n\n    <!-- Email -->\n    <div style=\"width:60%; padding-left:10px; box-sizing:border-box;\">\n        <div class=\"form-group\" style=\"margin-bottom:15px;\">\n <span class=\"wpcf7-form-control-wrap\" data-name=\"your-email\"><input size=\"40\" maxlength=\"400\" class=\"wpcf7-form-control wpcf7-email wpcf7-validates-as-required wpcf7-text wpcf7-validates-as-email\" aria-required=\"true\" aria-invalid=\"false\" placeholder=\"E-mailadres *\" value=\"\" type=\"email\" name=\"your-email\" \/><\/span>\n        <\/div>\n    <\/div>\n\n    <!-- Message -->\n    <div style=\"width:100%; box-sizing:border-box;\">\n        <div class=\"form-group\" style=\"margin-bottom:15px;\">\n            <span class=\"wpcf7-form-control-wrap\" data-name=\"your-message\"><textarea cols=\"30\" rows=\"4\" maxlength=\"2000\" class=\"wpcf7-form-control wpcf7-textarea\" aria-invalid=\"false\" placeholder=\"Schrijf hier uw bericht\" name=\"your-message\"><\/textarea><\/span>\n        <\/div>\n    <\/div>\n\n    <!-- Submit -->\n    <div style=\"width:100%; box-sizing:border-box;\">\n        <input class=\"wpcf7-form-control wpcf7-submit has-spinner btn btn-default\" type=\"submit\" value=\"Stuur ons een bericht en ontvang een offerte\" \/>\n    <\/div>\n\n<\/div><div class=\"wpcf7-response-output\" aria-hidden=\"true\"><\/div>\n<\/form>\n<\/div>\n\n","protected":false},"excerpt":{"rendered":"<div class=\"table-r\">\n<table width=\"100%\">\n<tbody>\n<tr>\n<td width=\"50%\">Model:\n<\/td>\n<td width=\"50%\">WST-500<\/td>\n<\/tr>\n<tr>\n<td width=\"50%\">Max. staaldraad:<\/td>\n<td width=\"50%\">5mm<\/td>\n<\/tr>\n<tr>\n<td width=\"50%\">Vermogen:\n<\/td>\n<td width=\"50%\">7,5KW<\/td>\n<\/tr>\n<tr>\n<td width=\"50%\">Afmetingen:\n<\/td>\n<td width=\"50%\">800*800*1500mm<\/td>\n<\/tr>\n<tr>\n<td width=\"50%\">Gewicht:\n<\/td>\n<td width=\"50%\">400kg<\/td>\n<\/tr>\n<\/tbody>\n<\/table>\n<p><strong>Beschikbare taal:<\/strong>[wpml_language_selector_widget]<\/p>\n[contact-form-7 id=\"055e9b5\" title=\"Contact form 2\"]\n<\/div>\n","protected":false},"featured_media":2923,"comment_status":"open","ping_status":"closed","template":"","meta":[],"product_brand":[],"product_cat":[189],"product_tag":[340,351],"class_list":{"0":"post-2922","1":"product","2":"type-product","3":"status-publish","4":"has-post-thumbnail","6":"product_cat-wire-rope-annealing-machine","7":"product_tag-wire-rope-annealing-machine","8":"product_tag-cutting-and-annealing-machine","10":"first","11":"instock","12":"taxable","13":"shipping-taxable","14":"product-type-simple"},"yoast_head":"<!-- This site is optimized with the Yoast SEO plugin v26.8 - https:\/\/yoast.com\/product\/yoast-seo-wordpress\/ -->\n<title>Snij- en gloeimachine 5MM<\/title>\n<meta name=\"description\" content=\"De draadkabel snij- en gloeimachine is voor staalkabel 1-5 mm met een conisch uiteinde. We hebben nog steeds deze machine voor staalkabel 1-3 mm.\" \/>\n<meta name=\"robots\" content=\"index, follow, max-snippet:-1, max-image-preview:large, max-video-preview:-1\" \/>\n<link rel=\"canonical\" href=\"https:\/\/zunzz.com\/nl\/product\/cutting-and-annealing-machine\/\" \/>\n<meta property=\"og:locale\" content=\"nl_NL\" \/>\n<meta property=\"og:type\" content=\"article\" \/>\n<meta property=\"og:title\" content=\"Snij- en gloeimachine 5MM\" \/>\n<meta property=\"og:description\" content=\"De draadkabel snij- en gloeimachine is voor staalkabel 1-5 mm met een conisch uiteinde. We hebben nog steeds deze machine voor staalkabel 1-3 mm.\" \/>\n<meta property=\"og:url\" content=\"https:\/\/zunzz.com\/nl\/product\/cutting-and-annealing-machine\/\" \/>\n<meta property=\"og:site_name\" content=\"Zunzz Wire Rope Sling Machine Company\" \/>\n<meta property=\"article:modified_time\" content=\"2025-12-13T12:21:40+00:00\" \/>\n<meta property=\"og:image\" content=\"https:\/\/zunzz.com\/wp-content\/uploads\/2023\/09\/Cutting-and-Annealing-Machine-5MM-3.webp\" \/>\n\t<meta property=\"og:image:width\" content=\"600\" \/>\n\t<meta property=\"og:image:height\" content=\"600\" \/>\n\t<meta property=\"og:image:type\" content=\"image\/webp\" \/>\n<meta name=\"twitter:card\" content=\"summary_large_image\" \/>\n<meta name=\"twitter:label1\" content=\"Geschatte leestijd\" \/>\n\t<meta name=\"twitter:data1\" content=\"5 minuten\" \/>\n<script type=\"application\/ld+json\" class=\"yoast-schema-graph\">{\"@context\":\"https:\/\/schema.org\",\"@graph\":[{\"@type\":\"WebPage\",\"@id\":\"https:\/\/zunzz.com\/nl\/product\/cutting-and-annealing-machine\/\",\"url\":\"https:\/\/zunzz.com\/nl\/product\/cutting-and-annealing-machine\/\",\"name\":\"Snij- en gloeimachine 5MM\",\"isPartOf\":{\"@id\":\"https:\/\/zunzz.com\/nl\/#website\"},\"primaryImageOfPage\":{\"@id\":\"https:\/\/zunzz.com\/nl\/product\/cutting-and-annealing-machine\/#primaryimage\"},\"image\":{\"@id\":\"https:\/\/zunzz.com\/nl\/product\/cutting-and-annealing-machine\/#primaryimage\"},\"thumbnailUrl\":\"https:\/\/zunzz.com\/wp-content\/uploads\/2023\/09\/Cutting-and-Annealing-Machine-5MM-3.webp\",\"datePublished\":\"2025-12-12T01:50:14+00:00\",\"dateModified\":\"2025-12-13T12:21:40+00:00\",\"description\":\"De draadkabel snij- en gloeimachine is voor staalkabel 1-5 mm met een conisch uiteinde. We hebben nog steeds deze machine voor staalkabel 1-3 mm.\",\"breadcrumb\":{\"@id\":\"https:\/\/zunzz.com\/nl\/product\/cutting-and-annealing-machine\/#breadcrumb\"},\"inLanguage\":\"nl-NL\",\"potentialAction\":[{\"@type\":\"ReadAction\",\"target\":[\"https:\/\/zunzz.com\/nl\/product\/cutting-and-annealing-machine\/\"]}]},{\"@type\":\"ImageObject\",\"inLanguage\":\"nl-NL\",\"@id\":\"https:\/\/zunzz.com\/nl\/product\/cutting-and-annealing-machine\/#primaryimage\",\"url\":\"https:\/\/zunzz.com\/wp-content\/uploads\/2023\/09\/Cutting-and-Annealing-Machine-5MM-3.webp\",\"contentUrl\":\"https:\/\/zunzz.com\/wp-content\/uploads\/2023\/09\/Cutting-and-Annealing-Machine-5MM-3.webp\",\"width\":600,\"height\":600,\"caption\":\"Snij- en gloeimachine 5MM-3\"},{\"@type\":\"BreadcrumbList\",\"@id\":\"https:\/\/zunzz.com\/nl\/product\/cutting-and-annealing-machine\/#breadcrumb\",\"itemListElement\":[{\"@type\":\"ListItem\",\"position\":1,\"name\":\"Home\",\"item\":\"https:\/\/zunzz.com\/nl\/home\/\"},{\"@type\":\"ListItem\",\"position\":2,\"name\":\"Shop\",\"item\":\"https:\/\/zunzz.com\/bg\/shop\/\"},{\"@type\":\"ListItem\",\"position\":3,\"name\":\"Snij- en gloeimachine 5MM\"}]},{\"@type\":\"WebSite\",\"@id\":\"https:\/\/zunzz.com\/nl\/#website\",\"url\":\"https:\/\/zunzz.com\/nl\/\",\"name\":\"Zunzz Wire Rope Sling Machine Company\",\"description\":\"Zunzz Wire Rope Sling Machine Company is a leading manufacturer of wire rope sling machines and related products.\",\"publisher\":{\"@id\":\"https:\/\/zunzz.com\/nl\/#organization\"},\"potentialAction\":[{\"@type\":\"SearchAction\",\"target\":{\"@type\":\"EntryPoint\",\"urlTemplate\":\"https:\/\/zunzz.com\/nl\/?s={search_term_string}\"},\"query-input\":{\"@type\":\"PropertyValueSpecification\",\"valueRequired\":true,\"valueName\":\"search_term_string\"}}],\"inLanguage\":\"nl-NL\"},{\"@type\":\"Organization\",\"@id\":\"https:\/\/zunzz.com\/nl\/#organization\",\"name\":\"Zunzz Wire Rope Sling Machine Company\",\"url\":\"https:\/\/zunzz.com\/nl\/\",\"logo\":{\"@type\":\"ImageObject\",\"inLanguage\":\"nl-NL\",\"@id\":\"https:\/\/zunzz.com\/nl\/#\/schema\/logo\/image\/\",\"url\":\"https:\/\/zunzz.com\/wp-content\/uploads\/2023\/09\/Logo.png\",\"contentUrl\":\"https:\/\/zunzz.com\/wp-content\/uploads\/2023\/09\/Logo.png\",\"width\":171,\"height\":133,\"caption\":\"Zunzz Wire Rope Sling Machine Company\"},\"image\":{\"@id\":\"https:\/\/zunzz.com\/nl\/#\/schema\/logo\/image\/\"}}]}<\/script>\n<!-- \/ Yoast SEO plugin. -->","yoast_head_json":{"title":"Snij- en gloeimachine 5MM","description":"De draadkabel snij- en gloeimachine is voor staalkabel 1-5 mm met een conisch uiteinde. We hebben nog steeds deze machine voor staalkabel 1-3 mm.","robots":{"index":"index","follow":"follow","max-snippet":"max-snippet:-1","max-image-preview":"max-image-preview:large","max-video-preview":"max-video-preview:-1"},"canonical":"https:\/\/zunzz.com\/nl\/product\/cutting-and-annealing-machine\/","og_locale":"nl_NL","og_type":"article","og_title":"Snij- en gloeimachine 5MM","og_description":"De draadkabel snij- en gloeimachine is voor staalkabel 1-5 mm met een conisch uiteinde. We hebben nog steeds deze machine voor staalkabel 1-3 mm.","og_url":"https:\/\/zunzz.com\/nl\/product\/cutting-and-annealing-machine\/","og_site_name":"Zunzz Wire Rope Sling Machine Company","article_modified_time":"2025-12-13T12:21:40+00:00","og_image":[{"width":600,"height":600,"url":"https:\/\/zunzz.com\/wp-content\/uploads\/2023\/09\/Cutting-and-Annealing-Machine-5MM-3.webp","type":"image\/webp"}],"twitter_card":"summary_large_image","twitter_misc":{"Geschatte leestijd":"5 minuten"},"schema":{"@context":"https:\/\/schema.org","@graph":[{"@type":"WebPage","@id":"https:\/\/zunzz.com\/nl\/product\/cutting-and-annealing-machine\/","url":"https:\/\/zunzz.com\/nl\/product\/cutting-and-annealing-machine\/","name":"Snij- en gloeimachine 5MM","isPartOf":{"@id":"https:\/\/zunzz.com\/nl\/#website"},"primaryImageOfPage":{"@id":"https:\/\/zunzz.com\/nl\/product\/cutting-and-annealing-machine\/#primaryimage"},"image":{"@id":"https:\/\/zunzz.com\/nl\/product\/cutting-and-annealing-machine\/#primaryimage"},"thumbnailUrl":"https:\/\/zunzz.com\/wp-content\/uploads\/2023\/09\/Cutting-and-Annealing-Machine-5MM-3.webp","datePublished":"2025-12-12T01:50:14+00:00","dateModified":"2025-12-13T12:21:40+00:00","description":"De draadkabel snij- en gloeimachine is voor staalkabel 1-5 mm met een conisch uiteinde. We hebben nog steeds deze machine voor staalkabel 1-3 mm.","breadcrumb":{"@id":"https:\/\/zunzz.com\/nl\/product\/cutting-and-annealing-machine\/#breadcrumb"},"inLanguage":"nl-NL","potentialAction":[{"@type":"ReadAction","target":["https:\/\/zunzz.com\/nl\/product\/cutting-and-annealing-machine\/"]}]},{"@type":"ImageObject","inLanguage":"nl-NL","@id":"https:\/\/zunzz.com\/nl\/product\/cutting-and-annealing-machine\/#primaryimage","url":"https:\/\/zunzz.com\/wp-content\/uploads\/2023\/09\/Cutting-and-Annealing-Machine-5MM-3.webp","contentUrl":"https:\/\/zunzz.com\/wp-content\/uploads\/2023\/09\/Cutting-and-Annealing-Machine-5MM-3.webp","width":600,"height":600,"caption":"Snij- en gloeimachine 5MM-3"},{"@type":"BreadcrumbList","@id":"https:\/\/zunzz.com\/nl\/product\/cutting-and-annealing-machine\/#breadcrumb","itemListElement":[{"@type":"ListItem","position":1,"name":"Home","item":"https:\/\/zunzz.com\/nl\/home\/"},{"@type":"ListItem","position":2,"name":"Shop","item":"https:\/\/zunzz.com\/bg\/shop\/"},{"@type":"ListItem","position":3,"name":"Snij- en gloeimachine 5MM"}]},{"@type":"WebSite","@id":"https:\/\/zunzz.com\/nl\/#website","url":"https:\/\/zunzz.com\/nl\/","name":"Zunzz Wire Rope Sling Machine Company","description":"Zunzz Wire Rope Sling Machine Company is a leading manufacturer of wire rope sling machines and related products.","publisher":{"@id":"https:\/\/zunzz.com\/nl\/#organization"},"potentialAction":[{"@type":"SearchAction","target":{"@type":"EntryPoint","urlTemplate":"https:\/\/zunzz.com\/nl\/?s={search_term_string}"},"query-input":{"@type":"PropertyValueSpecification","valueRequired":true,"valueName":"search_term_string"}}],"inLanguage":"nl-NL"},{"@type":"Organization","@id":"https:\/\/zunzz.com\/nl\/#organization","name":"Zunzz Wire Rope Sling Machine Company","url":"https:\/\/zunzz.com\/nl\/","logo":{"@type":"ImageObject","inLanguage":"nl-NL","@id":"https:\/\/zunzz.com\/nl\/#\/schema\/logo\/image\/","url":"https:\/\/zunzz.com\/wp-content\/uploads\/2023\/09\/Logo.png","contentUrl":"https:\/\/zunzz.com\/wp-content\/uploads\/2023\/09\/Logo.png","width":171,"height":133,"caption":"Zunzz Wire Rope Sling Machine Company"},"image":{"@id":"https:\/\/zunzz.com\/nl\/#\/schema\/logo\/image\/"}}]}},"_links":{"self":[{"href":"https:\/\/zunzz.com\/nl\/wp-json\/wp\/v2\/product\/2922","targetHints":{"allow":["GET"]}}],"collection":[{"href":"https:\/\/zunzz.com\/nl\/wp-json\/wp\/v2\/product"}],"about":[{"href":"https:\/\/zunzz.com\/nl\/wp-json\/wp\/v2\/types\/product"}],"replies":[{"embeddable":true,"href":"https:\/\/zunzz.com\/nl\/wp-json\/wp\/v2\/comments?post=2922"}],"wp:featuredmedia":[{"embeddable":true,"href":"https:\/\/zunzz.com\/nl\/wp-json\/wp\/v2\/media\/2923"}],"wp:attachment":[{"href":"https:\/\/zunzz.com\/nl\/wp-json\/wp\/v2\/media?parent=2922"}],"wp:term":[{"taxonomy":"product_brand","embeddable":true,"href":"https:\/\/zunzz.com\/nl\/wp-json\/wp\/v2\/product_brand?post=2922"},{"taxonomy":"product_cat","embeddable":true,"href":"https:\/\/zunzz.com\/nl\/wp-json\/wp\/v2\/product_cat?post=2922"},{"taxonomy":"product_tag","embeddable":true,"href":"https:\/\/zunzz.com\/nl\/wp-json\/wp\/v2\/product_tag?post=2922"}],"curies":[{"name":"wp","href":"https:\/\/api.w.org\/{rel}","templated":true}]}}