{"id":2844,"date":"2025-12-13T02:04:06","date_gmt":"2025-12-13T02:04:06","guid":{"rendered":"https:\/\/zunzz.com\/product\/draadkabel-onthardende-machine-55mm\/"},"modified":"2025-12-14T03:20:21","modified_gmt":"2025-12-14T03:20:21","slug":"wire-rope-annealing-machine","status":"publish","type":"product","link":"https:\/\/zunzz.com\/nl\/product\/wire-rope-annealing-machine\/","title":{"rendered":"Draadkabel Onthardende Machine 55mm"},"content":{"rendered":"<h3>1. Over staalkabelgloeimachine<\/h3>\n<p>Deze <strong>staalkabelgloeimachine<\/strong> is geschikt voor staalkabels van 22-55 mm. Het is het resultaat van continue verbetering sinds de oprichting van Zunzz Wire Rope Machine Company in 2001. Door voortdurende innovatie en technologische ontwikkeling hebben onze machines de werk effici\u00ebntie en veiligheid aanzienlijk verbeterd. Het is ideaal voor elke industrie die regelmatig staalkabels moet snijden.   <\/p>\n<h3>2.The parameter van Draadkabel het Ontharden Machine<\/h3>\n<div class=\"table-r\">\n<table width=\"100%\">\n<tbody>\n<tr>\n<td width=\"50%\">Modelnr.\n<\/td>\n<td width=\"50%\">UNR-55<\/td>\n<\/tr>\n<tr>\n<td width=\"50%\">Machinekleur\n<\/td>\n<td width=\"50%\">zoals gevraagd<\/td>\n<\/tr>\n<tr>\n<td width=\"50%\">Verbrand ons assortiment\n<\/td>\n<td width=\"50%\">\u00d820-55mm<\/td>\n<\/tr>\n<tr>\n<td width=\"50%\">Klem\n<\/td>\n<td width=\"50%\">4 set<\/td>\n<\/tr>\n<tr>\n<td width=\"50%\">Vermogen\n<\/td>\n<td width=\"50%\">150KW<\/td>\n<\/tr>\n<tr>\n<td width=\"50%\">Voltage\n<\/td>\n<td width=\"50%\">Zoals verzoek<\/td>\n<\/tr>\n<tr>\n<td width=\"50%\">Afmeting(mm)\n<\/td>\n<td width=\"50%\">1100*900*1600<\/td>\n<\/tr>\n<tr>\n<td width=\"50%\">Gewicht\n<\/td>\n<td width=\"50%\">800KG<\/td>\n<\/tr>\n<tr>\n<td width=\"50%\">Controle\n<\/td>\n<td width=\"50%\">microcomputer<\/td>\n<\/tr>\n<\/tbody>\n<\/table>\n<p>&nbsp;<\/p>\n<\/div>\n<p><iframe title=\"Wire Rope Annealing Machine 55mmm\" width=\"1060\" height=\"596\" src=\"https:\/\/www.youtube.com\/embed\/dyr3C3Txx3w?feature=oembed\" frameborder=\"0\" allow=\"accelerometer; autoplay; clipboard-write; encrypted-media; gyroscope; picture-in-picture; web-share\" referrerpolicy=\"strict-origin-when-cross-origin\" allowfullscreen><\/iframe><\/p>\n<div class=\"table-r\">\n<h3>3. Instructies voor de gloeimachine voor staaldraad<\/h3>\n<p>Het proces van staaldraad gloeien wordt soms fusing en tapering genoemd. Tijdens dit gloeiproces worden de strengen in het staaldraad verhit tot een zeer hoge temperatuur door de stroomtoevoer te regelen via een voetschakelaar. De metaaldeeltjes zullen herkristalliseren onder de hete hoge temperatuur, waardoor ze samensmelten.  <\/p>\n<p>Ten slotte bestaat het uit twee onafhankelijke delen: 1. Door het wiel en de handgreep wordt het staaldraad lichtjes strak gewikkeld en gefuseerd. 2. Pas de afstand tussen de klem aan. Splits het ten slotte in twee delen. Op deze manier wordt het uiteinde van het touw lichtjes taps toelopend en volledig gefuseerd.    <\/p>\n<p>Om te voorkomen dat het touw broos wordt, moet u het langzaam laten afkoelen. Dan krijgt u een nette en gladde staaldraad met taps toelopende vorm en spiraalvormige uiteinden. <\/p>\n<h3><img fetchpriority=\"high\" decoding=\"async\" class=\"alignnone wp-image-365 size-full\" src=\"https:\/\/zunzz.com\/wp-content\/uploads\/2023\/09\/Wire-Rope-Annealing-Machine-55mm-2.webp\" alt=\"Draadkabel Onthardende Machine 55mm-2\" width=\"1000\" height=\"1000\" srcset=\"https:\/\/zunzz.com\/wp-content\/uploads\/2023\/09\/Wire-Rope-Annealing-Machine-55mm-2.webp 1000w, https:\/\/zunzz.com\/wp-content\/uploads\/2023\/09\/Wire-Rope-Annealing-Machine-55mm-2-300x300.webp 300w, https:\/\/zunzz.com\/wp-content\/uploads\/2023\/09\/Wire-Rope-Annealing-Machine-55mm-2-150x150.webp 150w, https:\/\/zunzz.com\/wp-content\/uploads\/2023\/09\/Wire-Rope-Annealing-Machine-55mm-2-768x768.webp 768w, https:\/\/zunzz.com\/wp-content\/uploads\/2023\/09\/Wire-Rope-Annealing-Machine-55mm-2-570x570.webp 570w, https:\/\/zunzz.com\/wp-content\/uploads\/2023\/09\/Wire-Rope-Annealing-Machine-55mm-2-500x500.webp 500w, https:\/\/zunzz.com\/wp-content\/uploads\/2023\/09\/Wire-Rope-Annealing-Machine-55mm-2-700x700.webp 700w, https:\/\/zunzz.com\/wp-content\/uploads\/2023\/09\/Wire-Rope-Annealing-Machine-55mm-2-650x650.webp 650w, https:\/\/zunzz.com\/wp-content\/uploads\/2023\/09\/Wire-Rope-Annealing-Machine-55mm-2-600x600.webp 600w, https:\/\/zunzz.com\/wp-content\/uploads\/2023\/09\/Wire-Rope-Annealing-Machine-55mm-2-100x100.webp 100w\" sizes=\"(max-width: 1000px) 100vw, 1000px\" \/><\/h3>\n<h3><\/h3>\n<h3>4. Voordelen van de gloeimachine voor staaldraad<\/h3>\n<ul>\n<li>Slimme vormgeving en draagbaarheid:<\/li>\n<\/ul>\n<p>De <strong>staaldraad gloeimachine<\/strong> is slim ontworpen om het gemakkelijk te maken om te verplaatsen in verschillende werkscenario&#8217;s. Deze apparatuur kan bijvoorbeeld een belangrijke rol spelen op bouwplaatsen, bij de bouw van bruggen, bij de scheepsbouw en in vele andere situaties waar staalkabels moeten worden doorgesneden. <\/p>\n<ul>\n<li>Snel smelten en gemakkelijke bediening:<\/li>\n<\/ul>\n<p>De<a title=\"Snij- en gloeimachine 5MM\" href=\"https:\/\/zunzz.com\/nl\/product\/cutting-and-annealing-machine\/\"> snij- en gloeimachine<\/a> heeft de eigenschappen dat staaldraadkabels snel smelten en snijden. Tegelijkertijd is de machine eenvoudig te bedienen en verbetert de productie-effici\u00ebntie.<\/p>\n<ul>\n<li>Energiebesparing en veiligheid:<\/li>\n<\/ul>\n<p>Het werkvermogen van de gloeimachine is relatief laag, wat helpt om energie te besparen. En het unieke ontwerp kan de veiligheid van de werking garanderen. <\/p>\n<ul>\n<li>Het gloei-einde is netjes en glad:<\/li>\n<\/ul>\n<p>conisch en spiraalvormig, de draad zal niet rafelen.<\/p>\n<ul>\n<li>Samenwerken met het rookafzuigapparaat:<\/li>\n<\/ul>\n<p>De machine kan samenwerken met het rookafzuigapparaat om de rook en het stof die tijdens het lasproces ontstaan, effectief te beheersen en af \u200b\u200bte voeren. Zo worden de netheid en veiligheid van de werkomgeving gewaarborgd.<\/p>\n<ul>\n<li>Breed gloeidiameterbereik:<\/li>\n<\/ul>\n<p>De gloeimachine heeft een groot smeltdiameterbereik en kan staaldraadkabels van 22-55 mm smelten zonder dat er onderdelen vervangen hoeven te worden. <span style=\"color: #ff0000;\">Als u staalkabels met verschillende diameters moet smelten, bieden wij ook andere machinemodellen aan die aan uw behoeften voldoen.<\/span><\/p>\n<ul>\n<li>Uniek klemontwerp:<\/li>\n<\/ul>\n<p>De klem heeft een uniek klemontwerp dat ervoor zorgt dat de staalkabel stevig vastzit, waardoor de stabiliteit en veiligheid van de werkzaamheden worden verbeterd.<\/p>\n<\/div>\n<p><img decoding=\"async\" class=\"alignnone wp-image-366 \" src=\"https:\/\/zunzz.com\/wp-content\/uploads\/2023\/09\/Wire-Rope-Annealing-Machine-55mm-1.webp\" alt=\"Draadkabel Onthardende Machine 55mm-1\" width=\"1000\" height=\"1333\" srcset=\"https:\/\/zunzz.com\/wp-content\/uploads\/2023\/09\/Wire-Rope-Annealing-Machine-55mm-1.webp 960w, https:\/\/zunzz.com\/wp-content\/uploads\/2023\/09\/Wire-Rope-Annealing-Machine-55mm-1-225x300.webp 225w, https:\/\/zunzz.com\/wp-content\/uploads\/2023\/09\/Wire-Rope-Annealing-Machine-55mm-1-768x1024.webp 768w, https:\/\/zunzz.com\/wp-content\/uploads\/2023\/09\/Wire-Rope-Annealing-Machine-55mm-1-600x800.webp 600w, https:\/\/zunzz.com\/wp-content\/uploads\/2023\/09\/Wire-Rope-Annealing-Machine-55mm-1-700x933.webp 700w\" sizes=\"(max-width: 1000px) 100vw, 1000px\" \/><\/p>\n<p><img decoding=\"async\" class=\"alignnone wp-image-368 \" src=\"https:\/\/zunzz.com\/wp-content\/uploads\/2023\/09\/Wire-Rope-Annealing-Machine-55mm-4.webp\" alt=\"Draadkabel Onthardende Machine 55mm-4\" width=\"1000\" height=\"1333\" srcset=\"https:\/\/zunzz.com\/wp-content\/uploads\/2023\/09\/Wire-Rope-Annealing-Machine-55mm-4.webp 960w, https:\/\/zunzz.com\/wp-content\/uploads\/2023\/09\/Wire-Rope-Annealing-Machine-55mm-4-225x300.webp 225w, https:\/\/zunzz.com\/wp-content\/uploads\/2023\/09\/Wire-Rope-Annealing-Machine-55mm-4-768x1024.webp 768w, https:\/\/zunzz.com\/wp-content\/uploads\/2023\/09\/Wire-Rope-Annealing-Machine-55mm-4-600x800.webp 600w, https:\/\/zunzz.com\/wp-content\/uploads\/2023\/09\/Wire-Rope-Annealing-Machine-55mm-4-700x933.webp 700w\" sizes=\"(max-width: 1000px) 100vw, 1000px\" \/><\/p>\n<h3><\/h3>\n<h3>5. Andere parameters van de snij- en gloeimachine<\/h3>\n<div class=\"table-r\">\n<table width=\"100%\">\n<tbody>\n<tr>\n<td width=\"50%\">Conditie\n<\/td>\n<td width=\"50%\">Gloednieuw<\/td>\n<\/tr>\n<tr>\n<td width=\"50%\">Merknaam\n<\/td>\n<td width=\"50%\">Zunzz Wire Rope Sling Machine Company<\/td>\n<\/tr>\n<tr>\n<td width=\"50%\">Land\/regio van productie\n<\/td>\n<td width=\"50%\">Baoding, China<\/td>\n<\/tr>\n<tr>\n<td width=\"50%\">Jaar van eerste publicatie\n<\/td>\n<td width=\"50%\">2001<\/td>\n<\/tr>\n<tr>\n<td width=\"50%\">Productiedatum\n<\/td>\n<td width=\"50%\">Besteltijd<\/td>\n<\/tr>\n<tr>\n<td width=\"50%\">Garantieperiode\n<\/td>\n<td width=\"50%\">1 jaar<\/td>\n<\/tr>\n<tr>\n<td width=\"50%\">Hoeveelheid (stuks)\/levertijd (dagen)\n<\/td>\n<td width=\"50%\">1-1 (stuks)\/35 (dagen), 2-10 (stuks)\/45 (dagen), Meer dan 10 (stuks)\/onderhandelbaar<\/td>\n<\/tr>\n<tr>\n<td width=\"50%\">Kleur\n<\/td>\n<td width=\"50%\">Rood of aangepast<\/td>\n<\/tr>\n<tr>\n<td width=\"50%\">Verpakkingsdetails\n<\/td>\n<td width=\"50%\">Houten doos<\/td>\n<\/tr>\n<tr>\n<td width=\"50%\">service support\n<\/td>\n<td width=\"50%\">Telefonische ondersteuning op afstand<\/td>\n<\/tr>\n<\/tbody>\n<\/table>\n<\/div>\n<p>&nbsp;<\/p>\n<p><img loading=\"lazy\" decoding=\"async\" class=\"alignnone wp-image-367 \" src=\"https:\/\/zunzz.com\/wp-content\/uploads\/2023\/09\/Wire-Rope-Annealing-Machine-55mm-3.webp\" alt=\"Draadkabel Onthardende Machine 55mm-3\" width=\"1000\" height=\"1334\" srcset=\"https:\/\/zunzz.com\/wp-content\/uploads\/2023\/09\/Wire-Rope-Annealing-Machine-55mm-3.webp 810w, https:\/\/zunzz.com\/wp-content\/uploads\/2023\/09\/Wire-Rope-Annealing-Machine-55mm-3-225x300.webp 225w, https:\/\/zunzz.com\/wp-content\/uploads\/2023\/09\/Wire-Rope-Annealing-Machine-55mm-3-768x1024.webp 768w, https:\/\/zunzz.com\/wp-content\/uploads\/2023\/09\/Wire-Rope-Annealing-Machine-55mm-3-600x800.webp 600w, https:\/\/zunzz.com\/wp-content\/uploads\/2023\/09\/Wire-Rope-Annealing-Machine-55mm-3-700x933.webp 700w\" sizes=\"(max-width: 1000px) 100vw, 1000px\" \/><\/p>\n<p>De machines zijn ge\u00ebxporteerd naar het Verenigd Koninkrijk, Denemarken, Itali\u00eb, Marokko, Iran, Indonesi\u00eb, India, de VAE, Singapore, Polen, etc.<\/p>\n\n<div class=\"wpcf7 no-js\" id=\"wpcf7-f5519-o1\" lang=\"nl-NL\" dir=\"ltr\" data-wpcf7-id=\"5519\">\n<div class=\"screen-reader-response\"><p role=\"status\" aria-live=\"polite\" aria-atomic=\"true\"><\/p> <ul><\/ul><\/div>\n<form action=\"\/nl\/wp-json\/wp\/v2\/product\/2844#wpcf7-f5519-o1\" method=\"post\" class=\"wpcf7-form init\" aria-label=\"Contactformulier\" novalidate=\"novalidate\" data-status=\"init\">\n<fieldset class=\"hidden-fields-container\"><input type=\"hidden\" name=\"_wpcf7\" value=\"5519\" \/><input type=\"hidden\" name=\"_wpcf7_version\" value=\"6.1.4\" \/><input type=\"hidden\" name=\"_wpcf7_locale\" value=\"nl_NL\" \/><input type=\"hidden\" name=\"_wpcf7_unit_tag\" value=\"wpcf7-f5519-o1\" \/><input type=\"hidden\" name=\"_wpcf7_container_post\" value=\"0\" \/><input type=\"hidden\" name=\"_wpcf7_posted_data_hash\" value=\"\" \/>\n<\/fieldset>\n<div class=\"wpcf7-turnstile cf-turnstile\" data-sitekey=\"0x4AAAAAACHlhHyKtoljFN8P\" data-response-field-name=\"_wpcf7_turnstile_response\"><\/div>\n\n<p>\n    <\/p><h4 style=\"color:#333333;font-size:20px;font-family:\"background-color:#FFFFFF;font-weight:normal !important;\">\n        <span style=\"color:red;\">Stuur ons uw wensen \u2013 wij reageren binnen 24 uur<\/span>\n    <\/h4>\n\n\n<div class=\"row\" style=\"display:flex; flex-wrap:wrap; width:100%;\">\n\n    <!-- Name -->\n    <div style=\"width:40%; padding-right:10px; box-sizing:border-box;\">\n        <div class=\"form-group\" style=\"margin-bottom:15px;\">\n <span class=\"wpcf7-form-control-wrap\" data-name=\"your-name\"><input size=\"40\" maxlength=\"400\" class=\"wpcf7-form-control wpcf7-text wpcf7-validates-as-required\" aria-required=\"true\" aria-invalid=\"false\" placeholder=\"Uw naam *\" value=\"\" type=\"text\" name=\"your-name\" \/><\/span>\n        <\/div>\n    <\/div>\n\n    <!-- Email -->\n    <div style=\"width:60%; padding-left:10px; box-sizing:border-box;\">\n        <div class=\"form-group\" style=\"margin-bottom:15px;\">\n <span class=\"wpcf7-form-control-wrap\" data-name=\"your-email\"><input size=\"40\" maxlength=\"400\" class=\"wpcf7-form-control wpcf7-email wpcf7-validates-as-required wpcf7-text wpcf7-validates-as-email\" aria-required=\"true\" aria-invalid=\"false\" placeholder=\"E-mailadres *\" value=\"\" type=\"email\" name=\"your-email\" \/><\/span>\n        <\/div>\n    <\/div>\n\n    <!-- Message -->\n    <div style=\"width:100%; box-sizing:border-box;\">\n        <div class=\"form-group\" style=\"margin-bottom:15px;\">\n            <span class=\"wpcf7-form-control-wrap\" data-name=\"your-message\"><textarea cols=\"30\" rows=\"4\" maxlength=\"2000\" class=\"wpcf7-form-control wpcf7-textarea\" aria-invalid=\"false\" placeholder=\"Schrijf hier uw bericht\" name=\"your-message\"><\/textarea><\/span>\n        <\/div>\n    <\/div>\n\n    <!-- Submit -->\n    <div style=\"width:100%; box-sizing:border-box;\">\n        <input class=\"wpcf7-form-control wpcf7-submit has-spinner btn btn-default\" type=\"submit\" value=\"Stuur ons een bericht en ontvang een offerte\" \/>\n    <\/div>\n\n<\/div><div class=\"wpcf7-response-output\" aria-hidden=\"true\"><\/div>\n<\/form>\n<\/div>\n\n","protected":false},"excerpt":{"rendered":"<div class=\"table-r\">\n<table width=\"100%\">\n<tbody>\n<tr>\n<td width=\"50%\">Model:\n<\/td>\n<td width=\"50%\">RDJ-175<\/td>\n<\/tr>\n<tr>\n<td width=\"50%\">Max. staaldraad:<\/td>\n<td width=\"50%\">55mm<\/td>\n<\/tr>\n<tr>\n<td width=\"50%\">Vermogen:\n<\/td>\n<td width=\"50%\">175KW<\/td>\n<\/tr>\n<tr>\n<td width=\"50%\">Afmetingen:\n<\/td>\n<td width=\"50%\">1100mm*640mm*1500mm<\/td>\n<\/tr>\n<tr>\n<td width=\"50%\">Gewicht:\n<\/td>\n<td width=\"50%\">750kg<\/td>\n<\/tr>\n<\/tbody>\n<\/table>\n<p><strong>Beschikbare taal:<\/strong>[wpml_language_selector_widget]<\/p>\n[contact-form-7 id=\"055e9b5\" title=\"Contact form 2\"]\n<\/div>\n","protected":false},"featured_media":2845,"comment_status":"open","ping_status":"closed","template":"","meta":[],"product_brand":[],"product_cat":[189],"product_tag":[340],"class_list":{"0":"post-2844","1":"product","2":"type-product","3":"status-publish","4":"has-post-thumbnail","6":"product_cat-wire-rope-annealing-machine","7":"product_tag-wire-rope-annealing-machine","9":"first","10":"instock","11":"taxable","12":"shipping-taxable","13":"product-type-simple"},"yoast_head":"<!-- This site is optimized with the Yoast SEO plugin v26.8 - https:\/\/yoast.com\/product\/yoast-seo-wordpress\/ -->\n<title>Staalkabel gloeimachine 55mm<\/title>\n<meta name=\"description\" content=\"Koordgloeimachine voor staalkabel 22-55mm. De machine kan samenwerken met rookafzuiging. Andere staalkabelbereiken kunnen op aanvraag worden uitgevoerd.\" \/>\n<meta name=\"robots\" content=\"index, follow, max-snippet:-1, max-image-preview:large, max-video-preview:-1\" \/>\n<link rel=\"canonical\" href=\"https:\/\/zunzz.com\/nl\/product\/wire-rope-annealing-machine\/\" \/>\n<meta property=\"og:locale\" content=\"nl_NL\" \/>\n<meta property=\"og:type\" content=\"article\" \/>\n<meta property=\"og:title\" content=\"Staalkabel gloeimachine 55mm\" \/>\n<meta property=\"og:description\" content=\"Koordgloeimachine voor staalkabel 22-55mm. De machine kan samenwerken met rookafzuiging. Andere staalkabelbereiken kunnen op aanvraag worden uitgevoerd.\" \/>\n<meta property=\"og:url\" content=\"https:\/\/zunzz.com\/nl\/product\/wire-rope-annealing-machine\/\" \/>\n<meta property=\"og:site_name\" content=\"Zunzz Wire Rope Sling Machine Company\" \/>\n<meta property=\"article:modified_time\" content=\"2025-12-14T03:20:21+00:00\" \/>\n<meta property=\"og:image\" content=\"https:\/\/zunzz.com\/wp-content\/uploads\/2023\/09\/Wire-Rope-Annealing-Machine-55mm-2.webp\" \/>\n\t<meta property=\"og:image:width\" content=\"1000\" \/>\n\t<meta property=\"og:image:height\" content=\"1000\" \/>\n\t<meta property=\"og:image:type\" content=\"image\/webp\" \/>\n<meta name=\"twitter:card\" content=\"summary_large_image\" \/>\n<meta name=\"twitter:label1\" content=\"Geschatte leestijd\" \/>\n\t<meta name=\"twitter:data1\" content=\"5 minuten\" \/>\n<script type=\"application\/ld+json\" class=\"yoast-schema-graph\">{\"@context\":\"https:\/\/schema.org\",\"@graph\":[{\"@type\":\"WebPage\",\"@id\":\"https:\/\/zunzz.com\/nl\/product\/wire-rope-annealing-machine\/\",\"url\":\"https:\/\/zunzz.com\/nl\/product\/wire-rope-annealing-machine\/\",\"name\":\"Staalkabel gloeimachine 55mm\",\"isPartOf\":{\"@id\":\"https:\/\/zunzz.com\/nl\/#website\"},\"primaryImageOfPage\":{\"@id\":\"https:\/\/zunzz.com\/nl\/product\/wire-rope-annealing-machine\/#primaryimage\"},\"image\":{\"@id\":\"https:\/\/zunzz.com\/nl\/product\/wire-rope-annealing-machine\/#primaryimage\"},\"thumbnailUrl\":\"https:\/\/zunzz.com\/wp-content\/uploads\/2023\/09\/Wire-Rope-Annealing-Machine-55mm-2.webp\",\"datePublished\":\"2025-12-13T02:04:06+00:00\",\"dateModified\":\"2025-12-14T03:20:21+00:00\",\"description\":\"Koordgloeimachine voor staalkabel 22-55mm. De machine kan samenwerken met rookafzuiging. Andere staalkabelbereiken kunnen op aanvraag worden uitgevoerd.\",\"breadcrumb\":{\"@id\":\"https:\/\/zunzz.com\/nl\/product\/wire-rope-annealing-machine\/#breadcrumb\"},\"inLanguage\":\"nl-NL\",\"potentialAction\":[{\"@type\":\"ReadAction\",\"target\":[\"https:\/\/zunzz.com\/nl\/product\/wire-rope-annealing-machine\/\"]}]},{\"@type\":\"ImageObject\",\"inLanguage\":\"nl-NL\",\"@id\":\"https:\/\/zunzz.com\/nl\/product\/wire-rope-annealing-machine\/#primaryimage\",\"url\":\"https:\/\/zunzz.com\/wp-content\/uploads\/2023\/09\/Wire-Rope-Annealing-Machine-55mm-2.webp\",\"contentUrl\":\"https:\/\/zunzz.com\/wp-content\/uploads\/2023\/09\/Wire-Rope-Annealing-Machine-55mm-2.webp\",\"width\":1000,\"height\":1000,\"caption\":\"Draadkabel Onthardende Machine 55mm-2\"},{\"@type\":\"BreadcrumbList\",\"@id\":\"https:\/\/zunzz.com\/nl\/product\/wire-rope-annealing-machine\/#breadcrumb\",\"itemListElement\":[{\"@type\":\"ListItem\",\"position\":1,\"name\":\"Home\",\"item\":\"https:\/\/zunzz.com\/nl\/home\/\"},{\"@type\":\"ListItem\",\"position\":2,\"name\":\"Shop\",\"item\":\"https:\/\/zunzz.com\/bg\/shop\/\"},{\"@type\":\"ListItem\",\"position\":3,\"name\":\"Draadkabel Onthardende Machine 55mm\"}]},{\"@type\":\"WebSite\",\"@id\":\"https:\/\/zunzz.com\/nl\/#website\",\"url\":\"https:\/\/zunzz.com\/nl\/\",\"name\":\"Zunzz Wire Rope Sling Machine Company\",\"description\":\"Zunzz Wire Rope Sling Machine Company is a leading manufacturer of wire rope sling machines and related products.\",\"publisher\":{\"@id\":\"https:\/\/zunzz.com\/nl\/#organization\"},\"potentialAction\":[{\"@type\":\"SearchAction\",\"target\":{\"@type\":\"EntryPoint\",\"urlTemplate\":\"https:\/\/zunzz.com\/nl\/?s={search_term_string}\"},\"query-input\":{\"@type\":\"PropertyValueSpecification\",\"valueRequired\":true,\"valueName\":\"search_term_string\"}}],\"inLanguage\":\"nl-NL\"},{\"@type\":\"Organization\",\"@id\":\"https:\/\/zunzz.com\/nl\/#organization\",\"name\":\"Zunzz Wire Rope Sling Machine Company\",\"url\":\"https:\/\/zunzz.com\/nl\/\",\"logo\":{\"@type\":\"ImageObject\",\"inLanguage\":\"nl-NL\",\"@id\":\"https:\/\/zunzz.com\/nl\/#\/schema\/logo\/image\/\",\"url\":\"https:\/\/zunzz.com\/wp-content\/uploads\/2023\/09\/Logo.png\",\"contentUrl\":\"https:\/\/zunzz.com\/wp-content\/uploads\/2023\/09\/Logo.png\",\"width\":171,\"height\":133,\"caption\":\"Zunzz Wire Rope Sling Machine Company\"},\"image\":{\"@id\":\"https:\/\/zunzz.com\/nl\/#\/schema\/logo\/image\/\"}}]}<\/script>\n<!-- \/ Yoast SEO plugin. -->","yoast_head_json":{"title":"Staalkabel gloeimachine 55mm","description":"Koordgloeimachine voor staalkabel 22-55mm. De machine kan samenwerken met rookafzuiging. Andere staalkabelbereiken kunnen op aanvraag worden uitgevoerd.","robots":{"index":"index","follow":"follow","max-snippet":"max-snippet:-1","max-image-preview":"max-image-preview:large","max-video-preview":"max-video-preview:-1"},"canonical":"https:\/\/zunzz.com\/nl\/product\/wire-rope-annealing-machine\/","og_locale":"nl_NL","og_type":"article","og_title":"Staalkabel gloeimachine 55mm","og_description":"Koordgloeimachine voor staalkabel 22-55mm. De machine kan samenwerken met rookafzuiging. Andere staalkabelbereiken kunnen op aanvraag worden uitgevoerd.","og_url":"https:\/\/zunzz.com\/nl\/product\/wire-rope-annealing-machine\/","og_site_name":"Zunzz Wire Rope Sling Machine Company","article_modified_time":"2025-12-14T03:20:21+00:00","og_image":[{"width":1000,"height":1000,"url":"https:\/\/zunzz.com\/wp-content\/uploads\/2023\/09\/Wire-Rope-Annealing-Machine-55mm-2.webp","type":"image\/webp"}],"twitter_card":"summary_large_image","twitter_misc":{"Geschatte leestijd":"5 minuten"},"schema":{"@context":"https:\/\/schema.org","@graph":[{"@type":"WebPage","@id":"https:\/\/zunzz.com\/nl\/product\/wire-rope-annealing-machine\/","url":"https:\/\/zunzz.com\/nl\/product\/wire-rope-annealing-machine\/","name":"Staalkabel gloeimachine 55mm","isPartOf":{"@id":"https:\/\/zunzz.com\/nl\/#website"},"primaryImageOfPage":{"@id":"https:\/\/zunzz.com\/nl\/product\/wire-rope-annealing-machine\/#primaryimage"},"image":{"@id":"https:\/\/zunzz.com\/nl\/product\/wire-rope-annealing-machine\/#primaryimage"},"thumbnailUrl":"https:\/\/zunzz.com\/wp-content\/uploads\/2023\/09\/Wire-Rope-Annealing-Machine-55mm-2.webp","datePublished":"2025-12-13T02:04:06+00:00","dateModified":"2025-12-14T03:20:21+00:00","description":"Koordgloeimachine voor staalkabel 22-55mm. De machine kan samenwerken met rookafzuiging. Andere staalkabelbereiken kunnen op aanvraag worden uitgevoerd.","breadcrumb":{"@id":"https:\/\/zunzz.com\/nl\/product\/wire-rope-annealing-machine\/#breadcrumb"},"inLanguage":"nl-NL","potentialAction":[{"@type":"ReadAction","target":["https:\/\/zunzz.com\/nl\/product\/wire-rope-annealing-machine\/"]}]},{"@type":"ImageObject","inLanguage":"nl-NL","@id":"https:\/\/zunzz.com\/nl\/product\/wire-rope-annealing-machine\/#primaryimage","url":"https:\/\/zunzz.com\/wp-content\/uploads\/2023\/09\/Wire-Rope-Annealing-Machine-55mm-2.webp","contentUrl":"https:\/\/zunzz.com\/wp-content\/uploads\/2023\/09\/Wire-Rope-Annealing-Machine-55mm-2.webp","width":1000,"height":1000,"caption":"Draadkabel Onthardende Machine 55mm-2"},{"@type":"BreadcrumbList","@id":"https:\/\/zunzz.com\/nl\/product\/wire-rope-annealing-machine\/#breadcrumb","itemListElement":[{"@type":"ListItem","position":1,"name":"Home","item":"https:\/\/zunzz.com\/nl\/home\/"},{"@type":"ListItem","position":2,"name":"Shop","item":"https:\/\/zunzz.com\/bg\/shop\/"},{"@type":"ListItem","position":3,"name":"Draadkabel Onthardende Machine 55mm"}]},{"@type":"WebSite","@id":"https:\/\/zunzz.com\/nl\/#website","url":"https:\/\/zunzz.com\/nl\/","name":"Zunzz Wire Rope Sling Machine Company","description":"Zunzz Wire Rope Sling Machine Company is a leading manufacturer of wire rope sling machines and related products.","publisher":{"@id":"https:\/\/zunzz.com\/nl\/#organization"},"potentialAction":[{"@type":"SearchAction","target":{"@type":"EntryPoint","urlTemplate":"https:\/\/zunzz.com\/nl\/?s={search_term_string}"},"query-input":{"@type":"PropertyValueSpecification","valueRequired":true,"valueName":"search_term_string"}}],"inLanguage":"nl-NL"},{"@type":"Organization","@id":"https:\/\/zunzz.com\/nl\/#organization","name":"Zunzz Wire Rope Sling Machine Company","url":"https:\/\/zunzz.com\/nl\/","logo":{"@type":"ImageObject","inLanguage":"nl-NL","@id":"https:\/\/zunzz.com\/nl\/#\/schema\/logo\/image\/","url":"https:\/\/zunzz.com\/wp-content\/uploads\/2023\/09\/Logo.png","contentUrl":"https:\/\/zunzz.com\/wp-content\/uploads\/2023\/09\/Logo.png","width":171,"height":133,"caption":"Zunzz Wire Rope Sling Machine Company"},"image":{"@id":"https:\/\/zunzz.com\/nl\/#\/schema\/logo\/image\/"}}]}},"_links":{"self":[{"href":"https:\/\/zunzz.com\/nl\/wp-json\/wp\/v2\/product\/2844","targetHints":{"allow":["GET"]}}],"collection":[{"href":"https:\/\/zunzz.com\/nl\/wp-json\/wp\/v2\/product"}],"about":[{"href":"https:\/\/zunzz.com\/nl\/wp-json\/wp\/v2\/types\/product"}],"replies":[{"embeddable":true,"href":"https:\/\/zunzz.com\/nl\/wp-json\/wp\/v2\/comments?post=2844"}],"wp:featuredmedia":[{"embeddable":true,"href":"https:\/\/zunzz.com\/nl\/wp-json\/wp\/v2\/media\/2845"}],"wp:attachment":[{"href":"https:\/\/zunzz.com\/nl\/wp-json\/wp\/v2\/media?parent=2844"}],"wp:term":[{"taxonomy":"product_brand","embeddable":true,"href":"https:\/\/zunzz.com\/nl\/wp-json\/wp\/v2\/product_brand?post=2844"},{"taxonomy":"product_cat","embeddable":true,"href":"https:\/\/zunzz.com\/nl\/wp-json\/wp\/v2\/product_cat?post=2844"},{"taxonomy":"product_tag","embeddable":true,"href":"https:\/\/zunzz.com\/nl\/wp-json\/wp\/v2\/product_tag?post=2844"}],"curies":[{"name":"wp","href":"https:\/\/api.w.org\/{rel}","templated":true}]}}