{"id":2581,"date":"2023-09-22T02:36:31","date_gmt":"2023-09-22T02:36:31","guid":{"rendered":"https:\/\/zunzz.com\/product\/hydraulische-trekbank-200t\/"},"modified":"2025-04-29T03:03:08","modified_gmt":"2025-04-29T03:03:08","slug":"hydraulic-tensile-testing-machine","status":"publish","type":"product","link":"https:\/\/zunzz.com\/nl\/product\/hydraulic-tensile-testing-machine\/","title":{"rendered":"Hydraulische trekbank 200T"},"content":{"rendered":"<h2>1. Hydraulische trekbank<\/h2>\n<p><strong>Hydraulische trekproefmachine<\/strong> test de staalkabel, staalkabelslinger, bandslinger, haak, ketting enzovoort. Het wordt op grote schaal gebruikt in sectoren zoals scheepvaart, bouw, elektriciteit, hijswerk en reddingsoperaties om de veiligheid en betrouwbaarheid van hijsgereedschap te waarborgen.<\/p>\n<p>Het testrapport kan worden afgedrukt.<\/p>\n<p><strong>Veiligheidsmaatregelen:<\/strong> Controleer v\u00f3\u00f3r het testen of het apparaat stevig vastgeklemd zit om wegglijden te voorkomen. Overbelasting is ten strengste verboden om schade aan de apparatuur of persoonlijk letsel te voorkomen. Kalibreer de sensoren regelmatig om de nauwkeurigheid van de gegevens te garanderen.<\/p>\n<p><strong>hoofdfunctie<\/strong><\/p>\n<p>Tensile test: measure the maximum tensile strength (fracture strength) of the rigging.<br \/>\nLoad testing: Simulate actual working loads to verify the load-bearing capacity of rigging.<br \/>\nElongation test: Record the degree of deformation of the material under tension.<br \/>\nDurability testing: repeated loading to test fatigue life.<br \/>\nStatic\/Dynamic Testing: Choose different testing modes based on requirements.<\/p>\n<p><img fetchpriority=\"high\" decoding=\"async\" class=\"alignnone wp-image-383 size-full\" src=\"https:\/\/zunzz.com\/wp-content\/uploads\/2023\/09\/Hydraulic-Tensile-Testing-Machine-2.webp\" alt=\"Hydraulische trekbank-testmachine-2\" width=\"1000\" height=\"1267\" srcset=\"https:\/\/zunzz.com\/wp-content\/uploads\/2023\/09\/Hydraulic-Tensile-Testing-Machine-2.webp 1000w, https:\/\/zunzz.com\/wp-content\/uploads\/2023\/09\/Hydraulic-Tensile-Testing-Machine-2-237x300.webp 237w, https:\/\/zunzz.com\/wp-content\/uploads\/2023\/09\/Hydraulic-Tensile-Testing-Machine-2-808x1024.webp 808w, https:\/\/zunzz.com\/wp-content\/uploads\/2023\/09\/Hydraulic-Tensile-Testing-Machine-2-768x973.webp 768w, https:\/\/zunzz.com\/wp-content\/uploads\/2023\/09\/Hydraulic-Tensile-Testing-Machine-2-700x887.webp 700w, https:\/\/zunzz.com\/wp-content\/uploads\/2023\/09\/Hydraulic-Tensile-Testing-Machine-2-600x760.webp 600w\" sizes=\"(max-width: 1000px) 100vw, 1000px\" \/><\/p>\n<h2>2. Technische parameters<\/h2>\n<div class=\"table-r\">\n<table width=\"100%\">\n<tbody>\n<tr>\n<td width=\"50%\">Max. belaste druk<\/td>\n<td width=\"50%\">63 MPa<\/td>\n<\/tr>\n<tr>\n<td width=\"50%\">Max. Zuigerbeweging<\/td>\n<td width=\"50%\">1500 mm<\/td>\n<\/tr>\n<tr>\n<td width=\"50%\">De uittreksnelheid van de zuiger<\/td>\n<td width=\"50%\">8 mm\/sec<\/td>\n<\/tr>\n<tr>\n<td width=\"50%\">De belaste snelheid van de zuiger<\/td>\n<td width=\"50%\">2 mm\/sec<\/td>\n<\/tr>\n<tr>\n<td width=\"50%\">De achterwaartse snelheid van de zuiger<\/td>\n<td width=\"50%\">10 mm\/sec<\/td>\n<\/tr>\n<tr>\n<td width=\"50%\">Tolerantie van de precisie van de trektest<\/td>\n<td width=\"50%\">\u22641%<\/td>\n<\/tr>\n<tr>\n<td width=\"50%\">Tolerantie van verplaatsingsprecisie<\/td>\n<td width=\"50%\">\u22641%<\/td>\n<\/tr>\n<tr>\n<td width=\"50%\">Tolerantie van statische belasting Precisie<\/td>\n<td width=\"50%\">\u22641%<\/td>\n<\/tr>\n<tr>\n<td width=\"50%\">Geluidsniveau<\/td>\n<td width=\"50%\">\u226470 dB<\/td>\n<\/tr>\n<tr>\n<td width=\"50%\">Besturingsmethode<\/td>\n<td width=\"50%\">Computer<\/td>\n<\/tr>\n<tr>\n<td width=\"50%\">Automatische beschermhoes<\/td>\n<td width=\"50%\">Beschikbaar<\/td>\n<\/tr>\n<\/tbody>\n<\/table>\n<p>&nbsp;<\/p>\n<p><iframe title=\"test bench for wire rope, websling, chain and so on testing.\" width=\"1060\" height=\"596\" src=\"https:\/\/www.youtube.com\/embed\/vC5deAoKkuU?feature=oembed\" frameborder=\"0\" allow=\"accelerometer; autoplay; clipboard-write; encrypted-media; gyroscope; picture-in-picture; web-share\" referrerpolicy=\"strict-origin-when-cross-origin\" allowfullscreen><\/iframe><\/p>\n<h2>3. De voordelen van de testbank<\/h2>\n<p>1. Door gebruik te maken van mens-computerinteractie om de mechanische prestatie-indicatoren van de geteste materialen te analyseren en te berekenen, wordt de trekkracht aan het einde van het experiment automatisch berekend. Op basis van de automatische analyse kunnen de analyseresultaten ook handmatig worden gecorrigeerd om de nauwkeurigheid van de analyse te verbeteren.<\/p>\n<p>2. Verschillende curven zoals krachtvervorming, krachtverplaatsing, krachttijd, spanning-rek, vervormingstijd, verplaatsingstijd kunnen worden geregeld;<\/p>\n<p>3. Gedeeltelijke versterking van experimentele curven en vergelijking van meerdere curve-overlays;<\/p>\n<p>4. De besturingsmodus heeft een automatische besturingsmodus. De automatische besturing is een volledig digitale servomodus, met twee methoden om testcondities in te stellen: volledig automatische besturing en programmeerbare besturing met mens-machine dialoog.<\/p>\n<p>5. Meervoudig gebruik: kan trek-, scheur- en andere tests uitvoeren op metaal, niet-metalen en componenten. Het kan voldoen aan verschillende testmethode-normen zoals ISO en GB.<\/p>\n<p>6. De oliebron heeft een stil ontwerp, wat milieuvriendelijk en gebruiksvriendelijk is, het energieverbruik vermindert, de warmteontwikkeling vermindert en het oliecircuit beschermt;<\/p>\n<p>7. Het gebruik van hoge snelheid, hoge integratie, krachtige controle, gegevensverwerkingsmogelijkheden en hoge betrouwbaarheid is onge\u00ebvenaard bij het testen van machines met andere processors.<\/p>\n<p>&nbsp;<\/p>\n<\/div>\n<p><img decoding=\"async\" class=\"alignnone wp-image-385 size-full\" src=\"https:\/\/zunzz.com\/wp-content\/uploads\/2023\/09\/Hydraulic-Tensile-Testing-Machine-4.webp\" alt=\"Hydraulische trekbank-testmachine-4\" width=\"1000\" height=\"800\" srcset=\"https:\/\/zunzz.com\/wp-content\/uploads\/2023\/09\/Hydraulic-Tensile-Testing-Machine-4.webp 1000w, https:\/\/zunzz.com\/wp-content\/uploads\/2023\/09\/Hydraulic-Tensile-Testing-Machine-4-300x240.webp 300w, https:\/\/zunzz.com\/wp-content\/uploads\/2023\/09\/Hydraulic-Tensile-Testing-Machine-4-768x614.webp 768w, https:\/\/zunzz.com\/wp-content\/uploads\/2023\/09\/Hydraulic-Tensile-Testing-Machine-4-700x560.webp 700w, https:\/\/zunzz.com\/wp-content\/uploads\/2023\/09\/Hydraulic-Tensile-Testing-Machine-4-600x480.webp 600w\" sizes=\"(max-width: 1000px) 100vw, 1000px\" \/> <img decoding=\"async\" class=\"alignnone wp-image-384 size-full\" src=\"https:\/\/zunzz.com\/wp-content\/uploads\/2023\/09\/Hydraulic-Tensile-Testing-Machine-3.webp\" alt=\"Hydraulische trekbank-testmachine-3\" width=\"1000\" height=\"1267\" srcset=\"https:\/\/zunzz.com\/wp-content\/uploads\/2023\/09\/Hydraulic-Tensile-Testing-Machine-3.webp 1000w, https:\/\/zunzz.com\/wp-content\/uploads\/2023\/09\/Hydraulic-Tensile-Testing-Machine-3-237x300.webp 237w, https:\/\/zunzz.com\/wp-content\/uploads\/2023\/09\/Hydraulic-Tensile-Testing-Machine-3-808x1024.webp 808w, https:\/\/zunzz.com\/wp-content\/uploads\/2023\/09\/Hydraulic-Tensile-Testing-Machine-3-768x973.webp 768w, https:\/\/zunzz.com\/wp-content\/uploads\/2023\/09\/Hydraulic-Tensile-Testing-Machine-3-700x887.webp 700w, https:\/\/zunzz.com\/wp-content\/uploads\/2023\/09\/Hydraulic-Tensile-Testing-Machine-3-600x760.webp 600w\" sizes=\"(max-width: 1000px) 100vw, 1000px\" \/> <img loading=\"lazy\" decoding=\"async\" class=\"alignnone wp-image-382 \" src=\"https:\/\/zunzz.com\/wp-content\/uploads\/2023\/09\/Hydraulic-Tensile-Testing-Machine-1.webp\" alt=\"Hydraulische trekbank-testmachine-1\" width=\"1000\" height=\"1000\" srcset=\"https:\/\/zunzz.com\/wp-content\/uploads\/2023\/09\/Hydraulic-Tensile-Testing-Machine-1.webp 988w, https:\/\/zunzz.com\/wp-content\/uploads\/2023\/09\/Hydraulic-Tensile-Testing-Machine-1-300x300.webp 300w, https:\/\/zunzz.com\/wp-content\/uploads\/2023\/09\/Hydraulic-Tensile-Testing-Machine-1-150x150.webp 150w, https:\/\/zunzz.com\/wp-content\/uploads\/2023\/09\/Hydraulic-Tensile-Testing-Machine-1-768x768.webp 768w, https:\/\/zunzz.com\/wp-content\/uploads\/2023\/09\/Hydraulic-Tensile-Testing-Machine-1-570x570.webp 570w, https:\/\/zunzz.com\/wp-content\/uploads\/2023\/09\/Hydraulic-Tensile-Testing-Machine-1-500x500.webp 500w, https:\/\/zunzz.com\/wp-content\/uploads\/2023\/09\/Hydraulic-Tensile-Testing-Machine-1-700x700.webp 700w, https:\/\/zunzz.com\/wp-content\/uploads\/2023\/09\/Hydraulic-Tensile-Testing-Machine-1-650x650.webp 650w, https:\/\/zunzz.com\/wp-content\/uploads\/2023\/09\/Hydraulic-Tensile-Testing-Machine-1-600x600.webp 600w, https:\/\/zunzz.com\/wp-content\/uploads\/2023\/09\/Hydraulic-Tensile-Testing-Machine-1-100x100.webp 100w\" sizes=\"(max-width: 1000px) 100vw, 1000px\" \/><\/p>\n<h4><span style=\"color: #ff0000;\">Neem contact met ons op voor meer details, wij zullen binnen 24 uur reageren.<\/span><\/h4>\n<p class=\"wpcf7-contact-form-not-found\"><strong>Fout:<\/strong> Contact formulier niet gevonden.<\/p>\n<p>&nbsp;<\/p>\n","protected":false},"excerpt":{"rendered":"<div class=\"table-r\">\n<p>De basisstructuur van de <strong>hydraulische trekproefmachine<\/strong> bestaat uit een hoogwaardig hoofdframe, een hydraulisch belastingssysteem, een klemsysteem, een sensorsysteem en een besturings- en gegevensverzamelingssysteem. Wij produceren proefbanken met een capaciteit van 100T, 200T, 300T, 600T, 1000T en 2000T. <\/p>\n<table width=\"100%\">\n<tbody>\n<tr>\n<td width=\"50%\">Model:\n<\/td>\n<td width=\"50%\">DYWP-2000<\/td>\n<\/tr>\n<tr>\n<td width=\"50%\">Max. Capaciteit:<\/td>\n<td width=\"50%\">2000 kN<\/td>\n<\/tr>\n<tr>\n<td width=\"50%\">Totale afmetingen:\n<\/td>\n<td width=\"50%\">25000 mm * 1800 mm * 900 mm<\/td>\n<\/tr>\n<tr>\n<td width=\"50%\">Testlengte:\n<\/td>\n<td width=\"50%\">zoals aangevraagd<\/td>\n<\/tr>\n<tr>\n<td width=\"50%\">Gewicht:\n<\/td>\n<td width=\"50%\">20.000 kg<\/td>\n<\/tr>\n<tr>\n<td width=\"50%\">Gegevensverzameling en -analyse:\n<\/td>\n<td width=\"50%\">Realtime weergave van de spanningsverplaatsingscurve en automatische generatie van een testrapport.<\/td>\n<\/tr>\n<\/tbody>\n<\/table>\n<p><strong>Beschikbare taal:<\/strong>[wpml_language_selector_widget]<\/p>\n<p><a class=\"single_add_to_cart_button button alt\" href=\"https:\/\/zunzz.com\/nl\/contact-store\/\" target=\"_blank\" rel=\"noopener noreferrer\">INFORMEER NU<\/a><\/p>\n<\/div>\n","protected":false},"featured_media":2582,"comment_status":"open","ping_status":"closed","template":"","meta":[],"product_brand":[],"product_cat":[186],"product_tag":[321,320],"class_list":{"0":"post-2581","1":"product","2":"type-product","3":"status-publish","4":"has-post-thumbnail","6":"product_cat-tensile-test-machine","7":"product_tag-hydraulic-tensile-test-machine","8":"product_tag-tensile-test-machine","10":"first","11":"instock","12":"taxable","13":"shipping-taxable","14":"product-type-simple"},"yoast_head":"<!-- This site is optimized with the Yoast SEO plugin v26.8 - https:\/\/yoast.com\/product\/yoast-seo-wordpress\/ -->\n<title>Hydraulische trekbank<\/title>\n<meta name=\"description\" content=\"Hydraulisk tr\u00e6kpr\u00f8vningsmaskine test st\u00e5ltovet, st\u00e5ltovsslyngen, b\u00e5ndslyngen, krogen, k\u00e6den. Testemne: tr\u00e6ktest\/statisk belastningstest\/brudtest\" \/>\n<meta name=\"robots\" content=\"index, follow, max-snippet:-1, max-image-preview:large, max-video-preview:-1\" \/>\n<link rel=\"canonical\" href=\"https:\/\/zunzz.com\/nl\/product\/hydraulic-tensile-testing-machine\/\" \/>\n<meta property=\"og:locale\" content=\"nl_NL\" \/>\n<meta property=\"og:type\" content=\"article\" \/>\n<meta property=\"og:title\" content=\"Hydraulische trekbank\" \/>\n<meta property=\"og:description\" content=\"Hydraulisk tr\u00e6kpr\u00f8vningsmaskine test st\u00e5ltovet, st\u00e5ltovsslyngen, b\u00e5ndslyngen, krogen, k\u00e6den. Testemne: tr\u00e6ktest\/statisk belastningstest\/brudtest\" \/>\n<meta property=\"og:url\" content=\"https:\/\/zunzz.com\/nl\/product\/hydraulic-tensile-testing-machine\/\" \/>\n<meta property=\"og:site_name\" content=\"Zunzz Wire Rope Sling Machine Company\" \/>\n<meta property=\"article:modified_time\" content=\"2025-04-29T03:03:08+00:00\" \/>\n<meta property=\"og:image\" content=\"https:\/\/zunzz.com\/wp-content\/uploads\/2023\/09\/Hydraulic-Tensile-Testing-Machine-1.webp\" \/>\n\t<meta property=\"og:image:width\" content=\"988\" \/>\n\t<meta property=\"og:image:height\" content=\"988\" \/>\n\t<meta property=\"og:image:type\" content=\"image\/webp\" \/>\n<meta name=\"twitter:card\" content=\"summary_large_image\" \/>\n<meta name=\"twitter:label1\" content=\"Geschatte leestijd\" \/>\n\t<meta name=\"twitter:data1\" content=\"4 minuten\" \/>\n<script type=\"application\/ld+json\" class=\"yoast-schema-graph\">{\"@context\":\"https:\/\/schema.org\",\"@graph\":[{\"@type\":\"WebPage\",\"@id\":\"https:\/\/zunzz.com\/nl\/product\/hydraulic-tensile-testing-machine\/\",\"url\":\"https:\/\/zunzz.com\/nl\/product\/hydraulic-tensile-testing-machine\/\",\"name\":\"Hydraulische trekbank\",\"isPartOf\":{\"@id\":\"https:\/\/zunzz.com\/nl\/#website\"},\"primaryImageOfPage\":{\"@id\":\"https:\/\/zunzz.com\/nl\/product\/hydraulic-tensile-testing-machine\/#primaryimage\"},\"image\":{\"@id\":\"https:\/\/zunzz.com\/nl\/product\/hydraulic-tensile-testing-machine\/#primaryimage\"},\"thumbnailUrl\":\"https:\/\/zunzz.com\/wp-content\/uploads\/2023\/09\/Hydraulic-Tensile-Testing-Machine-1.webp\",\"datePublished\":\"2023-09-22T02:36:31+00:00\",\"dateModified\":\"2025-04-29T03:03:08+00:00\",\"description\":\"Hydraulisk tr\u00e6kpr\u00f8vningsmaskine test st\u00e5ltovet, st\u00e5ltovsslyngen, b\u00e5ndslyngen, krogen, k\u00e6den. Testemne: tr\u00e6ktest\/statisk belastningstest\/brudtest\",\"breadcrumb\":{\"@id\":\"https:\/\/zunzz.com\/nl\/product\/hydraulic-tensile-testing-machine\/#breadcrumb\"},\"inLanguage\":\"nl-NL\",\"potentialAction\":[{\"@type\":\"ReadAction\",\"target\":[\"https:\/\/zunzz.com\/nl\/product\/hydraulic-tensile-testing-machine\/\"]}]},{\"@type\":\"ImageObject\",\"inLanguage\":\"nl-NL\",\"@id\":\"https:\/\/zunzz.com\/nl\/product\/hydraulic-tensile-testing-machine\/#primaryimage\",\"url\":\"https:\/\/zunzz.com\/wp-content\/uploads\/2023\/09\/Hydraulic-Tensile-Testing-Machine-1.webp\",\"contentUrl\":\"https:\/\/zunzz.com\/wp-content\/uploads\/2023\/09\/Hydraulic-Tensile-Testing-Machine-1.webp\",\"width\":988,\"height\":988,\"caption\":\"Hydraulic-Tensile-Testing-Machine\"},{\"@type\":\"BreadcrumbList\",\"@id\":\"https:\/\/zunzz.com\/nl\/product\/hydraulic-tensile-testing-machine\/#breadcrumb\",\"itemListElement\":[{\"@type\":\"ListItem\",\"position\":1,\"name\":\"Home\",\"item\":\"https:\/\/zunzz.com\/nl\/home\/\"},{\"@type\":\"ListItem\",\"position\":2,\"name\":\"Shop\",\"item\":\"https:\/\/zunzz.com\/bg\/shop\/\"},{\"@type\":\"ListItem\",\"position\":3,\"name\":\"Hydraulische trekbank 200T\"}]},{\"@type\":\"WebSite\",\"@id\":\"https:\/\/zunzz.com\/nl\/#website\",\"url\":\"https:\/\/zunzz.com\/nl\/\",\"name\":\"Zunzz Wire Rope Sling Machine Company\",\"description\":\"Zunzz Wire Rope Sling Machine Company is a leading manufacturer of wire rope sling machines and related products.\",\"publisher\":{\"@id\":\"https:\/\/zunzz.com\/nl\/#organization\"},\"potentialAction\":[{\"@type\":\"SearchAction\",\"target\":{\"@type\":\"EntryPoint\",\"urlTemplate\":\"https:\/\/zunzz.com\/nl\/?s={search_term_string}\"},\"query-input\":{\"@type\":\"PropertyValueSpecification\",\"valueRequired\":true,\"valueName\":\"search_term_string\"}}],\"inLanguage\":\"nl-NL\"},{\"@type\":\"Organization\",\"@id\":\"https:\/\/zunzz.com\/nl\/#organization\",\"name\":\"Zunzz Wire Rope Sling Machine Company\",\"url\":\"https:\/\/zunzz.com\/nl\/\",\"logo\":{\"@type\":\"ImageObject\",\"inLanguage\":\"nl-NL\",\"@id\":\"https:\/\/zunzz.com\/nl\/#\/schema\/logo\/image\/\",\"url\":\"https:\/\/zunzz.com\/wp-content\/uploads\/2023\/09\/Logo.png\",\"contentUrl\":\"https:\/\/zunzz.com\/wp-content\/uploads\/2023\/09\/Logo.png\",\"width\":171,\"height\":133,\"caption\":\"Zunzz Wire Rope Sling Machine Company\"},\"image\":{\"@id\":\"https:\/\/zunzz.com\/nl\/#\/schema\/logo\/image\/\"}}]}<\/script>\n<!-- \/ Yoast SEO plugin. -->","yoast_head_json":{"title":"Hydraulische trekbank","description":"Hydraulisk tr\u00e6kpr\u00f8vningsmaskine test st\u00e5ltovet, st\u00e5ltovsslyngen, b\u00e5ndslyngen, krogen, k\u00e6den. Testemne: tr\u00e6ktest\/statisk belastningstest\/brudtest","robots":{"index":"index","follow":"follow","max-snippet":"max-snippet:-1","max-image-preview":"max-image-preview:large","max-video-preview":"max-video-preview:-1"},"canonical":"https:\/\/zunzz.com\/nl\/product\/hydraulic-tensile-testing-machine\/","og_locale":"nl_NL","og_type":"article","og_title":"Hydraulische trekbank","og_description":"Hydraulisk tr\u00e6kpr\u00f8vningsmaskine test st\u00e5ltovet, st\u00e5ltovsslyngen, b\u00e5ndslyngen, krogen, k\u00e6den. Testemne: tr\u00e6ktest\/statisk belastningstest\/brudtest","og_url":"https:\/\/zunzz.com\/nl\/product\/hydraulic-tensile-testing-machine\/","og_site_name":"Zunzz Wire Rope Sling Machine Company","article_modified_time":"2025-04-29T03:03:08+00:00","og_image":[{"width":988,"height":988,"url":"https:\/\/zunzz.com\/wp-content\/uploads\/2023\/09\/Hydraulic-Tensile-Testing-Machine-1.webp","type":"image\/webp"}],"twitter_card":"summary_large_image","twitter_misc":{"Geschatte leestijd":"4 minuten"},"schema":{"@context":"https:\/\/schema.org","@graph":[{"@type":"WebPage","@id":"https:\/\/zunzz.com\/nl\/product\/hydraulic-tensile-testing-machine\/","url":"https:\/\/zunzz.com\/nl\/product\/hydraulic-tensile-testing-machine\/","name":"Hydraulische trekbank","isPartOf":{"@id":"https:\/\/zunzz.com\/nl\/#website"},"primaryImageOfPage":{"@id":"https:\/\/zunzz.com\/nl\/product\/hydraulic-tensile-testing-machine\/#primaryimage"},"image":{"@id":"https:\/\/zunzz.com\/nl\/product\/hydraulic-tensile-testing-machine\/#primaryimage"},"thumbnailUrl":"https:\/\/zunzz.com\/wp-content\/uploads\/2023\/09\/Hydraulic-Tensile-Testing-Machine-1.webp","datePublished":"2023-09-22T02:36:31+00:00","dateModified":"2025-04-29T03:03:08+00:00","description":"Hydraulisk tr\u00e6kpr\u00f8vningsmaskine test st\u00e5ltovet, st\u00e5ltovsslyngen, b\u00e5ndslyngen, krogen, k\u00e6den. Testemne: tr\u00e6ktest\/statisk belastningstest\/brudtest","breadcrumb":{"@id":"https:\/\/zunzz.com\/nl\/product\/hydraulic-tensile-testing-machine\/#breadcrumb"},"inLanguage":"nl-NL","potentialAction":[{"@type":"ReadAction","target":["https:\/\/zunzz.com\/nl\/product\/hydraulic-tensile-testing-machine\/"]}]},{"@type":"ImageObject","inLanguage":"nl-NL","@id":"https:\/\/zunzz.com\/nl\/product\/hydraulic-tensile-testing-machine\/#primaryimage","url":"https:\/\/zunzz.com\/wp-content\/uploads\/2023\/09\/Hydraulic-Tensile-Testing-Machine-1.webp","contentUrl":"https:\/\/zunzz.com\/wp-content\/uploads\/2023\/09\/Hydraulic-Tensile-Testing-Machine-1.webp","width":988,"height":988,"caption":"Hydraulic-Tensile-Testing-Machine"},{"@type":"BreadcrumbList","@id":"https:\/\/zunzz.com\/nl\/product\/hydraulic-tensile-testing-machine\/#breadcrumb","itemListElement":[{"@type":"ListItem","position":1,"name":"Home","item":"https:\/\/zunzz.com\/nl\/home\/"},{"@type":"ListItem","position":2,"name":"Shop","item":"https:\/\/zunzz.com\/bg\/shop\/"},{"@type":"ListItem","position":3,"name":"Hydraulische trekbank 200T"}]},{"@type":"WebSite","@id":"https:\/\/zunzz.com\/nl\/#website","url":"https:\/\/zunzz.com\/nl\/","name":"Zunzz Wire Rope Sling Machine Company","description":"Zunzz Wire Rope Sling Machine Company is a leading manufacturer of wire rope sling machines and related products.","publisher":{"@id":"https:\/\/zunzz.com\/nl\/#organization"},"potentialAction":[{"@type":"SearchAction","target":{"@type":"EntryPoint","urlTemplate":"https:\/\/zunzz.com\/nl\/?s={search_term_string}"},"query-input":{"@type":"PropertyValueSpecification","valueRequired":true,"valueName":"search_term_string"}}],"inLanguage":"nl-NL"},{"@type":"Organization","@id":"https:\/\/zunzz.com\/nl\/#organization","name":"Zunzz Wire Rope Sling Machine Company","url":"https:\/\/zunzz.com\/nl\/","logo":{"@type":"ImageObject","inLanguage":"nl-NL","@id":"https:\/\/zunzz.com\/nl\/#\/schema\/logo\/image\/","url":"https:\/\/zunzz.com\/wp-content\/uploads\/2023\/09\/Logo.png","contentUrl":"https:\/\/zunzz.com\/wp-content\/uploads\/2023\/09\/Logo.png","width":171,"height":133,"caption":"Zunzz Wire Rope Sling Machine Company"},"image":{"@id":"https:\/\/zunzz.com\/nl\/#\/schema\/logo\/image\/"}}]}},"_links":{"self":[{"href":"https:\/\/zunzz.com\/nl\/wp-json\/wp\/v2\/product\/2581","targetHints":{"allow":["GET"]}}],"collection":[{"href":"https:\/\/zunzz.com\/nl\/wp-json\/wp\/v2\/product"}],"about":[{"href":"https:\/\/zunzz.com\/nl\/wp-json\/wp\/v2\/types\/product"}],"replies":[{"embeddable":true,"href":"https:\/\/zunzz.com\/nl\/wp-json\/wp\/v2\/comments?post=2581"}],"wp:featuredmedia":[{"embeddable":true,"href":"https:\/\/zunzz.com\/nl\/wp-json\/wp\/v2\/media\/2582"}],"wp:attachment":[{"href":"https:\/\/zunzz.com\/nl\/wp-json\/wp\/v2\/media?parent=2581"}],"wp:term":[{"taxonomy":"product_brand","embeddable":true,"href":"https:\/\/zunzz.com\/nl\/wp-json\/wp\/v2\/product_brand?post=2581"},{"taxonomy":"product_cat","embeddable":true,"href":"https:\/\/zunzz.com\/nl\/wp-json\/wp\/v2\/product_cat?post=2581"},{"taxonomy":"product_tag","embeddable":true,"href":"https:\/\/zunzz.com\/nl\/wp-json\/wp\/v2\/product_tag?post=2581"}],"curies":[{"name":"wp","href":"https:\/\/api.w.org\/{rel}","templated":true}]}}