{"id":2939,"date":"2025-12-12T01:50:14","date_gmt":"2025-12-12T01:50:14","guid":{"rendered":"https:\/\/zunzz.com\/product\/pjovimo-ir-atkaitinimo-stakles-5mm\/"},"modified":"2025-12-13T12:31:07","modified_gmt":"2025-12-13T12:31:07","slug":"cutting-and-annealing-machine","status":"publish","type":"product","link":"https:\/\/zunzz.com\/lt\/product\/cutting-and-annealing-machine\/","title":{"rendered":"Pjovimo ir atkaitinimo stakl\u0117s 5mm"},"content":{"rendered":"<h2 class=\"product_title entry-title\">1. Pjovimo ir atkaitinimo ma\u0161inos pristatymas<\/h2>\n<p>2001 m. \u201eZunzz Wire Rope Sling Machine Company\u201c s\u0117kmingai pristat\u0117 \u0161i\u0105 vielini\u0173 lyn\u0173 <strong>pjovimo ir atkaitinimo ma\u0161in\u0105<\/strong>. Nuolat siekdami kokyb\u0117s ir nuolat tobul\u0117dami technologijas, laim\u0117jome daugyb\u0119 nacionalini\u0173 i\u0161radim\u0173 patent\u0173. Jis ne tik \u017eymiai pagerino veikim\u0105, bet ir gali per trump\u0105 laik\u0105 sulydyti vielin\u012f lyn\u0105, nesugadindamas kit\u0173 vielinio lyno dali\u0173.  <\/p>\n<p>\u012erenginyje taip pat yra tiksli valdymo sistema, u\u017etikrinanti, kad reikiama srov\u0117 ir temperat\u016bra visada b\u016bt\u0173 pasiekiami. Ma\u0161inos valdymas tapo paprastesnis ir lengviau valdomas, geriau tenkinantis klient\u0173 poreikius. <\/p>\n<p>Naudojame auk\u0161tos kokyb\u0117s komponentus i\u0161 pirmaujan\u010di\u0173 preki\u0173 \u017eenkl\u0173, kad u\u017etikrintume puik\u0173 patikimum\u0105 ir ilgaam\u017ei\u0161kum\u0105. \u012esipareigojome teikti klientams auk\u0161\u010diausios klas\u0117s gaminius, siekdami i\u0161laisvinti jus nuo r\u016bpes\u010di\u0173. D\u0117l nuolatini\u0173 naujovi\u0173 ir nuolatinio tobul\u0117jimo m\u016bs\u0173 ma\u0161inos ne tik atitinka rinkos poreikius, bet ir suteikia klientams puiki\u0105 naudojimo patirt\u012f.  <\/p>\n<p>D\u0117kojame u\u017e pasitik\u0117jim\u0105 mumis, mes ir toliau sunkiai dirbsime, kad gal\u0117tume teikti jums geresnes paslaugas ir produktus.<\/p>\n<p>\u0160is prietaisas pla\u010diai naudojamas automatiniam bet kokios specifikacijos plienini\u0173 vielini\u0173 lyn\u0173 pjovimui pramon\u0117s \u0161akose. Tokie kaip medicinos \u012franga, automobili\u0173 dalys, pastat\u0173 sauga, biuro baldai, dvira\u010diai, sporto \u012franga ir u\u017edarymas. <\/p>\n<p><img fetchpriority=\"high\" decoding=\"async\" class=\"alignnone wp-image-5021 size-full\" src=\"https:\/\/zunzz.com\/wp-content\/uploads\/2023\/09\/Cutting-and-Annealing-Machine.webp\" alt=\"Pjovimo ir atkaitinimo ma\u0161ina\" width=\"600\" height=\"600\" srcset=\"https:\/\/zunzz.com\/wp-content\/uploads\/2023\/09\/Cutting-and-Annealing-Machine.webp 600w, https:\/\/zunzz.com\/wp-content\/uploads\/2023\/09\/Cutting-and-Annealing-Machine-300x300.webp 300w, https:\/\/zunzz.com\/wp-content\/uploads\/2023\/09\/Cutting-and-Annealing-Machine-150x150.webp 150w, https:\/\/zunzz.com\/wp-content\/uploads\/2023\/09\/Cutting-and-Annealing-Machine-570x570.webp 570w, https:\/\/zunzz.com\/wp-content\/uploads\/2023\/09\/Cutting-and-Annealing-Machine-500x500.webp 500w, https:\/\/zunzz.com\/wp-content\/uploads\/2023\/09\/Cutting-and-Annealing-Machine-100x100.webp 100w\" sizes=\"(max-width: 600px) 100vw, 600px\" \/><\/p>\n<p><iframe title=\"Wire Rope Annealing Machine 1-5mm\" width=\"1060\" height=\"596\" src=\"https:\/\/www.youtube.com\/embed\/-hWHbhQLEHA?feature=oembed\" frameborder=\"0\" allow=\"accelerometer; autoplay; clipboard-write; encrypted-media; gyroscope; picture-in-picture; web-share\" referrerpolicy=\"strict-origin-when-cross-origin\" allowfullscreen><\/iframe><\/p>\n<h2>2.Techniniai parametrai<\/h2>\n<div class=\"table-r\">\n<table width=\"100%\">\n<tbody>\n<tr>\n<td width=\"50%\">Ma\u0161inos tipas\n<\/td>\n<td width=\"50%\"><strong>Pjovimo ir atkaitinimo ma\u0161ina<\/strong><\/td>\n<\/tr>\n<tr>\n<td width=\"50%\">I\u0161degimo diapazonas\n<\/td>\n<td width=\"50%\">1mm-5mm<\/td>\n<\/tr>\n<tr>\n<td width=\"50%\">Oro sl\u0117gis\n<\/td>\n<td width=\"50%\">0,4 MPa<\/td>\n<\/tr>\n<tr>\n<td width=\"50%\">\u012etampa\n<\/td>\n<td width=\"50%\">Kaip pra\u0161oma<\/td>\n<\/tr>\n<tr>\n<td width=\"50%\">Galia\n<\/td>\n<td width=\"50%\">7,5 kW<\/td>\n<\/tr>\n<tr>\n<td width=\"50%\">Matmenys (mm)\n<\/td>\n<td width=\"50%\">800L*800W*1500H<\/td>\n<\/tr>\n<tr>\n<td width=\"50%\">Svoris\n<\/td>\n<td width=\"50%\">400 kg<\/td>\n<\/tr>\n<tr>\n<td width=\"50%\">Tikslumas\n<\/td>\n<td width=\"50%\">\u00b12 mm\/m<\/td>\n<\/tr>\n<tr>\n<td width=\"50%\">Min.atkaitinimo ilgis\n<\/td>\n<td width=\"50%\">1,5 cm<\/td>\n<\/tr>\n<\/tbody>\n<\/table>\n<\/div>\n<h3><img decoding=\"async\" class=\"alignnone wp-image-5036 size-large\" src=\"https:\/\/zunzz.com\/wp-content\/uploads\/2023\/09\/11-1024x634.webp\" alt=\"Pjovimo ir atkaitinimo ma\u0161ina\" width=\"1024\" height=\"634\" srcset=\"https:\/\/zunzz.com\/wp-content\/uploads\/2023\/09\/11-1024x634.webp 1024w, https:\/\/zunzz.com\/wp-content\/uploads\/2023\/09\/11-300x186.webp 300w, https:\/\/zunzz.com\/wp-content\/uploads\/2023\/09\/11-768x476.webp 768w, https:\/\/zunzz.com\/wp-content\/uploads\/2023\/09\/11-700x434.webp 700w, https:\/\/zunzz.com\/wp-content\/uploads\/2023\/09\/11-600x372.webp 600w, https:\/\/zunzz.com\/wp-content\/uploads\/2023\/09\/11.webp 1093w\" sizes=\"(max-width: 1024px) 100vw, 1024px\" \/><\/h3>\n<h2>3. Pjovimo ir atkaitinimo ma\u0161inos charakteristikos<\/h2>\n<ul>\n<li>I\u0161skirtinio dizaino, lengvas ir patogus, lengvai perkeliamas.<\/li>\n<li>Lydymosi skersmens diapazonas yra platus, o vielinio lyno lydymas gali b\u016bti baigtas nurodyto skersmens diapazone nekei\u010diant joki\u0173 dali\u0173.<\/li>\n<li>J\u012f lengva valdyti, tvirtinimo \u012ftaisui nereikia ver\u017eliarak\u010dio.<\/li>\n<li>Ma\u017eas energijos suvartojimas, didelis efektyvumas ir energijos taupymas, u\u017etikrinantis saug\u0173 naudojim\u0105.<\/li>\n<li>Prieinamos kainos, puiki kokyb\u0117 ir puikus kainos ir kokyb\u0117s santykis.<\/li>\n<li>Lydymosi greitis yra greitas. O i\u0161lydytas plieninis vielinis lynas yra tvarkingas ir lygus, jo galas yra k\u016bgio formos. <\/li>\n<li>Triuk\u0161mas veikimo metu yra tik 75 decibelai, o \u017eemo triuk\u0161mo konstrukcija u\u017etikrina patogi\u0105 darbo aplink\u0105.<\/li>\n<\/ul>\n<h1><img decoding=\"async\" class=\"alignnone size-large wp-image-5051\" src=\"https:\/\/zunzz.com\/wp-content\/uploads\/2023\/09\/2-1-1024x634.webp\" alt=\"Pjovimo ir atkaitinimo ma\u0161ina\" width=\"1024\" height=\"634\" srcset=\"https:\/\/zunzz.com\/wp-content\/uploads\/2023\/09\/2-1-1024x634.webp 1024w, https:\/\/zunzz.com\/wp-content\/uploads\/2023\/09\/2-1-300x186.webp 300w, https:\/\/zunzz.com\/wp-content\/uploads\/2023\/09\/2-1-768x476.webp 768w, https:\/\/zunzz.com\/wp-content\/uploads\/2023\/09\/2-1-700x434.webp 700w, https:\/\/zunzz.com\/wp-content\/uploads\/2023\/09\/2-1-600x372.webp 600w, https:\/\/zunzz.com\/wp-content\/uploads\/2023\/09\/2-1.webp 1093w\" sizes=\"(max-width: 1024px) 100vw, 1024px\" \/><\/h1>\n<h1 class=\"product_title entry-title\"><img loading=\"lazy\" decoding=\"async\" class=\"alignnone wp-image-361 \" src=\"https:\/\/zunzz.com\/wp-content\/uploads\/2023\/09\/Cutting-and-Annealing-Machine-5MM-1.webp\" alt=\"Pjovimo ir atkaitinimo ma\u0161ina 5MM-1\" width=\"1021\" height=\"1541\" srcset=\"https:\/\/zunzz.com\/wp-content\/uploads\/2023\/09\/Cutting-and-Annealing-Machine-5MM-1.webp 1000w, https:\/\/zunzz.com\/wp-content\/uploads\/2023\/09\/Cutting-and-Annealing-Machine-5MM-1-199x300.webp 199w, https:\/\/zunzz.com\/wp-content\/uploads\/2023\/09\/Cutting-and-Annealing-Machine-5MM-1-679x1024.webp 679w, https:\/\/zunzz.com\/wp-content\/uploads\/2023\/09\/Cutting-and-Annealing-Machine-5MM-1-768x1159.webp 768w, https:\/\/zunzz.com\/wp-content\/uploads\/2023\/09\/Cutting-and-Annealing-Machine-5MM-1-700x1056.webp 700w, https:\/\/zunzz.com\/wp-content\/uploads\/2023\/09\/Cutting-and-Annealing-Machine-5MM-1-600x905.webp 600w\" sizes=\"(max-width: 1021px) 100vw, 1021px\" \/><\/h1>\n<h3>4.Kiti pjovimo ir atkaitinimo ma\u0161inos parametrai<\/h3>\n<div class=\"table-r\">\n<table width=\"100%\">\n<tbody>\n<tr>\n<td width=\"50%\">Prek\u0117s \u017eenklo pavadinimas\n<\/td>\n<td width=\"50%\">\u201eZunzz\u201c vielini\u0173 lyn\u0173 strop\u0173 ma\u0161in\u0173 \u012fmon\u0117<\/td>\n<\/tr>\n<tr>\n<td width=\"50%\">Gamybos \u0161alis\/regionas\n<\/td>\n<td width=\"50%\">Baodingas, Kinija<\/td>\n<\/tr>\n<tr>\n<td width=\"50%\">Pirmojo leidimo metai\n<\/td>\n<td width=\"50%\">2001 m<\/td>\n<\/tr>\n<tr>\n<td width=\"50%\">Pagaminimo data\n<\/td>\n<td width=\"50%\">u\u017esakymo laikas<\/td>\n<\/tr>\n<tr>\n<td width=\"50%\">Garantinis laikotarpis\n<\/td>\n<td width=\"50%\">1 metai<\/td>\n<\/tr>\n<tr>\n<td width=\"50%\">Kiekis (vnt.) \/ pristatymo laikas (dienomis)\n<\/td>\n<td width=\"50%\">1\u20131 (vnt.) \/ 35 (dienos), 2\u201310 (vnt.) \/ 45 (dienos), Daugiau nei 10 (vnt.) \/ bus derinama<\/td>\n<\/tr>\n<tr>\n<td width=\"50%\">Spalva\n<\/td>\n<td width=\"50%\">m\u0117lyna arba pritaikyta<\/td>\n<\/tr>\n<tr>\n<td width=\"50%\">Pakuot\u0117s detal\u0117s\n<\/td>\n<td width=\"50%\">medin\u0117 d\u0117\u017e\u0117<\/td>\n<\/tr>\n<tr>\n<td width=\"50%\">paslaug\u0173 palaikymas\n<\/td>\n<td width=\"50%\">Nuotolinis palaikymas telefonu<\/td>\n<\/tr>\n<\/tbody>\n<\/table>\n<\/div>\n<p><strong>5. Stiprus paketas<\/strong><\/p>\n<p>Automatin\u0117s <a href=\"https:\/\/zunzz.com\/lt\/product\/automated-wire-rope-fuser-cutting-machine\/\">vielini\u0173 lyn\u0173 kaitintuv\u0173 pjovimo ma\u0161inos<\/a> buvo eksportuotos \u012f daugel\u012f \u0161ali\u0173. Ma\u0161inoms pristatyti naudojame tarptautin\u012f medin\u012f d\u0117kl\u0105, kad patvirtintume saugum\u0105 pristatymo metu. <\/p>\n<p><strong>Pjovimo ir atkaitinimo ma\u0161ina<\/strong> skirta 1-5 mm vieliniam lynui su k\u016bginiu galu. Mes vis dar turime \u0161i\u0105 ma\u0161in\u0105 vieliniams lynams 1-3 mm.<\/p>\n<p>Ma\u0161inos buvo eksportuotos \u012f JK, Danij\u0105, Italij\u0105, Marok\u0105, Iran\u0105, Indonezij\u0105, Indij\u0105, JAE, Singap\u016br\u0105, Lenkij\u0105 ir kt.<\/p>\n<p><img loading=\"lazy\" decoding=\"async\" class=\"alignnone size-large wp-image-5066\" src=\"https:\/\/zunzz.com\/wp-content\/uploads\/2023\/09\/baozhuag-1024x512.webp\" alt=\"Pjovimo ir atkaitinimo ma\u0161ina\" width=\"1024\" height=\"512\" srcset=\"https:\/\/zunzz.com\/wp-content\/uploads\/2023\/09\/baozhuag-1024x512.webp 1024w, https:\/\/zunzz.com\/wp-content\/uploads\/2023\/09\/baozhuag-300x150.webp 300w, https:\/\/zunzz.com\/wp-content\/uploads\/2023\/09\/baozhuag-768x384.webp 768w, https:\/\/zunzz.com\/wp-content\/uploads\/2023\/09\/baozhuag-1000x500.webp 1000w, https:\/\/zunzz.com\/wp-content\/uploads\/2023\/09\/baozhuag-700x350.webp 700w, https:\/\/zunzz.com\/wp-content\/uploads\/2023\/09\/baozhuag-1300x650.webp 1300w, https:\/\/zunzz.com\/wp-content\/uploads\/2023\/09\/baozhuag-600x300.webp 600w, https:\/\/zunzz.com\/wp-content\/uploads\/2023\/09\/baozhuag.webp 1500w\" sizes=\"(max-width: 1024px) 100vw, 1024px\" \/><\/p>\n\n<div class=\"wpcf7 no-js\" id=\"wpcf7-f5524-o1\" lang=\"lt-LT\" dir=\"ltr\" data-wpcf7-id=\"5524\">\n<div class=\"screen-reader-response\"><p role=\"status\" aria-live=\"polite\" aria-atomic=\"true\"><\/p> <ul><\/ul><\/div>\n<form action=\"\/lt\/wp-json\/wp\/v2\/product\/2939#wpcf7-f5524-o1\" method=\"post\" class=\"wpcf7-form init\" aria-label=\"Kontakt\u0173 forma\" novalidate=\"novalidate\" data-status=\"init\">\n<fieldset class=\"hidden-fields-container\"><input type=\"hidden\" name=\"_wpcf7\" value=\"5524\" \/><input type=\"hidden\" name=\"_wpcf7_version\" value=\"6.1.4\" \/><input type=\"hidden\" name=\"_wpcf7_locale\" value=\"lt_LT\" \/><input type=\"hidden\" name=\"_wpcf7_unit_tag\" value=\"wpcf7-f5524-o1\" \/><input type=\"hidden\" name=\"_wpcf7_container_post\" value=\"0\" \/><input type=\"hidden\" name=\"_wpcf7_posted_data_hash\" value=\"\" \/>\n<\/fieldset>\n<div class=\"wpcf7-turnstile cf-turnstile\" data-sitekey=\"0x4AAAAAACHlhHyKtoljFN8P\" data-response-field-name=\"_wpcf7_turnstile_response\"><\/div>\n\n<p>\n    <\/p><h4 style=\"color:#333333;font-size:20px;font-family:\"background-color:#FFFFFF;font-weight:normal !important;\">\n        <span style=\"color:red;\">Atsi\u0173skite mums savo reikalavimus - atsakysime per 24 valandas<\/span>\n    <\/h4>\n\n\n<div class=\"row\" style=\"display:flex; flex-wrap:wrap; width:100%;\">\n\n    <!-- Name -->\n    <div style=\"width:40%; padding-right:10px; box-sizing:border-box;\">\n        <div class=\"form-group\" style=\"margin-bottom:15px;\">\n <span class=\"wpcf7-form-control-wrap\" data-name=\"your-name\"><input size=\"40\" maxlength=\"400\" class=\"wpcf7-form-control wpcf7-text wpcf7-validates-as-required\" aria-required=\"true\" aria-invalid=\"false\" placeholder=\"J\u016bs\u0173 vardas *\" value=\"\" type=\"text\" name=\"your-name\" \/><\/span>\n        <\/div>\n    <\/div>\n\n    <!-- Email -->\n    <div style=\"width:60%; padding-left:10px; box-sizing:border-box;\">\n        <div class=\"form-group\" style=\"margin-bottom:15px;\">\n <span class=\"wpcf7-form-control-wrap\" data-name=\"your-email\"><input size=\"40\" maxlength=\"400\" class=\"wpcf7-form-control wpcf7-email wpcf7-validates-as-required wpcf7-text wpcf7-validates-as-email\" aria-required=\"true\" aria-invalid=\"false\" placeholder=\"El. pa\u0161to adresas *\" value=\"\" type=\"email\" name=\"your-email\" \/><\/span>\n        <\/div>\n    <\/div>\n\n    <!-- Message -->\n    <div style=\"width:100%; box-sizing:border-box;\">\n        <div class=\"form-group\" style=\"margin-bottom:15px;\">\n            <span class=\"wpcf7-form-control-wrap\" data-name=\"your-message\"><textarea cols=\"30\" rows=\"4\" maxlength=\"2000\" class=\"wpcf7-form-control wpcf7-textarea\" aria-invalid=\"false\" placeholder=\"Pra\u0161ome para\u0161yti savo \u017einut\u0119 \u010dia\" name=\"your-message\"><\/textarea><\/span>\n        <\/div>\n    <\/div>\n\n    <!-- Submit -->\n    <div style=\"width:100%; box-sizing:border-box;\">\n        <input class=\"wpcf7-form-control wpcf7-submit has-spinner btn btn-default\" type=\"submit\" value=\"Para\u0161ykite mums ir gaukite pasi\u016blym\u0105\" \/>\n    <\/div>\n\n<\/div><div class=\"wpcf7-response-output\" aria-hidden=\"true\"><\/div>\n<\/form>\n<\/div>\n\n","protected":false},"excerpt":{"rendered":"<div class=\"table-r\">\n<table width=\"100%\">\n<tbody>\n<tr>\n<td width=\"50%\">Modelis:\n<\/td>\n<td width=\"50%\">WST-500<\/td>\n<\/tr>\n<tr>\n<td width=\"50%\">Maks. vielinis lynas:<\/td>\n<td width=\"50%\">5 mm<\/td>\n<\/tr>\n<tr>\n<td width=\"50%\">Galia:\n<\/td>\n<td width=\"50%\">7,5 kW<\/td>\n<\/tr>\n<tr>\n<td width=\"50%\">Matmenys:\n<\/td>\n<td width=\"50%\">800 * 800 * 1500 mm<\/td>\n<\/tr>\n<tr>\n<td width=\"50%\">Svoris:\n<\/td>\n<td width=\"50%\">400 kg<\/td>\n<\/tr>\n<\/tbody>\n<\/table>\n<p><strong>Galima kalba:<\/strong>[wpml_language_selector_widget]<\/p>\n[contact-form-7 id=\"055e9b5\" title=\"Contact form 2\"]\n<\/div>\n","protected":false},"featured_media":2940,"comment_status":"open","ping_status":"closed","template":"","meta":[],"product_brand":[],"product_cat":[203],"product_tag":[355,344],"class_list":{"0":"post-2939","1":"product","2":"type-product","3":"status-publish","4":"has-post-thumbnail","6":"product_cat-wire-rope-annealing-machine","7":"product_tag-cutting-and-annealing-machine","8":"product_tag-wire-rope-annealing-machine","10":"first","11":"instock","12":"taxable","13":"shipping-taxable","14":"product-type-simple"},"yoast_head":"<!-- This site is optimized with the Yoast SEO plugin v26.8 - https:\/\/yoast.com\/product\/yoast-seo-wordpress\/ -->\n<title>Pjovimo ir atkaitinimo stakl\u0117s 5mm<\/title>\n<meta name=\"description\" content=\"Vielini\u0173 lyn\u0173 pjovimo ir atkaitinimo ma\u0161ina skirta 1\u20135 mm lynams su k\u016bginiu galu. Mes vis dar turime \u0161i\u0105 ma\u0161in\u0105 vieliniams lynams 1-3 mm.\" \/>\n<meta name=\"robots\" content=\"index, follow, max-snippet:-1, max-image-preview:large, max-video-preview:-1\" \/>\n<link rel=\"canonical\" href=\"https:\/\/zunzz.com\/lt\/product\/cutting-and-annealing-machine\/\" \/>\n<meta property=\"og:locale\" content=\"lt_LT\" \/>\n<meta property=\"og:type\" content=\"article\" \/>\n<meta property=\"og:title\" content=\"Pjovimo ir atkaitinimo stakl\u0117s 5mm\" \/>\n<meta property=\"og:description\" content=\"Vielini\u0173 lyn\u0173 pjovimo ir atkaitinimo ma\u0161ina skirta 1\u20135 mm lynams su k\u016bginiu galu. Mes vis dar turime \u0161i\u0105 ma\u0161in\u0105 vieliniams lynams 1-3 mm.\" \/>\n<meta property=\"og:url\" content=\"https:\/\/zunzz.com\/lt\/product\/cutting-and-annealing-machine\/\" \/>\n<meta property=\"og:site_name\" content=\"Zunzz Wire Rope Sling Machine Company\" \/>\n<meta property=\"article:modified_time\" content=\"2025-12-13T12:31:07+00:00\" \/>\n<meta property=\"og:image\" content=\"https:\/\/zunzz.com\/wp-content\/uploads\/2023\/09\/Cutting-and-Annealing-Machine-5MM-3.webp\" \/>\n\t<meta property=\"og:image:width\" content=\"600\" \/>\n\t<meta property=\"og:image:height\" content=\"600\" \/>\n\t<meta property=\"og:image:type\" content=\"image\/webp\" \/>\n<meta name=\"twitter:card\" content=\"summary_large_image\" \/>\n<meta name=\"twitter:label1\" content=\"Est. reading time\" \/>\n\t<meta name=\"twitter:data1\" content=\"5 minut\u0117s\" \/>\n<script type=\"application\/ld+json\" class=\"yoast-schema-graph\">{\"@context\":\"https:\/\/schema.org\",\"@graph\":[{\"@type\":\"WebPage\",\"@id\":\"https:\/\/zunzz.com\/lt\/product\/cutting-and-annealing-machine\/\",\"url\":\"https:\/\/zunzz.com\/lt\/product\/cutting-and-annealing-machine\/\",\"name\":\"Pjovimo ir atkaitinimo stakl\u0117s 5mm\",\"isPartOf\":{\"@id\":\"https:\/\/zunzz.com\/lt\/#website\"},\"primaryImageOfPage\":{\"@id\":\"https:\/\/zunzz.com\/lt\/product\/cutting-and-annealing-machine\/#primaryimage\"},\"image\":{\"@id\":\"https:\/\/zunzz.com\/lt\/product\/cutting-and-annealing-machine\/#primaryimage\"},\"thumbnailUrl\":\"https:\/\/zunzz.com\/wp-content\/uploads\/2023\/09\/Cutting-and-Annealing-Machine-5MM-3.webp\",\"datePublished\":\"2025-12-12T01:50:14+00:00\",\"dateModified\":\"2025-12-13T12:31:07+00:00\",\"description\":\"Vielini\u0173 lyn\u0173 pjovimo ir atkaitinimo ma\u0161ina skirta 1\u20135 mm lynams su k\u016bginiu galu. Mes vis dar turime \u0161i\u0105 ma\u0161in\u0105 vieliniams lynams 1-3 mm.\",\"breadcrumb\":{\"@id\":\"https:\/\/zunzz.com\/lt\/product\/cutting-and-annealing-machine\/#breadcrumb\"},\"inLanguage\":\"lt-LT\",\"potentialAction\":[{\"@type\":\"ReadAction\",\"target\":[\"https:\/\/zunzz.com\/lt\/product\/cutting-and-annealing-machine\/\"]}]},{\"@type\":\"ImageObject\",\"inLanguage\":\"lt-LT\",\"@id\":\"https:\/\/zunzz.com\/lt\/product\/cutting-and-annealing-machine\/#primaryimage\",\"url\":\"https:\/\/zunzz.com\/wp-content\/uploads\/2023\/09\/Cutting-and-Annealing-Machine-5MM-3.webp\",\"contentUrl\":\"https:\/\/zunzz.com\/wp-content\/uploads\/2023\/09\/Cutting-and-Annealing-Machine-5MM-3.webp\",\"width\":600,\"height\":600,\"caption\":\"Pjovimo ir atkaitinimo stakl\u0117s 5MM-3\"},{\"@type\":\"BreadcrumbList\",\"@id\":\"https:\/\/zunzz.com\/lt\/product\/cutting-and-annealing-machine\/#breadcrumb\",\"itemListElement\":[{\"@type\":\"ListItem\",\"position\":1,\"name\":\"Home\",\"item\":\"https:\/\/zunzz.com\/lt\/home\/\"},{\"@type\":\"ListItem\",\"position\":2,\"name\":\"Shop\",\"item\":\"https:\/\/zunzz.com\/bg\/shop\/\"},{\"@type\":\"ListItem\",\"position\":3,\"name\":\"Pjovimo ir atkaitinimo stakl\u0117s 5mm\"}]},{\"@type\":\"WebSite\",\"@id\":\"https:\/\/zunzz.com\/lt\/#website\",\"url\":\"https:\/\/zunzz.com\/lt\/\",\"name\":\"Zunzz Wire Rope Sling Machine Company\",\"description\":\"Zunzz Wire Rope Sling Machine Company is a leading manufacturer of wire rope sling machines and related products.\",\"publisher\":{\"@id\":\"https:\/\/zunzz.com\/lt\/#organization\"},\"potentialAction\":[{\"@type\":\"SearchAction\",\"target\":{\"@type\":\"EntryPoint\",\"urlTemplate\":\"https:\/\/zunzz.com\/lt\/?s={search_term_string}\"},\"query-input\":{\"@type\":\"PropertyValueSpecification\",\"valueRequired\":true,\"valueName\":\"search_term_string\"}}],\"inLanguage\":\"lt-LT\"},{\"@type\":\"Organization\",\"@id\":\"https:\/\/zunzz.com\/lt\/#organization\",\"name\":\"Zunzz Wire Rope Sling Machine Company\",\"url\":\"https:\/\/zunzz.com\/lt\/\",\"logo\":{\"@type\":\"ImageObject\",\"inLanguage\":\"lt-LT\",\"@id\":\"https:\/\/zunzz.com\/lt\/#\/schema\/logo\/image\/\",\"url\":\"https:\/\/zunzz.com\/wp-content\/uploads\/2023\/09\/Logo.png\",\"contentUrl\":\"https:\/\/zunzz.com\/wp-content\/uploads\/2023\/09\/Logo.png\",\"width\":171,\"height\":133,\"caption\":\"Zunzz Wire Rope Sling Machine Company\"},\"image\":{\"@id\":\"https:\/\/zunzz.com\/lt\/#\/schema\/logo\/image\/\"}}]}<\/script>\n<!-- \/ Yoast SEO plugin. -->","yoast_head_json":{"title":"Pjovimo ir atkaitinimo stakl\u0117s 5mm","description":"Vielini\u0173 lyn\u0173 pjovimo ir atkaitinimo ma\u0161ina skirta 1\u20135 mm lynams su k\u016bginiu galu. Mes vis dar turime \u0161i\u0105 ma\u0161in\u0105 vieliniams lynams 1-3 mm.","robots":{"index":"index","follow":"follow","max-snippet":"max-snippet:-1","max-image-preview":"max-image-preview:large","max-video-preview":"max-video-preview:-1"},"canonical":"https:\/\/zunzz.com\/lt\/product\/cutting-and-annealing-machine\/","og_locale":"lt_LT","og_type":"article","og_title":"Pjovimo ir atkaitinimo stakl\u0117s 5mm","og_description":"Vielini\u0173 lyn\u0173 pjovimo ir atkaitinimo ma\u0161ina skirta 1\u20135 mm lynams su k\u016bginiu galu. Mes vis dar turime \u0161i\u0105 ma\u0161in\u0105 vieliniams lynams 1-3 mm.","og_url":"https:\/\/zunzz.com\/lt\/product\/cutting-and-annealing-machine\/","og_site_name":"Zunzz Wire Rope Sling Machine Company","article_modified_time":"2025-12-13T12:31:07+00:00","og_image":[{"width":600,"height":600,"url":"https:\/\/zunzz.com\/wp-content\/uploads\/2023\/09\/Cutting-and-Annealing-Machine-5MM-3.webp","type":"image\/webp"}],"twitter_card":"summary_large_image","twitter_misc":{"Est. reading time":"5 minut\u0117s"},"schema":{"@context":"https:\/\/schema.org","@graph":[{"@type":"WebPage","@id":"https:\/\/zunzz.com\/lt\/product\/cutting-and-annealing-machine\/","url":"https:\/\/zunzz.com\/lt\/product\/cutting-and-annealing-machine\/","name":"Pjovimo ir atkaitinimo stakl\u0117s 5mm","isPartOf":{"@id":"https:\/\/zunzz.com\/lt\/#website"},"primaryImageOfPage":{"@id":"https:\/\/zunzz.com\/lt\/product\/cutting-and-annealing-machine\/#primaryimage"},"image":{"@id":"https:\/\/zunzz.com\/lt\/product\/cutting-and-annealing-machine\/#primaryimage"},"thumbnailUrl":"https:\/\/zunzz.com\/wp-content\/uploads\/2023\/09\/Cutting-and-Annealing-Machine-5MM-3.webp","datePublished":"2025-12-12T01:50:14+00:00","dateModified":"2025-12-13T12:31:07+00:00","description":"Vielini\u0173 lyn\u0173 pjovimo ir atkaitinimo ma\u0161ina skirta 1\u20135 mm lynams su k\u016bginiu galu. Mes vis dar turime \u0161i\u0105 ma\u0161in\u0105 vieliniams lynams 1-3 mm.","breadcrumb":{"@id":"https:\/\/zunzz.com\/lt\/product\/cutting-and-annealing-machine\/#breadcrumb"},"inLanguage":"lt-LT","potentialAction":[{"@type":"ReadAction","target":["https:\/\/zunzz.com\/lt\/product\/cutting-and-annealing-machine\/"]}]},{"@type":"ImageObject","inLanguage":"lt-LT","@id":"https:\/\/zunzz.com\/lt\/product\/cutting-and-annealing-machine\/#primaryimage","url":"https:\/\/zunzz.com\/wp-content\/uploads\/2023\/09\/Cutting-and-Annealing-Machine-5MM-3.webp","contentUrl":"https:\/\/zunzz.com\/wp-content\/uploads\/2023\/09\/Cutting-and-Annealing-Machine-5MM-3.webp","width":600,"height":600,"caption":"Pjovimo ir atkaitinimo stakl\u0117s 5MM-3"},{"@type":"BreadcrumbList","@id":"https:\/\/zunzz.com\/lt\/product\/cutting-and-annealing-machine\/#breadcrumb","itemListElement":[{"@type":"ListItem","position":1,"name":"Home","item":"https:\/\/zunzz.com\/lt\/home\/"},{"@type":"ListItem","position":2,"name":"Shop","item":"https:\/\/zunzz.com\/bg\/shop\/"},{"@type":"ListItem","position":3,"name":"Pjovimo ir atkaitinimo stakl\u0117s 5mm"}]},{"@type":"WebSite","@id":"https:\/\/zunzz.com\/lt\/#website","url":"https:\/\/zunzz.com\/lt\/","name":"Zunzz Wire Rope Sling Machine Company","description":"Zunzz Wire Rope Sling Machine Company is a leading manufacturer of wire rope sling machines and related products.","publisher":{"@id":"https:\/\/zunzz.com\/lt\/#organization"},"potentialAction":[{"@type":"SearchAction","target":{"@type":"EntryPoint","urlTemplate":"https:\/\/zunzz.com\/lt\/?s={search_term_string}"},"query-input":{"@type":"PropertyValueSpecification","valueRequired":true,"valueName":"search_term_string"}}],"inLanguage":"lt-LT"},{"@type":"Organization","@id":"https:\/\/zunzz.com\/lt\/#organization","name":"Zunzz Wire Rope Sling Machine Company","url":"https:\/\/zunzz.com\/lt\/","logo":{"@type":"ImageObject","inLanguage":"lt-LT","@id":"https:\/\/zunzz.com\/lt\/#\/schema\/logo\/image\/","url":"https:\/\/zunzz.com\/wp-content\/uploads\/2023\/09\/Logo.png","contentUrl":"https:\/\/zunzz.com\/wp-content\/uploads\/2023\/09\/Logo.png","width":171,"height":133,"caption":"Zunzz Wire Rope Sling Machine Company"},"image":{"@id":"https:\/\/zunzz.com\/lt\/#\/schema\/logo\/image\/"}}]}},"_links":{"self":[{"href":"https:\/\/zunzz.com\/lt\/wp-json\/wp\/v2\/product\/2939","targetHints":{"allow":["GET"]}}],"collection":[{"href":"https:\/\/zunzz.com\/lt\/wp-json\/wp\/v2\/product"}],"about":[{"href":"https:\/\/zunzz.com\/lt\/wp-json\/wp\/v2\/types\/product"}],"replies":[{"embeddable":true,"href":"https:\/\/zunzz.com\/lt\/wp-json\/wp\/v2\/comments?post=2939"}],"wp:featuredmedia":[{"embeddable":true,"href":"https:\/\/zunzz.com\/lt\/wp-json\/wp\/v2\/media\/2940"}],"wp:attachment":[{"href":"https:\/\/zunzz.com\/lt\/wp-json\/wp\/v2\/media?parent=2939"}],"wp:term":[{"taxonomy":"product_brand","embeddable":true,"href":"https:\/\/zunzz.com\/lt\/wp-json\/wp\/v2\/product_brand?post=2939"},{"taxonomy":"product_cat","embeddable":true,"href":"https:\/\/zunzz.com\/lt\/wp-json\/wp\/v2\/product_cat?post=2939"},{"taxonomy":"product_tag","embeddable":true,"href":"https:\/\/zunzz.com\/lt\/wp-json\/wp\/v2\/product_tag?post=2939"}],"curies":[{"name":"wp","href":"https:\/\/api.w.org\/{rel}","templated":true}]}}