{"id":2862,"date":"2025-12-13T02:04:06","date_gmt":"2025-12-13T02:04:06","guid":{"rendered":"https:\/\/zunzz.com\/product\/vieliniu-lynu-atkaitinimo-masina-55-mm\/"},"modified":"2025-12-14T03:24:21","modified_gmt":"2025-12-14T03:24:21","slug":"wire-rope-annealing-machine","status":"publish","type":"product","link":"https:\/\/zunzz.com\/lt\/product\/wire-rope-annealing-machine\/","title":{"rendered":"Vielini\u0173 lyn\u0173 atkaitinimo ma\u0161ina 55 mm"},"content":{"rendered":"<h3>1.Apie vielini\u0173 lyn\u0173 atkaitinimo ma\u0161in\u0105<\/h3>\n<p>\u0160i <strong>vielini\u0173 lyn\u0173 atkaitinimo ma\u0161ina<\/strong> tinka 22\u201355 mm plieniniams vieliniams lynams. Tai yra nuolatinio tobul\u0117jimo rezultatas nuo tada, kai Zunzz vielini\u0173 lyn\u0173 ma\u0161in\u0173 \u012fmon\u0117 buvo sukurta 2001 m. Nuolat diegiant naujoves ir tobulinant technologijas, m\u016bs\u0173 ma\u0161inos labai pagerino darbo efektyvum\u0105 ir saug\u0105. Jis idealiai tinka bet kuriai pramonei, kuriai reikia da\u017enai pjauti vielinius lynus.   <\/p>\n<h3>2. Vielini\u0173 lyn\u0173 atkaitinimo ma\u0161inos parametras<\/h3>\n<div class=\"table-r\">\n<table width=\"100%\">\n<tbody>\n<tr>\n<td width=\"50%\">Modelis Nr\n<\/td>\n<td width=\"50%\">UNR-55<\/td>\n<\/tr>\n<tr>\n<td width=\"50%\">Ma\u0161inos spalva\n<\/td>\n<td width=\"50%\">kaip pra\u0161oma<\/td>\n<\/tr>\n<tr>\n<td width=\"50%\">Sudeginkite m\u016bs\u0173 asortiment\u0105\n<\/td>\n<td width=\"50%\">\u00d820-55mm<\/td>\n<\/tr>\n<tr>\n<td width=\"50%\">Spaustuvas\n<\/td>\n<td width=\"50%\">4 komplektas<\/td>\n<\/tr>\n<tr>\n<td width=\"50%\">Galia\n<\/td>\n<td width=\"50%\">150 kW<\/td>\n<\/tr>\n<tr>\n<td width=\"50%\">\u012etampa\n<\/td>\n<td width=\"50%\">Pagal pageidavim\u0105<\/td>\n<\/tr>\n<tr>\n<td width=\"50%\">Matmenys (mm)\n<\/td>\n<td width=\"50%\">1100*900*1600<\/td>\n<\/tr>\n<tr>\n<td width=\"50%\">Svoris\n<\/td>\n<td width=\"50%\">800 kg<\/td>\n<\/tr>\n<tr>\n<td width=\"50%\">Kontrol\u0117\n<\/td>\n<td width=\"50%\">mikrokompiuteris<\/td>\n<\/tr>\n<\/tbody>\n<\/table>\n<p>&nbsp;<\/p>\n<\/div>\n<p><iframe title=\"Wire Rope Annealing Machine 55mmm\" width=\"1060\" height=\"596\" src=\"https:\/\/www.youtube.com\/embed\/dyr3C3Txx3w?feature=oembed\" frameborder=\"0\" allow=\"accelerometer; autoplay; clipboard-write; encrypted-media; gyroscope; picture-in-picture; web-share\" referrerpolicy=\"strict-origin-when-cross-origin\" allowfullscreen><\/iframe><\/p>\n<div class=\"table-r\">\n<h3>3. Vielini\u0173 lyn\u0173 atkaitinimo ma\u0161inos instrukcijos<\/h3>\n<p>Vielini\u0173 lyn\u0173 atkaitinimo procesas kartais vadinamas lydymu ir smail\u0117jimu. \u0160io atkaitinimo proceso metu vielinio lyno sruogos bus \u012fkaitintos iki labai auk\u0161tos temperat\u016bros, reguliuojant srov\u0117s tiekim\u0105 kojiniu jungikliu. Metalo dalel\u0117s perkristalizuosis kar\u0161toje auk\u0161toje temperat\u016broje, leisdamos joms i\u0161tirpti.  <\/p>\n<p>Galiausiai jis susideda i\u0161 dviej\u0173 nepriklausom\u0173 dali\u0173: 1. Per rat\u0105 ir ranken\u0105 vielinis lynas \u0161iek tiek sandariai suvyniotas ir sulydomas. 2. Sureguliuokite atstum\u0105 tarp spaustuko. Galiausiai padalinti \u012f dvi dalis. Taip virv\u0117s galas bus \u0161iek tiek nusmail\u0117j\u0119s ir visi\u0161kai susilyd\u0119s.    <\/p>\n<p>Kad virv\u0117 netapt\u0173 trapi, j\u0105 atv\u0117sinkite l\u0117tai. Tada gausite tvarking\u0105 ir lygi\u0105 vielin\u0119 lyn\u0105 su smail\u0117jan\u010dia forma ir spiraliniais galais. <\/p>\n<h3><img fetchpriority=\"high\" decoding=\"async\" class=\"alignnone wp-image-365 size-full\" src=\"https:\/\/zunzz.com\/wp-content\/uploads\/2023\/09\/Wire-Rope-Annealing-Machine-55mm-2.webp\" alt=\"Vielini\u0173 lyn\u0173 atkaitinimo ma\u0161ina 55mm-2\" width=\"1000\" height=\"1000\" srcset=\"https:\/\/zunzz.com\/wp-content\/uploads\/2023\/09\/Wire-Rope-Annealing-Machine-55mm-2.webp 1000w, https:\/\/zunzz.com\/wp-content\/uploads\/2023\/09\/Wire-Rope-Annealing-Machine-55mm-2-300x300.webp 300w, https:\/\/zunzz.com\/wp-content\/uploads\/2023\/09\/Wire-Rope-Annealing-Machine-55mm-2-150x150.webp 150w, https:\/\/zunzz.com\/wp-content\/uploads\/2023\/09\/Wire-Rope-Annealing-Machine-55mm-2-768x768.webp 768w, https:\/\/zunzz.com\/wp-content\/uploads\/2023\/09\/Wire-Rope-Annealing-Machine-55mm-2-570x570.webp 570w, https:\/\/zunzz.com\/wp-content\/uploads\/2023\/09\/Wire-Rope-Annealing-Machine-55mm-2-500x500.webp 500w, https:\/\/zunzz.com\/wp-content\/uploads\/2023\/09\/Wire-Rope-Annealing-Machine-55mm-2-700x700.webp 700w, https:\/\/zunzz.com\/wp-content\/uploads\/2023\/09\/Wire-Rope-Annealing-Machine-55mm-2-650x650.webp 650w, https:\/\/zunzz.com\/wp-content\/uploads\/2023\/09\/Wire-Rope-Annealing-Machine-55mm-2-600x600.webp 600w, https:\/\/zunzz.com\/wp-content\/uploads\/2023\/09\/Wire-Rope-Annealing-Machine-55mm-2-100x100.webp 100w\" sizes=\"(max-width: 1000px) 100vw, 1000px\" \/><\/h3>\n<h3><\/h3>\n<h3>4. Vielini\u0173 lyn\u0173 atkaitinimo ma\u0161inos privalumai<\/h3>\n<ul>\n<li>Protinga forma ir ne\u0161iojamumas:<\/li>\n<\/ul>\n<p><strong>Vielinio lyno atkaitinimo ma\u0161ina<\/strong> yra sumaniai sukurta taip, kad j\u0105 b\u016bt\u0173 lengva perkelti \u012fvairiais darbo scenarijais. Pavyzd\u017eiui, \u0161i \u012franga gali atlikti svarb\u0173 vaidmen\u012f statybviet\u0117se, tilt\u0173 statyboje, laiv\u0173 statyboje ir daugelyje kit\u0173 situacij\u0173, kai reikia pjauti vielinius lynus. <\/p>\n<ul>\n<li>Greitas tirpimas ir patogus valdymas:<\/li>\n<\/ul>\n<p><a title=\"Pjovimo ir atkaitinimo stakl\u0117s 5mm\" href=\"https:\/\/zunzz.com\/lt\/product\/cutting-and-annealing-machine\/\">Pjovimo ir atkaitinimo ma\u0161ina<\/a> pasi\u017eymi greito plienini\u0173 vielini\u0173 lyn\u0173 lydymosi ir pjovimo savyb\u0117mis, tuo pat metu j\u0105 lengva valdyti ir pagerinti gamybos efektyvum\u0105.<\/p>\n<ul>\n<li>Energijos taupymas ir saugumas:<\/li>\n<\/ul>\n<p>Atkaitinimo ma\u0161inos darbin\u0117 galia yra palyginti ma\u017ea, o tai padeda taupyti energij\u0105. Ir unikalus dizainas gali u\u017etikrinti veikimo saugum\u0105. <\/p>\n<ul>\n<li>Atkaitinimo galas yra tvarkingas ir lygus:<\/li>\n<\/ul>\n<p>k\u016bginis ir spiralinis, viela nei\u0161sivynios.<\/p>\n<ul>\n<li>Darbas kartu su d\u016bm\u0173 \u0161alinimo \u012ftaisu:<\/li>\n<\/ul>\n<p>Ma\u0161ina gali veikti kartu su d\u016bm\u0173 i\u0161metimo \u012ftaisu, kad efektyviai valdyt\u0173 ir pa\u0161alint\u0173 suvirinimo proceso metu susidaran\u010dius d\u016bmus ir dulkes, u\u017etikrinant darbo aplinkos \u0161var\u0105 ir saug\u0105.<\/p>\n<ul>\n<li>Platus atkaitinimo skersmens diapazonas:<\/li>\n<\/ul>\n<p>Atkaitinimo ma\u0161ina turi plat\u0173 lydymosi skersmens diapazon\u0105 ir gali sulydyti 22\u201355 mm plienin\u012f vielin\u012f lyn\u0105 nekei\u010diant joki\u0173 dali\u0173. <span style=\"color: #ff0000;\">Jei jums reikia sulydyti skirtingo skersmens vielinius lynus, si\u016blome ir kit\u0173 modeli\u0173 ma\u0161inas, kurios gali patenkinti j\u016bs\u0173 poreikius.<\/span><\/p>\n<ul>\n<li>Unikalus spaustuko dizainas:<\/li>\n<\/ul>\n<p>Gnybtas turi unikali\u0105 spaustuko konstrukcij\u0105, u\u017etikrinan\u010di\u0105, kad vielinis lynas b\u016bt\u0173 tvirtai pritvirtintas, o tai pagerina veikimo stabilum\u0105 ir saugum\u0105.<\/p>\n<\/div>\n<p><img decoding=\"async\" class=\"alignnone wp-image-366 \" src=\"https:\/\/zunzz.com\/wp-content\/uploads\/2023\/09\/Wire-Rope-Annealing-Machine-55mm-1.webp\" alt=\"Vielini\u0173 lyn\u0173 atkaitinimo ma\u0161ina 55mm-1\" width=\"1000\" height=\"1333\" srcset=\"https:\/\/zunzz.com\/wp-content\/uploads\/2023\/09\/Wire-Rope-Annealing-Machine-55mm-1.webp 960w, https:\/\/zunzz.com\/wp-content\/uploads\/2023\/09\/Wire-Rope-Annealing-Machine-55mm-1-225x300.webp 225w, https:\/\/zunzz.com\/wp-content\/uploads\/2023\/09\/Wire-Rope-Annealing-Machine-55mm-1-768x1024.webp 768w, https:\/\/zunzz.com\/wp-content\/uploads\/2023\/09\/Wire-Rope-Annealing-Machine-55mm-1-600x800.webp 600w, https:\/\/zunzz.com\/wp-content\/uploads\/2023\/09\/Wire-Rope-Annealing-Machine-55mm-1-700x933.webp 700w\" sizes=\"(max-width: 1000px) 100vw, 1000px\" \/><\/p>\n<p><img decoding=\"async\" class=\"alignnone wp-image-368 \" src=\"https:\/\/zunzz.com\/wp-content\/uploads\/2023\/09\/Wire-Rope-Annealing-Machine-55mm-4.webp\" alt=\"Vielini\u0173 lyn\u0173 atkaitinimo ma\u0161ina 55mm-4\" width=\"1000\" height=\"1333\" srcset=\"https:\/\/zunzz.com\/wp-content\/uploads\/2023\/09\/Wire-Rope-Annealing-Machine-55mm-4.webp 960w, https:\/\/zunzz.com\/wp-content\/uploads\/2023\/09\/Wire-Rope-Annealing-Machine-55mm-4-225x300.webp 225w, https:\/\/zunzz.com\/wp-content\/uploads\/2023\/09\/Wire-Rope-Annealing-Machine-55mm-4-768x1024.webp 768w, https:\/\/zunzz.com\/wp-content\/uploads\/2023\/09\/Wire-Rope-Annealing-Machine-55mm-4-600x800.webp 600w, https:\/\/zunzz.com\/wp-content\/uploads\/2023\/09\/Wire-Rope-Annealing-Machine-55mm-4-700x933.webp 700w\" sizes=\"(max-width: 1000px) 100vw, 1000px\" \/><\/p>\n<h3><\/h3>\n<h3>5.Kiti pjovimo ir atkaitinimo ma\u0161inos parametrai<\/h3>\n<div class=\"table-r\">\n<table width=\"100%\">\n<tbody>\n<tr>\n<td width=\"50%\">B\u016bkl\u0117\n<\/td>\n<td width=\"50%\">Visi\u0161kai naujas<\/td>\n<\/tr>\n<tr>\n<td width=\"50%\">Prek\u0117s \u017eenklo pavadinimas\n<\/td>\n<td width=\"50%\">\u201eZunzz\u201c vielini\u0173 lyn\u0173 strop\u0173 ma\u0161in\u0173 \u012fmon\u0117<\/td>\n<\/tr>\n<tr>\n<td width=\"50%\">Gamybos \u0161alis\/regionas\n<\/td>\n<td width=\"50%\">Baodingas, Kinija<\/td>\n<\/tr>\n<tr>\n<td width=\"50%\">Pirmojo leidimo metai\n<\/td>\n<td width=\"50%\">2001 m<\/td>\n<\/tr>\n<tr>\n<td width=\"50%\">Pagaminimo data\n<\/td>\n<td width=\"50%\">U\u017esakymo laikas<\/td>\n<\/tr>\n<tr>\n<td width=\"50%\">Garantinis laikotarpis\n<\/td>\n<td width=\"50%\">1 metai<\/td>\n<\/tr>\n<tr>\n<td width=\"50%\">Kiekis (vnt.) \/ pristatymo laikas (dienomis)\n<\/td>\n<td width=\"50%\">1-1 (vnt.) \/ 35 (dienos), 2-10 (vnt.) \/ 45 (dienos), Daugiau nei 10 (vnt.) \/ bus derinama<\/td>\n<\/tr>\n<tr>\n<td width=\"50%\">Spalva\n<\/td>\n<td width=\"50%\">Raudona arba pritaikyta<\/td>\n<\/tr>\n<tr>\n<td width=\"50%\">Pakuot\u0117s detal\u0117s\n<\/td>\n<td width=\"50%\">Medin\u0117 d\u0117\u017e\u0117<\/td>\n<\/tr>\n<tr>\n<td width=\"50%\">paslaug\u0173 palaikymas\n<\/td>\n<td width=\"50%\">Nuotolinis palaikymas telefonu<\/td>\n<\/tr>\n<\/tbody>\n<\/table>\n<\/div>\n<p>&nbsp;<\/p>\n<p><img loading=\"lazy\" decoding=\"async\" class=\"alignnone wp-image-367 \" src=\"https:\/\/zunzz.com\/wp-content\/uploads\/2023\/09\/Wire-Rope-Annealing-Machine-55mm-3.webp\" alt=\"Vielini\u0173 lyn\u0173 atkaitinimo ma\u0161ina 55mm-3\" width=\"1000\" height=\"1334\" srcset=\"https:\/\/zunzz.com\/wp-content\/uploads\/2023\/09\/Wire-Rope-Annealing-Machine-55mm-3.webp 810w, https:\/\/zunzz.com\/wp-content\/uploads\/2023\/09\/Wire-Rope-Annealing-Machine-55mm-3-225x300.webp 225w, https:\/\/zunzz.com\/wp-content\/uploads\/2023\/09\/Wire-Rope-Annealing-Machine-55mm-3-768x1024.webp 768w, https:\/\/zunzz.com\/wp-content\/uploads\/2023\/09\/Wire-Rope-Annealing-Machine-55mm-3-600x800.webp 600w, https:\/\/zunzz.com\/wp-content\/uploads\/2023\/09\/Wire-Rope-Annealing-Machine-55mm-3-700x933.webp 700w\" sizes=\"(max-width: 1000px) 100vw, 1000px\" \/><\/p>\n<p>Ma\u0161inos buvo eksportuotos \u012f JK, Danij\u0105, Italij\u0105, Marok\u0105, Iran\u0105, Indonezij\u0105, Indij\u0105, JAE, Singap\u016br\u0105, Lenkij\u0105 ir kt.<\/p>\n\n<div class=\"wpcf7 no-js\" id=\"wpcf7-f5524-o1\" lang=\"lt-LT\" dir=\"ltr\" data-wpcf7-id=\"5524\">\n<div class=\"screen-reader-response\"><p role=\"status\" aria-live=\"polite\" aria-atomic=\"true\"><\/p> <ul><\/ul><\/div>\n<form action=\"\/lt\/wp-json\/wp\/v2\/product\/2862#wpcf7-f5524-o1\" method=\"post\" class=\"wpcf7-form init\" aria-label=\"Kontakt\u0173 forma\" novalidate=\"novalidate\" data-status=\"init\">\n<fieldset class=\"hidden-fields-container\"><input type=\"hidden\" name=\"_wpcf7\" value=\"5524\" \/><input type=\"hidden\" name=\"_wpcf7_version\" value=\"6.1.4\" \/><input type=\"hidden\" name=\"_wpcf7_locale\" value=\"lt_LT\" \/><input type=\"hidden\" name=\"_wpcf7_unit_tag\" value=\"wpcf7-f5524-o1\" \/><input type=\"hidden\" name=\"_wpcf7_container_post\" value=\"0\" \/><input type=\"hidden\" name=\"_wpcf7_posted_data_hash\" value=\"\" \/>\n<\/fieldset>\n<div class=\"wpcf7-turnstile cf-turnstile\" data-sitekey=\"0x4AAAAAACHlhHyKtoljFN8P\" data-response-field-name=\"_wpcf7_turnstile_response\"><\/div>\n\n<p>\n    <\/p><h4 style=\"color:#333333;font-size:20px;font-family:\"background-color:#FFFFFF;font-weight:normal !important;\">\n        <span style=\"color:red;\">Atsi\u0173skite mums savo reikalavimus - atsakysime per 24 valandas<\/span>\n    <\/h4>\n\n\n<div class=\"row\" style=\"display:flex; flex-wrap:wrap; width:100%;\">\n\n    <!-- Name -->\n    <div style=\"width:40%; padding-right:10px; box-sizing:border-box;\">\n        <div class=\"form-group\" style=\"margin-bottom:15px;\">\n <span class=\"wpcf7-form-control-wrap\" data-name=\"your-name\"><input size=\"40\" maxlength=\"400\" class=\"wpcf7-form-control wpcf7-text wpcf7-validates-as-required\" aria-required=\"true\" aria-invalid=\"false\" placeholder=\"J\u016bs\u0173 vardas *\" value=\"\" type=\"text\" name=\"your-name\" \/><\/span>\n        <\/div>\n    <\/div>\n\n    <!-- Email -->\n    <div style=\"width:60%; padding-left:10px; box-sizing:border-box;\">\n        <div class=\"form-group\" style=\"margin-bottom:15px;\">\n <span class=\"wpcf7-form-control-wrap\" data-name=\"your-email\"><input size=\"40\" maxlength=\"400\" class=\"wpcf7-form-control wpcf7-email wpcf7-validates-as-required wpcf7-text wpcf7-validates-as-email\" aria-required=\"true\" aria-invalid=\"false\" placeholder=\"El. pa\u0161to adresas *\" value=\"\" type=\"email\" name=\"your-email\" \/><\/span>\n        <\/div>\n    <\/div>\n\n    <!-- Message -->\n    <div style=\"width:100%; box-sizing:border-box;\">\n        <div class=\"form-group\" style=\"margin-bottom:15px;\">\n            <span class=\"wpcf7-form-control-wrap\" data-name=\"your-message\"><textarea cols=\"30\" rows=\"4\" maxlength=\"2000\" class=\"wpcf7-form-control wpcf7-textarea\" aria-invalid=\"false\" placeholder=\"Pra\u0161ome para\u0161yti savo \u017einut\u0119 \u010dia\" name=\"your-message\"><\/textarea><\/span>\n        <\/div>\n    <\/div>\n\n    <!-- Submit -->\n    <div style=\"width:100%; box-sizing:border-box;\">\n        <input class=\"wpcf7-form-control wpcf7-submit has-spinner btn btn-default\" type=\"submit\" value=\"Para\u0161ykite mums ir gaukite pasi\u016blym\u0105\" \/>\n    <\/div>\n\n<\/div><div class=\"wpcf7-response-output\" aria-hidden=\"true\"><\/div>\n<\/form>\n<\/div>\n\n","protected":false},"excerpt":{"rendered":"<div class=\"table-r\">\n<table width=\"100%\">\n<tbody>\n<tr>\n<td width=\"50%\">Modelis:\n<\/td>\n<td width=\"50%\">RDJ-175<\/td>\n<\/tr>\n<tr>\n<td width=\"50%\">Maks. vielinis lynas:<\/td>\n<td width=\"50%\">55 mm<\/td>\n<\/tr>\n<tr>\n<td width=\"50%\">Galia:\n<\/td>\n<td width=\"50%\">175 kW<\/td>\n<\/tr>\n<tr>\n<td width=\"50%\">Matmenys:\n<\/td>\n<td width=\"50%\">1100 mm * 640 mm * 1500 mm<\/td>\n<\/tr>\n<tr>\n<td width=\"50%\">Svoris:\n<\/td>\n<td width=\"50%\">750 kg<\/td>\n<\/tr>\n<\/tbody>\n<\/table>\n<p><strong>Galima kalba:<\/strong>[wpml_language_selector_widget]<\/p>\n[contact-form-7 id=\"055e9b5\" title=\"Contact form 2\"]\n<\/div>\n","protected":false},"featured_media":2863,"comment_status":"open","ping_status":"closed","template":"","meta":[],"product_brand":[],"product_cat":[203],"product_tag":[344],"class_list":{"0":"post-2862","1":"product","2":"type-product","3":"status-publish","4":"has-post-thumbnail","6":"product_cat-wire-rope-annealing-machine","7":"product_tag-wire-rope-annealing-machine","9":"first","10":"instock","11":"taxable","12":"shipping-taxable","13":"product-type-simple"},"yoast_head":"<!-- This site is optimized with the Yoast SEO plugin v26.8 - https:\/\/yoast.com\/product\/yoast-seo-wordpress\/ -->\n<title>Vielini\u0173 lyn\u0173 atkaitinimo ma\u0161ina 55mm<\/title>\n<meta name=\"description\" content=\"Vielini\u0173 lyn\u0173 atkaitinimo ma\u0161ina vieliniam lynui 22-55mm. Ma\u0161ina gali dirbti kartu su d\u016bm\u0173 \u0161alinimo sistema. Kiti vielini\u0173 lyn\u0173 diapazonai gali b\u016bti pagaminti pagal pageidavim\u0105.\" \/>\n<meta name=\"robots\" content=\"index, follow, max-snippet:-1, max-image-preview:large, max-video-preview:-1\" \/>\n<link rel=\"canonical\" href=\"https:\/\/zunzz.com\/lt\/product\/wire-rope-annealing-machine\/\" \/>\n<meta property=\"og:locale\" content=\"lt_LT\" \/>\n<meta property=\"og:type\" content=\"article\" \/>\n<meta property=\"og:title\" content=\"Vielini\u0173 lyn\u0173 atkaitinimo ma\u0161ina 55mm\" \/>\n<meta property=\"og:description\" content=\"Vielini\u0173 lyn\u0173 atkaitinimo ma\u0161ina vieliniam lynui 22-55mm. Ma\u0161ina gali dirbti kartu su d\u016bm\u0173 \u0161alinimo sistema. Kiti vielini\u0173 lyn\u0173 diapazonai gali b\u016bti pagaminti pagal pageidavim\u0105.\" \/>\n<meta property=\"og:url\" content=\"https:\/\/zunzz.com\/lt\/product\/wire-rope-annealing-machine\/\" \/>\n<meta property=\"og:site_name\" content=\"Zunzz Wire Rope Sling Machine Company\" \/>\n<meta property=\"article:modified_time\" content=\"2025-12-14T03:24:21+00:00\" \/>\n<meta property=\"og:image\" content=\"https:\/\/zunzz.com\/wp-content\/uploads\/2023\/09\/Wire-Rope-Annealing-Machine-55mm-2.webp\" \/>\n\t<meta property=\"og:image:width\" content=\"1000\" \/>\n\t<meta property=\"og:image:height\" content=\"1000\" \/>\n\t<meta property=\"og:image:type\" content=\"image\/webp\" \/>\n<meta name=\"twitter:card\" content=\"summary_large_image\" \/>\n<meta name=\"twitter:label1\" content=\"Est. reading time\" \/>\n\t<meta name=\"twitter:data1\" content=\"5 minut\u0117s\" \/>\n<script type=\"application\/ld+json\" class=\"yoast-schema-graph\">{\"@context\":\"https:\/\/schema.org\",\"@graph\":[{\"@type\":\"WebPage\",\"@id\":\"https:\/\/zunzz.com\/lt\/product\/wire-rope-annealing-machine\/\",\"url\":\"https:\/\/zunzz.com\/lt\/product\/wire-rope-annealing-machine\/\",\"name\":\"Vielini\u0173 lyn\u0173 atkaitinimo ma\u0161ina 55mm\",\"isPartOf\":{\"@id\":\"https:\/\/zunzz.com\/lt\/#website\"},\"primaryImageOfPage\":{\"@id\":\"https:\/\/zunzz.com\/lt\/product\/wire-rope-annealing-machine\/#primaryimage\"},\"image\":{\"@id\":\"https:\/\/zunzz.com\/lt\/product\/wire-rope-annealing-machine\/#primaryimage\"},\"thumbnailUrl\":\"https:\/\/zunzz.com\/wp-content\/uploads\/2023\/09\/Wire-Rope-Annealing-Machine-55mm-2.webp\",\"datePublished\":\"2025-12-13T02:04:06+00:00\",\"dateModified\":\"2025-12-14T03:24:21+00:00\",\"description\":\"Vielini\u0173 lyn\u0173 atkaitinimo ma\u0161ina vieliniam lynui 22-55mm. Ma\u0161ina gali dirbti kartu su d\u016bm\u0173 \u0161alinimo sistema. Kiti vielini\u0173 lyn\u0173 diapazonai gali b\u016bti pagaminti pagal pageidavim\u0105.\",\"breadcrumb\":{\"@id\":\"https:\/\/zunzz.com\/lt\/product\/wire-rope-annealing-machine\/#breadcrumb\"},\"inLanguage\":\"lt-LT\",\"potentialAction\":[{\"@type\":\"ReadAction\",\"target\":[\"https:\/\/zunzz.com\/lt\/product\/wire-rope-annealing-machine\/\"]}]},{\"@type\":\"ImageObject\",\"inLanguage\":\"lt-LT\",\"@id\":\"https:\/\/zunzz.com\/lt\/product\/wire-rope-annealing-machine\/#primaryimage\",\"url\":\"https:\/\/zunzz.com\/wp-content\/uploads\/2023\/09\/Wire-Rope-Annealing-Machine-55mm-2.webp\",\"contentUrl\":\"https:\/\/zunzz.com\/wp-content\/uploads\/2023\/09\/Wire-Rope-Annealing-Machine-55mm-2.webp\",\"width\":1000,\"height\":1000,\"caption\":\"Vielini\u0173 lyn\u0173 atkaitinimo ma\u0161ina 55mm-2\"},{\"@type\":\"BreadcrumbList\",\"@id\":\"https:\/\/zunzz.com\/lt\/product\/wire-rope-annealing-machine\/#breadcrumb\",\"itemListElement\":[{\"@type\":\"ListItem\",\"position\":1,\"name\":\"Home\",\"item\":\"https:\/\/zunzz.com\/lt\/home\/\"},{\"@type\":\"ListItem\",\"position\":2,\"name\":\"Shop\",\"item\":\"https:\/\/zunzz.com\/bg\/shop\/\"},{\"@type\":\"ListItem\",\"position\":3,\"name\":\"Vielini\u0173 lyn\u0173 atkaitinimo ma\u0161ina 55 mm\"}]},{\"@type\":\"WebSite\",\"@id\":\"https:\/\/zunzz.com\/lt\/#website\",\"url\":\"https:\/\/zunzz.com\/lt\/\",\"name\":\"Zunzz Wire Rope Sling Machine Company\",\"description\":\"Zunzz Wire Rope Sling Machine Company is a leading manufacturer of wire rope sling machines and related products.\",\"publisher\":{\"@id\":\"https:\/\/zunzz.com\/lt\/#organization\"},\"potentialAction\":[{\"@type\":\"SearchAction\",\"target\":{\"@type\":\"EntryPoint\",\"urlTemplate\":\"https:\/\/zunzz.com\/lt\/?s={search_term_string}\"},\"query-input\":{\"@type\":\"PropertyValueSpecification\",\"valueRequired\":true,\"valueName\":\"search_term_string\"}}],\"inLanguage\":\"lt-LT\"},{\"@type\":\"Organization\",\"@id\":\"https:\/\/zunzz.com\/lt\/#organization\",\"name\":\"Zunzz Wire Rope Sling Machine Company\",\"url\":\"https:\/\/zunzz.com\/lt\/\",\"logo\":{\"@type\":\"ImageObject\",\"inLanguage\":\"lt-LT\",\"@id\":\"https:\/\/zunzz.com\/lt\/#\/schema\/logo\/image\/\",\"url\":\"https:\/\/zunzz.com\/wp-content\/uploads\/2023\/09\/Logo.png\",\"contentUrl\":\"https:\/\/zunzz.com\/wp-content\/uploads\/2023\/09\/Logo.png\",\"width\":171,\"height\":133,\"caption\":\"Zunzz Wire Rope Sling Machine Company\"},\"image\":{\"@id\":\"https:\/\/zunzz.com\/lt\/#\/schema\/logo\/image\/\"}}]}<\/script>\n<!-- \/ Yoast SEO plugin. -->","yoast_head_json":{"title":"Vielini\u0173 lyn\u0173 atkaitinimo ma\u0161ina 55mm","description":"Vielini\u0173 lyn\u0173 atkaitinimo ma\u0161ina vieliniam lynui 22-55mm. Ma\u0161ina gali dirbti kartu su d\u016bm\u0173 \u0161alinimo sistema. Kiti vielini\u0173 lyn\u0173 diapazonai gali b\u016bti pagaminti pagal pageidavim\u0105.","robots":{"index":"index","follow":"follow","max-snippet":"max-snippet:-1","max-image-preview":"max-image-preview:large","max-video-preview":"max-video-preview:-1"},"canonical":"https:\/\/zunzz.com\/lt\/product\/wire-rope-annealing-machine\/","og_locale":"lt_LT","og_type":"article","og_title":"Vielini\u0173 lyn\u0173 atkaitinimo ma\u0161ina 55mm","og_description":"Vielini\u0173 lyn\u0173 atkaitinimo ma\u0161ina vieliniam lynui 22-55mm. Ma\u0161ina gali dirbti kartu su d\u016bm\u0173 \u0161alinimo sistema. Kiti vielini\u0173 lyn\u0173 diapazonai gali b\u016bti pagaminti pagal pageidavim\u0105.","og_url":"https:\/\/zunzz.com\/lt\/product\/wire-rope-annealing-machine\/","og_site_name":"Zunzz Wire Rope Sling Machine Company","article_modified_time":"2025-12-14T03:24:21+00:00","og_image":[{"width":1000,"height":1000,"url":"https:\/\/zunzz.com\/wp-content\/uploads\/2023\/09\/Wire-Rope-Annealing-Machine-55mm-2.webp","type":"image\/webp"}],"twitter_card":"summary_large_image","twitter_misc":{"Est. reading time":"5 minut\u0117s"},"schema":{"@context":"https:\/\/schema.org","@graph":[{"@type":"WebPage","@id":"https:\/\/zunzz.com\/lt\/product\/wire-rope-annealing-machine\/","url":"https:\/\/zunzz.com\/lt\/product\/wire-rope-annealing-machine\/","name":"Vielini\u0173 lyn\u0173 atkaitinimo ma\u0161ina 55mm","isPartOf":{"@id":"https:\/\/zunzz.com\/lt\/#website"},"primaryImageOfPage":{"@id":"https:\/\/zunzz.com\/lt\/product\/wire-rope-annealing-machine\/#primaryimage"},"image":{"@id":"https:\/\/zunzz.com\/lt\/product\/wire-rope-annealing-machine\/#primaryimage"},"thumbnailUrl":"https:\/\/zunzz.com\/wp-content\/uploads\/2023\/09\/Wire-Rope-Annealing-Machine-55mm-2.webp","datePublished":"2025-12-13T02:04:06+00:00","dateModified":"2025-12-14T03:24:21+00:00","description":"Vielini\u0173 lyn\u0173 atkaitinimo ma\u0161ina vieliniam lynui 22-55mm. Ma\u0161ina gali dirbti kartu su d\u016bm\u0173 \u0161alinimo sistema. Kiti vielini\u0173 lyn\u0173 diapazonai gali b\u016bti pagaminti pagal pageidavim\u0105.","breadcrumb":{"@id":"https:\/\/zunzz.com\/lt\/product\/wire-rope-annealing-machine\/#breadcrumb"},"inLanguage":"lt-LT","potentialAction":[{"@type":"ReadAction","target":["https:\/\/zunzz.com\/lt\/product\/wire-rope-annealing-machine\/"]}]},{"@type":"ImageObject","inLanguage":"lt-LT","@id":"https:\/\/zunzz.com\/lt\/product\/wire-rope-annealing-machine\/#primaryimage","url":"https:\/\/zunzz.com\/wp-content\/uploads\/2023\/09\/Wire-Rope-Annealing-Machine-55mm-2.webp","contentUrl":"https:\/\/zunzz.com\/wp-content\/uploads\/2023\/09\/Wire-Rope-Annealing-Machine-55mm-2.webp","width":1000,"height":1000,"caption":"Vielini\u0173 lyn\u0173 atkaitinimo ma\u0161ina 55mm-2"},{"@type":"BreadcrumbList","@id":"https:\/\/zunzz.com\/lt\/product\/wire-rope-annealing-machine\/#breadcrumb","itemListElement":[{"@type":"ListItem","position":1,"name":"Home","item":"https:\/\/zunzz.com\/lt\/home\/"},{"@type":"ListItem","position":2,"name":"Shop","item":"https:\/\/zunzz.com\/bg\/shop\/"},{"@type":"ListItem","position":3,"name":"Vielini\u0173 lyn\u0173 atkaitinimo ma\u0161ina 55 mm"}]},{"@type":"WebSite","@id":"https:\/\/zunzz.com\/lt\/#website","url":"https:\/\/zunzz.com\/lt\/","name":"Zunzz Wire Rope Sling Machine Company","description":"Zunzz Wire Rope Sling Machine Company is a leading manufacturer of wire rope sling machines and related products.","publisher":{"@id":"https:\/\/zunzz.com\/lt\/#organization"},"potentialAction":[{"@type":"SearchAction","target":{"@type":"EntryPoint","urlTemplate":"https:\/\/zunzz.com\/lt\/?s={search_term_string}"},"query-input":{"@type":"PropertyValueSpecification","valueRequired":true,"valueName":"search_term_string"}}],"inLanguage":"lt-LT"},{"@type":"Organization","@id":"https:\/\/zunzz.com\/lt\/#organization","name":"Zunzz Wire Rope Sling Machine Company","url":"https:\/\/zunzz.com\/lt\/","logo":{"@type":"ImageObject","inLanguage":"lt-LT","@id":"https:\/\/zunzz.com\/lt\/#\/schema\/logo\/image\/","url":"https:\/\/zunzz.com\/wp-content\/uploads\/2023\/09\/Logo.png","contentUrl":"https:\/\/zunzz.com\/wp-content\/uploads\/2023\/09\/Logo.png","width":171,"height":133,"caption":"Zunzz Wire Rope Sling Machine Company"},"image":{"@id":"https:\/\/zunzz.com\/lt\/#\/schema\/logo\/image\/"}}]}},"_links":{"self":[{"href":"https:\/\/zunzz.com\/lt\/wp-json\/wp\/v2\/product\/2862","targetHints":{"allow":["GET"]}}],"collection":[{"href":"https:\/\/zunzz.com\/lt\/wp-json\/wp\/v2\/product"}],"about":[{"href":"https:\/\/zunzz.com\/lt\/wp-json\/wp\/v2\/types\/product"}],"replies":[{"embeddable":true,"href":"https:\/\/zunzz.com\/lt\/wp-json\/wp\/v2\/comments?post=2862"}],"wp:featuredmedia":[{"embeddable":true,"href":"https:\/\/zunzz.com\/lt\/wp-json\/wp\/v2\/media\/2863"}],"wp:attachment":[{"href":"https:\/\/zunzz.com\/lt\/wp-json\/wp\/v2\/media?parent=2862"}],"wp:term":[{"taxonomy":"product_brand","embeddable":true,"href":"https:\/\/zunzz.com\/lt\/wp-json\/wp\/v2\/product_brand?post=2862"},{"taxonomy":"product_cat","embeddable":true,"href":"https:\/\/zunzz.com\/lt\/wp-json\/wp\/v2\/product_cat?post=2862"},{"taxonomy":"product_tag","embeddable":true,"href":"https:\/\/zunzz.com\/lt\/wp-json\/wp\/v2\/product_tag?post=2862"}],"curies":[{"name":"wp","href":"https:\/\/api.w.org\/{rel}","templated":true}]}}