{"id":2601,"date":"2023-09-22T02:36:31","date_gmt":"2023-09-22T02:36:31","guid":{"rendered":"https:\/\/zunzz.com\/product\/hidrauline-tempimo-bandymo-masina-200t\/"},"modified":"2025-05-20T06:53:44","modified_gmt":"2025-05-20T06:53:44","slug":"hydraulic-tensile-testing-machine","status":"publish","type":"product","link":"https:\/\/zunzz.com\/lt\/product\/hydraulic-tensile-testing-machine\/","title":{"rendered":"Hidraulin\u0117 tempimo bandymo ma\u0161ina 200T"},"content":{"rendered":"<h2>1.Hidraulinis tempimo bandymo aparatas<\/h2>\n<p><strong>Hidraulinis tempimo bandymo aparatas<\/strong> tikrina vielinius lynus, vielini\u0173 lyn\u0173 strop\u0105, austini\u0173 dir\u017e\u0173 strop\u0105, kabl\u012f, grandin\u0119 ir kt. Jis pla\u010diai naudojamas tokiose srityse kaip laivai, statyba, elektra, k\u0117limas ir gelb\u0117jimas, siekiant u\u017etikrinti takela\u017eo saug\u0105 ir patikimum\u0105.<\/p>\n<p>Bandymo ataskait\u0105 galima atspausdinti.<\/p>\n<p><strong>Saugos priemon\u0117s:<\/strong> Prie\u0161 bandym\u0105 patikrinkite, ar \u012ftaisas yra tvirtai pritvirtintas, kad neslyst\u0173. Grie\u017etai draud\u017eiama perkrauti, kad nesugadintum\u0117te \u012frangos ar nesusi\u017ealotum\u0117te. Reguliariai kalibruokite jutiklius, kad u\u017etikrintum\u0117te duomen\u0173 tikslum\u0105.<\/p>\n<p><strong>pagrindin\u0117 funkcija<\/strong><\/p>\n<p>Tempimo bandymas: i\u0161matuokite maksimal\u0173 takela\u017eo tempiam\u0105j\u012f stipr\u012f (l\u016b\u017eio stiprum\u0105).<br \/>\nApkrovos bandymas: imituokite faktines darbo apkrovas, kad patikrintum\u0117te takela\u017eo laikom\u0105j\u0105 gali\u0105.<br \/>\nPailg\u0117jimo bandymas: u\u017eregistruokite med\u017eiagos deformacijos laipsn\u012f tempiant.<br \/>\nIlgaam\u017ei\u0161kumo bandymas: pakartotinis apkrovimas, siekiant patikrinti nuovargio atsparum\u0105.<br \/>\nStatinis \/ dinaminis bandymas: pasirinkite skirtingus bandymo re\u017eimus pagal reikalavimus.<\/p>\n<p><img fetchpriority=\"high\" decoding=\"async\" class=\"alignnone wp-image-383 size-full\" src=\"https:\/\/zunzz.com\/wp-content\/uploads\/2023\/09\/Hydraulic-Tensile-Testing-Machine-2.webp\" alt=\"Hidraulin\u0117 tempimo bandymo ma\u0161ina-2\" width=\"1000\" height=\"1267\" srcset=\"https:\/\/zunzz.com\/wp-content\/uploads\/2023\/09\/Hydraulic-Tensile-Testing-Machine-2.webp 1000w, https:\/\/zunzz.com\/wp-content\/uploads\/2023\/09\/Hydraulic-Tensile-Testing-Machine-2-237x300.webp 237w, https:\/\/zunzz.com\/wp-content\/uploads\/2023\/09\/Hydraulic-Tensile-Testing-Machine-2-808x1024.webp 808w, https:\/\/zunzz.com\/wp-content\/uploads\/2023\/09\/Hydraulic-Tensile-Testing-Machine-2-768x973.webp 768w, https:\/\/zunzz.com\/wp-content\/uploads\/2023\/09\/Hydraulic-Tensile-Testing-Machine-2-700x887.webp 700w, https:\/\/zunzz.com\/wp-content\/uploads\/2023\/09\/Hydraulic-Tensile-Testing-Machine-2-600x760.webp 600w\" sizes=\"(max-width: 1000px) 100vw, 1000px\" \/><\/p>\n<h2>2.Techniniai parametrai<\/h2>\n<div class=\"table-r\">\n<table width=\"100%\">\n<tbody>\n<tr>\n<td width=\"50%\">Maks. apkrautas sl\u0117gis<\/td>\n<td width=\"50%\">63 MPa<\/td>\n<\/tr>\n<tr>\n<td width=\"50%\">Maks. St\u016bmoklinis jud\u0117jimas<\/td>\n<td width=\"50%\">1500 mm<\/td>\n<\/tr>\n<tr>\n<td width=\"50%\">St\u016bmoklio i\u0161traukimo greitis<\/td>\n<td width=\"50%\">8 mm\/sek.<\/td>\n<\/tr>\n<tr>\n<td width=\"50%\">Apkrauto st\u016bmoklio greitis<\/td>\n<td width=\"50%\">2 mm\/sek.<\/td>\n<\/tr>\n<tr>\n<td width=\"50%\">St\u016bmoklio greitis atgal<\/td>\n<td width=\"50%\">10 mm\/sek<\/td>\n<\/tr>\n<tr>\n<td width=\"50%\">Traukimo bandymo tikslumo tolerancija<\/td>\n<td width=\"50%\">\u22641%<\/td>\n<\/tr>\n<tr>\n<td width=\"50%\">Poslinkio tikslumo tolerancija<\/td>\n<td width=\"50%\">\u22641%<\/td>\n<\/tr>\n<tr>\n<td width=\"50%\">Statin\u0117s apkrovos tikslumo tolerancija<\/td>\n<td width=\"50%\">\u22641%<\/td>\n<\/tr>\n<tr>\n<td width=\"50%\">Triuk\u0161mo lygis<\/td>\n<td width=\"50%\">\u226470 dB<\/td>\n<\/tr>\n<tr>\n<td width=\"50%\">Valdymo metodas<\/td>\n<td width=\"50%\">Kompiuteris<\/td>\n<\/tr>\n<tr>\n<td width=\"50%\">Automatinis apsauginis dangtelis<\/td>\n<td width=\"50%\">Galimas<\/td>\n<\/tr>\n<\/tbody>\n<\/table>\n<p>&nbsp;<\/p>\n<p><iframe title=\"test bench for wire rope, websling, chain and so on testing.\" width=\"1060\" height=\"596\" src=\"https:\/\/www.youtube.com\/embed\/vC5deAoKkuU?feature=oembed\" frameborder=\"0\" allow=\"accelerometer; autoplay; clipboard-write; encrypted-media; gyroscope; picture-in-picture; web-share\" allowfullscreen><\/iframe><\/p>\n<h2>3. Bandymo stendo privalumai<\/h2>\n<p>1. Naudojant \u017emogaus ir kompiuterio s\u0105veik\u0105, analizuojant ir apskai\u010diuojant bandom\u0173j\u0173 med\u017eiag\u0173 mechaninius charakteristik\u0173 rodiklius, tempimo j\u0117ga automati\u0161kai apskai\u010diuojama eksperimento pabaigoje. Remiantis automatine analize, analiz\u0117s rezultatus taip pat galima koreguoti rankiniu b\u016bdu, kad b\u016bt\u0173 pagerintas analiz\u0117s tikslumas.<\/p>\n<p>2. Galima valdyti \u012fvairias kreives, tokias kaip j\u0117gos deformacija, j\u0117gos poslinkis, j\u0117gos laikas, \u012ftempio deformacija, deformacijos laikas, poslinkio laikas;<\/p>\n<p>3. Eksperimentini\u0173 kreivi\u0173 dalinis amplifikavimas ir keli\u0173 kreivi\u0173 perdengim\u0173 palyginimas;<\/p>\n<p>4. Valdymo re\u017eimas turi automatin\u012f valdymo re\u017eim\u0105. Automatinis valdymas yra visi\u0161kai skaitmeninis veikimo servo re\u017eimas, kuriame yra du bandymo s\u0105lyg\u0173 nustatymo b\u016bdai: visi\u0161kai automatinis valdymas ir programuojamas \u017emogaus ir ma\u0161inos dialogo valdymas.<\/p>\n<p>5. Daugiafunkcis panaudojimas: galima atlikti tempimo, ply\u0161imo ir kitus bandymus su metalu, nemetaliniais pavir\u0161iais ir komponentais. Jis gali atitikti \u012fvairius bandymo metod\u0173 standartus, tokius kaip ISO ir GB.<\/p>\n<p>6. Naftos \u0161altinis yra tylus, ekologi\u0161kas ir patogus naudoti, ma\u017einantis energijos suvartojim\u0105, \u0161ilumos gamyb\u0105 ir apsaugantis alyvos grandin\u0119;<\/p>\n<p>7. Didel\u0117s spartos, didel\u0117s integracijos, galingo valdymo, duomen\u0173 apdorojimo galimybi\u0173 ir didelio patikimumo naudojimas yra neprilygstamas bandym\u0173 ma\u0161inoms, naudojan\u010dioms kitus procesorius.<\/p>\n<p>&nbsp;<\/p>\n<\/div>\n<p><img decoding=\"async\" class=\"alignnone wp-image-385 size-full\" src=\"https:\/\/zunzz.com\/wp-content\/uploads\/2023\/09\/Hydraulic-Tensile-Testing-Machine-4.webp\" alt=\"Hidraulin\u0117 tempimo bandymo ma\u0161ina-4\" width=\"1000\" height=\"800\" srcset=\"https:\/\/zunzz.com\/wp-content\/uploads\/2023\/09\/Hydraulic-Tensile-Testing-Machine-4.webp 1000w, https:\/\/zunzz.com\/wp-content\/uploads\/2023\/09\/Hydraulic-Tensile-Testing-Machine-4-300x240.webp 300w, https:\/\/zunzz.com\/wp-content\/uploads\/2023\/09\/Hydraulic-Tensile-Testing-Machine-4-768x614.webp 768w, https:\/\/zunzz.com\/wp-content\/uploads\/2023\/09\/Hydraulic-Tensile-Testing-Machine-4-700x560.webp 700w, https:\/\/zunzz.com\/wp-content\/uploads\/2023\/09\/Hydraulic-Tensile-Testing-Machine-4-600x480.webp 600w\" sizes=\"(max-width: 1000px) 100vw, 1000px\" \/> <img decoding=\"async\" class=\"alignnone wp-image-384 size-full\" src=\"https:\/\/zunzz.com\/wp-content\/uploads\/2023\/09\/Hydraulic-Tensile-Testing-Machine-3.webp\" alt=\"Hidraulin\u0117 tempimo bandymo ma\u0161ina-3\" width=\"1000\" height=\"1267\" srcset=\"https:\/\/zunzz.com\/wp-content\/uploads\/2023\/09\/Hydraulic-Tensile-Testing-Machine-3.webp 1000w, https:\/\/zunzz.com\/wp-content\/uploads\/2023\/09\/Hydraulic-Tensile-Testing-Machine-3-237x300.webp 237w, https:\/\/zunzz.com\/wp-content\/uploads\/2023\/09\/Hydraulic-Tensile-Testing-Machine-3-808x1024.webp 808w, https:\/\/zunzz.com\/wp-content\/uploads\/2023\/09\/Hydraulic-Tensile-Testing-Machine-3-768x973.webp 768w, https:\/\/zunzz.com\/wp-content\/uploads\/2023\/09\/Hydraulic-Tensile-Testing-Machine-3-700x887.webp 700w, https:\/\/zunzz.com\/wp-content\/uploads\/2023\/09\/Hydraulic-Tensile-Testing-Machine-3-600x760.webp 600w\" sizes=\"(max-width: 1000px) 100vw, 1000px\" \/> <img loading=\"lazy\" decoding=\"async\" class=\"alignnone wp-image-382 \" src=\"https:\/\/zunzz.com\/wp-content\/uploads\/2023\/09\/Hydraulic-Tensile-Testing-Machine-1.webp\" alt=\"Hidraulin\u0117 tempimo bandymo ma\u0161ina-1\" width=\"1000\" height=\"1000\" srcset=\"https:\/\/zunzz.com\/wp-content\/uploads\/2023\/09\/Hydraulic-Tensile-Testing-Machine-1.webp 988w, https:\/\/zunzz.com\/wp-content\/uploads\/2023\/09\/Hydraulic-Tensile-Testing-Machine-1-300x300.webp 300w, https:\/\/zunzz.com\/wp-content\/uploads\/2023\/09\/Hydraulic-Tensile-Testing-Machine-1-150x150.webp 150w, https:\/\/zunzz.com\/wp-content\/uploads\/2023\/09\/Hydraulic-Tensile-Testing-Machine-1-768x768.webp 768w, https:\/\/zunzz.com\/wp-content\/uploads\/2023\/09\/Hydraulic-Tensile-Testing-Machine-1-570x570.webp 570w, https:\/\/zunzz.com\/wp-content\/uploads\/2023\/09\/Hydraulic-Tensile-Testing-Machine-1-500x500.webp 500w, https:\/\/zunzz.com\/wp-content\/uploads\/2023\/09\/Hydraulic-Tensile-Testing-Machine-1-700x700.webp 700w, https:\/\/zunzz.com\/wp-content\/uploads\/2023\/09\/Hydraulic-Tensile-Testing-Machine-1-650x650.webp 650w, https:\/\/zunzz.com\/wp-content\/uploads\/2023\/09\/Hydraulic-Tensile-Testing-Machine-1-600x600.webp 600w, https:\/\/zunzz.com\/wp-content\/uploads\/2023\/09\/Hydraulic-Tensile-Testing-Machine-1-100x100.webp 100w\" sizes=\"(max-width: 1000px) 100vw, 1000px\" \/><\/p>\n<h4><span style=\"color: #ff0000;\">Nor\u0117dami gauti daugiau informacijos, susisiekite su mumis, mes jums atsakysime per 24 valandas<\/span><\/h4>\n<p class=\"wpcf7-contact-form-not-found\"><strong>Klaida:<\/strong> Kontakt\u0173 forma nerasta.<\/p>\n<p>&nbsp;<\/p>\n","protected":false},"excerpt":{"rendered":"<div class=\"table-r\">\n<p>Pagrindin\u0117 <strong>hidraulinio tempimo bandymo ma\u0161inos<\/strong> konstrukcija apima didelio stiprumo pagrindin\u012f r\u0117m\u0105, hidraulin\u0119 apkrovos sistem\u0105, tvirtinimo sistem\u0105, jutikli\u0173 sistem\u0105 bei valdymo ir duomen\u0173 rinkimo sistem\u0105. Gaminame bandym\u0173 stend\u0105, kurio talpa yra 100T, 200T, 300T, 600T, 1000T ir 2000T. <\/p>\n<table width=\"100%\">\n<tbody>\n<tr>\n<td width=\"50%\">Modelis:<\/td>\n<td width=\"50%\">DYWP-2000<\/td>\n<\/tr>\n<tr>\n<td width=\"50%\">Maks. Talpa:<\/td>\n<td width=\"50%\">2000 kN<\/td>\n<\/tr>\n<tr>\n<td width=\"50%\">Bendri matmenys:<\/td>\n<td width=\"50%\">25000 mm * 1800 mm * 900 mm<\/td>\n<\/tr>\n<tr>\n<td width=\"50%\">Testo trukm\u0117:<\/td>\n<td width=\"50%\">pagal pageidavim\u0105<\/td>\n<\/tr>\n<tr>\n<td width=\"50%\">Svoris:<\/td>\n<td width=\"50%\">20000 kg<\/td>\n<\/tr>\n<tr>\n<td width=\"50%\">Duomen\u0173 rinkimas ir analiz\u0117:<\/td>\n<td width=\"50%\">\u012etempimo ir poslinkio kreiv\u0117s rodymas realiuoju laiku ir automatinis bandymo ataskaitos generavimas.<\/td>\n<\/tr>\n<\/tbody>\n<\/table>\n<p><strong>Galima kalba:<\/strong>[wpml_language_selector_widget]<\/p>\n<p><a class=\"single_add_to_cart_button button alt\" href=\"https:\/\/zunzz.com\/lt\/contact-store\/\" target=\"_blank\" rel=\"noopener noreferrer\">TEIS\u0116KITE DABAR<\/a><\/p>\n<\/div>\n","protected":false},"featured_media":2602,"comment_status":"open","ping_status":"closed","template":"","meta":[],"product_brand":[],"product_cat":[202],"product_tag":[329,328],"class_list":{"0":"post-2601","1":"product","2":"type-product","3":"status-publish","4":"has-post-thumbnail","6":"product_cat-tensile-test-machine","7":"product_tag-hydraulic-tensile-test-machine","8":"product_tag-tensile-test-machine","10":"first","11":"instock","12":"taxable","13":"shipping-taxable","14":"product-type-simple"},"yoast_head":"<!-- This site is optimized with the Yoast SEO plugin v26.8 - https:\/\/yoast.com\/product\/yoast-seo-wordpress\/ -->\n<title>Hidraulin\u0117 tempimo bandymo ma\u0161ina<\/title>\n<meta name=\"description\" content=\"Hidraulin\u0117 tempimo bandymo ma\u0161ina i\u0161bando vielin\u012f lyn\u0105, vielinio lyno dir\u017e\u0105, juostos dir\u017e\u0105, kabliuk\u0105, grandin\u0119. Bandymo elementas: tempimo bandymas \/ statin\u0117s apkrovos bandymas \/ tr\u016bkimo bandymas\" \/>\n<meta name=\"robots\" content=\"index, follow, max-snippet:-1, max-image-preview:large, max-video-preview:-1\" \/>\n<link rel=\"canonical\" href=\"https:\/\/zunzz.com\/lt\/product\/hydraulic-tensile-testing-machine\/\" \/>\n<meta property=\"og:locale\" content=\"lt_LT\" \/>\n<meta property=\"og:type\" content=\"article\" \/>\n<meta property=\"og:title\" content=\"Hidraulin\u0117 tempimo bandymo ma\u0161ina\" \/>\n<meta property=\"og:description\" content=\"Hidraulin\u0117 tempimo bandymo ma\u0161ina i\u0161bando vielin\u012f lyn\u0105, vielinio lyno dir\u017e\u0105, juostos dir\u017e\u0105, kabliuk\u0105, grandin\u0119. Bandymo elementas: tempimo bandymas \/ statin\u0117s apkrovos bandymas \/ tr\u016bkimo bandymas\" \/>\n<meta property=\"og:url\" content=\"https:\/\/zunzz.com\/lt\/product\/hydraulic-tensile-testing-machine\/\" \/>\n<meta property=\"og:site_name\" content=\"Zunzz Wire Rope Sling Machine Company\" \/>\n<meta property=\"article:modified_time\" content=\"2025-05-20T06:53:44+00:00\" \/>\n<meta property=\"og:image\" content=\"https:\/\/zunzz.com\/wp-content\/uploads\/2023\/09\/Hydraulic-Tensile-Testing-Machine-1.webp\" \/>\n\t<meta property=\"og:image:width\" content=\"988\" \/>\n\t<meta property=\"og:image:height\" content=\"988\" \/>\n\t<meta property=\"og:image:type\" content=\"image\/webp\" \/>\n<meta name=\"twitter:card\" content=\"summary_large_image\" \/>\n<meta name=\"twitter:label1\" content=\"Est. reading time\" \/>\n\t<meta name=\"twitter:data1\" content=\"4 minut\u0117s\" \/>\n<script type=\"application\/ld+json\" class=\"yoast-schema-graph\">{\"@context\":\"https:\/\/schema.org\",\"@graph\":[{\"@type\":\"WebPage\",\"@id\":\"https:\/\/zunzz.com\/lt\/product\/hydraulic-tensile-testing-machine\/\",\"url\":\"https:\/\/zunzz.com\/lt\/product\/hydraulic-tensile-testing-machine\/\",\"name\":\"Hidraulin\u0117 tempimo bandymo ma\u0161ina\",\"isPartOf\":{\"@id\":\"https:\/\/zunzz.com\/lt\/#website\"},\"primaryImageOfPage\":{\"@id\":\"https:\/\/zunzz.com\/lt\/product\/hydraulic-tensile-testing-machine\/#primaryimage\"},\"image\":{\"@id\":\"https:\/\/zunzz.com\/lt\/product\/hydraulic-tensile-testing-machine\/#primaryimage\"},\"thumbnailUrl\":\"https:\/\/zunzz.com\/wp-content\/uploads\/2023\/09\/Hydraulic-Tensile-Testing-Machine-1.webp\",\"datePublished\":\"2023-09-22T02:36:31+00:00\",\"dateModified\":\"2025-05-20T06:53:44+00:00\",\"description\":\"Hidraulin\u0117 tempimo bandymo ma\u0161ina i\u0161bando vielin\u012f lyn\u0105, vielinio lyno dir\u017e\u0105, juostos dir\u017e\u0105, kabliuk\u0105, grandin\u0119. Bandymo elementas: tempimo bandymas \/ statin\u0117s apkrovos bandymas \/ tr\u016bkimo bandymas\",\"breadcrumb\":{\"@id\":\"https:\/\/zunzz.com\/lt\/product\/hydraulic-tensile-testing-machine\/#breadcrumb\"},\"inLanguage\":\"lt-LT\",\"potentialAction\":[{\"@type\":\"ReadAction\",\"target\":[\"https:\/\/zunzz.com\/lt\/product\/hydraulic-tensile-testing-machine\/\"]}]},{\"@type\":\"ImageObject\",\"inLanguage\":\"lt-LT\",\"@id\":\"https:\/\/zunzz.com\/lt\/product\/hydraulic-tensile-testing-machine\/#primaryimage\",\"url\":\"https:\/\/zunzz.com\/wp-content\/uploads\/2023\/09\/Hydraulic-Tensile-Testing-Machine-1.webp\",\"contentUrl\":\"https:\/\/zunzz.com\/wp-content\/uploads\/2023\/09\/Hydraulic-Tensile-Testing-Machine-1.webp\",\"width\":988,\"height\":988,\"caption\":\"Hydraulic-Tensile-Testing-Machine\"},{\"@type\":\"BreadcrumbList\",\"@id\":\"https:\/\/zunzz.com\/lt\/product\/hydraulic-tensile-testing-machine\/#breadcrumb\",\"itemListElement\":[{\"@type\":\"ListItem\",\"position\":1,\"name\":\"Home\",\"item\":\"https:\/\/zunzz.com\/lt\/home\/\"},{\"@type\":\"ListItem\",\"position\":2,\"name\":\"Shop\",\"item\":\"https:\/\/zunzz.com\/bg\/shop\/\"},{\"@type\":\"ListItem\",\"position\":3,\"name\":\"Hidraulin\u0117 tempimo bandymo ma\u0161ina 200T\"}]},{\"@type\":\"WebSite\",\"@id\":\"https:\/\/zunzz.com\/lt\/#website\",\"url\":\"https:\/\/zunzz.com\/lt\/\",\"name\":\"Zunzz Wire Rope Sling Machine Company\",\"description\":\"Zunzz Wire Rope Sling Machine Company is a leading manufacturer of wire rope sling machines and related products.\",\"publisher\":{\"@id\":\"https:\/\/zunzz.com\/lt\/#organization\"},\"potentialAction\":[{\"@type\":\"SearchAction\",\"target\":{\"@type\":\"EntryPoint\",\"urlTemplate\":\"https:\/\/zunzz.com\/lt\/?s={search_term_string}\"},\"query-input\":{\"@type\":\"PropertyValueSpecification\",\"valueRequired\":true,\"valueName\":\"search_term_string\"}}],\"inLanguage\":\"lt-LT\"},{\"@type\":\"Organization\",\"@id\":\"https:\/\/zunzz.com\/lt\/#organization\",\"name\":\"Zunzz Wire Rope Sling Machine Company\",\"url\":\"https:\/\/zunzz.com\/lt\/\",\"logo\":{\"@type\":\"ImageObject\",\"inLanguage\":\"lt-LT\",\"@id\":\"https:\/\/zunzz.com\/lt\/#\/schema\/logo\/image\/\",\"url\":\"https:\/\/zunzz.com\/wp-content\/uploads\/2023\/09\/Logo.png\",\"contentUrl\":\"https:\/\/zunzz.com\/wp-content\/uploads\/2023\/09\/Logo.png\",\"width\":171,\"height\":133,\"caption\":\"Zunzz Wire Rope Sling Machine Company\"},\"image\":{\"@id\":\"https:\/\/zunzz.com\/lt\/#\/schema\/logo\/image\/\"}}]}<\/script>\n<!-- \/ Yoast SEO plugin. -->","yoast_head_json":{"title":"Hidraulin\u0117 tempimo bandymo ma\u0161ina","description":"Hidraulin\u0117 tempimo bandymo ma\u0161ina i\u0161bando vielin\u012f lyn\u0105, vielinio lyno dir\u017e\u0105, juostos dir\u017e\u0105, kabliuk\u0105, grandin\u0119. Bandymo elementas: tempimo bandymas \/ statin\u0117s apkrovos bandymas \/ tr\u016bkimo bandymas","robots":{"index":"index","follow":"follow","max-snippet":"max-snippet:-1","max-image-preview":"max-image-preview:large","max-video-preview":"max-video-preview:-1"},"canonical":"https:\/\/zunzz.com\/lt\/product\/hydraulic-tensile-testing-machine\/","og_locale":"lt_LT","og_type":"article","og_title":"Hidraulin\u0117 tempimo bandymo ma\u0161ina","og_description":"Hidraulin\u0117 tempimo bandymo ma\u0161ina i\u0161bando vielin\u012f lyn\u0105, vielinio lyno dir\u017e\u0105, juostos dir\u017e\u0105, kabliuk\u0105, grandin\u0119. Bandymo elementas: tempimo bandymas \/ statin\u0117s apkrovos bandymas \/ tr\u016bkimo bandymas","og_url":"https:\/\/zunzz.com\/lt\/product\/hydraulic-tensile-testing-machine\/","og_site_name":"Zunzz Wire Rope Sling Machine Company","article_modified_time":"2025-05-20T06:53:44+00:00","og_image":[{"width":988,"height":988,"url":"https:\/\/zunzz.com\/wp-content\/uploads\/2023\/09\/Hydraulic-Tensile-Testing-Machine-1.webp","type":"image\/webp"}],"twitter_card":"summary_large_image","twitter_misc":{"Est. reading time":"4 minut\u0117s"},"schema":{"@context":"https:\/\/schema.org","@graph":[{"@type":"WebPage","@id":"https:\/\/zunzz.com\/lt\/product\/hydraulic-tensile-testing-machine\/","url":"https:\/\/zunzz.com\/lt\/product\/hydraulic-tensile-testing-machine\/","name":"Hidraulin\u0117 tempimo bandymo ma\u0161ina","isPartOf":{"@id":"https:\/\/zunzz.com\/lt\/#website"},"primaryImageOfPage":{"@id":"https:\/\/zunzz.com\/lt\/product\/hydraulic-tensile-testing-machine\/#primaryimage"},"image":{"@id":"https:\/\/zunzz.com\/lt\/product\/hydraulic-tensile-testing-machine\/#primaryimage"},"thumbnailUrl":"https:\/\/zunzz.com\/wp-content\/uploads\/2023\/09\/Hydraulic-Tensile-Testing-Machine-1.webp","datePublished":"2023-09-22T02:36:31+00:00","dateModified":"2025-05-20T06:53:44+00:00","description":"Hidraulin\u0117 tempimo bandymo ma\u0161ina i\u0161bando vielin\u012f lyn\u0105, vielinio lyno dir\u017e\u0105, juostos dir\u017e\u0105, kabliuk\u0105, grandin\u0119. Bandymo elementas: tempimo bandymas \/ statin\u0117s apkrovos bandymas \/ tr\u016bkimo bandymas","breadcrumb":{"@id":"https:\/\/zunzz.com\/lt\/product\/hydraulic-tensile-testing-machine\/#breadcrumb"},"inLanguage":"lt-LT","potentialAction":[{"@type":"ReadAction","target":["https:\/\/zunzz.com\/lt\/product\/hydraulic-tensile-testing-machine\/"]}]},{"@type":"ImageObject","inLanguage":"lt-LT","@id":"https:\/\/zunzz.com\/lt\/product\/hydraulic-tensile-testing-machine\/#primaryimage","url":"https:\/\/zunzz.com\/wp-content\/uploads\/2023\/09\/Hydraulic-Tensile-Testing-Machine-1.webp","contentUrl":"https:\/\/zunzz.com\/wp-content\/uploads\/2023\/09\/Hydraulic-Tensile-Testing-Machine-1.webp","width":988,"height":988,"caption":"Hydraulic-Tensile-Testing-Machine"},{"@type":"BreadcrumbList","@id":"https:\/\/zunzz.com\/lt\/product\/hydraulic-tensile-testing-machine\/#breadcrumb","itemListElement":[{"@type":"ListItem","position":1,"name":"Home","item":"https:\/\/zunzz.com\/lt\/home\/"},{"@type":"ListItem","position":2,"name":"Shop","item":"https:\/\/zunzz.com\/bg\/shop\/"},{"@type":"ListItem","position":3,"name":"Hidraulin\u0117 tempimo bandymo ma\u0161ina 200T"}]},{"@type":"WebSite","@id":"https:\/\/zunzz.com\/lt\/#website","url":"https:\/\/zunzz.com\/lt\/","name":"Zunzz Wire Rope Sling Machine Company","description":"Zunzz Wire Rope Sling Machine Company is a leading manufacturer of wire rope sling machines and related products.","publisher":{"@id":"https:\/\/zunzz.com\/lt\/#organization"},"potentialAction":[{"@type":"SearchAction","target":{"@type":"EntryPoint","urlTemplate":"https:\/\/zunzz.com\/lt\/?s={search_term_string}"},"query-input":{"@type":"PropertyValueSpecification","valueRequired":true,"valueName":"search_term_string"}}],"inLanguage":"lt-LT"},{"@type":"Organization","@id":"https:\/\/zunzz.com\/lt\/#organization","name":"Zunzz Wire Rope Sling Machine Company","url":"https:\/\/zunzz.com\/lt\/","logo":{"@type":"ImageObject","inLanguage":"lt-LT","@id":"https:\/\/zunzz.com\/lt\/#\/schema\/logo\/image\/","url":"https:\/\/zunzz.com\/wp-content\/uploads\/2023\/09\/Logo.png","contentUrl":"https:\/\/zunzz.com\/wp-content\/uploads\/2023\/09\/Logo.png","width":171,"height":133,"caption":"Zunzz Wire Rope Sling Machine Company"},"image":{"@id":"https:\/\/zunzz.com\/lt\/#\/schema\/logo\/image\/"}}]}},"_links":{"self":[{"href":"https:\/\/zunzz.com\/lt\/wp-json\/wp\/v2\/product\/2601","targetHints":{"allow":["GET"]}}],"collection":[{"href":"https:\/\/zunzz.com\/lt\/wp-json\/wp\/v2\/product"}],"about":[{"href":"https:\/\/zunzz.com\/lt\/wp-json\/wp\/v2\/types\/product"}],"replies":[{"embeddable":true,"href":"https:\/\/zunzz.com\/lt\/wp-json\/wp\/v2\/comments?post=2601"}],"wp:featuredmedia":[{"embeddable":true,"href":"https:\/\/zunzz.com\/lt\/wp-json\/wp\/v2\/media\/2602"}],"wp:attachment":[{"href":"https:\/\/zunzz.com\/lt\/wp-json\/wp\/v2\/media?parent=2601"}],"wp:term":[{"taxonomy":"product_brand","embeddable":true,"href":"https:\/\/zunzz.com\/lt\/wp-json\/wp\/v2\/product_brand?post=2601"},{"taxonomy":"product_cat","embeddable":true,"href":"https:\/\/zunzz.com\/lt\/wp-json\/wp\/v2\/product_cat?post=2601"},{"taxonomy":"product_tag","embeddable":true,"href":"https:\/\/zunzz.com\/lt\/wp-json\/wp\/v2\/product_tag?post=2601"}],"curies":[{"name":"wp","href":"https:\/\/api.w.org\/{rel}","templated":true}]}}