{"id":2551,"date":"2023-09-22T02:45:05","date_gmt":"2023-09-22T02:45:05","guid":{"rendered":"https:\/\/zunzz.com\/product\/vieliniu-lynu-vyniojimo-masina-5t\/"},"modified":"2023-12-27T05:10:20","modified_gmt":"2023-12-27T05:10:20","slug":"wire-rope-coiling-machine","status":"publish","type":"product","link":"https:\/\/zunzz.com\/lt\/product\/wire-rope-coiling-machine\/","title":{"rendered":"Vielini\u0173 lyn\u0173 vyniojimo ma\u0161ina 5T"},"content":{"rendered":"<h3>1. Vielos lyn\u0173 vyniojimo ma\u0161ina 5T<\/h3>\n<p>Vielini\u0173 lyn\u0173 vyniojimo ma\u0161ina paprastai naudojama su bemotoriu patefonu ir ilgio skaitikliu. \u0160i ma\u0161ina turi 5T guoli\u0173 apkrov\u0105. Vis dar turime 10T 15T talpos ma\u0161in\u0105.<\/p>\n<h3>2. Vielini\u0173 lyn\u0173 vyniojimo ma\u0161inos 5T parametras<\/h3>\n<div class=\"table-r\">\n<table width=\"100%\">\n<tbody>\n<tr>\n<td width=\"50%\">Maks.apkrovos guolis<\/td>\n<td width=\"50%\">5T<\/td>\n<\/tr>\n<tr>\n<td width=\"50%\">Auk\u0161tis<\/td>\n<td width=\"50%\">1000 mm<\/td>\n<\/tr>\n<tr>\n<td width=\"50%\">Ilgis<\/td>\n<td width=\"50%\">1150 mm<\/td>\n<\/tr>\n<tr>\n<td width=\"50%\">Efektyvus skersmuo<\/td>\n<td width=\"50%\">1200 mm<\/td>\n<\/tr>\n<tr>\n<td width=\"50%\">Maks. Skersmuo<\/td>\n<td width=\"50%\">1500 mm<\/td>\n<\/tr>\n<tr>\n<td width=\"50%\">Galia<\/td>\n<td width=\"50%\">1,5 kW<\/td>\n<\/tr>\n<tr>\n<td width=\"50%\">Svoris<\/td>\n<td width=\"50%\">550 kg<\/td>\n<\/tr>\n<tr>\n<td width=\"50%\">Grei\u010dio reguliavimas<\/td>\n<td width=\"50%\">Galima<\/td>\n<\/tr>\n<tr>\n<td width=\"50%\">Minimalus sukimosi greitis<\/td>\n<td width=\"50%\">5 r\/min<\/td>\n<\/tr>\n<tr>\n<td width=\"50%\">Maksimalus sukimosi greitis<\/td>\n<td width=\"50%\">23r\/min<\/td>\n<\/tr>\n<tr>\n<td width=\"50%\">\u012etampa ir da\u017enis<\/td>\n<td width=\"50%\">Pagal pageidavim\u0105<\/td>\n<\/tr>\n<\/tbody>\n<\/table>\n<p>&nbsp;<\/p>\n<\/div>\n<p><iframe title=\"wire rope coiling machine\" width=\"1060\" height=\"596\" src=\"https:\/\/www.youtube.com\/embed\/vu4QzkZTDEo?feature=oembed\" frameborder=\"0\" allow=\"accelerometer; autoplay; clipboard-write; encrypted-media; gyroscope; picture-in-picture; web-share\" allowfullscreen><\/iframe><\/p>\n<h3>3. Ritavimo ma\u0161inos privalumai<\/h3>\n<p>Kabeli\u0173 automatin\u0117s pa\u0117mimo ma\u0161inos turi daug privalum\u0173. Pirma, tai gali labai suma\u017einti rankinio kabeli\u0173 laikymo darbo intensyvum\u0105 ir pagerinti darbo efektyvum\u0105. Antra, jis gali u\u017etikrinti laido laikymo kokyb\u0119 ir tarnavimo laik\u0105, i\u0161vengiant kabelio pa\u017eeidimo ar u\u017eter\u0161imo. Be to, jis taip pat gali greitai i\u0161leisti ir perdirbti kabelius, tod\u0117l vartotojams patogu naudoti ir valdyti.<\/p>\n<p>Trumpai tariant, automatin\u0117 kabeli\u0173 pa\u0117mimo ma\u0161ina yra labai prakti\u0161kas \u012frenginys, kuris gali b\u016bti pla\u010diai naudojamas \u012fvairiose situacijose, kai reikia laikyti ir tvarkyti kabelius. Nuolat tobul\u0117jant technologijoms ir did\u0117jant program\u0173 paklausai, manome, kad j\u0173 veikimas ir kokyb\u0117 taip pat bus nuolat tobulinami ir gerinami.<\/p>\n<p><img fetchpriority=\"high\" decoding=\"async\" class=\"alignnone wp-image-388 size-full\" src=\"https:\/\/zunzz.com\/wp-content\/uploads\/2023\/09\/Wire-Rope-Coiling-Machine-5T-1.webp\" alt=\"Vielini\u0173 lyn\u0173 vyniojimo ma\u0161ina 5T-1\" width=\"1000\" height=\"1000\" srcset=\"https:\/\/zunzz.com\/wp-content\/uploads\/2023\/09\/Wire-Rope-Coiling-Machine-5T-1.webp 1000w, https:\/\/zunzz.com\/wp-content\/uploads\/2023\/09\/Wire-Rope-Coiling-Machine-5T-1-300x300.webp 300w, https:\/\/zunzz.com\/wp-content\/uploads\/2023\/09\/Wire-Rope-Coiling-Machine-5T-1-150x150.webp 150w, https:\/\/zunzz.com\/wp-content\/uploads\/2023\/09\/Wire-Rope-Coiling-Machine-5T-1-768x768.webp 768w, https:\/\/zunzz.com\/wp-content\/uploads\/2023\/09\/Wire-Rope-Coiling-Machine-5T-1-570x570.webp 570w, https:\/\/zunzz.com\/wp-content\/uploads\/2023\/09\/Wire-Rope-Coiling-Machine-5T-1-500x500.webp 500w, https:\/\/zunzz.com\/wp-content\/uploads\/2023\/09\/Wire-Rope-Coiling-Machine-5T-1-700x700.webp 700w, https:\/\/zunzz.com\/wp-content\/uploads\/2023\/09\/Wire-Rope-Coiling-Machine-5T-1-650x650.webp 650w, https:\/\/zunzz.com\/wp-content\/uploads\/2023\/09\/Wire-Rope-Coiling-Machine-5T-1-600x600.webp 600w, https:\/\/zunzz.com\/wp-content\/uploads\/2023\/09\/Wire-Rope-Coiling-Machine-5T-1-100x100.webp 100w\" sizes=\"(max-width: 1000px) 100vw, 1000px\" \/> <img decoding=\"async\" class=\"alignnone wp-image-389 size-full\" src=\"https:\/\/zunzz.com\/wp-content\/uploads\/2023\/09\/Wire-Rope-Coiling-Machine-5T-2.webp\" alt=\"Vielini\u0173 lyn\u0173 vyniojimo ma\u0161ina 5T-2\" width=\"1000\" height=\"750\" srcset=\"https:\/\/zunzz.com\/wp-content\/uploads\/2023\/09\/Wire-Rope-Coiling-Machine-5T-2.webp 1000w, https:\/\/zunzz.com\/wp-content\/uploads\/2023\/09\/Wire-Rope-Coiling-Machine-5T-2-300x225.webp 300w, https:\/\/zunzz.com\/wp-content\/uploads\/2023\/09\/Wire-Rope-Coiling-Machine-5T-2-768x576.webp 768w, https:\/\/zunzz.com\/wp-content\/uploads\/2023\/09\/Wire-Rope-Coiling-Machine-5T-2-800x600.webp 800w, https:\/\/zunzz.com\/wp-content\/uploads\/2023\/09\/Wire-Rope-Coiling-Machine-5T-2-700x525.webp 700w, https:\/\/zunzz.com\/wp-content\/uploads\/2023\/09\/Wire-Rope-Coiling-Machine-5T-2-600x450.webp 600w\" sizes=\"(max-width: 1000px) 100vw, 1000px\" \/> <img decoding=\"async\" class=\"alignnone wp-image-390 size-full\" src=\"https:\/\/zunzz.com\/wp-content\/uploads\/2023\/09\/Wire-Rope-Coiling-Machine-5T-3.webp\" alt=\"Vielini\u0173 lyn\u0173 vyniojimo ma\u0161ina 5T-3\" width=\"1000\" height=\"998\" srcset=\"https:\/\/zunzz.com\/wp-content\/uploads\/2023\/09\/Wire-Rope-Coiling-Machine-5T-3.webp 1000w, https:\/\/zunzz.com\/wp-content\/uploads\/2023\/09\/Wire-Rope-Coiling-Machine-5T-3-300x300.webp 300w, https:\/\/zunzz.com\/wp-content\/uploads\/2023\/09\/Wire-Rope-Coiling-Machine-5T-3-150x150.webp 150w, https:\/\/zunzz.com\/wp-content\/uploads\/2023\/09\/Wire-Rope-Coiling-Machine-5T-3-768x766.webp 768w, https:\/\/zunzz.com\/wp-content\/uploads\/2023\/09\/Wire-Rope-Coiling-Machine-5T-3-570x570.webp 570w, https:\/\/zunzz.com\/wp-content\/uploads\/2023\/09\/Wire-Rope-Coiling-Machine-5T-3-500x500.webp 500w, https:\/\/zunzz.com\/wp-content\/uploads\/2023\/09\/Wire-Rope-Coiling-Machine-5T-3-700x699.webp 700w, https:\/\/zunzz.com\/wp-content\/uploads\/2023\/09\/Wire-Rope-Coiling-Machine-5T-3-650x650.webp 650w, https:\/\/zunzz.com\/wp-content\/uploads\/2023\/09\/Wire-Rope-Coiling-Machine-5T-3-600x599.webp 600w, https:\/\/zunzz.com\/wp-content\/uploads\/2023\/09\/Wire-Rope-Coiling-Machine-5T-3-100x100.webp 100w\" sizes=\"(max-width: 1000px) 100vw, 1000px\" \/><img loading=\"lazy\" decoding=\"async\" class=\"alignnone wp-image-2495 size-full\" src=\"https:\/\/zunzz.com\/wp-content\/uploads\/2023\/09\/Wire-Rope-Coiling-Machine-5T-4.webp\" alt=\"Vielini\u0173 lyn\u0173 vyniojimo ma\u0161ina 5T-4\" width=\"1000\" height=\"1768\" srcset=\"https:\/\/zunzz.com\/wp-content\/uploads\/2023\/09\/Wire-Rope-Coiling-Machine-5T-4.webp 1000w, https:\/\/zunzz.com\/wp-content\/uploads\/2023\/09\/Wire-Rope-Coiling-Machine-5T-4-170x300.webp 170w, https:\/\/zunzz.com\/wp-content\/uploads\/2023\/09\/Wire-Rope-Coiling-Machine-5T-4-579x1024.webp 579w, https:\/\/zunzz.com\/wp-content\/uploads\/2023\/09\/Wire-Rope-Coiling-Machine-5T-4-768x1358.webp 768w, https:\/\/zunzz.com\/wp-content\/uploads\/2023\/09\/Wire-Rope-Coiling-Machine-5T-4-869x1536.webp 869w, https:\/\/zunzz.com\/wp-content\/uploads\/2023\/09\/Wire-Rope-Coiling-Machine-5T-4-700x1238.webp 700w, https:\/\/zunzz.com\/wp-content\/uploads\/2023\/09\/Wire-Rope-Coiling-Machine-5T-4-600x1061.webp 600w\" sizes=\"(max-width: 1000px) 100vw, 1000px\" \/> <img loading=\"lazy\" decoding=\"async\" class=\"alignnone wp-image-2510 size-full\" src=\"https:\/\/zunzz.com\/wp-content\/uploads\/2023\/09\/Wire-Rope-Coiling-Machine-5T-5.webp\" alt=\"Vielini\u0173 lyn\u0173 vyniojimo ma\u0161ina 5T-5\" width=\"1000\" height=\"565\" srcset=\"https:\/\/zunzz.com\/wp-content\/uploads\/2023\/09\/Wire-Rope-Coiling-Machine-5T-5.webp 1000w, https:\/\/zunzz.com\/wp-content\/uploads\/2023\/09\/Wire-Rope-Coiling-Machine-5T-5-300x170.webp 300w, https:\/\/zunzz.com\/wp-content\/uploads\/2023\/09\/Wire-Rope-Coiling-Machine-5T-5-768x434.webp 768w, https:\/\/zunzz.com\/wp-content\/uploads\/2023\/09\/Wire-Rope-Coiling-Machine-5T-5-700x396.webp 700w, https:\/\/zunzz.com\/wp-content\/uploads\/2023\/09\/Wire-Rope-Coiling-Machine-5T-5-600x339.webp 600w\" sizes=\"(max-width: 1000px) 100vw, 1000px\" \/><\/p>\n","protected":false},"excerpt":{"rendered":"<p>Modelis: FS05<br \/>\nTalpa: 5T<br \/>\nMaks. Skersmuo: 1200 mm<br \/>\nGalia: 1,5 kW<br \/>\nDydis: 1200*1150*1100mm<br \/>\nSvoris: 550KG<\/p>\n<p>Galima kalba:[wpml_language_selector_widget]<\/p>\n<p><a href=\"https:\/\/zunzz.com\/lt\/contact-store\/\"><button class=\"single_add_to_cart_button button alt\" type=\"submit\">TEIS\u0116KITE DABAR<\/button><\/a><\/p>\n","protected":false},"featured_media":2552,"comment_status":"open","ping_status":"closed","template":"","meta":[],"product_brand":[],"product_cat":[204],"product_tag":[256],"class_list":{"0":"post-2551","1":"product","2":"type-product","3":"status-publish","4":"has-post-thumbnail","6":"product_cat-wire-rope-coiling-machine","7":"product_tag-wire-rope-coiling-machine","9":"first","10":"instock","11":"taxable","12":"shipping-taxable","13":"product-type-simple"},"yoast_head":"<!-- This site is optimized with the Yoast SEO plugin v26.8 - https:\/\/yoast.com\/product\/yoast-seo-wordpress\/ -->\n<title>Vielini\u0173 lyn\u0173 vyniojimo ma\u0161ina 5T<\/title>\n<meta name=\"description\" content=\"Vielini\u0173 lyn\u0173 vyniojimo ma\u0161ina paprastai naudojama su bemotoriu patefonu ir ilgio skaitikliu. \u0160i ma\u0161ina turi 5T guoli\u0173 apkrov\u0105.\" \/>\n<meta name=\"robots\" content=\"index, follow, max-snippet:-1, max-image-preview:large, max-video-preview:-1\" \/>\n<link rel=\"canonical\" href=\"https:\/\/zunzz.com\/lt\/product\/wire-rope-coiling-machine\/\" \/>\n<meta property=\"og:locale\" content=\"lt_LT\" \/>\n<meta property=\"og:type\" content=\"article\" \/>\n<meta property=\"og:title\" content=\"Vielini\u0173 lyn\u0173 vyniojimo ma\u0161ina 5T\" \/>\n<meta property=\"og:description\" content=\"Vielini\u0173 lyn\u0173 vyniojimo ma\u0161ina paprastai naudojama su bemotoriu patefonu ir ilgio skaitikliu. \u0160i ma\u0161ina turi 5T guoli\u0173 apkrov\u0105.\" \/>\n<meta property=\"og:url\" content=\"https:\/\/zunzz.com\/lt\/product\/wire-rope-coiling-machine\/\" \/>\n<meta property=\"og:site_name\" content=\"Zunzz Wire Rope Sling Machine Company\" \/>\n<meta property=\"article:modified_time\" content=\"2023-12-27T05:10:20+00:00\" \/>\n<meta property=\"og:image\" content=\"https:\/\/zunzz.com\/wp-content\/uploads\/2023\/09\/Wire-Rope-Coiling-Machine-5T-3.webp\" \/>\n\t<meta property=\"og:image:width\" content=\"1000\" \/>\n\t<meta property=\"og:image:height\" content=\"998\" \/>\n\t<meta property=\"og:image:type\" content=\"image\/webp\" \/>\n<meta name=\"twitter:card\" content=\"summary_large_image\" \/>\n<meta name=\"twitter:label1\" content=\"Est. reading time\" \/>\n\t<meta name=\"twitter:data1\" content=\"3 minut\u0117s\" \/>\n<script type=\"application\/ld+json\" class=\"yoast-schema-graph\">{\"@context\":\"https:\/\/schema.org\",\"@graph\":[{\"@type\":\"WebPage\",\"@id\":\"https:\/\/zunzz.com\/lt\/product\/wire-rope-coiling-machine\/\",\"url\":\"https:\/\/zunzz.com\/lt\/product\/wire-rope-coiling-machine\/\",\"name\":\"Vielini\u0173 lyn\u0173 vyniojimo ma\u0161ina 5T\",\"isPartOf\":{\"@id\":\"https:\/\/zunzz.com\/lt\/#website\"},\"primaryImageOfPage\":{\"@id\":\"https:\/\/zunzz.com\/lt\/product\/wire-rope-coiling-machine\/#primaryimage\"},\"image\":{\"@id\":\"https:\/\/zunzz.com\/lt\/product\/wire-rope-coiling-machine\/#primaryimage\"},\"thumbnailUrl\":\"https:\/\/zunzz.com\/wp-content\/uploads\/2023\/09\/Wire-Rope-Coiling-Machine-5T-3.webp\",\"datePublished\":\"2023-09-22T02:45:05+00:00\",\"dateModified\":\"2023-12-27T05:10:20+00:00\",\"description\":\"Vielini\u0173 lyn\u0173 vyniojimo ma\u0161ina paprastai naudojama su bemotoriu patefonu ir ilgio skaitikliu. \u0160i ma\u0161ina turi 5T guoli\u0173 apkrov\u0105.\",\"breadcrumb\":{\"@id\":\"https:\/\/zunzz.com\/lt\/product\/wire-rope-coiling-machine\/#breadcrumb\"},\"inLanguage\":\"lt-LT\",\"potentialAction\":[{\"@type\":\"ReadAction\",\"target\":[\"https:\/\/zunzz.com\/lt\/product\/wire-rope-coiling-machine\/\"]}]},{\"@type\":\"ImageObject\",\"inLanguage\":\"lt-LT\",\"@id\":\"https:\/\/zunzz.com\/lt\/product\/wire-rope-coiling-machine\/#primaryimage\",\"url\":\"https:\/\/zunzz.com\/wp-content\/uploads\/2023\/09\/Wire-Rope-Coiling-Machine-5T-3.webp\",\"contentUrl\":\"https:\/\/zunzz.com\/wp-content\/uploads\/2023\/09\/Wire-Rope-Coiling-Machine-5T-3.webp\",\"width\":1000,\"height\":998,\"caption\":\"Wire Rope Coiling Machine 5T\"},{\"@type\":\"BreadcrumbList\",\"@id\":\"https:\/\/zunzz.com\/lt\/product\/wire-rope-coiling-machine\/#breadcrumb\",\"itemListElement\":[{\"@type\":\"ListItem\",\"position\":1,\"name\":\"Home\",\"item\":\"https:\/\/zunzz.com\/lt\/home\/\"},{\"@type\":\"ListItem\",\"position\":2,\"name\":\"Shop\",\"item\":\"https:\/\/zunzz.com\/bg\/shop\/\"},{\"@type\":\"ListItem\",\"position\":3,\"name\":\"Vielini\u0173 lyn\u0173 vyniojimo ma\u0161ina 5T\"}]},{\"@type\":\"WebSite\",\"@id\":\"https:\/\/zunzz.com\/lt\/#website\",\"url\":\"https:\/\/zunzz.com\/lt\/\",\"name\":\"Zunzz Wire Rope Sling Machine Company\",\"description\":\"Zunzz Wire Rope Sling Machine Company is a leading manufacturer of wire rope sling machines and related products.\",\"publisher\":{\"@id\":\"https:\/\/zunzz.com\/lt\/#organization\"},\"potentialAction\":[{\"@type\":\"SearchAction\",\"target\":{\"@type\":\"EntryPoint\",\"urlTemplate\":\"https:\/\/zunzz.com\/lt\/?s={search_term_string}\"},\"query-input\":{\"@type\":\"PropertyValueSpecification\",\"valueRequired\":true,\"valueName\":\"search_term_string\"}}],\"inLanguage\":\"lt-LT\"},{\"@type\":\"Organization\",\"@id\":\"https:\/\/zunzz.com\/lt\/#organization\",\"name\":\"Zunzz Wire Rope Sling Machine Company\",\"url\":\"https:\/\/zunzz.com\/lt\/\",\"logo\":{\"@type\":\"ImageObject\",\"inLanguage\":\"lt-LT\",\"@id\":\"https:\/\/zunzz.com\/lt\/#\/schema\/logo\/image\/\",\"url\":\"https:\/\/zunzz.com\/wp-content\/uploads\/2023\/09\/Logo.png\",\"contentUrl\":\"https:\/\/zunzz.com\/wp-content\/uploads\/2023\/09\/Logo.png\",\"width\":171,\"height\":133,\"caption\":\"Zunzz Wire Rope Sling Machine Company\"},\"image\":{\"@id\":\"https:\/\/zunzz.com\/lt\/#\/schema\/logo\/image\/\"}}]}<\/script>\n<!-- \/ Yoast SEO plugin. -->","yoast_head_json":{"title":"Vielini\u0173 lyn\u0173 vyniojimo ma\u0161ina 5T","description":"Vielini\u0173 lyn\u0173 vyniojimo ma\u0161ina paprastai naudojama su bemotoriu patefonu ir ilgio skaitikliu. \u0160i ma\u0161ina turi 5T guoli\u0173 apkrov\u0105.","robots":{"index":"index","follow":"follow","max-snippet":"max-snippet:-1","max-image-preview":"max-image-preview:large","max-video-preview":"max-video-preview:-1"},"canonical":"https:\/\/zunzz.com\/lt\/product\/wire-rope-coiling-machine\/","og_locale":"lt_LT","og_type":"article","og_title":"Vielini\u0173 lyn\u0173 vyniojimo ma\u0161ina 5T","og_description":"Vielini\u0173 lyn\u0173 vyniojimo ma\u0161ina paprastai naudojama su bemotoriu patefonu ir ilgio skaitikliu. \u0160i ma\u0161ina turi 5T guoli\u0173 apkrov\u0105.","og_url":"https:\/\/zunzz.com\/lt\/product\/wire-rope-coiling-machine\/","og_site_name":"Zunzz Wire Rope Sling Machine Company","article_modified_time":"2023-12-27T05:10:20+00:00","og_image":[{"width":1000,"height":998,"url":"https:\/\/zunzz.com\/wp-content\/uploads\/2023\/09\/Wire-Rope-Coiling-Machine-5T-3.webp","type":"image\/webp"}],"twitter_card":"summary_large_image","twitter_misc":{"Est. reading time":"3 minut\u0117s"},"schema":{"@context":"https:\/\/schema.org","@graph":[{"@type":"WebPage","@id":"https:\/\/zunzz.com\/lt\/product\/wire-rope-coiling-machine\/","url":"https:\/\/zunzz.com\/lt\/product\/wire-rope-coiling-machine\/","name":"Vielini\u0173 lyn\u0173 vyniojimo ma\u0161ina 5T","isPartOf":{"@id":"https:\/\/zunzz.com\/lt\/#website"},"primaryImageOfPage":{"@id":"https:\/\/zunzz.com\/lt\/product\/wire-rope-coiling-machine\/#primaryimage"},"image":{"@id":"https:\/\/zunzz.com\/lt\/product\/wire-rope-coiling-machine\/#primaryimage"},"thumbnailUrl":"https:\/\/zunzz.com\/wp-content\/uploads\/2023\/09\/Wire-Rope-Coiling-Machine-5T-3.webp","datePublished":"2023-09-22T02:45:05+00:00","dateModified":"2023-12-27T05:10:20+00:00","description":"Vielini\u0173 lyn\u0173 vyniojimo ma\u0161ina paprastai naudojama su bemotoriu patefonu ir ilgio skaitikliu. \u0160i ma\u0161ina turi 5T guoli\u0173 apkrov\u0105.","breadcrumb":{"@id":"https:\/\/zunzz.com\/lt\/product\/wire-rope-coiling-machine\/#breadcrumb"},"inLanguage":"lt-LT","potentialAction":[{"@type":"ReadAction","target":["https:\/\/zunzz.com\/lt\/product\/wire-rope-coiling-machine\/"]}]},{"@type":"ImageObject","inLanguage":"lt-LT","@id":"https:\/\/zunzz.com\/lt\/product\/wire-rope-coiling-machine\/#primaryimage","url":"https:\/\/zunzz.com\/wp-content\/uploads\/2023\/09\/Wire-Rope-Coiling-Machine-5T-3.webp","contentUrl":"https:\/\/zunzz.com\/wp-content\/uploads\/2023\/09\/Wire-Rope-Coiling-Machine-5T-3.webp","width":1000,"height":998,"caption":"Wire Rope Coiling Machine 5T"},{"@type":"BreadcrumbList","@id":"https:\/\/zunzz.com\/lt\/product\/wire-rope-coiling-machine\/#breadcrumb","itemListElement":[{"@type":"ListItem","position":1,"name":"Home","item":"https:\/\/zunzz.com\/lt\/home\/"},{"@type":"ListItem","position":2,"name":"Shop","item":"https:\/\/zunzz.com\/bg\/shop\/"},{"@type":"ListItem","position":3,"name":"Vielini\u0173 lyn\u0173 vyniojimo ma\u0161ina 5T"}]},{"@type":"WebSite","@id":"https:\/\/zunzz.com\/lt\/#website","url":"https:\/\/zunzz.com\/lt\/","name":"Zunzz Wire Rope Sling Machine Company","description":"Zunzz Wire Rope Sling Machine Company is a leading manufacturer of wire rope sling machines and related products.","publisher":{"@id":"https:\/\/zunzz.com\/lt\/#organization"},"potentialAction":[{"@type":"SearchAction","target":{"@type":"EntryPoint","urlTemplate":"https:\/\/zunzz.com\/lt\/?s={search_term_string}"},"query-input":{"@type":"PropertyValueSpecification","valueRequired":true,"valueName":"search_term_string"}}],"inLanguage":"lt-LT"},{"@type":"Organization","@id":"https:\/\/zunzz.com\/lt\/#organization","name":"Zunzz Wire Rope Sling Machine Company","url":"https:\/\/zunzz.com\/lt\/","logo":{"@type":"ImageObject","inLanguage":"lt-LT","@id":"https:\/\/zunzz.com\/lt\/#\/schema\/logo\/image\/","url":"https:\/\/zunzz.com\/wp-content\/uploads\/2023\/09\/Logo.png","contentUrl":"https:\/\/zunzz.com\/wp-content\/uploads\/2023\/09\/Logo.png","width":171,"height":133,"caption":"Zunzz Wire Rope Sling Machine Company"},"image":{"@id":"https:\/\/zunzz.com\/lt\/#\/schema\/logo\/image\/"}}]}},"_links":{"self":[{"href":"https:\/\/zunzz.com\/lt\/wp-json\/wp\/v2\/product\/2551","targetHints":{"allow":["GET"]}}],"collection":[{"href":"https:\/\/zunzz.com\/lt\/wp-json\/wp\/v2\/product"}],"about":[{"href":"https:\/\/zunzz.com\/lt\/wp-json\/wp\/v2\/types\/product"}],"replies":[{"embeddable":true,"href":"https:\/\/zunzz.com\/lt\/wp-json\/wp\/v2\/comments?post=2551"}],"wp:featuredmedia":[{"embeddable":true,"href":"https:\/\/zunzz.com\/lt\/wp-json\/wp\/v2\/media\/2552"}],"wp:attachment":[{"href":"https:\/\/zunzz.com\/lt\/wp-json\/wp\/v2\/media?parent=2551"}],"wp:term":[{"taxonomy":"product_brand","embeddable":true,"href":"https:\/\/zunzz.com\/lt\/wp-json\/wp\/v2\/product_brand?post=2551"},{"taxonomy":"product_cat","embeddable":true,"href":"https:\/\/zunzz.com\/lt\/wp-json\/wp\/v2\/product_cat?post=2551"},{"taxonomy":"product_tag","embeddable":true,"href":"https:\/\/zunzz.com\/lt\/wp-json\/wp\/v2\/product_tag?post=2551"}],"curies":[{"name":"wp","href":"https:\/\/api.w.org\/{rel}","templated":true}]}}