{"id":2474,"date":"2023-09-22T02:53:44","date_gmt":"2023-09-22T02:53:44","guid":{"rendered":"https:\/\/zunzz.com\/product\/vieliniu-lynu-keitimo-presas-3000t\/"},"modified":"2023-12-25T12:20:28","modified_gmt":"2023-12-25T12:20:28","slug":"wire-rope-swaging-press","status":"publish","type":"product","link":"https:\/\/zunzz.com\/lt\/product\/wire-rope-swaging-press\/","title":{"rendered":"Vielini\u0173 lyn\u0173 keitimo presas 3000T"},"content":{"rendered":"<h3>1. Vielos lyn\u0173 supynimo spaudos 3000T pristatymas<\/h3>\n<p>\u0160is vielinio lyno sukimo presas skirtas vieliniams lynams nuo 22 mm iki 105 mm. Su blokiniais \u0161tampais apvaliems \u0161tampams. Matricos gali b\u016bti pagamintos i\u0161 aliuminio \u012fvor\u0117s, S-505, lizdo, kaip pra\u0161oma.<\/p>\n<p>\u012etampa bus nustatyta pagal pageidavim\u0105.<\/p>\n<p>Yra kvadratini\u0173 ir apvali\u0173 \u0161tamp\u0173, i\u0161 kuri\u0173 galite rinktis.<\/p>\n<h3>2.Techniniai parametrai<\/h3>\n<div class=\"table-r\">\n<table width=\"100%\">\n<tbody>\n<tr>\n<td width=\"50%\">Maks. vienas Sukeitimo skersmuo<\/td>\n<td width=\"50%\">32-105 mm<\/td>\n<\/tr>\n<tr>\n<td width=\"50%\">Die tiekimas<\/td>\n<td width=\"50%\">22-65 mm nemokamai, 65-110 mm nemokamai pasirinkite 4 rinkinius<\/td>\n<\/tr>\n<tr>\n<td width=\"50%\">Maks. pakrautas alyvos sl\u0117gis<\/td>\n<td width=\"50%\">76 MPa<\/td>\n<\/tr>\n<tr>\n<td width=\"50%\">Kontroliuoti alyvos sl\u0117g\u012f<\/td>\n<td width=\"50%\">12Mpa<\/td>\n<\/tr>\n<tr>\n<td width=\"50%\">Maks. St\u016bmoklinis jud\u0117jimas<\/td>\n<td width=\"50%\">240 mm<\/td>\n<\/tr>\n<tr>\n<td width=\"50%\">Darbinis st\u016bmoklio jud\u0117jimas<\/td>\n<td width=\"50%\">270 mm<\/td>\n<\/tr>\n<tr>\n<td width=\"50%\">St\u016bmoklio greitis<\/td>\n<td width=\"50%\">5 mm\/sek<\/td>\n<\/tr>\n<tr>\n<td width=\"50%\">St\u016bmoklio apkrovos greitis<\/td>\n<td width=\"50%\">2 mm\/sek<\/td>\n<\/tr>\n<tr>\n<td width=\"50%\">St\u016bmoklio greitis \u017eemyn<\/td>\n<td width=\"50%\">9,8 mm\/sek<\/td>\n<\/tr>\n<\/tbody>\n<\/table>\n<\/div>\n<p>&nbsp;<\/p>\n<p><img fetchpriority=\"high\" decoding=\"async\" class=\"alignnone wp-image-393 size-full\" src=\"https:\/\/zunzz.com\/wp-content\/uploads\/2023\/09\/Wire-Rope-Swaging-Press-3000T-1.webp\" alt=\"Vielini\u0173 lyn\u0173 keitimo presas 3000T-1\" width=\"1000\" height=\"1000\" srcset=\"https:\/\/zunzz.com\/wp-content\/uploads\/2023\/09\/Wire-Rope-Swaging-Press-3000T-1.webp 1000w, https:\/\/zunzz.com\/wp-content\/uploads\/2023\/09\/Wire-Rope-Swaging-Press-3000T-1-300x300.webp 300w, https:\/\/zunzz.com\/wp-content\/uploads\/2023\/09\/Wire-Rope-Swaging-Press-3000T-1-150x150.webp 150w, https:\/\/zunzz.com\/wp-content\/uploads\/2023\/09\/Wire-Rope-Swaging-Press-3000T-1-768x768.webp 768w, https:\/\/zunzz.com\/wp-content\/uploads\/2023\/09\/Wire-Rope-Swaging-Press-3000T-1-570x570.webp 570w, https:\/\/zunzz.com\/wp-content\/uploads\/2023\/09\/Wire-Rope-Swaging-Press-3000T-1-500x500.webp 500w, https:\/\/zunzz.com\/wp-content\/uploads\/2023\/09\/Wire-Rope-Swaging-Press-3000T-1-700x700.webp 700w, https:\/\/zunzz.com\/wp-content\/uploads\/2023\/09\/Wire-Rope-Swaging-Press-3000T-1-650x650.webp 650w, https:\/\/zunzz.com\/wp-content\/uploads\/2023\/09\/Wire-Rope-Swaging-Press-3000T-1-600x600.webp 600w, https:\/\/zunzz.com\/wp-content\/uploads\/2023\/09\/Wire-Rope-Swaging-Press-3000T-1-100x100.webp 100w\" sizes=\"(max-width: 1000px) 100vw, 1000px\" \/> <img decoding=\"async\" class=\"alignnone wp-image-394 size-full\" src=\"https:\/\/zunzz.com\/wp-content\/uploads\/2023\/09\/Wire-Rope-Swaging-Press-3000T-2.webp\" alt=\"Vielini\u0173 lyn\u0173 keitimo presas 3000T-2\" width=\"1000\" height=\"1333\" srcset=\"https:\/\/zunzz.com\/wp-content\/uploads\/2023\/09\/Wire-Rope-Swaging-Press-3000T-2.webp 1000w, https:\/\/zunzz.com\/wp-content\/uploads\/2023\/09\/Wire-Rope-Swaging-Press-3000T-2-225x300.webp 225w, https:\/\/zunzz.com\/wp-content\/uploads\/2023\/09\/Wire-Rope-Swaging-Press-3000T-2-768x1024.webp 768w, https:\/\/zunzz.com\/wp-content\/uploads\/2023\/09\/Wire-Rope-Swaging-Press-3000T-2-600x800.webp 600w, https:\/\/zunzz.com\/wp-content\/uploads\/2023\/09\/Wire-Rope-Swaging-Press-3000T-2-700x933.webp 700w\" sizes=\"(max-width: 1000px) 100vw, 1000px\" \/> <img decoding=\"async\" class=\"alignnone wp-image-395 size-full\" src=\"https:\/\/zunzz.com\/wp-content\/uploads\/2023\/09\/Wire-Rope-Swaging-Press-3000T-3.webp\" alt=\"Vielini\u0173 lyn\u0173 keitimo presas 3000T-3\" width=\"1000\" height=\"1333\" srcset=\"https:\/\/zunzz.com\/wp-content\/uploads\/2023\/09\/Wire-Rope-Swaging-Press-3000T-3.webp 1000w, https:\/\/zunzz.com\/wp-content\/uploads\/2023\/09\/Wire-Rope-Swaging-Press-3000T-3-225x300.webp 225w, https:\/\/zunzz.com\/wp-content\/uploads\/2023\/09\/Wire-Rope-Swaging-Press-3000T-3-768x1024.webp 768w, https:\/\/zunzz.com\/wp-content\/uploads\/2023\/09\/Wire-Rope-Swaging-Press-3000T-3-600x800.webp 600w, https:\/\/zunzz.com\/wp-content\/uploads\/2023\/09\/Wire-Rope-Swaging-Press-3000T-3-700x933.webp 700w\" sizes=\"(max-width: 1000px) 100vw, 1000px\" \/><\/p>\n<h3>3. Apie m\u016bs\u0173 \u012fmon\u0119<\/h3>\n<p>Turime patyrusi\u0105 in\u017einieri\u0173 ir ekspert\u0173 komand\u0105, kuri gali suteikti visapusi\u0161k\u0105 technin\u0119 pagalb\u0105 ir sprendimus vartotojams. Nesvarbu, kokio tipo vielini\u0173 lyn\u0173 apdirbimo ma\u0161inos ir paslaugos jums reikia, mes galime pasi\u016blyti jums patenkinamus sprendimus.<\/p>\n<p>Jei jus domina m\u016bs\u0173 produktai ir paslaugos arba nor\u0117tum\u0117te daugiau su\u017einoti apie plienini\u0173 lyn\u0173 apdirbimo pramon\u0119, apsilankykite m\u016bs\u0173 svetain\u0117je arba susisiekite su mumis tiesiogiai. Mes jums tarnausime i\u0161 visos \u0161irdies! Mes ir toliau sieksime technologini\u0173 naujovi\u0173 ir produkt\u0173 k\u016brimo, teikdami jums efektyvesnes ir stabilesnes vielini\u0173 lyn\u0173 apdirbimo ma\u0161inas ir paslaugas. Dirbkime kartu kurdami geresn\u0119 ateit\u012f!<\/p>\n","protected":false},"excerpt":{"rendered":"<p>Modelis: YT3000<br \/>\nTalpa: 30000KN<br \/>\nPreso skersmuo: 105 mm<br \/>\nGalia: 7,5KW*2<br \/>\nDydis: 2000*990*3400mm<br \/>\nSvoris: 18000KG<\/p>\n<p>Galima kalba:[wpml_language_selector_widget]<\/p>\n<p><a href=\"https:\/\/zunzz.com\/lt\/contact-store\/\"><button class=\"single_add_to_cart_button button alt\" type=\"submit\">TEIS\u0116KITE DABAR<\/button><\/a><\/p>\n","protected":false},"featured_media":2475,"comment_status":"open","ping_status":"closed","template":"","meta":[],"product_brand":[],"product_cat":[205],"product_tag":[271],"class_list":{"0":"post-2474","1":"product","2":"type-product","3":"status-publish","4":"has-post-thumbnail","6":"product_cat-wire-rope-swaging-machine","7":"product_tag-wire-rope-swaging-machine","9":"first","10":"instock","11":"taxable","12":"shipping-taxable","13":"product-type-simple"},"yoast_head":"<!-- This site is optimized with the Yoast SEO plugin v26.8 - https:\/\/yoast.com\/product\/yoast-seo-wordpress\/ -->\n<title>Vielini\u0173 lyn\u0173 sukimo presas<\/title>\n<meta name=\"description\" content=\"\u0160is vielinio lyno sukimo presas skirtas vieliniams lynams nuo 22 mm iki 105 mm. Su blokiniais \u0161tampais apvaliems \u0161tampams. Matricos gali b\u016bti pagamintos i\u0161 aliuminio \u012fvor\u0117s, S-505, lizdo\" \/>\n<meta name=\"robots\" content=\"index, follow, max-snippet:-1, max-image-preview:large, max-video-preview:-1\" \/>\n<link rel=\"canonical\" href=\"https:\/\/zunzz.com\/lt\/product\/wire-rope-swaging-press\/\" \/>\n<meta property=\"og:locale\" content=\"lt_LT\" \/>\n<meta property=\"og:type\" content=\"article\" \/>\n<meta property=\"og:title\" content=\"Vielini\u0173 lyn\u0173 sukimo presas\" \/>\n<meta property=\"og:description\" content=\"\u0160is vielinio lyno sukimo presas skirtas vieliniams lynams nuo 22 mm iki 105 mm. Su blokiniais \u0161tampais apvaliems \u0161tampams. Matricos gali b\u016bti pagamintos i\u0161 aliuminio \u012fvor\u0117s, S-505, lizdo\" \/>\n<meta property=\"og:url\" content=\"https:\/\/zunzz.com\/lt\/product\/wire-rope-swaging-press\/\" \/>\n<meta property=\"og:site_name\" content=\"Zunzz Wire Rope Sling Machine Company\" \/>\n<meta property=\"article:modified_time\" content=\"2023-12-25T12:20:28+00:00\" \/>\n<meta property=\"og:image\" content=\"https:\/\/zunzz.com\/wp-content\/uploads\/2023\/09\/Wire-Rope-Swaging-Press-3000T-1.webp\" \/>\n\t<meta property=\"og:image:width\" content=\"1000\" \/>\n\t<meta property=\"og:image:height\" content=\"1000\" \/>\n\t<meta property=\"og:image:type\" content=\"image\/webp\" \/>\n<meta name=\"twitter:card\" content=\"summary_large_image\" \/>\n<meta name=\"twitter:label1\" content=\"Est. reading time\" \/>\n\t<meta name=\"twitter:data1\" content=\"3 minut\u0117s\" \/>\n<script type=\"application\/ld+json\" class=\"yoast-schema-graph\">{\"@context\":\"https:\/\/schema.org\",\"@graph\":[{\"@type\":\"WebPage\",\"@id\":\"https:\/\/zunzz.com\/lt\/product\/wire-rope-swaging-press\/\",\"url\":\"https:\/\/zunzz.com\/lt\/product\/wire-rope-swaging-press\/\",\"name\":\"Vielini\u0173 lyn\u0173 sukimo presas\",\"isPartOf\":{\"@id\":\"https:\/\/zunzz.com\/lt\/#website\"},\"primaryImageOfPage\":{\"@id\":\"https:\/\/zunzz.com\/lt\/product\/wire-rope-swaging-press\/#primaryimage\"},\"image\":{\"@id\":\"https:\/\/zunzz.com\/lt\/product\/wire-rope-swaging-press\/#primaryimage\"},\"thumbnailUrl\":\"https:\/\/zunzz.com\/wp-content\/uploads\/2023\/09\/Wire-Rope-Swaging-Press-3000T-1.webp\",\"datePublished\":\"2023-09-22T02:53:44+00:00\",\"dateModified\":\"2023-12-25T12:20:28+00:00\",\"description\":\"\u0160is vielinio lyno sukimo presas skirtas vieliniams lynams nuo 22 mm iki 105 mm. Su blokiniais \u0161tampais apvaliems \u0161tampams. Matricos gali b\u016bti pagamintos i\u0161 aliuminio \u012fvor\u0117s, S-505, lizdo\",\"breadcrumb\":{\"@id\":\"https:\/\/zunzz.com\/lt\/product\/wire-rope-swaging-press\/#breadcrumb\"},\"inLanguage\":\"lt-LT\",\"potentialAction\":[{\"@type\":\"ReadAction\",\"target\":[\"https:\/\/zunzz.com\/lt\/product\/wire-rope-swaging-press\/\"]}]},{\"@type\":\"ImageObject\",\"inLanguage\":\"lt-LT\",\"@id\":\"https:\/\/zunzz.com\/lt\/product\/wire-rope-swaging-press\/#primaryimage\",\"url\":\"https:\/\/zunzz.com\/wp-content\/uploads\/2023\/09\/Wire-Rope-Swaging-Press-3000T-1.webp\",\"contentUrl\":\"https:\/\/zunzz.com\/wp-content\/uploads\/2023\/09\/Wire-Rope-Swaging-Press-3000T-1.webp\",\"width\":1000,\"height\":1000,\"caption\":\"Wire Rope Swaging Press 3000T\"},{\"@type\":\"BreadcrumbList\",\"@id\":\"https:\/\/zunzz.com\/lt\/product\/wire-rope-swaging-press\/#breadcrumb\",\"itemListElement\":[{\"@type\":\"ListItem\",\"position\":1,\"name\":\"Home\",\"item\":\"https:\/\/zunzz.com\/lt\/home\/\"},{\"@type\":\"ListItem\",\"position\":2,\"name\":\"Shop\",\"item\":\"https:\/\/zunzz.com\/bg\/shop\/\"},{\"@type\":\"ListItem\",\"position\":3,\"name\":\"Vielini\u0173 lyn\u0173 keitimo presas 3000T\"}]},{\"@type\":\"WebSite\",\"@id\":\"https:\/\/zunzz.com\/lt\/#website\",\"url\":\"https:\/\/zunzz.com\/lt\/\",\"name\":\"Zunzz Wire Rope Sling Machine Company\",\"description\":\"Zunzz Wire Rope Sling Machine Company is a leading manufacturer of wire rope sling machines and related products.\",\"publisher\":{\"@id\":\"https:\/\/zunzz.com\/lt\/#organization\"},\"potentialAction\":[{\"@type\":\"SearchAction\",\"target\":{\"@type\":\"EntryPoint\",\"urlTemplate\":\"https:\/\/zunzz.com\/lt\/?s={search_term_string}\"},\"query-input\":{\"@type\":\"PropertyValueSpecification\",\"valueRequired\":true,\"valueName\":\"search_term_string\"}}],\"inLanguage\":\"lt-LT\"},{\"@type\":\"Organization\",\"@id\":\"https:\/\/zunzz.com\/lt\/#organization\",\"name\":\"Zunzz Wire Rope Sling Machine Company\",\"url\":\"https:\/\/zunzz.com\/lt\/\",\"logo\":{\"@type\":\"ImageObject\",\"inLanguage\":\"lt-LT\",\"@id\":\"https:\/\/zunzz.com\/lt\/#\/schema\/logo\/image\/\",\"url\":\"https:\/\/zunzz.com\/wp-content\/uploads\/2023\/09\/Logo.png\",\"contentUrl\":\"https:\/\/zunzz.com\/wp-content\/uploads\/2023\/09\/Logo.png\",\"width\":171,\"height\":133,\"caption\":\"Zunzz Wire Rope Sling Machine Company\"},\"image\":{\"@id\":\"https:\/\/zunzz.com\/lt\/#\/schema\/logo\/image\/\"}}]}<\/script>\n<!-- \/ Yoast SEO plugin. -->","yoast_head_json":{"title":"Vielini\u0173 lyn\u0173 sukimo presas","description":"\u0160is vielinio lyno sukimo presas skirtas vieliniams lynams nuo 22 mm iki 105 mm. Su blokiniais \u0161tampais apvaliems \u0161tampams. Matricos gali b\u016bti pagamintos i\u0161 aliuminio \u012fvor\u0117s, S-505, lizdo","robots":{"index":"index","follow":"follow","max-snippet":"max-snippet:-1","max-image-preview":"max-image-preview:large","max-video-preview":"max-video-preview:-1"},"canonical":"https:\/\/zunzz.com\/lt\/product\/wire-rope-swaging-press\/","og_locale":"lt_LT","og_type":"article","og_title":"Vielini\u0173 lyn\u0173 sukimo presas","og_description":"\u0160is vielinio lyno sukimo presas skirtas vieliniams lynams nuo 22 mm iki 105 mm. Su blokiniais \u0161tampais apvaliems \u0161tampams. Matricos gali b\u016bti pagamintos i\u0161 aliuminio \u012fvor\u0117s, S-505, lizdo","og_url":"https:\/\/zunzz.com\/lt\/product\/wire-rope-swaging-press\/","og_site_name":"Zunzz Wire Rope Sling Machine Company","article_modified_time":"2023-12-25T12:20:28+00:00","og_image":[{"width":1000,"height":1000,"url":"https:\/\/zunzz.com\/wp-content\/uploads\/2023\/09\/Wire-Rope-Swaging-Press-3000T-1.webp","type":"image\/webp"}],"twitter_card":"summary_large_image","twitter_misc":{"Est. reading time":"3 minut\u0117s"},"schema":{"@context":"https:\/\/schema.org","@graph":[{"@type":"WebPage","@id":"https:\/\/zunzz.com\/lt\/product\/wire-rope-swaging-press\/","url":"https:\/\/zunzz.com\/lt\/product\/wire-rope-swaging-press\/","name":"Vielini\u0173 lyn\u0173 sukimo presas","isPartOf":{"@id":"https:\/\/zunzz.com\/lt\/#website"},"primaryImageOfPage":{"@id":"https:\/\/zunzz.com\/lt\/product\/wire-rope-swaging-press\/#primaryimage"},"image":{"@id":"https:\/\/zunzz.com\/lt\/product\/wire-rope-swaging-press\/#primaryimage"},"thumbnailUrl":"https:\/\/zunzz.com\/wp-content\/uploads\/2023\/09\/Wire-Rope-Swaging-Press-3000T-1.webp","datePublished":"2023-09-22T02:53:44+00:00","dateModified":"2023-12-25T12:20:28+00:00","description":"\u0160is vielinio lyno sukimo presas skirtas vieliniams lynams nuo 22 mm iki 105 mm. Su blokiniais \u0161tampais apvaliems \u0161tampams. Matricos gali b\u016bti pagamintos i\u0161 aliuminio \u012fvor\u0117s, S-505, lizdo","breadcrumb":{"@id":"https:\/\/zunzz.com\/lt\/product\/wire-rope-swaging-press\/#breadcrumb"},"inLanguage":"lt-LT","potentialAction":[{"@type":"ReadAction","target":["https:\/\/zunzz.com\/lt\/product\/wire-rope-swaging-press\/"]}]},{"@type":"ImageObject","inLanguage":"lt-LT","@id":"https:\/\/zunzz.com\/lt\/product\/wire-rope-swaging-press\/#primaryimage","url":"https:\/\/zunzz.com\/wp-content\/uploads\/2023\/09\/Wire-Rope-Swaging-Press-3000T-1.webp","contentUrl":"https:\/\/zunzz.com\/wp-content\/uploads\/2023\/09\/Wire-Rope-Swaging-Press-3000T-1.webp","width":1000,"height":1000,"caption":"Wire Rope Swaging Press 3000T"},{"@type":"BreadcrumbList","@id":"https:\/\/zunzz.com\/lt\/product\/wire-rope-swaging-press\/#breadcrumb","itemListElement":[{"@type":"ListItem","position":1,"name":"Home","item":"https:\/\/zunzz.com\/lt\/home\/"},{"@type":"ListItem","position":2,"name":"Shop","item":"https:\/\/zunzz.com\/bg\/shop\/"},{"@type":"ListItem","position":3,"name":"Vielini\u0173 lyn\u0173 keitimo presas 3000T"}]},{"@type":"WebSite","@id":"https:\/\/zunzz.com\/lt\/#website","url":"https:\/\/zunzz.com\/lt\/","name":"Zunzz Wire Rope Sling Machine Company","description":"Zunzz Wire Rope Sling Machine Company is a leading manufacturer of wire rope sling machines and related products.","publisher":{"@id":"https:\/\/zunzz.com\/lt\/#organization"},"potentialAction":[{"@type":"SearchAction","target":{"@type":"EntryPoint","urlTemplate":"https:\/\/zunzz.com\/lt\/?s={search_term_string}"},"query-input":{"@type":"PropertyValueSpecification","valueRequired":true,"valueName":"search_term_string"}}],"inLanguage":"lt-LT"},{"@type":"Organization","@id":"https:\/\/zunzz.com\/lt\/#organization","name":"Zunzz Wire Rope Sling Machine Company","url":"https:\/\/zunzz.com\/lt\/","logo":{"@type":"ImageObject","inLanguage":"lt-LT","@id":"https:\/\/zunzz.com\/lt\/#\/schema\/logo\/image\/","url":"https:\/\/zunzz.com\/wp-content\/uploads\/2023\/09\/Logo.png","contentUrl":"https:\/\/zunzz.com\/wp-content\/uploads\/2023\/09\/Logo.png","width":171,"height":133,"caption":"Zunzz Wire Rope Sling Machine Company"},"image":{"@id":"https:\/\/zunzz.com\/lt\/#\/schema\/logo\/image\/"}}]}},"_links":{"self":[{"href":"https:\/\/zunzz.com\/lt\/wp-json\/wp\/v2\/product\/2474","targetHints":{"allow":["GET"]}}],"collection":[{"href":"https:\/\/zunzz.com\/lt\/wp-json\/wp\/v2\/product"}],"about":[{"href":"https:\/\/zunzz.com\/lt\/wp-json\/wp\/v2\/types\/product"}],"replies":[{"embeddable":true,"href":"https:\/\/zunzz.com\/lt\/wp-json\/wp\/v2\/comments?post=2474"}],"wp:featuredmedia":[{"embeddable":true,"href":"https:\/\/zunzz.com\/lt\/wp-json\/wp\/v2\/media\/2475"}],"wp:attachment":[{"href":"https:\/\/zunzz.com\/lt\/wp-json\/wp\/v2\/media?parent=2474"}],"wp:term":[{"taxonomy":"product_brand","embeddable":true,"href":"https:\/\/zunzz.com\/lt\/wp-json\/wp\/v2\/product_brand?post=2474"},{"taxonomy":"product_cat","embeddable":true,"href":"https:\/\/zunzz.com\/lt\/wp-json\/wp\/v2\/product_cat?post=2474"},{"taxonomy":"product_tag","embeddable":true,"href":"https:\/\/zunzz.com\/lt\/wp-json\/wp\/v2\/product_tag?post=2474"}],"curies":[{"name":"wp","href":"https:\/\/api.w.org\/{rel}","templated":true}]}}