{"id":2311,"date":"2023-10-14T12:24:43","date_gmt":"2023-10-14T12:24:43","guid":{"rendered":"https:\/\/zunzz.com\/product\/vieliniu-lynu-pjovimo-masina\/"},"modified":"2023-12-16T12:28:52","modified_gmt":"2023-12-16T12:28:52","slug":"wire-rope-cutting-machine","status":"publish","type":"product","link":"https:\/\/zunzz.com\/lt\/product\/wire-rope-cutting-machine\/","title":{"rendered":"Vielini\u0173 lyn\u0173 pjovimo ma\u0161ina"},"content":{"rendered":"<h3>1. Vielos lyn\u0173 pjovimo ma\u0161ina<\/h3>\n<p>Vielini\u0173 lyn\u0173 pjovimo ma\u0161in\u0105 daugiausia sudaro maitinimo \u0161altinis (elektrinis siurblys arba rankinis siurblys), darbinis alyvos cilindras, slydimo b\u0117gis ir pjovimo peilis.<\/p>\n<p>Yra du pagrindiniai hidraulini\u0173 plienini\u0173 vielini\u0173 lyn\u0173 pjaustytuv\u0173 modeliai, vienas yra QY-30 hidraulinis plienini\u0173 vielini\u0173 lyn\u0173 pjaustytuvas, naudojamas pjauti plieninius vielinius lynus, kuri\u0173 skersmuo ma\u017eesnis nei 30 mm. Kitas tipas yra QY-48 hidraulinis plienini\u0173 vielini\u0173 lyn\u0173 pjaustytuvas, naudojamas 48 mm skersmens plieniniams vieliniams lynams pjauti. Kaip profesionalus \u012frankis plieniniams vieliniams lynams pjauti.<\/p>\n<p>Hidraulinio vielinio lyno pjoviklio paskirtis<\/p>\n<p>Hidraulinis vielini\u0173 lyn\u0173 pjaustytuvas suma\u017eina vielini\u0173 lyn\u0173 pjovimo darbo intensyvum\u0105 ir pagerina darbo efektyvum\u0105, tod\u0117l tinka tokiems padaliniams kaip laiv\u0173 remontas ir kasyba. Jis pasi\u017eymi gra\u017eaus dizaino, pa\u017eangios strukt\u016bros, ma\u017eo dyd\u017eio, lengvo svorio, patikimo ir patogaus naudojimo savyb\u0117mis.<\/p>\n<h3>2.Hidraulinio vielinio lyno pjaustytuvo parametrai<\/h3>\n<div class=\"table-r\">\n<table width=\"100%\">\n<tbody>\n<tr>\n<td width=\"50%\">Modelis<\/td>\n<td width=\"50%\">QY30, QY48<\/td>\n<\/tr>\n<tr>\n<td width=\"50%\">Didelio skersmens plienin\u0117s vielos pjovimas<\/td>\n<td width=\"50%\">30 mm, 48 mm<\/td>\n<\/tr>\n<tr>\n<td width=\"50%\">St\u016bmoklio progresas<\/td>\n<td width=\"50%\">\u2265 38 mm, \u2265 60 mm<\/td>\n<\/tr>\n<tr>\n<td width=\"50%\">Didel\u0117 \u0161lyties j\u0117ga<\/td>\n<td width=\"50%\">7,5T, 20T<\/td>\n<\/tr>\n<tr>\n<td width=\"50%\">Alyvos saugojimo talpa<\/td>\n<td width=\"50%\">0,19 l, 0,30 l<\/td>\n<\/tr>\n<tr>\n<td width=\"50%\">Rankenos j\u0117ga<\/td>\n<td width=\"50%\">\u2264 25kgf, \u2264 39kgf<\/td>\n<\/tr>\n<\/tbody>\n<\/table>\n<p>&nbsp;<\/p>\n<\/div>\n<p><img fetchpriority=\"high\" decoding=\"async\" class=\"alignnone wp-image-1306 \" src=\"https:\/\/zunzz.com\/wp-content\/uploads\/2023\/10\/11.webp\" alt=\"vielini\u0173 lyn\u0173 pjovimo ma\u0161ina\" width=\"750\" height=\"750\" srcset=\"https:\/\/zunzz.com\/wp-content\/uploads\/2023\/10\/11.webp 700w, https:\/\/zunzz.com\/wp-content\/uploads\/2023\/10\/11-300x300.webp 300w, https:\/\/zunzz.com\/wp-content\/uploads\/2023\/10\/11-150x150.webp 150w, https:\/\/zunzz.com\/wp-content\/uploads\/2023\/10\/11-570x570.webp 570w, https:\/\/zunzz.com\/wp-content\/uploads\/2023\/10\/11-500x500.webp 500w, https:\/\/zunzz.com\/wp-content\/uploads\/2023\/10\/11-650x650.webp 650w, https:\/\/zunzz.com\/wp-content\/uploads\/2023\/10\/11-600x600.webp 600w, https:\/\/zunzz.com\/wp-content\/uploads\/2023\/10\/11-100x100.webp 100w\" sizes=\"(max-width: 750px) 100vw, 750px\" \/><img decoding=\"async\" class=\"alignnone wp-image-1133\" src=\"https:\/\/zunzz.com\/wp-content\/uploads\/2023\/10\/2.webp\" alt=\"vielini\u0173 lyn\u0173 pjovimo ma\u0161ina\" width=\"750\" height=\"750\" srcset=\"https:\/\/zunzz.com\/wp-content\/uploads\/2023\/10\/2.webp 750w, https:\/\/zunzz.com\/wp-content\/uploads\/2023\/10\/2-300x300.webp 300w, https:\/\/zunzz.com\/wp-content\/uploads\/2023\/10\/2-150x150.webp 150w, https:\/\/zunzz.com\/wp-content\/uploads\/2023\/10\/2-570x570.webp 570w, https:\/\/zunzz.com\/wp-content\/uploads\/2023\/10\/2-500x500.webp 500w, https:\/\/zunzz.com\/wp-content\/uploads\/2023\/10\/2-700x700.webp 700w, https:\/\/zunzz.com\/wp-content\/uploads\/2023\/10\/2-650x650.webp 650w, https:\/\/zunzz.com\/wp-content\/uploads\/2023\/10\/2-600x600.webp 600w, https:\/\/zunzz.com\/wp-content\/uploads\/2023\/10\/2-100x100.webp 100w\" sizes=\"(max-width: 750px) 100vw, 750px\" \/><\/p>\n<p><img decoding=\"async\" class=\"alignnone wp-image-1137\" src=\"https:\/\/zunzz.com\/wp-content\/uploads\/2023\/10\/O1CN01blCJBM1eN0jAPBHEd_2208311683858-0-cib.webp\" alt=\"vielini\u0173 lyn\u0173 pjovimo ma\u0161ina\" width=\"750\" height=\"750\" srcset=\"https:\/\/zunzz.com\/wp-content\/uploads\/2023\/10\/O1CN01blCJBM1eN0jAPBHEd_2208311683858-0-cib.webp 750w, https:\/\/zunzz.com\/wp-content\/uploads\/2023\/10\/O1CN01blCJBM1eN0jAPBHEd_2208311683858-0-cib-300x300.webp 300w, https:\/\/zunzz.com\/wp-content\/uploads\/2023\/10\/O1CN01blCJBM1eN0jAPBHEd_2208311683858-0-cib-150x150.webp 150w, https:\/\/zunzz.com\/wp-content\/uploads\/2023\/10\/O1CN01blCJBM1eN0jAPBHEd_2208311683858-0-cib-570x570.webp 570w, https:\/\/zunzz.com\/wp-content\/uploads\/2023\/10\/O1CN01blCJBM1eN0jAPBHEd_2208311683858-0-cib-500x500.webp 500w, https:\/\/zunzz.com\/wp-content\/uploads\/2023\/10\/O1CN01blCJBM1eN0jAPBHEd_2208311683858-0-cib-700x700.webp 700w, https:\/\/zunzz.com\/wp-content\/uploads\/2023\/10\/O1CN01blCJBM1eN0jAPBHEd_2208311683858-0-cib-650x650.webp 650w, https:\/\/zunzz.com\/wp-content\/uploads\/2023\/10\/O1CN01blCJBM1eN0jAPBHEd_2208311683858-0-cib-600x600.webp 600w, https:\/\/zunzz.com\/wp-content\/uploads\/2023\/10\/O1CN01blCJBM1eN0jAPBHEd_2208311683858-0-cib-100x100.webp 100w\" sizes=\"(max-width: 750px) 100vw, 750px\" \/><\/p>\n<p><img loading=\"lazy\" decoding=\"async\" class=\"alignnone wp-image-1141\" src=\"https:\/\/zunzz.com\/wp-content\/uploads\/2023\/10\/O1CN01il9jc31eN0jGe43iA_2208311683858-0-cib.webp\" alt=\"vielini\u0173 lyn\u0173 pjovimo ma\u0161ina\" width=\"750\" height=\"750\" srcset=\"https:\/\/zunzz.com\/wp-content\/uploads\/2023\/10\/O1CN01il9jc31eN0jGe43iA_2208311683858-0-cib.webp 750w, https:\/\/zunzz.com\/wp-content\/uploads\/2023\/10\/O1CN01il9jc31eN0jGe43iA_2208311683858-0-cib-300x300.webp 300w, https:\/\/zunzz.com\/wp-content\/uploads\/2023\/10\/O1CN01il9jc31eN0jGe43iA_2208311683858-0-cib-150x150.webp 150w, https:\/\/zunzz.com\/wp-content\/uploads\/2023\/10\/O1CN01il9jc31eN0jGe43iA_2208311683858-0-cib-570x570.webp 570w, https:\/\/zunzz.com\/wp-content\/uploads\/2023\/10\/O1CN01il9jc31eN0jGe43iA_2208311683858-0-cib-500x500.webp 500w, https:\/\/zunzz.com\/wp-content\/uploads\/2023\/10\/O1CN01il9jc31eN0jGe43iA_2208311683858-0-cib-700x700.webp 700w, https:\/\/zunzz.com\/wp-content\/uploads\/2023\/10\/O1CN01il9jc31eN0jGe43iA_2208311683858-0-cib-650x650.webp 650w, https:\/\/zunzz.com\/wp-content\/uploads\/2023\/10\/O1CN01il9jc31eN0jGe43iA_2208311683858-0-cib-600x600.webp 600w, https:\/\/zunzz.com\/wp-content\/uploads\/2023\/10\/O1CN01il9jc31eN0jGe43iA_2208311683858-0-cib-100x100.webp 100w\" sizes=\"(max-width: 750px) 100vw, 750px\" \/><\/p>\n<p>\u0160is produktas buvo eksportuotas \u012f kelias \u0161alis, tokias kaip JAV, Pranc\u016bzija, Kanada, Indonezija, Rusija, Vietnamas, Australija, Piet\u0173 Kor\u0117ja, Iranas, ir sulauk\u0117 viening\u0173 klient\u0173 pagyrim\u0173.<\/p>\n","protected":false},"excerpt":{"rendered":"<p>Modelis: QY30, QY48<br \/>\nMaks. vielos lynas: 30mm 48mm<br \/>\nDidel\u0117 \u0161lyties j\u0117ga: 7,5T, 20T<br \/>\nAlyvos talpa: 0,19L, 0,30L<br \/>\nGalima kalba:[wpml_language_selector_widget]<\/p>\n<p><a href=\"https:\/\/zunzz.com\/lt\/contact-store\/\"><button class=\"single_add_to_cart_button button alt\" type=\"submit\">TEIS\u0116KITE DABAR<\/button><\/a><\/p>\n","protected":false},"featured_media":1306,"comment_status":"open","ping_status":"closed","template":"","meta":[],"product_brand":[],"product_cat":[203],"product_tag":[293,292,291],"class_list":{"0":"post-2311","1":"product","2":"type-product","3":"status-publish","4":"has-post-thumbnail","6":"product_cat-wire-rope-annealing-machine","7":"product_tag-steel-bar-cutter","8":"product_tag-wire-rope-cutter","9":"product_tag-wire-rope-cutting-machine","11":"first","12":"instock","13":"taxable","14":"shipping-taxable","15":"product-type-simple"},"yoast_head":"<!-- This site is optimized with the Yoast SEO plugin v26.8 - https:\/\/yoast.com\/product\/yoast-seo-wordpress\/ -->\n<title>Vielini\u0173 lyn\u0173 pjovimo ma\u0161ina<\/title>\n<meta name=\"description\" content=\"Vielini\u0173 lyn\u0173 pjovimo ma\u0161in\u0105 daugiausia sudaro maitinimo \u0161altinis (elektrinis siurblys arba rankinis siurblys), darbinis alyvos cilindras, slydimo b\u0117gis ir pjovimo peilis.\" \/>\n<meta name=\"robots\" content=\"index, follow, max-snippet:-1, max-image-preview:large, max-video-preview:-1\" \/>\n<link rel=\"canonical\" href=\"https:\/\/zunzz.com\/lt\/product\/wire-rope-cutting-machine\/\" \/>\n<meta property=\"og:locale\" content=\"lt_LT\" \/>\n<meta property=\"og:type\" content=\"article\" \/>\n<meta property=\"og:title\" content=\"Vielini\u0173 lyn\u0173 pjovimo ma\u0161ina\" \/>\n<meta property=\"og:description\" content=\"Vielini\u0173 lyn\u0173 pjovimo ma\u0161in\u0105 daugiausia sudaro maitinimo \u0161altinis (elektrinis siurblys arba rankinis siurblys), darbinis alyvos cilindras, slydimo b\u0117gis ir pjovimo peilis.\" \/>\n<meta property=\"og:url\" content=\"https:\/\/zunzz.com\/lt\/product\/wire-rope-cutting-machine\/\" \/>\n<meta property=\"og:site_name\" content=\"Zunzz Wire Rope Sling Machine Company\" \/>\n<meta property=\"article:modified_time\" content=\"2023-12-16T12:28:52+00:00\" \/>\n<meta property=\"og:image\" content=\"https:\/\/zunzz.com\/wp-content\/uploads\/2023\/10\/11.webp\" \/>\n\t<meta property=\"og:image:width\" content=\"700\" \/>\n\t<meta property=\"og:image:height\" content=\"700\" \/>\n\t<meta property=\"og:image:type\" content=\"image\/webp\" \/>\n<meta name=\"twitter:card\" content=\"summary_large_image\" \/>\n<meta name=\"twitter:label1\" content=\"Est. reading time\" \/>\n\t<meta name=\"twitter:data1\" content=\"3 minut\u0117s\" \/>\n<script type=\"application\/ld+json\" class=\"yoast-schema-graph\">{\"@context\":\"https:\/\/schema.org\",\"@graph\":[{\"@type\":\"WebPage\",\"@id\":\"https:\/\/zunzz.com\/lt\/product\/wire-rope-cutting-machine\/\",\"url\":\"https:\/\/zunzz.com\/lt\/product\/wire-rope-cutting-machine\/\",\"name\":\"Vielini\u0173 lyn\u0173 pjovimo ma\u0161ina\",\"isPartOf\":{\"@id\":\"https:\/\/zunzz.com\/lt\/#website\"},\"primaryImageOfPage\":{\"@id\":\"https:\/\/zunzz.com\/lt\/product\/wire-rope-cutting-machine\/#primaryimage\"},\"image\":{\"@id\":\"https:\/\/zunzz.com\/lt\/product\/wire-rope-cutting-machine\/#primaryimage\"},\"thumbnailUrl\":\"https:\/\/zunzz.com\/wp-content\/uploads\/2023\/10\/11.webp\",\"datePublished\":\"2023-10-14T12:24:43+00:00\",\"dateModified\":\"2023-12-16T12:28:52+00:00\",\"description\":\"Vielini\u0173 lyn\u0173 pjovimo ma\u0161in\u0105 daugiausia sudaro maitinimo \u0161altinis (elektrinis siurblys arba rankinis siurblys), darbinis alyvos cilindras, slydimo b\u0117gis ir pjovimo peilis.\",\"breadcrumb\":{\"@id\":\"https:\/\/zunzz.com\/lt\/product\/wire-rope-cutting-machine\/#breadcrumb\"},\"inLanguage\":\"lt-LT\",\"potentialAction\":[{\"@type\":\"ReadAction\",\"target\":[\"https:\/\/zunzz.com\/lt\/product\/wire-rope-cutting-machine\/\"]}]},{\"@type\":\"ImageObject\",\"inLanguage\":\"lt-LT\",\"@id\":\"https:\/\/zunzz.com\/lt\/product\/wire-rope-cutting-machine\/#primaryimage\",\"url\":\"https:\/\/zunzz.com\/wp-content\/uploads\/2023\/10\/11.webp\",\"contentUrl\":\"https:\/\/zunzz.com\/wp-content\/uploads\/2023\/10\/11.webp\",\"width\":700,\"height\":700,\"caption\":\"wire rope cutting machine\"},{\"@type\":\"BreadcrumbList\",\"@id\":\"https:\/\/zunzz.com\/lt\/product\/wire-rope-cutting-machine\/#breadcrumb\",\"itemListElement\":[{\"@type\":\"ListItem\",\"position\":1,\"name\":\"Home\",\"item\":\"https:\/\/zunzz.com\/lt\/home\/\"},{\"@type\":\"ListItem\",\"position\":2,\"name\":\"Shop\",\"item\":\"https:\/\/zunzz.com\/bg\/shop\/\"},{\"@type\":\"ListItem\",\"position\":3,\"name\":\"Vielini\u0173 lyn\u0173 pjovimo ma\u0161ina\"}]},{\"@type\":\"WebSite\",\"@id\":\"https:\/\/zunzz.com\/lt\/#website\",\"url\":\"https:\/\/zunzz.com\/lt\/\",\"name\":\"Zunzz Wire Rope Sling Machine Company\",\"description\":\"Zunzz Wire Rope Sling Machine Company is a leading manufacturer of wire rope sling machines and related products.\",\"publisher\":{\"@id\":\"https:\/\/zunzz.com\/lt\/#organization\"},\"potentialAction\":[{\"@type\":\"SearchAction\",\"target\":{\"@type\":\"EntryPoint\",\"urlTemplate\":\"https:\/\/zunzz.com\/lt\/?s={search_term_string}\"},\"query-input\":{\"@type\":\"PropertyValueSpecification\",\"valueRequired\":true,\"valueName\":\"search_term_string\"}}],\"inLanguage\":\"lt-LT\"},{\"@type\":\"Organization\",\"@id\":\"https:\/\/zunzz.com\/lt\/#organization\",\"name\":\"Zunzz Wire Rope Sling Machine Company\",\"url\":\"https:\/\/zunzz.com\/lt\/\",\"logo\":{\"@type\":\"ImageObject\",\"inLanguage\":\"lt-LT\",\"@id\":\"https:\/\/zunzz.com\/lt\/#\/schema\/logo\/image\/\",\"url\":\"https:\/\/zunzz.com\/wp-content\/uploads\/2023\/09\/Logo.png\",\"contentUrl\":\"https:\/\/zunzz.com\/wp-content\/uploads\/2023\/09\/Logo.png\",\"width\":171,\"height\":133,\"caption\":\"Zunzz Wire Rope Sling Machine Company\"},\"image\":{\"@id\":\"https:\/\/zunzz.com\/lt\/#\/schema\/logo\/image\/\"}}]}<\/script>\n<!-- \/ Yoast SEO plugin. -->","yoast_head_json":{"title":"Vielini\u0173 lyn\u0173 pjovimo ma\u0161ina","description":"Vielini\u0173 lyn\u0173 pjovimo ma\u0161in\u0105 daugiausia sudaro maitinimo \u0161altinis (elektrinis siurblys arba rankinis siurblys), darbinis alyvos cilindras, slydimo b\u0117gis ir pjovimo peilis.","robots":{"index":"index","follow":"follow","max-snippet":"max-snippet:-1","max-image-preview":"max-image-preview:large","max-video-preview":"max-video-preview:-1"},"canonical":"https:\/\/zunzz.com\/lt\/product\/wire-rope-cutting-machine\/","og_locale":"lt_LT","og_type":"article","og_title":"Vielini\u0173 lyn\u0173 pjovimo ma\u0161ina","og_description":"Vielini\u0173 lyn\u0173 pjovimo ma\u0161in\u0105 daugiausia sudaro maitinimo \u0161altinis (elektrinis siurblys arba rankinis siurblys), darbinis alyvos cilindras, slydimo b\u0117gis ir pjovimo peilis.","og_url":"https:\/\/zunzz.com\/lt\/product\/wire-rope-cutting-machine\/","og_site_name":"Zunzz Wire Rope Sling Machine Company","article_modified_time":"2023-12-16T12:28:52+00:00","og_image":[{"width":700,"height":700,"url":"https:\/\/zunzz.com\/wp-content\/uploads\/2023\/10\/11.webp","type":"image\/webp"}],"twitter_card":"summary_large_image","twitter_misc":{"Est. reading time":"3 minut\u0117s"},"schema":{"@context":"https:\/\/schema.org","@graph":[{"@type":"WebPage","@id":"https:\/\/zunzz.com\/lt\/product\/wire-rope-cutting-machine\/","url":"https:\/\/zunzz.com\/lt\/product\/wire-rope-cutting-machine\/","name":"Vielini\u0173 lyn\u0173 pjovimo ma\u0161ina","isPartOf":{"@id":"https:\/\/zunzz.com\/lt\/#website"},"primaryImageOfPage":{"@id":"https:\/\/zunzz.com\/lt\/product\/wire-rope-cutting-machine\/#primaryimage"},"image":{"@id":"https:\/\/zunzz.com\/lt\/product\/wire-rope-cutting-machine\/#primaryimage"},"thumbnailUrl":"https:\/\/zunzz.com\/wp-content\/uploads\/2023\/10\/11.webp","datePublished":"2023-10-14T12:24:43+00:00","dateModified":"2023-12-16T12:28:52+00:00","description":"Vielini\u0173 lyn\u0173 pjovimo ma\u0161in\u0105 daugiausia sudaro maitinimo \u0161altinis (elektrinis siurblys arba rankinis siurblys), darbinis alyvos cilindras, slydimo b\u0117gis ir pjovimo peilis.","breadcrumb":{"@id":"https:\/\/zunzz.com\/lt\/product\/wire-rope-cutting-machine\/#breadcrumb"},"inLanguage":"lt-LT","potentialAction":[{"@type":"ReadAction","target":["https:\/\/zunzz.com\/lt\/product\/wire-rope-cutting-machine\/"]}]},{"@type":"ImageObject","inLanguage":"lt-LT","@id":"https:\/\/zunzz.com\/lt\/product\/wire-rope-cutting-machine\/#primaryimage","url":"https:\/\/zunzz.com\/wp-content\/uploads\/2023\/10\/11.webp","contentUrl":"https:\/\/zunzz.com\/wp-content\/uploads\/2023\/10\/11.webp","width":700,"height":700,"caption":"wire rope cutting machine"},{"@type":"BreadcrumbList","@id":"https:\/\/zunzz.com\/lt\/product\/wire-rope-cutting-machine\/#breadcrumb","itemListElement":[{"@type":"ListItem","position":1,"name":"Home","item":"https:\/\/zunzz.com\/lt\/home\/"},{"@type":"ListItem","position":2,"name":"Shop","item":"https:\/\/zunzz.com\/bg\/shop\/"},{"@type":"ListItem","position":3,"name":"Vielini\u0173 lyn\u0173 pjovimo ma\u0161ina"}]},{"@type":"WebSite","@id":"https:\/\/zunzz.com\/lt\/#website","url":"https:\/\/zunzz.com\/lt\/","name":"Zunzz Wire Rope Sling Machine Company","description":"Zunzz Wire Rope Sling Machine Company is a leading manufacturer of wire rope sling machines and related products.","publisher":{"@id":"https:\/\/zunzz.com\/lt\/#organization"},"potentialAction":[{"@type":"SearchAction","target":{"@type":"EntryPoint","urlTemplate":"https:\/\/zunzz.com\/lt\/?s={search_term_string}"},"query-input":{"@type":"PropertyValueSpecification","valueRequired":true,"valueName":"search_term_string"}}],"inLanguage":"lt-LT"},{"@type":"Organization","@id":"https:\/\/zunzz.com\/lt\/#organization","name":"Zunzz Wire Rope Sling Machine Company","url":"https:\/\/zunzz.com\/lt\/","logo":{"@type":"ImageObject","inLanguage":"lt-LT","@id":"https:\/\/zunzz.com\/lt\/#\/schema\/logo\/image\/","url":"https:\/\/zunzz.com\/wp-content\/uploads\/2023\/09\/Logo.png","contentUrl":"https:\/\/zunzz.com\/wp-content\/uploads\/2023\/09\/Logo.png","width":171,"height":133,"caption":"Zunzz Wire Rope Sling Machine Company"},"image":{"@id":"https:\/\/zunzz.com\/lt\/#\/schema\/logo\/image\/"}}]}},"_links":{"self":[{"href":"https:\/\/zunzz.com\/lt\/wp-json\/wp\/v2\/product\/2311","targetHints":{"allow":["GET"]}}],"collection":[{"href":"https:\/\/zunzz.com\/lt\/wp-json\/wp\/v2\/product"}],"about":[{"href":"https:\/\/zunzz.com\/lt\/wp-json\/wp\/v2\/types\/product"}],"replies":[{"embeddable":true,"href":"https:\/\/zunzz.com\/lt\/wp-json\/wp\/v2\/comments?post=2311"}],"wp:featuredmedia":[{"embeddable":true,"href":"https:\/\/zunzz.com\/lt\/wp-json\/wp\/v2\/media\/1306"}],"wp:attachment":[{"href":"https:\/\/zunzz.com\/lt\/wp-json\/wp\/v2\/media?parent=2311"}],"wp:term":[{"taxonomy":"product_brand","embeddable":true,"href":"https:\/\/zunzz.com\/lt\/wp-json\/wp\/v2\/product_brand?post=2311"},{"taxonomy":"product_cat","embeddable":true,"href":"https:\/\/zunzz.com\/lt\/wp-json\/wp\/v2\/product_cat?post=2311"},{"taxonomy":"product_tag","embeddable":true,"href":"https:\/\/zunzz.com\/lt\/wp-json\/wp\/v2\/product_tag?post=2311"}],"curies":[{"name":"wp","href":"https:\/\/api.w.org\/{rel}","templated":true}]}}