{"id":2211,"date":"2023-11-02T12:43:48","date_gmt":"2023-11-02T12:43:48","guid":{"rendered":"https:\/\/zunzz.com\/product\/kabeliu-vyniojimo-masina\/"},"modified":"2023-12-04T12:29:14","modified_gmt":"2023-12-04T12:29:14","slug":"cable-spooling-machine","status":"publish","type":"product","link":"https:\/\/zunzz.com\/lt\/product\/cable-spooling-machine\/","title":{"rendered":"Kabeli\u0173 vyniojimo ma\u0161ina"},"content":{"rendered":"<h3>1. Kabeli\u0173 vyniojimo ma\u0161inos pristatymas<\/h3>\n<p>Kabeli\u0173 vyniojimo ma\u0161ina paprastai naudojama vieliniams lynams, vieliniams kabeliams, varin\u0117ms vielai ir kitiems laidams suvynioti. Jis gali automati\u0161kai suvynioti ir tiesti kabelius.<\/p>\n<h3 style=\"text-align: left;\">2. Kabeli\u0173 vyniojimo ma\u0161inos parametrai<\/h3>\n<div class=\"table-r\">\n<table width=\"100%\">\n<tbody>\n<tr>\n<td width=\"50%\">Vielos disko skersmuo<\/td>\n<td width=\"50%\">800-1250 mm<\/td>\n<\/tr>\n<tr>\n<td width=\"50%\">Vielos skersmuo<\/td>\n<td width=\"50%\">\u226420 mm<\/td>\n<\/tr>\n<tr>\n<td width=\"50%\">Galia<\/td>\n<td width=\"50%\">7.5KW+RV130 grei\u010dio reduktorius<\/td>\n<\/tr>\n<tr>\n<td width=\"50%\">\u012etampa<\/td>\n<td width=\"50%\">Kaip pra\u0161yta<\/td>\n<\/tr>\n<tr>\n<td width=\"50%\">Greitis<\/td>\n<td width=\"50%\">0-30m per min<\/td>\n<\/tr>\n<\/tbody>\n<\/table>\n<p>&nbsp;<\/p>\n<\/div>\n<p><iframe title=\"wire cable spooling machine\" width=\"1060\" height=\"596\" src=\"https:\/\/www.youtube.com\/embed\/kvHdzTHdCjQ?feature=oembed\" frameborder=\"0\" allow=\"accelerometer; autoplay; clipboard-write; encrypted-media; gyroscope; picture-in-picture; web-share\" allowfullscreen><\/iframe><\/p>\n<p>&nbsp;<\/p>\n<h3>3. Kabeli\u0173 vyniojimo ma\u0161inos funkcija<\/h3>\n<p>Kabelio automatin\u0117 pa\u0117mimo ma\u0161ina paprastai susideda i\u0161 kabelio rit\u0117s, pa\u0117mimo variklio, valdiklio ir kit\u0173 dali\u0173. Kabeli\u0173 rit\u0117 naudojama vynioti kabelius, kurie gali suktis ir automati\u0161kai reguliuoti tros\u0173 sandarum\u0105. Pa\u0117mimo variklis naudojamas kabelio rit\u0117s sukimuisi valdyti, taip pat gali valdyti sukimosi greit\u012f ir krypt\u012f. Valdiklis skirtas visos \u012frangos darbui valdyti, pagal poreikius gali b\u016bti nustatomi \u012fvair\u016bs re\u017eimai ir parametrai.<\/p>\n<p>Tai gali labai suma\u017einti darbo intensyvum\u0105 laikant laidus rankiniu b\u016bdu ir pagerinti darbo efektyvum\u0105. Antra, jis gali u\u017etikrinti laido laikymo kokyb\u0119 ir tarnavimo laik\u0105, i\u0161vengiant kabelio pa\u017eeidimo ar u\u017eter\u0161imo. Be to, jis taip pat gali greitai i\u0161leisti ir perdirbti kabelius, tod\u0117l vartotojams patogu naudoti ir valdyti.<\/p>\n<p><img fetchpriority=\"high\" decoding=\"async\" class=\"alignnone wp-image-1284\" src=\"https:\/\/zunzz.com\/wp-content\/uploads\/2023\/11\/cable-coiling-machine.webp\" alt=\"kabeli\u0173 vyniojimo ma\u0161ina\" width=\"1004\" height=\"1004\" srcset=\"https:\/\/zunzz.com\/wp-content\/uploads\/2023\/11\/cable-coiling-machine.webp 1200w, https:\/\/zunzz.com\/wp-content\/uploads\/2023\/11\/cable-coiling-machine-300x300.webp 300w, https:\/\/zunzz.com\/wp-content\/uploads\/2023\/11\/cable-coiling-machine-1024x1024.webp 1024w, https:\/\/zunzz.com\/wp-content\/uploads\/2023\/11\/cable-coiling-machine-150x150.webp 150w, https:\/\/zunzz.com\/wp-content\/uploads\/2023\/11\/cable-coiling-machine-768x768.webp 768w, https:\/\/zunzz.com\/wp-content\/uploads\/2023\/11\/cable-coiling-machine-570x570.webp 570w, https:\/\/zunzz.com\/wp-content\/uploads\/2023\/11\/cable-coiling-machine-500x500.webp 500w, https:\/\/zunzz.com\/wp-content\/uploads\/2023\/11\/cable-coiling-machine-1000x1000.webp 1000w, https:\/\/zunzz.com\/wp-content\/uploads\/2023\/11\/cable-coiling-machine-700x700.webp 700w, https:\/\/zunzz.com\/wp-content\/uploads\/2023\/11\/cable-coiling-machine-650x650.webp 650w, https:\/\/zunzz.com\/wp-content\/uploads\/2023\/11\/cable-coiling-machine-600x600.webp 600w, https:\/\/zunzz.com\/wp-content\/uploads\/2023\/11\/cable-coiling-machine-100x100.webp 100w\" sizes=\"(max-width: 1004px) 100vw, 1004px\" \/> <img decoding=\"async\" class=\"alignnone wp-image-1288\" src=\"https:\/\/zunzz.com\/wp-content\/uploads\/2023\/11\/cable-spooling-machine.webp\" alt=\"kabeli\u0173 vyniojimo ma\u0161ina\" width=\"999\" height=\"999\" srcset=\"https:\/\/zunzz.com\/wp-content\/uploads\/2023\/11\/cable-spooling-machine.webp 1200w, https:\/\/zunzz.com\/wp-content\/uploads\/2023\/11\/cable-spooling-machine-300x300.webp 300w, https:\/\/zunzz.com\/wp-content\/uploads\/2023\/11\/cable-spooling-machine-1024x1024.webp 1024w, https:\/\/zunzz.com\/wp-content\/uploads\/2023\/11\/cable-spooling-machine-150x150.webp 150w, https:\/\/zunzz.com\/wp-content\/uploads\/2023\/11\/cable-spooling-machine-768x768.webp 768w, https:\/\/zunzz.com\/wp-content\/uploads\/2023\/11\/cable-spooling-machine-570x570.webp 570w, https:\/\/zunzz.com\/wp-content\/uploads\/2023\/11\/cable-spooling-machine-500x500.webp 500w, https:\/\/zunzz.com\/wp-content\/uploads\/2023\/11\/cable-spooling-machine-1000x1000.webp 1000w, https:\/\/zunzz.com\/wp-content\/uploads\/2023\/11\/cable-spooling-machine-700x700.webp 700w, https:\/\/zunzz.com\/wp-content\/uploads\/2023\/11\/cable-spooling-machine-650x650.webp 650w, https:\/\/zunzz.com\/wp-content\/uploads\/2023\/11\/cable-spooling-machine-600x600.webp 600w, https:\/\/zunzz.com\/wp-content\/uploads\/2023\/11\/cable-spooling-machine-100x100.webp 100w\" sizes=\"(max-width: 999px) 100vw, 999px\" \/> <img decoding=\"async\" class=\"alignnone wp-image-1292\" src=\"https:\/\/zunzz.com\/wp-content\/uploads\/2023\/11\/spooling-machine.webp\" alt=\"kabeli\u0173 vyniojimo ma\u0161ina\" width=\"996\" height=\"996\" srcset=\"https:\/\/zunzz.com\/wp-content\/uploads\/2023\/11\/spooling-machine.webp 1200w, https:\/\/zunzz.com\/wp-content\/uploads\/2023\/11\/spooling-machine-300x300.webp 300w, https:\/\/zunzz.com\/wp-content\/uploads\/2023\/11\/spooling-machine-1024x1024.webp 1024w, https:\/\/zunzz.com\/wp-content\/uploads\/2023\/11\/spooling-machine-150x150.webp 150w, https:\/\/zunzz.com\/wp-content\/uploads\/2023\/11\/spooling-machine-768x768.webp 768w, https:\/\/zunzz.com\/wp-content\/uploads\/2023\/11\/spooling-machine-570x570.webp 570w, https:\/\/zunzz.com\/wp-content\/uploads\/2023\/11\/spooling-machine-500x500.webp 500w, https:\/\/zunzz.com\/wp-content\/uploads\/2023\/11\/spooling-machine-1000x1000.webp 1000w, https:\/\/zunzz.com\/wp-content\/uploads\/2023\/11\/spooling-machine-700x700.webp 700w, https:\/\/zunzz.com\/wp-content\/uploads\/2023\/11\/spooling-machine-650x650.webp 650w, https:\/\/zunzz.com\/wp-content\/uploads\/2023\/11\/spooling-machine-600x600.webp 600w, https:\/\/zunzz.com\/wp-content\/uploads\/2023\/11\/spooling-machine-100x100.webp 100w\" sizes=\"(max-width: 996px) 100vw, 996px\" \/> <img loading=\"lazy\" decoding=\"async\" class=\"alignnone wp-image-1296\" src=\"https:\/\/zunzz.com\/wp-content\/uploads\/2023\/11\/wire-rope-spooling-machine.webp\" alt=\"vielinio lyno ritinys\" width=\"997\" height=\"997\" srcset=\"https:\/\/zunzz.com\/wp-content\/uploads\/2023\/11\/wire-rope-spooling-machine.webp 1200w, https:\/\/zunzz.com\/wp-content\/uploads\/2023\/11\/wire-rope-spooling-machine-300x300.webp 300w, https:\/\/zunzz.com\/wp-content\/uploads\/2023\/11\/wire-rope-spooling-machine-1024x1024.webp 1024w, https:\/\/zunzz.com\/wp-content\/uploads\/2023\/11\/wire-rope-spooling-machine-150x150.webp 150w, https:\/\/zunzz.com\/wp-content\/uploads\/2023\/11\/wire-rope-spooling-machine-768x768.webp 768w, https:\/\/zunzz.com\/wp-content\/uploads\/2023\/11\/wire-rope-spooling-machine-570x570.webp 570w, https:\/\/zunzz.com\/wp-content\/uploads\/2023\/11\/wire-rope-spooling-machine-500x500.webp 500w, https:\/\/zunzz.com\/wp-content\/uploads\/2023\/11\/wire-rope-spooling-machine-1000x1000.webp 1000w, https:\/\/zunzz.com\/wp-content\/uploads\/2023\/11\/wire-rope-spooling-machine-700x700.webp 700w, https:\/\/zunzz.com\/wp-content\/uploads\/2023\/11\/wire-rope-spooling-machine-650x650.webp 650w, https:\/\/zunzz.com\/wp-content\/uploads\/2023\/11\/wire-rope-spooling-machine-600x600.webp 600w, https:\/\/zunzz.com\/wp-content\/uploads\/2023\/11\/wire-rope-spooling-machine-100x100.webp 100w\" sizes=\"(max-width: 997px) 100vw, 997px\" \/><\/p>\n","protected":false},"excerpt":{"rendered":"<p>Modelis: CBCL-001<br class=\"yoast-text-mark\" \/>Talpa: 1250 skersmens<br \/>\nMaks. Skersmuo: 20 mm<br \/>\nGalia: 7,5 kW<br \/>\nNaudojimas: vieliniam lynui, vieliniam kabeliui, varinei vielai ir kitiems laidams suvynioti<br \/>\nGalima kalba:[wpml_language_selector_widget]<\/p>\n<p><a href=\"https:\/\/zunzz.com\/lt\/contact-store\/\"><button class=\"single_add_to_cart_button button alt\" type=\"submit\">TEIS\u0116KITE DABAR<\/button><\/a><\/p>\n","protected":false},"featured_media":2212,"comment_status":"open","ping_status":"closed","template":"","meta":[],"product_brand":[],"product_cat":[204],"product_tag":[256,257],"class_list":{"0":"post-2211","1":"product","2":"type-product","3":"status-publish","4":"has-post-thumbnail","6":"product_cat-wire-rope-coiling-machine","7":"product_tag-wire-rope-coiling-machine","8":"product_tag-spooling-machine","10":"first","11":"instock","12":"taxable","13":"shipping-taxable","14":"product-type-simple"},"yoast_head":"<!-- This site is optimized with the Yoast SEO plugin v26.8 - https:\/\/yoast.com\/product\/yoast-seo-wordpress\/ -->\n<title>Kabeli\u0173 vyniojimo ma\u0161ina<\/title>\n<meta name=\"description\" content=\"Kabeli\u0173 vyniojimo ma\u0161ina paprastai naudojama vieliniams lynams, vieliniams kabeliams, varin\u0117ms vielai ir kitiems laidams suvynioti. Jis gali automati\u0161kai suvynioti ir tiesti kabelius.\" \/>\n<meta name=\"robots\" content=\"index, follow, max-snippet:-1, max-image-preview:large, max-video-preview:-1\" \/>\n<link rel=\"canonical\" href=\"https:\/\/zunzz.com\/lt\/product\/cable-spooling-machine\/\" \/>\n<meta property=\"og:locale\" content=\"lt_LT\" \/>\n<meta property=\"og:type\" content=\"article\" \/>\n<meta property=\"og:title\" content=\"Kabeli\u0173 vyniojimo ma\u0161ina\" \/>\n<meta property=\"og:description\" content=\"Kabeli\u0173 vyniojimo ma\u0161ina paprastai naudojama vieliniams lynams, vieliniams kabeliams, varin\u0117ms vielai ir kitiems laidams suvynioti. Jis gali automati\u0161kai suvynioti ir tiesti kabelius.\" \/>\n<meta property=\"og:url\" content=\"https:\/\/zunzz.com\/lt\/product\/cable-spooling-machine\/\" \/>\n<meta property=\"og:site_name\" content=\"Zunzz Wire Rope Sling Machine Company\" \/>\n<meta property=\"article:modified_time\" content=\"2023-12-04T12:29:14+00:00\" \/>\n<meta property=\"og:image\" content=\"https:\/\/zunzz.com\/wp-content\/uploads\/2023\/11\/spooling-machine.webp\" \/>\n\t<meta property=\"og:image:width\" content=\"1200\" \/>\n\t<meta property=\"og:image:height\" content=\"1200\" \/>\n\t<meta property=\"og:image:type\" content=\"image\/webp\" \/>\n<meta name=\"twitter:card\" content=\"summary_large_image\" \/>\n<meta name=\"twitter:label1\" content=\"Est. reading time\" \/>\n\t<meta name=\"twitter:data1\" content=\"2 minut\u0117s\" \/>\n<script type=\"application\/ld+json\" class=\"yoast-schema-graph\">{\"@context\":\"https:\/\/schema.org\",\"@graph\":[{\"@type\":\"WebPage\",\"@id\":\"https:\/\/zunzz.com\/lt\/product\/cable-spooling-machine\/\",\"url\":\"https:\/\/zunzz.com\/lt\/product\/cable-spooling-machine\/\",\"name\":\"Kabeli\u0173 vyniojimo ma\u0161ina\",\"isPartOf\":{\"@id\":\"https:\/\/zunzz.com\/lt\/#website\"},\"primaryImageOfPage\":{\"@id\":\"https:\/\/zunzz.com\/lt\/product\/cable-spooling-machine\/#primaryimage\"},\"image\":{\"@id\":\"https:\/\/zunzz.com\/lt\/product\/cable-spooling-machine\/#primaryimage\"},\"thumbnailUrl\":\"https:\/\/zunzz.com\/wp-content\/uploads\/2023\/11\/spooling-machine.webp\",\"datePublished\":\"2023-11-02T12:43:48+00:00\",\"dateModified\":\"2023-12-04T12:29:14+00:00\",\"description\":\"Kabeli\u0173 vyniojimo ma\u0161ina paprastai naudojama vieliniams lynams, vieliniams kabeliams, varin\u0117ms vielai ir kitiems laidams suvynioti. Jis gali automati\u0161kai suvynioti ir tiesti kabelius.\",\"breadcrumb\":{\"@id\":\"https:\/\/zunzz.com\/lt\/product\/cable-spooling-machine\/#breadcrumb\"},\"inLanguage\":\"lt-LT\",\"potentialAction\":[{\"@type\":\"ReadAction\",\"target\":[\"https:\/\/zunzz.com\/lt\/product\/cable-spooling-machine\/\"]}]},{\"@type\":\"ImageObject\",\"inLanguage\":\"lt-LT\",\"@id\":\"https:\/\/zunzz.com\/lt\/product\/cable-spooling-machine\/#primaryimage\",\"url\":\"https:\/\/zunzz.com\/wp-content\/uploads\/2023\/11\/spooling-machine.webp\",\"contentUrl\":\"https:\/\/zunzz.com\/wp-content\/uploads\/2023\/11\/spooling-machine.webp\",\"width\":1200,\"height\":1200,\"caption\":\"spooling machine\"},{\"@type\":\"BreadcrumbList\",\"@id\":\"https:\/\/zunzz.com\/lt\/product\/cable-spooling-machine\/#breadcrumb\",\"itemListElement\":[{\"@type\":\"ListItem\",\"position\":1,\"name\":\"Home\",\"item\":\"https:\/\/zunzz.com\/lt\/home\/\"},{\"@type\":\"ListItem\",\"position\":2,\"name\":\"Shop\",\"item\":\"https:\/\/zunzz.com\/bg\/shop\/\"},{\"@type\":\"ListItem\",\"position\":3,\"name\":\"Kabeli\u0173 vyniojimo ma\u0161ina\"}]},{\"@type\":\"WebSite\",\"@id\":\"https:\/\/zunzz.com\/lt\/#website\",\"url\":\"https:\/\/zunzz.com\/lt\/\",\"name\":\"Zunzz Wire Rope Sling Machine Company\",\"description\":\"Zunzz Wire Rope Sling Machine Company is a leading manufacturer of wire rope sling machines and related products.\",\"publisher\":{\"@id\":\"https:\/\/zunzz.com\/lt\/#organization\"},\"potentialAction\":[{\"@type\":\"SearchAction\",\"target\":{\"@type\":\"EntryPoint\",\"urlTemplate\":\"https:\/\/zunzz.com\/lt\/?s={search_term_string}\"},\"query-input\":{\"@type\":\"PropertyValueSpecification\",\"valueRequired\":true,\"valueName\":\"search_term_string\"}}],\"inLanguage\":\"lt-LT\"},{\"@type\":\"Organization\",\"@id\":\"https:\/\/zunzz.com\/lt\/#organization\",\"name\":\"Zunzz Wire Rope Sling Machine Company\",\"url\":\"https:\/\/zunzz.com\/lt\/\",\"logo\":{\"@type\":\"ImageObject\",\"inLanguage\":\"lt-LT\",\"@id\":\"https:\/\/zunzz.com\/lt\/#\/schema\/logo\/image\/\",\"url\":\"https:\/\/zunzz.com\/wp-content\/uploads\/2023\/09\/Logo.png\",\"contentUrl\":\"https:\/\/zunzz.com\/wp-content\/uploads\/2023\/09\/Logo.png\",\"width\":171,\"height\":133,\"caption\":\"Zunzz Wire Rope Sling Machine Company\"},\"image\":{\"@id\":\"https:\/\/zunzz.com\/lt\/#\/schema\/logo\/image\/\"}}]}<\/script>\n<!-- \/ Yoast SEO plugin. -->","yoast_head_json":{"title":"Kabeli\u0173 vyniojimo ma\u0161ina","description":"Kabeli\u0173 vyniojimo ma\u0161ina paprastai naudojama vieliniams lynams, vieliniams kabeliams, varin\u0117ms vielai ir kitiems laidams suvynioti. Jis gali automati\u0161kai suvynioti ir tiesti kabelius.","robots":{"index":"index","follow":"follow","max-snippet":"max-snippet:-1","max-image-preview":"max-image-preview:large","max-video-preview":"max-video-preview:-1"},"canonical":"https:\/\/zunzz.com\/lt\/product\/cable-spooling-machine\/","og_locale":"lt_LT","og_type":"article","og_title":"Kabeli\u0173 vyniojimo ma\u0161ina","og_description":"Kabeli\u0173 vyniojimo ma\u0161ina paprastai naudojama vieliniams lynams, vieliniams kabeliams, varin\u0117ms vielai ir kitiems laidams suvynioti. Jis gali automati\u0161kai suvynioti ir tiesti kabelius.","og_url":"https:\/\/zunzz.com\/lt\/product\/cable-spooling-machine\/","og_site_name":"Zunzz Wire Rope Sling Machine Company","article_modified_time":"2023-12-04T12:29:14+00:00","og_image":[{"width":1200,"height":1200,"url":"https:\/\/zunzz.com\/wp-content\/uploads\/2023\/11\/spooling-machine.webp","type":"image\/webp"}],"twitter_card":"summary_large_image","twitter_misc":{"Est. reading time":"2 minut\u0117s"},"schema":{"@context":"https:\/\/schema.org","@graph":[{"@type":"WebPage","@id":"https:\/\/zunzz.com\/lt\/product\/cable-spooling-machine\/","url":"https:\/\/zunzz.com\/lt\/product\/cable-spooling-machine\/","name":"Kabeli\u0173 vyniojimo ma\u0161ina","isPartOf":{"@id":"https:\/\/zunzz.com\/lt\/#website"},"primaryImageOfPage":{"@id":"https:\/\/zunzz.com\/lt\/product\/cable-spooling-machine\/#primaryimage"},"image":{"@id":"https:\/\/zunzz.com\/lt\/product\/cable-spooling-machine\/#primaryimage"},"thumbnailUrl":"https:\/\/zunzz.com\/wp-content\/uploads\/2023\/11\/spooling-machine.webp","datePublished":"2023-11-02T12:43:48+00:00","dateModified":"2023-12-04T12:29:14+00:00","description":"Kabeli\u0173 vyniojimo ma\u0161ina paprastai naudojama vieliniams lynams, vieliniams kabeliams, varin\u0117ms vielai ir kitiems laidams suvynioti. Jis gali automati\u0161kai suvynioti ir tiesti kabelius.","breadcrumb":{"@id":"https:\/\/zunzz.com\/lt\/product\/cable-spooling-machine\/#breadcrumb"},"inLanguage":"lt-LT","potentialAction":[{"@type":"ReadAction","target":["https:\/\/zunzz.com\/lt\/product\/cable-spooling-machine\/"]}]},{"@type":"ImageObject","inLanguage":"lt-LT","@id":"https:\/\/zunzz.com\/lt\/product\/cable-spooling-machine\/#primaryimage","url":"https:\/\/zunzz.com\/wp-content\/uploads\/2023\/11\/spooling-machine.webp","contentUrl":"https:\/\/zunzz.com\/wp-content\/uploads\/2023\/11\/spooling-machine.webp","width":1200,"height":1200,"caption":"spooling machine"},{"@type":"BreadcrumbList","@id":"https:\/\/zunzz.com\/lt\/product\/cable-spooling-machine\/#breadcrumb","itemListElement":[{"@type":"ListItem","position":1,"name":"Home","item":"https:\/\/zunzz.com\/lt\/home\/"},{"@type":"ListItem","position":2,"name":"Shop","item":"https:\/\/zunzz.com\/bg\/shop\/"},{"@type":"ListItem","position":3,"name":"Kabeli\u0173 vyniojimo ma\u0161ina"}]},{"@type":"WebSite","@id":"https:\/\/zunzz.com\/lt\/#website","url":"https:\/\/zunzz.com\/lt\/","name":"Zunzz Wire Rope Sling Machine Company","description":"Zunzz Wire Rope Sling Machine Company is a leading manufacturer of wire rope sling machines and related products.","publisher":{"@id":"https:\/\/zunzz.com\/lt\/#organization"},"potentialAction":[{"@type":"SearchAction","target":{"@type":"EntryPoint","urlTemplate":"https:\/\/zunzz.com\/lt\/?s={search_term_string}"},"query-input":{"@type":"PropertyValueSpecification","valueRequired":true,"valueName":"search_term_string"}}],"inLanguage":"lt-LT"},{"@type":"Organization","@id":"https:\/\/zunzz.com\/lt\/#organization","name":"Zunzz Wire Rope Sling Machine Company","url":"https:\/\/zunzz.com\/lt\/","logo":{"@type":"ImageObject","inLanguage":"lt-LT","@id":"https:\/\/zunzz.com\/lt\/#\/schema\/logo\/image\/","url":"https:\/\/zunzz.com\/wp-content\/uploads\/2023\/09\/Logo.png","contentUrl":"https:\/\/zunzz.com\/wp-content\/uploads\/2023\/09\/Logo.png","width":171,"height":133,"caption":"Zunzz Wire Rope Sling Machine Company"},"image":{"@id":"https:\/\/zunzz.com\/lt\/#\/schema\/logo\/image\/"}}]}},"_links":{"self":[{"href":"https:\/\/zunzz.com\/lt\/wp-json\/wp\/v2\/product\/2211","targetHints":{"allow":["GET"]}}],"collection":[{"href":"https:\/\/zunzz.com\/lt\/wp-json\/wp\/v2\/product"}],"about":[{"href":"https:\/\/zunzz.com\/lt\/wp-json\/wp\/v2\/types\/product"}],"replies":[{"embeddable":true,"href":"https:\/\/zunzz.com\/lt\/wp-json\/wp\/v2\/comments?post=2211"}],"wp:featuredmedia":[{"embeddable":true,"href":"https:\/\/zunzz.com\/lt\/wp-json\/wp\/v2\/media\/2212"}],"wp:attachment":[{"href":"https:\/\/zunzz.com\/lt\/wp-json\/wp\/v2\/media?parent=2211"}],"wp:term":[{"taxonomy":"product_brand","embeddable":true,"href":"https:\/\/zunzz.com\/lt\/wp-json\/wp\/v2\/product_brand?post=2211"},{"taxonomy":"product_cat","embeddable":true,"href":"https:\/\/zunzz.com\/lt\/wp-json\/wp\/v2\/product_cat?post=2211"},{"taxonomy":"product_tag","embeddable":true,"href":"https:\/\/zunzz.com\/lt\/wp-json\/wp\/v2\/product_tag?post=2211"}],"curies":[{"name":"wp","href":"https:\/\/api.w.org\/{rel}","templated":true}]}}