{"id":1822,"date":"2020-01-14T14:10:46","date_gmt":"2020-01-14T14:10:46","guid":{"rendered":"https:\/\/zunzz.com\/naujausios-naujienos\/"},"modified":"2025-12-18T02:51:56","modified_gmt":"2025-12-18T02:51:56","slug":"latest-news","status":"publish","type":"page","link":"https:\/\/zunzz.com\/lt\/latest-news\/","title":{"rendered":"Naujausios naujienos"},"content":{"rendered":"\t\t<div data-elementor-type=\"wp-page\" data-elementor-id=\"1822\" class=\"elementor elementor-1822 elementor-160\">\n\t\t\t\t\t\t<section class=\"elementor-section elementor-top-section elementor-element elementor-element-6ee884d elementor-section-boxed elementor-section-height-default elementor-section-height-default parallax_section_no qode_elementor_container_no\" data-id=\"6ee884d\" data-element_type=\"section\">\n\t\t\t\t\t\t<div class=\"elementor-container elementor-column-gap-default\">\n\t\t\t\t\t<div class=\"elementor-column elementor-col-100 elementor-top-column elementor-element elementor-element-16e9107\" data-id=\"16e9107\" data-element_type=\"column\">\n\t\t\t<div class=\"elementor-widget-wrap elementor-element-populated\">\n\t\t\t\t\t\t<div class=\"elementor-element elementor-element-75f07c1 elementor-widget elementor-widget-bridge_latest_posts\" data-id=\"75f07c1\" data-element_type=\"widget\" data-widget_type=\"bridge_latest_posts.default\">\n\t\t\t\t<div class=\"elementor-widget-container\">\n\t\t\t\t\t\n<div class='latest_post_holder image_in_box  ' >\n    <ul>\n    \n        <li class=\"clearfix\">\n            <div class=\"latest_post\"  >\n                <div class=\"latest_post_image clearfix\">\n                    <a itemprop=\"url\" href=\"https:\/\/zunzz.com\/lt\/dazniausiai-uzduodami-klausimai-ir-atsakymai-apie-vieliniu-lynu-vyniojimo-masina\/\">\n                                            <\/a>\n                <\/div>\n\n\n                <div class=\"latest_post_text\">\n                    <div class=\"latest_post_inner\">\n                        <div class=\"latest_post_text_inner\">\n                            <h3 itemprop=\"name\" class=\"latest_post_title entry_title\"><a itemprop=\"url\" href=\"https:\/\/zunzz.com\/lt\/dazniausiai-uzduodami-klausimai-ir-atsakymai-apie-vieliniu-lynu-vyniojimo-masina\/\">Da\u017eniausiai u\u017eduodami klausimai ir atsakymai apie vielini\u0173 lyn\u0173 vyniojimo ma\u0161in\u0105<\/a><\/h3>\n                            <p class=\"excerpt\">Plienini\u0173 vielini\u0173 lyn\u0173 gamybos ir naudojimo procese plienini\u0173 vielini\u0173 lyn\u0173 vyniojimo ma\u0161ina atlieka labai svarb\u0173 vaidmen\u012f kaip svarbi pagalbin\u0117 \u012franga. Ta\u010diau d\u0117l toki\u0173 veiksni\u0173 kaip darbo vietos ap...<\/p>\n                            <span class=\"post_infos\">\n                                                                    <span class=\"date_hour_holder\">\n                                        <span itemprop=\"dateCreated\" class=\"date entry_date updated\">03 bir\u017eelio, 2025 <meta itemprop=\"interactionCount\" content=\"UserComments: 0\"\/><\/span>\n                                    <\/span>\n                                \n                                \n                                \n                                \n                                                            <\/span>\n                        <\/div>\n                    <\/div>\n                <\/div>\n            <\/div>\n        <\/li>\n        \n        <li class=\"clearfix\">\n            <div class=\"latest_post\"  >\n                <div class=\"latest_post_image clearfix\">\n                    <a itemprop=\"url\" href=\"https:\/\/zunzz.com\/lt\/ten-major-faults-of-wire-rope-swaging-machine\/\">\n                        <img decoding=\"async\" width=\"150\" height=\"150\" src=\"https:\/\/zunzz.com\/wp-content\/uploads\/2024\/12\/swager-motor-1-150x150.webp\" class=\"attachment-thumbnail size-thumbnail\" alt=\"svyruojantis variklis\" srcset=\"https:\/\/zunzz.com\/wp-content\/uploads\/2024\/12\/swager-motor-1-150x150.webp 150w, https:\/\/zunzz.com\/wp-content\/uploads\/2024\/12\/swager-motor-1-300x300.webp 300w, https:\/\/zunzz.com\/wp-content\/uploads\/2024\/12\/swager-motor-1-100x100.webp 100w, https:\/\/zunzz.com\/wp-content\/uploads\/2024\/12\/swager-motor-1.webp 500w\" sizes=\"(max-width: 150px) 100vw, 150px\" \/>                    <\/a>\n                <\/div>\n\n\n                <div class=\"latest_post_text\">\n                    <div class=\"latest_post_inner\">\n                        <div class=\"latest_post_text_inner\">\n                            <h3 itemprop=\"name\" class=\"latest_post_title entry_title\"><a itemprop=\"url\" href=\"https:\/\/zunzz.com\/lt\/ten-major-faults-of-wire-rope-swaging-machine\/\">De\u0161imt pagrindini\u0173 vielini\u0173 lyn\u0173 valymo ma\u0161inos gedim\u0173<\/a><\/h3>\n                            <p class=\"excerpt\">I\u0161sami 10 pagrindini\u0173 problem\u0173, kurios gali kilti naudojant ma\u0161in\u0105, analiz\u0117 ir pateikiami praktiniai sprendimai. 1. Valymo ma\u0161inos sl\u0117gis negali pasiekti Kai vielinio lyno plovimo ma\u0161ina veikia, jam p...<\/p>\n                            <span class=\"post_infos\">\n                                                                    <span class=\"date_hour_holder\">\n                                        <span itemprop=\"dateCreated\" class=\"date entry_date updated\">14 gruod\u017eio, 2024 <meta itemprop=\"interactionCount\" content=\"UserComments: 0\"\/><\/span>\n                                    <\/span>\n                                \n                                \n                                \n                                \n                                                            <\/span>\n                        <\/div>\n                    <\/div>\n                <\/div>\n            <\/div>\n        <\/li>\n        \n        <li class=\"clearfix\">\n            <div class=\"latest_post\"  >\n                <div class=\"latest_post_image clearfix\">\n                    <a itemprop=\"url\" href=\"https:\/\/zunzz.com\/lt\/let-you-know-about-cutting-and-annealing-machine-at-one-time\/\">\n                        <img decoding=\"async\" width=\"150\" height=\"150\" src=\"https:\/\/zunzz.com\/wp-content\/uploads\/2024\/12\/Cutting-and-Annealing-Machine-150x150.webp\" class=\"attachment-thumbnail size-thumbnail\" alt=\"Pjovimo ir atkaitinimo ma\u0161ina\" srcset=\"https:\/\/zunzz.com\/wp-content\/uploads\/2024\/12\/Cutting-and-Annealing-Machine-150x150.webp 150w, https:\/\/zunzz.com\/wp-content\/uploads\/2024\/12\/Cutting-and-Annealing-Machine-300x300.webp 300w, https:\/\/zunzz.com\/wp-content\/uploads\/2024\/12\/Cutting-and-Annealing-Machine-570x570.webp 570w, https:\/\/zunzz.com\/wp-content\/uploads\/2024\/12\/Cutting-and-Annealing-Machine-500x500.webp 500w, https:\/\/zunzz.com\/wp-content\/uploads\/2024\/12\/Cutting-and-Annealing-Machine-100x100.webp 100w, https:\/\/zunzz.com\/wp-content\/uploads\/2024\/12\/Cutting-and-Annealing-Machine.webp 600w\" sizes=\"(max-width: 150px) 100vw, 150px\" \/>                    <\/a>\n                <\/div>\n\n\n                <div class=\"latest_post_text\">\n                    <div class=\"latest_post_inner\">\n                        <div class=\"latest_post_text_inner\">\n                            <h3 itemprop=\"name\" class=\"latest_post_title entry_title\"><a itemprop=\"url\" href=\"https:\/\/zunzz.com\/lt\/let-you-know-about-cutting-and-annealing-machine-at-one-time\/\">Prane\u0161kite apie pjovimo ir atkaitinimo ma\u0161in\u0105 vienu metu<\/a><\/h3>\n                            <p class=\"excerpt\">1. Pjovimo ir atkaitinimo ma\u0161inos darbo eiga \u0160iandien mes jums prane\u0161ime apie pjovimo ir atkaitinimo ma\u0161in\u0105 vienu metu. Pirmiausia paleid\u017eiamas rankinis arba visi\u0161kai automatinis veikimas. \u2193 Maitinimo...<\/p>\n                            <span class=\"post_infos\">\n                                                                    <span class=\"date_hour_holder\">\n                                        <span itemprop=\"dateCreated\" class=\"date entry_date updated\">05 gruod\u017eio, 2024 <meta itemprop=\"interactionCount\" content=\"UserComments: 0\"\/><\/span>\n                                    <\/span>\n                                \n                                \n                                \n                                \n                                                            <\/span>\n                        <\/div>\n                    <\/div>\n                <\/div>\n            <\/div>\n        <\/li>\n        \n        <li class=\"clearfix\">\n            <div class=\"latest_post\"  >\n                <div class=\"latest_post_image clearfix\">\n                    <a itemprop=\"url\" href=\"https:\/\/zunzz.com\/lt\/vieliniu-lynu-stropu-klasifikacija\/\">\n                                            <\/a>\n                <\/div>\n\n\n                <div class=\"latest_post_text\">\n                    <div class=\"latest_post_inner\">\n                        <div class=\"latest_post_text_inner\">\n                            <h3 itemprop=\"name\" class=\"latest_post_title entry_title\"><a itemprop=\"url\" href=\"https:\/\/zunzz.com\/lt\/vieliniu-lynu-stropu-klasifikacija\/\">Vielini\u0173 lyn\u0173 strop\u0173 klasifikacija<\/a><\/h3>\n                            <p class=\"excerpt\">1. PRESUOTAS PLIENIN\u0116S VILIN\u0116S LYN\u0116S takela\u017eas Presuotas takela\u017eas yra m\u016bs\u0173 da\u017eniausiai naudojamas plienini\u0173 vielini\u0173 lyn\u0173 stropas, kuris paprastai skirstomas \u012f du tipus: su apykakle ir be apykakl\u0117s. ...<\/p>\n                            <span class=\"post_infos\">\n                                                                    <span class=\"date_hour_holder\">\n                                        <span itemprop=\"dateCreated\" class=\"date entry_date updated\">24 rugs\u0117jo, 2023 <meta itemprop=\"interactionCount\" content=\"UserComments: 0\"\/><\/span>\n                                    <\/span>\n                                \n                                \n                                \n                                \n                                                            <\/span>\n                        <\/div>\n                    <\/div>\n                <\/div>\n            <\/div>\n        <\/li>\n        \n        <li class=\"clearfix\">\n            <div class=\"latest_post\"  >\n                <div class=\"latest_post_image clearfix\">\n                    <a itemprop=\"url\" href=\"https:\/\/zunzz.com\/lt\/wire-rope-sling\/\">\n                                            <\/a>\n                <\/div>\n\n\n                <div class=\"latest_post_text\">\n                    <div class=\"latest_post_inner\">\n                        <div class=\"latest_post_text_inner\">\n                            <h3 itemprop=\"name\" class=\"latest_post_title entry_title\"><a itemprop=\"url\" href=\"https:\/\/zunzz.com\/lt\/wire-rope-sling\/\">Vielinio lyno dir\u017eas<\/a><\/h3>\n                            <p class=\"excerpt\">Kas yra plieninio vielinio lyno dir\u017eas Plieninio vielinio lyno stropas yra lynas, apdirbamas naudojant plienin\u012f vielin\u012f lyn\u0105 kaip \u017ealiav\u0105 ir daugiausia naudojamas k\u0117limui, traukimui, \u012ftempimui ir apkr...<\/p>\n                            <span class=\"post_infos\">\n                                                                    <span class=\"date_hour_holder\">\n                                        <span itemprop=\"dateCreated\" class=\"date entry_date updated\">14 sausio, 2020 <meta itemprop=\"interactionCount\" content=\"UserComments: 0\"\/><\/span>\n                                    <\/span>\n                                \n                                \n                                \n                                \n                                                            <\/span>\n                        <\/div>\n                    <\/div>\n                <\/div>\n            <\/div>\n        <\/li>\n        \n    <\/ul>\n<\/div>\t\t\t\t<\/div>\n\t\t\t\t<\/div>\n\t\t\t\t\t<\/div>\n\t\t<\/div>\n\t\t\t\t\t<\/div>\n\t\t<\/section>\n\t\t\t\t<\/div>\n\t\t","protected":false},"excerpt":{"rendered":"<p>Common Questions and Answers for Wire Rope Reeling Machine In the process of steel wire rope construction and application, the steel wire rope reeling machine plays a crucial role as an important auxiliary equipment. However, due to factors such as on-site en&#8230; 03 June, 2025&#8230;<\/p>\n","protected":false},"author":1,"featured_media":0,"parent":0,"menu_order":0,"comment_status":"closed","ping_status":"closed","template":"","meta":{"footnotes":""},"class_list":["post-1822","page","type-page","status-publish","hentry"],"yoast_head":"<!-- This site is optimized with the Yoast SEO plugin v26.8 - https:\/\/yoast.com\/product\/yoast-seo-wordpress\/ -->\n<title>Naujausios naujienos - \u201eZunzz\u201c vielini\u0173 lyn\u0173 strop\u0173 ma\u0161in\u0173 \u012fmon\u0117<\/title>\n<meta name=\"description\" content=\"I\u0161sami informacija apie naujausius \u201eZunzz\u201c vielini\u0173 lyn\u0173 strop\u0173 ma\u0161in\u0173 \u012fmon\u0117 gamini\u0173 leidimus, pramon\u0117s tendencijas, technologines naujoves ir rinkos tendencijas.\" \/>\n<meta name=\"robots\" content=\"index, follow, max-snippet:-1, max-image-preview:large, max-video-preview:-1\" \/>\n<link rel=\"canonical\" href=\"https:\/\/zunzz.com\/lt\/latest-news\/\" \/>\n<meta property=\"og:locale\" content=\"lt_LT\" \/>\n<meta property=\"og:type\" content=\"article\" \/>\n<meta property=\"og:title\" content=\"Naujausios naujienos - \u201eZunzz\u201c vielini\u0173 lyn\u0173 strop\u0173 ma\u0161in\u0173 \u012fmon\u0117\" \/>\n<meta property=\"og:description\" content=\"I\u0161sami informacija apie naujausius \u201eZunzz\u201c vielini\u0173 lyn\u0173 strop\u0173 ma\u0161in\u0173 \u012fmon\u0117 gamini\u0173 leidimus, pramon\u0117s tendencijas, technologines naujoves ir rinkos tendencijas.\" \/>\n<meta property=\"og:url\" content=\"https:\/\/zunzz.com\/lt\/latest-news\/\" \/>\n<meta property=\"og:site_name\" content=\"Zunzz Wire Rope Sling Machine Company\" \/>\n<meta property=\"article:modified_time\" content=\"2025-12-18T02:51:56+00:00\" \/>\n<meta property=\"og:image\" content=\"https:\/\/zunzz.com\/wp-content\/uploads\/2020\/01\/1.webp\" \/>\n\t<meta property=\"og:image:width\" content=\"1400\" \/>\n\t<meta property=\"og:image:height\" content=\"1400\" \/>\n\t<meta property=\"og:image:type\" content=\"image\/webp\" \/>\n<meta name=\"twitter:card\" content=\"summary_large_image\" \/>\n<meta name=\"twitter:label1\" content=\"Est. reading time\" \/>\n\t<meta name=\"twitter:data1\" content=\"1 minut\u0117\" \/>\n<script type=\"application\/ld+json\" class=\"yoast-schema-graph\">{\"@context\":\"https:\/\/schema.org\",\"@graph\":[{\"@type\":\"WebPage\",\"@id\":\"https:\/\/zunzz.com\/lt\/latest-news\/\",\"url\":\"https:\/\/zunzz.com\/lt\/latest-news\/\",\"name\":\"Naujausios naujienos - \u201eZunzz\u201c vielini\u0173 lyn\u0173 strop\u0173 ma\u0161in\u0173 \u012fmon\u0117\",\"isPartOf\":{\"@id\":\"https:\/\/zunzz.com\/lt\/#website\"},\"primaryImageOfPage\":{\"@id\":\"https:\/\/zunzz.com\/lt\/latest-news\/#primaryimage\"},\"image\":{\"@id\":\"https:\/\/zunzz.com\/lt\/latest-news\/#primaryimage\"},\"thumbnailUrl\":\"https:\/\/zunzz.com\/wp-content\/uploads\/2025\/06\/Wire-Rope-Coiling-Machine-5T-150x150.webp\",\"datePublished\":\"2020-01-14T14:10:46+00:00\",\"dateModified\":\"2025-12-18T02:51:56+00:00\",\"description\":\"I\u0161sami informacija apie naujausius \u201eZunzz\u201c vielini\u0173 lyn\u0173 strop\u0173 ma\u0161in\u0173 \u012fmon\u0117 gamini\u0173 leidimus, pramon\u0117s tendencijas, technologines naujoves ir rinkos tendencijas.\",\"breadcrumb\":{\"@id\":\"https:\/\/zunzz.com\/lt\/latest-news\/#breadcrumb\"},\"inLanguage\":\"lt-LT\",\"potentialAction\":[{\"@type\":\"ReadAction\",\"target\":[\"https:\/\/zunzz.com\/lt\/latest-news\/\"]}]},{\"@type\":\"ImageObject\",\"inLanguage\":\"lt-LT\",\"@id\":\"https:\/\/zunzz.com\/lt\/latest-news\/#primaryimage\",\"url\":\"https:\/\/zunzz.com\/wp-content\/uploads\/2025\/06\/Wire-Rope-Coiling-Machine-5T-150x150.webp\",\"contentUrl\":\"https:\/\/zunzz.com\/wp-content\/uploads\/2025\/06\/Wire-Rope-Coiling-Machine-5T-150x150.webp\"},{\"@type\":\"BreadcrumbList\",\"@id\":\"https:\/\/zunzz.com\/lt\/latest-news\/#breadcrumb\",\"itemListElement\":[{\"@type\":\"ListItem\",\"position\":1,\"name\":\"Home\",\"item\":\"https:\/\/zunzz.com\/lt\/home\/\"},{\"@type\":\"ListItem\",\"position\":2,\"name\":\"Naujausios naujienos\"}]},{\"@type\":\"WebSite\",\"@id\":\"https:\/\/zunzz.com\/lt\/#website\",\"url\":\"https:\/\/zunzz.com\/lt\/\",\"name\":\"Zunzz Wire Rope Sling Machine Company\",\"description\":\"Zunzz Wire Rope Sling Machine Company is a leading manufacturer of wire rope sling machines and related products.\",\"publisher\":{\"@id\":\"https:\/\/zunzz.com\/lt\/#organization\"},\"potentialAction\":[{\"@type\":\"SearchAction\",\"target\":{\"@type\":\"EntryPoint\",\"urlTemplate\":\"https:\/\/zunzz.com\/lt\/?s={search_term_string}\"},\"query-input\":{\"@type\":\"PropertyValueSpecification\",\"valueRequired\":true,\"valueName\":\"search_term_string\"}}],\"inLanguage\":\"lt-LT\"},{\"@type\":\"Organization\",\"@id\":\"https:\/\/zunzz.com\/lt\/#organization\",\"name\":\"Zunzz Wire Rope Sling Machine Company\",\"url\":\"https:\/\/zunzz.com\/lt\/\",\"logo\":{\"@type\":\"ImageObject\",\"inLanguage\":\"lt-LT\",\"@id\":\"https:\/\/zunzz.com\/lt\/#\/schema\/logo\/image\/\",\"url\":\"https:\/\/zunzz.com\/wp-content\/uploads\/2023\/09\/Logo.png\",\"contentUrl\":\"https:\/\/zunzz.com\/wp-content\/uploads\/2023\/09\/Logo.png\",\"width\":171,\"height\":133,\"caption\":\"Zunzz Wire Rope Sling Machine Company\"},\"image\":{\"@id\":\"https:\/\/zunzz.com\/lt\/#\/schema\/logo\/image\/\"}}]}<\/script>\n<!-- \/ Yoast SEO plugin. -->","yoast_head_json":{"title":"Naujausios naujienos - \u201eZunzz\u201c vielini\u0173 lyn\u0173 strop\u0173 ma\u0161in\u0173 \u012fmon\u0117","description":"I\u0161sami informacija apie naujausius \u201eZunzz\u201c vielini\u0173 lyn\u0173 strop\u0173 ma\u0161in\u0173 \u012fmon\u0117 gamini\u0173 leidimus, pramon\u0117s tendencijas, technologines naujoves ir rinkos tendencijas.","robots":{"index":"index","follow":"follow","max-snippet":"max-snippet:-1","max-image-preview":"max-image-preview:large","max-video-preview":"max-video-preview:-1"},"canonical":"https:\/\/zunzz.com\/lt\/latest-news\/","og_locale":"lt_LT","og_type":"article","og_title":"Naujausios naujienos - \u201eZunzz\u201c vielini\u0173 lyn\u0173 strop\u0173 ma\u0161in\u0173 \u012fmon\u0117","og_description":"I\u0161sami informacija apie naujausius \u201eZunzz\u201c vielini\u0173 lyn\u0173 strop\u0173 ma\u0161in\u0173 \u012fmon\u0117 gamini\u0173 leidimus, pramon\u0117s tendencijas, technologines naujoves ir rinkos tendencijas.","og_url":"https:\/\/zunzz.com\/lt\/latest-news\/","og_site_name":"Zunzz Wire Rope Sling Machine Company","article_modified_time":"2025-12-18T02:51:56+00:00","og_image":[{"width":1400,"height":1400,"url":"https:\/\/zunzz.com\/wp-content\/uploads\/2020\/01\/1.webp","type":"image\/webp"}],"twitter_card":"summary_large_image","twitter_misc":{"Est. reading time":"1 minut\u0117"},"schema":{"@context":"https:\/\/schema.org","@graph":[{"@type":"WebPage","@id":"https:\/\/zunzz.com\/lt\/latest-news\/","url":"https:\/\/zunzz.com\/lt\/latest-news\/","name":"Naujausios naujienos - \u201eZunzz\u201c vielini\u0173 lyn\u0173 strop\u0173 ma\u0161in\u0173 \u012fmon\u0117","isPartOf":{"@id":"https:\/\/zunzz.com\/lt\/#website"},"primaryImageOfPage":{"@id":"https:\/\/zunzz.com\/lt\/latest-news\/#primaryimage"},"image":{"@id":"https:\/\/zunzz.com\/lt\/latest-news\/#primaryimage"},"thumbnailUrl":"https:\/\/zunzz.com\/wp-content\/uploads\/2025\/06\/Wire-Rope-Coiling-Machine-5T-150x150.webp","datePublished":"2020-01-14T14:10:46+00:00","dateModified":"2025-12-18T02:51:56+00:00","description":"I\u0161sami informacija apie naujausius \u201eZunzz\u201c vielini\u0173 lyn\u0173 strop\u0173 ma\u0161in\u0173 \u012fmon\u0117 gamini\u0173 leidimus, pramon\u0117s tendencijas, technologines naujoves ir rinkos tendencijas.","breadcrumb":{"@id":"https:\/\/zunzz.com\/lt\/latest-news\/#breadcrumb"},"inLanguage":"lt-LT","potentialAction":[{"@type":"ReadAction","target":["https:\/\/zunzz.com\/lt\/latest-news\/"]}]},{"@type":"ImageObject","inLanguage":"lt-LT","@id":"https:\/\/zunzz.com\/lt\/latest-news\/#primaryimage","url":"https:\/\/zunzz.com\/wp-content\/uploads\/2025\/06\/Wire-Rope-Coiling-Machine-5T-150x150.webp","contentUrl":"https:\/\/zunzz.com\/wp-content\/uploads\/2025\/06\/Wire-Rope-Coiling-Machine-5T-150x150.webp"},{"@type":"BreadcrumbList","@id":"https:\/\/zunzz.com\/lt\/latest-news\/#breadcrumb","itemListElement":[{"@type":"ListItem","position":1,"name":"Home","item":"https:\/\/zunzz.com\/lt\/home\/"},{"@type":"ListItem","position":2,"name":"Naujausios naujienos"}]},{"@type":"WebSite","@id":"https:\/\/zunzz.com\/lt\/#website","url":"https:\/\/zunzz.com\/lt\/","name":"Zunzz Wire Rope Sling Machine Company","description":"Zunzz Wire Rope Sling Machine Company is a leading manufacturer of wire rope sling machines and related products.","publisher":{"@id":"https:\/\/zunzz.com\/lt\/#organization"},"potentialAction":[{"@type":"SearchAction","target":{"@type":"EntryPoint","urlTemplate":"https:\/\/zunzz.com\/lt\/?s={search_term_string}"},"query-input":{"@type":"PropertyValueSpecification","valueRequired":true,"valueName":"search_term_string"}}],"inLanguage":"lt-LT"},{"@type":"Organization","@id":"https:\/\/zunzz.com\/lt\/#organization","name":"Zunzz Wire Rope Sling Machine Company","url":"https:\/\/zunzz.com\/lt\/","logo":{"@type":"ImageObject","inLanguage":"lt-LT","@id":"https:\/\/zunzz.com\/lt\/#\/schema\/logo\/image\/","url":"https:\/\/zunzz.com\/wp-content\/uploads\/2023\/09\/Logo.png","contentUrl":"https:\/\/zunzz.com\/wp-content\/uploads\/2023\/09\/Logo.png","width":171,"height":133,"caption":"Zunzz Wire Rope Sling Machine Company"},"image":{"@id":"https:\/\/zunzz.com\/lt\/#\/schema\/logo\/image\/"}}]}},"_links":{"self":[{"href":"https:\/\/zunzz.com\/lt\/wp-json\/wp\/v2\/pages\/1822","targetHints":{"allow":["GET"]}}],"collection":[{"href":"https:\/\/zunzz.com\/lt\/wp-json\/wp\/v2\/pages"}],"about":[{"href":"https:\/\/zunzz.com\/lt\/wp-json\/wp\/v2\/types\/page"}],"author":[{"embeddable":true,"href":"https:\/\/zunzz.com\/lt\/wp-json\/wp\/v2\/users\/1"}],"replies":[{"embeddable":true,"href":"https:\/\/zunzz.com\/lt\/wp-json\/wp\/v2\/comments?post=1822"}],"version-history":[{"count":12,"href":"https:\/\/zunzz.com\/lt\/wp-json\/wp\/v2\/pages\/1822\/revisions"}],"predecessor-version":[{"id":5954,"href":"https:\/\/zunzz.com\/lt\/wp-json\/wp\/v2\/pages\/1822\/revisions\/5954"}],"wp:attachment":[{"href":"https:\/\/zunzz.com\/lt\/wp-json\/wp\/v2\/media?parent=1822"}],"curies":[{"name":"wp","href":"https:\/\/api.w.org\/{rel}","templated":true}]}}