{"id":1804,"date":"2020-01-15T11:46:42","date_gmt":"2020-01-15T11:46:42","guid":{"rendered":"https:\/\/zunzz.com\/kontaktu-parduotuve\/"},"modified":"2025-12-18T04:46:09","modified_gmt":"2025-12-18T04:46:09","slug":"contact-store","status":"publish","type":"page","link":"https:\/\/zunzz.com\/lt\/contact-store\/","title":{"rendered":"Susisiekite su mumis"},"content":{"rendered":"\t\t<div data-elementor-type=\"wp-page\" data-elementor-id=\"1804\" class=\"elementor elementor-1804 elementor-216\">\n\t\t\t\t\t\t<section class=\"elementor-section elementor-top-section elementor-element elementor-element-df9a266 elementor-section-boxed elementor-section-height-default elementor-section-height-default parallax_section_no qode_elementor_container_no\" data-id=\"df9a266\" data-element_type=\"section\">\n\t\t\t\t\t\t<div class=\"elementor-container elementor-column-gap-no\">\n\t\t\t\t\t<div class=\"elementor-column elementor-col-100 elementor-top-column elementor-element elementor-element-091e373\" data-id=\"091e373\" data-element_type=\"column\">\n\t\t\t<div class=\"elementor-widget-wrap elementor-element-populated\">\n\t\t\t\t\t\t<div class=\"elementor-element elementor-element-7139971 elementor-widget elementor-widget-text-editor\" data-id=\"7139971\" data-element_type=\"widget\" data-widget_type=\"text-editor.default\">\n\t\t\t\t<div class=\"elementor-widget-container\">\n\t\t\t\t\t\t\t\t\t<h1>Susisiekite su mumis ir susisiekite<\/h1>\t\t\t\t\t\t\t\t<\/div>\n\t\t\t\t<\/div>\n\t\t\t\t<div class=\"elementor-element elementor-element-f212a64 elementor-widget elementor-widget-text-editor\" data-id=\"f212a64\" data-element_type=\"widget\" data-widget_type=\"text-editor.default\">\n\t\t\t\t<div class=\"elementor-widget-container\">\n\t\t\t\t\t\t\t\t\t<h6>(Mokslini\u0173 tyrim\u0173, gamybos ir pardavimo integravimas.)<\/h6>\t\t\t\t\t\t\t\t<\/div>\n\t\t\t\t<\/div>\n\t\t\t\t\t<\/div>\n\t\t<\/div>\n\t\t\t\t\t<\/div>\n\t\t<\/section>\n\t\t\t\t<section class=\"elementor-section elementor-top-section elementor-element elementor-element-ab604e5 elementor-section-boxed elementor-section-height-default elementor-section-height-default parallax_section_no qode_elementor_container_no\" data-id=\"ab604e5\" data-element_type=\"section\">\n\t\t\t\t\t\t<div class=\"elementor-container elementor-column-gap-no\">\n\t\t\t\t\t<div class=\"elementor-column elementor-col-100 elementor-top-column elementor-element elementor-element-5dc8846\" data-id=\"5dc8846\" data-element_type=\"column\">\n\t\t\t<div class=\"elementor-widget-wrap elementor-element-populated\">\n\t\t\t\t\t\t<div class=\"elementor-element elementor-element-00fab70 elementor-widget__width-initial elementor-widget elementor-widget-bridge_cf_7\" data-id=\"00fab70\" data-element_type=\"widget\" data-widget_type=\"bridge_cf_7.default\">\n\t\t\t\t<div class=\"elementor-widget-container\">\n\t\t\t\t\t    <div class=\"qode-contact-form-7 qode-contact-form-7-0\">\n    \n<div class=\"wpcf7 no-js\" id=\"wpcf7-f5900-o1\" lang=\"lt-LT\" dir=\"ltr\" data-wpcf7-id=\"5900\">\n<div class=\"screen-reader-response\"><p role=\"status\" aria-live=\"polite\" aria-atomic=\"true\"><\/p> <ul><\/ul><\/div>\n<form action=\"\/lt\/wp-json\/wp\/v2\/pages\/1804#wpcf7-f5900-o1\" method=\"post\" class=\"wpcf7-form init cf7_custom_style_2\" aria-label=\"Kontakt\u0173 forma\" novalidate=\"novalidate\" data-status=\"init\">\n<fieldset class=\"hidden-fields-container\"><input type=\"hidden\" name=\"_wpcf7\" value=\"5900\" \/><input type=\"hidden\" name=\"_wpcf7_version\" value=\"6.1.4\" \/><input type=\"hidden\" name=\"_wpcf7_locale\" value=\"lt_LT\" \/><input type=\"hidden\" name=\"_wpcf7_unit_tag\" value=\"wpcf7-f5900-o1\" \/><input type=\"hidden\" name=\"_wpcf7_container_post\" value=\"0\" \/><input type=\"hidden\" name=\"_wpcf7_posted_data_hash\" value=\"\" \/>\n<\/fieldset>\n<div class=\"wpcf7-turnstile cf-turnstile\" data-sitekey=\"0x4AAAAAACHlhHyKtoljFN8P\" data-response-field-name=\"_wpcf7_turnstile_response\"><\/div>\n\n<div class=\"row\">\n\n    <div class=\"col-12\">\n <span class=\"wpcf7-form-control-wrap\" data-name=\"your-email\"><input size=\"40\" maxlength=\"400\" class=\"wpcf7-form-control wpcf7-email wpcf7-validates-as-required wpcf7-text wpcf7-validates-as-email\" aria-required=\"true\" aria-invalid=\"false\" placeholder=\"El. pa\u0161tas *\" value=\"\" type=\"email\" name=\"your-email\" \/><\/span>\n    <\/div>\n\n    <div class=\"col-12\">\n <span class=\"wpcf7-form-control-wrap\" data-name=\"your-name\"><input size=\"40\" maxlength=\"400\" class=\"wpcf7-form-control wpcf7-text wpcf7-validates-as-required\" aria-required=\"true\" aria-invalid=\"false\" placeholder=\"Vardas *\" value=\"\" type=\"text\" name=\"your-name\" \/><\/span>\n    <\/div>\n\n    <div class=\"col-12\">\n        <span class=\"wpcf7-form-control-wrap\" data-name=\"your-phone\"><input size=\"40\" maxlength=\"400\" class=\"wpcf7-form-control wpcf7-text\" aria-invalid=\"false\" placeholder=\"Tel. \/ \u201eWhatsApp\u201c (neb\u016btina)\" value=\"\" type=\"text\" name=\"your-phone\" \/><\/span>\n    <\/div>\n\n    <div class=\"col-12\">\n        <span class=\"wpcf7-form-control-wrap\" data-name=\"your-message\"><textarea cols=\"40\" rows=\"10\" maxlength=\"2000\" class=\"wpcf7-form-control wpcf7-textarea\" aria-invalid=\"false\" placeholder=\"Para\u0161ykite savo \u017einut\u0119 \u010dia \u2013 atsakysime per 24 valandas\" name=\"your-message\"><\/textarea><\/span>\n    <\/div>\n\n    <div class=\"col-12\">\n        <input class=\"wpcf7-form-control wpcf7-submit has-spinner\" type=\"submit\" value=\"\u017dinut\u0117\" \/>\n    <\/div>\n\n<\/div><div class=\"wpcf7-response-output\" aria-hidden=\"true\"><\/div>\n<\/form>\n<\/div>\n    <\/div>\n\t\t\t\t<\/div>\n\t\t\t\t<\/div>\n\t\t\t\t\t<\/div>\n\t\t<\/div>\n\t\t\t\t\t<\/div>\n\t\t<\/section>\n\t\t<div class=\"elementor-element elementor-element-029bfc3 e-flex e-con-boxed parallax_section_no qode_elementor_container_no e-con e-parent\" data-id=\"029bfc3\" data-element_type=\"container\">\n\t\t\t\t\t<div class=\"e-con-inner\">\n\t\t<div class=\"elementor-element elementor-element-7a6eabf e-con-full e-flex parallax_section_no qode_elementor_container_no e-con e-child\" data-id=\"7a6eabf\" data-element_type=\"container\">\n\t\t\t\t<div class=\"elementor-element elementor-element-7a44232 elementor-widget elementor-widget-text-editor\" data-id=\"7a44232\" data-element_type=\"widget\" data-widget_type=\"text-editor.default\">\n\t\t\t\t<div class=\"elementor-widget-container\">\n\t\t\t\t\t\t\t\t\t<h5><span style=\"color: #a19169;\">Preki\u0173 pardavimas<\/span><\/h5>\t\t\t\t\t\t\t\t<\/div>\n\t\t\t\t<\/div>\n\t\t\t\t<div class=\"elementor-element elementor-element-94ee8ab elementor-widget elementor-widget-bridge_icon_text\" data-id=\"94ee8ab\" data-element_type=\"widget\" data-widget_type=\"bridge_icon_text.default\">\n\t\t\t\t<div class=\"elementor-widget-container\">\n\t\t\t\t\t<div class='q_icon_with_title tiny normal_icon '><div class=\"icon_holder \" style=\" \"><span data-icon-type=\"normal\" style=\"font-size: 13px\" class=\"qode_iwt_icon_holder q_font_awsome_icon   \"><span aria-hidden=\"true\" class=\"qode_icon_font_elegant icon_phone qode_iwt_icon_element\"><\/span><\/span><\/div><div class=\"icon_text_holder\" style=\"\"><div class=\"icon_text_inner\" style=\"\"><h6 class=\"icon_title\" style=\"\">0086-150-28292364<\/h6><p style=''><\/p><\/div><\/div><\/div>\t\t\t\t<\/div>\n\t\t\t\t<\/div>\n\t\t\t\t<div class=\"elementor-element elementor-element-80492ea elementor-widget elementor-widget-bridge_icon_text\" data-id=\"80492ea\" data-element_type=\"widget\" data-widget_type=\"bridge_icon_text.default\">\n\t\t\t\t<div class=\"elementor-widget-container\">\n\t\t\t\t\t<div class='q_icon_with_title tiny normal_icon '><div class=\"icon_holder \" style=\" \"><span data-icon-type=\"normal\" style=\"font-size: 13px\" class=\"qode_iwt_icon_holder q_font_awsome_icon   \"><span aria-hidden=\"true\" class=\"qode_icon_font_elegant icon_mail qode_iwt_icon_element\"><\/span><\/span><\/div><div class=\"icon_text_holder\" style=\"\"><div class=\"icon_text_inner\" style=\"\"><h6 class=\"icon_title\" style=\"\">inquiry@zunzz.com<\/h6><p style=''><\/p><\/div><\/div><\/div>\t\t\t\t<\/div>\n\t\t\t\t<\/div>\n\t\t\t\t<div class=\"elementor-element elementor-element-a0a530b elementor-widget elementor-widget-text-editor\" data-id=\"a0a530b\" data-element_type=\"widget\" data-widget_type=\"text-editor.default\">\n\t\t\t\t<div class=\"elementor-widget-container\">\n\t\t\t\t\t\t\t\t\t<p><strong>Valandos<\/strong>: 24\/7<\/p>\t\t\t\t\t\t\t\t<\/div>\n\t\t\t\t<\/div>\n\t\t\t\t<\/div>\n\t\t<div class=\"elementor-element elementor-element-0419c0a e-con-full e-flex parallax_section_no qode_elementor_container_no e-con e-child\" data-id=\"0419c0a\" data-element_type=\"container\">\n\t\t\t\t<div class=\"elementor-element elementor-element-f5387a5 elementor-widget elementor-widget-text-editor\" data-id=\"f5387a5\" data-element_type=\"widget\" data-widget_type=\"text-editor.default\">\n\t\t\t\t<div class=\"elementor-widget-container\">\n\t\t\t\t\t\t\t\t\t<h5><span style=\"color: #a19169;\">Technin\u0117s konsultacijos<\/span><\/h5>\t\t\t\t\t\t\t\t<\/div>\n\t\t\t\t<\/div>\n\t\t\t\t<div class=\"elementor-element elementor-element-a5ac1cd elementor-widget elementor-widget-bridge_icon_text\" data-id=\"a5ac1cd\" data-element_type=\"widget\" data-widget_type=\"bridge_icon_text.default\">\n\t\t\t\t<div class=\"elementor-widget-container\">\n\t\t\t\t\t<div class='q_icon_with_title tiny normal_icon '><div class=\"icon_holder \" style=\" \"><span data-icon-type=\"normal\" style=\"font-size: 13px\" class=\"qode_iwt_icon_holder q_font_awsome_icon   \"><span aria-hidden=\"true\" class=\"qode_icon_font_elegant icon_phone qode_iwt_icon_element\"><\/span><\/span><\/div><div class=\"icon_text_holder\" style=\"\"><div class=\"icon_text_inner\" style=\"\"><h6 class=\"icon_title\" style=\"\">0086-182-33330917<\/h6><p style=''><\/p><\/div><\/div><\/div>\t\t\t\t<\/div>\n\t\t\t\t<\/div>\n\t\t\t\t<div class=\"elementor-element elementor-element-112d9e0 elementor-widget elementor-widget-bridge_icon_text\" data-id=\"112d9e0\" data-element_type=\"widget\" data-widget_type=\"bridge_icon_text.default\">\n\t\t\t\t<div class=\"elementor-widget-container\">\n\t\t\t\t\t<div class='q_icon_with_title tiny normal_icon '><div class=\"icon_holder \" style=\" \"><span data-icon-type=\"normal\" style=\"font-size: 13px\" class=\"qode_iwt_icon_holder q_font_awsome_icon   \"><span aria-hidden=\"true\" class=\"qode_icon_font_elegant icon_mail qode_iwt_icon_element\"><\/span><\/span><\/div><div class=\"icon_text_holder\" style=\"\"><div class=\"icon_text_inner\" style=\"\"><h6 class=\"icon_title\" style=\"\">zunzzmachine@gmail.com<\/h6><p style=''><\/p><\/div><\/div><\/div>\t\t\t\t<\/div>\n\t\t\t\t<\/div>\n\t\t\t\t<div class=\"elementor-element elementor-element-4f118a4 elementor-widget elementor-widget-text-editor\" data-id=\"4f118a4\" data-element_type=\"widget\" data-widget_type=\"text-editor.default\">\n\t\t\t\t<div class=\"elementor-widget-container\">\n\t\t\t\t\t\t\t\t\t<p><strong>Nuo pirmadienio iki penktadienio<\/strong>: 8.30\u201317.30 val. (UTC+8)<\/p>\t\t\t\t\t\t\t\t<\/div>\n\t\t\t\t<\/div>\n\t\t\t\t<\/div>\n\t\t<div class=\"elementor-element elementor-element-85793d0 e-con-full e-flex parallax_section_no qode_elementor_container_no e-con e-child\" data-id=\"85793d0\" data-element_type=\"container\">\n\t\t\t\t<div class=\"elementor-element elementor-element-2c009eb elementor-widget elementor-widget-text-editor\" data-id=\"2c009eb\" data-element_type=\"widget\" data-widget_type=\"text-editor.default\">\n\t\t\t\t<div class=\"elementor-widget-container\">\n\t\t\t\t\t\t\t\t\t<h5><span style=\"color: #a19169;\">Vietos<\/span><\/h5>\t\t\t\t\t\t\t\t<\/div>\n\t\t\t\t<\/div>\n\t\t\t\t<div class=\"elementor-element elementor-element-3014671 elementor-widget elementor-widget-bridge_icon_text\" data-id=\"3014671\" data-element_type=\"widget\" data-widget_type=\"bridge_icon_text.default\">\n\t\t\t\t<div class=\"elementor-widget-container\">\n\t\t\t\t\t<div class='q_icon_with_title tiny normal_icon '><div class=\"icon_holder \" style=\" \"><span data-icon-type=\"normal\" style=\"font-size: 13px\" class=\"qode_iwt_icon_holder q_font_awsome_icon   \"><span aria-hidden=\"true\" class=\"qode_icon_font_elegant icon_pin qode_iwt_icon_element\"><\/span><\/span><\/div><div class=\"icon_text_holder\" style=\"\"><div class=\"icon_text_inner\" style=\"\"><h6 class=\"icon_title\" style=\"\">Baoding,Hebei,Kinija<\/h6><p style=''><\/p><\/div><\/div><\/div>\t\t\t\t<\/div>\n\t\t\t\t<\/div>\n\t\t\t\t<div class=\"elementor-element elementor-element-f4d3a96 elementor-widget elementor-widget-text-editor\" data-id=\"f4d3a96\" data-element_type=\"widget\" data-widget_type=\"text-editor.default\">\n\t\t\t\t<div class=\"elementor-widget-container\">\n\t\t\t\t\t\t\t\t\t<p>Taip pat galite laisvai kalb\u0117tis su mumis WhatsAPP:<\/p>\t\t\t\t\t\t\t\t<\/div>\n\t\t\t\t<\/div>\n\t\t\t\t<div class=\"elementor-element elementor-element-623a678 elementor-widget elementor-widget-button\" data-id=\"623a678\" data-element_type=\"widget\" data-widget_type=\"button.default\">\n\t\t\t\t<div class=\"elementor-widget-container\">\n\t\t\t\t\t\t\t\t\t<div class=\"elementor-button-wrapper\">\n\t\t\t\t\t<a class=\"elementor-button elementor-button-link elementor-size-sm\" href=\"https:\/\/wa.me\/8615028292364\">\n\t\t\t\t\t\t<span class=\"elementor-button-content-wrapper\">\n\t\t\t\t\t\t\t\t\t<span class=\"elementor-button-text\">Susisiekite su mumis per \"WhatsApp<\/span>\n\t\t\t\t\t<\/span>\n\t\t\t\t\t<\/a>\n\t\t\t\t<\/div>\n\t\t\t\t\t\t\t\t<\/div>\n\t\t\t\t<\/div>\n\t\t\t\t<\/div>\n\t\t\t\t\t<\/div>\n\t\t\t\t<\/div>\n\t\t\t\t<section class=\"elementor-section elementor-top-section elementor-element elementor-element-bc3d813 elementor-section-boxed elementor-section-height-default elementor-section-height-default parallax_section_no qode_elementor_container_no\" data-id=\"bc3d813\" data-element_type=\"section\">\n\t\t\t\t\t\t<div class=\"elementor-container elementor-column-gap-no\">\n\t\t\t\t\t<div class=\"elementor-column elementor-col-100 elementor-top-column elementor-element elementor-element-2c93449\" data-id=\"2c93449\" data-element_type=\"column\">\n\t\t\t<div class=\"elementor-widget-wrap elementor-element-populated\">\n\t\t\t\t\t\t<div class=\"elementor-element elementor-element-2d05bab elementor-widget__width-initial elementor-widget elementor-widget-google_maps\" data-id=\"2d05bab\" data-element_type=\"widget\" data-widget_type=\"google_maps.default\">\n\t\t\t\t<div class=\"elementor-widget-container\">\n\t\t\t\t\t\t\t<div class=\"elementor-custom-embed\">\n\t\t\t<iframe loading=\"lazy\"\n\t\t\t\t\tsrc=\"https:\/\/maps.google.com\/maps?q=Baoding%2C%20Hebei%2C%20China&#038;t=m&#038;z=10&#038;output=embed&#038;iwloc=near\"\n\t\t\t\t\ttitle=\"Baoding, Hebei, China\"\n\t\t\t\t\taria-label=\"Baoding, Hebei, China\"\n\t\t\t><\/iframe>\n\t\t<\/div>\n\t\t\t\t\t\t<\/div>\n\t\t\t\t<\/div>\n\t\t\t\t\t<\/div>\n\t\t<\/div>\n\t\t\t\t\t<\/div>\n\t\t<\/section>\n\t\t\t\t<\/div>\n\t\t","protected":false},"excerpt":{"rendered":"<p>Susisiekite su mumis ir susisiekite (Mokslini\u0173 tyrim\u0173, gamybos ir pardavimo integravimas.) Preki\u0173 pardavimas 0086-150-28292364 inquiry@zunzz.com Valandos: 24\/7 Technin\u0117s konsultacijos 0086-182-33330917 zunzzmachine@gmail.com Nuo pirmadienio iki penktadienio: 8.30\u201317.30 val. (UTC+8) Vietos Baoding,Hebei,Kinija Taip pat galite laisvai kalb\u0117tis su mumis WhatsAPP: Susisiekite su mumis per &#8222;WhatsApp<\/p>\n","protected":false},"author":1,"featured_media":5790,"parent":0,"menu_order":0,"comment_status":"closed","ping_status":"closed","template":"","meta":{"footnotes":""},"class_list":["post-1804","page","type-page","status-publish","has-post-thumbnail","hentry"],"yoast_head":"<!-- This site is optimized with the Yoast SEO plugin v26.8 - https:\/\/yoast.com\/product\/yoast-seo-wordpress\/ -->\n<title>Susisiekite su mumis - \u201eZunzz\u201c vielini\u0173 lyn\u0173 strop\u0173 ma\u0161in\u0173 \u012fmon\u0117<\/title>\n<meta name=\"description\" content=\"Jei turite klausim\u0173 apie \u201eZunzz\u201c vielini\u0173 lyn\u0173 strop\u0173 ma\u0161in\u0173 \u012fmon\u0117 produktus ar paslaugas, arba jei norite su\u017einoti daugiau informacijos, susisiekite su mumis bet kuriuo metu.\" \/>\n<meta name=\"robots\" content=\"index, follow, max-snippet:-1, max-image-preview:large, max-video-preview:-1\" \/>\n<link rel=\"canonical\" href=\"https:\/\/zunzz.com\/lt\/contact-store\/\" \/>\n<meta property=\"og:locale\" content=\"lt_LT\" \/>\n<meta property=\"og:type\" content=\"article\" \/>\n<meta property=\"og:title\" content=\"Susisiekite su mumis - \u201eZunzz\u201c vielini\u0173 lyn\u0173 strop\u0173 ma\u0161in\u0173 \u012fmon\u0117\" \/>\n<meta property=\"og:description\" content=\"Jei turite klausim\u0173 apie \u201eZunzz\u201c vielini\u0173 lyn\u0173 strop\u0173 ma\u0161in\u0173 \u012fmon\u0117 produktus ar paslaugas, arba jei norite su\u017einoti daugiau informacijos, susisiekite su mumis bet kuriuo metu.\" \/>\n<meta property=\"og:url\" content=\"https:\/\/zunzz.com\/lt\/contact-store\/\" \/>\n<meta property=\"og:site_name\" content=\"Zunzz Wire Rope Sling Machine Company\" \/>\n<meta property=\"article:modified_time\" content=\"2025-12-18T04:46:09+00:00\" \/>\n<meta property=\"og:image\" content=\"https:\/\/zunzz.com\/wp-content\/uploads\/2025\/12\/Production-workshop-1.webp\" \/>\n\t<meta property=\"og:image:width\" content=\"1000\" \/>\n\t<meta property=\"og:image:height\" content=\"1000\" \/>\n\t<meta property=\"og:image:type\" content=\"image\/webp\" \/>\n<meta name=\"twitter:card\" content=\"summary_large_image\" \/>\n<meta name=\"twitter:label1\" content=\"Est. reading time\" \/>\n\t<meta name=\"twitter:data1\" content=\"1 minut\u0117\" \/>\n<script type=\"application\/ld+json\" class=\"yoast-schema-graph\">{\"@context\":\"https:\/\/schema.org\",\"@graph\":[{\"@type\":\"WebPage\",\"@id\":\"https:\/\/zunzz.com\/lt\/contact-store\/\",\"url\":\"https:\/\/zunzz.com\/lt\/contact-store\/\",\"name\":\"Susisiekite su mumis - \u201eZunzz\u201c vielini\u0173 lyn\u0173 strop\u0173 ma\u0161in\u0173 \u012fmon\u0117\",\"isPartOf\":{\"@id\":\"https:\/\/zunzz.com\/lt\/#website\"},\"primaryImageOfPage\":{\"@id\":\"https:\/\/zunzz.com\/lt\/contact-store\/#primaryimage\"},\"image\":{\"@id\":\"https:\/\/zunzz.com\/lt\/contact-store\/#primaryimage\"},\"thumbnailUrl\":\"https:\/\/zunzz.com\/wp-content\/uploads\/2025\/12\/Production-workshop-1.webp\",\"datePublished\":\"2020-01-15T11:46:42+00:00\",\"dateModified\":\"2025-12-18T04:46:09+00:00\",\"description\":\"Jei turite klausim\u0173 apie \u201eZunzz\u201c vielini\u0173 lyn\u0173 strop\u0173 ma\u0161in\u0173 \u012fmon\u0117 produktus ar paslaugas, arba jei norite su\u017einoti daugiau informacijos, susisiekite su mumis bet kuriuo metu.\",\"breadcrumb\":{\"@id\":\"https:\/\/zunzz.com\/lt\/contact-store\/#breadcrumb\"},\"inLanguage\":\"lt-LT\",\"potentialAction\":[{\"@type\":\"ReadAction\",\"target\":[\"https:\/\/zunzz.com\/lt\/contact-store\/\"]}]},{\"@type\":\"ImageObject\",\"inLanguage\":\"lt-LT\",\"@id\":\"https:\/\/zunzz.com\/lt\/contact-store\/#primaryimage\",\"url\":\"https:\/\/zunzz.com\/wp-content\/uploads\/2025\/12\/Production-workshop-1.webp\",\"contentUrl\":\"https:\/\/zunzz.com\/wp-content\/uploads\/2025\/12\/Production-workshop-1.webp\",\"width\":1000,\"height\":1000,\"caption\":\"Gamybos dirbtuv\u0117s\"},{\"@type\":\"BreadcrumbList\",\"@id\":\"https:\/\/zunzz.com\/lt\/contact-store\/#breadcrumb\",\"itemListElement\":[{\"@type\":\"ListItem\",\"position\":1,\"name\":\"Home\",\"item\":\"https:\/\/zunzz.com\/lt\/home\/\"},{\"@type\":\"ListItem\",\"position\":2,\"name\":\"Susisiekite su mumis\"}]},{\"@type\":\"WebSite\",\"@id\":\"https:\/\/zunzz.com\/lt\/#website\",\"url\":\"https:\/\/zunzz.com\/lt\/\",\"name\":\"Zunzz Wire Rope Sling Machine Company\",\"description\":\"Zunzz Wire Rope Sling Machine Company is a leading manufacturer of wire rope sling machines and related products.\",\"publisher\":{\"@id\":\"https:\/\/zunzz.com\/lt\/#organization\"},\"potentialAction\":[{\"@type\":\"SearchAction\",\"target\":{\"@type\":\"EntryPoint\",\"urlTemplate\":\"https:\/\/zunzz.com\/lt\/?s={search_term_string}\"},\"query-input\":{\"@type\":\"PropertyValueSpecification\",\"valueRequired\":true,\"valueName\":\"search_term_string\"}}],\"inLanguage\":\"lt-LT\"},{\"@type\":\"Organization\",\"@id\":\"https:\/\/zunzz.com\/lt\/#organization\",\"name\":\"Zunzz Wire Rope Sling Machine Company\",\"url\":\"https:\/\/zunzz.com\/lt\/\",\"logo\":{\"@type\":\"ImageObject\",\"inLanguage\":\"lt-LT\",\"@id\":\"https:\/\/zunzz.com\/lt\/#\/schema\/logo\/image\/\",\"url\":\"https:\/\/zunzz.com\/wp-content\/uploads\/2023\/09\/Logo.png\",\"contentUrl\":\"https:\/\/zunzz.com\/wp-content\/uploads\/2023\/09\/Logo.png\",\"width\":171,\"height\":133,\"caption\":\"Zunzz Wire Rope Sling Machine Company\"},\"image\":{\"@id\":\"https:\/\/zunzz.com\/lt\/#\/schema\/logo\/image\/\"}}]}<\/script>\n<!-- \/ Yoast SEO plugin. -->","yoast_head_json":{"title":"Susisiekite su mumis - \u201eZunzz\u201c vielini\u0173 lyn\u0173 strop\u0173 ma\u0161in\u0173 \u012fmon\u0117","description":"Jei turite klausim\u0173 apie \u201eZunzz\u201c vielini\u0173 lyn\u0173 strop\u0173 ma\u0161in\u0173 \u012fmon\u0117 produktus ar paslaugas, arba jei norite su\u017einoti daugiau informacijos, susisiekite su mumis bet kuriuo metu.","robots":{"index":"index","follow":"follow","max-snippet":"max-snippet:-1","max-image-preview":"max-image-preview:large","max-video-preview":"max-video-preview:-1"},"canonical":"https:\/\/zunzz.com\/lt\/contact-store\/","og_locale":"lt_LT","og_type":"article","og_title":"Susisiekite su mumis - \u201eZunzz\u201c vielini\u0173 lyn\u0173 strop\u0173 ma\u0161in\u0173 \u012fmon\u0117","og_description":"Jei turite klausim\u0173 apie \u201eZunzz\u201c vielini\u0173 lyn\u0173 strop\u0173 ma\u0161in\u0173 \u012fmon\u0117 produktus ar paslaugas, arba jei norite su\u017einoti daugiau informacijos, susisiekite su mumis bet kuriuo metu.","og_url":"https:\/\/zunzz.com\/lt\/contact-store\/","og_site_name":"Zunzz Wire Rope Sling Machine Company","article_modified_time":"2025-12-18T04:46:09+00:00","og_image":[{"width":1000,"height":1000,"url":"https:\/\/zunzz.com\/wp-content\/uploads\/2025\/12\/Production-workshop-1.webp","type":"image\/webp"}],"twitter_card":"summary_large_image","twitter_misc":{"Est. reading time":"1 minut\u0117"},"schema":{"@context":"https:\/\/schema.org","@graph":[{"@type":"WebPage","@id":"https:\/\/zunzz.com\/lt\/contact-store\/","url":"https:\/\/zunzz.com\/lt\/contact-store\/","name":"Susisiekite su mumis - \u201eZunzz\u201c vielini\u0173 lyn\u0173 strop\u0173 ma\u0161in\u0173 \u012fmon\u0117","isPartOf":{"@id":"https:\/\/zunzz.com\/lt\/#website"},"primaryImageOfPage":{"@id":"https:\/\/zunzz.com\/lt\/contact-store\/#primaryimage"},"image":{"@id":"https:\/\/zunzz.com\/lt\/contact-store\/#primaryimage"},"thumbnailUrl":"https:\/\/zunzz.com\/wp-content\/uploads\/2025\/12\/Production-workshop-1.webp","datePublished":"2020-01-15T11:46:42+00:00","dateModified":"2025-12-18T04:46:09+00:00","description":"Jei turite klausim\u0173 apie \u201eZunzz\u201c vielini\u0173 lyn\u0173 strop\u0173 ma\u0161in\u0173 \u012fmon\u0117 produktus ar paslaugas, arba jei norite su\u017einoti daugiau informacijos, susisiekite su mumis bet kuriuo metu.","breadcrumb":{"@id":"https:\/\/zunzz.com\/lt\/contact-store\/#breadcrumb"},"inLanguage":"lt-LT","potentialAction":[{"@type":"ReadAction","target":["https:\/\/zunzz.com\/lt\/contact-store\/"]}]},{"@type":"ImageObject","inLanguage":"lt-LT","@id":"https:\/\/zunzz.com\/lt\/contact-store\/#primaryimage","url":"https:\/\/zunzz.com\/wp-content\/uploads\/2025\/12\/Production-workshop-1.webp","contentUrl":"https:\/\/zunzz.com\/wp-content\/uploads\/2025\/12\/Production-workshop-1.webp","width":1000,"height":1000,"caption":"Gamybos dirbtuv\u0117s"},{"@type":"BreadcrumbList","@id":"https:\/\/zunzz.com\/lt\/contact-store\/#breadcrumb","itemListElement":[{"@type":"ListItem","position":1,"name":"Home","item":"https:\/\/zunzz.com\/lt\/home\/"},{"@type":"ListItem","position":2,"name":"Susisiekite su mumis"}]},{"@type":"WebSite","@id":"https:\/\/zunzz.com\/lt\/#website","url":"https:\/\/zunzz.com\/lt\/","name":"Zunzz Wire Rope Sling Machine Company","description":"Zunzz Wire Rope Sling Machine Company is a leading manufacturer of wire rope sling machines and related products.","publisher":{"@id":"https:\/\/zunzz.com\/lt\/#organization"},"potentialAction":[{"@type":"SearchAction","target":{"@type":"EntryPoint","urlTemplate":"https:\/\/zunzz.com\/lt\/?s={search_term_string}"},"query-input":{"@type":"PropertyValueSpecification","valueRequired":true,"valueName":"search_term_string"}}],"inLanguage":"lt-LT"},{"@type":"Organization","@id":"https:\/\/zunzz.com\/lt\/#organization","name":"Zunzz Wire Rope Sling Machine Company","url":"https:\/\/zunzz.com\/lt\/","logo":{"@type":"ImageObject","inLanguage":"lt-LT","@id":"https:\/\/zunzz.com\/lt\/#\/schema\/logo\/image\/","url":"https:\/\/zunzz.com\/wp-content\/uploads\/2023\/09\/Logo.png","contentUrl":"https:\/\/zunzz.com\/wp-content\/uploads\/2023\/09\/Logo.png","width":171,"height":133,"caption":"Zunzz Wire Rope Sling Machine Company"},"image":{"@id":"https:\/\/zunzz.com\/lt\/#\/schema\/logo\/image\/"}}]}},"_links":{"self":[{"href":"https:\/\/zunzz.com\/lt\/wp-json\/wp\/v2\/pages\/1804","targetHints":{"allow":["GET"]}}],"collection":[{"href":"https:\/\/zunzz.com\/lt\/wp-json\/wp\/v2\/pages"}],"about":[{"href":"https:\/\/zunzz.com\/lt\/wp-json\/wp\/v2\/types\/page"}],"author":[{"embeddable":true,"href":"https:\/\/zunzz.com\/lt\/wp-json\/wp\/v2\/users\/1"}],"replies":[{"embeddable":true,"href":"https:\/\/zunzz.com\/lt\/wp-json\/wp\/v2\/comments?post=1804"}],"version-history":[{"count":26,"href":"https:\/\/zunzz.com\/lt\/wp-json\/wp\/v2\/pages\/1804\/revisions"}],"predecessor-version":[{"id":6043,"href":"https:\/\/zunzz.com\/lt\/wp-json\/wp\/v2\/pages\/1804\/revisions\/6043"}],"wp:featuredmedia":[{"embeddable":true,"href":"https:\/\/zunzz.com\/lt\/wp-json\/wp\/v2\/media\/5790"}],"wp:attachment":[{"href":"https:\/\/zunzz.com\/lt\/wp-json\/wp\/v2\/media?parent=1804"}],"curies":[{"name":"wp","href":"https:\/\/api.w.org\/{rel}","templated":true}]}}