{"id":2935,"date":"2025-12-12T01:50:14","date_gmt":"2025-12-12T01:50:14","guid":{"rendered":"https:\/\/zunzz.com\/product\/macchina-da-taglio-e-ricottura-5mm\/"},"modified":"2025-12-13T12:28:45","modified_gmt":"2025-12-13T12:28:45","slug":"cutting-and-annealing-machine","status":"publish","type":"product","link":"https:\/\/zunzz.com\/it\/product\/cutting-and-annealing-machine\/","title":{"rendered":"Macchina da taglio e ricottura 5MM"},"content":{"rendered":"<h2 class=\"product_title entry-title\">1. Introduzione della macchina da taglio e ricottura<\/h2>\n<p>Nel 2001, la Zunzz Wire Rope Sling Machine Company ha lanciato con successo questa <strong>macchina per il taglio e la ricottura<\/strong> di funi metalliche. Grazie alla nostra continua ricerca della qualit\u00e0 e al continuo sviluppo della tecnologia, abbiamo ottenuto numerosi brevetti di invenzione nazionali. Non solo le prestazioni sono state notevolmente migliorate, ma pu\u00f2 fondere la fune metallica in poco tempo senza causare danni ad altre parti della fune metallica.  <\/p>\n<p>L&#8217;unit\u00e0 \u00e8 inoltre dotata di un sistema di controllo preciso che assicura che la corrente e la temperatura richieste siano sempre disponibili. Il funzionamento della macchina \u00e8 diventato pi\u00f9 semplice e facile da usare, soddisfacendo meglio le esigenze dei clienti. <\/p>\n<p>Utilizziamo componenti di alta qualit\u00e0 di marchi leader per garantire affidabilit\u00e0 e durata superiori. Ci siamo impegnati a fornire ai clienti prodotti di prima classe, mirando a liberarvi dalle preoccupazioni. Attraverso innovazione continua e miglioramento continuo, le nostre macchine non solo soddisfano le esigenze del mercato, ma forniscono anche ai clienti un&#8217;esperienza d&#8217;uso eccellente.  <\/p>\n<p>Grazie per la fiducia che avete riposto in noi, continueremo a lavorare sodo per offrirvi servizi e prodotti migliori.<\/p>\n<p>Questo dispositivo \u00e8 ampiamente utilizzato per il taglio automatico di cavi in \u200b\u200bacciaio di qualsiasi specifica in settori quali apparecchiature mediche, parti di automobili, sicurezza degli edifici, mobili per ufficio, biciclette, attrezzature sportive e lockdown. <\/p>\n<p><img fetchpriority=\"high\" decoding=\"async\" class=\"alignnone wp-image-5021 size-full\" src=\"https:\/\/zunzz.com\/wp-content\/uploads\/2023\/09\/Cutting-and-Annealing-Machine.webp\" alt=\"Macchina da taglio e ricottura\" width=\"600\" height=\"600\" srcset=\"https:\/\/zunzz.com\/wp-content\/uploads\/2023\/09\/Cutting-and-Annealing-Machine.webp 600w, https:\/\/zunzz.com\/wp-content\/uploads\/2023\/09\/Cutting-and-Annealing-Machine-300x300.webp 300w, https:\/\/zunzz.com\/wp-content\/uploads\/2023\/09\/Cutting-and-Annealing-Machine-150x150.webp 150w, https:\/\/zunzz.com\/wp-content\/uploads\/2023\/09\/Cutting-and-Annealing-Machine-570x570.webp 570w, https:\/\/zunzz.com\/wp-content\/uploads\/2023\/09\/Cutting-and-Annealing-Machine-500x500.webp 500w, https:\/\/zunzz.com\/wp-content\/uploads\/2023\/09\/Cutting-and-Annealing-Machine-100x100.webp 100w\" sizes=\"(max-width: 600px) 100vw, 600px\" \/><\/p>\n<p><iframe title=\"Wire Rope Annealing Machine 1-5mm\" width=\"1060\" height=\"596\" src=\"https:\/\/www.youtube.com\/embed\/-hWHbhQLEHA?feature=oembed\" frameborder=\"0\" allow=\"accelerometer; autoplay; clipboard-write; encrypted-media; gyroscope; picture-in-picture; web-share\" referrerpolicy=\"strict-origin-when-cross-origin\" allowfullscreen><\/iframe><\/p>\n<h2>2.Parametri tecnici<\/h2>\n<div class=\"table-r\">\n<table width=\"100%\">\n<tbody>\n<tr>\n<td width=\"50%\">Tipo di macchina\n<\/td>\n<td width=\"50%\"><strong>Macchina per taglio e ricottura<\/strong><\/td>\n<\/tr>\n<tr>\n<td width=\"50%\">Intervallo di bruciatura\n<\/td>\n<td width=\"50%\">1mm-5mm<\/td>\n<\/tr>\n<tr>\n<td width=\"50%\">Pressione dell&#8217;aria\n<\/td>\n<td width=\"50%\">0,4 MPa<\/td>\n<\/tr>\n<tr>\n<td width=\"50%\">Tensione\n<\/td>\n<td width=\"50%\">Come richiesto<\/td>\n<\/tr>\n<tr>\n<td width=\"50%\">Potenza\n<\/td>\n<td width=\"50%\">7,5 kW<\/td>\n<\/tr>\n<tr>\n<td width=\"50%\">Dimensioni (mm)\n<\/td>\n<td width=\"50%\">800L*800W*1500H<\/td>\n<\/tr>\n<tr>\n<td width=\"50%\">Peso\n<\/td>\n<td width=\"50%\">400KG<\/td>\n<\/tr>\n<tr>\n<td width=\"50%\">Precisione\n<\/td>\n<td width=\"50%\">\u00b12mm\/m<\/td>\n<\/tr>\n<tr>\n<td width=\"50%\">Lunghezza minima di ricottura\n<\/td>\n<td width=\"50%\">1,5cm<\/td>\n<\/tr>\n<\/tbody>\n<\/table>\n<\/div>\n<h3><img decoding=\"async\" class=\"alignnone wp-image-5036 size-large\" src=\"https:\/\/zunzz.com\/wp-content\/uploads\/2023\/09\/11-1024x634.webp\" alt=\"Macchina da taglio e ricottura\" width=\"1024\" height=\"634\" srcset=\"https:\/\/zunzz.com\/wp-content\/uploads\/2023\/09\/11-1024x634.webp 1024w, https:\/\/zunzz.com\/wp-content\/uploads\/2023\/09\/11-300x186.webp 300w, https:\/\/zunzz.com\/wp-content\/uploads\/2023\/09\/11-768x476.webp 768w, https:\/\/zunzz.com\/wp-content\/uploads\/2023\/09\/11-700x434.webp 700w, https:\/\/zunzz.com\/wp-content\/uploads\/2023\/09\/11-600x372.webp 600w, https:\/\/zunzz.com\/wp-content\/uploads\/2023\/09\/11.webp 1093w\" sizes=\"(max-width: 1024px) 100vw, 1024px\" \/><\/h3>\n<h2>3. Caratteristiche della macchina di taglio e ricottura<\/h2>\n<ul>\n<li>Design raffinato, leggero e comodo, facile da spostare.<\/li>\n<li>L&#8217;intervallo di diametro di fusione \u00e8 ampio e la fusione del cavo metallico pu\u00f2 essere completata entro l&#8217;intervallo di diametro specificato senza dover sostituire alcuna parte.<\/li>\n<li>Facile da usare, non serve alcuna chiave per il dispositivo di fissaggio.<\/li>\n<li>Basso consumo energetico, elevata efficienza e risparmio energetico, garantendo un utilizzo sicuro.<\/li>\n<li>Prezzi accessibili, qualit\u00e0 eccellente e ottimo rapporto qualit\u00e0-prezzo.<\/li>\n<li>La velocit\u00e0 di fusione \u00e8 rapida. E la fune di acciaio fuso \u00e8 pulita e liscia, con una forma conica all&#8217;estremit\u00e0. <\/li>\n<li>Il rumore durante il funzionamento \u00e8 di soli 75 decibel e il design silenzioso garantisce un ambiente di lavoro confortevole.<\/li>\n<\/ul>\n<h1><img decoding=\"async\" class=\"alignnone size-large wp-image-5051\" src=\"https:\/\/zunzz.com\/wp-content\/uploads\/2023\/09\/2-1-1024x634.webp\" alt=\"Macchina da taglio e ricottura\" width=\"1024\" height=\"634\" srcset=\"https:\/\/zunzz.com\/wp-content\/uploads\/2023\/09\/2-1-1024x634.webp 1024w, https:\/\/zunzz.com\/wp-content\/uploads\/2023\/09\/2-1-300x186.webp 300w, https:\/\/zunzz.com\/wp-content\/uploads\/2023\/09\/2-1-768x476.webp 768w, https:\/\/zunzz.com\/wp-content\/uploads\/2023\/09\/2-1-700x434.webp 700w, https:\/\/zunzz.com\/wp-content\/uploads\/2023\/09\/2-1-600x372.webp 600w, https:\/\/zunzz.com\/wp-content\/uploads\/2023\/09\/2-1.webp 1093w\" sizes=\"(max-width: 1024px) 100vw, 1024px\" \/><\/h1>\n<h1 class=\"product_title entry-title\"><img loading=\"lazy\" decoding=\"async\" class=\"alignnone wp-image-361 \" src=\"https:\/\/zunzz.com\/wp-content\/uploads\/2023\/09\/Cutting-and-Annealing-Machine-5MM-1.webp\" alt=\"Macchina da taglio e ricottura 5MM-1\" width=\"1021\" height=\"1541\" srcset=\"https:\/\/zunzz.com\/wp-content\/uploads\/2023\/09\/Cutting-and-Annealing-Machine-5MM-1.webp 1000w, https:\/\/zunzz.com\/wp-content\/uploads\/2023\/09\/Cutting-and-Annealing-Machine-5MM-1-199x300.webp 199w, https:\/\/zunzz.com\/wp-content\/uploads\/2023\/09\/Cutting-and-Annealing-Machine-5MM-1-679x1024.webp 679w, https:\/\/zunzz.com\/wp-content\/uploads\/2023\/09\/Cutting-and-Annealing-Machine-5MM-1-768x1159.webp 768w, https:\/\/zunzz.com\/wp-content\/uploads\/2023\/09\/Cutting-and-Annealing-Machine-5MM-1-700x1056.webp 700w, https:\/\/zunzz.com\/wp-content\/uploads\/2023\/09\/Cutting-and-Annealing-Machine-5MM-1-600x905.webp 600w\" sizes=\"(max-width: 1021px) 100vw, 1021px\" \/><\/h1>\n<h3>4.Altri parametri della macchina di taglio e ricottura<\/h3>\n<div class=\"table-r\">\n<table width=\"100%\">\n<tbody>\n<tr>\n<td width=\"50%\">Nome del marchio\n<\/td>\n<td width=\"50%\">Zunzz Wire Rope Sling Machine Company<\/td>\n<\/tr>\n<tr>\n<td width=\"50%\">Paese\/Regione di produzione\n<\/td>\n<td width=\"50%\">Baoding, Cina<\/td>\n<\/tr>\n<tr>\n<td width=\"50%\">Anno della prima pubblicazione\n<\/td>\n<td width=\"50%\">2001<\/td>\n<\/tr>\n<tr>\n<td width=\"50%\">Data di produzione\n<\/td>\n<td width=\"50%\">ora dell&#8217;ordine<\/td>\n<\/tr>\n<tr>\n<td width=\"50%\">Periodo di garanzia\n<\/td>\n<td width=\"50%\">1 anno<\/td>\n<\/tr>\n<tr>\n<td width=\"50%\">Quantit\u00e0 (pezzi)\/tempo di consegna (giorni)\n<\/td>\n<td width=\"50%\">1-1 (pezzi)\/35 (giorni), 2-10 (pezzi)\/45 (giorni), Pi\u00f9 di 10 (pezzi)\/da negoziare<\/td>\n<\/tr>\n<tr>\n<td width=\"50%\">Colore\n<\/td>\n<td width=\"50%\">blu o personalizzato<\/td>\n<\/tr>\n<tr>\n<td width=\"50%\">Dettagli dell&#8217;imballaggio\n<\/td>\n<td width=\"50%\">scatola di legno<\/td>\n<\/tr>\n<tr>\n<td width=\"50%\">supporto di servizio\n<\/td>\n<td width=\"50%\">Supporto telefonico remoto<\/td>\n<\/tr>\n<\/tbody>\n<\/table>\n<\/div>\n<p><strong>5. Il pacchetto forte<\/strong><\/p>\n<p>Le <a href=\"https:\/\/zunzz.com\/it\/product\/automated-wire-rope-fuser-cutting-machine\/\">macchine automatiche per il taglio del fusore del cavo metallico<\/a> sono state esportate in molti paesi. Utilizziamo casse di legno internazionali per la consegna delle macchine per confermare la sicurezza durante la consegna. <\/p>\n<p>La <strong>macchina per il taglio e la ricottura<\/strong> \u00e8 adatta per cavi metallici da 1 a 5 mm con estremit\u00e0 conica, automatica. Abbiamo ancora questa macchina per funi metalliche da 1-3 mm.<\/p>\n<p>Le macchine sono state esportate nel Regno Unito, in Danimarca, in Italia, in Marocco, in Iran, in Indonesia, in India, negli Emirati Arabi Uniti, a Singapore, in Polonia, ecc.<\/p>\n<p><img loading=\"lazy\" decoding=\"async\" class=\"alignnone size-large wp-image-5066\" src=\"https:\/\/zunzz.com\/wp-content\/uploads\/2023\/09\/baozhuag-1024x512.webp\" alt=\"Macchina da taglio e ricottura\" width=\"1024\" height=\"512\" srcset=\"https:\/\/zunzz.com\/wp-content\/uploads\/2023\/09\/baozhuag-1024x512.webp 1024w, https:\/\/zunzz.com\/wp-content\/uploads\/2023\/09\/baozhuag-300x150.webp 300w, https:\/\/zunzz.com\/wp-content\/uploads\/2023\/09\/baozhuag-768x384.webp 768w, https:\/\/zunzz.com\/wp-content\/uploads\/2023\/09\/baozhuag-1000x500.webp 1000w, https:\/\/zunzz.com\/wp-content\/uploads\/2023\/09\/baozhuag-700x350.webp 700w, https:\/\/zunzz.com\/wp-content\/uploads\/2023\/09\/baozhuag-1300x650.webp 1300w, https:\/\/zunzz.com\/wp-content\/uploads\/2023\/09\/baozhuag-600x300.webp 600w, https:\/\/zunzz.com\/wp-content\/uploads\/2023\/09\/baozhuag.webp 1500w\" sizes=\"(max-width: 1024px) 100vw, 1024px\" \/><\/p>\n\n<div class=\"wpcf7 no-js\" id=\"wpcf7-f5523-o1\" lang=\"it-IT\" dir=\"ltr\" data-wpcf7-id=\"5523\">\n<div class=\"screen-reader-response\"><p role=\"status\" aria-live=\"polite\" aria-atomic=\"true\"><\/p> <ul><\/ul><\/div>\n<form action=\"\/it\/wp-json\/wp\/v2\/product\/2935#wpcf7-f5523-o1\" method=\"post\" class=\"wpcf7-form init\" aria-label=\"Modulo di contatto\" novalidate=\"novalidate\" data-status=\"init\">\n<fieldset class=\"hidden-fields-container\"><input type=\"hidden\" name=\"_wpcf7\" value=\"5523\" \/><input type=\"hidden\" name=\"_wpcf7_version\" value=\"6.1.4\" \/><input type=\"hidden\" name=\"_wpcf7_locale\" value=\"it_IT\" \/><input type=\"hidden\" name=\"_wpcf7_unit_tag\" value=\"wpcf7-f5523-o1\" \/><input type=\"hidden\" name=\"_wpcf7_container_post\" value=\"0\" \/><input type=\"hidden\" name=\"_wpcf7_posted_data_hash\" value=\"\" \/>\n<\/fieldset>\n<div class=\"wpcf7-turnstile cf-turnstile\" data-sitekey=\"0x4AAAAAACHlhHyKtoljFN8P\" data-response-field-name=\"_wpcf7_turnstile_response\"><\/div>\n\n<p>\n    <\/p><h4 style=\"color:#333333;font-size:20px;font-family:\"background-color:#FFFFFF;font-weight:normal !important;\">\n        <span style=\"color:red;\">Inviaci le tue richieste: ti risponderemo entro 24 ore.<\/span>\n    <\/h4>\n\n\n<div class=\"row\" style=\"display:flex; flex-wrap:wrap; width:100%;\">\n\n    <!-- Name -->\n    <div style=\"width:40%; padding-right:10px; box-sizing:border-box;\">\n        <div class=\"form-group\" style=\"margin-bottom:15px;\">\n <span class=\"wpcf7-form-control-wrap\" data-name=\"your-name\"><input size=\"40\" maxlength=\"400\" class=\"wpcf7-form-control wpcf7-text wpcf7-validates-as-required\" aria-required=\"true\" aria-invalid=\"false\" placeholder=\"Il tuo nome *\" value=\"\" type=\"text\" name=\"your-name\" \/><\/span>\n        <\/div>\n    <\/div>\n\n    <!-- Email -->\n    <div style=\"width:60%; padding-left:10px; box-sizing:border-box;\">\n        <div class=\"form-group\" style=\"margin-bottom:15px;\">\n <span class=\"wpcf7-form-control-wrap\" data-name=\"your-email\"><input size=\"40\" maxlength=\"400\" class=\"wpcf7-form-control wpcf7-email wpcf7-validates-as-required wpcf7-text wpcf7-validates-as-email\" aria-required=\"true\" aria-invalid=\"false\" placeholder=\"Indirizzo email *\" value=\"\" type=\"email\" name=\"your-email\" \/><\/span>\n        <\/div>\n    <\/div>\n\n    <!-- Message -->\n    <div style=\"width:100%; box-sizing:border-box;\">\n        <div class=\"form-group\" style=\"margin-bottom:15px;\">\n            <span class=\"wpcf7-form-control-wrap\" data-name=\"your-message\"><textarea cols=\"30\" rows=\"4\" maxlength=\"2000\" class=\"wpcf7-form-control wpcf7-textarea\" aria-invalid=\"false\" placeholder=\"Scrivi qui il tuo messaggio\" name=\"your-message\"><\/textarea><\/span>\n        <\/div>\n    <\/div>\n\n    <!-- Submit -->\n    <div style=\"width:100%; box-sizing:border-box;\">\n        <input class=\"wpcf7-form-control wpcf7-submit has-spinner btn btn-default\" type=\"submit\" value=\"Scrivici e richiedi un preventivo\" \/>\n    <\/div>\n\n<\/div><div class=\"wpcf7-response-output\" aria-hidden=\"true\"><\/div>\n<\/form>\n<\/div>\n\n","protected":false},"excerpt":{"rendered":"<div class=\"table-r\">\n<table width=\"100%\">\n<tbody>\n<tr>\n<td width=\"50%\">Modello:\n<\/td>\n<td width=\"50%\">WST-500<\/td>\n<\/tr>\n<tr>\n<td width=\"50%\">Massimo. fune metallica:<\/td>\n<td width=\"50%\">5 millimetri<\/td>\n<\/tr>\n<tr>\n<td width=\"50%\">Potenza: <\/td>\n<td width=\"50%\">7,5 kW<\/td>\n<\/tr>\n<tr>\n<td width=\"50%\">Dimensioni:\n<\/td>\n<td width=\"50%\">800*800*1500mm<\/td>\n<\/tr>\n<tr>\n<td width=\"50%\">Peso:\n<\/td>\n<td width=\"50%\">400kg<\/td>\n<\/tr>\n<\/tbody>\n<\/table>\n<p><strong>Lingua disponibile:<\/strong>[wpml_language_selector_widget]<\/p>\n[contact-form-7 id=\"055e9b5\" title=\"Contact form 2\"]\n<\/div>\n","protected":false},"featured_media":2936,"comment_status":"open","ping_status":"closed","template":"","meta":[],"product_brand":[],"product_cat":[199],"product_tag":[354,343],"class_list":{"0":"post-2935","1":"product","2":"type-product","3":"status-publish","4":"has-post-thumbnail","6":"product_cat-wire-rope-annealing-machine","7":"product_tag-cutting-and-annealing-machine","8":"product_tag-wire-rope-annealing-machine","10":"first","11":"instock","12":"taxable","13":"shipping-taxable","14":"product-type-simple"},"yoast_head":"<!-- This site is optimized with the Yoast SEO plugin v26.8 - https:\/\/yoast.com\/product\/yoast-seo-wordpress\/ -->\n<title>Macchina da taglio e ricottura 5MM<\/title>\n<meta name=\"description\" content=\"La macchina per il taglio e la ricottura della fune metallica \u00e8 per fune metallica da 1-5 mm con estremit\u00e0 conica automatica. Abbiamo ancora questa macchina per funi metalliche da 1-3 mm.\" \/>\n<meta name=\"robots\" content=\"index, follow, max-snippet:-1, max-image-preview:large, max-video-preview:-1\" \/>\n<link rel=\"canonical\" href=\"https:\/\/zunzz.com\/it\/product\/cutting-and-annealing-machine\/\" \/>\n<meta property=\"og:locale\" content=\"it_IT\" \/>\n<meta property=\"og:type\" content=\"article\" \/>\n<meta property=\"og:title\" content=\"Macchina da taglio e ricottura 5MM\" \/>\n<meta property=\"og:description\" content=\"La macchina per il taglio e la ricottura della fune metallica \u00e8 per fune metallica da 1-5 mm con estremit\u00e0 conica automatica. Abbiamo ancora questa macchina per funi metalliche da 1-3 mm.\" \/>\n<meta property=\"og:url\" content=\"https:\/\/zunzz.com\/it\/product\/cutting-and-annealing-machine\/\" \/>\n<meta property=\"og:site_name\" content=\"Zunzz Wire Rope Sling Machine Company\" \/>\n<meta property=\"article:modified_time\" content=\"2025-12-13T12:28:45+00:00\" \/>\n<meta property=\"og:image\" content=\"https:\/\/zunzz.com\/wp-content\/uploads\/2023\/09\/Cutting-and-Annealing-Machine-5MM-3.webp\" \/>\n\t<meta property=\"og:image:width\" content=\"600\" \/>\n\t<meta property=\"og:image:height\" content=\"600\" \/>\n\t<meta property=\"og:image:type\" content=\"image\/webp\" \/>\n<meta name=\"twitter:card\" content=\"summary_large_image\" \/>\n<meta name=\"twitter:label1\" content=\"Tempo di lettura stimato\" \/>\n\t<meta name=\"twitter:data1\" content=\"5 minuti\" \/>\n<script type=\"application\/ld+json\" class=\"yoast-schema-graph\">{\"@context\":\"https:\/\/schema.org\",\"@graph\":[{\"@type\":\"WebPage\",\"@id\":\"https:\/\/zunzz.com\/it\/product\/cutting-and-annealing-machine\/\",\"url\":\"https:\/\/zunzz.com\/it\/product\/cutting-and-annealing-machine\/\",\"name\":\"Macchina da taglio e ricottura 5MM\",\"isPartOf\":{\"@id\":\"https:\/\/zunzz.com\/it\/#website\"},\"primaryImageOfPage\":{\"@id\":\"https:\/\/zunzz.com\/it\/product\/cutting-and-annealing-machine\/#primaryimage\"},\"image\":{\"@id\":\"https:\/\/zunzz.com\/it\/product\/cutting-and-annealing-machine\/#primaryimage\"},\"thumbnailUrl\":\"https:\/\/zunzz.com\/wp-content\/uploads\/2023\/09\/Cutting-and-Annealing-Machine-5MM-3.webp\",\"datePublished\":\"2025-12-12T01:50:14+00:00\",\"dateModified\":\"2025-12-13T12:28:45+00:00\",\"description\":\"La macchina per il taglio e la ricottura della fune metallica \u00e8 per fune metallica da 1-5 mm con estremit\u00e0 conica automatica. Abbiamo ancora questa macchina per funi metalliche da 1-3 mm.\",\"breadcrumb\":{\"@id\":\"https:\/\/zunzz.com\/it\/product\/cutting-and-annealing-machine\/#breadcrumb\"},\"inLanguage\":\"it-IT\",\"potentialAction\":[{\"@type\":\"ReadAction\",\"target\":[\"https:\/\/zunzz.com\/it\/product\/cutting-and-annealing-machine\/\"]}]},{\"@type\":\"ImageObject\",\"inLanguage\":\"it-IT\",\"@id\":\"https:\/\/zunzz.com\/it\/product\/cutting-and-annealing-machine\/#primaryimage\",\"url\":\"https:\/\/zunzz.com\/wp-content\/uploads\/2023\/09\/Cutting-and-Annealing-Machine-5MM-3.webp\",\"contentUrl\":\"https:\/\/zunzz.com\/wp-content\/uploads\/2023\/09\/Cutting-and-Annealing-Machine-5MM-3.webp\",\"width\":600,\"height\":600,\"caption\":\"Macchina da taglio e ricottura 5MM-3\"},{\"@type\":\"BreadcrumbList\",\"@id\":\"https:\/\/zunzz.com\/it\/product\/cutting-and-annealing-machine\/#breadcrumb\",\"itemListElement\":[{\"@type\":\"ListItem\",\"position\":1,\"name\":\"Home\",\"item\":\"https:\/\/zunzz.com\/it\/home\/\"},{\"@type\":\"ListItem\",\"position\":2,\"name\":\"Shop\",\"item\":\"https:\/\/zunzz.com\/bg\/shop\/\"},{\"@type\":\"ListItem\",\"position\":3,\"name\":\"Macchina da taglio e ricottura 5MM\"}]},{\"@type\":\"WebSite\",\"@id\":\"https:\/\/zunzz.com\/it\/#website\",\"url\":\"https:\/\/zunzz.com\/it\/\",\"name\":\"Zunzz Wire Rope Sling Machine Company\",\"description\":\"Zunzz Wire Rope Sling Machine Company is a leading manufacturer of wire rope sling machines and related products.\",\"publisher\":{\"@id\":\"https:\/\/zunzz.com\/it\/#organization\"},\"potentialAction\":[{\"@type\":\"SearchAction\",\"target\":{\"@type\":\"EntryPoint\",\"urlTemplate\":\"https:\/\/zunzz.com\/it\/?s={search_term_string}\"},\"query-input\":{\"@type\":\"PropertyValueSpecification\",\"valueRequired\":true,\"valueName\":\"search_term_string\"}}],\"inLanguage\":\"it-IT\"},{\"@type\":\"Organization\",\"@id\":\"https:\/\/zunzz.com\/it\/#organization\",\"name\":\"Zunzz Wire Rope Sling Machine Company\",\"url\":\"https:\/\/zunzz.com\/it\/\",\"logo\":{\"@type\":\"ImageObject\",\"inLanguage\":\"it-IT\",\"@id\":\"https:\/\/zunzz.com\/it\/#\/schema\/logo\/image\/\",\"url\":\"https:\/\/zunzz.com\/wp-content\/uploads\/2023\/09\/Logo.png\",\"contentUrl\":\"https:\/\/zunzz.com\/wp-content\/uploads\/2023\/09\/Logo.png\",\"width\":171,\"height\":133,\"caption\":\"Zunzz Wire Rope Sling Machine Company\"},\"image\":{\"@id\":\"https:\/\/zunzz.com\/it\/#\/schema\/logo\/image\/\"}}]}<\/script>\n<!-- \/ Yoast SEO plugin. -->","yoast_head_json":{"title":"Macchina da taglio e ricottura 5MM","description":"La macchina per il taglio e la ricottura della fune metallica \u00e8 per fune metallica da 1-5 mm con estremit\u00e0 conica automatica. Abbiamo ancora questa macchina per funi metalliche da 1-3 mm.","robots":{"index":"index","follow":"follow","max-snippet":"max-snippet:-1","max-image-preview":"max-image-preview:large","max-video-preview":"max-video-preview:-1"},"canonical":"https:\/\/zunzz.com\/it\/product\/cutting-and-annealing-machine\/","og_locale":"it_IT","og_type":"article","og_title":"Macchina da taglio e ricottura 5MM","og_description":"La macchina per il taglio e la ricottura della fune metallica \u00e8 per fune metallica da 1-5 mm con estremit\u00e0 conica automatica. Abbiamo ancora questa macchina per funi metalliche da 1-3 mm.","og_url":"https:\/\/zunzz.com\/it\/product\/cutting-and-annealing-machine\/","og_site_name":"Zunzz Wire Rope Sling Machine Company","article_modified_time":"2025-12-13T12:28:45+00:00","og_image":[{"width":600,"height":600,"url":"https:\/\/zunzz.com\/wp-content\/uploads\/2023\/09\/Cutting-and-Annealing-Machine-5MM-3.webp","type":"image\/webp"}],"twitter_card":"summary_large_image","twitter_misc":{"Tempo di lettura stimato":"5 minuti"},"schema":{"@context":"https:\/\/schema.org","@graph":[{"@type":"WebPage","@id":"https:\/\/zunzz.com\/it\/product\/cutting-and-annealing-machine\/","url":"https:\/\/zunzz.com\/it\/product\/cutting-and-annealing-machine\/","name":"Macchina da taglio e ricottura 5MM","isPartOf":{"@id":"https:\/\/zunzz.com\/it\/#website"},"primaryImageOfPage":{"@id":"https:\/\/zunzz.com\/it\/product\/cutting-and-annealing-machine\/#primaryimage"},"image":{"@id":"https:\/\/zunzz.com\/it\/product\/cutting-and-annealing-machine\/#primaryimage"},"thumbnailUrl":"https:\/\/zunzz.com\/wp-content\/uploads\/2023\/09\/Cutting-and-Annealing-Machine-5MM-3.webp","datePublished":"2025-12-12T01:50:14+00:00","dateModified":"2025-12-13T12:28:45+00:00","description":"La macchina per il taglio e la ricottura della fune metallica \u00e8 per fune metallica da 1-5 mm con estremit\u00e0 conica automatica. Abbiamo ancora questa macchina per funi metalliche da 1-3 mm.","breadcrumb":{"@id":"https:\/\/zunzz.com\/it\/product\/cutting-and-annealing-machine\/#breadcrumb"},"inLanguage":"it-IT","potentialAction":[{"@type":"ReadAction","target":["https:\/\/zunzz.com\/it\/product\/cutting-and-annealing-machine\/"]}]},{"@type":"ImageObject","inLanguage":"it-IT","@id":"https:\/\/zunzz.com\/it\/product\/cutting-and-annealing-machine\/#primaryimage","url":"https:\/\/zunzz.com\/wp-content\/uploads\/2023\/09\/Cutting-and-Annealing-Machine-5MM-3.webp","contentUrl":"https:\/\/zunzz.com\/wp-content\/uploads\/2023\/09\/Cutting-and-Annealing-Machine-5MM-3.webp","width":600,"height":600,"caption":"Macchina da taglio e ricottura 5MM-3"},{"@type":"BreadcrumbList","@id":"https:\/\/zunzz.com\/it\/product\/cutting-and-annealing-machine\/#breadcrumb","itemListElement":[{"@type":"ListItem","position":1,"name":"Home","item":"https:\/\/zunzz.com\/it\/home\/"},{"@type":"ListItem","position":2,"name":"Shop","item":"https:\/\/zunzz.com\/bg\/shop\/"},{"@type":"ListItem","position":3,"name":"Macchina da taglio e ricottura 5MM"}]},{"@type":"WebSite","@id":"https:\/\/zunzz.com\/it\/#website","url":"https:\/\/zunzz.com\/it\/","name":"Zunzz Wire Rope Sling Machine Company","description":"Zunzz Wire Rope Sling Machine Company is a leading manufacturer of wire rope sling machines and related products.","publisher":{"@id":"https:\/\/zunzz.com\/it\/#organization"},"potentialAction":[{"@type":"SearchAction","target":{"@type":"EntryPoint","urlTemplate":"https:\/\/zunzz.com\/it\/?s={search_term_string}"},"query-input":{"@type":"PropertyValueSpecification","valueRequired":true,"valueName":"search_term_string"}}],"inLanguage":"it-IT"},{"@type":"Organization","@id":"https:\/\/zunzz.com\/it\/#organization","name":"Zunzz Wire Rope Sling Machine Company","url":"https:\/\/zunzz.com\/it\/","logo":{"@type":"ImageObject","inLanguage":"it-IT","@id":"https:\/\/zunzz.com\/it\/#\/schema\/logo\/image\/","url":"https:\/\/zunzz.com\/wp-content\/uploads\/2023\/09\/Logo.png","contentUrl":"https:\/\/zunzz.com\/wp-content\/uploads\/2023\/09\/Logo.png","width":171,"height":133,"caption":"Zunzz Wire Rope Sling Machine Company"},"image":{"@id":"https:\/\/zunzz.com\/it\/#\/schema\/logo\/image\/"}}]}},"_links":{"self":[{"href":"https:\/\/zunzz.com\/it\/wp-json\/wp\/v2\/product\/2935","targetHints":{"allow":["GET"]}}],"collection":[{"href":"https:\/\/zunzz.com\/it\/wp-json\/wp\/v2\/product"}],"about":[{"href":"https:\/\/zunzz.com\/it\/wp-json\/wp\/v2\/types\/product"}],"replies":[{"embeddable":true,"href":"https:\/\/zunzz.com\/it\/wp-json\/wp\/v2\/comments?post=2935"}],"wp:featuredmedia":[{"embeddable":true,"href":"https:\/\/zunzz.com\/it\/wp-json\/wp\/v2\/media\/2936"}],"wp:attachment":[{"href":"https:\/\/zunzz.com\/it\/wp-json\/wp\/v2\/media?parent=2935"}],"wp:term":[{"taxonomy":"product_brand","embeddable":true,"href":"https:\/\/zunzz.com\/it\/wp-json\/wp\/v2\/product_brand?post=2935"},{"taxonomy":"product_cat","embeddable":true,"href":"https:\/\/zunzz.com\/it\/wp-json\/wp\/v2\/product_cat?post=2935"},{"taxonomy":"product_tag","embeddable":true,"href":"https:\/\/zunzz.com\/it\/wp-json\/wp\/v2\/product_tag?post=2935"}],"curies":[{"name":"wp","href":"https:\/\/api.w.org\/{rel}","templated":true}]}}