{"id":2858,"date":"2025-12-13T02:04:06","date_gmt":"2025-12-13T02:04:06","guid":{"rendered":"https:\/\/zunzz.com\/product\/macchina-per-ricottura-fune-metallica-55mm\/"},"modified":"2025-12-14T03:23:01","modified_gmt":"2025-12-14T03:23:01","slug":"wire-rope-annealing-machine","status":"publish","type":"product","link":"https:\/\/zunzz.com\/it\/product\/wire-rope-annealing-machine\/","title":{"rendered":"Macchina per ricottura fune metallica 55mm"},"content":{"rendered":"<h3>1. Informazioni sulla macchina per ricottura del cavo metallico<\/h3>\n<p>Questa <strong>macchina per ricottura di funi metalliche<\/strong> \u00e8 adatta per funi metalliche in acciaio da 22-55 mm. \u00c8 il risultato di un continuo miglioramento da quando \u00e8 stata sviluppata la societ\u00e0 di macchine per funi metalliche Zunzz nel 2001. Con la continua innovazione e sviluppo della tecnologia, le nostre macchine hanno notevolmente migliorato l&#8217;efficienza e la sicurezza del lavoro. \u00c8 ideale per qualsiasi settore che richieda il taglio frequente di funi metalliche.   <\/p>\n<h3>2.The parameter of Wire Rope Annealing Machine<\/h3>\n<div class=\"table-r\">\n<table width=\"100%\">\n<tbody>\n<tr>\n<td width=\"50%\">Modello n.\n<\/td>\n<td width=\"50%\">UNR-55<\/td>\n<\/tr>\n<tr>\n<td width=\"50%\">Colore macchina\n<\/td>\n<td width=\"50%\">come richiesto<\/td>\n<\/tr>\n<tr>\n<td width=\"50%\">Brucia la nostra gamma\n<\/td>\n<td width=\"50%\">\u00d820-55mm<\/td>\n<\/tr>\n<tr>\n<td width=\"50%\">Morsetto\n<\/td>\n<td width=\"50%\">4 set<\/td>\n<\/tr>\n<tr>\n<td width=\"50%\">Potenza\n<\/td>\n<td width=\"50%\">150KW<\/td>\n<\/tr>\n<tr>\n<td width=\"50%\">Tensione\n<\/td>\n<td width=\"50%\">Come richiesta<\/td>\n<\/tr>\n<tr>\n<td width=\"50%\">Dimensioni (mm)\n<\/td>\n<td width=\"50%\">1100*900*1600<\/td>\n<\/tr>\n<tr>\n<td width=\"50%\">Peso\n<\/td>\n<td width=\"50%\">800KG<\/td>\n<\/tr>\n<tr>\n<td width=\"50%\">Controllo\n<\/td>\n<td width=\"50%\">microcomputer<\/td>\n<\/tr>\n<\/tbody>\n<\/table>\n<p>&nbsp;<\/p>\n<\/div>\n<p><iframe title=\"Wire Rope Annealing Machine 55mmm\" width=\"1060\" height=\"596\" src=\"https:\/\/www.youtube.com\/embed\/dyr3C3Txx3w?feature=oembed\" frameborder=\"0\" allow=\"accelerometer; autoplay; clipboard-write; encrypted-media; gyroscope; picture-in-picture; web-share\" referrerpolicy=\"strict-origin-when-cross-origin\" allowfullscreen><\/iframe><\/p>\n<div class=\"table-r\">\n<h3>3. Istruzioni per la macchina per ricottura di cavi metallici<\/h3>\n<p>Il processo di ricottura del cavo metallico \u00e8 talvolta chiamato fusione e rastremazione. Durante questo processo di ricottura, i fili nel cavo metallico saranno riscaldati a una temperatura molto elevata controllando l&#8217;alimentazione di corrente tramite un interruttore a pedale. Le particelle metalliche si ricristallizzeranno sotto l&#8217;alta temperatura calda, consentendo loro di fondersi insieme.  <\/p>\n<p>Infine, \u00e8 costituito da due parti indipendenti: 1. Attraverso la ruota e la maniglia, la fune metallica viene leggermente avvolta strettamente e fusa. 2. Regolare la distanza tra il morsetto. Infine dividere in due parti. In questo modo l&#8217;estremit\u00e0 della fune sar\u00e0 leggermente rastremata e completamente fusa.    <\/p>\n<p>Per evitare che la corda diventi fragile, assicurati di raffreddarla lentamente. Quindi otterrai una corda metallica pulita e liscia con forma conica e estremit\u00e0 a spirale. <\/p>\n<h3><img fetchpriority=\"high\" decoding=\"async\" class=\"alignnone wp-image-365 size-full\" src=\"https:\/\/zunzz.com\/wp-content\/uploads\/2023\/09\/Wire-Rope-Annealing-Machine-55mm-2.webp\" alt=\"Macchina per ricottura di funi metalliche 55mm-2\" width=\"1000\" height=\"1000\" srcset=\"https:\/\/zunzz.com\/wp-content\/uploads\/2023\/09\/Wire-Rope-Annealing-Machine-55mm-2.webp 1000w, https:\/\/zunzz.com\/wp-content\/uploads\/2023\/09\/Wire-Rope-Annealing-Machine-55mm-2-300x300.webp 300w, https:\/\/zunzz.com\/wp-content\/uploads\/2023\/09\/Wire-Rope-Annealing-Machine-55mm-2-150x150.webp 150w, https:\/\/zunzz.com\/wp-content\/uploads\/2023\/09\/Wire-Rope-Annealing-Machine-55mm-2-768x768.webp 768w, https:\/\/zunzz.com\/wp-content\/uploads\/2023\/09\/Wire-Rope-Annealing-Machine-55mm-2-570x570.webp 570w, https:\/\/zunzz.com\/wp-content\/uploads\/2023\/09\/Wire-Rope-Annealing-Machine-55mm-2-500x500.webp 500w, https:\/\/zunzz.com\/wp-content\/uploads\/2023\/09\/Wire-Rope-Annealing-Machine-55mm-2-700x700.webp 700w, https:\/\/zunzz.com\/wp-content\/uploads\/2023\/09\/Wire-Rope-Annealing-Machine-55mm-2-650x650.webp 650w, https:\/\/zunzz.com\/wp-content\/uploads\/2023\/09\/Wire-Rope-Annealing-Machine-55mm-2-600x600.webp 600w, https:\/\/zunzz.com\/wp-content\/uploads\/2023\/09\/Wire-Rope-Annealing-Machine-55mm-2-100x100.webp 100w\" sizes=\"(max-width: 1000px) 100vw, 1000px\" \/><\/h3>\n<h3><\/h3>\n<h3>4. Vantaggi della macchina per ricottura dei cavi metallici<\/h3>\n<ul>\n<li>Forma intelligente e portabilit\u00e0:<\/li>\n<\/ul>\n<p>La <strong>macchina per ricottura di funi metalliche<\/strong> \u00e8 progettata in modo intelligente per renderla facile da spostare in diversi scenari di lavoro. Ad esempio, questa attrezzatura pu\u00f2 svolgere un ruolo importante nei cantieri edili, nella costruzione di ponti, nella costruzione navale e in molte altre situazioni in cui \u00e8 necessario tagliare le funi metalliche. <\/p>\n<ul>\n<li>Fusione rapida e funzionamento comodo:<\/li>\n<\/ul>\n<p>La <a title=\"Macchina da taglio e ricottura 5MM\" href=\"https:\/\/zunzz.com\/it\/product\/cutting-and-annealing-machine\/\">macchina per il taglio e la ricottura<\/a> presenta le caratteristiche di una rapida fusione e taglio dei cavi di acciaio e, allo stesso tempo, \u00e8 facile da usare e migliora l&#8217;efficienza produttiva.<\/p>\n<ul>\n<li>Risparmio energetico e sicurezza:<\/li>\n<\/ul>\n<p>La potenza di lavoro della macchina di ricottura \u00e8 relativamente bassa, il che aiuta a risparmiare energia. E il design unico pu\u00f2 garantire la sicurezza del funzionamento. <\/p>\n<ul>\n<li>La fine della ricottura \u00e8 pulita e liscia:<\/li>\n<\/ul>\n<p>conico e a spirale, il filo non si srotola.<\/p>\n<ul>\n<li>Lavorando insieme al dispositivo di scarico fumi:<\/li>\n<\/ul>\n<p>La macchina pu\u00f2 funzionare insieme al dispositivo di aspirazione dei fumi per controllare ed eliminare efficacemente il fumo e la polvere generati durante il processo di saldatura, garantendo la pulizia e la sicurezza dell&#8217;ambiente di lavoro.<\/p>\n<ul>\n<li>Ampia gamma di diametri di ricottura:<\/li>\n<\/ul>\n<p>La macchina per ricottura ha un&#8217;ampia gamma di diametri di fusione e pu\u00f2 fondere cavi d&#8217;acciaio da 22-55 mm senza sostituire alcuna parte. <span style=\"color: #ff0000;\">Se dovete fondere cavi metallici di diametri diversi, offriamo anche altri modelli di macchine che possono soddisfare le vostre esigenze.<\/span><\/p>\n<ul>\n<li>Design unico del morsetto:<\/li>\n<\/ul>\n<p>Il morsetto ha un design esclusivo che garantisce il fissaggio saldo del cavo metallico, migliorando la stabilit\u00e0 e la sicurezza del funzionamento.<\/p>\n<\/div>\n<p><img decoding=\"async\" class=\"alignnone wp-image-366 \" src=\"https:\/\/zunzz.com\/wp-content\/uploads\/2023\/09\/Wire-Rope-Annealing-Machine-55mm-1.webp\" alt=\"Macchina per ricottura di funi metalliche 55mm-1\" width=\"1000\" height=\"1333\" srcset=\"https:\/\/zunzz.com\/wp-content\/uploads\/2023\/09\/Wire-Rope-Annealing-Machine-55mm-1.webp 960w, https:\/\/zunzz.com\/wp-content\/uploads\/2023\/09\/Wire-Rope-Annealing-Machine-55mm-1-225x300.webp 225w, https:\/\/zunzz.com\/wp-content\/uploads\/2023\/09\/Wire-Rope-Annealing-Machine-55mm-1-768x1024.webp 768w, https:\/\/zunzz.com\/wp-content\/uploads\/2023\/09\/Wire-Rope-Annealing-Machine-55mm-1-600x800.webp 600w, https:\/\/zunzz.com\/wp-content\/uploads\/2023\/09\/Wire-Rope-Annealing-Machine-55mm-1-700x933.webp 700w\" sizes=\"(max-width: 1000px) 100vw, 1000px\" \/><\/p>\n<p><img decoding=\"async\" class=\"alignnone wp-image-368 \" src=\"https:\/\/zunzz.com\/wp-content\/uploads\/2023\/09\/Wire-Rope-Annealing-Machine-55mm-4.webp\" alt=\"Macchina per ricottura di funi metalliche 55mm-4\" width=\"1000\" height=\"1333\" srcset=\"https:\/\/zunzz.com\/wp-content\/uploads\/2023\/09\/Wire-Rope-Annealing-Machine-55mm-4.webp 960w, https:\/\/zunzz.com\/wp-content\/uploads\/2023\/09\/Wire-Rope-Annealing-Machine-55mm-4-225x300.webp 225w, https:\/\/zunzz.com\/wp-content\/uploads\/2023\/09\/Wire-Rope-Annealing-Machine-55mm-4-768x1024.webp 768w, https:\/\/zunzz.com\/wp-content\/uploads\/2023\/09\/Wire-Rope-Annealing-Machine-55mm-4-600x800.webp 600w, https:\/\/zunzz.com\/wp-content\/uploads\/2023\/09\/Wire-Rope-Annealing-Machine-55mm-4-700x933.webp 700w\" sizes=\"(max-width: 1000px) 100vw, 1000px\" \/><\/p>\n<h3><\/h3>\n<h3>5.Altri parametri della macchina di taglio e ricottura<\/h3>\n<div class=\"table-r\">\n<table width=\"100%\">\n<tbody>\n<tr>\n<td width=\"50%\">Condizione\n<\/td>\n<td width=\"50%\">Nuovo di zecca<\/td>\n<\/tr>\n<tr>\n<td width=\"50%\">Nome del marchio\n<\/td>\n<td width=\"50%\">Zunzz Wire Rope Sling Machine Company<\/td>\n<\/tr>\n<tr>\n<td width=\"50%\">Paese\/Regione di produzione\n<\/td>\n<td width=\"50%\">Baoding, Cina<\/td>\n<\/tr>\n<tr>\n<td width=\"50%\">Anno della prima pubblicazione\n<\/td>\n<td width=\"50%\">2001<\/td>\n<\/tr>\n<tr>\n<td width=\"50%\">Data di produzione\n<\/td>\n<td width=\"50%\">Orario dell&#8217;ordine<\/td>\n<\/tr>\n<tr>\n<td width=\"50%\">Periodo di garanzia\n<\/td>\n<td width=\"50%\">1 anno<\/td>\n<\/tr>\n<tr>\n<td width=\"50%\">Quantit\u00e0 (pezzi)\/tempo di consegna (giorni)\n<\/td>\n<td width=\"50%\">1-1 (pezzi)\/35 (giorni), 2-10 (pezzi)\/45 (giorni), Pi\u00f9 di 10 (pezzi)\/da negoziare<\/td>\n<\/tr>\n<tr>\n<td width=\"50%\">Colore\n<\/td>\n<td width=\"50%\">Rosso o personalizzato<\/td>\n<\/tr>\n<tr>\n<td width=\"50%\">Dettagli dell&#8217;imballaggio\n<\/td>\n<td width=\"50%\">Scatola di legno<\/td>\n<\/tr>\n<tr>\n<td width=\"50%\">supporto di servizio\n<\/td>\n<td width=\"50%\">Supporto telefonico remoto<\/td>\n<\/tr>\n<\/tbody>\n<\/table>\n<\/div>\n<p>&nbsp;<\/p>\n<p><img loading=\"lazy\" decoding=\"async\" class=\"alignnone wp-image-367 \" src=\"https:\/\/zunzz.com\/wp-content\/uploads\/2023\/09\/Wire-Rope-Annealing-Machine-55mm-3.webp\" alt=\"Macchina per ricottura di funi metalliche 55mm-3\" width=\"1000\" height=\"1334\" srcset=\"https:\/\/zunzz.com\/wp-content\/uploads\/2023\/09\/Wire-Rope-Annealing-Machine-55mm-3.webp 810w, https:\/\/zunzz.com\/wp-content\/uploads\/2023\/09\/Wire-Rope-Annealing-Machine-55mm-3-225x300.webp 225w, https:\/\/zunzz.com\/wp-content\/uploads\/2023\/09\/Wire-Rope-Annealing-Machine-55mm-3-768x1024.webp 768w, https:\/\/zunzz.com\/wp-content\/uploads\/2023\/09\/Wire-Rope-Annealing-Machine-55mm-3-600x800.webp 600w, https:\/\/zunzz.com\/wp-content\/uploads\/2023\/09\/Wire-Rope-Annealing-Machine-55mm-3-700x933.webp 700w\" sizes=\"(max-width: 1000px) 100vw, 1000px\" \/><\/p>\n<p>Le macchine sono state esportate nel Regno Unito, in Danimarca, in Italia, in Marocco, in Iran, in Indonesia, in India, negli Emirati Arabi Uniti, a Singapore, in Polonia, ecc.<\/p>\n\n<div class=\"wpcf7 no-js\" id=\"wpcf7-f5523-o1\" lang=\"it-IT\" dir=\"ltr\" data-wpcf7-id=\"5523\">\n<div class=\"screen-reader-response\"><p role=\"status\" aria-live=\"polite\" aria-atomic=\"true\"><\/p> <ul><\/ul><\/div>\n<form action=\"\/it\/wp-json\/wp\/v2\/product\/2858#wpcf7-f5523-o1\" method=\"post\" class=\"wpcf7-form init\" aria-label=\"Modulo di contatto\" novalidate=\"novalidate\" data-status=\"init\">\n<fieldset class=\"hidden-fields-container\"><input type=\"hidden\" name=\"_wpcf7\" value=\"5523\" \/><input type=\"hidden\" name=\"_wpcf7_version\" value=\"6.1.4\" \/><input type=\"hidden\" name=\"_wpcf7_locale\" value=\"it_IT\" \/><input type=\"hidden\" name=\"_wpcf7_unit_tag\" value=\"wpcf7-f5523-o1\" \/><input type=\"hidden\" name=\"_wpcf7_container_post\" value=\"0\" \/><input type=\"hidden\" name=\"_wpcf7_posted_data_hash\" value=\"\" \/>\n<\/fieldset>\n<div class=\"wpcf7-turnstile cf-turnstile\" data-sitekey=\"0x4AAAAAACHlhHyKtoljFN8P\" data-response-field-name=\"_wpcf7_turnstile_response\"><\/div>\n\n<p>\n    <\/p><h4 style=\"color:#333333;font-size:20px;font-family:\"background-color:#FFFFFF;font-weight:normal !important;\">\n        <span style=\"color:red;\">Inviaci le tue richieste: ti risponderemo entro 24 ore.<\/span>\n    <\/h4>\n\n\n<div class=\"row\" style=\"display:flex; flex-wrap:wrap; width:100%;\">\n\n    <!-- Name -->\n    <div style=\"width:40%; padding-right:10px; box-sizing:border-box;\">\n        <div class=\"form-group\" style=\"margin-bottom:15px;\">\n <span class=\"wpcf7-form-control-wrap\" data-name=\"your-name\"><input size=\"40\" maxlength=\"400\" class=\"wpcf7-form-control wpcf7-text wpcf7-validates-as-required\" aria-required=\"true\" aria-invalid=\"false\" placeholder=\"Il tuo nome *\" value=\"\" type=\"text\" name=\"your-name\" \/><\/span>\n        <\/div>\n    <\/div>\n\n    <!-- Email -->\n    <div style=\"width:60%; padding-left:10px; box-sizing:border-box;\">\n        <div class=\"form-group\" style=\"margin-bottom:15px;\">\n <span class=\"wpcf7-form-control-wrap\" data-name=\"your-email\"><input size=\"40\" maxlength=\"400\" class=\"wpcf7-form-control wpcf7-email wpcf7-validates-as-required wpcf7-text wpcf7-validates-as-email\" aria-required=\"true\" aria-invalid=\"false\" placeholder=\"Indirizzo email *\" value=\"\" type=\"email\" name=\"your-email\" \/><\/span>\n        <\/div>\n    <\/div>\n\n    <!-- Message -->\n    <div style=\"width:100%; box-sizing:border-box;\">\n        <div class=\"form-group\" style=\"margin-bottom:15px;\">\n            <span class=\"wpcf7-form-control-wrap\" data-name=\"your-message\"><textarea cols=\"30\" rows=\"4\" maxlength=\"2000\" class=\"wpcf7-form-control wpcf7-textarea\" aria-invalid=\"false\" placeholder=\"Scrivi qui il tuo messaggio\" name=\"your-message\"><\/textarea><\/span>\n        <\/div>\n    <\/div>\n\n    <!-- Submit -->\n    <div style=\"width:100%; box-sizing:border-box;\">\n        <input class=\"wpcf7-form-control wpcf7-submit has-spinner btn btn-default\" type=\"submit\" value=\"Scrivici e richiedi un preventivo\" \/>\n    <\/div>\n\n<\/div><div class=\"wpcf7-response-output\" aria-hidden=\"true\"><\/div>\n<\/form>\n<\/div>\n\n","protected":false},"excerpt":{"rendered":"<div class=\"table-r\">\n<table width=\"100%\">\n<tbody>\n<tr>\n<td width=\"50%\">Modello:\n<\/td>\n<td width=\"50%\">RDJ-175<\/td>\n<\/tr>\n<tr>\n<td width=\"50%\">Massimo. fune metallica:<\/td>\n<td width=\"50%\">55mm<\/td>\n<\/tr>\n<tr>\n<td width=\"50%\">Potenza:\n<\/td>\n<td width=\"50%\">175KW<\/td>\n<\/tr>\n<tr>\n<td width=\"50%\">Dimensioni:\n<\/td>\n<td width=\"50%\">1100mm*640mm*1500mm<\/td>\n<\/tr>\n<tr>\n<td width=\"50%\">Peso:\n<\/td>\n<td width=\"50%\">750kg<\/td>\n<\/tr>\n<\/tbody>\n<\/table>\n<p><strong>Lingua disponibile:<\/strong>[wpml_language_selector_widget]<\/p>\n[contact-form-7 id=\"055e9b5\" title=\"Contact form 2\"]\n<\/div>\n","protected":false},"featured_media":2859,"comment_status":"open","ping_status":"closed","template":"","meta":[],"product_brand":[],"product_cat":[199],"product_tag":[343],"class_list":{"0":"post-2858","1":"product","2":"type-product","3":"status-publish","4":"has-post-thumbnail","6":"product_cat-wire-rope-annealing-machine","7":"product_tag-wire-rope-annealing-machine","9":"first","10":"instock","11":"taxable","12":"shipping-taxable","13":"product-type-simple"},"yoast_head":"<!-- This site is optimized with the Yoast SEO plugin v26.8 - https:\/\/yoast.com\/product\/yoast-seo-wordpress\/ -->\n<title>Macchina per ricottura fune metallica 55mm<\/title>\n<meta name=\"description\" content=\"Macchina per ricottura fune metallica per fune metallica 22-55mm. La macchina pu\u00f2 funzionare insieme allo scarico dei fumi. Su richiesta, \u00e8 possibile realizzare altre gamme di cavi metallici.\" \/>\n<meta name=\"robots\" content=\"index, follow, max-snippet:-1, max-image-preview:large, max-video-preview:-1\" \/>\n<link rel=\"canonical\" href=\"https:\/\/zunzz.com\/it\/product\/wire-rope-annealing-machine\/\" \/>\n<meta property=\"og:locale\" content=\"it_IT\" \/>\n<meta property=\"og:type\" content=\"article\" \/>\n<meta property=\"og:title\" content=\"Macchina per ricottura fune metallica 55mm\" \/>\n<meta property=\"og:description\" content=\"Macchina per ricottura fune metallica per fune metallica 22-55mm. La macchina pu\u00f2 funzionare insieme allo scarico dei fumi. Su richiesta, \u00e8 possibile realizzare altre gamme di cavi metallici.\" \/>\n<meta property=\"og:url\" content=\"https:\/\/zunzz.com\/it\/product\/wire-rope-annealing-machine\/\" \/>\n<meta property=\"og:site_name\" content=\"Zunzz Wire Rope Sling Machine Company\" \/>\n<meta property=\"article:modified_time\" content=\"2025-12-14T03:23:01+00:00\" \/>\n<meta property=\"og:image\" content=\"https:\/\/zunzz.com\/wp-content\/uploads\/2023\/09\/Wire-Rope-Annealing-Machine-55mm-2.webp\" \/>\n\t<meta property=\"og:image:width\" content=\"1000\" \/>\n\t<meta property=\"og:image:height\" content=\"1000\" \/>\n\t<meta property=\"og:image:type\" content=\"image\/webp\" \/>\n<meta name=\"twitter:card\" content=\"summary_large_image\" \/>\n<meta name=\"twitter:label1\" content=\"Tempo di lettura stimato\" \/>\n\t<meta name=\"twitter:data1\" content=\"5 minuti\" \/>\n<script type=\"application\/ld+json\" class=\"yoast-schema-graph\">{\"@context\":\"https:\/\/schema.org\",\"@graph\":[{\"@type\":\"WebPage\",\"@id\":\"https:\/\/zunzz.com\/it\/product\/wire-rope-annealing-machine\/\",\"url\":\"https:\/\/zunzz.com\/it\/product\/wire-rope-annealing-machine\/\",\"name\":\"Macchina per ricottura fune metallica 55mm\",\"isPartOf\":{\"@id\":\"https:\/\/zunzz.com\/it\/#website\"},\"primaryImageOfPage\":{\"@id\":\"https:\/\/zunzz.com\/it\/product\/wire-rope-annealing-machine\/#primaryimage\"},\"image\":{\"@id\":\"https:\/\/zunzz.com\/it\/product\/wire-rope-annealing-machine\/#primaryimage\"},\"thumbnailUrl\":\"https:\/\/zunzz.com\/wp-content\/uploads\/2023\/09\/Wire-Rope-Annealing-Machine-55mm-2.webp\",\"datePublished\":\"2025-12-13T02:04:06+00:00\",\"dateModified\":\"2025-12-14T03:23:01+00:00\",\"description\":\"Macchina per ricottura fune metallica per fune metallica 22-55mm. La macchina pu\u00f2 funzionare insieme allo scarico dei fumi. Su richiesta, \u00e8 possibile realizzare altre gamme di cavi metallici.\",\"breadcrumb\":{\"@id\":\"https:\/\/zunzz.com\/it\/product\/wire-rope-annealing-machine\/#breadcrumb\"},\"inLanguage\":\"it-IT\",\"potentialAction\":[{\"@type\":\"ReadAction\",\"target\":[\"https:\/\/zunzz.com\/it\/product\/wire-rope-annealing-machine\/\"]}]},{\"@type\":\"ImageObject\",\"inLanguage\":\"it-IT\",\"@id\":\"https:\/\/zunzz.com\/it\/product\/wire-rope-annealing-machine\/#primaryimage\",\"url\":\"https:\/\/zunzz.com\/wp-content\/uploads\/2023\/09\/Wire-Rope-Annealing-Machine-55mm-2.webp\",\"contentUrl\":\"https:\/\/zunzz.com\/wp-content\/uploads\/2023\/09\/Wire-Rope-Annealing-Machine-55mm-2.webp\",\"width\":1000,\"height\":1000,\"caption\":\"Macchina per ricottura di funi metalliche 55mm-2\"},{\"@type\":\"BreadcrumbList\",\"@id\":\"https:\/\/zunzz.com\/it\/product\/wire-rope-annealing-machine\/#breadcrumb\",\"itemListElement\":[{\"@type\":\"ListItem\",\"position\":1,\"name\":\"Home\",\"item\":\"https:\/\/zunzz.com\/it\/home\/\"},{\"@type\":\"ListItem\",\"position\":2,\"name\":\"Shop\",\"item\":\"https:\/\/zunzz.com\/bg\/shop\/\"},{\"@type\":\"ListItem\",\"position\":3,\"name\":\"Macchina per ricottura fune metallica 55mm\"}]},{\"@type\":\"WebSite\",\"@id\":\"https:\/\/zunzz.com\/it\/#website\",\"url\":\"https:\/\/zunzz.com\/it\/\",\"name\":\"Zunzz Wire Rope Sling Machine Company\",\"description\":\"Zunzz Wire Rope Sling Machine Company is a leading manufacturer of wire rope sling machines and related products.\",\"publisher\":{\"@id\":\"https:\/\/zunzz.com\/it\/#organization\"},\"potentialAction\":[{\"@type\":\"SearchAction\",\"target\":{\"@type\":\"EntryPoint\",\"urlTemplate\":\"https:\/\/zunzz.com\/it\/?s={search_term_string}\"},\"query-input\":{\"@type\":\"PropertyValueSpecification\",\"valueRequired\":true,\"valueName\":\"search_term_string\"}}],\"inLanguage\":\"it-IT\"},{\"@type\":\"Organization\",\"@id\":\"https:\/\/zunzz.com\/it\/#organization\",\"name\":\"Zunzz Wire Rope Sling Machine Company\",\"url\":\"https:\/\/zunzz.com\/it\/\",\"logo\":{\"@type\":\"ImageObject\",\"inLanguage\":\"it-IT\",\"@id\":\"https:\/\/zunzz.com\/it\/#\/schema\/logo\/image\/\",\"url\":\"https:\/\/zunzz.com\/wp-content\/uploads\/2023\/09\/Logo.png\",\"contentUrl\":\"https:\/\/zunzz.com\/wp-content\/uploads\/2023\/09\/Logo.png\",\"width\":171,\"height\":133,\"caption\":\"Zunzz Wire Rope Sling Machine Company\"},\"image\":{\"@id\":\"https:\/\/zunzz.com\/it\/#\/schema\/logo\/image\/\"}}]}<\/script>\n<!-- \/ Yoast SEO plugin. -->","yoast_head_json":{"title":"Macchina per ricottura fune metallica 55mm","description":"Macchina per ricottura fune metallica per fune metallica 22-55mm. La macchina pu\u00f2 funzionare insieme allo scarico dei fumi. Su richiesta, \u00e8 possibile realizzare altre gamme di cavi metallici.","robots":{"index":"index","follow":"follow","max-snippet":"max-snippet:-1","max-image-preview":"max-image-preview:large","max-video-preview":"max-video-preview:-1"},"canonical":"https:\/\/zunzz.com\/it\/product\/wire-rope-annealing-machine\/","og_locale":"it_IT","og_type":"article","og_title":"Macchina per ricottura fune metallica 55mm","og_description":"Macchina per ricottura fune metallica per fune metallica 22-55mm. La macchina pu\u00f2 funzionare insieme allo scarico dei fumi. Su richiesta, \u00e8 possibile realizzare altre gamme di cavi metallici.","og_url":"https:\/\/zunzz.com\/it\/product\/wire-rope-annealing-machine\/","og_site_name":"Zunzz Wire Rope Sling Machine Company","article_modified_time":"2025-12-14T03:23:01+00:00","og_image":[{"width":1000,"height":1000,"url":"https:\/\/zunzz.com\/wp-content\/uploads\/2023\/09\/Wire-Rope-Annealing-Machine-55mm-2.webp","type":"image\/webp"}],"twitter_card":"summary_large_image","twitter_misc":{"Tempo di lettura stimato":"5 minuti"},"schema":{"@context":"https:\/\/schema.org","@graph":[{"@type":"WebPage","@id":"https:\/\/zunzz.com\/it\/product\/wire-rope-annealing-machine\/","url":"https:\/\/zunzz.com\/it\/product\/wire-rope-annealing-machine\/","name":"Macchina per ricottura fune metallica 55mm","isPartOf":{"@id":"https:\/\/zunzz.com\/it\/#website"},"primaryImageOfPage":{"@id":"https:\/\/zunzz.com\/it\/product\/wire-rope-annealing-machine\/#primaryimage"},"image":{"@id":"https:\/\/zunzz.com\/it\/product\/wire-rope-annealing-machine\/#primaryimage"},"thumbnailUrl":"https:\/\/zunzz.com\/wp-content\/uploads\/2023\/09\/Wire-Rope-Annealing-Machine-55mm-2.webp","datePublished":"2025-12-13T02:04:06+00:00","dateModified":"2025-12-14T03:23:01+00:00","description":"Macchina per ricottura fune metallica per fune metallica 22-55mm. La macchina pu\u00f2 funzionare insieme allo scarico dei fumi. Su richiesta, \u00e8 possibile realizzare altre gamme di cavi metallici.","breadcrumb":{"@id":"https:\/\/zunzz.com\/it\/product\/wire-rope-annealing-machine\/#breadcrumb"},"inLanguage":"it-IT","potentialAction":[{"@type":"ReadAction","target":["https:\/\/zunzz.com\/it\/product\/wire-rope-annealing-machine\/"]}]},{"@type":"ImageObject","inLanguage":"it-IT","@id":"https:\/\/zunzz.com\/it\/product\/wire-rope-annealing-machine\/#primaryimage","url":"https:\/\/zunzz.com\/wp-content\/uploads\/2023\/09\/Wire-Rope-Annealing-Machine-55mm-2.webp","contentUrl":"https:\/\/zunzz.com\/wp-content\/uploads\/2023\/09\/Wire-Rope-Annealing-Machine-55mm-2.webp","width":1000,"height":1000,"caption":"Macchina per ricottura di funi metalliche 55mm-2"},{"@type":"BreadcrumbList","@id":"https:\/\/zunzz.com\/it\/product\/wire-rope-annealing-machine\/#breadcrumb","itemListElement":[{"@type":"ListItem","position":1,"name":"Home","item":"https:\/\/zunzz.com\/it\/home\/"},{"@type":"ListItem","position":2,"name":"Shop","item":"https:\/\/zunzz.com\/bg\/shop\/"},{"@type":"ListItem","position":3,"name":"Macchina per ricottura fune metallica 55mm"}]},{"@type":"WebSite","@id":"https:\/\/zunzz.com\/it\/#website","url":"https:\/\/zunzz.com\/it\/","name":"Zunzz Wire Rope Sling Machine Company","description":"Zunzz Wire Rope Sling Machine Company is a leading manufacturer of wire rope sling machines and related products.","publisher":{"@id":"https:\/\/zunzz.com\/it\/#organization"},"potentialAction":[{"@type":"SearchAction","target":{"@type":"EntryPoint","urlTemplate":"https:\/\/zunzz.com\/it\/?s={search_term_string}"},"query-input":{"@type":"PropertyValueSpecification","valueRequired":true,"valueName":"search_term_string"}}],"inLanguage":"it-IT"},{"@type":"Organization","@id":"https:\/\/zunzz.com\/it\/#organization","name":"Zunzz Wire Rope Sling Machine Company","url":"https:\/\/zunzz.com\/it\/","logo":{"@type":"ImageObject","inLanguage":"it-IT","@id":"https:\/\/zunzz.com\/it\/#\/schema\/logo\/image\/","url":"https:\/\/zunzz.com\/wp-content\/uploads\/2023\/09\/Logo.png","contentUrl":"https:\/\/zunzz.com\/wp-content\/uploads\/2023\/09\/Logo.png","width":171,"height":133,"caption":"Zunzz Wire Rope Sling Machine Company"},"image":{"@id":"https:\/\/zunzz.com\/it\/#\/schema\/logo\/image\/"}}]}},"_links":{"self":[{"href":"https:\/\/zunzz.com\/it\/wp-json\/wp\/v2\/product\/2858","targetHints":{"allow":["GET"]}}],"collection":[{"href":"https:\/\/zunzz.com\/it\/wp-json\/wp\/v2\/product"}],"about":[{"href":"https:\/\/zunzz.com\/it\/wp-json\/wp\/v2\/types\/product"}],"replies":[{"embeddable":true,"href":"https:\/\/zunzz.com\/it\/wp-json\/wp\/v2\/comments?post=2858"}],"wp:featuredmedia":[{"embeddable":true,"href":"https:\/\/zunzz.com\/it\/wp-json\/wp\/v2\/media\/2859"}],"wp:attachment":[{"href":"https:\/\/zunzz.com\/it\/wp-json\/wp\/v2\/media?parent=2858"}],"wp:term":[{"taxonomy":"product_brand","embeddable":true,"href":"https:\/\/zunzz.com\/it\/wp-json\/wp\/v2\/product_brand?post=2858"},{"taxonomy":"product_cat","embeddable":true,"href":"https:\/\/zunzz.com\/it\/wp-json\/wp\/v2\/product_cat?post=2858"},{"taxonomy":"product_tag","embeddable":true,"href":"https:\/\/zunzz.com\/it\/wp-json\/wp\/v2\/product_tag?post=2858"}],"curies":[{"name":"wp","href":"https:\/\/api.w.org\/{rel}","templated":true}]}}