{"id":2806,"date":"2025-12-13T05:13:39","date_gmt":"2025-12-13T05:13:39","guid":{"rendered":"https:\/\/zunzz.com\/product\/pressa-per-funi-metalliche-150t\/"},"modified":"2025-12-20T13:14:40","modified_gmt":"2025-12-20T13:14:40","slug":"wire-rope-press-machine","status":"publish","type":"product","link":"https:\/\/zunzz.com\/it\/product\/wire-rope-press-machine\/","title":{"rendered":"Pressa per funi metalliche 150T"},"content":{"rendered":"<h3>1. Informazioni sulla macchina per pressare i cavi metallici<\/h3>\n<p>La pressa per funi <strong>metalliche \u00e8 una nuova macchina<\/strong> sviluppata in modo indipendente dalla societ\u00e0 di macchine Zunzz nel 2001. Utilizziamo componenti di alta qualit\u00e0 di marchi leader per garantire un&#8217;eccellente affidabilit\u00e0 e durata. <\/p>\n<p>\u00c8 realizzato in acciaio legato di alta qualit\u00e0 ed \u00e8 riconosciuto dai clienti per il suo basso tasso di guasti, il funzionamento regolare, l&#8217;elevata efficienza, la bassa rumorosit\u00e0 e la struttura compatta. Pertanto, \u00e8 ampiamente utilizzato in acciaio, costruzioni navali, centrali elettriche, porti, trasporti, edilizia e altri settori.<\/p>\n<p>Il tradizionale processo di giunzione delle imbracature in fune metallica richiede l&#8217;inserimento di una guaina metallica nell&#8217;estremit\u00e0 della fune metallica. E poi la sua pressatura e il suo fissaggio. Questo processo pu\u00f2 facilmente causare danni interni alla fune metallica.  <\/p>\n<p>La tecnologia di formatura senza taglio utilizzata dalla pressa idraulica per funi metalliche non richiede l&#8217;inserimento di manicotti metallici durante il processo di pressatura. Invece, la fune metallica viene posizionata direttamente nello stampo e la pressione viene applicata tramite il sistema idraulico. <\/p>\n<p>Il metallo nella cavit\u00e0 delle matrici \u00e8 completamente e strettamente combinato e il cavo metallico \u00e8 fissato agli accessori. Questo metodo riduce i danni all&#8217;interno del cavo metallico, pu\u00f2 mantenere meglio la resistenza e la durata del cavo metallico e prolungarne la durata utile. <\/p>\n<h3>2. Parametro<\/h3>\n<div class=\"table-r\">\n<table width=\"100%\">\n<tbody>\n<tr>\n<td width=\"50%\">Capacit\u00e0\n<\/td>\n<td width=\"50%\">1500kN<\/td>\n<\/tr>\n<tr>\n<td width=\"50%\">Gamma di serraggio\n<\/td>\n<td width=\"50%\">6-16mm<\/td>\n<\/tr>\n<tr>\n<td width=\"50%\">Multi-pressa\n<\/td>\n<td width=\"50%\">20mm<\/td>\n<\/tr>\n<tr>\n<td width=\"50%\">Massimo. Pressione dell&#8217;olio<\/td>\n<td width=\"50%\">63 MPa<\/td>\n<\/tr>\n<tr>\n<td width=\"50%\">Controllo pressione olio\n<\/td>\n<td width=\"50%\">7 Mpa<\/td>\n<\/tr>\n<tr>\n<td width=\"50%\">Corsa di lavoro\n<\/td>\n<td width=\"50%\">50mm<\/td>\n<\/tr>\n<tr>\n<td width=\"50%\">Velocit\u00e0 verso l&#8217;alto\n<\/td>\n<td width=\"50%\">9,8mm\/s<\/td>\n<\/tr>\n<\/tbody>\n<\/table>\n<\/div>\n<p>&nbsp;<\/p>\n<p><iframe title=\"wire rope swaging machine\" width=\"1060\" height=\"596\" src=\"https:\/\/www.youtube.com\/embed\/Gn9A0sCPr0Y?feature=oembed\" frameborder=\"0\" allow=\"accelerometer; autoplay; clipboard-write; encrypted-media; gyroscope; picture-in-picture; web-share\" referrerpolicy=\"strict-origin-when-cross-origin\" allowfullscreen><\/iframe><\/p>\n<h3>3. Caratteristiche della pressa per cavi metallici:<\/h3>\n<p><strong>Elevata resistenza, buona concentricit\u00e0 e superficie liscia della braca pressata:<\/strong> viene utilizzata una tecnologia di pressatura avanzata per garantire che la braca in fune metallica pressata abbia elevata resistenza, buona concentricit\u00e0 e superficie liscia.<\/p>\n<p><strong>Forza uniforme, pressatura stabile, lunga durata, poca manutenzione:<\/strong> la progettazione della macchina \u00e8 ragionevole e la forza \u00e8 uniforme durante il processo di pressatura, garantendo la qualit\u00e0 e la durata dell&#8217;imbracatura e riducendo il numero di tempi e costi di manutenzione.<\/p>\n<p><strong>Il sistema di alimentazione dell&#8217;olio ha elevate prestazioni di tenuta, \u00e8 sicuro, affidabile e durevole:<\/strong> il sistema della pompa dell&#8217;olio utilizza pompe ad alta e bassa pressione per fornire olio e la macchina ha prestazioni di tenuta estremamente elevate, rendendola pi\u00f9 sicura, affidabile e durevole.<\/p>\n<p><strong>Design dello stampo rotondo, posizionamento automatico, comodo per sostituire diversi stampi:<\/strong> il design dello stampo rotondo pu\u00f2 realizzare il posizionamento automatico, la sostituzione comoda e veloce di diversi stampi, migliorando l&#8217;efficienza produttiva e la pressatura di un filo di acciaio pu\u00f2 essere completata in pochi minuti. <strong>Possono essere forniti anche gli stampi a blocco.<\/strong><\/p>\n<p><strong>Il pistone pu\u00f2 fermarsi in qualsiasi posizione:<\/strong> il pistone \u00e8 progettato per essere flessibile e pu\u00f2 fermarsi in qualsiasi posizione, facilitando il funzionamento e la regolazione.<\/p>\n<p><strong>Tecnologia avanzata, aspetto gradevole:<\/strong> realizzato con tecnologia avanzata, aspetto gradevole, in linea con l&#8217;estetica industriale moderna e i requisiti ergonomici.<\/p>\n<p><strong>Risparmio di funi metalliche:<\/strong> si risparmia l&#8217;uso di funi metalliche durante il processo di pressatura, con conseguente riduzione dei costi per i clienti.<\/p>\n<h3><img fetchpriority=\"high\" decoding=\"async\" class=\"alignnone wp-image-373 \" src=\"https:\/\/zunzz.com\/wp-content\/uploads\/2023\/09\/Wire-Rope-Press-Machine-150T-3.webp\" alt=\"Pressa per funi metalliche 150T-3\" width=\"1080\" height=\"1080\" srcset=\"https:\/\/zunzz.com\/wp-content\/uploads\/2023\/09\/Wire-Rope-Press-Machine-150T-3.webp 1024w, https:\/\/zunzz.com\/wp-content\/uploads\/2023\/09\/Wire-Rope-Press-Machine-150T-3-300x300.webp 300w, https:\/\/zunzz.com\/wp-content\/uploads\/2023\/09\/Wire-Rope-Press-Machine-150T-3-150x150.webp 150w, https:\/\/zunzz.com\/wp-content\/uploads\/2023\/09\/Wire-Rope-Press-Machine-150T-3-768x768.webp 768w, https:\/\/zunzz.com\/wp-content\/uploads\/2023\/09\/Wire-Rope-Press-Machine-150T-3-570x570.webp 570w, https:\/\/zunzz.com\/wp-content\/uploads\/2023\/09\/Wire-Rope-Press-Machine-150T-3-500x500.webp 500w, https:\/\/zunzz.com\/wp-content\/uploads\/2023\/09\/Wire-Rope-Press-Machine-150T-3-1000x1000.webp 1000w, https:\/\/zunzz.com\/wp-content\/uploads\/2023\/09\/Wire-Rope-Press-Machine-150T-3-700x700.webp 700w, https:\/\/zunzz.com\/wp-content\/uploads\/2023\/09\/Wire-Rope-Press-Machine-150T-3-650x650.webp 650w, https:\/\/zunzz.com\/wp-content\/uploads\/2023\/09\/Wire-Rope-Press-Machine-150T-3-600x600.webp 600w, https:\/\/zunzz.com\/wp-content\/uploads\/2023\/09\/Wire-Rope-Press-Machine-150T-3-100x100.webp 100w\" sizes=\"(max-width: 1080px) 100vw, 1080px\" \/><\/h3>\n<h3><img decoding=\"async\" class=\"alignnone wp-image-372 size-full\" src=\"https:\/\/zunzz.com\/wp-content\/uploads\/2023\/09\/Wire-Rope-Press-Machine-150T-2.webp\" alt=\"Pressa per funi metalliche 150T-2\" width=\"1080\" height=\"1440\" srcset=\"https:\/\/zunzz.com\/wp-content\/uploads\/2023\/09\/Wire-Rope-Press-Machine-150T-2.webp 1080w, https:\/\/zunzz.com\/wp-content\/uploads\/2023\/09\/Wire-Rope-Press-Machine-150T-2-225x300.webp 225w, https:\/\/zunzz.com\/wp-content\/uploads\/2023\/09\/Wire-Rope-Press-Machine-150T-2-768x1024.webp 768w, https:\/\/zunzz.com\/wp-content\/uploads\/2023\/09\/Wire-Rope-Press-Machine-150T-2-600x800.webp 600w, https:\/\/zunzz.com\/wp-content\/uploads\/2023\/09\/Wire-Rope-Press-Machine-150T-2-700x933.webp 700w\" sizes=\"(max-width: 1080px) 100vw, 1080px\" \/><\/h3>\n<h3>4. Fasi operative della pressa idraulica per cavi metallici:<\/h3>\n<p><strong>Riparare lo stampo:<\/strong> Installazione degli stampi.<\/p>\n<p><strong>Regolazione della pressione:<\/strong> regolare la macchina in modo da applicare la pressione adeguata in base ai requisiti del cavo metallico.<\/p>\n<p><strong>Operazione di sollevamento: <\/strong>posizionare il manicotto del cavo metallico verticalmente al centro dello stampo. Premere l&#8217;interruttore del pedale verso l&#8217;alto e il pistone inizier\u00e0 a sollevarsi. Quando il pistone sale a una determinata pressione, la spia di sollevamento si accender\u00e0 e la macchina si fermer\u00e0 automaticamente e completer\u00e0 la pressatura.  <\/p>\n<p><strong>Operazione di abbassamento:<\/strong> Dopo aver completato la pressatura, premere l&#8217;interruttore di abbassamento e il pistone scender\u00e0. La spia di abbassamento si accender\u00e0, indicando che il pistone si sta abbassando. Dopo che il pistone \u00e8 completamente sceso, estrarre la fune metallica pressata.  <\/p>\n<h3><img decoding=\"async\" class=\"alignnone wp-image-371 size-full\" src=\"https:\/\/zunzz.com\/wp-content\/uploads\/2023\/09\/Wire-Rope-Press-Machine-150T-1.webp\" alt=\"Pressa per funi metalliche 150T-1\" width=\"1080\" height=\"1440\" srcset=\"https:\/\/zunzz.com\/wp-content\/uploads\/2023\/09\/Wire-Rope-Press-Machine-150T-1.webp 1080w, https:\/\/zunzz.com\/wp-content\/uploads\/2023\/09\/Wire-Rope-Press-Machine-150T-1-225x300.webp 225w, https:\/\/zunzz.com\/wp-content\/uploads\/2023\/09\/Wire-Rope-Press-Machine-150T-1-768x1024.webp 768w, https:\/\/zunzz.com\/wp-content\/uploads\/2023\/09\/Wire-Rope-Press-Machine-150T-1-600x800.webp 600w, https:\/\/zunzz.com\/wp-content\/uploads\/2023\/09\/Wire-Rope-Press-Machine-150T-1-700x933.webp 700w\" sizes=\"(max-width: 1080px) 100vw, 1080px\" \/><\/h3>\n<p><img loading=\"lazy\" decoding=\"async\" class=\"alignnone wp-image-374 size-full\" src=\"https:\/\/zunzz.com\/wp-content\/uploads\/2023\/09\/Wire-Rope-Press-Machine-150T-4.webp\" alt=\"Pressa per funi metalliche 150T-4\" width=\"1080\" height=\"1440\" srcset=\"https:\/\/zunzz.com\/wp-content\/uploads\/2023\/09\/Wire-Rope-Press-Machine-150T-4.webp 1080w, https:\/\/zunzz.com\/wp-content\/uploads\/2023\/09\/Wire-Rope-Press-Machine-150T-4-225x300.webp 225w, https:\/\/zunzz.com\/wp-content\/uploads\/2023\/09\/Wire-Rope-Press-Machine-150T-4-768x1024.webp 768w, https:\/\/zunzz.com\/wp-content\/uploads\/2023\/09\/Wire-Rope-Press-Machine-150T-4-600x800.webp 600w, https:\/\/zunzz.com\/wp-content\/uploads\/2023\/09\/Wire-Rope-Press-Machine-150T-4-700x933.webp 700w\" sizes=\"(max-width: 1080px) 100vw, 1080px\" \/><\/p>\n<h3>5.Domande frequenti:<\/h3>\n<p><strong>1. Che cosa si intende per servizio post-vendita?<\/strong><br \/>\nIl servizio post-vendita si riferisce ai servizi di supporto e manutenzione forniti dai clienti dopo l&#8217;acquisto dei prodotti, tra cui garanzia e manutenzione, ecc. Forniamo una garanzia di 24 ore e servizi di manutenzione del prodotto per 12 mesi. <\/p>\n<p><strong>2. Se non ho mai utilizzato una pressa prima, come posso installare e far funzionare la macchina?<\/strong><br \/>\nnessun problema! Ti forniremo un manuale utente con istruzioni dettagliate per l&#8217;installazione e il funzionamento per semplificarti l&#8217;avvio. <\/p>\n<p><strong>3. Devo vedere la macchina in funzione prima di ordinare?<\/strong><br \/>\na. You can send an inquiry and we will check if there is a customer display machine in your country.<x id=\"gid_0\"><\/x>b. Welcome to our factory, we will personally teach you how to operate.<x id=\"gid_1\"><\/x>c. If it is not convenient to be there, we can also show you the working process of the machine through video.   <\/p>\n<p><strong>4.Se effettuo un ordine, quanto tempo ci vuole perch\u00e9 una macchina venga completata?<\/strong><br \/>\nNormalmente, il tempo di consegna \u00e8 di 45 giorni. Se abbiamo in magazzino le macchine e gli stampi di cui hai bisogno, potremmo spedirli entro 7-10 giorni dalla ricezione del pagamento. <\/p>\n<p><strong>5.Siete una societ\u00e0 di commercio o una fabbrica?<br \/>\n<\/strong>Siamo un <strong>produttore professionale di macchine<\/strong> per pressatura di funi metalliche e <strong>macchine per ricottura di funi metalliche<\/strong> con 20 anni di esperienza. Tutti i prodotti sono realizzati nella nostra fabbrica. <\/p>\n<p><strong>6. Avete altri modelli di macchine per crimpatura di cavi metallici?<br \/>\n<\/strong>Abbiamo ancora 350T, <a title=\"Macchina pressatrice per funi metalliche 600T\" href=\"https:\/\/zunzz.com\/it\/product\/wire-rope-pressing-machine\/\">Macchine per pressatura di cavi metallici 600T<\/a>, 1000T, 1500T, 3000T, 5000T.<\/p>\n<p><strong>7.Come contattare il reparto vendite?<\/strong><br \/>\nPuoi contattarci compilando il modulo messaggio e il nostro team commerciale ti contatter\u00e0 il prima possibile.<\/p>\n\n<div class=\"wpcf7 no-js\" id=\"wpcf7-f5523-o1\" lang=\"it-IT\" dir=\"ltr\" data-wpcf7-id=\"5523\">\n<div class=\"screen-reader-response\"><p role=\"status\" aria-live=\"polite\" aria-atomic=\"true\"><\/p> <ul><\/ul><\/div>\n<form action=\"\/it\/wp-json\/wp\/v2\/product\/2806#wpcf7-f5523-o1\" method=\"post\" class=\"wpcf7-form init\" aria-label=\"Modulo di contatto\" novalidate=\"novalidate\" data-status=\"init\">\n<fieldset class=\"hidden-fields-container\"><input type=\"hidden\" name=\"_wpcf7\" value=\"5523\" \/><input type=\"hidden\" name=\"_wpcf7_version\" value=\"6.1.4\" \/><input type=\"hidden\" name=\"_wpcf7_locale\" value=\"it_IT\" \/><input type=\"hidden\" name=\"_wpcf7_unit_tag\" value=\"wpcf7-f5523-o1\" \/><input type=\"hidden\" name=\"_wpcf7_container_post\" value=\"0\" \/><input type=\"hidden\" name=\"_wpcf7_posted_data_hash\" value=\"\" \/>\n<\/fieldset>\n<div class=\"wpcf7-turnstile cf-turnstile\" data-sitekey=\"0x4AAAAAACHlhHyKtoljFN8P\" data-response-field-name=\"_wpcf7_turnstile_response\"><\/div>\n\n<p>\n    <\/p><h4 style=\"color:#333333;font-size:20px;font-family:\"background-color:#FFFFFF;font-weight:normal !important;\">\n        <span style=\"color:red;\">Inviaci le tue richieste: ti risponderemo entro 24 ore.<\/span>\n    <\/h4>\n\n\n<div class=\"row\" style=\"display:flex; flex-wrap:wrap; width:100%;\">\n\n    <!-- Name -->\n    <div style=\"width:40%; padding-right:10px; box-sizing:border-box;\">\n        <div class=\"form-group\" style=\"margin-bottom:15px;\">\n <span class=\"wpcf7-form-control-wrap\" data-name=\"your-name\"><input size=\"40\" maxlength=\"400\" class=\"wpcf7-form-control wpcf7-text wpcf7-validates-as-required\" aria-required=\"true\" aria-invalid=\"false\" placeholder=\"Il tuo nome *\" value=\"\" type=\"text\" name=\"your-name\" \/><\/span>\n        <\/div>\n    <\/div>\n\n    <!-- Email -->\n    <div style=\"width:60%; padding-left:10px; box-sizing:border-box;\">\n        <div class=\"form-group\" style=\"margin-bottom:15px;\">\n <span class=\"wpcf7-form-control-wrap\" data-name=\"your-email\"><input size=\"40\" maxlength=\"400\" class=\"wpcf7-form-control wpcf7-email wpcf7-validates-as-required wpcf7-text wpcf7-validates-as-email\" aria-required=\"true\" aria-invalid=\"false\" placeholder=\"Indirizzo email *\" value=\"\" type=\"email\" name=\"your-email\" \/><\/span>\n        <\/div>\n    <\/div>\n\n    <!-- Message -->\n    <div style=\"width:100%; box-sizing:border-box;\">\n        <div class=\"form-group\" style=\"margin-bottom:15px;\">\n            <span class=\"wpcf7-form-control-wrap\" data-name=\"your-message\"><textarea cols=\"30\" rows=\"4\" maxlength=\"2000\" class=\"wpcf7-form-control wpcf7-textarea\" aria-invalid=\"false\" placeholder=\"Scrivi qui il tuo messaggio\" name=\"your-message\"><\/textarea><\/span>\n        <\/div>\n    <\/div>\n\n    <!-- Submit -->\n    <div style=\"width:100%; box-sizing:border-box;\">\n        <input class=\"wpcf7-form-control wpcf7-submit has-spinner btn btn-default\" type=\"submit\" value=\"Scrivici e richiedi un preventivo\" \/>\n    <\/div>\n\n<\/div><div class=\"wpcf7-response-output\" aria-hidden=\"true\"><\/div>\n<\/form>\n<\/div>\n\n","protected":false},"excerpt":{"rendered":"<div class=\"table-r\">\n<table width=\"100%\">\n<tbody>\n<tr>\n<td width=\"50%\">Modello:\n<\/td>\n<td width=\"50%\">YT150<\/td>\n<\/tr>\n<tr>\n<td width=\"50%\">Capacit\u00e0:\n<\/td>\n<td width=\"50%\">1500 kn<\/td>\n<\/tr>\n<tr>\n<td width=\"50%\">Diametro della pressa:\n<\/td>\n<td width=\"50%\">16cm<\/td>\n<\/tr>\n<tr>\n<td width=\"50%\">Potenza:\n<\/td>\n<td width=\"50%\">4kw<\/td>\n<\/tr>\n<tr>\n<td width=\"50%\">Dimensioni:\n<\/td>\n<td width=\"50%\">900*530*1400mm<\/td>\n<\/tr>\n<tr>\n<td width=\"50%\">Peso:\n<\/td>\n<td width=\"50%\">400kg<\/td>\n<\/tr>\n<\/tbody>\n<\/table>\n<p><strong>Lingua disponibile:<\/strong>[wpml_language_selector_widget]<\/p>\n[contact-form-7 id=\"055e9b5\" title=\"Contact form 2\"]\n<\/div>\n","protected":false},"featured_media":2807,"comment_status":"open","ping_status":"closed","template":"","meta":[],"product_brand":[],"product_cat":[201],"product_tag":[270],"class_list":{"0":"post-2806","1":"product","2":"type-product","3":"status-publish","4":"has-post-thumbnail","6":"product_cat-wire-rope-swaging-machine","7":"product_tag-wire-rope-swaging-machine","9":"first","10":"instock","11":"taxable","12":"shipping-taxable","13":"product-type-simple"},"yoast_head":"<!-- This site is optimized with the Yoast SEO plugin v26.8 - https:\/\/yoast.com\/product\/yoast-seo-wordpress\/ -->\n<title>Pressa per funi metalliche 150T<\/title>\n<meta name=\"description\" content=\"La pressa per funi metalliche \u00e8 una nuova macchina sviluppata in modo indipendente da Zunzz nel 2001. Utilizziamo componenti di alta qualit\u00e0 di marchi leader.\" \/>\n<meta name=\"robots\" content=\"index, follow, max-snippet:-1, max-image-preview:large, max-video-preview:-1\" \/>\n<link rel=\"canonical\" href=\"https:\/\/zunzz.com\/it\/product\/wire-rope-press-machine\/\" \/>\n<meta property=\"og:locale\" content=\"it_IT\" \/>\n<meta property=\"og:type\" content=\"article\" \/>\n<meta property=\"og:title\" content=\"Pressa per funi metalliche 150T\" \/>\n<meta property=\"og:description\" content=\"La pressa per funi metalliche \u00e8 una nuova macchina sviluppata in modo indipendente da Zunzz nel 2001. Utilizziamo componenti di alta qualit\u00e0 di marchi leader.\" \/>\n<meta property=\"og:url\" content=\"https:\/\/zunzz.com\/it\/product\/wire-rope-press-machine\/\" \/>\n<meta property=\"og:site_name\" content=\"Zunzz Wire Rope Sling Machine Company\" \/>\n<meta property=\"article:modified_time\" content=\"2025-12-20T13:14:40+00:00\" \/>\n<meta property=\"og:image\" content=\"https:\/\/zunzz.com\/wp-content\/uploads\/2023\/09\/Wire-Rope-Press-Machine-150T-3.webp\" \/>\n\t<meta property=\"og:image:width\" content=\"1024\" \/>\n\t<meta property=\"og:image:height\" content=\"1024\" \/>\n\t<meta property=\"og:image:type\" content=\"image\/webp\" \/>\n<meta name=\"twitter:card\" content=\"summary_large_image\" \/>\n<meta name=\"twitter:label1\" content=\"Tempo di lettura stimato\" \/>\n\t<meta name=\"twitter:data1\" content=\"6 minuti\" \/>\n<script type=\"application\/ld+json\" class=\"yoast-schema-graph\">{\"@context\":\"https:\/\/schema.org\",\"@graph\":[{\"@type\":\"WebPage\",\"@id\":\"https:\/\/zunzz.com\/it\/product\/wire-rope-press-machine\/\",\"url\":\"https:\/\/zunzz.com\/it\/product\/wire-rope-press-machine\/\",\"name\":\"Pressa per funi metalliche 150T\",\"isPartOf\":{\"@id\":\"https:\/\/zunzz.com\/it\/#website\"},\"primaryImageOfPage\":{\"@id\":\"https:\/\/zunzz.com\/it\/product\/wire-rope-press-machine\/#primaryimage\"},\"image\":{\"@id\":\"https:\/\/zunzz.com\/it\/product\/wire-rope-press-machine\/#primaryimage\"},\"thumbnailUrl\":\"https:\/\/zunzz.com\/wp-content\/uploads\/2023\/09\/Wire-Rope-Press-Machine-150T-3.webp\",\"datePublished\":\"2025-12-13T05:13:39+00:00\",\"dateModified\":\"2025-12-20T13:14:40+00:00\",\"description\":\"La pressa per funi metalliche \u00e8 una nuova macchina sviluppata in modo indipendente da Zunzz nel 2001. Utilizziamo componenti di alta qualit\u00e0 di marchi leader.\",\"breadcrumb\":{\"@id\":\"https:\/\/zunzz.com\/it\/product\/wire-rope-press-machine\/#breadcrumb\"},\"inLanguage\":\"it-IT\",\"potentialAction\":[{\"@type\":\"ReadAction\",\"target\":[\"https:\/\/zunzz.com\/it\/product\/wire-rope-press-machine\/\"]}]},{\"@type\":\"ImageObject\",\"inLanguage\":\"it-IT\",\"@id\":\"https:\/\/zunzz.com\/it\/product\/wire-rope-press-machine\/#primaryimage\",\"url\":\"https:\/\/zunzz.com\/wp-content\/uploads\/2023\/09\/Wire-Rope-Press-Machine-150T-3.webp\",\"contentUrl\":\"https:\/\/zunzz.com\/wp-content\/uploads\/2023\/09\/Wire-Rope-Press-Machine-150T-3.webp\",\"width\":1024,\"height\":1024,\"caption\":\"Pressa per funi metalliche 150T-3\"},{\"@type\":\"BreadcrumbList\",\"@id\":\"https:\/\/zunzz.com\/it\/product\/wire-rope-press-machine\/#breadcrumb\",\"itemListElement\":[{\"@type\":\"ListItem\",\"position\":1,\"name\":\"Home\",\"item\":\"https:\/\/zunzz.com\/it\/home\/\"},{\"@type\":\"ListItem\",\"position\":2,\"name\":\"Shop\",\"item\":\"https:\/\/zunzz.com\/bg\/shop\/\"},{\"@type\":\"ListItem\",\"position\":3,\"name\":\"Pressa per funi metalliche 150T\"}]},{\"@type\":\"WebSite\",\"@id\":\"https:\/\/zunzz.com\/it\/#website\",\"url\":\"https:\/\/zunzz.com\/it\/\",\"name\":\"Zunzz Wire Rope Sling Machine Company\",\"description\":\"Zunzz Wire Rope Sling Machine Company is a leading manufacturer of wire rope sling machines and related products.\",\"publisher\":{\"@id\":\"https:\/\/zunzz.com\/it\/#organization\"},\"potentialAction\":[{\"@type\":\"SearchAction\",\"target\":{\"@type\":\"EntryPoint\",\"urlTemplate\":\"https:\/\/zunzz.com\/it\/?s={search_term_string}\"},\"query-input\":{\"@type\":\"PropertyValueSpecification\",\"valueRequired\":true,\"valueName\":\"search_term_string\"}}],\"inLanguage\":\"it-IT\"},{\"@type\":\"Organization\",\"@id\":\"https:\/\/zunzz.com\/it\/#organization\",\"name\":\"Zunzz Wire Rope Sling Machine Company\",\"url\":\"https:\/\/zunzz.com\/it\/\",\"logo\":{\"@type\":\"ImageObject\",\"inLanguage\":\"it-IT\",\"@id\":\"https:\/\/zunzz.com\/it\/#\/schema\/logo\/image\/\",\"url\":\"https:\/\/zunzz.com\/wp-content\/uploads\/2023\/09\/Logo.png\",\"contentUrl\":\"https:\/\/zunzz.com\/wp-content\/uploads\/2023\/09\/Logo.png\",\"width\":171,\"height\":133,\"caption\":\"Zunzz Wire Rope Sling Machine Company\"},\"image\":{\"@id\":\"https:\/\/zunzz.com\/it\/#\/schema\/logo\/image\/\"}}]}<\/script>\n<!-- \/ Yoast SEO plugin. -->","yoast_head_json":{"title":"Pressa per funi metalliche 150T","description":"La pressa per funi metalliche \u00e8 una nuova macchina sviluppata in modo indipendente da Zunzz nel 2001. Utilizziamo componenti di alta qualit\u00e0 di marchi leader.","robots":{"index":"index","follow":"follow","max-snippet":"max-snippet:-1","max-image-preview":"max-image-preview:large","max-video-preview":"max-video-preview:-1"},"canonical":"https:\/\/zunzz.com\/it\/product\/wire-rope-press-machine\/","og_locale":"it_IT","og_type":"article","og_title":"Pressa per funi metalliche 150T","og_description":"La pressa per funi metalliche \u00e8 una nuova macchina sviluppata in modo indipendente da Zunzz nel 2001. Utilizziamo componenti di alta qualit\u00e0 di marchi leader.","og_url":"https:\/\/zunzz.com\/it\/product\/wire-rope-press-machine\/","og_site_name":"Zunzz Wire Rope Sling Machine Company","article_modified_time":"2025-12-20T13:14:40+00:00","og_image":[{"width":1024,"height":1024,"url":"https:\/\/zunzz.com\/wp-content\/uploads\/2023\/09\/Wire-Rope-Press-Machine-150T-3.webp","type":"image\/webp"}],"twitter_card":"summary_large_image","twitter_misc":{"Tempo di lettura stimato":"6 minuti"},"schema":{"@context":"https:\/\/schema.org","@graph":[{"@type":"WebPage","@id":"https:\/\/zunzz.com\/it\/product\/wire-rope-press-machine\/","url":"https:\/\/zunzz.com\/it\/product\/wire-rope-press-machine\/","name":"Pressa per funi metalliche 150T","isPartOf":{"@id":"https:\/\/zunzz.com\/it\/#website"},"primaryImageOfPage":{"@id":"https:\/\/zunzz.com\/it\/product\/wire-rope-press-machine\/#primaryimage"},"image":{"@id":"https:\/\/zunzz.com\/it\/product\/wire-rope-press-machine\/#primaryimage"},"thumbnailUrl":"https:\/\/zunzz.com\/wp-content\/uploads\/2023\/09\/Wire-Rope-Press-Machine-150T-3.webp","datePublished":"2025-12-13T05:13:39+00:00","dateModified":"2025-12-20T13:14:40+00:00","description":"La pressa per funi metalliche \u00e8 una nuova macchina sviluppata in modo indipendente da Zunzz nel 2001. Utilizziamo componenti di alta qualit\u00e0 di marchi leader.","breadcrumb":{"@id":"https:\/\/zunzz.com\/it\/product\/wire-rope-press-machine\/#breadcrumb"},"inLanguage":"it-IT","potentialAction":[{"@type":"ReadAction","target":["https:\/\/zunzz.com\/it\/product\/wire-rope-press-machine\/"]}]},{"@type":"ImageObject","inLanguage":"it-IT","@id":"https:\/\/zunzz.com\/it\/product\/wire-rope-press-machine\/#primaryimage","url":"https:\/\/zunzz.com\/wp-content\/uploads\/2023\/09\/Wire-Rope-Press-Machine-150T-3.webp","contentUrl":"https:\/\/zunzz.com\/wp-content\/uploads\/2023\/09\/Wire-Rope-Press-Machine-150T-3.webp","width":1024,"height":1024,"caption":"Pressa per funi metalliche 150T-3"},{"@type":"BreadcrumbList","@id":"https:\/\/zunzz.com\/it\/product\/wire-rope-press-machine\/#breadcrumb","itemListElement":[{"@type":"ListItem","position":1,"name":"Home","item":"https:\/\/zunzz.com\/it\/home\/"},{"@type":"ListItem","position":2,"name":"Shop","item":"https:\/\/zunzz.com\/bg\/shop\/"},{"@type":"ListItem","position":3,"name":"Pressa per funi metalliche 150T"}]},{"@type":"WebSite","@id":"https:\/\/zunzz.com\/it\/#website","url":"https:\/\/zunzz.com\/it\/","name":"Zunzz Wire Rope Sling Machine Company","description":"Zunzz Wire Rope Sling Machine Company is a leading manufacturer of wire rope sling machines and related products.","publisher":{"@id":"https:\/\/zunzz.com\/it\/#organization"},"potentialAction":[{"@type":"SearchAction","target":{"@type":"EntryPoint","urlTemplate":"https:\/\/zunzz.com\/it\/?s={search_term_string}"},"query-input":{"@type":"PropertyValueSpecification","valueRequired":true,"valueName":"search_term_string"}}],"inLanguage":"it-IT"},{"@type":"Organization","@id":"https:\/\/zunzz.com\/it\/#organization","name":"Zunzz Wire Rope Sling Machine Company","url":"https:\/\/zunzz.com\/it\/","logo":{"@type":"ImageObject","inLanguage":"it-IT","@id":"https:\/\/zunzz.com\/it\/#\/schema\/logo\/image\/","url":"https:\/\/zunzz.com\/wp-content\/uploads\/2023\/09\/Logo.png","contentUrl":"https:\/\/zunzz.com\/wp-content\/uploads\/2023\/09\/Logo.png","width":171,"height":133,"caption":"Zunzz Wire Rope Sling Machine Company"},"image":{"@id":"https:\/\/zunzz.com\/it\/#\/schema\/logo\/image\/"}}]}},"_links":{"self":[{"href":"https:\/\/zunzz.com\/it\/wp-json\/wp\/v2\/product\/2806","targetHints":{"allow":["GET"]}}],"collection":[{"href":"https:\/\/zunzz.com\/it\/wp-json\/wp\/v2\/product"}],"about":[{"href":"https:\/\/zunzz.com\/it\/wp-json\/wp\/v2\/types\/product"}],"replies":[{"embeddable":true,"href":"https:\/\/zunzz.com\/it\/wp-json\/wp\/v2\/comments?post=2806"}],"wp:featuredmedia":[{"embeddable":true,"href":"https:\/\/zunzz.com\/it\/wp-json\/wp\/v2\/media\/2807"}],"wp:attachment":[{"href":"https:\/\/zunzz.com\/it\/wp-json\/wp\/v2\/media?parent=2806"}],"wp:term":[{"taxonomy":"product_brand","embeddable":true,"href":"https:\/\/zunzz.com\/it\/wp-json\/wp\/v2\/product_brand?post=2806"},{"taxonomy":"product_cat","embeddable":true,"href":"https:\/\/zunzz.com\/it\/wp-json\/wp\/v2\/product_cat?post=2806"},{"taxonomy":"product_tag","embeddable":true,"href":"https:\/\/zunzz.com\/it\/wp-json\/wp\/v2\/product_tag?post=2806"}],"curies":[{"name":"wp","href":"https:\/\/api.w.org\/{rel}","templated":true}]}}