{"id":2596,"date":"2023-09-22T02:36:31","date_gmt":"2023-09-22T02:36:31","guid":{"rendered":"https:\/\/zunzz.com\/product\/macchina-per-prove-di-trazione-idraulica-200t\/"},"modified":"2025-05-20T06:37:33","modified_gmt":"2025-05-20T06:37:33","slug":"hydraulic-tensile-testing-machine","status":"publish","type":"product","link":"https:\/\/zunzz.com\/it\/product\/hydraulic-tensile-testing-machine\/","title":{"rendered":"Macchina per prove di trazione idraulica 200T"},"content":{"rendered":"<h2>1. Macchina per prove di trazione idraulica<\/h2>\n<p>La <strong>macchina per prove di trazione idraulica<\/strong> testa funi metalliche, imbracature in fune metallica, imbracature in fettuccia, ganci, catene e cos\u00ec via. \u00c8 ampiamente utilizzata in settori come quello navale, edile, elettrico, del sollevamento e del soccorso per garantire la sicurezza e l&#8217;affidabilit\u00e0 delle attrezzature.<\/p>\n<p>Il rapporto di prova pu\u00f2 essere stampato.<\/p>\n<p><strong>Precauzioni di sicurezza:<\/strong> prima di effettuare il test, verificare che il dispositivo sia saldamente fissato per evitare scivolamenti. Il sovraccarico \u00e8 severamente vietato per prevenire danni all&#8217;apparecchiatura o lesioni personali. Calibrare regolarmente i sensori per garantire l&#8217;accuratezza dei dati.<\/p>\n<p><strong>funzione principale<\/strong><\/p>\n<p>Prova di trazione: misura la massima resistenza a trazione (resistenza alla frattura) dell&#8217;attrezzatura.<br \/>\nProva di carico: simula i carichi di lavoro effettivi per verificare la capacit\u00e0 portante dell&#8217;attrezzatura.<br \/>\nProva di allungamento: registra il grado di deformazione del materiale sotto tensione.<br \/>\nProva di durabilit\u00e0: carichi ripetuti per testare la resistenza a fatica.<br \/>\nProva statica\/dinamica: scegli diverse modalit\u00e0 di prova in base alle esigenze.<\/p>\n<p><img fetchpriority=\"high\" decoding=\"async\" class=\"alignnone wp-image-383 size-full\" src=\"https:\/\/zunzz.com\/wp-content\/uploads\/2023\/09\/Hydraulic-Tensile-Testing-Machine-2.webp\" alt=\"Macchina per prove di trazione idraulica-2\" width=\"1000\" height=\"1267\" srcset=\"https:\/\/zunzz.com\/wp-content\/uploads\/2023\/09\/Hydraulic-Tensile-Testing-Machine-2.webp 1000w, https:\/\/zunzz.com\/wp-content\/uploads\/2023\/09\/Hydraulic-Tensile-Testing-Machine-2-237x300.webp 237w, https:\/\/zunzz.com\/wp-content\/uploads\/2023\/09\/Hydraulic-Tensile-Testing-Machine-2-808x1024.webp 808w, https:\/\/zunzz.com\/wp-content\/uploads\/2023\/09\/Hydraulic-Tensile-Testing-Machine-2-768x973.webp 768w, https:\/\/zunzz.com\/wp-content\/uploads\/2023\/09\/Hydraulic-Tensile-Testing-Machine-2-700x887.webp 700w, https:\/\/zunzz.com\/wp-content\/uploads\/2023\/09\/Hydraulic-Tensile-Testing-Machine-2-600x760.webp 600w\" sizes=\"(max-width: 1000px) 100vw, 1000px\" \/><\/p>\n<h2>2.Parametri tecnici<\/h2>\n<div class=\"table-r\">\n<table width=\"100%\">\n<tbody>\n<tr>\n<td width=\"50%\">Massimo. pressione caricata<\/td>\n<td width=\"50%\">63 MPa<\/td>\n<\/tr>\n<tr>\n<td width=\"50%\">Massimo. Movimento del pistone<\/td>\n<td width=\"50%\">1500 mm<\/td>\n<\/tr>\n<tr>\n<td width=\"50%\">Velocit\u00e0 di estrazione del pistone<\/td>\n<td width=\"50%\">8 mm\/sec<\/td>\n<\/tr>\n<tr>\n<td width=\"50%\">Velocit\u00e0 del pistone a pieno carico<\/td>\n<td width=\"50%\">2 mm\/sec<\/td>\n<\/tr>\n<tr>\n<td width=\"50%\">Velocit\u00e0 di arretramento del pistone<\/td>\n<td width=\"50%\">10 mm\/sec<\/td>\n<\/tr>\n<tr>\n<td width=\"50%\">Tolleranza di precisione del test di trazione<\/td>\n<td width=\"50%\">\u22641%<\/td>\n<\/tr>\n<tr>\n<td width=\"50%\">Tolleranza di precisione dello spostamento<\/td>\n<td width=\"50%\">\u22641%<\/td>\n<\/tr>\n<tr>\n<td width=\"50%\">Tolleranza di precisione del carico statico<\/td>\n<td width=\"50%\">\u22641%<\/td>\n<\/tr>\n<tr>\n<td width=\"50%\">Livello di rumore<\/td>\n<td width=\"50%\">\u226470 dB<\/td>\n<\/tr>\n<tr>\n<td width=\"50%\">Metodo di controllo<\/td>\n<td width=\"50%\">Computer<\/td>\n<\/tr>\n<tr>\n<td width=\"50%\">Copertura protettiva automatica<\/td>\n<td width=\"50%\">Disponibile<\/td>\n<\/tr>\n<\/tbody>\n<\/table>\n<p>&nbsp;<\/p>\n<p><iframe title=\"test bench for wire rope, websling, chain and so on testing.\" width=\"1060\" height=\"596\" src=\"https:\/\/www.youtube.com\/embed\/vC5deAoKkuU?feature=oembed\" frameborder=\"0\" allow=\"accelerometer; autoplay; clipboard-write; encrypted-media; gyroscope; picture-in-picture; web-share\" referrerpolicy=\"strict-origin-when-cross-origin\" allowfullscreen><\/iframe><\/p>\n<h2>3. I vantaggi del banco di prova<\/h2>\n<p>1. Utilizzando l&#8217;interazione uomo-computer per analizzare e calcolare gli indicatori delle prestazioni meccaniche dei materiali testati, la forza di trazione viene calcolata automaticamente alla fine dell&#8217;esperimento. Sulla base dell&#8217;analisi automatica, i risultati dell&#8217;analisi possono anche essere corretti manualmente per migliorare la precisione dell&#8217;analisi.<\/p>\n<p>2. \u00c8 possibile controllare varie curve quali forza di deformazione, forza di spostamento, tempo di forza, sforzo-deformazione, tempo di deformazione, tempo di spostamento;<\/p>\n<p>3. Amplificazione parziale delle curve sperimentali e confronto delle sovrapposizioni di pi\u00f9 curve;<\/p>\n<p>4. La modalit\u00e0 di controllo ha una modalit\u00e0 di controllo automatico. Il controllo automatico \u00e8 una modalit\u00e0 servo di funzionamento completamente digitale, con due metodi di impostazione delle condizioni di test: controllo completamente automatico e controllo programmabile del dialogo uomo-macchina.<\/p>\n<p>5. Usi multipli: pu\u00f2 condurre prove di trazione, di strappo e di altro tipo su metalli, non metalli e componenti. Pu\u00f2 soddisfare vari standard di metodi di prova come ISO e GB.<\/p>\n<p>6. La fonte di olio adotta un design silenzioso, ecologico e di facile utilizzo, che riduce il consumo di energia, riduce la generazione di calore e protegge il circuito dell&#8217;olio;<\/p>\n<p>7. L&#8217;impiego di alta velocit\u00e0, elevata integrazione, controllo potente, capacit\u00e0 di elaborazione dati ed elevata affidabilit\u00e0 non ha eguali nelle macchine di prova che utilizzano altri processori.<\/p>\n<p>&nbsp;<\/p>\n<\/div>\n<p><img decoding=\"async\" class=\"alignnone wp-image-385 size-full\" src=\"https:\/\/zunzz.com\/wp-content\/uploads\/2023\/09\/Hydraulic-Tensile-Testing-Machine-4.webp\" alt=\"Macchina per prove di trazione idraulica-4\" width=\"1000\" height=\"800\" srcset=\"https:\/\/zunzz.com\/wp-content\/uploads\/2023\/09\/Hydraulic-Tensile-Testing-Machine-4.webp 1000w, https:\/\/zunzz.com\/wp-content\/uploads\/2023\/09\/Hydraulic-Tensile-Testing-Machine-4-300x240.webp 300w, https:\/\/zunzz.com\/wp-content\/uploads\/2023\/09\/Hydraulic-Tensile-Testing-Machine-4-768x614.webp 768w, https:\/\/zunzz.com\/wp-content\/uploads\/2023\/09\/Hydraulic-Tensile-Testing-Machine-4-700x560.webp 700w, https:\/\/zunzz.com\/wp-content\/uploads\/2023\/09\/Hydraulic-Tensile-Testing-Machine-4-600x480.webp 600w\" sizes=\"(max-width: 1000px) 100vw, 1000px\" \/> <img decoding=\"async\" class=\"alignnone wp-image-384 size-full\" src=\"https:\/\/zunzz.com\/wp-content\/uploads\/2023\/09\/Hydraulic-Tensile-Testing-Machine-3.webp\" alt=\"Macchina per prove di trazione idraulica-3\" width=\"1000\" height=\"1267\" srcset=\"https:\/\/zunzz.com\/wp-content\/uploads\/2023\/09\/Hydraulic-Tensile-Testing-Machine-3.webp 1000w, https:\/\/zunzz.com\/wp-content\/uploads\/2023\/09\/Hydraulic-Tensile-Testing-Machine-3-237x300.webp 237w, https:\/\/zunzz.com\/wp-content\/uploads\/2023\/09\/Hydraulic-Tensile-Testing-Machine-3-808x1024.webp 808w, https:\/\/zunzz.com\/wp-content\/uploads\/2023\/09\/Hydraulic-Tensile-Testing-Machine-3-768x973.webp 768w, https:\/\/zunzz.com\/wp-content\/uploads\/2023\/09\/Hydraulic-Tensile-Testing-Machine-3-700x887.webp 700w, https:\/\/zunzz.com\/wp-content\/uploads\/2023\/09\/Hydraulic-Tensile-Testing-Machine-3-600x760.webp 600w\" sizes=\"(max-width: 1000px) 100vw, 1000px\" \/> <img loading=\"lazy\" decoding=\"async\" class=\"alignnone wp-image-382 \" src=\"https:\/\/zunzz.com\/wp-content\/uploads\/2023\/09\/Hydraulic-Tensile-Testing-Machine-1.webp\" alt=\"Macchina per prove di trazione idraulica-1\" width=\"1000\" height=\"1000\" srcset=\"https:\/\/zunzz.com\/wp-content\/uploads\/2023\/09\/Hydraulic-Tensile-Testing-Machine-1.webp 988w, https:\/\/zunzz.com\/wp-content\/uploads\/2023\/09\/Hydraulic-Tensile-Testing-Machine-1-300x300.webp 300w, https:\/\/zunzz.com\/wp-content\/uploads\/2023\/09\/Hydraulic-Tensile-Testing-Machine-1-150x150.webp 150w, https:\/\/zunzz.com\/wp-content\/uploads\/2023\/09\/Hydraulic-Tensile-Testing-Machine-1-768x768.webp 768w, https:\/\/zunzz.com\/wp-content\/uploads\/2023\/09\/Hydraulic-Tensile-Testing-Machine-1-570x570.webp 570w, https:\/\/zunzz.com\/wp-content\/uploads\/2023\/09\/Hydraulic-Tensile-Testing-Machine-1-500x500.webp 500w, https:\/\/zunzz.com\/wp-content\/uploads\/2023\/09\/Hydraulic-Tensile-Testing-Machine-1-700x700.webp 700w, https:\/\/zunzz.com\/wp-content\/uploads\/2023\/09\/Hydraulic-Tensile-Testing-Machine-1-650x650.webp 650w, https:\/\/zunzz.com\/wp-content\/uploads\/2023\/09\/Hydraulic-Tensile-Testing-Machine-1-600x600.webp 600w, https:\/\/zunzz.com\/wp-content\/uploads\/2023\/09\/Hydraulic-Tensile-Testing-Machine-1-100x100.webp 100w\" sizes=\"(max-width: 1000px) 100vw, 1000px\" \/><\/p>\n<h4><span style=\"color: #ff0000;\">Contattaci per maggiori dettagli, ti risponderemo entro 24 ore<\/span><\/h4>\n<p class=\"wpcf7-contact-form-not-found\"><strong>Errore:<\/strong> Modulo di contatto non trovato.<\/p>\n<p>&nbsp;<\/p>\n","protected":false},"excerpt":{"rendered":"<div class=\"table-r\">\n<p>La struttura di base della <strong>macchina per prove di trazione idraulica<\/strong> comprende un telaio principale ad alta resistenza, un sistema di carico idraulico, un sistema di fissaggio, un sistema di sensori e un sistema di controllo e acquisizione dati. Produciamo banchi di prova con capacit\u00e0 di 100T, 200T, 300T, 600T, 1000T e 2000T. <\/p>\n<table width=\"100%\">\n<tbody>\n<tr>\n<td width=\"50%\">Modello:<\/td>\n<td width=\"50%\">DYWP-2000<\/td>\n<\/tr>\n<tr>\n<td width=\"50%\">Massimo. Capacit\u00e0:<\/td>\n<td width=\"50%\">2000 kN<\/td>\n<\/tr>\n<tr>\n<td width=\"50%\">Dimensioni complessive:<\/td>\n<td width=\"50%\">25000 mm * 1800 mm * 900 mm<\/td>\n<\/tr>\n<tr>\n<td width=\"50%\">Durata del test:<\/td>\n<td width=\"50%\">come richiesto<\/td>\n<\/tr>\n<tr>\n<td width=\"50%\">Peso:<\/td>\n<td width=\"50%\">20000 kg<\/td>\n<\/tr>\n<tr>\n<td width=\"50%\">Raccolta e analisi dei dati:<\/td>\n<td width=\"50%\">Visualizzazione in tempo reale della curva tensione-spostamento e generazione automatica del rapporto di prova.<\/td>\n<\/tr>\n<\/tbody>\n<\/table>\n<p><strong>Lingua disponibile:<\/strong>[wpml_language_selector_widget]<\/p>\n<p><a class=\"single_add_to_cart_button button alt\" href=\"https:\/\/zunzz.com\/it\/contact-store\/\" target=\"_blank\" rel=\"noopener noreferrer\">INFORMARSI ORA<\/a><\/p>\n<\/div>\n","protected":false},"featured_media":2597,"comment_status":"open","ping_status":"closed","template":"","meta":[],"product_brand":[],"product_cat":[198],"product_tag":[326,327],"class_list":{"0":"post-2596","1":"product","2":"type-product","3":"status-publish","4":"has-post-thumbnail","6":"product_cat-tensile-test-machine","7":"product_tag-tensile-test-machine","8":"product_tag-hydraulic-tensile-test-machine","10":"first","11":"instock","12":"taxable","13":"shipping-taxable","14":"product-type-simple"},"yoast_head":"<!-- This site is optimized with the Yoast SEO plugin v26.8 - https:\/\/yoast.com\/product\/yoast-seo-wordpress\/ -->\n<title>Macchina per prove di trazione idraulica<\/title>\n<meta name=\"description\" content=\"La macchina per prove di trazione idraulica testa la fune metallica, l&#039;imbracatura della fune metallica, l&#039;imbracatura della cinghia, il gancio, la catena. Elemento di prova: prova di trazione\/prova di carico statico\/prova di rottura\" \/>\n<meta name=\"robots\" content=\"index, follow, max-snippet:-1, max-image-preview:large, max-video-preview:-1\" \/>\n<link rel=\"canonical\" href=\"https:\/\/zunzz.com\/it\/product\/hydraulic-tensile-testing-machine\/\" \/>\n<meta property=\"og:locale\" content=\"it_IT\" \/>\n<meta property=\"og:type\" content=\"article\" \/>\n<meta property=\"og:title\" content=\"Macchina per prove di trazione idraulica\" \/>\n<meta property=\"og:description\" content=\"La macchina per prove di trazione idraulica testa la fune metallica, l&#039;imbracatura della fune metallica, l&#039;imbracatura della cinghia, il gancio, la catena. Elemento di prova: prova di trazione\/prova di carico statico\/prova di rottura\" \/>\n<meta property=\"og:url\" content=\"https:\/\/zunzz.com\/it\/product\/hydraulic-tensile-testing-machine\/\" \/>\n<meta property=\"og:site_name\" content=\"Zunzz Wire Rope Sling Machine Company\" \/>\n<meta property=\"article:modified_time\" content=\"2025-05-20T06:37:33+00:00\" \/>\n<meta property=\"og:image\" content=\"https:\/\/zunzz.com\/wp-content\/uploads\/2023\/09\/Hydraulic-Tensile-Testing-Machine-1.webp\" \/>\n\t<meta property=\"og:image:width\" content=\"988\" \/>\n\t<meta property=\"og:image:height\" content=\"988\" \/>\n\t<meta property=\"og:image:type\" content=\"image\/webp\" \/>\n<meta name=\"twitter:card\" content=\"summary_large_image\" \/>\n<meta name=\"twitter:label1\" content=\"Tempo di lettura stimato\" \/>\n\t<meta name=\"twitter:data1\" content=\"5 minuti\" \/>\n<script type=\"application\/ld+json\" class=\"yoast-schema-graph\">{\"@context\":\"https:\/\/schema.org\",\"@graph\":[{\"@type\":\"WebPage\",\"@id\":\"https:\/\/zunzz.com\/it\/product\/hydraulic-tensile-testing-machine\/\",\"url\":\"https:\/\/zunzz.com\/it\/product\/hydraulic-tensile-testing-machine\/\",\"name\":\"Macchina per prove di trazione idraulica\",\"isPartOf\":{\"@id\":\"https:\/\/zunzz.com\/it\/#website\"},\"primaryImageOfPage\":{\"@id\":\"https:\/\/zunzz.com\/it\/product\/hydraulic-tensile-testing-machine\/#primaryimage\"},\"image\":{\"@id\":\"https:\/\/zunzz.com\/it\/product\/hydraulic-tensile-testing-machine\/#primaryimage\"},\"thumbnailUrl\":\"https:\/\/zunzz.com\/wp-content\/uploads\/2023\/09\/Hydraulic-Tensile-Testing-Machine-1.webp\",\"datePublished\":\"2023-09-22T02:36:31+00:00\",\"dateModified\":\"2025-05-20T06:37:33+00:00\",\"description\":\"La macchina per prove di trazione idraulica testa la fune metallica, l'imbracatura della fune metallica, l'imbracatura della cinghia, il gancio, la catena. Elemento di prova: prova di trazione\/prova di carico statico\/prova di rottura\",\"breadcrumb\":{\"@id\":\"https:\/\/zunzz.com\/it\/product\/hydraulic-tensile-testing-machine\/#breadcrumb\"},\"inLanguage\":\"it-IT\",\"potentialAction\":[{\"@type\":\"ReadAction\",\"target\":[\"https:\/\/zunzz.com\/it\/product\/hydraulic-tensile-testing-machine\/\"]}]},{\"@type\":\"ImageObject\",\"inLanguage\":\"it-IT\",\"@id\":\"https:\/\/zunzz.com\/it\/product\/hydraulic-tensile-testing-machine\/#primaryimage\",\"url\":\"https:\/\/zunzz.com\/wp-content\/uploads\/2023\/09\/Hydraulic-Tensile-Testing-Machine-1.webp\",\"contentUrl\":\"https:\/\/zunzz.com\/wp-content\/uploads\/2023\/09\/Hydraulic-Tensile-Testing-Machine-1.webp\",\"width\":988,\"height\":988,\"caption\":\"Hydraulic-Tensile-Testing-Machine\"},{\"@type\":\"BreadcrumbList\",\"@id\":\"https:\/\/zunzz.com\/it\/product\/hydraulic-tensile-testing-machine\/#breadcrumb\",\"itemListElement\":[{\"@type\":\"ListItem\",\"position\":1,\"name\":\"Home\",\"item\":\"https:\/\/zunzz.com\/it\/home\/\"},{\"@type\":\"ListItem\",\"position\":2,\"name\":\"Shop\",\"item\":\"https:\/\/zunzz.com\/bg\/shop\/\"},{\"@type\":\"ListItem\",\"position\":3,\"name\":\"Macchina per prove di trazione idraulica 200T\"}]},{\"@type\":\"WebSite\",\"@id\":\"https:\/\/zunzz.com\/it\/#website\",\"url\":\"https:\/\/zunzz.com\/it\/\",\"name\":\"Zunzz Wire Rope Sling Machine Company\",\"description\":\"Zunzz Wire Rope Sling Machine Company is a leading manufacturer of wire rope sling machines and related products.\",\"publisher\":{\"@id\":\"https:\/\/zunzz.com\/it\/#organization\"},\"potentialAction\":[{\"@type\":\"SearchAction\",\"target\":{\"@type\":\"EntryPoint\",\"urlTemplate\":\"https:\/\/zunzz.com\/it\/?s={search_term_string}\"},\"query-input\":{\"@type\":\"PropertyValueSpecification\",\"valueRequired\":true,\"valueName\":\"search_term_string\"}}],\"inLanguage\":\"it-IT\"},{\"@type\":\"Organization\",\"@id\":\"https:\/\/zunzz.com\/it\/#organization\",\"name\":\"Zunzz Wire Rope Sling Machine Company\",\"url\":\"https:\/\/zunzz.com\/it\/\",\"logo\":{\"@type\":\"ImageObject\",\"inLanguage\":\"it-IT\",\"@id\":\"https:\/\/zunzz.com\/it\/#\/schema\/logo\/image\/\",\"url\":\"https:\/\/zunzz.com\/wp-content\/uploads\/2023\/09\/Logo.png\",\"contentUrl\":\"https:\/\/zunzz.com\/wp-content\/uploads\/2023\/09\/Logo.png\",\"width\":171,\"height\":133,\"caption\":\"Zunzz Wire Rope Sling Machine Company\"},\"image\":{\"@id\":\"https:\/\/zunzz.com\/it\/#\/schema\/logo\/image\/\"}}]}<\/script>\n<!-- \/ Yoast SEO plugin. -->","yoast_head_json":{"title":"Macchina per prove di trazione idraulica","description":"La macchina per prove di trazione idraulica testa la fune metallica, l'imbracatura della fune metallica, l'imbracatura della cinghia, il gancio, la catena. Elemento di prova: prova di trazione\/prova di carico statico\/prova di rottura","robots":{"index":"index","follow":"follow","max-snippet":"max-snippet:-1","max-image-preview":"max-image-preview:large","max-video-preview":"max-video-preview:-1"},"canonical":"https:\/\/zunzz.com\/it\/product\/hydraulic-tensile-testing-machine\/","og_locale":"it_IT","og_type":"article","og_title":"Macchina per prove di trazione idraulica","og_description":"La macchina per prove di trazione idraulica testa la fune metallica, l'imbracatura della fune metallica, l'imbracatura della cinghia, il gancio, la catena. Elemento di prova: prova di trazione\/prova di carico statico\/prova di rottura","og_url":"https:\/\/zunzz.com\/it\/product\/hydraulic-tensile-testing-machine\/","og_site_name":"Zunzz Wire Rope Sling Machine Company","article_modified_time":"2025-05-20T06:37:33+00:00","og_image":[{"width":988,"height":988,"url":"https:\/\/zunzz.com\/wp-content\/uploads\/2023\/09\/Hydraulic-Tensile-Testing-Machine-1.webp","type":"image\/webp"}],"twitter_card":"summary_large_image","twitter_misc":{"Tempo di lettura stimato":"5 minuti"},"schema":{"@context":"https:\/\/schema.org","@graph":[{"@type":"WebPage","@id":"https:\/\/zunzz.com\/it\/product\/hydraulic-tensile-testing-machine\/","url":"https:\/\/zunzz.com\/it\/product\/hydraulic-tensile-testing-machine\/","name":"Macchina per prove di trazione idraulica","isPartOf":{"@id":"https:\/\/zunzz.com\/it\/#website"},"primaryImageOfPage":{"@id":"https:\/\/zunzz.com\/it\/product\/hydraulic-tensile-testing-machine\/#primaryimage"},"image":{"@id":"https:\/\/zunzz.com\/it\/product\/hydraulic-tensile-testing-machine\/#primaryimage"},"thumbnailUrl":"https:\/\/zunzz.com\/wp-content\/uploads\/2023\/09\/Hydraulic-Tensile-Testing-Machine-1.webp","datePublished":"2023-09-22T02:36:31+00:00","dateModified":"2025-05-20T06:37:33+00:00","description":"La macchina per prove di trazione idraulica testa la fune metallica, l'imbracatura della fune metallica, l'imbracatura della cinghia, il gancio, la catena. Elemento di prova: prova di trazione\/prova di carico statico\/prova di rottura","breadcrumb":{"@id":"https:\/\/zunzz.com\/it\/product\/hydraulic-tensile-testing-machine\/#breadcrumb"},"inLanguage":"it-IT","potentialAction":[{"@type":"ReadAction","target":["https:\/\/zunzz.com\/it\/product\/hydraulic-tensile-testing-machine\/"]}]},{"@type":"ImageObject","inLanguage":"it-IT","@id":"https:\/\/zunzz.com\/it\/product\/hydraulic-tensile-testing-machine\/#primaryimage","url":"https:\/\/zunzz.com\/wp-content\/uploads\/2023\/09\/Hydraulic-Tensile-Testing-Machine-1.webp","contentUrl":"https:\/\/zunzz.com\/wp-content\/uploads\/2023\/09\/Hydraulic-Tensile-Testing-Machine-1.webp","width":988,"height":988,"caption":"Hydraulic-Tensile-Testing-Machine"},{"@type":"BreadcrumbList","@id":"https:\/\/zunzz.com\/it\/product\/hydraulic-tensile-testing-machine\/#breadcrumb","itemListElement":[{"@type":"ListItem","position":1,"name":"Home","item":"https:\/\/zunzz.com\/it\/home\/"},{"@type":"ListItem","position":2,"name":"Shop","item":"https:\/\/zunzz.com\/bg\/shop\/"},{"@type":"ListItem","position":3,"name":"Macchina per prove di trazione idraulica 200T"}]},{"@type":"WebSite","@id":"https:\/\/zunzz.com\/it\/#website","url":"https:\/\/zunzz.com\/it\/","name":"Zunzz Wire Rope Sling Machine Company","description":"Zunzz Wire Rope Sling Machine Company is a leading manufacturer of wire rope sling machines and related products.","publisher":{"@id":"https:\/\/zunzz.com\/it\/#organization"},"potentialAction":[{"@type":"SearchAction","target":{"@type":"EntryPoint","urlTemplate":"https:\/\/zunzz.com\/it\/?s={search_term_string}"},"query-input":{"@type":"PropertyValueSpecification","valueRequired":true,"valueName":"search_term_string"}}],"inLanguage":"it-IT"},{"@type":"Organization","@id":"https:\/\/zunzz.com\/it\/#organization","name":"Zunzz Wire Rope Sling Machine Company","url":"https:\/\/zunzz.com\/it\/","logo":{"@type":"ImageObject","inLanguage":"it-IT","@id":"https:\/\/zunzz.com\/it\/#\/schema\/logo\/image\/","url":"https:\/\/zunzz.com\/wp-content\/uploads\/2023\/09\/Logo.png","contentUrl":"https:\/\/zunzz.com\/wp-content\/uploads\/2023\/09\/Logo.png","width":171,"height":133,"caption":"Zunzz Wire Rope Sling Machine Company"},"image":{"@id":"https:\/\/zunzz.com\/it\/#\/schema\/logo\/image\/"}}]}},"_links":{"self":[{"href":"https:\/\/zunzz.com\/it\/wp-json\/wp\/v2\/product\/2596","targetHints":{"allow":["GET"]}}],"collection":[{"href":"https:\/\/zunzz.com\/it\/wp-json\/wp\/v2\/product"}],"about":[{"href":"https:\/\/zunzz.com\/it\/wp-json\/wp\/v2\/types\/product"}],"replies":[{"embeddable":true,"href":"https:\/\/zunzz.com\/it\/wp-json\/wp\/v2\/comments?post=2596"}],"wp:featuredmedia":[{"embeddable":true,"href":"https:\/\/zunzz.com\/it\/wp-json\/wp\/v2\/media\/2597"}],"wp:attachment":[{"href":"https:\/\/zunzz.com\/it\/wp-json\/wp\/v2\/media?parent=2596"}],"wp:term":[{"taxonomy":"product_brand","embeddable":true,"href":"https:\/\/zunzz.com\/it\/wp-json\/wp\/v2\/product_brand?post=2596"},{"taxonomy":"product_cat","embeddable":true,"href":"https:\/\/zunzz.com\/it\/wp-json\/wp\/v2\/product_cat?post=2596"},{"taxonomy":"product_tag","embeddable":true,"href":"https:\/\/zunzz.com\/it\/wp-json\/wp\/v2\/product_tag?post=2596"}],"curies":[{"name":"wp","href":"https:\/\/api.w.org\/{rel}","templated":true}]}}