{"id":2206,"date":"2023-11-02T12:43:48","date_gmt":"2023-11-02T12:43:48","guid":{"rendered":"https:\/\/zunzz.com\/product\/macchina-per-lavvolgimento-di-cavi\/"},"modified":"2023-12-04T12:19:09","modified_gmt":"2023-12-04T12:19:09","slug":"cable-spooling-machine","status":"publish","type":"product","link":"https:\/\/zunzz.com\/it\/product\/cable-spooling-machine\/","title":{"rendered":"Macchina per l&#8217;avvolgimento di cavi"},"content":{"rendered":"<h3>1. Introduzione della bobinatrice per cavi<\/h3>\n<p>La bobinatrice per cavi viene solitamente utilizzata per l&#8217;avvolgimento di funi metalliche, cavi metallici, fili di rame e altri fili. Pu\u00f2 avvolgere e posare automaticamente i cavi.<\/p>\n<h3 style=\"text-align: left;\">2. I parametri della bobinatrice per cavi<\/h3>\n<div class=\"table-r\">\n<table width=\"100%\">\n<tbody>\n<tr>\n<td width=\"50%\">Diametro del disco in filo<\/td>\n<td width=\"50%\">800-1250mm<\/td>\n<\/tr>\n<tr>\n<td width=\"50%\">Diametro del filo<\/td>\n<td width=\"50%\">\u226420 mm<\/td>\n<\/tr>\n<tr>\n<td width=\"50%\">Energia<\/td>\n<td width=\"50%\">Riduttore di velocit\u00e0 7,5KW + RV130<\/td>\n<\/tr>\n<tr>\n<td width=\"50%\">Voltaggio<\/td>\n<td width=\"50%\">Come richiesto<\/td>\n<\/tr>\n<tr>\n<td width=\"50%\">Velocit\u00e0<\/td>\n<td width=\"50%\">0-30 metri al minuto<\/td>\n<\/tr>\n<\/tbody>\n<\/table>\n<p>&nbsp;<\/p>\n<\/div>\n<p><iframe title=\"wire cable spooling machine\" width=\"1060\" height=\"596\" src=\"https:\/\/www.youtube.com\/embed\/kvHdzTHdCjQ?feature=oembed\" frameborder=\"0\" allow=\"accelerometer; autoplay; clipboard-write; encrypted-media; gyroscope; picture-in-picture; web-share\" allowfullscreen><\/iframe><\/p>\n<p>&nbsp;<\/p>\n<h3>3. Funzione della bobinatrice per cavi<\/h3>\n<p>La macchina di riavvolgimento automatico del cavo \u00e8 solitamente composta da avvolgicavo, motore di riavvolgimento, controller e altre parti. L&#8217;avvolgicavo viene utilizzato per avvolgere i cavi, che pu\u00f2 ruotare e regolare automaticamente la tensione dei cavi. Il motore di avvolgimento viene utilizzato per azionare la rotazione della bobina di cavo e pu\u00f2 anche controllare la velocit\u00e0 e la direzione di rotazione. Il controller viene utilizzato per controllare il funzionamento dell&#8217;intera apparecchiatura e \u00e8 possibile impostare diverse modalit\u00e0 e parametri in base alle esigenze.<\/p>\n<p>Pu\u00f2 ridurre notevolmente l&#8217;intensit\u00e0 del lavoro necessario per riporre manualmente i cavi e migliorare l&#8217;efficienza del lavoro. In secondo luogo, pu\u00f2 garantire la qualit\u00e0 di conservazione e la durata del cavo, evitando danni o inquinamento del cavo. Inoltre, pu\u00f2 anche ottenere un rapido rilascio e riciclaggio dei cavi, rendendolo comodo da usare e da usare per gli utenti.<\/p>\n<p><img fetchpriority=\"high\" decoding=\"async\" class=\"alignnone wp-image-1284\" src=\"https:\/\/zunzz.com\/wp-content\/uploads\/2023\/11\/cable-coiling-machine.webp\" alt=\"macchina per l'avvolgimento di cavi\" width=\"1004\" height=\"1004\" srcset=\"https:\/\/zunzz.com\/wp-content\/uploads\/2023\/11\/cable-coiling-machine.webp 1200w, https:\/\/zunzz.com\/wp-content\/uploads\/2023\/11\/cable-coiling-machine-300x300.webp 300w, https:\/\/zunzz.com\/wp-content\/uploads\/2023\/11\/cable-coiling-machine-1024x1024.webp 1024w, https:\/\/zunzz.com\/wp-content\/uploads\/2023\/11\/cable-coiling-machine-150x150.webp 150w, https:\/\/zunzz.com\/wp-content\/uploads\/2023\/11\/cable-coiling-machine-768x768.webp 768w, https:\/\/zunzz.com\/wp-content\/uploads\/2023\/11\/cable-coiling-machine-570x570.webp 570w, https:\/\/zunzz.com\/wp-content\/uploads\/2023\/11\/cable-coiling-machine-500x500.webp 500w, https:\/\/zunzz.com\/wp-content\/uploads\/2023\/11\/cable-coiling-machine-1000x1000.webp 1000w, https:\/\/zunzz.com\/wp-content\/uploads\/2023\/11\/cable-coiling-machine-700x700.webp 700w, https:\/\/zunzz.com\/wp-content\/uploads\/2023\/11\/cable-coiling-machine-650x650.webp 650w, https:\/\/zunzz.com\/wp-content\/uploads\/2023\/11\/cable-coiling-machine-600x600.webp 600w, https:\/\/zunzz.com\/wp-content\/uploads\/2023\/11\/cable-coiling-machine-100x100.webp 100w\" sizes=\"(max-width: 1004px) 100vw, 1004px\" \/> <img decoding=\"async\" class=\"alignnone wp-image-1288\" src=\"https:\/\/zunzz.com\/wp-content\/uploads\/2023\/11\/cable-spooling-machine.webp\" alt=\"macchina per l'avvolgimento di cavi\" width=\"999\" height=\"999\" srcset=\"https:\/\/zunzz.com\/wp-content\/uploads\/2023\/11\/cable-spooling-machine.webp 1200w, https:\/\/zunzz.com\/wp-content\/uploads\/2023\/11\/cable-spooling-machine-300x300.webp 300w, https:\/\/zunzz.com\/wp-content\/uploads\/2023\/11\/cable-spooling-machine-1024x1024.webp 1024w, https:\/\/zunzz.com\/wp-content\/uploads\/2023\/11\/cable-spooling-machine-150x150.webp 150w, https:\/\/zunzz.com\/wp-content\/uploads\/2023\/11\/cable-spooling-machine-768x768.webp 768w, https:\/\/zunzz.com\/wp-content\/uploads\/2023\/11\/cable-spooling-machine-570x570.webp 570w, https:\/\/zunzz.com\/wp-content\/uploads\/2023\/11\/cable-spooling-machine-500x500.webp 500w, https:\/\/zunzz.com\/wp-content\/uploads\/2023\/11\/cable-spooling-machine-1000x1000.webp 1000w, https:\/\/zunzz.com\/wp-content\/uploads\/2023\/11\/cable-spooling-machine-700x700.webp 700w, https:\/\/zunzz.com\/wp-content\/uploads\/2023\/11\/cable-spooling-machine-650x650.webp 650w, https:\/\/zunzz.com\/wp-content\/uploads\/2023\/11\/cable-spooling-machine-600x600.webp 600w, https:\/\/zunzz.com\/wp-content\/uploads\/2023\/11\/cable-spooling-machine-100x100.webp 100w\" sizes=\"(max-width: 999px) 100vw, 999px\" \/> <img decoding=\"async\" class=\"alignnone wp-image-1292\" src=\"https:\/\/zunzz.com\/wp-content\/uploads\/2023\/11\/spooling-machine.webp\" alt=\"macchina per l'avvolgimento di cavi\" width=\"996\" height=\"996\" srcset=\"https:\/\/zunzz.com\/wp-content\/uploads\/2023\/11\/spooling-machine.webp 1200w, https:\/\/zunzz.com\/wp-content\/uploads\/2023\/11\/spooling-machine-300x300.webp 300w, https:\/\/zunzz.com\/wp-content\/uploads\/2023\/11\/spooling-machine-1024x1024.webp 1024w, https:\/\/zunzz.com\/wp-content\/uploads\/2023\/11\/spooling-machine-150x150.webp 150w, https:\/\/zunzz.com\/wp-content\/uploads\/2023\/11\/spooling-machine-768x768.webp 768w, https:\/\/zunzz.com\/wp-content\/uploads\/2023\/11\/spooling-machine-570x570.webp 570w, https:\/\/zunzz.com\/wp-content\/uploads\/2023\/11\/spooling-machine-500x500.webp 500w, https:\/\/zunzz.com\/wp-content\/uploads\/2023\/11\/spooling-machine-1000x1000.webp 1000w, https:\/\/zunzz.com\/wp-content\/uploads\/2023\/11\/spooling-machine-700x700.webp 700w, https:\/\/zunzz.com\/wp-content\/uploads\/2023\/11\/spooling-machine-650x650.webp 650w, https:\/\/zunzz.com\/wp-content\/uploads\/2023\/11\/spooling-machine-600x600.webp 600w, https:\/\/zunzz.com\/wp-content\/uploads\/2023\/11\/spooling-machine-100x100.webp 100w\" sizes=\"(max-width: 996px) 100vw, 996px\" \/> <img loading=\"lazy\" decoding=\"async\" class=\"alignnone wp-image-1296\" src=\"https:\/\/zunzz.com\/wp-content\/uploads\/2023\/11\/wire-rope-spooling-machine.webp\" alt=\"avvolgitore per funi metalliche\" width=\"997\" height=\"997\" srcset=\"https:\/\/zunzz.com\/wp-content\/uploads\/2023\/11\/wire-rope-spooling-machine.webp 1200w, https:\/\/zunzz.com\/wp-content\/uploads\/2023\/11\/wire-rope-spooling-machine-300x300.webp 300w, https:\/\/zunzz.com\/wp-content\/uploads\/2023\/11\/wire-rope-spooling-machine-1024x1024.webp 1024w, https:\/\/zunzz.com\/wp-content\/uploads\/2023\/11\/wire-rope-spooling-machine-150x150.webp 150w, https:\/\/zunzz.com\/wp-content\/uploads\/2023\/11\/wire-rope-spooling-machine-768x768.webp 768w, https:\/\/zunzz.com\/wp-content\/uploads\/2023\/11\/wire-rope-spooling-machine-570x570.webp 570w, https:\/\/zunzz.com\/wp-content\/uploads\/2023\/11\/wire-rope-spooling-machine-500x500.webp 500w, https:\/\/zunzz.com\/wp-content\/uploads\/2023\/11\/wire-rope-spooling-machine-1000x1000.webp 1000w, https:\/\/zunzz.com\/wp-content\/uploads\/2023\/11\/wire-rope-spooling-machine-700x700.webp 700w, https:\/\/zunzz.com\/wp-content\/uploads\/2023\/11\/wire-rope-spooling-machine-650x650.webp 650w, https:\/\/zunzz.com\/wp-content\/uploads\/2023\/11\/wire-rope-spooling-machine-600x600.webp 600w, https:\/\/zunzz.com\/wp-content\/uploads\/2023\/11\/wire-rope-spooling-machine-100x100.webp 100w\" sizes=\"(max-width: 997px) 100vw, 997px\" \/><\/p>\n","protected":false},"excerpt":{"rendered":"<p>Modello: CBCL-001<br class=\"yoast-text-mark\" \/>Capacit\u00e0: diametro 1250<br \/>\nMassimo. Diametro: 20 mm<br \/>\nPotenza: 7,5 kW<br \/>\nUtilizzo: per funi metalliche, cavi metallici, fili di rame e altri avvolgimenti di fili<br \/>\nLingua disponibile:[wpml_language_selector_widget]<\/p>\n<p><a href=\"https:\/\/zunzz.com\/it\/contact-store\/\"><button class=\"single_add_to_cart_button button alt\" type=\"submit\">INFORMARSI ORA<\/button><\/a><\/p>\n","protected":false},"featured_media":2207,"comment_status":"open","ping_status":"closed","template":"","meta":[],"product_brand":[],"product_cat":[200],"product_tag":[255,254],"class_list":{"0":"post-2206","1":"product","2":"type-product","3":"status-publish","4":"has-post-thumbnail","6":"product_cat-wire-rope-coiling-machine","7":"product_tag-spooling-machine","8":"product_tag-wire-rope-coiling-machine","10":"first","11":"instock","12":"taxable","13":"shipping-taxable","14":"product-type-simple"},"yoast_head":"<!-- This site is optimized with the Yoast SEO plugin v26.8 - https:\/\/yoast.com\/product\/yoast-seo-wordpress\/ -->\n<title>Macchina per l&#039;avvolgimento di cavi<\/title>\n<meta name=\"description\" content=\"La bobinatrice per cavi viene solitamente utilizzata per l&#039;avvolgimento di funi metalliche, cavi metallici, fili di rame e altri fili. Pu\u00f2 avvolgere e posare automaticamente i cavi.\" \/>\n<meta name=\"robots\" content=\"index, follow, max-snippet:-1, max-image-preview:large, max-video-preview:-1\" \/>\n<link rel=\"canonical\" href=\"https:\/\/zunzz.com\/it\/product\/cable-spooling-machine\/\" \/>\n<meta property=\"og:locale\" content=\"it_IT\" \/>\n<meta property=\"og:type\" content=\"article\" \/>\n<meta property=\"og:title\" content=\"Macchina per l&#039;avvolgimento di cavi\" \/>\n<meta property=\"og:description\" content=\"La bobinatrice per cavi viene solitamente utilizzata per l&#039;avvolgimento di funi metalliche, cavi metallici, fili di rame e altri fili. Pu\u00f2 avvolgere e posare automaticamente i cavi.\" \/>\n<meta property=\"og:url\" content=\"https:\/\/zunzz.com\/it\/product\/cable-spooling-machine\/\" \/>\n<meta property=\"og:site_name\" content=\"Zunzz Wire Rope Sling Machine Company\" \/>\n<meta property=\"article:modified_time\" content=\"2023-12-04T12:19:09+00:00\" \/>\n<meta property=\"og:image\" content=\"https:\/\/zunzz.com\/wp-content\/uploads\/2023\/11\/spooling-machine.webp\" \/>\n\t<meta property=\"og:image:width\" content=\"1200\" \/>\n\t<meta property=\"og:image:height\" content=\"1200\" \/>\n\t<meta property=\"og:image:type\" content=\"image\/webp\" \/>\n<meta name=\"twitter:card\" content=\"summary_large_image\" \/>\n<meta name=\"twitter:label1\" content=\"Tempo di lettura stimato\" \/>\n\t<meta name=\"twitter:data1\" content=\"2 minuti\" \/>\n<script type=\"application\/ld+json\" class=\"yoast-schema-graph\">{\"@context\":\"https:\/\/schema.org\",\"@graph\":[{\"@type\":\"WebPage\",\"@id\":\"https:\/\/zunzz.com\/it\/product\/cable-spooling-machine\/\",\"url\":\"https:\/\/zunzz.com\/it\/product\/cable-spooling-machine\/\",\"name\":\"Macchina per l'avvolgimento di cavi\",\"isPartOf\":{\"@id\":\"https:\/\/zunzz.com\/it\/#website\"},\"primaryImageOfPage\":{\"@id\":\"https:\/\/zunzz.com\/it\/product\/cable-spooling-machine\/#primaryimage\"},\"image\":{\"@id\":\"https:\/\/zunzz.com\/it\/product\/cable-spooling-machine\/#primaryimage\"},\"thumbnailUrl\":\"https:\/\/zunzz.com\/wp-content\/uploads\/2023\/11\/spooling-machine.webp\",\"datePublished\":\"2023-11-02T12:43:48+00:00\",\"dateModified\":\"2023-12-04T12:19:09+00:00\",\"description\":\"La bobinatrice per cavi viene solitamente utilizzata per l'avvolgimento di funi metalliche, cavi metallici, fili di rame e altri fili. Pu\u00f2 avvolgere e posare automaticamente i cavi.\",\"breadcrumb\":{\"@id\":\"https:\/\/zunzz.com\/it\/product\/cable-spooling-machine\/#breadcrumb\"},\"inLanguage\":\"it-IT\",\"potentialAction\":[{\"@type\":\"ReadAction\",\"target\":[\"https:\/\/zunzz.com\/it\/product\/cable-spooling-machine\/\"]}]},{\"@type\":\"ImageObject\",\"inLanguage\":\"it-IT\",\"@id\":\"https:\/\/zunzz.com\/it\/product\/cable-spooling-machine\/#primaryimage\",\"url\":\"https:\/\/zunzz.com\/wp-content\/uploads\/2023\/11\/spooling-machine.webp\",\"contentUrl\":\"https:\/\/zunzz.com\/wp-content\/uploads\/2023\/11\/spooling-machine.webp\",\"width\":1200,\"height\":1200,\"caption\":\"spooling machine\"},{\"@type\":\"BreadcrumbList\",\"@id\":\"https:\/\/zunzz.com\/it\/product\/cable-spooling-machine\/#breadcrumb\",\"itemListElement\":[{\"@type\":\"ListItem\",\"position\":1,\"name\":\"Home\",\"item\":\"https:\/\/zunzz.com\/it\/home\/\"},{\"@type\":\"ListItem\",\"position\":2,\"name\":\"Shop\",\"item\":\"https:\/\/zunzz.com\/bg\/shop\/\"},{\"@type\":\"ListItem\",\"position\":3,\"name\":\"Macchina per l&#8217;avvolgimento di cavi\"}]},{\"@type\":\"WebSite\",\"@id\":\"https:\/\/zunzz.com\/it\/#website\",\"url\":\"https:\/\/zunzz.com\/it\/\",\"name\":\"Zunzz Wire Rope Sling Machine Company\",\"description\":\"Zunzz Wire Rope Sling Machine Company is a leading manufacturer of wire rope sling machines and related products.\",\"publisher\":{\"@id\":\"https:\/\/zunzz.com\/it\/#organization\"},\"potentialAction\":[{\"@type\":\"SearchAction\",\"target\":{\"@type\":\"EntryPoint\",\"urlTemplate\":\"https:\/\/zunzz.com\/it\/?s={search_term_string}\"},\"query-input\":{\"@type\":\"PropertyValueSpecification\",\"valueRequired\":true,\"valueName\":\"search_term_string\"}}],\"inLanguage\":\"it-IT\"},{\"@type\":\"Organization\",\"@id\":\"https:\/\/zunzz.com\/it\/#organization\",\"name\":\"Zunzz Wire Rope Sling Machine Company\",\"url\":\"https:\/\/zunzz.com\/it\/\",\"logo\":{\"@type\":\"ImageObject\",\"inLanguage\":\"it-IT\",\"@id\":\"https:\/\/zunzz.com\/it\/#\/schema\/logo\/image\/\",\"url\":\"https:\/\/zunzz.com\/wp-content\/uploads\/2023\/09\/Logo.png\",\"contentUrl\":\"https:\/\/zunzz.com\/wp-content\/uploads\/2023\/09\/Logo.png\",\"width\":171,\"height\":133,\"caption\":\"Zunzz Wire Rope Sling Machine Company\"},\"image\":{\"@id\":\"https:\/\/zunzz.com\/it\/#\/schema\/logo\/image\/\"}}]}<\/script>\n<!-- \/ Yoast SEO plugin. -->","yoast_head_json":{"title":"Macchina per l'avvolgimento di cavi","description":"La bobinatrice per cavi viene solitamente utilizzata per l'avvolgimento di funi metalliche, cavi metallici, fili di rame e altri fili. Pu\u00f2 avvolgere e posare automaticamente i cavi.","robots":{"index":"index","follow":"follow","max-snippet":"max-snippet:-1","max-image-preview":"max-image-preview:large","max-video-preview":"max-video-preview:-1"},"canonical":"https:\/\/zunzz.com\/it\/product\/cable-spooling-machine\/","og_locale":"it_IT","og_type":"article","og_title":"Macchina per l'avvolgimento di cavi","og_description":"La bobinatrice per cavi viene solitamente utilizzata per l'avvolgimento di funi metalliche, cavi metallici, fili di rame e altri fili. Pu\u00f2 avvolgere e posare automaticamente i cavi.","og_url":"https:\/\/zunzz.com\/it\/product\/cable-spooling-machine\/","og_site_name":"Zunzz Wire Rope Sling Machine Company","article_modified_time":"2023-12-04T12:19:09+00:00","og_image":[{"width":1200,"height":1200,"url":"https:\/\/zunzz.com\/wp-content\/uploads\/2023\/11\/spooling-machine.webp","type":"image\/webp"}],"twitter_card":"summary_large_image","twitter_misc":{"Tempo di lettura stimato":"2 minuti"},"schema":{"@context":"https:\/\/schema.org","@graph":[{"@type":"WebPage","@id":"https:\/\/zunzz.com\/it\/product\/cable-spooling-machine\/","url":"https:\/\/zunzz.com\/it\/product\/cable-spooling-machine\/","name":"Macchina per l'avvolgimento di cavi","isPartOf":{"@id":"https:\/\/zunzz.com\/it\/#website"},"primaryImageOfPage":{"@id":"https:\/\/zunzz.com\/it\/product\/cable-spooling-machine\/#primaryimage"},"image":{"@id":"https:\/\/zunzz.com\/it\/product\/cable-spooling-machine\/#primaryimage"},"thumbnailUrl":"https:\/\/zunzz.com\/wp-content\/uploads\/2023\/11\/spooling-machine.webp","datePublished":"2023-11-02T12:43:48+00:00","dateModified":"2023-12-04T12:19:09+00:00","description":"La bobinatrice per cavi viene solitamente utilizzata per l'avvolgimento di funi metalliche, cavi metallici, fili di rame e altri fili. Pu\u00f2 avvolgere e posare automaticamente i cavi.","breadcrumb":{"@id":"https:\/\/zunzz.com\/it\/product\/cable-spooling-machine\/#breadcrumb"},"inLanguage":"it-IT","potentialAction":[{"@type":"ReadAction","target":["https:\/\/zunzz.com\/it\/product\/cable-spooling-machine\/"]}]},{"@type":"ImageObject","inLanguage":"it-IT","@id":"https:\/\/zunzz.com\/it\/product\/cable-spooling-machine\/#primaryimage","url":"https:\/\/zunzz.com\/wp-content\/uploads\/2023\/11\/spooling-machine.webp","contentUrl":"https:\/\/zunzz.com\/wp-content\/uploads\/2023\/11\/spooling-machine.webp","width":1200,"height":1200,"caption":"spooling machine"},{"@type":"BreadcrumbList","@id":"https:\/\/zunzz.com\/it\/product\/cable-spooling-machine\/#breadcrumb","itemListElement":[{"@type":"ListItem","position":1,"name":"Home","item":"https:\/\/zunzz.com\/it\/home\/"},{"@type":"ListItem","position":2,"name":"Shop","item":"https:\/\/zunzz.com\/bg\/shop\/"},{"@type":"ListItem","position":3,"name":"Macchina per l&#8217;avvolgimento di cavi"}]},{"@type":"WebSite","@id":"https:\/\/zunzz.com\/it\/#website","url":"https:\/\/zunzz.com\/it\/","name":"Zunzz Wire Rope Sling Machine Company","description":"Zunzz Wire Rope Sling Machine Company is a leading manufacturer of wire rope sling machines and related products.","publisher":{"@id":"https:\/\/zunzz.com\/it\/#organization"},"potentialAction":[{"@type":"SearchAction","target":{"@type":"EntryPoint","urlTemplate":"https:\/\/zunzz.com\/it\/?s={search_term_string}"},"query-input":{"@type":"PropertyValueSpecification","valueRequired":true,"valueName":"search_term_string"}}],"inLanguage":"it-IT"},{"@type":"Organization","@id":"https:\/\/zunzz.com\/it\/#organization","name":"Zunzz Wire Rope Sling Machine Company","url":"https:\/\/zunzz.com\/it\/","logo":{"@type":"ImageObject","inLanguage":"it-IT","@id":"https:\/\/zunzz.com\/it\/#\/schema\/logo\/image\/","url":"https:\/\/zunzz.com\/wp-content\/uploads\/2023\/09\/Logo.png","contentUrl":"https:\/\/zunzz.com\/wp-content\/uploads\/2023\/09\/Logo.png","width":171,"height":133,"caption":"Zunzz Wire Rope Sling Machine Company"},"image":{"@id":"https:\/\/zunzz.com\/it\/#\/schema\/logo\/image\/"}}]}},"_links":{"self":[{"href":"https:\/\/zunzz.com\/it\/wp-json\/wp\/v2\/product\/2206","targetHints":{"allow":["GET"]}}],"collection":[{"href":"https:\/\/zunzz.com\/it\/wp-json\/wp\/v2\/product"}],"about":[{"href":"https:\/\/zunzz.com\/it\/wp-json\/wp\/v2\/types\/product"}],"replies":[{"embeddable":true,"href":"https:\/\/zunzz.com\/it\/wp-json\/wp\/v2\/comments?post=2206"}],"wp:featuredmedia":[{"embeddable":true,"href":"https:\/\/zunzz.com\/it\/wp-json\/wp\/v2\/media\/2207"}],"wp:attachment":[{"href":"https:\/\/zunzz.com\/it\/wp-json\/wp\/v2\/media?parent=2206"}],"wp:term":[{"taxonomy":"product_brand","embeddable":true,"href":"https:\/\/zunzz.com\/it\/wp-json\/wp\/v2\/product_brand?post=2206"},{"taxonomy":"product_cat","embeddable":true,"href":"https:\/\/zunzz.com\/it\/wp-json\/wp\/v2\/product_cat?post=2206"},{"taxonomy":"product_tag","embeddable":true,"href":"https:\/\/zunzz.com\/it\/wp-json\/wp\/v2\/product_tag?post=2206"}],"curies":[{"name":"wp","href":"https:\/\/api.w.org\/{rel}","templated":true}]}}