{"id":2931,"date":"2025-12-12T01:50:14","date_gmt":"2025-12-12T01:50:14","guid":{"rendered":"https:\/\/zunzz.com\/product\/meaisin-gearradh-agus-annealing-5mm\/"},"modified":"2025-12-13T12:26:53","modified_gmt":"2025-12-13T12:26:53","slug":"cutting-and-annealing-machine","status":"publish","type":"product","link":"https:\/\/zunzz.com\/ga\/product\/cutting-and-annealing-machine\/","title":{"rendered":"Meais\u00edn Gearradh agus Annealing 5MM"},"content":{"rendered":"<h2 class=\"product_title entry-title\">1. R\u00e9amhr\u00e1 Meais\u00edn Gearradh agus Annealing<\/h2>\n<p>In 2001, sheol Zunzz Wire Rope Sling Machine Company an <strong>Meais\u00edn Gearrtha agus Aneala\u00ed<\/strong> T\u00e9ada Sreinge seo go rath\u00fail. Tr\u00edn\u00e1r dt\u00f3ir lean\u00fanach ar ch\u00e1il\u00edocht agus forbairt lean\u00fanach na teicneola\u00edochta, t\u00e1 roinnt paitinn\u00ed n\u00e1isi\u00fanta aireag\u00e1in buaite againn. N\u00ed hamh\u00e1in go bhfuil an fheidhm\u00edocht feabhsaithe go suntasach, ach is f\u00e9idir leis an meais\u00edn an t\u00e9ad sreinge a chomhle\u00e1 i dtr\u00e9imhse ghearr gan aon dam\u00e1iste a dh\u00e9anamh do chodanna eile den t\u00e9ad sreinge.  <\/p>\n<p>T\u00e1 c\u00f3ras rialaithe beacht san aonad freisin a chinnt\u00edonn go bhfuil an sruth agus an teocht riachtanach ar f\u00e1il i gc\u00f3na\u00ed. T\u00e1 oibri\u00fa an mheais\u00edn tar \u00e9is \u00e9ir\u00ed n\u00edos simpl\u00ed agus n\u00edos \u00e9asca a oibri\u00fa, ag freastal n\u00edos fearr ar riachtanais an chustaim\u00e9ara. <\/p>\n<p>Bainimid \u00fas\u00e1id as comhph\u00e1irteanna ardchaighde\u00e1in \u00f3 bhranda\u00ed tosaigh chun iontaofacht agus marthanacht n\u00edos fearr a chinnti\u00fa. T\u00e1imid tiomanta do th\u00e1irg\u00ed den ch\u00e9ad scoth a shol\u00e1thar do chustaim\u00e9ir\u00ed, arb \u00e9 is aidhm d\u00f3ibh imn\u00ed a mhaol\u00fa. Tr\u00ed nu\u00e1la\u00edocht lean\u00fanach agus feabhs\u00fa lean\u00fanach, n\u00ed hamh\u00e1in go gcomhl\u00edonann \u00e1r n-innill riachtanais an mhargaidh, ach cuireann siad taith\u00ed \u00fas\u00e1ide den scoth ar f\u00e1il do chustaim\u00e9ir\u00ed freisin.  <\/p>\n<p>Go raibh maith agat as do mhuin\u00edn ionainn, leanfaimid orainn ag obair go crua chun seirbh\u00eds\u00ed agus t\u00e1irg\u00ed n\u00edos fearr a shol\u00e1thar duit.<\/p>\n<p>\u00das\u00e1idtear an gl\u00e9as seo go forleathan le haghaidh r\u00f3pa\u00ed sreang cruach a ghearradh go huathoibr\u00edoch ar aon sonra\u00edocht i dtionscail. Ar n\u00f3s trealamh leighis, p\u00e1irteanna feithicleacha, s\u00e1bh\u00e1ilteacht foirgnimh, trosc\u00e1n oifige, rothair, trealamh sp\u00f3irt, agus glas\u00e1il. <\/p>\n<p><img fetchpriority=\"high\" decoding=\"async\" class=\"alignnone wp-image-5021 size-full\" src=\"https:\/\/zunzz.com\/wp-content\/uploads\/2023\/09\/Cutting-and-Annealing-Machine.webp\" alt=\"Meais\u00edn Gearradh agus Annealing\" width=\"600\" height=\"600\" srcset=\"https:\/\/zunzz.com\/wp-content\/uploads\/2023\/09\/Cutting-and-Annealing-Machine.webp 600w, https:\/\/zunzz.com\/wp-content\/uploads\/2023\/09\/Cutting-and-Annealing-Machine-300x300.webp 300w, https:\/\/zunzz.com\/wp-content\/uploads\/2023\/09\/Cutting-and-Annealing-Machine-150x150.webp 150w, https:\/\/zunzz.com\/wp-content\/uploads\/2023\/09\/Cutting-and-Annealing-Machine-570x570.webp 570w, https:\/\/zunzz.com\/wp-content\/uploads\/2023\/09\/Cutting-and-Annealing-Machine-500x500.webp 500w, https:\/\/zunzz.com\/wp-content\/uploads\/2023\/09\/Cutting-and-Annealing-Machine-100x100.webp 100w\" sizes=\"(max-width: 600px) 100vw, 600px\" \/><\/p>\n<p><iframe title=\"Wire Rope Annealing Machine 1-5mm\" width=\"1060\" height=\"596\" src=\"https:\/\/www.youtube.com\/embed\/-hWHbhQLEHA?feature=oembed\" frameborder=\"0\" allow=\"accelerometer; autoplay; clipboard-write; encrypted-media; gyroscope; picture-in-picture; web-share\" referrerpolicy=\"strict-origin-when-cross-origin\" allowfullscreen><\/iframe><\/p>\n<h2>2. Paraim\u00e9adair Theicni\u00fala<\/h2>\n<div class=\"table-r\">\n<table width=\"100%\">\n<tbody>\n<tr>\n<td width=\"50%\">Cine\u00e1l Meais\u00edn\n<\/td>\n<td width=\"50%\"><strong>Meais\u00edn Gearradh agus Annealing<\/strong><\/td>\n<\/tr>\n<tr>\n<td width=\"50%\">D\u00f3igh amach raon\n<\/td>\n<td width=\"50%\">1mm-5mm<\/td>\n<\/tr>\n<tr>\n<td width=\"50%\">Br\u00fa aeir\n<\/td>\n<td width=\"50%\">0.4 Mpa<\/td>\n<\/tr>\n<tr>\n<td width=\"50%\">Voltas\n<\/td>\n<td width=\"50%\">Mar a iarrtar<\/td>\n<\/tr>\n<tr>\n<td width=\"50%\">Cumhacht\n<\/td>\n<td width=\"50%\">7.5KW<\/td>\n<\/tr>\n<tr>\n<td width=\"50%\">Toise(mm)\n<\/td>\n<td width=\"50%\">800L*800W*1500H<\/td>\n<\/tr>\n<tr>\n<td width=\"50%\">Me\u00e1chan\n<\/td>\n<td width=\"50%\">400KG<\/td>\n<\/tr>\n<tr>\n<td width=\"50%\">Cruinneas\n<\/td>\n<td width=\"50%\">\u00b12mm\/m<\/td>\n<\/tr>\n<tr>\n<td width=\"50%\">Min.annealing fad\n<\/td>\n<td width=\"50%\">1.5cm<\/td>\n<\/tr>\n<\/tbody>\n<\/table>\n<\/div>\n<h3><img decoding=\"async\" class=\"alignnone wp-image-5036 size-large\" src=\"https:\/\/zunzz.com\/wp-content\/uploads\/2023\/09\/11-1024x634.webp\" alt=\"Meais\u00edn Gearradh agus Annealing\" width=\"1024\" height=\"634\" srcset=\"https:\/\/zunzz.com\/wp-content\/uploads\/2023\/09\/11-1024x634.webp 1024w, https:\/\/zunzz.com\/wp-content\/uploads\/2023\/09\/11-300x186.webp 300w, https:\/\/zunzz.com\/wp-content\/uploads\/2023\/09\/11-768x476.webp 768w, https:\/\/zunzz.com\/wp-content\/uploads\/2023\/09\/11-700x434.webp 700w, https:\/\/zunzz.com\/wp-content\/uploads\/2023\/09\/11-600x372.webp 600w, https:\/\/zunzz.com\/wp-content\/uploads\/2023\/09\/11.webp 1093w\" sizes=\"(max-width: 1024px) 100vw, 1024px\" \/><\/h3>\n<h2>3.Tr\u00e9ithe Gearradh agus Meais\u00edn Annealing<\/h2>\n<ul>\n<li>Dearadh f\u00edor\u00e1lainn, \u00e9adrom agus \u00e1isi\u00fail, \u00e9asca le bogadh.<\/li>\n<li>T\u00e1 an raon trastomhas le\u00e1 leathan, agus is f\u00e9idir le\u00e1 an r\u00f3pa sreang a chr\u00edochn\u00fa laistigh den raon trastomhas sonraithe gan aon chodanna a athshol\u00e1thar.<\/li>\n<li>T\u00e1 s\u00e9 \u00e9asca a oibri\u00fa, n\u00edl aon eochair ag teast\u00e1il don fheiste cheangail.<\/li>\n<li>Tomhaltas cumhachta \u00edseal, ard-\u00e9ifeacht\u00falacht agus coigilt fuinnimh, ag cinnti\u00fa \u00fas\u00e1id sh\u00e1bh\u00e1ilte.<\/li>\n<li>Praghsanna inacmhainne, c\u00e1il\u00edocht den scoth, agus luach iontach ar airgead.<\/li>\n<li>T\u00e1 an luas le\u00e1 tapa. Agus t\u00e1 an t\u00e9ad sreang cruach le\u00e1ite n\u00e9ata agus r\u00e9idh, le cruth c\u00f3n\u00fail ag an deireadh. <\/li>\n<li>N\u00edl an torann le linn oibri\u00fa ach 75 deicibeil, agus cinnt\u00edonn an dearadh \u00edseal-torainn timpeallacht oibre chompordach.<\/li>\n<\/ul>\n<h1><img decoding=\"async\" class=\"alignnone size-large wp-image-5051\" src=\"https:\/\/zunzz.com\/wp-content\/uploads\/2023\/09\/2-1-1024x634.webp\" alt=\"Meais\u00edn Gearradh agus Annealing\" width=\"1024\" height=\"634\" srcset=\"https:\/\/zunzz.com\/wp-content\/uploads\/2023\/09\/2-1-1024x634.webp 1024w, https:\/\/zunzz.com\/wp-content\/uploads\/2023\/09\/2-1-300x186.webp 300w, https:\/\/zunzz.com\/wp-content\/uploads\/2023\/09\/2-1-768x476.webp 768w, https:\/\/zunzz.com\/wp-content\/uploads\/2023\/09\/2-1-700x434.webp 700w, https:\/\/zunzz.com\/wp-content\/uploads\/2023\/09\/2-1-600x372.webp 600w, https:\/\/zunzz.com\/wp-content\/uploads\/2023\/09\/2-1.webp 1093w\" sizes=\"(max-width: 1024px) 100vw, 1024px\" \/><\/h1>\n<h1 class=\"product_title entry-title\"><img loading=\"lazy\" decoding=\"async\" class=\"alignnone wp-image-361 \" src=\"https:\/\/zunzz.com\/wp-content\/uploads\/2023\/09\/Cutting-and-Annealing-Machine-5MM-1.webp\" alt=\"Meais\u00edn Gearradh agus Annealing 5MM-1\" width=\"1021\" height=\"1541\" srcset=\"https:\/\/zunzz.com\/wp-content\/uploads\/2023\/09\/Cutting-and-Annealing-Machine-5MM-1.webp 1000w, https:\/\/zunzz.com\/wp-content\/uploads\/2023\/09\/Cutting-and-Annealing-Machine-5MM-1-199x300.webp 199w, https:\/\/zunzz.com\/wp-content\/uploads\/2023\/09\/Cutting-and-Annealing-Machine-5MM-1-679x1024.webp 679w, https:\/\/zunzz.com\/wp-content\/uploads\/2023\/09\/Cutting-and-Annealing-Machine-5MM-1-768x1159.webp 768w, https:\/\/zunzz.com\/wp-content\/uploads\/2023\/09\/Cutting-and-Annealing-Machine-5MM-1-700x1056.webp 700w, https:\/\/zunzz.com\/wp-content\/uploads\/2023\/09\/Cutting-and-Annealing-Machine-5MM-1-600x905.webp 600w\" sizes=\"(max-width: 1021px) 100vw, 1021px\" \/><\/h1>\n<h3>4.Paraim\u00e9adair eile den Mheais\u00edn Gearrtha agus Aneala\u00ed<\/h3>\n<div class=\"table-r\">\n<table width=\"100%\">\n<tbody>\n<tr>\n<td width=\"50%\">Ainm an Bhranda\n<\/td>\n<td width=\"50%\">Cuideachta Zunzz Wire Rope Sling Machine<\/td>\n<\/tr>\n<tr>\n<td width=\"50%\">T\u00edr\/R\u00e9igi\u00fan T\u00e1irgthe\n<\/td>\n<td width=\"50%\">Baoding, an tS\u00edn<\/td>\n<\/tr>\n<tr>\n<td width=\"50%\">Bliain an ch\u00e9ad fhoilsithe\n<\/td>\n<td width=\"50%\">2001<\/td>\n<\/tr>\n<tr>\n<td width=\"50%\">D\u00e1ta t\u00e1irgthe\n<\/td>\n<td width=\"50%\">am ord\u00fa<\/td>\n<\/tr>\n<tr>\n<td width=\"50%\">Tr\u00e9imhse bhar\u00e1ntas\n<\/td>\n<td width=\"50%\">1 bhliain<\/td>\n<\/tr>\n<tr>\n<td width=\"50%\">Cainn\u00edocht (p\u00edosa\u00ed)\/am seachadta (laethanta)\n<\/td>\n<td width=\"50%\">1-1 (p\u00edosa\u00ed)\/35 (l\u00e1), 2-10 (p\u00edosa\u00ed)\/45 (l\u00e1), N\u00edos m\u00f3 n\u00e1 10 (p\u00edosa\u00ed)\/le hidirbheart\u00fa<\/td>\n<\/tr>\n<tr>\n<td width=\"50%\">Dath\n<\/td>\n<td width=\"50%\">gorm n\u00f3 saincheaptha<\/td>\n<\/tr>\n<tr>\n<td width=\"50%\">Sonra\u00ed Pac\u00e1istithe\n<\/td>\n<td width=\"50%\">bosca adhmaid<\/td>\n<\/tr>\n<tr>\n<td width=\"50%\">taca\u00edochta seirbh\u00edse\n<\/td>\n<td width=\"50%\">Taca\u00edocht f\u00f3n cianda<\/td>\n<\/tr>\n<\/tbody>\n<\/table>\n<\/div>\n<p><strong>5. An Pac\u00e1iste L\u00e1idir<\/strong><\/p>\n<p>T\u00e1 na <a href=\"https:\/\/zunzz.com\/ga\/product\/automated-wire-rope-fuser-cutting-machine\/\">meais\u00edn\u00ed gearrtha fuser r\u00f3pa sreang<\/a> uathoibr\u00edoch arna n-onnmhairi\u00fa go leor t\u00edortha. Bainimid \u00fas\u00e1id as c\u00e1s adhmaid idirn\u00e1isi\u00fanta chun na meais\u00edn\u00ed a sheachadadh chun s\u00e1bh\u00e1ilteacht a dhearbh\u00fa le linn seachadta. <\/p>\n<p>T\u00e1 <strong>Meais\u00edn Gearradh agus Annealing<\/strong> le haghaidh r\u00f3pa sreang 1-5mm le deireadh barrchaolaithe Uathoibr\u00edoch. T\u00e1 an meais\u00edn seo againn f\u00f3s le haghaidh r\u00f3pa sreang 1-3mm.<\/p>\n<p>T\u00e1 na meais\u00edn\u00ed tar \u00e9is onnmhairi\u00fa chuig an R\u00edocht Aontaithe, an Danmhairg, an Iod\u00e1il, Marac\u00f3, an Iar\u00e1in, an Indin\u00e9is, an India, UAE, Singeap\u00f3r, an Pholainn, etc.<\/p>\n<p><img loading=\"lazy\" decoding=\"async\" class=\"alignnone size-large wp-image-5066\" src=\"https:\/\/zunzz.com\/wp-content\/uploads\/2023\/09\/baozhuag-1024x512.webp\" alt=\"Meais\u00edn Gearradh agus Annealing\" width=\"1024\" height=\"512\" srcset=\"https:\/\/zunzz.com\/wp-content\/uploads\/2023\/09\/baozhuag-1024x512.webp 1024w, https:\/\/zunzz.com\/wp-content\/uploads\/2023\/09\/baozhuag-300x150.webp 300w, https:\/\/zunzz.com\/wp-content\/uploads\/2023\/09\/baozhuag-768x384.webp 768w, https:\/\/zunzz.com\/wp-content\/uploads\/2023\/09\/baozhuag-1000x500.webp 1000w, https:\/\/zunzz.com\/wp-content\/uploads\/2023\/09\/baozhuag-700x350.webp 700w, https:\/\/zunzz.com\/wp-content\/uploads\/2023\/09\/baozhuag-1300x650.webp 1300w, https:\/\/zunzz.com\/wp-content\/uploads\/2023\/09\/baozhuag-600x300.webp 600w, https:\/\/zunzz.com\/wp-content\/uploads\/2023\/09\/baozhuag.webp 1500w\" sizes=\"(max-width: 1024px) 100vw, 1024px\" \/><\/p>\n\n<div class=\"wpcf7 no-js\" id=\"wpcf7-f5522-o1\" lang=\"ga-IE\" dir=\"ltr\" data-wpcf7-id=\"5522\">\n<div class=\"screen-reader-response\"><p role=\"status\" aria-live=\"polite\" aria-atomic=\"true\"><\/p> <ul><\/ul><\/div>\n<form action=\"\/ga\/wp-json\/wp\/v2\/product\/2931#wpcf7-f5522-o1\" method=\"post\" class=\"wpcf7-form init\" aria-label=\"Contact form\" novalidate=\"novalidate\" data-status=\"init\">\n<fieldset class=\"hidden-fields-container\"><input type=\"hidden\" name=\"_wpcf7\" value=\"5522\" \/><input type=\"hidden\" name=\"_wpcf7_version\" value=\"6.1.4\" \/><input type=\"hidden\" name=\"_wpcf7_locale\" value=\"ga_IE\" \/><input type=\"hidden\" name=\"_wpcf7_unit_tag\" value=\"wpcf7-f5522-o1\" \/><input type=\"hidden\" name=\"_wpcf7_container_post\" value=\"0\" \/><input type=\"hidden\" name=\"_wpcf7_posted_data_hash\" value=\"\" \/>\n<\/fieldset>\n<div class=\"wpcf7-turnstile cf-turnstile\" data-sitekey=\"0x4AAAAAACHlhHyKtoljFN8P\" data-response-field-name=\"_wpcf7_turnstile_response\"><\/div>\n\n<p>\n    <\/p><h4 style=\"color:#333333;font-size:20px;font-family:\"background-color:#FFFFFF;font-weight:normal !important;\">\n        <span style=\"color:red;\">Seol chugainn do riachtanais \u2014 tabharfaimid freagra laistigh de 24 uair an chloig<\/span>\n    <\/h4>\n\n\n<div class=\"row\" style=\"display:flex; flex-wrap:wrap; width:100%;\">\n\n    <!-- Name -->\n    <div style=\"width:40%; padding-right:10px; box-sizing:border-box;\">\n        <div class=\"form-group\" style=\"margin-bottom:15px;\">\n <span class=\"wpcf7-form-control-wrap\" data-name=\"your-name\"><input size=\"40\" maxlength=\"400\" class=\"wpcf7-form-control wpcf7-text wpcf7-validates-as-required\" aria-required=\"true\" aria-invalid=\"false\" placeholder=\"D&#039;ainm *\" value=\"\" type=\"text\" name=\"your-name\" \/><\/span>\n        <\/div>\n    <\/div>\n\n    <!-- Email -->\n    <div style=\"width:60%; padding-left:10px; box-sizing:border-box;\">\n        <div class=\"form-group\" style=\"margin-bottom:15px;\">\n <span class=\"wpcf7-form-control-wrap\" data-name=\"your-email\"><input size=\"40\" maxlength=\"400\" class=\"wpcf7-form-control wpcf7-email wpcf7-validates-as-required wpcf7-text wpcf7-validates-as-email\" aria-required=\"true\" aria-invalid=\"false\" placeholder=\"Seoladh R\u00edomhphoist *\" value=\"\" type=\"email\" name=\"your-email\" \/><\/span>\n        <\/div>\n    <\/div>\n\n    <!-- Message -->\n    <div style=\"width:100%; box-sizing:border-box;\">\n        <div class=\"form-group\" style=\"margin-bottom:15px;\">\n            <span class=\"wpcf7-form-control-wrap\" data-name=\"your-message\"><textarea cols=\"30\" rows=\"4\" maxlength=\"2000\" class=\"wpcf7-form-control wpcf7-textarea\" aria-invalid=\"false\" placeholder=\"Scr\u00edobh do theachtaireacht anseo le do thoil\" name=\"your-message\"><\/textarea><\/span>\n        <\/div>\n    <\/div>\n\n    <!-- Submit -->\n    <div style=\"width:100%; box-sizing:border-box;\">\n        <input class=\"wpcf7-form-control wpcf7-submit has-spinner btn btn-default\" type=\"submit\" value=\"Seol teachtaireacht chugainn agus faigh luachan\" \/>\n    <\/div>\n\n<\/div><div class=\"wpcf7-response-output\" aria-hidden=\"true\"><\/div>\n<\/form>\n<\/div>\n\n","protected":false},"excerpt":{"rendered":"<div class=\"table-r\">\n<table width=\"100%\">\n<tbody>\n<tr>\n<td width=\"50%\">M\u00fanla:\n<\/td>\n<td width=\"50%\">WST-500<\/td>\n<\/tr>\n<tr>\n<td width=\"50%\">uas. r\u00f3pa sreang:<\/td>\n<td width=\"50%\">5mm<\/td>\n<\/tr>\n<tr>\n<td width=\"50%\">Cumhacht:\n<\/td>\n<td width=\"50%\">7.5KW<\/td>\n<\/tr>\n<tr>\n<td width=\"50%\">Tois\u00ed:\n<\/td>\n<td width=\"50%\">800*800*1500mm<\/td>\n<\/tr>\n<tr>\n<td width=\"50%\">Me\u00e1chan:\n<\/td>\n<td width=\"50%\">400kg<\/td>\n<\/tr>\n<\/tbody>\n<\/table>\n<p><strong>Teanga ar F\u00e1il:<\/strong>[wpml_language_selector_widget]<\/p>\n[contact-form-7 id=\"055e9b5\" title=\"Contact form 2\"]\n<\/div>\n","protected":false},"featured_media":2932,"comment_status":"open","ping_status":"closed","template":"","meta":[],"product_brand":[],"product_cat":[195],"product_tag":[342,353],"class_list":{"0":"post-2931","1":"product","2":"type-product","3":"status-publish","4":"has-post-thumbnail","6":"product_cat-wire-rope-annealing-machine","7":"product_tag-wire-rope-annealing-machine","8":"product_tag-cutting-and-annealing-machine","10":"first","11":"instock","12":"taxable","13":"shipping-taxable","14":"product-type-simple"},"yoast_head":"<!-- This site is optimized with the Yoast SEO plugin v26.8 - https:\/\/yoast.com\/product\/yoast-seo-wordpress\/ -->\n<title>Meais\u00edn Gearradh agus Annealing 5MM<\/title>\n<meta name=\"description\" content=\"T\u00e1 Meais\u00edn Gearradh agus Annealing Wire Rope le haghaidh r\u00f3pa sreang 1-5mm le deireadh barrchaolaithe Uathoibr\u00edoch. T\u00e1 an meais\u00edn seo againn f\u00f3s le haghaidh r\u00f3pa sreang 1-3mm.\" \/>\n<meta name=\"robots\" content=\"index, follow, max-snippet:-1, max-image-preview:large, max-video-preview:-1\" \/>\n<link rel=\"canonical\" href=\"https:\/\/zunzz.com\/ga\/product\/cutting-and-annealing-machine\/\" \/>\n<meta property=\"og:locale\" content=\"ga_IE\" \/>\n<meta property=\"og:type\" content=\"article\" \/>\n<meta property=\"og:title\" content=\"Meais\u00edn Gearradh agus Annealing 5MM\" \/>\n<meta property=\"og:description\" content=\"T\u00e1 Meais\u00edn Gearradh agus Annealing Wire Rope le haghaidh r\u00f3pa sreang 1-5mm le deireadh barrchaolaithe Uathoibr\u00edoch. T\u00e1 an meais\u00edn seo againn f\u00f3s le haghaidh r\u00f3pa sreang 1-3mm.\" \/>\n<meta property=\"og:url\" content=\"https:\/\/zunzz.com\/ga\/product\/cutting-and-annealing-machine\/\" \/>\n<meta property=\"og:site_name\" content=\"Zunzz Wire Rope Sling Machine Company\" \/>\n<meta property=\"article:modified_time\" content=\"2025-12-13T12:26:53+00:00\" \/>\n<meta property=\"og:image\" content=\"https:\/\/zunzz.com\/wp-content\/uploads\/2023\/09\/Cutting-and-Annealing-Machine-5MM-3.webp\" \/>\n\t<meta property=\"og:image:width\" content=\"600\" \/>\n\t<meta property=\"og:image:height\" content=\"600\" \/>\n\t<meta property=\"og:image:type\" content=\"image\/webp\" \/>\n<meta name=\"twitter:card\" content=\"summary_large_image\" \/>\n<meta name=\"twitter:label1\" content=\"Est. reading time\" \/>\n\t<meta name=\"twitter:data1\" content=\"5 minutes\" \/>\n<script type=\"application\/ld+json\" class=\"yoast-schema-graph\">{\"@context\":\"https:\/\/schema.org\",\"@graph\":[{\"@type\":\"WebPage\",\"@id\":\"https:\/\/zunzz.com\/ga\/product\/cutting-and-annealing-machine\/\",\"url\":\"https:\/\/zunzz.com\/ga\/product\/cutting-and-annealing-machine\/\",\"name\":\"Meais\u00edn Gearradh agus Annealing 5MM\",\"isPartOf\":{\"@id\":\"https:\/\/zunzz.com\/ga\/#website\"},\"primaryImageOfPage\":{\"@id\":\"https:\/\/zunzz.com\/ga\/product\/cutting-and-annealing-machine\/#primaryimage\"},\"image\":{\"@id\":\"https:\/\/zunzz.com\/ga\/product\/cutting-and-annealing-machine\/#primaryimage\"},\"thumbnailUrl\":\"https:\/\/zunzz.com\/wp-content\/uploads\/2023\/09\/Cutting-and-Annealing-Machine-5MM-3.webp\",\"datePublished\":\"2025-12-12T01:50:14+00:00\",\"dateModified\":\"2025-12-13T12:26:53+00:00\",\"description\":\"T\u00e1 Meais\u00edn Gearradh agus Annealing Wire Rope le haghaidh r\u00f3pa sreang 1-5mm le deireadh barrchaolaithe Uathoibr\u00edoch. T\u00e1 an meais\u00edn seo againn f\u00f3s le haghaidh r\u00f3pa sreang 1-3mm.\",\"breadcrumb\":{\"@id\":\"https:\/\/zunzz.com\/ga\/product\/cutting-and-annealing-machine\/#breadcrumb\"},\"inLanguage\":\"ga-IE\",\"potentialAction\":[{\"@type\":\"ReadAction\",\"target\":[\"https:\/\/zunzz.com\/ga\/product\/cutting-and-annealing-machine\/\"]}]},{\"@type\":\"ImageObject\",\"inLanguage\":\"ga-IE\",\"@id\":\"https:\/\/zunzz.com\/ga\/product\/cutting-and-annealing-machine\/#primaryimage\",\"url\":\"https:\/\/zunzz.com\/wp-content\/uploads\/2023\/09\/Cutting-and-Annealing-Machine-5MM-3.webp\",\"contentUrl\":\"https:\/\/zunzz.com\/wp-content\/uploads\/2023\/09\/Cutting-and-Annealing-Machine-5MM-3.webp\",\"width\":600,\"height\":600,\"caption\":\"Meais\u00edn Gearrtha agus Ain\u00e9alaithe 5MM-3\"},{\"@type\":\"BreadcrumbList\",\"@id\":\"https:\/\/zunzz.com\/ga\/product\/cutting-and-annealing-machine\/#breadcrumb\",\"itemListElement\":[{\"@type\":\"ListItem\",\"position\":1,\"name\":\"Home\",\"item\":\"https:\/\/zunzz.com\/ga\/home\/\"},{\"@type\":\"ListItem\",\"position\":2,\"name\":\"Shop\",\"item\":\"https:\/\/zunzz.com\/bg\/shop\/\"},{\"@type\":\"ListItem\",\"position\":3,\"name\":\"Meais\u00edn Gearradh agus Annealing 5MM\"}]},{\"@type\":\"WebSite\",\"@id\":\"https:\/\/zunzz.com\/ga\/#website\",\"url\":\"https:\/\/zunzz.com\/ga\/\",\"name\":\"Zunzz Wire Rope Sling Machine Company\",\"description\":\"Zunzz Wire Rope Sling Machine Company is a leading manufacturer of wire rope sling machines and related products.\",\"publisher\":{\"@id\":\"https:\/\/zunzz.com\/ga\/#organization\"},\"potentialAction\":[{\"@type\":\"SearchAction\",\"target\":{\"@type\":\"EntryPoint\",\"urlTemplate\":\"https:\/\/zunzz.com\/ga\/?s={search_term_string}\"},\"query-input\":{\"@type\":\"PropertyValueSpecification\",\"valueRequired\":true,\"valueName\":\"search_term_string\"}}],\"inLanguage\":\"ga-IE\"},{\"@type\":\"Organization\",\"@id\":\"https:\/\/zunzz.com\/ga\/#organization\",\"name\":\"Zunzz Wire Rope Sling Machine Company\",\"url\":\"https:\/\/zunzz.com\/ga\/\",\"logo\":{\"@type\":\"ImageObject\",\"inLanguage\":\"ga-IE\",\"@id\":\"https:\/\/zunzz.com\/ga\/#\/schema\/logo\/image\/\",\"url\":\"https:\/\/zunzz.com\/wp-content\/uploads\/2023\/09\/Logo.png\",\"contentUrl\":\"https:\/\/zunzz.com\/wp-content\/uploads\/2023\/09\/Logo.png\",\"width\":171,\"height\":133,\"caption\":\"Zunzz Wire Rope Sling Machine Company\"},\"image\":{\"@id\":\"https:\/\/zunzz.com\/ga\/#\/schema\/logo\/image\/\"}}]}<\/script>\n<!-- \/ Yoast SEO plugin. -->","yoast_head_json":{"title":"Meais\u00edn Gearradh agus Annealing 5MM","description":"T\u00e1 Meais\u00edn Gearradh agus Annealing Wire Rope le haghaidh r\u00f3pa sreang 1-5mm le deireadh barrchaolaithe Uathoibr\u00edoch. T\u00e1 an meais\u00edn seo againn f\u00f3s le haghaidh r\u00f3pa sreang 1-3mm.","robots":{"index":"index","follow":"follow","max-snippet":"max-snippet:-1","max-image-preview":"max-image-preview:large","max-video-preview":"max-video-preview:-1"},"canonical":"https:\/\/zunzz.com\/ga\/product\/cutting-and-annealing-machine\/","og_locale":"ga_IE","og_type":"article","og_title":"Meais\u00edn Gearradh agus Annealing 5MM","og_description":"T\u00e1 Meais\u00edn Gearradh agus Annealing Wire Rope le haghaidh r\u00f3pa sreang 1-5mm le deireadh barrchaolaithe Uathoibr\u00edoch. T\u00e1 an meais\u00edn seo againn f\u00f3s le haghaidh r\u00f3pa sreang 1-3mm.","og_url":"https:\/\/zunzz.com\/ga\/product\/cutting-and-annealing-machine\/","og_site_name":"Zunzz Wire Rope Sling Machine Company","article_modified_time":"2025-12-13T12:26:53+00:00","og_image":[{"width":600,"height":600,"url":"https:\/\/zunzz.com\/wp-content\/uploads\/2023\/09\/Cutting-and-Annealing-Machine-5MM-3.webp","type":"image\/webp"}],"twitter_card":"summary_large_image","twitter_misc":{"Est. reading time":"5 minutes"},"schema":{"@context":"https:\/\/schema.org","@graph":[{"@type":"WebPage","@id":"https:\/\/zunzz.com\/ga\/product\/cutting-and-annealing-machine\/","url":"https:\/\/zunzz.com\/ga\/product\/cutting-and-annealing-machine\/","name":"Meais\u00edn Gearradh agus Annealing 5MM","isPartOf":{"@id":"https:\/\/zunzz.com\/ga\/#website"},"primaryImageOfPage":{"@id":"https:\/\/zunzz.com\/ga\/product\/cutting-and-annealing-machine\/#primaryimage"},"image":{"@id":"https:\/\/zunzz.com\/ga\/product\/cutting-and-annealing-machine\/#primaryimage"},"thumbnailUrl":"https:\/\/zunzz.com\/wp-content\/uploads\/2023\/09\/Cutting-and-Annealing-Machine-5MM-3.webp","datePublished":"2025-12-12T01:50:14+00:00","dateModified":"2025-12-13T12:26:53+00:00","description":"T\u00e1 Meais\u00edn Gearradh agus Annealing Wire Rope le haghaidh r\u00f3pa sreang 1-5mm le deireadh barrchaolaithe Uathoibr\u00edoch. T\u00e1 an meais\u00edn seo againn f\u00f3s le haghaidh r\u00f3pa sreang 1-3mm.","breadcrumb":{"@id":"https:\/\/zunzz.com\/ga\/product\/cutting-and-annealing-machine\/#breadcrumb"},"inLanguage":"ga-IE","potentialAction":[{"@type":"ReadAction","target":["https:\/\/zunzz.com\/ga\/product\/cutting-and-annealing-machine\/"]}]},{"@type":"ImageObject","inLanguage":"ga-IE","@id":"https:\/\/zunzz.com\/ga\/product\/cutting-and-annealing-machine\/#primaryimage","url":"https:\/\/zunzz.com\/wp-content\/uploads\/2023\/09\/Cutting-and-Annealing-Machine-5MM-3.webp","contentUrl":"https:\/\/zunzz.com\/wp-content\/uploads\/2023\/09\/Cutting-and-Annealing-Machine-5MM-3.webp","width":600,"height":600,"caption":"Meais\u00edn Gearrtha agus Ain\u00e9alaithe 5MM-3"},{"@type":"BreadcrumbList","@id":"https:\/\/zunzz.com\/ga\/product\/cutting-and-annealing-machine\/#breadcrumb","itemListElement":[{"@type":"ListItem","position":1,"name":"Home","item":"https:\/\/zunzz.com\/ga\/home\/"},{"@type":"ListItem","position":2,"name":"Shop","item":"https:\/\/zunzz.com\/bg\/shop\/"},{"@type":"ListItem","position":3,"name":"Meais\u00edn Gearradh agus Annealing 5MM"}]},{"@type":"WebSite","@id":"https:\/\/zunzz.com\/ga\/#website","url":"https:\/\/zunzz.com\/ga\/","name":"Zunzz Wire Rope Sling Machine Company","description":"Zunzz Wire Rope Sling Machine Company is a leading manufacturer of wire rope sling machines and related products.","publisher":{"@id":"https:\/\/zunzz.com\/ga\/#organization"},"potentialAction":[{"@type":"SearchAction","target":{"@type":"EntryPoint","urlTemplate":"https:\/\/zunzz.com\/ga\/?s={search_term_string}"},"query-input":{"@type":"PropertyValueSpecification","valueRequired":true,"valueName":"search_term_string"}}],"inLanguage":"ga-IE"},{"@type":"Organization","@id":"https:\/\/zunzz.com\/ga\/#organization","name":"Zunzz Wire Rope Sling Machine Company","url":"https:\/\/zunzz.com\/ga\/","logo":{"@type":"ImageObject","inLanguage":"ga-IE","@id":"https:\/\/zunzz.com\/ga\/#\/schema\/logo\/image\/","url":"https:\/\/zunzz.com\/wp-content\/uploads\/2023\/09\/Logo.png","contentUrl":"https:\/\/zunzz.com\/wp-content\/uploads\/2023\/09\/Logo.png","width":171,"height":133,"caption":"Zunzz Wire Rope Sling Machine Company"},"image":{"@id":"https:\/\/zunzz.com\/ga\/#\/schema\/logo\/image\/"}}]}},"_links":{"self":[{"href":"https:\/\/zunzz.com\/ga\/wp-json\/wp\/v2\/product\/2931","targetHints":{"allow":["GET"]}}],"collection":[{"href":"https:\/\/zunzz.com\/ga\/wp-json\/wp\/v2\/product"}],"about":[{"href":"https:\/\/zunzz.com\/ga\/wp-json\/wp\/v2\/types\/product"}],"replies":[{"embeddable":true,"href":"https:\/\/zunzz.com\/ga\/wp-json\/wp\/v2\/comments?post=2931"}],"wp:featuredmedia":[{"embeddable":true,"href":"https:\/\/zunzz.com\/ga\/wp-json\/wp\/v2\/media\/2932"}],"wp:attachment":[{"href":"https:\/\/zunzz.com\/ga\/wp-json\/wp\/v2\/media?parent=2931"}],"wp:term":[{"taxonomy":"product_brand","embeddable":true,"href":"https:\/\/zunzz.com\/ga\/wp-json\/wp\/v2\/product_brand?post=2931"},{"taxonomy":"product_cat","embeddable":true,"href":"https:\/\/zunzz.com\/ga\/wp-json\/wp\/v2\/product_cat?post=2931"},{"taxonomy":"product_tag","embeddable":true,"href":"https:\/\/zunzz.com\/ga\/wp-json\/wp\/v2\/product_tag?post=2931"}],"curies":[{"name":"wp","href":"https:\/\/api.w.org\/{rel}","templated":true}]}}