{"id":2854,"date":"2025-12-13T02:04:06","date_gmt":"2025-12-13T02:04:06","guid":{"rendered":"https:\/\/zunzz.com\/product\/meaisin-annealing-ropa-sreang-55mm\/"},"modified":"2025-12-14T03:21:45","modified_gmt":"2025-12-14T03:21:45","slug":"wire-rope-annealing-machine","status":"publish","type":"product","link":"https:\/\/zunzz.com\/ga\/product\/wire-rope-annealing-machine\/","title":{"rendered":"Meais\u00edn annealing r\u00f3pa sreang 55mm"},"content":{"rendered":"<h3>1.Faoi mheais\u00edn anne\u00e1la t\u00e9ad sreinge<\/h3>\n<p>T\u00e1 an <strong>meais\u00edn anne\u00e1la t\u00e9ad sreinge<\/strong> seo oiri\u00fanach do th\u00e9ada sreinge cruach 22-55mm. Is toradh \u00e9 ar fheabhsuithe lean\u00fanacha \u00f3 buna\u00edodh cuideachta meais\u00edn\u00ed t\u00e9ad sreinge Zunzz in 2001. Le himeacht ama, agus de r\u00e9ir mar a leanann an nu\u00e1la\u00edocht agus forbairt na teicneola\u00edochta ar aghaidh, t\u00e1 \u00e1r meais\u00edn\u00ed tar \u00e9is \u00e9ifeacht\u00falacht oibre agus s\u00e1bh\u00e1ilteacht a fheabhs\u00fa go m\u00f3r. T\u00e1 s\u00e9 foirfe do gach tionscal a dteasta\u00edonn gearradh minic ar th\u00e9ada sreinge uaidh.   <\/p>\n<h3>2.An paraim\u00e9adar de Wire Rope Annealing Machine<\/h3>\n<div class=\"table-r\">\n<table width=\"100%\">\n<tbody>\n<tr>\n<td width=\"50%\">M\u00fanla Uimh\n<\/td>\n<td width=\"50%\">UNR-55<\/td>\n<\/tr>\n<tr>\n<td width=\"50%\">Dath meais\u00edn\n<\/td>\n<td width=\"50%\">mar a iarrtar<\/td>\n<\/tr>\n<tr>\n<td width=\"50%\">D\u00f3igh \u00e1r raon\n<\/td>\n<td width=\"50%\">\u00d820-55mm<\/td>\n<\/tr>\n<tr>\n<td width=\"50%\">Clamp\n<\/td>\n<td width=\"50%\">4 sraith<\/td>\n<\/tr>\n<tr>\n<td width=\"50%\">Cumhacht\n<\/td>\n<td width=\"50%\">150KW<\/td>\n<\/tr>\n<tr>\n<td width=\"50%\">Voltas\n<\/td>\n<td width=\"50%\">Mar iarratas<\/td>\n<\/tr>\n<tr>\n<td width=\"50%\">Toise(mm)\n<\/td>\n<td width=\"50%\">1100*900*1600<\/td>\n<\/tr>\n<tr>\n<td width=\"50%\">Me\u00e1chan\n<\/td>\n<td width=\"50%\">800KG<\/td>\n<\/tr>\n<tr>\n<td width=\"50%\">Rial\u00fa\n<\/td>\n<td width=\"50%\">micrea-r\u00edomhaire<\/td>\n<\/tr>\n<\/tbody>\n<\/table>\n<p>&nbsp;<\/p>\n<\/div>\n<p><iframe title=\"Wire Rope Annealing Machine 55mmm\" width=\"1060\" height=\"596\" src=\"https:\/\/www.youtube.com\/embed\/dyr3C3Txx3w?feature=oembed\" frameborder=\"0\" allow=\"accelerometer; autoplay; clipboard-write; encrypted-media; gyroscope; picture-in-picture; web-share\" referrerpolicy=\"strict-origin-when-cross-origin\" allowfullscreen><\/iframe><\/p>\n<div class=\"table-r\">\n<h3>3.Instructions an t\u00e9ad sreang annealing meais\u00edn<\/h3>\n<p>Tugtar cumasc agus c\u00fang\u00fa ar phr\u00f3iseas anne\u00e1la t\u00e9ad sreinge uaireanta. Le linn an phr\u00f3isis anne\u00e1la seo, t\u00e9itear sn\u00e1itheanna an t\u00e9ad sreinge go teocht an-ard tr\u00ed shol\u00e1thar an tsrutha a rial\u00fa le lasc coise. D\u00e9anfaidh na c\u00e1ithn\u00edn\u00ed miotail athchriostal\u00fa faoin teocht ard, rud a ligeann d\u00f3ibh le\u00e1 le ch\u00e9ile.  <\/p>\n<p>Mar fhocal scoir, t\u00e1 dh\u00e1 chuid neamhsple\u00e1cha ann: 1. Tr\u00edd an roth agus an l\u00e1imhse\u00e1il, t\u00e1 an r\u00f3pa sreang beag\u00e1n cr\u00e9achtaithe go docht agus comhle\u00e1dh. 2. Coigeartaigh an fad idir an clamp. Ar deireadh roinnte ina dh\u00e1 chuid. Ar an mbealach seo beidh deireadh an r\u00f3pa beag\u00e1n barrchaolaithe agus comhle\u00e1dh go hioml\u00e1n.    <\/p>\n<p>Chun an r\u00f3pa a sheachaint ag \u00e9ir\u00ed brittle, b\u00ed cinnte \u00e9 a fhuar\u00fa go mall. Ansin gheobhaidh t\u00fa r\u00f3pa sreang n\u00e9ata agus r\u00e9idh le cruth barrchaolaithe agus foircinn b\u00edseach. <\/p>\n<h3><img fetchpriority=\"high\" decoding=\"async\" class=\"alignnone wp-image-365 size-full\" src=\"https:\/\/zunzz.com\/wp-content\/uploads\/2023\/09\/Wire-Rope-Annealing-Machine-55mm-2.webp\" alt=\"Meais\u00edn annealing r\u00f3pa sreang 55mm-2\" width=\"1000\" height=\"1000\" srcset=\"https:\/\/zunzz.com\/wp-content\/uploads\/2023\/09\/Wire-Rope-Annealing-Machine-55mm-2.webp 1000w, https:\/\/zunzz.com\/wp-content\/uploads\/2023\/09\/Wire-Rope-Annealing-Machine-55mm-2-300x300.webp 300w, https:\/\/zunzz.com\/wp-content\/uploads\/2023\/09\/Wire-Rope-Annealing-Machine-55mm-2-150x150.webp 150w, https:\/\/zunzz.com\/wp-content\/uploads\/2023\/09\/Wire-Rope-Annealing-Machine-55mm-2-768x768.webp 768w, https:\/\/zunzz.com\/wp-content\/uploads\/2023\/09\/Wire-Rope-Annealing-Machine-55mm-2-570x570.webp 570w, https:\/\/zunzz.com\/wp-content\/uploads\/2023\/09\/Wire-Rope-Annealing-Machine-55mm-2-500x500.webp 500w, https:\/\/zunzz.com\/wp-content\/uploads\/2023\/09\/Wire-Rope-Annealing-Machine-55mm-2-700x700.webp 700w, https:\/\/zunzz.com\/wp-content\/uploads\/2023\/09\/Wire-Rope-Annealing-Machine-55mm-2-650x650.webp 650w, https:\/\/zunzz.com\/wp-content\/uploads\/2023\/09\/Wire-Rope-Annealing-Machine-55mm-2-600x600.webp 600w, https:\/\/zunzz.com\/wp-content\/uploads\/2023\/09\/Wire-Rope-Annealing-Machine-55mm-2-100x100.webp 100w\" sizes=\"(max-width: 1000px) 100vw, 1000px\" \/><\/h3>\n<h3><\/h3>\n<h3>4. Bunt\u00e1ist\u00ed an mheais\u00edn anne\u00e1la t\u00e9ad sreinge<\/h3>\n<ul>\n<li>Cruth cliste agus iniomparthacht:<\/li>\n<\/ul>\n<p>T\u00e1 an <strong>meais\u00edn anne\u00e1la t\u00e9ad sreinge<\/strong> deartha go cliste chun \u00e9 a dh\u00e9anamh \u00e9asca le bogadh i dtimpeallachta\u00ed oibre \u00e9ags\u00fala. Mar shampla, f\u00e9adann an trealamh seo r\u00f3l t\u00e1bhachtach a imirt ar shu\u00edomhanna t\u00f3g\u00e1la, i dt\u00f3g\u00e1il droichead, i longth\u00f3g\u00e1il, agus i go leor c\u00e1sanna eile ina bhfuil gearradh t\u00e9ad sreinge riachtanach.<br \/>4o<\/p>\n<p> <\/p>\n<ul>\n<li>Le\u00e1 tapa agus oibri\u00fa \u00e1isi\u00fail:<\/li>\n<\/ul>\n<p>T\u00e1 na saintr\u00e9ithe ag an <a title=\"Meais\u00edn Gearradh agus Annealing 5MM\" href=\"https:\/\/zunzz.com\/ga\/product\/cutting-and-annealing-machine\/\">Meais\u00edn Gearradh agus Annealing<\/a> r\u00f3pa\u00ed sreang cruach a le\u00e1 go tapa agus a ghearradh, agus ag an am c\u00e9anna, t\u00e1 s\u00e9 \u00e9asca oibri\u00fa agus feabhsa\u00edonn s\u00e9 \u00e9ifeachtacht t\u00e1irgthe.<\/p>\n<ul>\n<li>Coigilt fuinnimh agus s\u00e1bh\u00e1ilteacht:<\/li>\n<\/ul>\n<p>T\u00e1 cumhacht oibre an mheais\u00edn annealing s\u00e1ch \u00edseal, rud a chabhra\u00edonn le fuinneamh a sh\u00e1bh\u00e1il. Agus is f\u00e9idir leis an dearadh uath\u00fail s\u00e1bh\u00e1ilteacht na hoibr\u00edochta a chinnti\u00fa. <\/p>\n<ul>\n<li>T\u00e1 deireadh an\u00e1la n\u00e9ata agus m\u00edn:<\/li>\n<\/ul>\n<p>c\u00f3n\u00fail agus b\u00edseach, n\u00ed bheidh an sreang unravel.<\/p>\n<ul>\n<li>Ag obair le ch\u00e9ile leis an bhfeiste sceite deataigh:<\/li>\n<\/ul>\n<p>Is f\u00e9idir leis an meais\u00edn oibri\u00fa le ch\u00e9ile leis an bhfeiste sceite deataigh chun an deataigh agus an deannach a ghintear le linn an phr\u00f3isis t\u00e1th\u00fa a rial\u00fa go h\u00e9ifeachtach agus a dh\u00edchur, ag cinnti\u00fa glaineachta agus s\u00e1bh\u00e1ilteacht na timpeallachta oibre.<\/p>\n<ul>\n<li>Raon trastomhas an\u00e1laithe leathan:<\/li>\n<\/ul>\n<p>T\u00e1 raon trastomhas le\u00e1 leathan ag an meais\u00edn annealing agus f\u00e9adann s\u00e9 r\u00f3pa sreang cruach 22-55mm a chomhle\u00e1 gan aon chodanna a athshol\u00e1thar. <span style=\"color: #ff0000;\">M\u00e1s g\u00e1 duit r\u00f3pa\u00ed sreang de thrastomhais \u00e9ags\u00fala a chomhle\u00e1, cuirimid m\u00fanla\u00ed meais\u00edn\u00ed eile ar f\u00e1il freisin ar f\u00e9idir leo freastal ar do chuid riachtanas.<\/span><\/p>\n<ul>\n<li>Dearadh clamp uath\u00fail:<\/li>\n<\/ul>\n<p>T\u00e1 dearadh clamp uath\u00fail ag an clamp chun a chinnti\u00fa go bhfuil an r\u00f3pa sreang socraithe go daingean, feabhas a chur ar chobhsa\u00edocht agus ar sh\u00e1bh\u00e1ilteacht na hoibr\u00edochta.<\/p>\n<\/div>\n<p><img decoding=\"async\" class=\"alignnone wp-image-366 \" src=\"https:\/\/zunzz.com\/wp-content\/uploads\/2023\/09\/Wire-Rope-Annealing-Machine-55mm-1.webp\" alt=\"Meais\u00edn annealing r\u00f3pa sreang 55mm-1\" width=\"1000\" height=\"1333\" srcset=\"https:\/\/zunzz.com\/wp-content\/uploads\/2023\/09\/Wire-Rope-Annealing-Machine-55mm-1.webp 960w, https:\/\/zunzz.com\/wp-content\/uploads\/2023\/09\/Wire-Rope-Annealing-Machine-55mm-1-225x300.webp 225w, https:\/\/zunzz.com\/wp-content\/uploads\/2023\/09\/Wire-Rope-Annealing-Machine-55mm-1-768x1024.webp 768w, https:\/\/zunzz.com\/wp-content\/uploads\/2023\/09\/Wire-Rope-Annealing-Machine-55mm-1-600x800.webp 600w, https:\/\/zunzz.com\/wp-content\/uploads\/2023\/09\/Wire-Rope-Annealing-Machine-55mm-1-700x933.webp 700w\" sizes=\"(max-width: 1000px) 100vw, 1000px\" \/><\/p>\n<p><img decoding=\"async\" class=\"alignnone wp-image-368 \" src=\"https:\/\/zunzz.com\/wp-content\/uploads\/2023\/09\/Wire-Rope-Annealing-Machine-55mm-4.webp\" alt=\"Meais\u00edn annealing r\u00f3pa sreang 55mm-4\" width=\"1000\" height=\"1333\" srcset=\"https:\/\/zunzz.com\/wp-content\/uploads\/2023\/09\/Wire-Rope-Annealing-Machine-55mm-4.webp 960w, https:\/\/zunzz.com\/wp-content\/uploads\/2023\/09\/Wire-Rope-Annealing-Machine-55mm-4-225x300.webp 225w, https:\/\/zunzz.com\/wp-content\/uploads\/2023\/09\/Wire-Rope-Annealing-Machine-55mm-4-768x1024.webp 768w, https:\/\/zunzz.com\/wp-content\/uploads\/2023\/09\/Wire-Rope-Annealing-Machine-55mm-4-600x800.webp 600w, https:\/\/zunzz.com\/wp-content\/uploads\/2023\/09\/Wire-Rope-Annealing-Machine-55mm-4-700x933.webp 700w\" sizes=\"(max-width: 1000px) 100vw, 1000px\" \/><\/p>\n<h3><\/h3>\n<h3>Paraim\u00e9adair 5.Other Gearradh agus Meais\u00edn Annealing<\/h3>\n<div class=\"table-r\">\n<table width=\"100%\">\n<tbody>\n<tr>\n<td width=\"50%\">Coinn\u00edoll\n<\/td>\n<td width=\"50%\">Branda Nua<\/td>\n<\/tr>\n<tr>\n<td width=\"50%\">Ainm an Bhranda\n<\/td>\n<td width=\"50%\">Cuideachta Zunzz Wire Rope Sling Machine<\/td>\n<\/tr>\n<tr>\n<td width=\"50%\">T\u00edr\/R\u00e9igi\u00fan T\u00e1irgthe\n<\/td>\n<td width=\"50%\">Baoding, an tS\u00edn<\/td>\n<\/tr>\n<tr>\n<td width=\"50%\">Bliain an ch\u00e9ad fhoilsithe\n<\/td>\n<td width=\"50%\">2001<\/td>\n<\/tr>\n<tr>\n<td width=\"50%\">D\u00e1ta t\u00e1irgthe\n<\/td>\n<td width=\"50%\">Am a ord\u00fa<\/td>\n<\/tr>\n<tr>\n<td width=\"50%\">Tr\u00e9imhse bhar\u00e1ntas\n<\/td>\n<td width=\"50%\">1 bhliain<\/td>\n<\/tr>\n<tr>\n<td width=\"50%\">Cainn\u00edocht (p\u00edosa\u00ed)\/am seachadta (laethanta)\n<\/td>\n<td width=\"50%\">1-1 (p\u00edosa\u00ed) \/ 35 (l\u00e1), 2-10 (p\u00edosa\u00ed) \/ 45 (l\u00e1), N\u00edos m\u00f3 n\u00e1 10 (p\u00edosa\u00ed) \/ le hidirbheart\u00fa<\/td>\n<\/tr>\n<tr>\n<td width=\"50%\">Dath\n<\/td>\n<td width=\"50%\">Dearg n\u00f3 saincheaptha<\/td>\n<\/tr>\n<tr>\n<td width=\"50%\">Sonra\u00ed Pac\u00e1istithe\n<\/td>\n<td width=\"50%\">Bosca adhmaid<\/td>\n<\/tr>\n<tr>\n<td width=\"50%\">taca\u00edochta seirbh\u00edse\n<\/td>\n<td width=\"50%\">Taca\u00edocht f\u00f3n cianda<\/td>\n<\/tr>\n<\/tbody>\n<\/table>\n<\/div>\n<p>&nbsp;<\/p>\n<p><img loading=\"lazy\" decoding=\"async\" class=\"alignnone wp-image-367 \" src=\"https:\/\/zunzz.com\/wp-content\/uploads\/2023\/09\/Wire-Rope-Annealing-Machine-55mm-3.webp\" alt=\"Meais\u00edn annealing r\u00f3pa sreang 55mm-3\" width=\"1000\" height=\"1334\" srcset=\"https:\/\/zunzz.com\/wp-content\/uploads\/2023\/09\/Wire-Rope-Annealing-Machine-55mm-3.webp 810w, https:\/\/zunzz.com\/wp-content\/uploads\/2023\/09\/Wire-Rope-Annealing-Machine-55mm-3-225x300.webp 225w, https:\/\/zunzz.com\/wp-content\/uploads\/2023\/09\/Wire-Rope-Annealing-Machine-55mm-3-768x1024.webp 768w, https:\/\/zunzz.com\/wp-content\/uploads\/2023\/09\/Wire-Rope-Annealing-Machine-55mm-3-600x800.webp 600w, https:\/\/zunzz.com\/wp-content\/uploads\/2023\/09\/Wire-Rope-Annealing-Machine-55mm-3-700x933.webp 700w\" sizes=\"(max-width: 1000px) 100vw, 1000px\" \/><\/p>\n<p>T\u00e1 na meais\u00edn\u00ed tar \u00e9is onnmhairi\u00fa chuig an R\u00edocht Aontaithe, an Danmhairg, an Iod\u00e1il, Marac\u00f3, an Iar\u00e1in, an Indin\u00e9is, an India, UAE, Singeap\u00f3r, an Pholainn, etc.<\/p>\n\n<div class=\"wpcf7 no-js\" id=\"wpcf7-f5522-o1\" lang=\"ga-IE\" dir=\"ltr\" data-wpcf7-id=\"5522\">\n<div class=\"screen-reader-response\"><p role=\"status\" aria-live=\"polite\" aria-atomic=\"true\"><\/p> <ul><\/ul><\/div>\n<form action=\"\/ga\/wp-json\/wp\/v2\/product\/2854#wpcf7-f5522-o1\" method=\"post\" class=\"wpcf7-form init\" aria-label=\"Contact form\" novalidate=\"novalidate\" data-status=\"init\">\n<fieldset class=\"hidden-fields-container\"><input type=\"hidden\" name=\"_wpcf7\" value=\"5522\" \/><input type=\"hidden\" name=\"_wpcf7_version\" value=\"6.1.4\" \/><input type=\"hidden\" name=\"_wpcf7_locale\" value=\"ga_IE\" \/><input type=\"hidden\" name=\"_wpcf7_unit_tag\" value=\"wpcf7-f5522-o1\" \/><input type=\"hidden\" name=\"_wpcf7_container_post\" value=\"0\" \/><input type=\"hidden\" name=\"_wpcf7_posted_data_hash\" value=\"\" \/>\n<\/fieldset>\n<div class=\"wpcf7-turnstile cf-turnstile\" data-sitekey=\"0x4AAAAAACHlhHyKtoljFN8P\" data-response-field-name=\"_wpcf7_turnstile_response\"><\/div>\n\n<p>\n    <\/p><h4 style=\"color:#333333;font-size:20px;font-family:\"background-color:#FFFFFF;font-weight:normal !important;\">\n        <span style=\"color:red;\">Seol chugainn do riachtanais \u2014 tabharfaimid freagra laistigh de 24 uair an chloig<\/span>\n    <\/h4>\n\n\n<div class=\"row\" style=\"display:flex; flex-wrap:wrap; width:100%;\">\n\n    <!-- Name -->\n    <div style=\"width:40%; padding-right:10px; box-sizing:border-box;\">\n        <div class=\"form-group\" style=\"margin-bottom:15px;\">\n <span class=\"wpcf7-form-control-wrap\" data-name=\"your-name\"><input size=\"40\" maxlength=\"400\" class=\"wpcf7-form-control wpcf7-text wpcf7-validates-as-required\" aria-required=\"true\" aria-invalid=\"false\" placeholder=\"D&#039;ainm *\" value=\"\" type=\"text\" name=\"your-name\" \/><\/span>\n        <\/div>\n    <\/div>\n\n    <!-- Email -->\n    <div style=\"width:60%; padding-left:10px; box-sizing:border-box;\">\n        <div class=\"form-group\" style=\"margin-bottom:15px;\">\n <span class=\"wpcf7-form-control-wrap\" data-name=\"your-email\"><input size=\"40\" maxlength=\"400\" class=\"wpcf7-form-control wpcf7-email wpcf7-validates-as-required wpcf7-text wpcf7-validates-as-email\" aria-required=\"true\" aria-invalid=\"false\" placeholder=\"Seoladh R\u00edomhphoist *\" value=\"\" type=\"email\" name=\"your-email\" \/><\/span>\n        <\/div>\n    <\/div>\n\n    <!-- Message -->\n    <div style=\"width:100%; box-sizing:border-box;\">\n        <div class=\"form-group\" style=\"margin-bottom:15px;\">\n            <span class=\"wpcf7-form-control-wrap\" data-name=\"your-message\"><textarea cols=\"30\" rows=\"4\" maxlength=\"2000\" class=\"wpcf7-form-control wpcf7-textarea\" aria-invalid=\"false\" placeholder=\"Scr\u00edobh do theachtaireacht anseo le do thoil\" name=\"your-message\"><\/textarea><\/span>\n        <\/div>\n    <\/div>\n\n    <!-- Submit -->\n    <div style=\"width:100%; box-sizing:border-box;\">\n        <input class=\"wpcf7-form-control wpcf7-submit has-spinner btn btn-default\" type=\"submit\" value=\"Seol teachtaireacht chugainn agus faigh luachan\" \/>\n    <\/div>\n\n<\/div><div class=\"wpcf7-response-output\" aria-hidden=\"true\"><\/div>\n<\/form>\n<\/div>\n\n","protected":false},"excerpt":{"rendered":"<div class=\"table-r\">\n<table width=\"100%\">\n<tbody>\n<tr>\n<td width=\"50%\">M\u00fanla:\n<\/td>\n<td width=\"50%\">RDJ-175<\/td>\n<\/tr>\n<tr>\n<td width=\"50%\">uas. r\u00f3pa sreang:<\/td>\n<td width=\"50%\">55mm<\/td>\n<\/tr>\n<tr>\n<td width=\"50%\">Cumhacht:\n<\/td>\n<td width=\"50%\">175KW<\/td>\n<\/tr>\n<tr>\n<td width=\"50%\">Tois\u00ed:\n<\/td>\n<td width=\"50%\">1100mm*640mm*1500mm<\/td>\n<\/tr>\n<tr>\n<td width=\"50%\">Me\u00e1chan:\n<\/td>\n<td width=\"50%\">750kg<\/td>\n<\/tr>\n<\/tbody>\n<\/table>\n<p><strong>Teanga ar F\u00e1il:<\/strong>[wpml_language_selector_widget]<\/p>\n[contact-form-7 id=\"055e9b5\" title=\"Contact form 2\"]\n<\/div>\n","protected":false},"featured_media":2855,"comment_status":"open","ping_status":"closed","template":"","meta":[],"product_brand":[],"product_cat":[195],"product_tag":[342],"class_list":{"0":"post-2854","1":"product","2":"type-product","3":"status-publish","4":"has-post-thumbnail","6":"product_cat-wire-rope-annealing-machine","7":"product_tag-wire-rope-annealing-machine","9":"first","10":"instock","11":"taxable","12":"shipping-taxable","13":"product-type-simple"},"yoast_head":"<!-- This site is optimized with the Yoast SEO plugin v26.8 - https:\/\/yoast.com\/product\/yoast-seo-wordpress\/ -->\n<title>Meais\u00edn annealing r\u00f3pa sreang 55mm<\/title>\n<meta name=\"description\" content=\"Meais\u00edn annealing r\u00f3pa sreang le haghaidh r\u00f3pa sreang 22-55mm. Is f\u00e9idir leis an meais\u00edn oibri\u00fa le ch\u00e9ile le sceite deataigh. Is f\u00e9idir raon t\u00e9ad sreang eile a dh\u00e9anamh de r\u00e9ir mar a iarrtar.\" \/>\n<meta name=\"robots\" content=\"index, follow, max-snippet:-1, max-image-preview:large, max-video-preview:-1\" \/>\n<link rel=\"canonical\" href=\"https:\/\/zunzz.com\/ga\/product\/wire-rope-annealing-machine\/\" \/>\n<meta property=\"og:locale\" content=\"ga_IE\" \/>\n<meta property=\"og:type\" content=\"article\" \/>\n<meta property=\"og:title\" content=\"Meais\u00edn annealing r\u00f3pa sreang 55mm\" \/>\n<meta property=\"og:description\" content=\"Meais\u00edn annealing r\u00f3pa sreang le haghaidh r\u00f3pa sreang 22-55mm. Is f\u00e9idir leis an meais\u00edn oibri\u00fa le ch\u00e9ile le sceite deataigh. Is f\u00e9idir raon t\u00e9ad sreang eile a dh\u00e9anamh de r\u00e9ir mar a iarrtar.\" \/>\n<meta property=\"og:url\" content=\"https:\/\/zunzz.com\/ga\/product\/wire-rope-annealing-machine\/\" \/>\n<meta property=\"og:site_name\" content=\"Zunzz Wire Rope Sling Machine Company\" \/>\n<meta property=\"article:modified_time\" content=\"2025-12-14T03:21:45+00:00\" \/>\n<meta property=\"og:image\" content=\"https:\/\/zunzz.com\/wp-content\/uploads\/2023\/09\/Wire-Rope-Annealing-Machine-55mm-2.webp\" \/>\n\t<meta property=\"og:image:width\" content=\"1000\" \/>\n\t<meta property=\"og:image:height\" content=\"1000\" \/>\n\t<meta property=\"og:image:type\" content=\"image\/webp\" \/>\n<meta name=\"twitter:card\" content=\"summary_large_image\" \/>\n<meta name=\"twitter:label1\" content=\"Est. reading time\" \/>\n\t<meta name=\"twitter:data1\" content=\"5 minutes\" \/>\n<script type=\"application\/ld+json\" class=\"yoast-schema-graph\">{\"@context\":\"https:\/\/schema.org\",\"@graph\":[{\"@type\":\"WebPage\",\"@id\":\"https:\/\/zunzz.com\/ga\/product\/wire-rope-annealing-machine\/\",\"url\":\"https:\/\/zunzz.com\/ga\/product\/wire-rope-annealing-machine\/\",\"name\":\"Meais\u00edn annealing r\u00f3pa sreang 55mm\",\"isPartOf\":{\"@id\":\"https:\/\/zunzz.com\/ga\/#website\"},\"primaryImageOfPage\":{\"@id\":\"https:\/\/zunzz.com\/ga\/product\/wire-rope-annealing-machine\/#primaryimage\"},\"image\":{\"@id\":\"https:\/\/zunzz.com\/ga\/product\/wire-rope-annealing-machine\/#primaryimage\"},\"thumbnailUrl\":\"https:\/\/zunzz.com\/wp-content\/uploads\/2023\/09\/Wire-Rope-Annealing-Machine-55mm-2.webp\",\"datePublished\":\"2025-12-13T02:04:06+00:00\",\"dateModified\":\"2025-12-14T03:21:45+00:00\",\"description\":\"Meais\u00edn annealing r\u00f3pa sreang le haghaidh r\u00f3pa sreang 22-55mm. Is f\u00e9idir leis an meais\u00edn oibri\u00fa le ch\u00e9ile le sceite deataigh. Is f\u00e9idir raon t\u00e9ad sreang eile a dh\u00e9anamh de r\u00e9ir mar a iarrtar.\",\"breadcrumb\":{\"@id\":\"https:\/\/zunzz.com\/ga\/product\/wire-rope-annealing-machine\/#breadcrumb\"},\"inLanguage\":\"ga-IE\",\"potentialAction\":[{\"@type\":\"ReadAction\",\"target\":[\"https:\/\/zunzz.com\/ga\/product\/wire-rope-annealing-machine\/\"]}]},{\"@type\":\"ImageObject\",\"inLanguage\":\"ga-IE\",\"@id\":\"https:\/\/zunzz.com\/ga\/product\/wire-rope-annealing-machine\/#primaryimage\",\"url\":\"https:\/\/zunzz.com\/wp-content\/uploads\/2023\/09\/Wire-Rope-Annealing-Machine-55mm-2.webp\",\"contentUrl\":\"https:\/\/zunzz.com\/wp-content\/uploads\/2023\/09\/Wire-Rope-Annealing-Machine-55mm-2.webp\",\"width\":1000,\"height\":1000,\"caption\":\"Meais\u00edn annealing r\u00f3pa sreang 55mm-2\"},{\"@type\":\"BreadcrumbList\",\"@id\":\"https:\/\/zunzz.com\/ga\/product\/wire-rope-annealing-machine\/#breadcrumb\",\"itemListElement\":[{\"@type\":\"ListItem\",\"position\":1,\"name\":\"Home\",\"item\":\"https:\/\/zunzz.com\/ga\/home\/\"},{\"@type\":\"ListItem\",\"position\":2,\"name\":\"Shop\",\"item\":\"https:\/\/zunzz.com\/bg\/shop\/\"},{\"@type\":\"ListItem\",\"position\":3,\"name\":\"Meais\u00edn annealing r\u00f3pa sreang 55mm\"}]},{\"@type\":\"WebSite\",\"@id\":\"https:\/\/zunzz.com\/ga\/#website\",\"url\":\"https:\/\/zunzz.com\/ga\/\",\"name\":\"Zunzz Wire Rope Sling Machine Company\",\"description\":\"Zunzz Wire Rope Sling Machine Company is a leading manufacturer of wire rope sling machines and related products.\",\"publisher\":{\"@id\":\"https:\/\/zunzz.com\/ga\/#organization\"},\"potentialAction\":[{\"@type\":\"SearchAction\",\"target\":{\"@type\":\"EntryPoint\",\"urlTemplate\":\"https:\/\/zunzz.com\/ga\/?s={search_term_string}\"},\"query-input\":{\"@type\":\"PropertyValueSpecification\",\"valueRequired\":true,\"valueName\":\"search_term_string\"}}],\"inLanguage\":\"ga-IE\"},{\"@type\":\"Organization\",\"@id\":\"https:\/\/zunzz.com\/ga\/#organization\",\"name\":\"Zunzz Wire Rope Sling Machine Company\",\"url\":\"https:\/\/zunzz.com\/ga\/\",\"logo\":{\"@type\":\"ImageObject\",\"inLanguage\":\"ga-IE\",\"@id\":\"https:\/\/zunzz.com\/ga\/#\/schema\/logo\/image\/\",\"url\":\"https:\/\/zunzz.com\/wp-content\/uploads\/2023\/09\/Logo.png\",\"contentUrl\":\"https:\/\/zunzz.com\/wp-content\/uploads\/2023\/09\/Logo.png\",\"width\":171,\"height\":133,\"caption\":\"Zunzz Wire Rope Sling Machine Company\"},\"image\":{\"@id\":\"https:\/\/zunzz.com\/ga\/#\/schema\/logo\/image\/\"}}]}<\/script>\n<!-- \/ Yoast SEO plugin. -->","yoast_head_json":{"title":"Meais\u00edn annealing r\u00f3pa sreang 55mm","description":"Meais\u00edn annealing r\u00f3pa sreang le haghaidh r\u00f3pa sreang 22-55mm. Is f\u00e9idir leis an meais\u00edn oibri\u00fa le ch\u00e9ile le sceite deataigh. Is f\u00e9idir raon t\u00e9ad sreang eile a dh\u00e9anamh de r\u00e9ir mar a iarrtar.","robots":{"index":"index","follow":"follow","max-snippet":"max-snippet:-1","max-image-preview":"max-image-preview:large","max-video-preview":"max-video-preview:-1"},"canonical":"https:\/\/zunzz.com\/ga\/product\/wire-rope-annealing-machine\/","og_locale":"ga_IE","og_type":"article","og_title":"Meais\u00edn annealing r\u00f3pa sreang 55mm","og_description":"Meais\u00edn annealing r\u00f3pa sreang le haghaidh r\u00f3pa sreang 22-55mm. Is f\u00e9idir leis an meais\u00edn oibri\u00fa le ch\u00e9ile le sceite deataigh. Is f\u00e9idir raon t\u00e9ad sreang eile a dh\u00e9anamh de r\u00e9ir mar a iarrtar.","og_url":"https:\/\/zunzz.com\/ga\/product\/wire-rope-annealing-machine\/","og_site_name":"Zunzz Wire Rope Sling Machine Company","article_modified_time":"2025-12-14T03:21:45+00:00","og_image":[{"width":1000,"height":1000,"url":"https:\/\/zunzz.com\/wp-content\/uploads\/2023\/09\/Wire-Rope-Annealing-Machine-55mm-2.webp","type":"image\/webp"}],"twitter_card":"summary_large_image","twitter_misc":{"Est. reading time":"5 minutes"},"schema":{"@context":"https:\/\/schema.org","@graph":[{"@type":"WebPage","@id":"https:\/\/zunzz.com\/ga\/product\/wire-rope-annealing-machine\/","url":"https:\/\/zunzz.com\/ga\/product\/wire-rope-annealing-machine\/","name":"Meais\u00edn annealing r\u00f3pa sreang 55mm","isPartOf":{"@id":"https:\/\/zunzz.com\/ga\/#website"},"primaryImageOfPage":{"@id":"https:\/\/zunzz.com\/ga\/product\/wire-rope-annealing-machine\/#primaryimage"},"image":{"@id":"https:\/\/zunzz.com\/ga\/product\/wire-rope-annealing-machine\/#primaryimage"},"thumbnailUrl":"https:\/\/zunzz.com\/wp-content\/uploads\/2023\/09\/Wire-Rope-Annealing-Machine-55mm-2.webp","datePublished":"2025-12-13T02:04:06+00:00","dateModified":"2025-12-14T03:21:45+00:00","description":"Meais\u00edn annealing r\u00f3pa sreang le haghaidh r\u00f3pa sreang 22-55mm. Is f\u00e9idir leis an meais\u00edn oibri\u00fa le ch\u00e9ile le sceite deataigh. Is f\u00e9idir raon t\u00e9ad sreang eile a dh\u00e9anamh de r\u00e9ir mar a iarrtar.","breadcrumb":{"@id":"https:\/\/zunzz.com\/ga\/product\/wire-rope-annealing-machine\/#breadcrumb"},"inLanguage":"ga-IE","potentialAction":[{"@type":"ReadAction","target":["https:\/\/zunzz.com\/ga\/product\/wire-rope-annealing-machine\/"]}]},{"@type":"ImageObject","inLanguage":"ga-IE","@id":"https:\/\/zunzz.com\/ga\/product\/wire-rope-annealing-machine\/#primaryimage","url":"https:\/\/zunzz.com\/wp-content\/uploads\/2023\/09\/Wire-Rope-Annealing-Machine-55mm-2.webp","contentUrl":"https:\/\/zunzz.com\/wp-content\/uploads\/2023\/09\/Wire-Rope-Annealing-Machine-55mm-2.webp","width":1000,"height":1000,"caption":"Meais\u00edn annealing r\u00f3pa sreang 55mm-2"},{"@type":"BreadcrumbList","@id":"https:\/\/zunzz.com\/ga\/product\/wire-rope-annealing-machine\/#breadcrumb","itemListElement":[{"@type":"ListItem","position":1,"name":"Home","item":"https:\/\/zunzz.com\/ga\/home\/"},{"@type":"ListItem","position":2,"name":"Shop","item":"https:\/\/zunzz.com\/bg\/shop\/"},{"@type":"ListItem","position":3,"name":"Meais\u00edn annealing r\u00f3pa sreang 55mm"}]},{"@type":"WebSite","@id":"https:\/\/zunzz.com\/ga\/#website","url":"https:\/\/zunzz.com\/ga\/","name":"Zunzz Wire Rope Sling Machine Company","description":"Zunzz Wire Rope Sling Machine Company is a leading manufacturer of wire rope sling machines and related products.","publisher":{"@id":"https:\/\/zunzz.com\/ga\/#organization"},"potentialAction":[{"@type":"SearchAction","target":{"@type":"EntryPoint","urlTemplate":"https:\/\/zunzz.com\/ga\/?s={search_term_string}"},"query-input":{"@type":"PropertyValueSpecification","valueRequired":true,"valueName":"search_term_string"}}],"inLanguage":"ga-IE"},{"@type":"Organization","@id":"https:\/\/zunzz.com\/ga\/#organization","name":"Zunzz Wire Rope Sling Machine Company","url":"https:\/\/zunzz.com\/ga\/","logo":{"@type":"ImageObject","inLanguage":"ga-IE","@id":"https:\/\/zunzz.com\/ga\/#\/schema\/logo\/image\/","url":"https:\/\/zunzz.com\/wp-content\/uploads\/2023\/09\/Logo.png","contentUrl":"https:\/\/zunzz.com\/wp-content\/uploads\/2023\/09\/Logo.png","width":171,"height":133,"caption":"Zunzz Wire Rope Sling Machine Company"},"image":{"@id":"https:\/\/zunzz.com\/ga\/#\/schema\/logo\/image\/"}}]}},"_links":{"self":[{"href":"https:\/\/zunzz.com\/ga\/wp-json\/wp\/v2\/product\/2854","targetHints":{"allow":["GET"]}}],"collection":[{"href":"https:\/\/zunzz.com\/ga\/wp-json\/wp\/v2\/product"}],"about":[{"href":"https:\/\/zunzz.com\/ga\/wp-json\/wp\/v2\/types\/product"}],"replies":[{"embeddable":true,"href":"https:\/\/zunzz.com\/ga\/wp-json\/wp\/v2\/comments?post=2854"}],"wp:featuredmedia":[{"embeddable":true,"href":"https:\/\/zunzz.com\/ga\/wp-json\/wp\/v2\/media\/2855"}],"wp:attachment":[{"href":"https:\/\/zunzz.com\/ga\/wp-json\/wp\/v2\/media?parent=2854"}],"wp:term":[{"taxonomy":"product_brand","embeddable":true,"href":"https:\/\/zunzz.com\/ga\/wp-json\/wp\/v2\/product_brand?post=2854"},{"taxonomy":"product_cat","embeddable":true,"href":"https:\/\/zunzz.com\/ga\/wp-json\/wp\/v2\/product_cat?post=2854"},{"taxonomy":"product_tag","embeddable":true,"href":"https:\/\/zunzz.com\/ga\/wp-json\/wp\/v2\/product_tag?post=2854"}],"curies":[{"name":"wp","href":"https:\/\/api.w.org\/{rel}","templated":true}]}}