{"id":2591,"date":"2023-09-22T02:36:31","date_gmt":"2023-09-22T02:36:31","guid":{"rendered":"https:\/\/zunzz.com\/product\/meaisin-tastala-teanntachta-hiodralacha-200t\/"},"modified":"2025-04-29T03:39:24","modified_gmt":"2025-04-29T03:39:24","slug":"hydraulic-tensile-testing-machine","status":"publish","type":"product","link":"https:\/\/zunzz.com\/ga\/product\/hydraulic-tensile-testing-machine\/","title":{"rendered":"Meais\u00edn T\u00e1st\u00e1la Teanntachta Hiodr\u00e1lacha 200T"},"content":{"rendered":"<h2>1. Meais\u00edn T\u00e1st\u00e1la Teanntachta Hiodr\u00e1lacha<\/h2>\n<p>D\u00e9anann <strong>meais\u00edn hiodr\u00e1lach t\u00e1st\u00e1la teannais<\/strong> t\u00e1st\u00e1il ar r\u00f3pa sreinge, slabhra r\u00f3pa sreinge, sling fabraice, cr\u00faca, slabhra agus mar sin de. \u00das\u00e1idtear go forleathan \u00e9 i r\u00e9ims\u00ed cos\u00fail le longth\u00f3g\u00e1il, t\u00f3g\u00e1il, leictreachas, ardaitheoireacht agus tarrth\u00e1il chun s\u00e1bh\u00e1ilteacht agus iontaofacht na bhfeisteas ardaithe a chinnti\u00fa.<\/p>\n<p>Is f\u00e9idir an tuarasc\u00e1il t\u00e1st\u00e1la a phriont\u00e1il.<\/p>\n<p><strong>R\u00e9amhch\u00faraim\u00ed S\u00e1bh\u00e1ilteachta:<\/strong> Sula nd\u00e9antar t\u00e1st\u00e1il, seice\u00e1il an bhfuil an daingne\u00e1n ceangailte go daingean chun sleamhn\u00fa a sheachaint. T\u00e1 r\u00f3-ualach toirmiscthe go docht chun dam\u00e1iste trealaimh n\u00f3 d\u00edobh\u00e1il phearsanra a chosc. Calabraigh braiteoir\u00ed go rialta chun cruinneas na sonra\u00ed a chinnti\u00fa.<\/p>\n<p><strong>pr\u00edomhfheidhm<\/strong><\/p>\n<p>T\u00e1st\u00e1il teanntachta: tomhais an neart teanntachta uasta (neart briste) den rig\u00edn.<br \/>\nT\u00e1st\u00e1il ualaigh: Insamhladh uala\u00ed oibre iarbh\u00edr chun cumas ualaigh an rig\u00edn a fh\u00edor\u00fa.<br \/>\nT\u00e1st\u00e1il fad\u00fa: Taifead c\u00e9im d\u00edfhoirmithe an \u00e1bhair faoi theannas.<br \/>\nT\u00e1st\u00e1il marthanachta: lucht\u00fa ar\u00eds agus ar\u00eds eile chun saolr\u00e9 tuirse a th\u00e1st\u00e1il.<br \/>\nT\u00e1st\u00e1il statach\/dinimici\u00fail: Roghnaigh modhanna t\u00e1st\u00e1la \u00e9ags\u00fala bunaithe ar riachtanais.<\/p>\n<p><img fetchpriority=\"high\" decoding=\"async\" class=\"alignnone wp-image-383 size-full\" src=\"https:\/\/zunzz.com\/wp-content\/uploads\/2023\/09\/Hydraulic-Tensile-Testing-Machine-2.webp\" alt=\"Meais\u00edn T\u00e1st\u00e1la Hiodr\u00e1lacha-Teanntachta-2\" width=\"1000\" height=\"1267\" srcset=\"https:\/\/zunzz.com\/wp-content\/uploads\/2023\/09\/Hydraulic-Tensile-Testing-Machine-2.webp 1000w, https:\/\/zunzz.com\/wp-content\/uploads\/2023\/09\/Hydraulic-Tensile-Testing-Machine-2-237x300.webp 237w, https:\/\/zunzz.com\/wp-content\/uploads\/2023\/09\/Hydraulic-Tensile-Testing-Machine-2-808x1024.webp 808w, https:\/\/zunzz.com\/wp-content\/uploads\/2023\/09\/Hydraulic-Tensile-Testing-Machine-2-768x973.webp 768w, https:\/\/zunzz.com\/wp-content\/uploads\/2023\/09\/Hydraulic-Tensile-Testing-Machine-2-700x887.webp 700w, https:\/\/zunzz.com\/wp-content\/uploads\/2023\/09\/Hydraulic-Tensile-Testing-Machine-2-600x760.webp 600w\" sizes=\"(max-width: 1000px) 100vw, 1000px\" \/><\/p>\n<h2>2. Paraim\u00e9adair theicni\u00fala<\/h2>\n<div class=\"table-r\">\n<table width=\"100%\">\n<tbody>\n<tr>\n<td width=\"50%\">uas. br\u00fa luchtaithe<\/td>\n<td width=\"50%\">63 Mpa<\/td>\n<\/tr>\n<tr>\n<td width=\"50%\">uas. Gluaiseacht loine<\/td>\n<td width=\"50%\">1500mm<\/td>\n<\/tr>\n<tr>\n<td width=\"50%\">Luas tarraingthe amach an loine<\/td>\n<td width=\"50%\">8 mm\/soic<\/td>\n<\/tr>\n<tr>\n<td width=\"50%\">Luas luchtaithe an loine<\/td>\n<td width=\"50%\">2 mm\/soic<\/td>\n<\/tr>\n<tr>\n<td width=\"50%\">Luas siar an loine<\/td>\n<td width=\"50%\">10mm\/soic<\/td>\n<\/tr>\n<tr>\n<td width=\"50%\">Tolerance of Pull Testing Precision<\/td>\n<td width=\"50%\">\u22641%<\/td>\n<\/tr>\n<tr>\n<td width=\"50%\">Caoinfhulaingt Beachtas D\u00edl\u00e1ithrithe<\/td>\n<td width=\"50%\">\u22641%<\/td>\n<\/tr>\n<tr>\n<td width=\"50%\">Caoinfhulaingt maidir le Beachtas luchtaithe statach<\/td>\n<td width=\"50%\">\u22641%<\/td>\n<\/tr>\n<tr>\n<td width=\"50%\">Leibh\u00e9al Torainn<\/td>\n<td width=\"50%\">\u226470dB<\/td>\n<\/tr>\n<tr>\n<td width=\"50%\">Modh rialaithe<\/td>\n<td width=\"50%\">R\u00edomhaire<\/td>\n<\/tr>\n<tr>\n<td width=\"50%\">Cl\u00fadach Cosanta Uathoibr\u00edoch<\/td>\n<td width=\"50%\">Ar F\u00e1il<\/td>\n<\/tr>\n<\/tbody>\n<\/table>\n<p>&nbsp;<\/p>\n<p><iframe title=\"test bench for wire rope, websling, chain and so on testing.\" width=\"1060\" height=\"596\" src=\"https:\/\/www.youtube.com\/embed\/vC5deAoKkuU?feature=oembed\" frameborder=\"0\" allow=\"accelerometer; autoplay; clipboard-write; encrypted-media; gyroscope; picture-in-picture; web-share\" referrerpolicy=\"strict-origin-when-cross-origin\" allowfullscreen><\/iframe><\/p>\n<h2>3. Na bunt\u00e1ist\u00ed a bhaineann leis an leaba t\u00e1st\u00e1la<\/h2>\n<p>1. Tr\u00ed idirghn\u00edomha\u00edocht dhaonna-r\u00edomhaire a \u00fas\u00e1id chun t\u00e1scair\u00ed feidhm\u00edochta meicni\u00fala na n-\u00e1bhar t\u00e1st\u00e1la a anail\u00edsi\u00fa agus a r\u00edomh, r\u00edomhtar an f\u00f3rsa teanntachta go huathoibr\u00edoch ag deireadh an turgnaimh. Ar bhonn anail\u00edse uathoibr\u00edoch, is f\u00e9idir na tortha\u00ed anail\u00edse a cheart\u00fa de l\u00e1imh freisin chun cruinneas na hanail\u00edse a fheabhs\u00fa.<\/p>\n<p>2. Is f\u00e9idir cuartha \u00e9ags\u00fala a rial\u00fa amhail d\u00edfhoirmi\u00fa f\u00f3rsa, d\u00edl\u00e1ithri\u00fa f\u00f3rsa, am f\u00f3rsa, str\u00e1in struis, am d\u00edfhoirmithe, am d\u00edl\u00e1ithrithe;<\/p>\n<p>3. Aimpli\u00fa p\u00e1irteach ar chuair turgnamhacha agus compar\u00e1id idir forleaganacha cuar iolracha;<\/p>\n<p>4. T\u00e1 modh rialaithe uathoibr\u00edoch ag an modh rialaithe. Is modh servo oibr\u00edocht ioml\u00e1n digiteach \u00e9 an rial\u00fa uathoibr\u00edoch, le dh\u00e1 mhodh chun coinn\u00edollacha t\u00e1st\u00e1la a shocr\u00fa: rial\u00fa ioml\u00e1n uathoibr\u00edoch agus rial\u00fa r\u00edomhchl\u00e1raithe idirphl\u00e9 daonna-meais\u00edn.<\/p>\n<p>5. Il\u00fas\u00e1id\u00ed: is f\u00e9idir t\u00e1st\u00e1lacha teanntachta, cuimilte agus t\u00e1st\u00e1lacha eile a dh\u00e9anamh ar mhiotal, neamh-mhiotal agus comhph\u00e1irteanna. Is f\u00e9idir leis caighde\u00e1in modhanna t\u00e1st\u00e1la \u00e9ags\u00fala a chomhl\u00edonadh, mar shampla ISO agus GB.<\/p>\n<p>6. Glacann an fhoinse ola dearadh ci\u00fain, at\u00e1 neamhdh\u00edobh\u00e1lach don chomhshaol agus at\u00e1 furasta le h\u00fas\u00e1id, rud a laghda\u00edonn tomhaltas fuinnimh, a laghda\u00edonn gini\u00faint teasa, agus a chosna\u00edonn an ciorcad ola;<\/p>\n<p>7. N\u00edl aon dul as meais\u00edn\u00ed t\u00e1st\u00e1la a \u00fas\u00e1ideann pr\u00f3ise\u00e1laithe eile maidir le h\u00fas\u00e1id ardluais, ard-chomhth\u00e1th\u00fa, rial\u00fa cumhachtach, cumais phr\u00f3ise\u00e1la sonra\u00ed, agus ard-iontaofachta.<\/p>\n<p>&nbsp;<\/p>\n<\/div>\n<p><img decoding=\"async\" class=\"alignnone wp-image-385 size-full\" src=\"https:\/\/zunzz.com\/wp-content\/uploads\/2023\/09\/Hydraulic-Tensile-Testing-Machine-4.webp\" alt=\"Meais\u00edn T\u00e1st\u00e1la Hiodr\u00e1lacha-Teanntachta-4\" width=\"1000\" height=\"800\" srcset=\"https:\/\/zunzz.com\/wp-content\/uploads\/2023\/09\/Hydraulic-Tensile-Testing-Machine-4.webp 1000w, https:\/\/zunzz.com\/wp-content\/uploads\/2023\/09\/Hydraulic-Tensile-Testing-Machine-4-300x240.webp 300w, https:\/\/zunzz.com\/wp-content\/uploads\/2023\/09\/Hydraulic-Tensile-Testing-Machine-4-768x614.webp 768w, https:\/\/zunzz.com\/wp-content\/uploads\/2023\/09\/Hydraulic-Tensile-Testing-Machine-4-700x560.webp 700w, https:\/\/zunzz.com\/wp-content\/uploads\/2023\/09\/Hydraulic-Tensile-Testing-Machine-4-600x480.webp 600w\" sizes=\"(max-width: 1000px) 100vw, 1000px\" \/> <img decoding=\"async\" class=\"alignnone wp-image-384 size-full\" src=\"https:\/\/zunzz.com\/wp-content\/uploads\/2023\/09\/Hydraulic-Tensile-Testing-Machine-3.webp\" alt=\"Meais\u00edn T\u00e1st\u00e1la Hiodr\u00e1lacha-Teanntachta-3\" width=\"1000\" height=\"1267\" srcset=\"https:\/\/zunzz.com\/wp-content\/uploads\/2023\/09\/Hydraulic-Tensile-Testing-Machine-3.webp 1000w, https:\/\/zunzz.com\/wp-content\/uploads\/2023\/09\/Hydraulic-Tensile-Testing-Machine-3-237x300.webp 237w, https:\/\/zunzz.com\/wp-content\/uploads\/2023\/09\/Hydraulic-Tensile-Testing-Machine-3-808x1024.webp 808w, https:\/\/zunzz.com\/wp-content\/uploads\/2023\/09\/Hydraulic-Tensile-Testing-Machine-3-768x973.webp 768w, https:\/\/zunzz.com\/wp-content\/uploads\/2023\/09\/Hydraulic-Tensile-Testing-Machine-3-700x887.webp 700w, https:\/\/zunzz.com\/wp-content\/uploads\/2023\/09\/Hydraulic-Tensile-Testing-Machine-3-600x760.webp 600w\" sizes=\"(max-width: 1000px) 100vw, 1000px\" \/> <img loading=\"lazy\" decoding=\"async\" class=\"alignnone wp-image-382 \" src=\"https:\/\/zunzz.com\/wp-content\/uploads\/2023\/09\/Hydraulic-Tensile-Testing-Machine-1.webp\" alt=\"Meais\u00edn T\u00e1st\u00e1la Hiodr\u00e1lacha-Teanntachta-1\" width=\"1000\" height=\"1000\" srcset=\"https:\/\/zunzz.com\/wp-content\/uploads\/2023\/09\/Hydraulic-Tensile-Testing-Machine-1.webp 988w, https:\/\/zunzz.com\/wp-content\/uploads\/2023\/09\/Hydraulic-Tensile-Testing-Machine-1-300x300.webp 300w, https:\/\/zunzz.com\/wp-content\/uploads\/2023\/09\/Hydraulic-Tensile-Testing-Machine-1-150x150.webp 150w, https:\/\/zunzz.com\/wp-content\/uploads\/2023\/09\/Hydraulic-Tensile-Testing-Machine-1-768x768.webp 768w, https:\/\/zunzz.com\/wp-content\/uploads\/2023\/09\/Hydraulic-Tensile-Testing-Machine-1-570x570.webp 570w, https:\/\/zunzz.com\/wp-content\/uploads\/2023\/09\/Hydraulic-Tensile-Testing-Machine-1-500x500.webp 500w, https:\/\/zunzz.com\/wp-content\/uploads\/2023\/09\/Hydraulic-Tensile-Testing-Machine-1-700x700.webp 700w, https:\/\/zunzz.com\/wp-content\/uploads\/2023\/09\/Hydraulic-Tensile-Testing-Machine-1-650x650.webp 650w, https:\/\/zunzz.com\/wp-content\/uploads\/2023\/09\/Hydraulic-Tensile-Testing-Machine-1-600x600.webp 600w, https:\/\/zunzz.com\/wp-content\/uploads\/2023\/09\/Hydraulic-Tensile-Testing-Machine-1-100x100.webp 100w\" sizes=\"(max-width: 1000px) 100vw, 1000px\" \/><\/p>\n<h4><span style=\"color: #ff0000;\">T\u00e9igh i dteagmh\u00e1il linn le haghaidh tuilleadh sonra\u00ed, tabharfaimid freagra duit laistigh de 24 uair an chloig<\/span><\/h4>\n<p class=\"wpcf7-contact-form-not-found\"><strong>Error:<\/strong> Contact form not found.<\/p>\n<p>&nbsp;<\/p>\n","protected":false},"excerpt":{"rendered":"<div class=\"table-r\">\n<p>\u00c1ir\u00edtear leis an strucht\u00far bun\u00fasach at\u00e1 ag an <strong>Meais\u00edn T\u00e1st\u00e1la Teanntachta<\/strong> Hiodr\u00e1lach pr\u00edomhfhr\u00e1ma ard-neart, c\u00f3ras luchtaithe hiodr\u00e1lach, c\u00f3ras daingne\u00e1in, c\u00f3ras braiteoir\u00ed, agus c\u00f3ras rialaithe agus baili\u00fach\u00e1in sonra\u00ed. T\u00e1imid ag t\u00e1irgeadh an leaba t\u00e1st\u00e1la leis an acmhainn 100T 200T 300T 600T 1000T agus 2000T. <\/p>\n<table width=\"100%\">\n<tbody>\n<tr>\n<td width=\"50%\">M\u00fanla:\n<\/td>\n<td width=\"50%\">DYWP-2000<\/td>\n<\/tr>\n<tr>\n<td width=\"50%\">uas. Cumas:<\/td>\n<td width=\"50%\">2000 kN<\/td>\n<\/tr>\n<tr>\n<td width=\"50%\">Tois\u00ed Forioml\u00e1na:\n<\/td>\n<td width=\"50%\">25000mm * 1800mm * 900mm<\/td>\n<\/tr>\n<tr>\n<td width=\"50%\">Fad t\u00e1st\u00e1la:\n<\/td>\n<td width=\"50%\">mar a iarrtar<\/td>\n<\/tr>\n<tr>\n<td width=\"50%\">Me\u00e1chan:\n<\/td>\n<td width=\"50%\">20000 KG<\/td>\n<\/tr>\n<tr>\n<td width=\"50%\">Baili\u00fa agus anail\u00eds sonra\u00ed:\n<\/td>\n<td width=\"50%\">Taispe\u00e1ntas f\u00edor-ama ar chuar d\u00edl\u00e1ithrithe teannais agus gini\u00faint uathoibr\u00edoch tuarasc\u00e1la t\u00e1st\u00e1la.<\/td>\n<\/tr>\n<\/tbody>\n<\/table>\n<p><strong>Teanga ar F\u00e1il:<\/strong>[wpml_language_selector_widget]<\/p>\n<p><a class=\"single_add_to_cart_button button alt\" href=\"https:\/\/zunzz.com\/ga\/contact-store\/\" target=\"_blank\" rel=\"noopener noreferrer\">FIOSRACH\u00c1N ANOIS<\/a><\/p>\n<\/div>\n","protected":false},"featured_media":2592,"comment_status":"open","ping_status":"closed","template":"","meta":[],"product_brand":[],"product_cat":[194],"product_tag":[324,325],"class_list":{"0":"post-2591","1":"product","2":"type-product","3":"status-publish","4":"has-post-thumbnail","6":"product_cat-tensile-test-machine","7":"product_tag-tensile-test-machine","8":"product_tag-hydraulic-tensile-test-machine","10":"first","11":"instock","12":"taxable","13":"shipping-taxable","14":"product-type-simple"},"yoast_head":"<!-- This site is optimized with the Yoast SEO plugin v26.8 - https:\/\/yoast.com\/product\/yoast-seo-wordpress\/ -->\n<title>Meais\u00edn T\u00e1st\u00e1la Teanntachta Hiodr\u00e1lacha<\/title>\n<meta name=\"description\" content=\"D\u00e9anann meais\u00edn t\u00e1st\u00e1la teanntachta hiodr\u00e1lach t\u00e1st\u00e1il ar an r\u00f3pa sreang, sling r\u00f3pa sreinge, sling uig\u00ed, du\u00e1n, slabhra.T\u00e1st\u00e1il: t\u00e1st\u00e1il teanntachta\/t\u00e1st\u00e1il luchtaithe statach\/t\u00e1st\u00e1il bhriseadh\" \/>\n<meta name=\"robots\" content=\"index, follow, max-snippet:-1, max-image-preview:large, max-video-preview:-1\" \/>\n<link rel=\"canonical\" href=\"https:\/\/zunzz.com\/ga\/product\/hydraulic-tensile-testing-machine\/\" \/>\n<meta property=\"og:locale\" content=\"ga_IE\" \/>\n<meta property=\"og:type\" content=\"article\" \/>\n<meta property=\"og:title\" content=\"Meais\u00edn T\u00e1st\u00e1la Teanntachta Hiodr\u00e1lacha\" \/>\n<meta property=\"og:description\" content=\"D\u00e9anann meais\u00edn t\u00e1st\u00e1la teanntachta hiodr\u00e1lach t\u00e1st\u00e1il ar an r\u00f3pa sreang, sling r\u00f3pa sreinge, sling uig\u00ed, du\u00e1n, slabhra.T\u00e1st\u00e1il: t\u00e1st\u00e1il teanntachta\/t\u00e1st\u00e1il luchtaithe statach\/t\u00e1st\u00e1il bhriseadh\" \/>\n<meta property=\"og:url\" content=\"https:\/\/zunzz.com\/ga\/product\/hydraulic-tensile-testing-machine\/\" \/>\n<meta property=\"og:site_name\" content=\"Zunzz Wire Rope Sling Machine Company\" \/>\n<meta property=\"article:modified_time\" content=\"2025-04-29T03:39:24+00:00\" \/>\n<meta property=\"og:image\" content=\"https:\/\/zunzz.com\/wp-content\/uploads\/2023\/09\/Hydraulic-Tensile-Testing-Machine-1.webp\" \/>\n\t<meta property=\"og:image:width\" content=\"988\" \/>\n\t<meta property=\"og:image:height\" content=\"988\" \/>\n\t<meta property=\"og:image:type\" content=\"image\/webp\" \/>\n<meta name=\"twitter:card\" content=\"summary_large_image\" \/>\n<meta name=\"twitter:label1\" content=\"Est. reading time\" \/>\n\t<meta name=\"twitter:data1\" content=\"4 minutes\" \/>\n<script type=\"application\/ld+json\" class=\"yoast-schema-graph\">{\"@context\":\"https:\/\/schema.org\",\"@graph\":[{\"@type\":\"WebPage\",\"@id\":\"https:\/\/zunzz.com\/ga\/product\/hydraulic-tensile-testing-machine\/\",\"url\":\"https:\/\/zunzz.com\/ga\/product\/hydraulic-tensile-testing-machine\/\",\"name\":\"Meais\u00edn T\u00e1st\u00e1la Teanntachta Hiodr\u00e1lacha\",\"isPartOf\":{\"@id\":\"https:\/\/zunzz.com\/ga\/#website\"},\"primaryImageOfPage\":{\"@id\":\"https:\/\/zunzz.com\/ga\/product\/hydraulic-tensile-testing-machine\/#primaryimage\"},\"image\":{\"@id\":\"https:\/\/zunzz.com\/ga\/product\/hydraulic-tensile-testing-machine\/#primaryimage\"},\"thumbnailUrl\":\"https:\/\/zunzz.com\/wp-content\/uploads\/2023\/09\/Hydraulic-Tensile-Testing-Machine-1.webp\",\"datePublished\":\"2023-09-22T02:36:31+00:00\",\"dateModified\":\"2025-04-29T03:39:24+00:00\",\"description\":\"D\u00e9anann meais\u00edn t\u00e1st\u00e1la teanntachta hiodr\u00e1lach t\u00e1st\u00e1il ar an r\u00f3pa sreang, sling r\u00f3pa sreinge, sling uig\u00ed, du\u00e1n, slabhra.T\u00e1st\u00e1il: t\u00e1st\u00e1il teanntachta\/t\u00e1st\u00e1il luchtaithe statach\/t\u00e1st\u00e1il bhriseadh\",\"breadcrumb\":{\"@id\":\"https:\/\/zunzz.com\/ga\/product\/hydraulic-tensile-testing-machine\/#breadcrumb\"},\"inLanguage\":\"ga-IE\",\"potentialAction\":[{\"@type\":\"ReadAction\",\"target\":[\"https:\/\/zunzz.com\/ga\/product\/hydraulic-tensile-testing-machine\/\"]}]},{\"@type\":\"ImageObject\",\"inLanguage\":\"ga-IE\",\"@id\":\"https:\/\/zunzz.com\/ga\/product\/hydraulic-tensile-testing-machine\/#primaryimage\",\"url\":\"https:\/\/zunzz.com\/wp-content\/uploads\/2023\/09\/Hydraulic-Tensile-Testing-Machine-1.webp\",\"contentUrl\":\"https:\/\/zunzz.com\/wp-content\/uploads\/2023\/09\/Hydraulic-Tensile-Testing-Machine-1.webp\",\"width\":988,\"height\":988,\"caption\":\"Hydraulic-Tensile-Testing-Machine\"},{\"@type\":\"BreadcrumbList\",\"@id\":\"https:\/\/zunzz.com\/ga\/product\/hydraulic-tensile-testing-machine\/#breadcrumb\",\"itemListElement\":[{\"@type\":\"ListItem\",\"position\":1,\"name\":\"Home\",\"item\":\"https:\/\/zunzz.com\/ga\/home\/\"},{\"@type\":\"ListItem\",\"position\":2,\"name\":\"Shop\",\"item\":\"https:\/\/zunzz.com\/bg\/shop\/\"},{\"@type\":\"ListItem\",\"position\":3,\"name\":\"Meais\u00edn T\u00e1st\u00e1la Teanntachta Hiodr\u00e1lacha 200T\"}]},{\"@type\":\"WebSite\",\"@id\":\"https:\/\/zunzz.com\/ga\/#website\",\"url\":\"https:\/\/zunzz.com\/ga\/\",\"name\":\"Zunzz Wire Rope Sling Machine Company\",\"description\":\"Zunzz Wire Rope Sling Machine Company is a leading manufacturer of wire rope sling machines and related products.\",\"publisher\":{\"@id\":\"https:\/\/zunzz.com\/ga\/#organization\"},\"potentialAction\":[{\"@type\":\"SearchAction\",\"target\":{\"@type\":\"EntryPoint\",\"urlTemplate\":\"https:\/\/zunzz.com\/ga\/?s={search_term_string}\"},\"query-input\":{\"@type\":\"PropertyValueSpecification\",\"valueRequired\":true,\"valueName\":\"search_term_string\"}}],\"inLanguage\":\"ga-IE\"},{\"@type\":\"Organization\",\"@id\":\"https:\/\/zunzz.com\/ga\/#organization\",\"name\":\"Zunzz Wire Rope Sling Machine Company\",\"url\":\"https:\/\/zunzz.com\/ga\/\",\"logo\":{\"@type\":\"ImageObject\",\"inLanguage\":\"ga-IE\",\"@id\":\"https:\/\/zunzz.com\/ga\/#\/schema\/logo\/image\/\",\"url\":\"https:\/\/zunzz.com\/wp-content\/uploads\/2023\/09\/Logo.png\",\"contentUrl\":\"https:\/\/zunzz.com\/wp-content\/uploads\/2023\/09\/Logo.png\",\"width\":171,\"height\":133,\"caption\":\"Zunzz Wire Rope Sling Machine Company\"},\"image\":{\"@id\":\"https:\/\/zunzz.com\/ga\/#\/schema\/logo\/image\/\"}}]}<\/script>\n<!-- \/ Yoast SEO plugin. -->","yoast_head_json":{"title":"Meais\u00edn T\u00e1st\u00e1la Teanntachta Hiodr\u00e1lacha","description":"D\u00e9anann meais\u00edn t\u00e1st\u00e1la teanntachta hiodr\u00e1lach t\u00e1st\u00e1il ar an r\u00f3pa sreang, sling r\u00f3pa sreinge, sling uig\u00ed, du\u00e1n, slabhra.T\u00e1st\u00e1il: t\u00e1st\u00e1il teanntachta\/t\u00e1st\u00e1il luchtaithe statach\/t\u00e1st\u00e1il bhriseadh","robots":{"index":"index","follow":"follow","max-snippet":"max-snippet:-1","max-image-preview":"max-image-preview:large","max-video-preview":"max-video-preview:-1"},"canonical":"https:\/\/zunzz.com\/ga\/product\/hydraulic-tensile-testing-machine\/","og_locale":"ga_IE","og_type":"article","og_title":"Meais\u00edn T\u00e1st\u00e1la Teanntachta Hiodr\u00e1lacha","og_description":"D\u00e9anann meais\u00edn t\u00e1st\u00e1la teanntachta hiodr\u00e1lach t\u00e1st\u00e1il ar an r\u00f3pa sreang, sling r\u00f3pa sreinge, sling uig\u00ed, du\u00e1n, slabhra.T\u00e1st\u00e1il: t\u00e1st\u00e1il teanntachta\/t\u00e1st\u00e1il luchtaithe statach\/t\u00e1st\u00e1il bhriseadh","og_url":"https:\/\/zunzz.com\/ga\/product\/hydraulic-tensile-testing-machine\/","og_site_name":"Zunzz Wire Rope Sling Machine Company","article_modified_time":"2025-04-29T03:39:24+00:00","og_image":[{"width":988,"height":988,"url":"https:\/\/zunzz.com\/wp-content\/uploads\/2023\/09\/Hydraulic-Tensile-Testing-Machine-1.webp","type":"image\/webp"}],"twitter_card":"summary_large_image","twitter_misc":{"Est. reading time":"4 minutes"},"schema":{"@context":"https:\/\/schema.org","@graph":[{"@type":"WebPage","@id":"https:\/\/zunzz.com\/ga\/product\/hydraulic-tensile-testing-machine\/","url":"https:\/\/zunzz.com\/ga\/product\/hydraulic-tensile-testing-machine\/","name":"Meais\u00edn T\u00e1st\u00e1la Teanntachta Hiodr\u00e1lacha","isPartOf":{"@id":"https:\/\/zunzz.com\/ga\/#website"},"primaryImageOfPage":{"@id":"https:\/\/zunzz.com\/ga\/product\/hydraulic-tensile-testing-machine\/#primaryimage"},"image":{"@id":"https:\/\/zunzz.com\/ga\/product\/hydraulic-tensile-testing-machine\/#primaryimage"},"thumbnailUrl":"https:\/\/zunzz.com\/wp-content\/uploads\/2023\/09\/Hydraulic-Tensile-Testing-Machine-1.webp","datePublished":"2023-09-22T02:36:31+00:00","dateModified":"2025-04-29T03:39:24+00:00","description":"D\u00e9anann meais\u00edn t\u00e1st\u00e1la teanntachta hiodr\u00e1lach t\u00e1st\u00e1il ar an r\u00f3pa sreang, sling r\u00f3pa sreinge, sling uig\u00ed, du\u00e1n, slabhra.T\u00e1st\u00e1il: t\u00e1st\u00e1il teanntachta\/t\u00e1st\u00e1il luchtaithe statach\/t\u00e1st\u00e1il bhriseadh","breadcrumb":{"@id":"https:\/\/zunzz.com\/ga\/product\/hydraulic-tensile-testing-machine\/#breadcrumb"},"inLanguage":"ga-IE","potentialAction":[{"@type":"ReadAction","target":["https:\/\/zunzz.com\/ga\/product\/hydraulic-tensile-testing-machine\/"]}]},{"@type":"ImageObject","inLanguage":"ga-IE","@id":"https:\/\/zunzz.com\/ga\/product\/hydraulic-tensile-testing-machine\/#primaryimage","url":"https:\/\/zunzz.com\/wp-content\/uploads\/2023\/09\/Hydraulic-Tensile-Testing-Machine-1.webp","contentUrl":"https:\/\/zunzz.com\/wp-content\/uploads\/2023\/09\/Hydraulic-Tensile-Testing-Machine-1.webp","width":988,"height":988,"caption":"Hydraulic-Tensile-Testing-Machine"},{"@type":"BreadcrumbList","@id":"https:\/\/zunzz.com\/ga\/product\/hydraulic-tensile-testing-machine\/#breadcrumb","itemListElement":[{"@type":"ListItem","position":1,"name":"Home","item":"https:\/\/zunzz.com\/ga\/home\/"},{"@type":"ListItem","position":2,"name":"Shop","item":"https:\/\/zunzz.com\/bg\/shop\/"},{"@type":"ListItem","position":3,"name":"Meais\u00edn T\u00e1st\u00e1la Teanntachta Hiodr\u00e1lacha 200T"}]},{"@type":"WebSite","@id":"https:\/\/zunzz.com\/ga\/#website","url":"https:\/\/zunzz.com\/ga\/","name":"Zunzz Wire Rope Sling Machine Company","description":"Zunzz Wire Rope Sling Machine Company is a leading manufacturer of wire rope sling machines and related products.","publisher":{"@id":"https:\/\/zunzz.com\/ga\/#organization"},"potentialAction":[{"@type":"SearchAction","target":{"@type":"EntryPoint","urlTemplate":"https:\/\/zunzz.com\/ga\/?s={search_term_string}"},"query-input":{"@type":"PropertyValueSpecification","valueRequired":true,"valueName":"search_term_string"}}],"inLanguage":"ga-IE"},{"@type":"Organization","@id":"https:\/\/zunzz.com\/ga\/#organization","name":"Zunzz Wire Rope Sling Machine Company","url":"https:\/\/zunzz.com\/ga\/","logo":{"@type":"ImageObject","inLanguage":"ga-IE","@id":"https:\/\/zunzz.com\/ga\/#\/schema\/logo\/image\/","url":"https:\/\/zunzz.com\/wp-content\/uploads\/2023\/09\/Logo.png","contentUrl":"https:\/\/zunzz.com\/wp-content\/uploads\/2023\/09\/Logo.png","width":171,"height":133,"caption":"Zunzz Wire Rope Sling Machine Company"},"image":{"@id":"https:\/\/zunzz.com\/ga\/#\/schema\/logo\/image\/"}}]}},"_links":{"self":[{"href":"https:\/\/zunzz.com\/ga\/wp-json\/wp\/v2\/product\/2591","targetHints":{"allow":["GET"]}}],"collection":[{"href":"https:\/\/zunzz.com\/ga\/wp-json\/wp\/v2\/product"}],"about":[{"href":"https:\/\/zunzz.com\/ga\/wp-json\/wp\/v2\/types\/product"}],"replies":[{"embeddable":true,"href":"https:\/\/zunzz.com\/ga\/wp-json\/wp\/v2\/comments?post=2591"}],"wp:featuredmedia":[{"embeddable":true,"href":"https:\/\/zunzz.com\/ga\/wp-json\/wp\/v2\/media\/2592"}],"wp:attachment":[{"href":"https:\/\/zunzz.com\/ga\/wp-json\/wp\/v2\/media?parent=2591"}],"wp:term":[{"taxonomy":"product_brand","embeddable":true,"href":"https:\/\/zunzz.com\/ga\/wp-json\/wp\/v2\/product_brand?post=2591"},{"taxonomy":"product_cat","embeddable":true,"href":"https:\/\/zunzz.com\/ga\/wp-json\/wp\/v2\/product_cat?post=2591"},{"taxonomy":"product_tag","embeddable":true,"href":"https:\/\/zunzz.com\/ga\/wp-json\/wp\/v2\/product_tag?post=2591"}],"curies":[{"name":"wp","href":"https:\/\/api.w.org\/{rel}","templated":true}]}}