{"id":2542,"date":"2023-09-22T02:45:05","date_gmt":"2023-09-22T02:45:05","guid":{"rendered":"https:\/\/zunzz.com\/product\/meaisin-coiling-ropa-sreang-5t\/"},"modified":"2023-12-27T04:54:37","modified_gmt":"2023-12-27T04:54:37","slug":"wire-rope-coiling-machine","status":"publish","type":"product","link":"https:\/\/zunzz.com\/ga\/product\/wire-rope-coiling-machine\/","title":{"rendered":"Meais\u00edn coiling r\u00f3pa sreang 5T"},"content":{"rendered":"<h3>1. meais\u00edn coiling r\u00f3pa sreang 5T<\/h3>\n<p>\u00das\u00e1idtear an meais\u00edn coiling r\u00f3pa sreang de ghn\u00e1th le caschl\u00e1r gan m\u00f3tair agus cuntar fad. T\u00e1 cumas luchtaithe 5T ag an meais\u00edn seo. T\u00e1 meais\u00edn cumas 10T 15T againn f\u00f3s.<\/p>\n<h3>2.An Paraim\u00e9adar de mheais\u00edn coiling r\u00f3pa sreang 5T<\/h3>\n<div class=\"table-r\">\n<table width=\"100%\">\n<tbody>\n<tr>\n<td width=\"50%\">Imthaca\u00ed uas.ualach<\/td>\n<td width=\"50%\">5T<\/td>\n<\/tr>\n<tr>\n<td width=\"50%\">Airde<\/td>\n<td width=\"50%\">1000mm<\/td>\n<\/tr>\n<tr>\n<td width=\"50%\">Fad<\/td>\n<td width=\"50%\">1150mm<\/td>\n<\/tr>\n<tr>\n<td width=\"50%\">Trastomhas \u00e9ifeachtach<\/td>\n<td width=\"50%\">1200mm<\/td>\n<\/tr>\n<tr>\n<td width=\"50%\">uas. Trastomhas<\/td>\n<td width=\"50%\">1500mm<\/td>\n<\/tr>\n<tr>\n<td width=\"50%\">Cumhacht<\/td>\n<td width=\"50%\">1.5Kw<\/td>\n<\/tr>\n<tr>\n<td width=\"50%\">Me\u00e1chan<\/td>\n<td width=\"50%\">550Kg<\/td>\n<\/tr>\n<tr>\n<td width=\"50%\">Coigeart\u00fa luais<\/td>\n<td width=\"50%\">Ar f\u00e1il<\/td>\n<\/tr>\n<tr>\n<td width=\"50%\">Luas rothlach \u00edosta<\/td>\n<td width=\"50%\">5 r\/n\u00f3im\u00e9ad<\/td>\n<\/tr>\n<tr>\n<td width=\"50%\">Luas rothlach uasta<\/td>\n<td width=\"50%\">23r\/n\u00f3im\u00e9ad<\/td>\n<\/tr>\n<tr>\n<td width=\"50%\">Voltas agus minic\u00edocht<\/td>\n<td width=\"50%\">Mar iarratas<\/td>\n<\/tr>\n<\/tbody>\n<\/table>\n<p>&nbsp;<\/p>\n<\/div>\n<p><iframe title=\"wire rope coiling machine\" width=\"1060\" height=\"596\" src=\"https:\/\/www.youtube.com\/embed\/vu4QzkZTDEo?feature=oembed\" frameborder=\"0\" allow=\"accelerometer; autoplay; clipboard-write; encrypted-media; gyroscope; picture-in-picture; web-share\" allowfullscreen><\/iframe><\/p>\n<h3>3. Na bunt\u00e1ist\u00ed a bhaineann le meais\u00edn coiling<\/h3>\n<p>T\u00e1 go leor bunt\u00e1ist\u00ed ag baint le meais\u00edn\u00ed glactha uathoibr\u00edoch c\u00e1bla. Ar an gc\u00e9ad dul s\u00edos, is f\u00e9idir leis an d\u00e9ine saothair a bhaineann le c\u00e1bla\u00ed a st\u00f3r\u00e1il de l\u00e1imh a laghd\u00fa go m\u00f3r agus \u00e9ifeacht\u00falacht oibre a fheabhs\u00fa. Ar an dara dul s\u00edos, f\u00e9adann s\u00e9 c\u00e1il\u00edocht st\u00f3r\u00e1la agus saol seirbh\u00edse an ch\u00e1bla a chinnti\u00fa, dam\u00e1iste n\u00f3 truailli\u00fa don ch\u00e1bla a sheachaint. Ina theannta sin, is f\u00e9idir leis freisin scaoileadh tapa agus athch\u00fars\u00e1il c\u00e1bla\u00ed a bhaint amach, rud a fh\u00e1gann go bhfuil s\u00e9 \u00e1isi\u00fail d&#8217;\u00fas\u00e1ideoir\u00ed a \u00fas\u00e1id agus a oibri\u00fa.<\/p>\n<p>I mbeag\u00e1n focal, is gl\u00e9as an-phraitici\u00fail \u00e9 an meais\u00edn glactha uathoibr\u00edoch c\u00e1bla is f\u00e9idir a \u00fas\u00e1id go forleathan i gc\u00e1sanna \u00e9ags\u00fala nuair is g\u00e1 c\u00e1bla\u00ed a st\u00f3r\u00e1il agus a bhainisti\u00fa. Le dul chun cinn lean\u00fanach na teicneola\u00edochta agus an t-\u00e9ileamh at\u00e1 ag m\u00e9ad\u00fa ar iarratais, creidimid go nd\u00e9anfar a fheidhm\u00edocht agus a ch\u00e1il\u00edocht a fheabhs\u00fa agus a fheabhs\u00fa go lean\u00fanach freisin.<\/p>\n<p><img fetchpriority=\"high\" decoding=\"async\" class=\"alignnone wp-image-388 size-full\" src=\"https:\/\/zunzz.com\/wp-content\/uploads\/2023\/09\/Wire-Rope-Coiling-Machine-5T-1.webp\" alt=\"Meais\u00edn Coiling Rope Wire 5T-1\" width=\"1000\" height=\"1000\" srcset=\"https:\/\/zunzz.com\/wp-content\/uploads\/2023\/09\/Wire-Rope-Coiling-Machine-5T-1.webp 1000w, https:\/\/zunzz.com\/wp-content\/uploads\/2023\/09\/Wire-Rope-Coiling-Machine-5T-1-300x300.webp 300w, https:\/\/zunzz.com\/wp-content\/uploads\/2023\/09\/Wire-Rope-Coiling-Machine-5T-1-150x150.webp 150w, https:\/\/zunzz.com\/wp-content\/uploads\/2023\/09\/Wire-Rope-Coiling-Machine-5T-1-768x768.webp 768w, https:\/\/zunzz.com\/wp-content\/uploads\/2023\/09\/Wire-Rope-Coiling-Machine-5T-1-570x570.webp 570w, https:\/\/zunzz.com\/wp-content\/uploads\/2023\/09\/Wire-Rope-Coiling-Machine-5T-1-500x500.webp 500w, https:\/\/zunzz.com\/wp-content\/uploads\/2023\/09\/Wire-Rope-Coiling-Machine-5T-1-700x700.webp 700w, https:\/\/zunzz.com\/wp-content\/uploads\/2023\/09\/Wire-Rope-Coiling-Machine-5T-1-650x650.webp 650w, https:\/\/zunzz.com\/wp-content\/uploads\/2023\/09\/Wire-Rope-Coiling-Machine-5T-1-600x600.webp 600w, https:\/\/zunzz.com\/wp-content\/uploads\/2023\/09\/Wire-Rope-Coiling-Machine-5T-1-100x100.webp 100w\" sizes=\"(max-width: 1000px) 100vw, 1000px\" \/> <img decoding=\"async\" class=\"alignnone wp-image-389 size-full\" src=\"https:\/\/zunzz.com\/wp-content\/uploads\/2023\/09\/Wire-Rope-Coiling-Machine-5T-2.webp\" alt=\"Meais\u00edn Coiling Rope Wire 5T-2\" width=\"1000\" height=\"750\" srcset=\"https:\/\/zunzz.com\/wp-content\/uploads\/2023\/09\/Wire-Rope-Coiling-Machine-5T-2.webp 1000w, https:\/\/zunzz.com\/wp-content\/uploads\/2023\/09\/Wire-Rope-Coiling-Machine-5T-2-300x225.webp 300w, https:\/\/zunzz.com\/wp-content\/uploads\/2023\/09\/Wire-Rope-Coiling-Machine-5T-2-768x576.webp 768w, https:\/\/zunzz.com\/wp-content\/uploads\/2023\/09\/Wire-Rope-Coiling-Machine-5T-2-800x600.webp 800w, https:\/\/zunzz.com\/wp-content\/uploads\/2023\/09\/Wire-Rope-Coiling-Machine-5T-2-700x525.webp 700w, https:\/\/zunzz.com\/wp-content\/uploads\/2023\/09\/Wire-Rope-Coiling-Machine-5T-2-600x450.webp 600w\" sizes=\"(max-width: 1000px) 100vw, 1000px\" \/> <img decoding=\"async\" class=\"alignnone wp-image-390 size-full\" src=\"https:\/\/zunzz.com\/wp-content\/uploads\/2023\/09\/Wire-Rope-Coiling-Machine-5T-3.webp\" alt=\"Meais\u00edn Coiling Rope Wire 5T-3\" width=\"1000\" height=\"998\" srcset=\"https:\/\/zunzz.com\/wp-content\/uploads\/2023\/09\/Wire-Rope-Coiling-Machine-5T-3.webp 1000w, https:\/\/zunzz.com\/wp-content\/uploads\/2023\/09\/Wire-Rope-Coiling-Machine-5T-3-300x300.webp 300w, https:\/\/zunzz.com\/wp-content\/uploads\/2023\/09\/Wire-Rope-Coiling-Machine-5T-3-150x150.webp 150w, https:\/\/zunzz.com\/wp-content\/uploads\/2023\/09\/Wire-Rope-Coiling-Machine-5T-3-768x766.webp 768w, https:\/\/zunzz.com\/wp-content\/uploads\/2023\/09\/Wire-Rope-Coiling-Machine-5T-3-570x570.webp 570w, https:\/\/zunzz.com\/wp-content\/uploads\/2023\/09\/Wire-Rope-Coiling-Machine-5T-3-500x500.webp 500w, https:\/\/zunzz.com\/wp-content\/uploads\/2023\/09\/Wire-Rope-Coiling-Machine-5T-3-700x699.webp 700w, https:\/\/zunzz.com\/wp-content\/uploads\/2023\/09\/Wire-Rope-Coiling-Machine-5T-3-650x650.webp 650w, https:\/\/zunzz.com\/wp-content\/uploads\/2023\/09\/Wire-Rope-Coiling-Machine-5T-3-600x599.webp 600w, https:\/\/zunzz.com\/wp-content\/uploads\/2023\/09\/Wire-Rope-Coiling-Machine-5T-3-100x100.webp 100w\" sizes=\"(max-width: 1000px) 100vw, 1000px\" \/><img loading=\"lazy\" decoding=\"async\" class=\"alignnone wp-image-2495 size-full\" src=\"https:\/\/zunzz.com\/wp-content\/uploads\/2023\/09\/Wire-Rope-Coiling-Machine-5T-4.webp\" alt=\"Meais\u00edn Coiling Rope Wire 5T-4\" width=\"1000\" height=\"1768\" srcset=\"https:\/\/zunzz.com\/wp-content\/uploads\/2023\/09\/Wire-Rope-Coiling-Machine-5T-4.webp 1000w, https:\/\/zunzz.com\/wp-content\/uploads\/2023\/09\/Wire-Rope-Coiling-Machine-5T-4-170x300.webp 170w, https:\/\/zunzz.com\/wp-content\/uploads\/2023\/09\/Wire-Rope-Coiling-Machine-5T-4-579x1024.webp 579w, https:\/\/zunzz.com\/wp-content\/uploads\/2023\/09\/Wire-Rope-Coiling-Machine-5T-4-768x1358.webp 768w, https:\/\/zunzz.com\/wp-content\/uploads\/2023\/09\/Wire-Rope-Coiling-Machine-5T-4-869x1536.webp 869w, https:\/\/zunzz.com\/wp-content\/uploads\/2023\/09\/Wire-Rope-Coiling-Machine-5T-4-700x1238.webp 700w, https:\/\/zunzz.com\/wp-content\/uploads\/2023\/09\/Wire-Rope-Coiling-Machine-5T-4-600x1061.webp 600w\" sizes=\"(max-width: 1000px) 100vw, 1000px\" \/> <img loading=\"lazy\" decoding=\"async\" class=\"alignnone wp-image-2510 size-full\" src=\"https:\/\/zunzz.com\/wp-content\/uploads\/2023\/09\/Wire-Rope-Coiling-Machine-5T-5.webp\" alt=\"Meais\u00edn Coiling Rope Wire 5T-5\" width=\"1000\" height=\"565\" srcset=\"https:\/\/zunzz.com\/wp-content\/uploads\/2023\/09\/Wire-Rope-Coiling-Machine-5T-5.webp 1000w, https:\/\/zunzz.com\/wp-content\/uploads\/2023\/09\/Wire-Rope-Coiling-Machine-5T-5-300x170.webp 300w, https:\/\/zunzz.com\/wp-content\/uploads\/2023\/09\/Wire-Rope-Coiling-Machine-5T-5-768x434.webp 768w, https:\/\/zunzz.com\/wp-content\/uploads\/2023\/09\/Wire-Rope-Coiling-Machine-5T-5-700x396.webp 700w, https:\/\/zunzz.com\/wp-content\/uploads\/2023\/09\/Wire-Rope-Coiling-Machine-5T-5-600x339.webp 600w\" sizes=\"(max-width: 1000px) 100vw, 1000px\" \/><\/p>\n","protected":false},"excerpt":{"rendered":"<p>M\u00fanla: FS05<br \/>\nCumas: 5T<br \/>\nuas. Trastomhas: 1200mm<br \/>\nCumhacht: 1.5KW<br \/>\nM\u00e9id: 1200*1150*1100mm<br \/>\nMe\u00e1chan: 550KG<\/p>\n<p>Teanga ar F\u00e1il:[wpml_language_selector_widget]<\/p>\n<p><a href=\"https:\/\/zunzz.com\/ga\/contact-store\/\"><button class=\"single_add_to_cart_button button alt\" type=\"submit\">FIOSRACH\u00c1N ANOIS<\/button><\/a><\/p>\n","protected":false},"featured_media":2543,"comment_status":"open","ping_status":"closed","template":"","meta":[],"product_brand":[],"product_cat":[196],"product_tag":[252],"class_list":{"0":"post-2542","1":"product","2":"type-product","3":"status-publish","4":"has-post-thumbnail","6":"product_cat-wire-rope-coiling-machine","7":"product_tag-wire-rope-coiling-machine","9":"first","10":"instock","11":"taxable","12":"shipping-taxable","13":"product-type-simple"},"yoast_head":"<!-- This site is optimized with the Yoast SEO plugin v26.8 - https:\/\/yoast.com\/product\/yoast-seo-wordpress\/ -->\n<title>Meais\u00edn coiling r\u00f3pa sreang 5T<\/title>\n<meta name=\"description\" content=\"\u00das\u00e1idtear an meais\u00edn coiling r\u00f3pa sreang de ghn\u00e1th le caschl\u00e1r gan m\u00f3tair agus cuntar fad. T\u00e1 cumas luchtaithe 5T ag an meais\u00edn seo.\" \/>\n<meta name=\"robots\" content=\"index, follow, max-snippet:-1, max-image-preview:large, max-video-preview:-1\" \/>\n<link rel=\"canonical\" href=\"https:\/\/zunzz.com\/ga\/product\/wire-rope-coiling-machine\/\" \/>\n<meta property=\"og:locale\" content=\"ga_IE\" \/>\n<meta property=\"og:type\" content=\"article\" \/>\n<meta property=\"og:title\" content=\"Meais\u00edn coiling r\u00f3pa sreang 5T\" \/>\n<meta property=\"og:description\" content=\"\u00das\u00e1idtear an meais\u00edn coiling r\u00f3pa sreang de ghn\u00e1th le caschl\u00e1r gan m\u00f3tair agus cuntar fad. T\u00e1 cumas luchtaithe 5T ag an meais\u00edn seo.\" \/>\n<meta property=\"og:url\" content=\"https:\/\/zunzz.com\/ga\/product\/wire-rope-coiling-machine\/\" \/>\n<meta property=\"og:site_name\" content=\"Zunzz Wire Rope Sling Machine Company\" \/>\n<meta property=\"article:modified_time\" content=\"2023-12-27T04:54:37+00:00\" \/>\n<meta property=\"og:image\" content=\"https:\/\/zunzz.com\/wp-content\/uploads\/2023\/09\/Wire-Rope-Coiling-Machine-5T-3.webp\" \/>\n\t<meta property=\"og:image:width\" content=\"1000\" \/>\n\t<meta property=\"og:image:height\" content=\"998\" \/>\n\t<meta property=\"og:image:type\" content=\"image\/webp\" \/>\n<meta name=\"twitter:card\" content=\"summary_large_image\" \/>\n<meta name=\"twitter:label1\" content=\"Est. reading time\" \/>\n\t<meta name=\"twitter:data1\" content=\"4 minutes\" \/>\n<script type=\"application\/ld+json\" class=\"yoast-schema-graph\">{\"@context\":\"https:\/\/schema.org\",\"@graph\":[{\"@type\":\"WebPage\",\"@id\":\"https:\/\/zunzz.com\/ga\/product\/wire-rope-coiling-machine\/\",\"url\":\"https:\/\/zunzz.com\/ga\/product\/wire-rope-coiling-machine\/\",\"name\":\"Meais\u00edn coiling r\u00f3pa sreang 5T\",\"isPartOf\":{\"@id\":\"https:\/\/zunzz.com\/ga\/#website\"},\"primaryImageOfPage\":{\"@id\":\"https:\/\/zunzz.com\/ga\/product\/wire-rope-coiling-machine\/#primaryimage\"},\"image\":{\"@id\":\"https:\/\/zunzz.com\/ga\/product\/wire-rope-coiling-machine\/#primaryimage\"},\"thumbnailUrl\":\"https:\/\/zunzz.com\/wp-content\/uploads\/2023\/09\/Wire-Rope-Coiling-Machine-5T-3.webp\",\"datePublished\":\"2023-09-22T02:45:05+00:00\",\"dateModified\":\"2023-12-27T04:54:37+00:00\",\"description\":\"\u00das\u00e1idtear an meais\u00edn coiling r\u00f3pa sreang de ghn\u00e1th le caschl\u00e1r gan m\u00f3tair agus cuntar fad. T\u00e1 cumas luchtaithe 5T ag an meais\u00edn seo.\",\"breadcrumb\":{\"@id\":\"https:\/\/zunzz.com\/ga\/product\/wire-rope-coiling-machine\/#breadcrumb\"},\"inLanguage\":\"ga-IE\",\"potentialAction\":[{\"@type\":\"ReadAction\",\"target\":[\"https:\/\/zunzz.com\/ga\/product\/wire-rope-coiling-machine\/\"]}]},{\"@type\":\"ImageObject\",\"inLanguage\":\"ga-IE\",\"@id\":\"https:\/\/zunzz.com\/ga\/product\/wire-rope-coiling-machine\/#primaryimage\",\"url\":\"https:\/\/zunzz.com\/wp-content\/uploads\/2023\/09\/Wire-Rope-Coiling-Machine-5T-3.webp\",\"contentUrl\":\"https:\/\/zunzz.com\/wp-content\/uploads\/2023\/09\/Wire-Rope-Coiling-Machine-5T-3.webp\",\"width\":1000,\"height\":998,\"caption\":\"Wire Rope Coiling Machine 5T\"},{\"@type\":\"BreadcrumbList\",\"@id\":\"https:\/\/zunzz.com\/ga\/product\/wire-rope-coiling-machine\/#breadcrumb\",\"itemListElement\":[{\"@type\":\"ListItem\",\"position\":1,\"name\":\"Home\",\"item\":\"https:\/\/zunzz.com\/ga\/home\/\"},{\"@type\":\"ListItem\",\"position\":2,\"name\":\"Shop\",\"item\":\"https:\/\/zunzz.com\/bg\/shop\/\"},{\"@type\":\"ListItem\",\"position\":3,\"name\":\"Meais\u00edn coiling r\u00f3pa sreang 5T\"}]},{\"@type\":\"WebSite\",\"@id\":\"https:\/\/zunzz.com\/ga\/#website\",\"url\":\"https:\/\/zunzz.com\/ga\/\",\"name\":\"Zunzz Wire Rope Sling Machine Company\",\"description\":\"Zunzz Wire Rope Sling Machine Company is a leading manufacturer of wire rope sling machines and related products.\",\"publisher\":{\"@id\":\"https:\/\/zunzz.com\/ga\/#organization\"},\"potentialAction\":[{\"@type\":\"SearchAction\",\"target\":{\"@type\":\"EntryPoint\",\"urlTemplate\":\"https:\/\/zunzz.com\/ga\/?s={search_term_string}\"},\"query-input\":{\"@type\":\"PropertyValueSpecification\",\"valueRequired\":true,\"valueName\":\"search_term_string\"}}],\"inLanguage\":\"ga-IE\"},{\"@type\":\"Organization\",\"@id\":\"https:\/\/zunzz.com\/ga\/#organization\",\"name\":\"Zunzz Wire Rope Sling Machine Company\",\"url\":\"https:\/\/zunzz.com\/ga\/\",\"logo\":{\"@type\":\"ImageObject\",\"inLanguage\":\"ga-IE\",\"@id\":\"https:\/\/zunzz.com\/ga\/#\/schema\/logo\/image\/\",\"url\":\"https:\/\/zunzz.com\/wp-content\/uploads\/2023\/09\/Logo.png\",\"contentUrl\":\"https:\/\/zunzz.com\/wp-content\/uploads\/2023\/09\/Logo.png\",\"width\":171,\"height\":133,\"caption\":\"Zunzz Wire Rope Sling Machine Company\"},\"image\":{\"@id\":\"https:\/\/zunzz.com\/ga\/#\/schema\/logo\/image\/\"}}]}<\/script>\n<!-- \/ Yoast SEO plugin. -->","yoast_head_json":{"title":"Meais\u00edn coiling r\u00f3pa sreang 5T","description":"\u00das\u00e1idtear an meais\u00edn coiling r\u00f3pa sreang de ghn\u00e1th le caschl\u00e1r gan m\u00f3tair agus cuntar fad. T\u00e1 cumas luchtaithe 5T ag an meais\u00edn seo.","robots":{"index":"index","follow":"follow","max-snippet":"max-snippet:-1","max-image-preview":"max-image-preview:large","max-video-preview":"max-video-preview:-1"},"canonical":"https:\/\/zunzz.com\/ga\/product\/wire-rope-coiling-machine\/","og_locale":"ga_IE","og_type":"article","og_title":"Meais\u00edn coiling r\u00f3pa sreang 5T","og_description":"\u00das\u00e1idtear an meais\u00edn coiling r\u00f3pa sreang de ghn\u00e1th le caschl\u00e1r gan m\u00f3tair agus cuntar fad. T\u00e1 cumas luchtaithe 5T ag an meais\u00edn seo.","og_url":"https:\/\/zunzz.com\/ga\/product\/wire-rope-coiling-machine\/","og_site_name":"Zunzz Wire Rope Sling Machine Company","article_modified_time":"2023-12-27T04:54:37+00:00","og_image":[{"width":1000,"height":998,"url":"https:\/\/zunzz.com\/wp-content\/uploads\/2023\/09\/Wire-Rope-Coiling-Machine-5T-3.webp","type":"image\/webp"}],"twitter_card":"summary_large_image","twitter_misc":{"Est. reading time":"4 minutes"},"schema":{"@context":"https:\/\/schema.org","@graph":[{"@type":"WebPage","@id":"https:\/\/zunzz.com\/ga\/product\/wire-rope-coiling-machine\/","url":"https:\/\/zunzz.com\/ga\/product\/wire-rope-coiling-machine\/","name":"Meais\u00edn coiling r\u00f3pa sreang 5T","isPartOf":{"@id":"https:\/\/zunzz.com\/ga\/#website"},"primaryImageOfPage":{"@id":"https:\/\/zunzz.com\/ga\/product\/wire-rope-coiling-machine\/#primaryimage"},"image":{"@id":"https:\/\/zunzz.com\/ga\/product\/wire-rope-coiling-machine\/#primaryimage"},"thumbnailUrl":"https:\/\/zunzz.com\/wp-content\/uploads\/2023\/09\/Wire-Rope-Coiling-Machine-5T-3.webp","datePublished":"2023-09-22T02:45:05+00:00","dateModified":"2023-12-27T04:54:37+00:00","description":"\u00das\u00e1idtear an meais\u00edn coiling r\u00f3pa sreang de ghn\u00e1th le caschl\u00e1r gan m\u00f3tair agus cuntar fad. T\u00e1 cumas luchtaithe 5T ag an meais\u00edn seo.","breadcrumb":{"@id":"https:\/\/zunzz.com\/ga\/product\/wire-rope-coiling-machine\/#breadcrumb"},"inLanguage":"ga-IE","potentialAction":[{"@type":"ReadAction","target":["https:\/\/zunzz.com\/ga\/product\/wire-rope-coiling-machine\/"]}]},{"@type":"ImageObject","inLanguage":"ga-IE","@id":"https:\/\/zunzz.com\/ga\/product\/wire-rope-coiling-machine\/#primaryimage","url":"https:\/\/zunzz.com\/wp-content\/uploads\/2023\/09\/Wire-Rope-Coiling-Machine-5T-3.webp","contentUrl":"https:\/\/zunzz.com\/wp-content\/uploads\/2023\/09\/Wire-Rope-Coiling-Machine-5T-3.webp","width":1000,"height":998,"caption":"Wire Rope Coiling Machine 5T"},{"@type":"BreadcrumbList","@id":"https:\/\/zunzz.com\/ga\/product\/wire-rope-coiling-machine\/#breadcrumb","itemListElement":[{"@type":"ListItem","position":1,"name":"Home","item":"https:\/\/zunzz.com\/ga\/home\/"},{"@type":"ListItem","position":2,"name":"Shop","item":"https:\/\/zunzz.com\/bg\/shop\/"},{"@type":"ListItem","position":3,"name":"Meais\u00edn coiling r\u00f3pa sreang 5T"}]},{"@type":"WebSite","@id":"https:\/\/zunzz.com\/ga\/#website","url":"https:\/\/zunzz.com\/ga\/","name":"Zunzz Wire Rope Sling Machine Company","description":"Zunzz Wire Rope Sling Machine Company is a leading manufacturer of wire rope sling machines and related products.","publisher":{"@id":"https:\/\/zunzz.com\/ga\/#organization"},"potentialAction":[{"@type":"SearchAction","target":{"@type":"EntryPoint","urlTemplate":"https:\/\/zunzz.com\/ga\/?s={search_term_string}"},"query-input":{"@type":"PropertyValueSpecification","valueRequired":true,"valueName":"search_term_string"}}],"inLanguage":"ga-IE"},{"@type":"Organization","@id":"https:\/\/zunzz.com\/ga\/#organization","name":"Zunzz Wire Rope Sling Machine Company","url":"https:\/\/zunzz.com\/ga\/","logo":{"@type":"ImageObject","inLanguage":"ga-IE","@id":"https:\/\/zunzz.com\/ga\/#\/schema\/logo\/image\/","url":"https:\/\/zunzz.com\/wp-content\/uploads\/2023\/09\/Logo.png","contentUrl":"https:\/\/zunzz.com\/wp-content\/uploads\/2023\/09\/Logo.png","width":171,"height":133,"caption":"Zunzz Wire Rope Sling Machine Company"},"image":{"@id":"https:\/\/zunzz.com\/ga\/#\/schema\/logo\/image\/"}}]}},"_links":{"self":[{"href":"https:\/\/zunzz.com\/ga\/wp-json\/wp\/v2\/product\/2542","targetHints":{"allow":["GET"]}}],"collection":[{"href":"https:\/\/zunzz.com\/ga\/wp-json\/wp\/v2\/product"}],"about":[{"href":"https:\/\/zunzz.com\/ga\/wp-json\/wp\/v2\/types\/product"}],"replies":[{"embeddable":true,"href":"https:\/\/zunzz.com\/ga\/wp-json\/wp\/v2\/comments?post=2542"}],"wp:featuredmedia":[{"embeddable":true,"href":"https:\/\/zunzz.com\/ga\/wp-json\/wp\/v2\/media\/2543"}],"wp:attachment":[{"href":"https:\/\/zunzz.com\/ga\/wp-json\/wp\/v2\/media?parent=2542"}],"wp:term":[{"taxonomy":"product_brand","embeddable":true,"href":"https:\/\/zunzz.com\/ga\/wp-json\/wp\/v2\/product_brand?post=2542"},{"taxonomy":"product_cat","embeddable":true,"href":"https:\/\/zunzz.com\/ga\/wp-json\/wp\/v2\/product_cat?post=2542"},{"taxonomy":"product_tag","embeddable":true,"href":"https:\/\/zunzz.com\/ga\/wp-json\/wp\/v2\/product_tag?post=2542"}],"curies":[{"name":"wp","href":"https:\/\/api.w.org\/{rel}","templated":true}]}}