{"id":2466,"date":"2023-09-22T02:53:44","date_gmt":"2023-09-22T02:53:44","guid":{"rendered":"https:\/\/zunzz.com\/product\/preas-swaging-ropa-sreang-3000t\/"},"modified":"2023-12-25T05:44:32","modified_gmt":"2023-12-25T05:44:32","slug":"wire-rope-swaging-press","status":"publish","type":"product","link":"https:\/\/zunzz.com\/ga\/product\/wire-rope-swaging-press\/","title":{"rendered":"preas swaging r\u00f3pa sreang 3000T"},"content":{"rendered":"<h3>1. R\u00e9amhr\u00e1 preas swaging r\u00f3pa sreang 3000T<\/h3>\n<p>T\u00e1 an preas swaging r\u00f3pa sreang seo le haghaidh r\u00f3pa sreang 22mm go 105mm. Le bloc b\u00e1s le haghaidh b\u00e1s bhabhta. Is f\u00e9idir an b\u00e1s a dh\u00e9anamh le haghaidh muinchille al\u00famanaim, S-505, soic\u00e9ad mar a iarrtar.<\/p>\n<p>D\u00e9anfar an voltas mar a iarrtar.<\/p>\n<p>T\u00e1 d\u00edsl\u00ed cearnacha agus d\u00edsl\u00ed cruinn ann duit a roghna\u00edonn t\u00fa.<\/p>\n<h3>2. Paraim\u00e9adair Theicni\u00fala<\/h3>\n<div class=\"table-r\">\n<table width=\"100%\">\n<tbody>\n<tr>\n<td width=\"50%\">uas. amh\u00e1in Trastomhas swaging<\/td>\n<td width=\"50%\">32mm-105mm<\/td>\n<\/tr>\n<tr>\n<td width=\"50%\">Sol\u00e1thar b\u00e1s<\/td>\n<td width=\"50%\">22-65mm saor in aisce, roghna\u00edonn 65-110mm 4 shraith saor in aisce<\/td>\n<\/tr>\n<tr>\n<td width=\"50%\">uas. br\u00fa ola luchtaithe<\/td>\n<td width=\"50%\">76 Mpa<\/td>\n<\/tr>\n<tr>\n<td width=\"50%\">Rial\u00fa br\u00fa ola<\/td>\n<td width=\"50%\">12 Mpa<\/td>\n<\/tr>\n<tr>\n<td width=\"50%\">uas. Gluaiseacht loine<\/td>\n<td width=\"50%\">240mm<\/td>\n<\/tr>\n<tr>\n<td width=\"50%\">Gluaiseacht Loin Oibre<\/td>\n<td width=\"50%\">270mm<\/td>\n<\/tr>\n<tr>\n<td width=\"50%\">An luas suas loine<\/td>\n<td width=\"50%\">5mm\/soic<\/td>\n<\/tr>\n<tr>\n<td width=\"50%\">Luas luchtaithe an loine<\/td>\n<td width=\"50%\">2mm\/soic<\/td>\n<\/tr>\n<tr>\n<td width=\"50%\">An luas s\u00edos loine<\/td>\n<td width=\"50%\">9.8mm\/soic<\/td>\n<\/tr>\n<\/tbody>\n<\/table>\n<\/div>\n<p>&nbsp;<\/p>\n<p><img fetchpriority=\"high\" decoding=\"async\" class=\"alignnone wp-image-393 size-full\" src=\"https:\/\/zunzz.com\/wp-content\/uploads\/2023\/09\/Wire-Rope-Swaging-Press-3000T-1.webp\" alt=\"preas swaging r\u00f3pa sreang 3000T-1\" width=\"1000\" height=\"1000\" srcset=\"https:\/\/zunzz.com\/wp-content\/uploads\/2023\/09\/Wire-Rope-Swaging-Press-3000T-1.webp 1000w, https:\/\/zunzz.com\/wp-content\/uploads\/2023\/09\/Wire-Rope-Swaging-Press-3000T-1-300x300.webp 300w, https:\/\/zunzz.com\/wp-content\/uploads\/2023\/09\/Wire-Rope-Swaging-Press-3000T-1-150x150.webp 150w, https:\/\/zunzz.com\/wp-content\/uploads\/2023\/09\/Wire-Rope-Swaging-Press-3000T-1-768x768.webp 768w, https:\/\/zunzz.com\/wp-content\/uploads\/2023\/09\/Wire-Rope-Swaging-Press-3000T-1-570x570.webp 570w, https:\/\/zunzz.com\/wp-content\/uploads\/2023\/09\/Wire-Rope-Swaging-Press-3000T-1-500x500.webp 500w, https:\/\/zunzz.com\/wp-content\/uploads\/2023\/09\/Wire-Rope-Swaging-Press-3000T-1-700x700.webp 700w, https:\/\/zunzz.com\/wp-content\/uploads\/2023\/09\/Wire-Rope-Swaging-Press-3000T-1-650x650.webp 650w, https:\/\/zunzz.com\/wp-content\/uploads\/2023\/09\/Wire-Rope-Swaging-Press-3000T-1-600x600.webp 600w, https:\/\/zunzz.com\/wp-content\/uploads\/2023\/09\/Wire-Rope-Swaging-Press-3000T-1-100x100.webp 100w\" sizes=\"(max-width: 1000px) 100vw, 1000px\" \/> <img decoding=\"async\" class=\"alignnone wp-image-394 size-full\" src=\"https:\/\/zunzz.com\/wp-content\/uploads\/2023\/09\/Wire-Rope-Swaging-Press-3000T-2.webp\" alt=\"preas swaging r\u00f3pa sreang 3000T-2\" width=\"1000\" height=\"1333\" srcset=\"https:\/\/zunzz.com\/wp-content\/uploads\/2023\/09\/Wire-Rope-Swaging-Press-3000T-2.webp 1000w, https:\/\/zunzz.com\/wp-content\/uploads\/2023\/09\/Wire-Rope-Swaging-Press-3000T-2-225x300.webp 225w, https:\/\/zunzz.com\/wp-content\/uploads\/2023\/09\/Wire-Rope-Swaging-Press-3000T-2-768x1024.webp 768w, https:\/\/zunzz.com\/wp-content\/uploads\/2023\/09\/Wire-Rope-Swaging-Press-3000T-2-600x800.webp 600w, https:\/\/zunzz.com\/wp-content\/uploads\/2023\/09\/Wire-Rope-Swaging-Press-3000T-2-700x933.webp 700w\" sizes=\"(max-width: 1000px) 100vw, 1000px\" \/> <img decoding=\"async\" class=\"alignnone wp-image-395 size-full\" src=\"https:\/\/zunzz.com\/wp-content\/uploads\/2023\/09\/Wire-Rope-Swaging-Press-3000T-3.webp\" alt=\"preas swaging r\u00f3pa sreang 3000T-3\" width=\"1000\" height=\"1333\" srcset=\"https:\/\/zunzz.com\/wp-content\/uploads\/2023\/09\/Wire-Rope-Swaging-Press-3000T-3.webp 1000w, https:\/\/zunzz.com\/wp-content\/uploads\/2023\/09\/Wire-Rope-Swaging-Press-3000T-3-225x300.webp 225w, https:\/\/zunzz.com\/wp-content\/uploads\/2023\/09\/Wire-Rope-Swaging-Press-3000T-3-768x1024.webp 768w, https:\/\/zunzz.com\/wp-content\/uploads\/2023\/09\/Wire-Rope-Swaging-Press-3000T-3-600x800.webp 600w, https:\/\/zunzz.com\/wp-content\/uploads\/2023\/09\/Wire-Rope-Swaging-Press-3000T-3-700x933.webp 700w\" sizes=\"(max-width: 1000px) 100vw, 1000px\" \/><\/p>\n<h3>3. Maidir len\u00e1r gcuideachta<\/h3>\n<p>T\u00e1 foireann taith\u00ed innealt\u00f3ir\u00ed agus saineolaithe againn ar f\u00e9idir leo taca\u00edocht theicni\u00fail chuimsitheach agus r\u00e9itigh a shol\u00e1thar d&#8217;\u00fas\u00e1ideoir\u00ed. Is cuma c\u00e9n cine\u00e1l meais\u00edn pr\u00f3ise\u00e1la r\u00f3pa sreang agus an tseirbh\u00eds a theasta\u00edonn uait, is f\u00e9idir linn r\u00e9itigh sh\u00e1s\u00fala a shol\u00e1thar duit.<\/p>\n<p>M\u00e1 t\u00e1 suim agat in\u00e1r dt\u00e1irg\u00ed agus \u00e1r seirbh\u00eds\u00ed n\u00f3 m\u00e1s mian leat n\u00edos m\u00f3 a fhoghlaim faoin tionscal pr\u00f3ise\u00e1la r\u00f3pa sreang cruach, tabhair cuairt ar \u00e1r l\u00e1ithre\u00e1n gr\u00e9as\u00e1in n\u00f3 d\u00e9an teagmh\u00e1il linn go d\u00edreach. D\u00e9anfaimid freastal ort \u00f3 chro\u00ed! Leanfaimid orainn de bheith tiomanta do nu\u00e1la\u00edocht theicneola\u00edoch agus forbairt t\u00e1irg\u00ed, ag sol\u00e1thar meais\u00edn\u00ed agus seirbh\u00eds\u00ed pr\u00f3ise\u00e1la r\u00f3pa sreinge n\u00edos \u00e9ifeachta\u00ed agus n\u00edos cobhsa\u00ed duit. Oibr\u00edmid le ch\u00e9ile chun todhcha\u00ed n\u00edos fearr a chruth\u00fa!<\/p>\n","protected":false},"excerpt":{"rendered":"<p>M\u00fanla: YT3000<br \/>\nCumas: 30000KN<br \/>\nTrastomhas Preas: 105mm<br \/>\nCumhacht: 7.5KW*2<br \/>\nM\u00e9id: 2000*990*3400mm<br \/>\nMe\u00e1chan: 18000 KG<\/p>\n<p>Teanga ar F\u00e1il:[wpml_language_selector_widget]<\/p>\n<p><a href=\"https:\/\/zunzz.com\/ga\/contact-store\/\"><button class=\"single_add_to_cart_button button alt\" type=\"submit\">FIOSRACH\u00c1N ANOIS<\/button><\/a><\/p>\n","protected":false},"featured_media":2467,"comment_status":"open","ping_status":"closed","template":"","meta":[],"product_brand":[],"product_cat":[197],"product_tag":[269],"class_list":{"0":"post-2466","1":"product","2":"type-product","3":"status-publish","4":"has-post-thumbnail","6":"product_cat-wire-rope-swaging-machine","7":"product_tag-wire-rope-swaging-machine","9":"first","10":"instock","11":"taxable","12":"shipping-taxable","13":"product-type-simple"},"yoast_head":"<!-- This site is optimized with the Yoast SEO plugin v26.8 - https:\/\/yoast.com\/product\/yoast-seo-wordpress\/ -->\n<title>preas swaging r\u00f3pa sreang<\/title>\n<meta name=\"description\" content=\"T\u00e1 an preas swaging r\u00f3pa sreang seo le haghaidh r\u00f3pa sreang 22mm go 105mm. Le bloc b\u00e1s le haghaidh b\u00e1s bhabhta. Is f\u00e9idir an b\u00e1s a dh\u00e9anamh le haghaidh muinchille al\u00famanaim, S-505, soic\u00e9ad\" \/>\n<meta name=\"robots\" content=\"index, follow, max-snippet:-1, max-image-preview:large, max-video-preview:-1\" \/>\n<link rel=\"canonical\" href=\"https:\/\/zunzz.com\/ga\/product\/wire-rope-swaging-press\/\" \/>\n<meta property=\"og:locale\" content=\"ga_IE\" \/>\n<meta property=\"og:type\" content=\"article\" \/>\n<meta property=\"og:title\" content=\"preas swaging r\u00f3pa sreang\" \/>\n<meta property=\"og:description\" content=\"T\u00e1 an preas swaging r\u00f3pa sreang seo le haghaidh r\u00f3pa sreang 22mm go 105mm. Le bloc b\u00e1s le haghaidh b\u00e1s bhabhta. Is f\u00e9idir an b\u00e1s a dh\u00e9anamh le haghaidh muinchille al\u00famanaim, S-505, soic\u00e9ad\" \/>\n<meta property=\"og:url\" content=\"https:\/\/zunzz.com\/ga\/product\/wire-rope-swaging-press\/\" \/>\n<meta property=\"og:site_name\" content=\"Zunzz Wire Rope Sling Machine Company\" \/>\n<meta property=\"article:modified_time\" content=\"2023-12-25T05:44:32+00:00\" \/>\n<meta property=\"og:image\" content=\"https:\/\/zunzz.com\/wp-content\/uploads\/2023\/09\/Wire-Rope-Swaging-Press-3000T-1.webp\" \/>\n\t<meta property=\"og:image:width\" content=\"1000\" \/>\n\t<meta property=\"og:image:height\" content=\"1000\" \/>\n\t<meta property=\"og:image:type\" content=\"image\/webp\" \/>\n<meta name=\"twitter:card\" content=\"summary_large_image\" \/>\n<meta name=\"twitter:label1\" content=\"Est. reading time\" \/>\n\t<meta name=\"twitter:data1\" content=\"3 minutes\" \/>\n<script type=\"application\/ld+json\" class=\"yoast-schema-graph\">{\"@context\":\"https:\/\/schema.org\",\"@graph\":[{\"@type\":\"WebPage\",\"@id\":\"https:\/\/zunzz.com\/ga\/product\/wire-rope-swaging-press\/\",\"url\":\"https:\/\/zunzz.com\/ga\/product\/wire-rope-swaging-press\/\",\"name\":\"preas swaging r\u00f3pa sreang\",\"isPartOf\":{\"@id\":\"https:\/\/zunzz.com\/ga\/#website\"},\"primaryImageOfPage\":{\"@id\":\"https:\/\/zunzz.com\/ga\/product\/wire-rope-swaging-press\/#primaryimage\"},\"image\":{\"@id\":\"https:\/\/zunzz.com\/ga\/product\/wire-rope-swaging-press\/#primaryimage\"},\"thumbnailUrl\":\"https:\/\/zunzz.com\/wp-content\/uploads\/2023\/09\/Wire-Rope-Swaging-Press-3000T-1.webp\",\"datePublished\":\"2023-09-22T02:53:44+00:00\",\"dateModified\":\"2023-12-25T05:44:32+00:00\",\"description\":\"T\u00e1 an preas swaging r\u00f3pa sreang seo le haghaidh r\u00f3pa sreang 22mm go 105mm. Le bloc b\u00e1s le haghaidh b\u00e1s bhabhta. Is f\u00e9idir an b\u00e1s a dh\u00e9anamh le haghaidh muinchille al\u00famanaim, S-505, soic\u00e9ad\",\"breadcrumb\":{\"@id\":\"https:\/\/zunzz.com\/ga\/product\/wire-rope-swaging-press\/#breadcrumb\"},\"inLanguage\":\"ga-IE\",\"potentialAction\":[{\"@type\":\"ReadAction\",\"target\":[\"https:\/\/zunzz.com\/ga\/product\/wire-rope-swaging-press\/\"]}]},{\"@type\":\"ImageObject\",\"inLanguage\":\"ga-IE\",\"@id\":\"https:\/\/zunzz.com\/ga\/product\/wire-rope-swaging-press\/#primaryimage\",\"url\":\"https:\/\/zunzz.com\/wp-content\/uploads\/2023\/09\/Wire-Rope-Swaging-Press-3000T-1.webp\",\"contentUrl\":\"https:\/\/zunzz.com\/wp-content\/uploads\/2023\/09\/Wire-Rope-Swaging-Press-3000T-1.webp\",\"width\":1000,\"height\":1000,\"caption\":\"Wire Rope Swaging Press 3000T\"},{\"@type\":\"BreadcrumbList\",\"@id\":\"https:\/\/zunzz.com\/ga\/product\/wire-rope-swaging-press\/#breadcrumb\",\"itemListElement\":[{\"@type\":\"ListItem\",\"position\":1,\"name\":\"Home\",\"item\":\"https:\/\/zunzz.com\/ga\/home\/\"},{\"@type\":\"ListItem\",\"position\":2,\"name\":\"Shop\",\"item\":\"https:\/\/zunzz.com\/bg\/shop\/\"},{\"@type\":\"ListItem\",\"position\":3,\"name\":\"preas swaging r\u00f3pa sreang 3000T\"}]},{\"@type\":\"WebSite\",\"@id\":\"https:\/\/zunzz.com\/ga\/#website\",\"url\":\"https:\/\/zunzz.com\/ga\/\",\"name\":\"Zunzz Wire Rope Sling Machine Company\",\"description\":\"Zunzz Wire Rope Sling Machine Company is a leading manufacturer of wire rope sling machines and related products.\",\"publisher\":{\"@id\":\"https:\/\/zunzz.com\/ga\/#organization\"},\"potentialAction\":[{\"@type\":\"SearchAction\",\"target\":{\"@type\":\"EntryPoint\",\"urlTemplate\":\"https:\/\/zunzz.com\/ga\/?s={search_term_string}\"},\"query-input\":{\"@type\":\"PropertyValueSpecification\",\"valueRequired\":true,\"valueName\":\"search_term_string\"}}],\"inLanguage\":\"ga-IE\"},{\"@type\":\"Organization\",\"@id\":\"https:\/\/zunzz.com\/ga\/#organization\",\"name\":\"Zunzz Wire Rope Sling Machine Company\",\"url\":\"https:\/\/zunzz.com\/ga\/\",\"logo\":{\"@type\":\"ImageObject\",\"inLanguage\":\"ga-IE\",\"@id\":\"https:\/\/zunzz.com\/ga\/#\/schema\/logo\/image\/\",\"url\":\"https:\/\/zunzz.com\/wp-content\/uploads\/2023\/09\/Logo.png\",\"contentUrl\":\"https:\/\/zunzz.com\/wp-content\/uploads\/2023\/09\/Logo.png\",\"width\":171,\"height\":133,\"caption\":\"Zunzz Wire Rope Sling Machine Company\"},\"image\":{\"@id\":\"https:\/\/zunzz.com\/ga\/#\/schema\/logo\/image\/\"}}]}<\/script>\n<!-- \/ Yoast SEO plugin. -->","yoast_head_json":{"title":"preas swaging r\u00f3pa sreang","description":"T\u00e1 an preas swaging r\u00f3pa sreang seo le haghaidh r\u00f3pa sreang 22mm go 105mm. Le bloc b\u00e1s le haghaidh b\u00e1s bhabhta. Is f\u00e9idir an b\u00e1s a dh\u00e9anamh le haghaidh muinchille al\u00famanaim, S-505, soic\u00e9ad","robots":{"index":"index","follow":"follow","max-snippet":"max-snippet:-1","max-image-preview":"max-image-preview:large","max-video-preview":"max-video-preview:-1"},"canonical":"https:\/\/zunzz.com\/ga\/product\/wire-rope-swaging-press\/","og_locale":"ga_IE","og_type":"article","og_title":"preas swaging r\u00f3pa sreang","og_description":"T\u00e1 an preas swaging r\u00f3pa sreang seo le haghaidh r\u00f3pa sreang 22mm go 105mm. Le bloc b\u00e1s le haghaidh b\u00e1s bhabhta. Is f\u00e9idir an b\u00e1s a dh\u00e9anamh le haghaidh muinchille al\u00famanaim, S-505, soic\u00e9ad","og_url":"https:\/\/zunzz.com\/ga\/product\/wire-rope-swaging-press\/","og_site_name":"Zunzz Wire Rope Sling Machine Company","article_modified_time":"2023-12-25T05:44:32+00:00","og_image":[{"width":1000,"height":1000,"url":"https:\/\/zunzz.com\/wp-content\/uploads\/2023\/09\/Wire-Rope-Swaging-Press-3000T-1.webp","type":"image\/webp"}],"twitter_card":"summary_large_image","twitter_misc":{"Est. reading time":"3 minutes"},"schema":{"@context":"https:\/\/schema.org","@graph":[{"@type":"WebPage","@id":"https:\/\/zunzz.com\/ga\/product\/wire-rope-swaging-press\/","url":"https:\/\/zunzz.com\/ga\/product\/wire-rope-swaging-press\/","name":"preas swaging r\u00f3pa sreang","isPartOf":{"@id":"https:\/\/zunzz.com\/ga\/#website"},"primaryImageOfPage":{"@id":"https:\/\/zunzz.com\/ga\/product\/wire-rope-swaging-press\/#primaryimage"},"image":{"@id":"https:\/\/zunzz.com\/ga\/product\/wire-rope-swaging-press\/#primaryimage"},"thumbnailUrl":"https:\/\/zunzz.com\/wp-content\/uploads\/2023\/09\/Wire-Rope-Swaging-Press-3000T-1.webp","datePublished":"2023-09-22T02:53:44+00:00","dateModified":"2023-12-25T05:44:32+00:00","description":"T\u00e1 an preas swaging r\u00f3pa sreang seo le haghaidh r\u00f3pa sreang 22mm go 105mm. Le bloc b\u00e1s le haghaidh b\u00e1s bhabhta. Is f\u00e9idir an b\u00e1s a dh\u00e9anamh le haghaidh muinchille al\u00famanaim, S-505, soic\u00e9ad","breadcrumb":{"@id":"https:\/\/zunzz.com\/ga\/product\/wire-rope-swaging-press\/#breadcrumb"},"inLanguage":"ga-IE","potentialAction":[{"@type":"ReadAction","target":["https:\/\/zunzz.com\/ga\/product\/wire-rope-swaging-press\/"]}]},{"@type":"ImageObject","inLanguage":"ga-IE","@id":"https:\/\/zunzz.com\/ga\/product\/wire-rope-swaging-press\/#primaryimage","url":"https:\/\/zunzz.com\/wp-content\/uploads\/2023\/09\/Wire-Rope-Swaging-Press-3000T-1.webp","contentUrl":"https:\/\/zunzz.com\/wp-content\/uploads\/2023\/09\/Wire-Rope-Swaging-Press-3000T-1.webp","width":1000,"height":1000,"caption":"Wire Rope Swaging Press 3000T"},{"@type":"BreadcrumbList","@id":"https:\/\/zunzz.com\/ga\/product\/wire-rope-swaging-press\/#breadcrumb","itemListElement":[{"@type":"ListItem","position":1,"name":"Home","item":"https:\/\/zunzz.com\/ga\/home\/"},{"@type":"ListItem","position":2,"name":"Shop","item":"https:\/\/zunzz.com\/bg\/shop\/"},{"@type":"ListItem","position":3,"name":"preas swaging r\u00f3pa sreang 3000T"}]},{"@type":"WebSite","@id":"https:\/\/zunzz.com\/ga\/#website","url":"https:\/\/zunzz.com\/ga\/","name":"Zunzz Wire Rope Sling Machine Company","description":"Zunzz Wire Rope Sling Machine Company is a leading manufacturer of wire rope sling machines and related products.","publisher":{"@id":"https:\/\/zunzz.com\/ga\/#organization"},"potentialAction":[{"@type":"SearchAction","target":{"@type":"EntryPoint","urlTemplate":"https:\/\/zunzz.com\/ga\/?s={search_term_string}"},"query-input":{"@type":"PropertyValueSpecification","valueRequired":true,"valueName":"search_term_string"}}],"inLanguage":"ga-IE"},{"@type":"Organization","@id":"https:\/\/zunzz.com\/ga\/#organization","name":"Zunzz Wire Rope Sling Machine Company","url":"https:\/\/zunzz.com\/ga\/","logo":{"@type":"ImageObject","inLanguage":"ga-IE","@id":"https:\/\/zunzz.com\/ga\/#\/schema\/logo\/image\/","url":"https:\/\/zunzz.com\/wp-content\/uploads\/2023\/09\/Logo.png","contentUrl":"https:\/\/zunzz.com\/wp-content\/uploads\/2023\/09\/Logo.png","width":171,"height":133,"caption":"Zunzz Wire Rope Sling Machine Company"},"image":{"@id":"https:\/\/zunzz.com\/ga\/#\/schema\/logo\/image\/"}}]}},"_links":{"self":[{"href":"https:\/\/zunzz.com\/ga\/wp-json\/wp\/v2\/product\/2466","targetHints":{"allow":["GET"]}}],"collection":[{"href":"https:\/\/zunzz.com\/ga\/wp-json\/wp\/v2\/product"}],"about":[{"href":"https:\/\/zunzz.com\/ga\/wp-json\/wp\/v2\/types\/product"}],"replies":[{"embeddable":true,"href":"https:\/\/zunzz.com\/ga\/wp-json\/wp\/v2\/comments?post=2466"}],"wp:featuredmedia":[{"embeddable":true,"href":"https:\/\/zunzz.com\/ga\/wp-json\/wp\/v2\/media\/2467"}],"wp:attachment":[{"href":"https:\/\/zunzz.com\/ga\/wp-json\/wp\/v2\/media?parent=2466"}],"wp:term":[{"taxonomy":"product_brand","embeddable":true,"href":"https:\/\/zunzz.com\/ga\/wp-json\/wp\/v2\/product_brand?post=2466"},{"taxonomy":"product_cat","embeddable":true,"href":"https:\/\/zunzz.com\/ga\/wp-json\/wp\/v2\/product_cat?post=2466"},{"taxonomy":"product_tag","embeddable":true,"href":"https:\/\/zunzz.com\/ga\/wp-json\/wp\/v2\/product_tag?post=2466"}],"curies":[{"name":"wp","href":"https:\/\/api.w.org\/{rel}","templated":true}]}}