{"id":2300,"date":"2023-10-14T12:24:43","date_gmt":"2023-10-14T12:24:43","guid":{"rendered":"https:\/\/zunzz.com\/product\/meaisin-gearrtha-ropa-sreang\/"},"modified":"2023-12-16T12:12:16","modified_gmt":"2023-12-16T12:12:16","slug":"wire-rope-cutting-machine","status":"publish","type":"product","link":"https:\/\/zunzz.com\/ga\/product\/wire-rope-cutting-machine\/","title":{"rendered":"Meais\u00edn gearrtha r\u00f3pa sreang"},"content":{"rendered":"<h3>1.Meais\u00edn gearrtha r\u00f3pa sreang<\/h3>\n<p>Is \u00e9ard at\u00e1 sa mheais\u00edn gearrtha r\u00f3pa sreang den chuid is m\u00f3 n\u00e1 foinse cumhachta (caid\u00e9al leictreach n\u00f3 caid\u00e9al l\u00e1imhe), sorc\u00f3ir ola oibre, iarnr\u00f3d sleamhn\u00e1in, agus lann gearrtha.<\/p>\n<p>T\u00e1 dh\u00e1 phr\u00edomh-mh\u00fanla de ghearrth\u00f3ir\u00ed r\u00f3pa sreang cruach hiodr\u00e1lacha, is \u00e9 ceann amh\u00e1in gearrth\u00f3ir r\u00f3pa sreang cruach hiodr\u00e1lach QY-30, a \u00fas\u00e1idtear chun r\u00f3pa\u00ed sreang cruach a ghearradh le trastomhas n\u00edos l\u00fa n\u00e1 30mm. Is cine\u00e1l eile \u00e9 an gearrth\u00f3ir r\u00f3pa sreang cruach hiodr\u00e1lach QY-48, a \u00fas\u00e1idtear chun r\u00f3pa\u00ed sreang cruach a ghearradh le trastomhas 48mm. Mar uirlis ghairmi\u00fail chun r\u00f3pa\u00ed sreang cruach a ghearradh.<\/p>\n<p>Cusp\u00f3ir an gearrth\u00f3ra r\u00f3pa sreang hiodr\u00e1lach<\/p>\n<p>Laghda\u00edonn an gearrth\u00f3ir r\u00f3pa sreang hiodr\u00e1lacha d\u00e9ine saothair gearrtha r\u00f3pa\u00ed sreang agus feabhsa\u00edtear \u00e9ifeacht\u00falacht oibre, rud a fh\u00e1gann go bhfuil s\u00e9 oiri\u00fanach do ranna cos\u00fail le deisi\u00fa long agus mianad\u00f3ireacht. T\u00e1 tr\u00e9ithe dearadh \u00e1lainn aige, strucht\u00far chun cinn, m\u00e9id beag, me\u00e1chan \u00e9adrom, \u00fas\u00e1id iontaofa agus \u00e1isi\u00fail.<\/p>\n<h3>2.Paraim\u00e9adair gearrtha r\u00f3pa sreang hiodr\u00e1lacha<\/h3>\n<div class=\"table-r\">\n<table width=\"100%\">\n<tbody>\n<tr>\n<td width=\"50%\">Mionsamhail<\/td>\n<td width=\"50%\">QY30, QY48<\/td>\n<\/tr>\n<tr>\n<td width=\"50%\">Sreang cruach trastomhas m\u00f3r a ghearradh<\/td>\n<td width=\"50%\">30mm, 48mm<\/td>\n<\/tr>\n<tr>\n<td width=\"50%\">Dul chun cinn loine<\/td>\n<td width=\"50%\">\u2265 38mm, \u2265 60mm<\/td>\n<\/tr>\n<tr>\n<td width=\"50%\">F\u00f3rsa lomadh m\u00f3r<\/td>\n<td width=\"50%\">7.5T, 20T<\/td>\n<\/tr>\n<tr>\n<td width=\"50%\">Toilleadh st\u00f3r\u00e1la ola<\/td>\n<td width=\"50%\">0.19L, 0.30L<\/td>\n<\/tr>\n<tr>\n<td width=\"50%\">L\u00e1imhse\u00e1il bhfeidhm<\/td>\n<td width=\"50%\">\u2264 25kgf, \u2264 39kgf<\/td>\n<\/tr>\n<\/tbody>\n<\/table>\n<p>&nbsp;<\/p>\n<\/div>\n<p><img fetchpriority=\"high\" decoding=\"async\" class=\"alignnone wp-image-1306 \" src=\"https:\/\/zunzz.com\/wp-content\/uploads\/2023\/10\/11.webp\" alt=\"meais\u00edn gearrtha r\u00f3pa sreang\" width=\"750\" height=\"750\" srcset=\"https:\/\/zunzz.com\/wp-content\/uploads\/2023\/10\/11.webp 700w, https:\/\/zunzz.com\/wp-content\/uploads\/2023\/10\/11-300x300.webp 300w, https:\/\/zunzz.com\/wp-content\/uploads\/2023\/10\/11-150x150.webp 150w, https:\/\/zunzz.com\/wp-content\/uploads\/2023\/10\/11-570x570.webp 570w, https:\/\/zunzz.com\/wp-content\/uploads\/2023\/10\/11-500x500.webp 500w, https:\/\/zunzz.com\/wp-content\/uploads\/2023\/10\/11-650x650.webp 650w, https:\/\/zunzz.com\/wp-content\/uploads\/2023\/10\/11-600x600.webp 600w, https:\/\/zunzz.com\/wp-content\/uploads\/2023\/10\/11-100x100.webp 100w\" sizes=\"(max-width: 750px) 100vw, 750px\" \/><img decoding=\"async\" class=\"alignnone wp-image-1133\" src=\"https:\/\/zunzz.com\/wp-content\/uploads\/2023\/10\/2.webp\" alt=\"meais\u00edn gearrtha r\u00f3pa sreang\" width=\"750\" height=\"750\" srcset=\"https:\/\/zunzz.com\/wp-content\/uploads\/2023\/10\/2.webp 750w, https:\/\/zunzz.com\/wp-content\/uploads\/2023\/10\/2-300x300.webp 300w, https:\/\/zunzz.com\/wp-content\/uploads\/2023\/10\/2-150x150.webp 150w, https:\/\/zunzz.com\/wp-content\/uploads\/2023\/10\/2-570x570.webp 570w, https:\/\/zunzz.com\/wp-content\/uploads\/2023\/10\/2-500x500.webp 500w, https:\/\/zunzz.com\/wp-content\/uploads\/2023\/10\/2-700x700.webp 700w, https:\/\/zunzz.com\/wp-content\/uploads\/2023\/10\/2-650x650.webp 650w, https:\/\/zunzz.com\/wp-content\/uploads\/2023\/10\/2-600x600.webp 600w, https:\/\/zunzz.com\/wp-content\/uploads\/2023\/10\/2-100x100.webp 100w\" sizes=\"(max-width: 750px) 100vw, 750px\" \/><\/p>\n<p><img decoding=\"async\" class=\"alignnone wp-image-1137\" src=\"https:\/\/zunzz.com\/wp-content\/uploads\/2023\/10\/O1CN01blCJBM1eN0jAPBHEd_2208311683858-0-cib.webp\" alt=\"meais\u00edn gearrtha r\u00f3pa sreang\" width=\"750\" height=\"750\" srcset=\"https:\/\/zunzz.com\/wp-content\/uploads\/2023\/10\/O1CN01blCJBM1eN0jAPBHEd_2208311683858-0-cib.webp 750w, https:\/\/zunzz.com\/wp-content\/uploads\/2023\/10\/O1CN01blCJBM1eN0jAPBHEd_2208311683858-0-cib-300x300.webp 300w, https:\/\/zunzz.com\/wp-content\/uploads\/2023\/10\/O1CN01blCJBM1eN0jAPBHEd_2208311683858-0-cib-150x150.webp 150w, https:\/\/zunzz.com\/wp-content\/uploads\/2023\/10\/O1CN01blCJBM1eN0jAPBHEd_2208311683858-0-cib-570x570.webp 570w, https:\/\/zunzz.com\/wp-content\/uploads\/2023\/10\/O1CN01blCJBM1eN0jAPBHEd_2208311683858-0-cib-500x500.webp 500w, https:\/\/zunzz.com\/wp-content\/uploads\/2023\/10\/O1CN01blCJBM1eN0jAPBHEd_2208311683858-0-cib-700x700.webp 700w, https:\/\/zunzz.com\/wp-content\/uploads\/2023\/10\/O1CN01blCJBM1eN0jAPBHEd_2208311683858-0-cib-650x650.webp 650w, https:\/\/zunzz.com\/wp-content\/uploads\/2023\/10\/O1CN01blCJBM1eN0jAPBHEd_2208311683858-0-cib-600x600.webp 600w, https:\/\/zunzz.com\/wp-content\/uploads\/2023\/10\/O1CN01blCJBM1eN0jAPBHEd_2208311683858-0-cib-100x100.webp 100w\" sizes=\"(max-width: 750px) 100vw, 750px\" \/><\/p>\n<p><img loading=\"lazy\" decoding=\"async\" class=\"alignnone wp-image-1141\" src=\"https:\/\/zunzz.com\/wp-content\/uploads\/2023\/10\/O1CN01il9jc31eN0jGe43iA_2208311683858-0-cib.webp\" alt=\"meais\u00edn gearrtha r\u00f3pa sreang\" width=\"750\" height=\"750\" srcset=\"https:\/\/zunzz.com\/wp-content\/uploads\/2023\/10\/O1CN01il9jc31eN0jGe43iA_2208311683858-0-cib.webp 750w, https:\/\/zunzz.com\/wp-content\/uploads\/2023\/10\/O1CN01il9jc31eN0jGe43iA_2208311683858-0-cib-300x300.webp 300w, https:\/\/zunzz.com\/wp-content\/uploads\/2023\/10\/O1CN01il9jc31eN0jGe43iA_2208311683858-0-cib-150x150.webp 150w, https:\/\/zunzz.com\/wp-content\/uploads\/2023\/10\/O1CN01il9jc31eN0jGe43iA_2208311683858-0-cib-570x570.webp 570w, https:\/\/zunzz.com\/wp-content\/uploads\/2023\/10\/O1CN01il9jc31eN0jGe43iA_2208311683858-0-cib-500x500.webp 500w, https:\/\/zunzz.com\/wp-content\/uploads\/2023\/10\/O1CN01il9jc31eN0jGe43iA_2208311683858-0-cib-700x700.webp 700w, https:\/\/zunzz.com\/wp-content\/uploads\/2023\/10\/O1CN01il9jc31eN0jGe43iA_2208311683858-0-cib-650x650.webp 650w, https:\/\/zunzz.com\/wp-content\/uploads\/2023\/10\/O1CN01il9jc31eN0jGe43iA_2208311683858-0-cib-600x600.webp 600w, https:\/\/zunzz.com\/wp-content\/uploads\/2023\/10\/O1CN01il9jc31eN0jGe43iA_2208311683858-0-cib-100x100.webp 100w\" sizes=\"(max-width: 750px) 100vw, 750px\" \/><\/p>\n<p>Rinneadh an t\u00e1irge seo a onnmhairi\u00fa chuig il-t\u00edortha ar n\u00f3s na St\u00e1it Aontaithe, an Fhrainc, Ceanada, an Indin\u00e9is, an R\u00fais, V\u00edtneam, an Astr\u00e1il, an Ch\u00f3ir\u00e9 Theas, an Iar\u00e1in, agus fuair s\u00e9 moladh d&#8217;aon toil \u00f3 chustaim\u00e9ir\u00ed.<\/p>\n","protected":false},"excerpt":{"rendered":"<p>M\u00fanla: QY30, QY48<br \/>\nuas. r\u00f3pa sreang: 30mm 48mm<br \/>\nF\u00f3rsa lomadh m\u00f3r: 7.5T, 20T<br \/>\nCumas st\u00f3r\u00e1la ola: 0.19L, 0.30L<br \/>\nTeanga ar F\u00e1il:[wpml_language_selector_widget]<\/p>\n<p><a href=\"https:\/\/zunzz.com\/ga\/contact-store\/\"><button class=\"single_add_to_cart_button button alt\" type=\"submit\">FIOSRACH\u00c1N ANOIS<\/button><\/a><\/p>\n","protected":false},"featured_media":2301,"comment_status":"open","ping_status":"closed","template":"","meta":[],"product_brand":[],"product_cat":[195],"product_tag":[287,286,285],"class_list":{"0":"post-2300","1":"product","2":"type-product","3":"status-publish","4":"has-post-thumbnail","6":"product_cat-wire-rope-annealing-machine","7":"product_tag-steel-bar-cutter","8":"product_tag-wire-rope-cutter","9":"product_tag-wire-rope-cutting-machine","11":"first","12":"instock","13":"taxable","14":"shipping-taxable","15":"product-type-simple"},"yoast_head":"<!-- This site is optimized with the Yoast SEO plugin v26.8 - https:\/\/yoast.com\/product\/yoast-seo-wordpress\/ -->\n<title>meais\u00edn gearrtha r\u00f3pa sreang<\/title>\n<meta name=\"description\" content=\"Is \u00e9ard at\u00e1 sa mheais\u00edn gearrtha r\u00f3pa sreang den chuid is m\u00f3 n\u00e1 foinse cumhachta (caid\u00e9al leictreach n\u00f3 caid\u00e9al l\u00e1imhe), sorc\u00f3ir ola oibre, iarnr\u00f3d sleamhn\u00e1in, agus lann gearrtha.\" \/>\n<meta name=\"robots\" content=\"index, follow, max-snippet:-1, max-image-preview:large, max-video-preview:-1\" \/>\n<link rel=\"canonical\" href=\"https:\/\/zunzz.com\/ga\/product\/wire-rope-cutting-machine\/\" \/>\n<meta property=\"og:locale\" content=\"ga_IE\" \/>\n<meta property=\"og:type\" content=\"article\" \/>\n<meta property=\"og:title\" content=\"meais\u00edn gearrtha r\u00f3pa sreang\" \/>\n<meta property=\"og:description\" content=\"Is \u00e9ard at\u00e1 sa mheais\u00edn gearrtha r\u00f3pa sreang den chuid is m\u00f3 n\u00e1 foinse cumhachta (caid\u00e9al leictreach n\u00f3 caid\u00e9al l\u00e1imhe), sorc\u00f3ir ola oibre, iarnr\u00f3d sleamhn\u00e1in, agus lann gearrtha.\" \/>\n<meta property=\"og:url\" content=\"https:\/\/zunzz.com\/ga\/product\/wire-rope-cutting-machine\/\" \/>\n<meta property=\"og:site_name\" content=\"Zunzz Wire Rope Sling Machine Company\" \/>\n<meta property=\"article:modified_time\" content=\"2023-12-16T12:12:16+00:00\" \/>\n<meta property=\"og:image\" content=\"https:\/\/zunzz.com\/wp-content\/uploads\/2023\/10\/11.webp\" \/>\n\t<meta property=\"og:image:width\" content=\"700\" \/>\n\t<meta property=\"og:image:height\" content=\"700\" \/>\n\t<meta property=\"og:image:type\" content=\"image\/webp\" \/>\n<meta name=\"twitter:card\" content=\"summary_large_image\" \/>\n<meta name=\"twitter:label1\" content=\"Est. reading time\" \/>\n\t<meta name=\"twitter:data1\" content=\"3 minutes\" \/>\n<script type=\"application\/ld+json\" class=\"yoast-schema-graph\">{\"@context\":\"https:\/\/schema.org\",\"@graph\":[{\"@type\":\"WebPage\",\"@id\":\"https:\/\/zunzz.com\/ga\/product\/wire-rope-cutting-machine\/\",\"url\":\"https:\/\/zunzz.com\/ga\/product\/wire-rope-cutting-machine\/\",\"name\":\"meais\u00edn gearrtha r\u00f3pa sreang\",\"isPartOf\":{\"@id\":\"https:\/\/zunzz.com\/ga\/#website\"},\"primaryImageOfPage\":{\"@id\":\"https:\/\/zunzz.com\/ga\/product\/wire-rope-cutting-machine\/#primaryimage\"},\"image\":{\"@id\":\"https:\/\/zunzz.com\/ga\/product\/wire-rope-cutting-machine\/#primaryimage\"},\"thumbnailUrl\":\"https:\/\/zunzz.com\/wp-content\/uploads\/2023\/10\/11.webp\",\"datePublished\":\"2023-10-14T12:24:43+00:00\",\"dateModified\":\"2023-12-16T12:12:16+00:00\",\"description\":\"Is \u00e9ard at\u00e1 sa mheais\u00edn gearrtha r\u00f3pa sreang den chuid is m\u00f3 n\u00e1 foinse cumhachta (caid\u00e9al leictreach n\u00f3 caid\u00e9al l\u00e1imhe), sorc\u00f3ir ola oibre, iarnr\u00f3d sleamhn\u00e1in, agus lann gearrtha.\",\"breadcrumb\":{\"@id\":\"https:\/\/zunzz.com\/ga\/product\/wire-rope-cutting-machine\/#breadcrumb\"},\"inLanguage\":\"ga-IE\",\"potentialAction\":[{\"@type\":\"ReadAction\",\"target\":[\"https:\/\/zunzz.com\/ga\/product\/wire-rope-cutting-machine\/\"]}]},{\"@type\":\"ImageObject\",\"inLanguage\":\"ga-IE\",\"@id\":\"https:\/\/zunzz.com\/ga\/product\/wire-rope-cutting-machine\/#primaryimage\",\"url\":\"https:\/\/zunzz.com\/wp-content\/uploads\/2023\/10\/11.webp\",\"contentUrl\":\"https:\/\/zunzz.com\/wp-content\/uploads\/2023\/10\/11.webp\",\"width\":700,\"height\":700,\"caption\":\"meais\u00edn gearrtha r\u00f3pa sreang\"},{\"@type\":\"BreadcrumbList\",\"@id\":\"https:\/\/zunzz.com\/ga\/product\/wire-rope-cutting-machine\/#breadcrumb\",\"itemListElement\":[{\"@type\":\"ListItem\",\"position\":1,\"name\":\"Home\",\"item\":\"https:\/\/zunzz.com\/ga\/home\/\"},{\"@type\":\"ListItem\",\"position\":2,\"name\":\"Shop\",\"item\":\"https:\/\/zunzz.com\/bg\/shop\/\"},{\"@type\":\"ListItem\",\"position\":3,\"name\":\"Meais\u00edn gearrtha r\u00f3pa sreang\"}]},{\"@type\":\"WebSite\",\"@id\":\"https:\/\/zunzz.com\/ga\/#website\",\"url\":\"https:\/\/zunzz.com\/ga\/\",\"name\":\"Zunzz Wire Rope Sling Machine Company\",\"description\":\"Zunzz Wire Rope Sling Machine Company is a leading manufacturer of wire rope sling machines and related products.\",\"publisher\":{\"@id\":\"https:\/\/zunzz.com\/ga\/#organization\"},\"potentialAction\":[{\"@type\":\"SearchAction\",\"target\":{\"@type\":\"EntryPoint\",\"urlTemplate\":\"https:\/\/zunzz.com\/ga\/?s={search_term_string}\"},\"query-input\":{\"@type\":\"PropertyValueSpecification\",\"valueRequired\":true,\"valueName\":\"search_term_string\"}}],\"inLanguage\":\"ga-IE\"},{\"@type\":\"Organization\",\"@id\":\"https:\/\/zunzz.com\/ga\/#organization\",\"name\":\"Zunzz Wire Rope Sling Machine Company\",\"url\":\"https:\/\/zunzz.com\/ga\/\",\"logo\":{\"@type\":\"ImageObject\",\"inLanguage\":\"ga-IE\",\"@id\":\"https:\/\/zunzz.com\/ga\/#\/schema\/logo\/image\/\",\"url\":\"https:\/\/zunzz.com\/wp-content\/uploads\/2023\/09\/Logo.png\",\"contentUrl\":\"https:\/\/zunzz.com\/wp-content\/uploads\/2023\/09\/Logo.png\",\"width\":171,\"height\":133,\"caption\":\"Zunzz Wire Rope Sling Machine Company\"},\"image\":{\"@id\":\"https:\/\/zunzz.com\/ga\/#\/schema\/logo\/image\/\"}}]}<\/script>\n<!-- \/ Yoast SEO plugin. -->","yoast_head_json":{"title":"meais\u00edn gearrtha r\u00f3pa sreang","description":"Is \u00e9ard at\u00e1 sa mheais\u00edn gearrtha r\u00f3pa sreang den chuid is m\u00f3 n\u00e1 foinse cumhachta (caid\u00e9al leictreach n\u00f3 caid\u00e9al l\u00e1imhe), sorc\u00f3ir ola oibre, iarnr\u00f3d sleamhn\u00e1in, agus lann gearrtha.","robots":{"index":"index","follow":"follow","max-snippet":"max-snippet:-1","max-image-preview":"max-image-preview:large","max-video-preview":"max-video-preview:-1"},"canonical":"https:\/\/zunzz.com\/ga\/product\/wire-rope-cutting-machine\/","og_locale":"ga_IE","og_type":"article","og_title":"meais\u00edn gearrtha r\u00f3pa sreang","og_description":"Is \u00e9ard at\u00e1 sa mheais\u00edn gearrtha r\u00f3pa sreang den chuid is m\u00f3 n\u00e1 foinse cumhachta (caid\u00e9al leictreach n\u00f3 caid\u00e9al l\u00e1imhe), sorc\u00f3ir ola oibre, iarnr\u00f3d sleamhn\u00e1in, agus lann gearrtha.","og_url":"https:\/\/zunzz.com\/ga\/product\/wire-rope-cutting-machine\/","og_site_name":"Zunzz Wire Rope Sling Machine Company","article_modified_time":"2023-12-16T12:12:16+00:00","og_image":[{"width":700,"height":700,"url":"https:\/\/zunzz.com\/wp-content\/uploads\/2023\/10\/11.webp","type":"image\/webp"}],"twitter_card":"summary_large_image","twitter_misc":{"Est. reading time":"3 minutes"},"schema":{"@context":"https:\/\/schema.org","@graph":[{"@type":"WebPage","@id":"https:\/\/zunzz.com\/ga\/product\/wire-rope-cutting-machine\/","url":"https:\/\/zunzz.com\/ga\/product\/wire-rope-cutting-machine\/","name":"meais\u00edn gearrtha r\u00f3pa sreang","isPartOf":{"@id":"https:\/\/zunzz.com\/ga\/#website"},"primaryImageOfPage":{"@id":"https:\/\/zunzz.com\/ga\/product\/wire-rope-cutting-machine\/#primaryimage"},"image":{"@id":"https:\/\/zunzz.com\/ga\/product\/wire-rope-cutting-machine\/#primaryimage"},"thumbnailUrl":"https:\/\/zunzz.com\/wp-content\/uploads\/2023\/10\/11.webp","datePublished":"2023-10-14T12:24:43+00:00","dateModified":"2023-12-16T12:12:16+00:00","description":"Is \u00e9ard at\u00e1 sa mheais\u00edn gearrtha r\u00f3pa sreang den chuid is m\u00f3 n\u00e1 foinse cumhachta (caid\u00e9al leictreach n\u00f3 caid\u00e9al l\u00e1imhe), sorc\u00f3ir ola oibre, iarnr\u00f3d sleamhn\u00e1in, agus lann gearrtha.","breadcrumb":{"@id":"https:\/\/zunzz.com\/ga\/product\/wire-rope-cutting-machine\/#breadcrumb"},"inLanguage":"ga-IE","potentialAction":[{"@type":"ReadAction","target":["https:\/\/zunzz.com\/ga\/product\/wire-rope-cutting-machine\/"]}]},{"@type":"ImageObject","inLanguage":"ga-IE","@id":"https:\/\/zunzz.com\/ga\/product\/wire-rope-cutting-machine\/#primaryimage","url":"https:\/\/zunzz.com\/wp-content\/uploads\/2023\/10\/11.webp","contentUrl":"https:\/\/zunzz.com\/wp-content\/uploads\/2023\/10\/11.webp","width":700,"height":700,"caption":"meais\u00edn gearrtha r\u00f3pa sreang"},{"@type":"BreadcrumbList","@id":"https:\/\/zunzz.com\/ga\/product\/wire-rope-cutting-machine\/#breadcrumb","itemListElement":[{"@type":"ListItem","position":1,"name":"Home","item":"https:\/\/zunzz.com\/ga\/home\/"},{"@type":"ListItem","position":2,"name":"Shop","item":"https:\/\/zunzz.com\/bg\/shop\/"},{"@type":"ListItem","position":3,"name":"Meais\u00edn gearrtha r\u00f3pa sreang"}]},{"@type":"WebSite","@id":"https:\/\/zunzz.com\/ga\/#website","url":"https:\/\/zunzz.com\/ga\/","name":"Zunzz Wire Rope Sling Machine Company","description":"Zunzz Wire Rope Sling Machine Company is a leading manufacturer of wire rope sling machines and related products.","publisher":{"@id":"https:\/\/zunzz.com\/ga\/#organization"},"potentialAction":[{"@type":"SearchAction","target":{"@type":"EntryPoint","urlTemplate":"https:\/\/zunzz.com\/ga\/?s={search_term_string}"},"query-input":{"@type":"PropertyValueSpecification","valueRequired":true,"valueName":"search_term_string"}}],"inLanguage":"ga-IE"},{"@type":"Organization","@id":"https:\/\/zunzz.com\/ga\/#organization","name":"Zunzz Wire Rope Sling Machine Company","url":"https:\/\/zunzz.com\/ga\/","logo":{"@type":"ImageObject","inLanguage":"ga-IE","@id":"https:\/\/zunzz.com\/ga\/#\/schema\/logo\/image\/","url":"https:\/\/zunzz.com\/wp-content\/uploads\/2023\/09\/Logo.png","contentUrl":"https:\/\/zunzz.com\/wp-content\/uploads\/2023\/09\/Logo.png","width":171,"height":133,"caption":"Zunzz Wire Rope Sling Machine Company"},"image":{"@id":"https:\/\/zunzz.com\/ga\/#\/schema\/logo\/image\/"}}]}},"_links":{"self":[{"href":"https:\/\/zunzz.com\/ga\/wp-json\/wp\/v2\/product\/2300","targetHints":{"allow":["GET"]}}],"collection":[{"href":"https:\/\/zunzz.com\/ga\/wp-json\/wp\/v2\/product"}],"about":[{"href":"https:\/\/zunzz.com\/ga\/wp-json\/wp\/v2\/types\/product"}],"replies":[{"embeddable":true,"href":"https:\/\/zunzz.com\/ga\/wp-json\/wp\/v2\/comments?post=2300"}],"wp:featuredmedia":[{"embeddable":true,"href":"https:\/\/zunzz.com\/ga\/wp-json\/wp\/v2\/media\/2301"}],"wp:attachment":[{"href":"https:\/\/zunzz.com\/ga\/wp-json\/wp\/v2\/media?parent=2300"}],"wp:term":[{"taxonomy":"product_brand","embeddable":true,"href":"https:\/\/zunzz.com\/ga\/wp-json\/wp\/v2\/product_brand?post=2300"},{"taxonomy":"product_cat","embeddable":true,"href":"https:\/\/zunzz.com\/ga\/wp-json\/wp\/v2\/product_cat?post=2300"},{"taxonomy":"product_tag","embeddable":true,"href":"https:\/\/zunzz.com\/ga\/wp-json\/wp\/v2\/product_tag?post=2300"}],"curies":[{"name":"wp","href":"https:\/\/api.w.org\/{rel}","templated":true}]}}