{"id":1737,"date":"2020-01-14T14:10:46","date_gmt":"2020-01-14T14:10:46","guid":{"rendered":"https:\/\/zunzz.com\/an-nuacht-is-deanai\/"},"modified":"2025-12-18T02:51:52","modified_gmt":"2025-12-18T02:51:52","slug":"latest-news","status":"publish","type":"page","link":"https:\/\/zunzz.com\/ga\/latest-news\/","title":{"rendered":"An nuacht is d\u00e9ana\u00ed"},"content":{"rendered":"\t\t<div data-elementor-type=\"wp-page\" data-elementor-id=\"1737\" class=\"elementor elementor-1737 elementor-160\">\n\t\t\t\t\t\t<section class=\"elementor-section elementor-top-section elementor-element elementor-element-6ee884d elementor-section-boxed elementor-section-height-default elementor-section-height-default parallax_section_no qode_elementor_container_no\" data-id=\"6ee884d\" data-element_type=\"section\">\n\t\t\t\t\t\t<div class=\"elementor-container elementor-column-gap-default\">\n\t\t\t\t\t<div class=\"elementor-column elementor-col-100 elementor-top-column elementor-element elementor-element-16e9107\" data-id=\"16e9107\" data-element_type=\"column\">\n\t\t\t<div class=\"elementor-widget-wrap elementor-element-populated\">\n\t\t\t\t\t\t<div class=\"elementor-element elementor-element-75f07c1 elementor-widget elementor-widget-bridge_latest_posts\" data-id=\"75f07c1\" data-element_type=\"widget\" data-widget_type=\"bridge_latest_posts.default\">\n\t\t\t\t<div class=\"elementor-widget-container\">\n\t\t\t\t\t\n<div class='latest_post_holder image_in_box  ' >\n    <ul>\n    \n        <li class=\"clearfix\">\n            <div class=\"latest_post\"  >\n                <div class=\"latest_post_image clearfix\">\n                    <a itemprop=\"url\" href=\"https:\/\/zunzz.com\/ga\/ceisteanna-agus-freagrai-coitianta-maidir-le-meaisin-ropa-sreinge\/\">\n                                            <\/a>\n                <\/div>\n\n\n                <div class=\"latest_post_text\">\n                    <div class=\"latest_post_inner\">\n                        <div class=\"latest_post_text_inner\">\n                            <h3 itemprop=\"name\" class=\"latest_post_title entry_title\"><a itemprop=\"url\" href=\"https:\/\/zunzz.com\/ga\/ceisteanna-agus-freagrai-coitianta-maidir-le-meaisin-ropa-sreinge\/\">Ceisteanna agus Freagra\u00ed Coitianta maidir le Meais\u00edn R\u00f3pa Sreinge<\/a><\/h3>\n                            <p class=\"excerpt\">I bpr\u00f3iseas t\u00f3g\u00e1la agus cur i bhfeidhm r\u00f3pa sreinge cruach, t\u00e1 r\u00f3l r\u00edth\u00e1bhachtach ag an meais\u00edn d\u00edfhillte r\u00f3pa sreinge cruach mar threalamh c\u00fanta t\u00e1bhachtach. Mar sin f\u00e9in, mar gheall ar fhacht\u00f3ir\u00ed am...<\/p>\n                            <span class=\"post_infos\">\n                                                                    <span class=\"date_hour_holder\">\n                                        <span itemprop=\"dateCreated\" class=\"date entry_date updated\">03 June, 2025 <meta itemprop=\"interactionCount\" content=\"UserComments: 0\"\/><\/span>\n                                    <\/span>\n                                \n                                \n                                \n                                \n                                                            <\/span>\n                        <\/div>\n                    <\/div>\n                <\/div>\n            <\/div>\n        <\/li>\n        \n        <li class=\"clearfix\">\n            <div class=\"latest_post\"  >\n                <div class=\"latest_post_image clearfix\">\n                    <a itemprop=\"url\" href=\"https:\/\/zunzz.com\/ga\/ten-major-faults-of-wire-rope-swaging-machine\/\">\n                        <img decoding=\"async\" width=\"150\" height=\"150\" src=\"https:\/\/zunzz.com\/wp-content\/uploads\/2024\/12\/swager-motor-1-150x150.webp\" class=\"attachment-thumbnail size-thumbnail\" alt=\"m\u00f3tair luascad\u00e1n\" srcset=\"https:\/\/zunzz.com\/wp-content\/uploads\/2024\/12\/swager-motor-1-150x150.webp 150w, https:\/\/zunzz.com\/wp-content\/uploads\/2024\/12\/swager-motor-1-300x300.webp 300w, https:\/\/zunzz.com\/wp-content\/uploads\/2024\/12\/swager-motor-1-100x100.webp 100w, https:\/\/zunzz.com\/wp-content\/uploads\/2024\/12\/swager-motor-1.webp 500w\" sizes=\"(max-width: 150px) 100vw, 150px\" \/>                    <\/a>\n                <\/div>\n\n\n                <div class=\"latest_post_text\">\n                    <div class=\"latest_post_inner\">\n                        <div class=\"latest_post_text_inner\">\n                            <h3 itemprop=\"name\" class=\"latest_post_title entry_title\"><a itemprop=\"url\" href=\"https:\/\/zunzz.com\/ga\/ten-major-faults-of-wire-rope-swaging-machine\/\">Deich locht m\u00f3r ar mheais\u00edn swaging r\u00f3pa sreang<\/a><\/h3>\n                            <p class=\"excerpt\">Anail\u00eds mhionsonraithe ar na 10 bhfadhb is fearr a d&#039;fh\u00e9adfadh tarl\u00fa le linn \u00fas\u00e1id an mheais\u00edn, agus sol\u00e1thra\u00edonn s\u00e9 r\u00e9itigh phraitici\u00fala. 1. N\u00ed f\u00e9idir le br\u00fa an mheais\u00edn swaging a bhaint amach N...<\/p>\n                            <span class=\"post_infos\">\n                                                                    <span class=\"date_hour_holder\">\n                                        <span itemprop=\"dateCreated\" class=\"date entry_date updated\">14 December, 2024 <meta itemprop=\"interactionCount\" content=\"UserComments: 0\"\/><\/span>\n                                    <\/span>\n                                \n                                \n                                \n                                \n                                                            <\/span>\n                        <\/div>\n                    <\/div>\n                <\/div>\n            <\/div>\n        <\/li>\n        \n        <li class=\"clearfix\">\n            <div class=\"latest_post\"  >\n                <div class=\"latest_post_image clearfix\">\n                    <a itemprop=\"url\" href=\"https:\/\/zunzz.com\/ga\/let-you-know-about-cutting-and-annealing-machine-at-one-time\/\">\n                        <img decoding=\"async\" width=\"150\" height=\"150\" src=\"https:\/\/zunzz.com\/wp-content\/uploads\/2024\/12\/Cutting-and-Annealing-Machine-150x150.webp\" class=\"attachment-thumbnail size-thumbnail\" alt=\"Meais\u00edn Gearradh agus Annealing\" srcset=\"https:\/\/zunzz.com\/wp-content\/uploads\/2024\/12\/Cutting-and-Annealing-Machine-150x150.webp 150w, https:\/\/zunzz.com\/wp-content\/uploads\/2024\/12\/Cutting-and-Annealing-Machine-300x300.webp 300w, https:\/\/zunzz.com\/wp-content\/uploads\/2024\/12\/Cutting-and-Annealing-Machine-570x570.webp 570w, https:\/\/zunzz.com\/wp-content\/uploads\/2024\/12\/Cutting-and-Annealing-Machine-500x500.webp 500w, https:\/\/zunzz.com\/wp-content\/uploads\/2024\/12\/Cutting-and-Annealing-Machine-100x100.webp 100w, https:\/\/zunzz.com\/wp-content\/uploads\/2024\/12\/Cutting-and-Annealing-Machine.webp 600w\" sizes=\"(max-width: 150px) 100vw, 150px\" \/>                    <\/a>\n                <\/div>\n\n\n                <div class=\"latest_post_text\">\n                    <div class=\"latest_post_inner\">\n                        <div class=\"latest_post_text_inner\">\n                            <h3 itemprop=\"name\" class=\"latest_post_title entry_title\"><a itemprop=\"url\" href=\"https:\/\/zunzz.com\/ga\/let-you-know-about-cutting-and-annealing-machine-at-one-time\/\">Cuir in i\u00fal duit faoi Meais\u00edn Gearradh agus Annealing ag aon am amh\u00e1in<\/a><\/h3>\n                            <p class=\"excerpt\">1. Sreabhadh Oibre an Mheais\u00edn Gearrtha agus Anneal\u00e1la Sa l\u00e1 at\u00e1 inniu cuirfimid in i\u00fal duit an meais\u00edn gearrtha agus annealing ag an am. Gc\u00e9ad dul s\u00edos, t\u00fas oibri\u00fa l\u00e1imhe, n\u00f3 go hioml\u00e1n uathoibr\u00edoch....<\/p>\n                            <span class=\"post_infos\">\n                                                                    <span class=\"date_hour_holder\">\n                                        <span itemprop=\"dateCreated\" class=\"date entry_date updated\">05 December, 2024 <meta itemprop=\"interactionCount\" content=\"UserComments: 0\"\/><\/span>\n                                    <\/span>\n                                \n                                \n                                \n                                \n                                                            <\/span>\n                        <\/div>\n                    <\/div>\n                <\/div>\n            <\/div>\n        <\/li>\n        \n        <li class=\"clearfix\">\n            <div class=\"latest_post\"  >\n                <div class=\"latest_post_image clearfix\">\n                    <a itemprop=\"url\" href=\"https:\/\/zunzz.com\/ga\/aicmiu-sling-ropa-sreang\/\">\n                                            <\/a>\n                <\/div>\n\n\n                <div class=\"latest_post_text\">\n                    <div class=\"latest_post_inner\">\n                        <div class=\"latest_post_text_inner\">\n                            <h3 itemprop=\"name\" class=\"latest_post_title entry_title\"><a itemprop=\"url\" href=\"https:\/\/zunzz.com\/ga\/aicmiu-sling-ropa-sreang\/\">aicmi\u00fa sling r\u00f3pa sreang<\/a><\/h3>\n                            <p class=\"excerpt\">1. RIGING T\u00d3PA sreinge CRUACH Br\u00faite Is cine\u00e1l sling r\u00f3pa sreang cruach \u00e9 rigging br\u00faite a \u00fas\u00e1idimid go coitianta, at\u00e1 roinnte go ginear\u00e1lta ina dh\u00e1 chine\u00e1l: le coil\u00e9ar agus gan collar. I gcompar\u00e1id l...<\/p>\n                            <span class=\"post_infos\">\n                                                                    <span class=\"date_hour_holder\">\n                                        <span itemprop=\"dateCreated\" class=\"date entry_date updated\">24 September, 2023 <meta itemprop=\"interactionCount\" content=\"UserComments: 0\"\/><\/span>\n                                    <\/span>\n                                \n                                \n                                \n                                \n                                                            <\/span>\n                        <\/div>\n                    <\/div>\n                <\/div>\n            <\/div>\n        <\/li>\n        \n        <li class=\"clearfix\">\n            <div class=\"latest_post\"  >\n                <div class=\"latest_post_image clearfix\">\n                    <a itemprop=\"url\" href=\"https:\/\/zunzz.com\/ga\/wire-rope-sling\/\">\n                                            <\/a>\n                <\/div>\n\n\n                <div class=\"latest_post_text\">\n                    <div class=\"latest_post_inner\">\n                        <div class=\"latest_post_text_inner\">\n                            <h3 itemprop=\"name\" class=\"latest_post_title entry_title\"><a itemprop=\"url\" href=\"https:\/\/zunzz.com\/ga\/wire-rope-sling\/\">Sling R\u00f3pa Sreang<\/a><\/h3>\n                            <p class=\"excerpt\">Cad \u00e9 sling r\u00f3pa sreang cruach Is r\u00f3pa \u00e9 sling r\u00f3pa sreang cruach a phr\u00f3ise\u00e1iltear ag baint \u00fas\u00e1ide as r\u00f3pa sreang cruach mar amh\u00e1bhar agus a \u00fas\u00e1idtear go pr\u00edomha le haghaidh r\u00f3pa\u00ed ardaithe, tarraingt,...<\/p>\n                            <span class=\"post_infos\">\n                                                                    <span class=\"date_hour_holder\">\n                                        <span itemprop=\"dateCreated\" class=\"date entry_date updated\">14 January, 2020 <meta itemprop=\"interactionCount\" content=\"UserComments: 0\"\/><\/span>\n                                    <\/span>\n                                \n                                \n                                \n                                \n                                                            <\/span>\n                        <\/div>\n                    <\/div>\n                <\/div>\n            <\/div>\n        <\/li>\n        \n    <\/ul>\n<\/div>\t\t\t\t<\/div>\n\t\t\t\t<\/div>\n\t\t\t\t\t<\/div>\n\t\t<\/div>\n\t\t\t\t\t<\/div>\n\t\t<\/section>\n\t\t\t\t<\/div>\n\t\t","protected":false},"excerpt":{"rendered":"<p>Common Questions and Answers for Wire Rope Reeling Machine In the process of steel wire rope construction and application, the steel wire rope reeling machine plays a crucial role as an important auxiliary equipment. However, due to factors such as on-site en&#8230; 03 June, 2025&#8230;<\/p>\n","protected":false},"author":1,"featured_media":0,"parent":0,"menu_order":0,"comment_status":"closed","ping_status":"closed","template":"","meta":{"footnotes":""},"class_list":["post-1737","page","type-page","status-publish","hentry"],"yoast_head":"<!-- This site is optimized with the Yoast SEO plugin v26.8 - https:\/\/yoast.com\/product\/yoast-seo-wordpress\/ -->\n<title>An nuacht is d\u00e9ana\u00ed - Cuideachta meais\u00edn sling r\u00f3pa sreang Zunzz<\/title>\n<meta name=\"description\" content=\"Faisn\u00e9is chuimsitheach ar na heisi\u00faint\u00ed t\u00e1irge is d\u00e9ana\u00ed, treochta\u00ed tionscail, nu\u00e1la\u00edochta\u00ed teicneola\u00edochta, agus treochta\u00ed margaidh Cuideachta meais\u00edn sling r\u00f3pa sreang Zunzz.\" \/>\n<meta name=\"robots\" content=\"index, follow, max-snippet:-1, max-image-preview:large, max-video-preview:-1\" \/>\n<link rel=\"canonical\" href=\"https:\/\/zunzz.com\/ga\/latest-news\/\" \/>\n<meta property=\"og:locale\" content=\"ga_IE\" \/>\n<meta property=\"og:type\" content=\"article\" \/>\n<meta property=\"og:title\" content=\"An nuacht is d\u00e9ana\u00ed - Cuideachta meais\u00edn sling r\u00f3pa sreang Zunzz\" \/>\n<meta property=\"og:description\" content=\"Faisn\u00e9is chuimsitheach ar na heisi\u00faint\u00ed t\u00e1irge is d\u00e9ana\u00ed, treochta\u00ed tionscail, nu\u00e1la\u00edochta\u00ed teicneola\u00edochta, agus treochta\u00ed margaidh Cuideachta meais\u00edn sling r\u00f3pa sreang Zunzz.\" \/>\n<meta property=\"og:url\" content=\"https:\/\/zunzz.com\/ga\/latest-news\/\" \/>\n<meta property=\"og:site_name\" content=\"Zunzz Wire Rope Sling Machine Company\" \/>\n<meta property=\"article:modified_time\" content=\"2025-12-18T02:51:52+00:00\" \/>\n<meta property=\"og:image\" content=\"https:\/\/zunzz.com\/wp-content\/uploads\/2020\/01\/1.webp\" \/>\n\t<meta property=\"og:image:width\" content=\"1400\" \/>\n\t<meta property=\"og:image:height\" content=\"1400\" \/>\n\t<meta property=\"og:image:type\" content=\"image\/webp\" \/>\n<meta name=\"twitter:card\" content=\"summary_large_image\" \/>\n<meta name=\"twitter:label1\" content=\"Est. reading time\" \/>\n\t<meta name=\"twitter:data1\" content=\"1 minute\" \/>\n<script type=\"application\/ld+json\" class=\"yoast-schema-graph\">{\"@context\":\"https:\/\/schema.org\",\"@graph\":[{\"@type\":\"WebPage\",\"@id\":\"https:\/\/zunzz.com\/ga\/latest-news\/\",\"url\":\"https:\/\/zunzz.com\/ga\/latest-news\/\",\"name\":\"An nuacht is d\u00e9ana\u00ed - Cuideachta meais\u00edn sling r\u00f3pa sreang Zunzz\",\"isPartOf\":{\"@id\":\"https:\/\/zunzz.com\/ga\/#website\"},\"primaryImageOfPage\":{\"@id\":\"https:\/\/zunzz.com\/ga\/latest-news\/#primaryimage\"},\"image\":{\"@id\":\"https:\/\/zunzz.com\/ga\/latest-news\/#primaryimage\"},\"thumbnailUrl\":\"https:\/\/zunzz.com\/wp-content\/uploads\/2025\/06\/Wire-Rope-Coiling-Machine-5T-150x150.webp\",\"datePublished\":\"2020-01-14T14:10:46+00:00\",\"dateModified\":\"2025-12-18T02:51:52+00:00\",\"description\":\"Faisn\u00e9is chuimsitheach ar na heisi\u00faint\u00ed t\u00e1irge is d\u00e9ana\u00ed, treochta\u00ed tionscail, nu\u00e1la\u00edochta\u00ed teicneola\u00edochta, agus treochta\u00ed margaidh Cuideachta meais\u00edn sling r\u00f3pa sreang Zunzz.\",\"breadcrumb\":{\"@id\":\"https:\/\/zunzz.com\/ga\/latest-news\/#breadcrumb\"},\"inLanguage\":\"ga-IE\",\"potentialAction\":[{\"@type\":\"ReadAction\",\"target\":[\"https:\/\/zunzz.com\/ga\/latest-news\/\"]}]},{\"@type\":\"ImageObject\",\"inLanguage\":\"ga-IE\",\"@id\":\"https:\/\/zunzz.com\/ga\/latest-news\/#primaryimage\",\"url\":\"https:\/\/zunzz.com\/wp-content\/uploads\/2025\/06\/Wire-Rope-Coiling-Machine-5T-150x150.webp\",\"contentUrl\":\"https:\/\/zunzz.com\/wp-content\/uploads\/2025\/06\/Wire-Rope-Coiling-Machine-5T-150x150.webp\"},{\"@type\":\"BreadcrumbList\",\"@id\":\"https:\/\/zunzz.com\/ga\/latest-news\/#breadcrumb\",\"itemListElement\":[{\"@type\":\"ListItem\",\"position\":1,\"name\":\"Home\",\"item\":\"https:\/\/zunzz.com\/ga\/home\/\"},{\"@type\":\"ListItem\",\"position\":2,\"name\":\"An nuacht is d\u00e9ana\u00ed\"}]},{\"@type\":\"WebSite\",\"@id\":\"https:\/\/zunzz.com\/ga\/#website\",\"url\":\"https:\/\/zunzz.com\/ga\/\",\"name\":\"Zunzz Wire Rope Sling Machine Company\",\"description\":\"Zunzz Wire Rope Sling Machine Company is a leading manufacturer of wire rope sling machines and related products.\",\"publisher\":{\"@id\":\"https:\/\/zunzz.com\/ga\/#organization\"},\"potentialAction\":[{\"@type\":\"SearchAction\",\"target\":{\"@type\":\"EntryPoint\",\"urlTemplate\":\"https:\/\/zunzz.com\/ga\/?s={search_term_string}\"},\"query-input\":{\"@type\":\"PropertyValueSpecification\",\"valueRequired\":true,\"valueName\":\"search_term_string\"}}],\"inLanguage\":\"ga-IE\"},{\"@type\":\"Organization\",\"@id\":\"https:\/\/zunzz.com\/ga\/#organization\",\"name\":\"Zunzz Wire Rope Sling Machine Company\",\"url\":\"https:\/\/zunzz.com\/ga\/\",\"logo\":{\"@type\":\"ImageObject\",\"inLanguage\":\"ga-IE\",\"@id\":\"https:\/\/zunzz.com\/ga\/#\/schema\/logo\/image\/\",\"url\":\"https:\/\/zunzz.com\/wp-content\/uploads\/2023\/09\/Logo.png\",\"contentUrl\":\"https:\/\/zunzz.com\/wp-content\/uploads\/2023\/09\/Logo.png\",\"width\":171,\"height\":133,\"caption\":\"Zunzz Wire Rope Sling Machine Company\"},\"image\":{\"@id\":\"https:\/\/zunzz.com\/ga\/#\/schema\/logo\/image\/\"}}]}<\/script>\n<!-- \/ Yoast SEO plugin. -->","yoast_head_json":{"title":"An nuacht is d\u00e9ana\u00ed - Cuideachta meais\u00edn sling r\u00f3pa sreang Zunzz","description":"Faisn\u00e9is chuimsitheach ar na heisi\u00faint\u00ed t\u00e1irge is d\u00e9ana\u00ed, treochta\u00ed tionscail, nu\u00e1la\u00edochta\u00ed teicneola\u00edochta, agus treochta\u00ed margaidh Cuideachta meais\u00edn sling r\u00f3pa sreang Zunzz.","robots":{"index":"index","follow":"follow","max-snippet":"max-snippet:-1","max-image-preview":"max-image-preview:large","max-video-preview":"max-video-preview:-1"},"canonical":"https:\/\/zunzz.com\/ga\/latest-news\/","og_locale":"ga_IE","og_type":"article","og_title":"An nuacht is d\u00e9ana\u00ed - Cuideachta meais\u00edn sling r\u00f3pa sreang Zunzz","og_description":"Faisn\u00e9is chuimsitheach ar na heisi\u00faint\u00ed t\u00e1irge is d\u00e9ana\u00ed, treochta\u00ed tionscail, nu\u00e1la\u00edochta\u00ed teicneola\u00edochta, agus treochta\u00ed margaidh Cuideachta meais\u00edn sling r\u00f3pa sreang Zunzz.","og_url":"https:\/\/zunzz.com\/ga\/latest-news\/","og_site_name":"Zunzz Wire Rope Sling Machine Company","article_modified_time":"2025-12-18T02:51:52+00:00","og_image":[{"width":1400,"height":1400,"url":"https:\/\/zunzz.com\/wp-content\/uploads\/2020\/01\/1.webp","type":"image\/webp"}],"twitter_card":"summary_large_image","twitter_misc":{"Est. reading time":"1 minute"},"schema":{"@context":"https:\/\/schema.org","@graph":[{"@type":"WebPage","@id":"https:\/\/zunzz.com\/ga\/latest-news\/","url":"https:\/\/zunzz.com\/ga\/latest-news\/","name":"An nuacht is d\u00e9ana\u00ed - Cuideachta meais\u00edn sling r\u00f3pa sreang Zunzz","isPartOf":{"@id":"https:\/\/zunzz.com\/ga\/#website"},"primaryImageOfPage":{"@id":"https:\/\/zunzz.com\/ga\/latest-news\/#primaryimage"},"image":{"@id":"https:\/\/zunzz.com\/ga\/latest-news\/#primaryimage"},"thumbnailUrl":"https:\/\/zunzz.com\/wp-content\/uploads\/2025\/06\/Wire-Rope-Coiling-Machine-5T-150x150.webp","datePublished":"2020-01-14T14:10:46+00:00","dateModified":"2025-12-18T02:51:52+00:00","description":"Faisn\u00e9is chuimsitheach ar na heisi\u00faint\u00ed t\u00e1irge is d\u00e9ana\u00ed, treochta\u00ed tionscail, nu\u00e1la\u00edochta\u00ed teicneola\u00edochta, agus treochta\u00ed margaidh Cuideachta meais\u00edn sling r\u00f3pa sreang Zunzz.","breadcrumb":{"@id":"https:\/\/zunzz.com\/ga\/latest-news\/#breadcrumb"},"inLanguage":"ga-IE","potentialAction":[{"@type":"ReadAction","target":["https:\/\/zunzz.com\/ga\/latest-news\/"]}]},{"@type":"ImageObject","inLanguage":"ga-IE","@id":"https:\/\/zunzz.com\/ga\/latest-news\/#primaryimage","url":"https:\/\/zunzz.com\/wp-content\/uploads\/2025\/06\/Wire-Rope-Coiling-Machine-5T-150x150.webp","contentUrl":"https:\/\/zunzz.com\/wp-content\/uploads\/2025\/06\/Wire-Rope-Coiling-Machine-5T-150x150.webp"},{"@type":"BreadcrumbList","@id":"https:\/\/zunzz.com\/ga\/latest-news\/#breadcrumb","itemListElement":[{"@type":"ListItem","position":1,"name":"Home","item":"https:\/\/zunzz.com\/ga\/home\/"},{"@type":"ListItem","position":2,"name":"An nuacht is d\u00e9ana\u00ed"}]},{"@type":"WebSite","@id":"https:\/\/zunzz.com\/ga\/#website","url":"https:\/\/zunzz.com\/ga\/","name":"Zunzz Wire Rope Sling Machine Company","description":"Zunzz Wire Rope Sling Machine Company is a leading manufacturer of wire rope sling machines and related products.","publisher":{"@id":"https:\/\/zunzz.com\/ga\/#organization"},"potentialAction":[{"@type":"SearchAction","target":{"@type":"EntryPoint","urlTemplate":"https:\/\/zunzz.com\/ga\/?s={search_term_string}"},"query-input":{"@type":"PropertyValueSpecification","valueRequired":true,"valueName":"search_term_string"}}],"inLanguage":"ga-IE"},{"@type":"Organization","@id":"https:\/\/zunzz.com\/ga\/#organization","name":"Zunzz Wire Rope Sling Machine Company","url":"https:\/\/zunzz.com\/ga\/","logo":{"@type":"ImageObject","inLanguage":"ga-IE","@id":"https:\/\/zunzz.com\/ga\/#\/schema\/logo\/image\/","url":"https:\/\/zunzz.com\/wp-content\/uploads\/2023\/09\/Logo.png","contentUrl":"https:\/\/zunzz.com\/wp-content\/uploads\/2023\/09\/Logo.png","width":171,"height":133,"caption":"Zunzz Wire Rope Sling Machine Company"},"image":{"@id":"https:\/\/zunzz.com\/ga\/#\/schema\/logo\/image\/"}}]}},"_links":{"self":[{"href":"https:\/\/zunzz.com\/ga\/wp-json\/wp\/v2\/pages\/1737","targetHints":{"allow":["GET"]}}],"collection":[{"href":"https:\/\/zunzz.com\/ga\/wp-json\/wp\/v2\/pages"}],"about":[{"href":"https:\/\/zunzz.com\/ga\/wp-json\/wp\/v2\/types\/page"}],"author":[{"embeddable":true,"href":"https:\/\/zunzz.com\/ga\/wp-json\/wp\/v2\/users\/1"}],"replies":[{"embeddable":true,"href":"https:\/\/zunzz.com\/ga\/wp-json\/wp\/v2\/comments?post=1737"}],"version-history":[{"count":7,"href":"https:\/\/zunzz.com\/ga\/wp-json\/wp\/v2\/pages\/1737\/revisions"}],"predecessor-version":[{"id":5951,"href":"https:\/\/zunzz.com\/ga\/wp-json\/wp\/v2\/pages\/1737\/revisions\/5951"}],"wp:attachment":[{"href":"https:\/\/zunzz.com\/ga\/wp-json\/wp\/v2\/media?parent=1737"}],"curies":[{"name":"wp","href":"https:\/\/api.w.org\/{rel}","templated":true}]}}