{"id":1150,"date":"2023-10-15T11:56:26","date_gmt":"2023-10-15T11:56:26","guid":{"rendered":"https:\/\/zunzz.com\/?post_type=product&#038;p=1150"},"modified":"2023-12-07T12:50:57","modified_gmt":"2023-12-07T12:50:57","slug":"wire-rope-swager","status":"publish","type":"product","link":"https:\/\/zunzz.com\/et\/product\/wire-rope-swager\/","title":{"rendered":"Trossi kiik 60T"},"content":{"rendered":"<h3>Trossi vanker<\/h3>\n<p>See terastross Kohaldatavad terastrosside spetsifikatsioonid: \u03a6 3 \u03a6 4 \u03a6 5 \u03a6 6 \u03a6 8 \u03a6 9 \u03a6 10 \u03a6 11 \u03a6 12,5 mm<\/p>\n<p>Sobib lameda elliptilise alumiiniumh\u00fclsi pressimiseks, millel on hea krimpsutamisefekt ja tugev t\u00f5mbekindlus.<\/p>\n<p>Vormi\u00f5\u00f5nsus l\u00e4bib j\u00f5u tekitamiseks spetsiaalse poleerimise ja p\u00e4rast pressimist ei kleepu see riistvara k\u00fclge, mist\u00f5ttu on seda lihtne lammutada.<\/p>\n<p>Jagatud konstruktsioon, mida tuleb kasutada koos h\u00fcdropumpadega.<\/p>\n<p><img fetchpriority=\"high\" decoding=\"async\" class=\"alignnone size-full wp-image-1159\" src=\"https:\/\/zunzz.com\/wp-content\/uploads\/2023\/10\/wire-rope-swager1.webp\" alt=\"Trossi vanker\" width=\"750\" height=\"615\" srcset=\"https:\/\/zunzz.com\/wp-content\/uploads\/2023\/10\/wire-rope-swager1.webp 750w, https:\/\/zunzz.com\/wp-content\/uploads\/2023\/10\/wire-rope-swager1-300x246.webp 300w, https:\/\/zunzz.com\/wp-content\/uploads\/2023\/10\/wire-rope-swager1-700x574.webp 700w, https:\/\/zunzz.com\/wp-content\/uploads\/2023\/10\/wire-rope-swager1-600x492.webp 600w\" sizes=\"(max-width: 750px) 100vw, 750px\" \/> <img decoding=\"async\" class=\"alignnone size-full wp-image-1155\" src=\"https:\/\/zunzz.com\/wp-content\/uploads\/2023\/10\/wire-rope-swager.webp\" alt=\"Trossi vanker\" width=\"800\" height=\"800\" srcset=\"https:\/\/zunzz.com\/wp-content\/uploads\/2023\/10\/wire-rope-swager.webp 800w, https:\/\/zunzz.com\/wp-content\/uploads\/2023\/10\/wire-rope-swager-300x300.webp 300w, https:\/\/zunzz.com\/wp-content\/uploads\/2023\/10\/wire-rope-swager-150x150.webp 150w, https:\/\/zunzz.com\/wp-content\/uploads\/2023\/10\/wire-rope-swager-768x768.webp 768w, https:\/\/zunzz.com\/wp-content\/uploads\/2023\/10\/wire-rope-swager-570x570.webp 570w, https:\/\/zunzz.com\/wp-content\/uploads\/2023\/10\/wire-rope-swager-500x500.webp 500w, https:\/\/zunzz.com\/wp-content\/uploads\/2023\/10\/wire-rope-swager-700x700.webp 700w, https:\/\/zunzz.com\/wp-content\/uploads\/2023\/10\/wire-rope-swager-650x650.webp 650w, https:\/\/zunzz.com\/wp-content\/uploads\/2023\/10\/wire-rope-swager-600x600.webp 600w, https:\/\/zunzz.com\/wp-content\/uploads\/2023\/10\/wire-rope-swager-100x100.webp 100w\" sizes=\"(max-width: 800px) 100vw, 800px\" \/> <img decoding=\"async\" class=\"alignnone size-full wp-image-1151\" src=\"https:\/\/zunzz.com\/wp-content\/uploads\/2023\/10\/die-.webp\" alt=\"Trossi vanker\" width=\"750\" height=\"920\" srcset=\"https:\/\/zunzz.com\/wp-content\/uploads\/2023\/10\/die-.webp 750w, https:\/\/zunzz.com\/wp-content\/uploads\/2023\/10\/die--245x300.webp 245w, https:\/\/zunzz.com\/wp-content\/uploads\/2023\/10\/die--700x859.webp 700w, https:\/\/zunzz.com\/wp-content\/uploads\/2023\/10\/die--600x736.webp 600w\" sizes=\"(max-width: 750px) 100vw, 750px\" \/><\/p>\n","protected":false},"excerpt":{"rendered":"<p>Mudel: YT600<br \/>\nMahutavus: 600KN<br \/>\nPressi l\u00e4bim\u00f5\u00f5t: 12.5mm<br \/>\nV\u00f5imsus: 0,75 kw<br \/>\nSuurus: 150*205*380mm<br \/>\nKaal: 180KG<\/p>\n<p>Kasutatav keel:[wpml_language_selector_widget]<\/p>\n<p><a href=\"https:\/\/zunzz.com\/contact-store\/\"><button class=\"single_add_to_cart_button button alt\" type=\"submit\">K\u00dcSI KOHE<\/button><\/a><\/p>\n","protected":false},"featured_media":1157,"comment_status":"open","ping_status":"closed","template":"","meta":[],"product_brand":[],"product_cat":[66],"product_tag":[78],"class_list":{"0":"post-1150","1":"product","2":"type-product","3":"status-publish","4":"has-post-thumbnail","6":"product_cat-wire-rope-swaging-machine","7":"product_tag-wire-rope-swaging-machine","9":"first","10":"instock","11":"taxable","12":"shipping-taxable","13":"product-type-simple"},"yoast_head":"<!-- This site is optimized with the Yoast SEO plugin v26.8 - https:\/\/yoast.com\/product\/yoast-seo-wordpress\/ -->\n<title>tross 60T<\/title>\n<meta name=\"description\" content=\"Seda trossi vankrit saab kasutada terastrossi spetsifikatsioonide jaoks: \u03a6 3 \u03a6 4 \u03a6 5 \u03a6 6 \u03a6 8 \u03a6 9 \u03a6 10 \u03a6 11 \u03a6 12,5 mm. Pls lisateabe saamiseks v\u00f5tke meiega \u00fchendust\" \/>\n<meta name=\"robots\" content=\"index, follow, max-snippet:-1, max-image-preview:large, max-video-preview:-1\" \/>\n<link rel=\"canonical\" href=\"https:\/\/zunzz.com\/et\/product\/wire-rope-swager\/\" \/>\n<meta property=\"og:locale\" content=\"et_EE\" \/>\n<meta property=\"og:type\" content=\"article\" \/>\n<meta property=\"og:title\" content=\"tross 60T\" \/>\n<meta property=\"og:description\" content=\"Seda trossi vankrit saab kasutada terastrossi spetsifikatsioonide jaoks: \u03a6 3 \u03a6 4 \u03a6 5 \u03a6 6 \u03a6 8 \u03a6 9 \u03a6 10 \u03a6 11 \u03a6 12,5 mm. Pls lisateabe saamiseks v\u00f5tke meiega \u00fchendust\" \/>\n<meta property=\"og:url\" content=\"https:\/\/zunzz.com\/et\/product\/wire-rope-swager\/\" \/>\n<meta property=\"og:site_name\" content=\"Zunzz Wire Rope Sling Machine Company\" \/>\n<meta property=\"article:modified_time\" content=\"2023-12-07T12:50:57+00:00\" \/>\n<meta property=\"og:image\" content=\"https:\/\/zunzz.com\/wp-content\/uploads\/2023\/10\/wire-rope-swager.webp\" \/>\n\t<meta property=\"og:image:width\" content=\"800\" \/>\n\t<meta property=\"og:image:height\" content=\"800\" \/>\n\t<meta property=\"og:image:type\" content=\"image\/webp\" \/>\n<meta name=\"twitter:card\" content=\"summary_large_image\" \/>\n<meta name=\"twitter:label1\" content=\"Est. reading time\" \/>\n\t<meta name=\"twitter:data1\" content=\"1 minut\" \/>\n<script type=\"application\/ld+json\" class=\"yoast-schema-graph\">{\"@context\":\"https:\/\/schema.org\",\"@graph\":[{\"@type\":\"WebPage\",\"@id\":\"https:\/\/zunzz.com\/et\/product\/wire-rope-swager\/\",\"url\":\"https:\/\/zunzz.com\/et\/product\/wire-rope-swager\/\",\"name\":\"tross 60T\",\"isPartOf\":{\"@id\":\"https:\/\/zunzz.com\/et\/#website\"},\"primaryImageOfPage\":{\"@id\":\"https:\/\/zunzz.com\/et\/product\/wire-rope-swager\/#primaryimage\"},\"image\":{\"@id\":\"https:\/\/zunzz.com\/et\/product\/wire-rope-swager\/#primaryimage\"},\"thumbnailUrl\":\"https:\/\/zunzz.com\/wp-content\/uploads\/2023\/10\/wire-rope-swager.webp\",\"datePublished\":\"2023-10-15T11:56:26+00:00\",\"dateModified\":\"2023-12-07T12:50:57+00:00\",\"description\":\"Seda trossi vankrit saab kasutada terastrossi spetsifikatsioonide jaoks: \u03a6 3 \u03a6 4 \u03a6 5 \u03a6 6 \u03a6 8 \u03a6 9 \u03a6 10 \u03a6 11 \u03a6 12,5 mm. Pls lisateabe saamiseks v\u00f5tke meiega \u00fchendust\",\"breadcrumb\":{\"@id\":\"https:\/\/zunzz.com\/et\/product\/wire-rope-swager\/#breadcrumb\"},\"inLanguage\":\"et\",\"potentialAction\":[{\"@type\":\"ReadAction\",\"target\":[\"https:\/\/zunzz.com\/et\/product\/wire-rope-swager\/\"]}]},{\"@type\":\"ImageObject\",\"inLanguage\":\"et\",\"@id\":\"https:\/\/zunzz.com\/et\/product\/wire-rope-swager\/#primaryimage\",\"url\":\"https:\/\/zunzz.com\/wp-content\/uploads\/2023\/10\/wire-rope-swager.webp\",\"contentUrl\":\"https:\/\/zunzz.com\/wp-content\/uploads\/2023\/10\/wire-rope-swager.webp\",\"width\":800,\"height\":800,\"caption\":\"Trossi vanker\"},{\"@type\":\"BreadcrumbList\",\"@id\":\"https:\/\/zunzz.com\/et\/product\/wire-rope-swager\/#breadcrumb\",\"itemListElement\":[{\"@type\":\"ListItem\",\"position\":1,\"name\":\"Home\",\"item\":\"https:\/\/zunzz.com\/et\/home\/\"},{\"@type\":\"ListItem\",\"position\":2,\"name\":\"Shop\",\"item\":\"https:\/\/zunzz.com\/bg\/shop\/\"},{\"@type\":\"ListItem\",\"position\":3,\"name\":\"Trossi kiik 60T\"}]},{\"@type\":\"WebSite\",\"@id\":\"https:\/\/zunzz.com\/et\/#website\",\"url\":\"https:\/\/zunzz.com\/et\/\",\"name\":\"Zunzz Wire Rope Sling Machine Company\",\"description\":\"Zunzz Wire Rope Sling Machine Company is a leading manufacturer of wire rope sling machines and related products.\",\"publisher\":{\"@id\":\"https:\/\/zunzz.com\/et\/#organization\"},\"potentialAction\":[{\"@type\":\"SearchAction\",\"target\":{\"@type\":\"EntryPoint\",\"urlTemplate\":\"https:\/\/zunzz.com\/et\/?s={search_term_string}\"},\"query-input\":{\"@type\":\"PropertyValueSpecification\",\"valueRequired\":true,\"valueName\":\"search_term_string\"}}],\"inLanguage\":\"et\"},{\"@type\":\"Organization\",\"@id\":\"https:\/\/zunzz.com\/et\/#organization\",\"name\":\"Zunzz Wire Rope Sling Machine Company\",\"url\":\"https:\/\/zunzz.com\/et\/\",\"logo\":{\"@type\":\"ImageObject\",\"inLanguage\":\"et\",\"@id\":\"https:\/\/zunzz.com\/et\/#\/schema\/logo\/image\/\",\"url\":\"https:\/\/zunzz.com\/wp-content\/uploads\/2023\/09\/Logo.png\",\"contentUrl\":\"https:\/\/zunzz.com\/wp-content\/uploads\/2023\/09\/Logo.png\",\"width\":171,\"height\":133,\"caption\":\"Zunzz Wire Rope Sling Machine Company\"},\"image\":{\"@id\":\"https:\/\/zunzz.com\/et\/#\/schema\/logo\/image\/\"}}]}<\/script>\n<!-- \/ Yoast SEO plugin. -->","yoast_head_json":{"title":"tross 60T","description":"Seda trossi vankrit saab kasutada terastrossi spetsifikatsioonide jaoks: \u03a6 3 \u03a6 4 \u03a6 5 \u03a6 6 \u03a6 8 \u03a6 9 \u03a6 10 \u03a6 11 \u03a6 12,5 mm. Pls lisateabe saamiseks v\u00f5tke meiega \u00fchendust","robots":{"index":"index","follow":"follow","max-snippet":"max-snippet:-1","max-image-preview":"max-image-preview:large","max-video-preview":"max-video-preview:-1"},"canonical":"https:\/\/zunzz.com\/et\/product\/wire-rope-swager\/","og_locale":"et_EE","og_type":"article","og_title":"tross 60T","og_description":"Seda trossi vankrit saab kasutada terastrossi spetsifikatsioonide jaoks: \u03a6 3 \u03a6 4 \u03a6 5 \u03a6 6 \u03a6 8 \u03a6 9 \u03a6 10 \u03a6 11 \u03a6 12,5 mm. Pls lisateabe saamiseks v\u00f5tke meiega \u00fchendust","og_url":"https:\/\/zunzz.com\/et\/product\/wire-rope-swager\/","og_site_name":"Zunzz Wire Rope Sling Machine Company","article_modified_time":"2023-12-07T12:50:57+00:00","og_image":[{"width":800,"height":800,"url":"https:\/\/zunzz.com\/wp-content\/uploads\/2023\/10\/wire-rope-swager.webp","type":"image\/webp"}],"twitter_card":"summary_large_image","twitter_misc":{"Est. reading time":"1 minut"},"schema":{"@context":"https:\/\/schema.org","@graph":[{"@type":"WebPage","@id":"https:\/\/zunzz.com\/et\/product\/wire-rope-swager\/","url":"https:\/\/zunzz.com\/et\/product\/wire-rope-swager\/","name":"tross 60T","isPartOf":{"@id":"https:\/\/zunzz.com\/et\/#website"},"primaryImageOfPage":{"@id":"https:\/\/zunzz.com\/et\/product\/wire-rope-swager\/#primaryimage"},"image":{"@id":"https:\/\/zunzz.com\/et\/product\/wire-rope-swager\/#primaryimage"},"thumbnailUrl":"https:\/\/zunzz.com\/wp-content\/uploads\/2023\/10\/wire-rope-swager.webp","datePublished":"2023-10-15T11:56:26+00:00","dateModified":"2023-12-07T12:50:57+00:00","description":"Seda trossi vankrit saab kasutada terastrossi spetsifikatsioonide jaoks: \u03a6 3 \u03a6 4 \u03a6 5 \u03a6 6 \u03a6 8 \u03a6 9 \u03a6 10 \u03a6 11 \u03a6 12,5 mm. Pls lisateabe saamiseks v\u00f5tke meiega \u00fchendust","breadcrumb":{"@id":"https:\/\/zunzz.com\/et\/product\/wire-rope-swager\/#breadcrumb"},"inLanguage":"et","potentialAction":[{"@type":"ReadAction","target":["https:\/\/zunzz.com\/et\/product\/wire-rope-swager\/"]}]},{"@type":"ImageObject","inLanguage":"et","@id":"https:\/\/zunzz.com\/et\/product\/wire-rope-swager\/#primaryimage","url":"https:\/\/zunzz.com\/wp-content\/uploads\/2023\/10\/wire-rope-swager.webp","contentUrl":"https:\/\/zunzz.com\/wp-content\/uploads\/2023\/10\/wire-rope-swager.webp","width":800,"height":800,"caption":"Trossi vanker"},{"@type":"BreadcrumbList","@id":"https:\/\/zunzz.com\/et\/product\/wire-rope-swager\/#breadcrumb","itemListElement":[{"@type":"ListItem","position":1,"name":"Home","item":"https:\/\/zunzz.com\/et\/home\/"},{"@type":"ListItem","position":2,"name":"Shop","item":"https:\/\/zunzz.com\/bg\/shop\/"},{"@type":"ListItem","position":3,"name":"Trossi kiik 60T"}]},{"@type":"WebSite","@id":"https:\/\/zunzz.com\/et\/#website","url":"https:\/\/zunzz.com\/et\/","name":"Zunzz Wire Rope Sling Machine Company","description":"Zunzz Wire Rope Sling Machine Company is a leading manufacturer of wire rope sling machines and related products.","publisher":{"@id":"https:\/\/zunzz.com\/et\/#organization"},"potentialAction":[{"@type":"SearchAction","target":{"@type":"EntryPoint","urlTemplate":"https:\/\/zunzz.com\/et\/?s={search_term_string}"},"query-input":{"@type":"PropertyValueSpecification","valueRequired":true,"valueName":"search_term_string"}}],"inLanguage":"et"},{"@type":"Organization","@id":"https:\/\/zunzz.com\/et\/#organization","name":"Zunzz Wire Rope Sling Machine Company","url":"https:\/\/zunzz.com\/et\/","logo":{"@type":"ImageObject","inLanguage":"et","@id":"https:\/\/zunzz.com\/et\/#\/schema\/logo\/image\/","url":"https:\/\/zunzz.com\/wp-content\/uploads\/2023\/09\/Logo.png","contentUrl":"https:\/\/zunzz.com\/wp-content\/uploads\/2023\/09\/Logo.png","width":171,"height":133,"caption":"Zunzz Wire Rope Sling Machine Company"},"image":{"@id":"https:\/\/zunzz.com\/et\/#\/schema\/logo\/image\/"}}]}},"_links":{"self":[{"href":"https:\/\/zunzz.com\/et\/wp-json\/wp\/v2\/product\/1150","targetHints":{"allow":["GET"]}}],"collection":[{"href":"https:\/\/zunzz.com\/et\/wp-json\/wp\/v2\/product"}],"about":[{"href":"https:\/\/zunzz.com\/et\/wp-json\/wp\/v2\/types\/product"}],"replies":[{"embeddable":true,"href":"https:\/\/zunzz.com\/et\/wp-json\/wp\/v2\/comments?post=1150"}],"wp:featuredmedia":[{"embeddable":true,"href":"https:\/\/zunzz.com\/et\/wp-json\/wp\/v2\/media\/1157"}],"wp:attachment":[{"href":"https:\/\/zunzz.com\/et\/wp-json\/wp\/v2\/media?parent=1150"}],"wp:term":[{"taxonomy":"product_brand","embeddable":true,"href":"https:\/\/zunzz.com\/et\/wp-json\/wp\/v2\/product_brand?post=1150"},{"taxonomy":"product_cat","embeddable":true,"href":"https:\/\/zunzz.com\/et\/wp-json\/wp\/v2\/product_cat?post=1150"},{"taxonomy":"product_tag","embeddable":true,"href":"https:\/\/zunzz.com\/et\/wp-json\/wp\/v2\/product_tag?post=1150"}],"curies":[{"name":"wp","href":"https:\/\/api.w.org\/{rel}","templated":true}]}}