{"id":1128,"date":"2023-10-14T12:24:43","date_gmt":"2023-10-14T12:24:43","guid":{"rendered":"https:\/\/zunzz.com\/?post_type=product&#038;p=1128"},"modified":"2023-12-10T12:50:14","modified_gmt":"2023-12-10T12:50:14","slug":"wire-rope-cutting-machine","status":"publish","type":"product","link":"https:\/\/zunzz.com\/et\/product\/wire-rope-cutting-machine\/","title":{"rendered":"Trossi l\u00f5ikamise masin"},"content":{"rendered":"<h3>1.Terastrosside l\u00f5ikamise masin<\/h3>\n<p>Trossi l\u00f5ikamismasin koosneb peamiselt toiteallikast (elektriline pump v\u00f5i k\u00e4sitsi pump), t\u00f6\u00f6tavast \u00f5lisilindrist, liugr\u00f6\u00f6past ja l\u00f5iketerast.<\/p>\n<p>H\u00fcdrauliliste terastrossil\u00f5ikurite peamisi mudeleid on kaks, \u00fcks on QY-30 h\u00fcdrauliline terasest trossil\u00f5ikur, mida kasutatakse alla 30 mm l\u00e4bim\u00f5\u00f5duga terastrosside l\u00f5ikamiseks. Teine t\u00fc\u00fcp on QY-48 h\u00fcdrauliline terasest trossil\u00f5ikur, mida kasutatakse 48 mm l\u00e4bim\u00f5\u00f5duga terastrosside l\u00f5ikamiseks. Professionaalse vahendina terastrosside l\u00f5ikamiseks.<\/p>\n<p>H\u00fcdraulilise trossi l\u00f5ikuri eesm\u00e4rk<\/p>\n<p>H\u00fcdrauliline trossil\u00f5ikur v\u00e4hendab terastrosside l\u00f5ikamise t\u00f6\u00f6intensiivsust ja parandab t\u00f6\u00f6 efektiivsust, muutes selle sobivaks sellistele osakondadele nagu laevaremont ja kaevandamine. Sellel on ilus disain, t\u00e4iustatud struktuur, v\u00e4ike suurus, kerge kaal, usaldusv\u00e4\u00e4rne ja mugav kasutamine.<\/p>\n<h3>2. H\u00fcdraulilise terastrossi l\u00f5ikuri parameetrid<\/h3>\n<div class=\"table-r\">\n<table width=\"100%\">\n<tbody>\n<tr>\n<td width=\"50%\">Mudel<\/td>\n<td width=\"50%\">QY30, QY48<\/td>\n<\/tr>\n<tr>\n<td width=\"50%\">Suure l\u00e4bim\u00f5\u00f5duga terastraadi l\u00f5ikamine<\/td>\n<td width=\"50%\">30mm, 48mm<\/td>\n<\/tr>\n<tr>\n<td width=\"50%\">Kolvi edenemine<\/td>\n<td width=\"50%\">\u2265 38mm, \u2265 60mm<\/td>\n<\/tr>\n<tr>\n<td width=\"50%\">Suur nihkej\u00f5ud<\/td>\n<td width=\"50%\">7.5T, 20T<\/td>\n<\/tr>\n<tr>\n<td width=\"50%\">\u00d5li ladustamisv\u00f5imsus<\/td>\n<td width=\"50%\">0.19L, 0.30L<\/td>\n<\/tr>\n<tr>\n<td width=\"50%\">K\u00e4sitsege j\u00f5udu<\/td>\n<td width=\"50%\">\u2264 25kgf, \u2264 39kgf<\/td>\n<\/tr>\n<\/tbody>\n<\/table>\n<p>&nbsp;<\/p>\n<\/div>\n<p><img fetchpriority=\"high\" decoding=\"async\" class=\"alignnone wp-image-1306 \" src=\"https:\/\/zunzz.com\/wp-content\/uploads\/2023\/10\/11.webp\" alt=\"trossi l\u00f5ikamise masin\" width=\"750\" height=\"750\" srcset=\"https:\/\/zunzz.com\/wp-content\/uploads\/2023\/10\/11.webp 700w, https:\/\/zunzz.com\/wp-content\/uploads\/2023\/10\/11-300x300.webp 300w, https:\/\/zunzz.com\/wp-content\/uploads\/2023\/10\/11-150x150.webp 150w, https:\/\/zunzz.com\/wp-content\/uploads\/2023\/10\/11-570x570.webp 570w, https:\/\/zunzz.com\/wp-content\/uploads\/2023\/10\/11-500x500.webp 500w, https:\/\/zunzz.com\/wp-content\/uploads\/2023\/10\/11-650x650.webp 650w, https:\/\/zunzz.com\/wp-content\/uploads\/2023\/10\/11-600x600.webp 600w, https:\/\/zunzz.com\/wp-content\/uploads\/2023\/10\/11-100x100.webp 100w\" sizes=\"(max-width: 750px) 100vw, 750px\" \/><img decoding=\"async\" class=\"alignnone wp-image-1133\" src=\"https:\/\/zunzz.com\/wp-content\/uploads\/2023\/10\/2.webp\" alt=\"trossi l\u00f5ikamise masin\" width=\"750\" height=\"750\" srcset=\"https:\/\/zunzz.com\/wp-content\/uploads\/2023\/10\/2.webp 750w, https:\/\/zunzz.com\/wp-content\/uploads\/2023\/10\/2-300x300.webp 300w, https:\/\/zunzz.com\/wp-content\/uploads\/2023\/10\/2-150x150.webp 150w, https:\/\/zunzz.com\/wp-content\/uploads\/2023\/10\/2-570x570.webp 570w, https:\/\/zunzz.com\/wp-content\/uploads\/2023\/10\/2-500x500.webp 500w, https:\/\/zunzz.com\/wp-content\/uploads\/2023\/10\/2-700x700.webp 700w, https:\/\/zunzz.com\/wp-content\/uploads\/2023\/10\/2-650x650.webp 650w, https:\/\/zunzz.com\/wp-content\/uploads\/2023\/10\/2-600x600.webp 600w, https:\/\/zunzz.com\/wp-content\/uploads\/2023\/10\/2-100x100.webp 100w\" sizes=\"(max-width: 750px) 100vw, 750px\" \/><\/p>\n<p><img decoding=\"async\" class=\"alignnone wp-image-1137\" src=\"https:\/\/zunzz.com\/wp-content\/uploads\/2023\/10\/O1CN01blCJBM1eN0jAPBHEd_2208311683858-0-cib.webp\" alt=\"trossi l\u00f5ikamise masin\" width=\"750\" height=\"750\" srcset=\"https:\/\/zunzz.com\/wp-content\/uploads\/2023\/10\/O1CN01blCJBM1eN0jAPBHEd_2208311683858-0-cib.webp 750w, https:\/\/zunzz.com\/wp-content\/uploads\/2023\/10\/O1CN01blCJBM1eN0jAPBHEd_2208311683858-0-cib-300x300.webp 300w, https:\/\/zunzz.com\/wp-content\/uploads\/2023\/10\/O1CN01blCJBM1eN0jAPBHEd_2208311683858-0-cib-150x150.webp 150w, https:\/\/zunzz.com\/wp-content\/uploads\/2023\/10\/O1CN01blCJBM1eN0jAPBHEd_2208311683858-0-cib-570x570.webp 570w, https:\/\/zunzz.com\/wp-content\/uploads\/2023\/10\/O1CN01blCJBM1eN0jAPBHEd_2208311683858-0-cib-500x500.webp 500w, https:\/\/zunzz.com\/wp-content\/uploads\/2023\/10\/O1CN01blCJBM1eN0jAPBHEd_2208311683858-0-cib-700x700.webp 700w, https:\/\/zunzz.com\/wp-content\/uploads\/2023\/10\/O1CN01blCJBM1eN0jAPBHEd_2208311683858-0-cib-650x650.webp 650w, https:\/\/zunzz.com\/wp-content\/uploads\/2023\/10\/O1CN01blCJBM1eN0jAPBHEd_2208311683858-0-cib-600x600.webp 600w, https:\/\/zunzz.com\/wp-content\/uploads\/2023\/10\/O1CN01blCJBM1eN0jAPBHEd_2208311683858-0-cib-100x100.webp 100w\" sizes=\"(max-width: 750px) 100vw, 750px\" \/><\/p>\n<p><img loading=\"lazy\" decoding=\"async\" class=\"alignnone wp-image-1141\" src=\"https:\/\/zunzz.com\/wp-content\/uploads\/2023\/10\/O1CN01il9jc31eN0jGe43iA_2208311683858-0-cib.webp\" alt=\"trossi l\u00f5ikamise masin\" width=\"750\" height=\"750\" srcset=\"https:\/\/zunzz.com\/wp-content\/uploads\/2023\/10\/O1CN01il9jc31eN0jGe43iA_2208311683858-0-cib.webp 750w, https:\/\/zunzz.com\/wp-content\/uploads\/2023\/10\/O1CN01il9jc31eN0jGe43iA_2208311683858-0-cib-300x300.webp 300w, https:\/\/zunzz.com\/wp-content\/uploads\/2023\/10\/O1CN01il9jc31eN0jGe43iA_2208311683858-0-cib-150x150.webp 150w, https:\/\/zunzz.com\/wp-content\/uploads\/2023\/10\/O1CN01il9jc31eN0jGe43iA_2208311683858-0-cib-570x570.webp 570w, https:\/\/zunzz.com\/wp-content\/uploads\/2023\/10\/O1CN01il9jc31eN0jGe43iA_2208311683858-0-cib-500x500.webp 500w, https:\/\/zunzz.com\/wp-content\/uploads\/2023\/10\/O1CN01il9jc31eN0jGe43iA_2208311683858-0-cib-700x700.webp 700w, https:\/\/zunzz.com\/wp-content\/uploads\/2023\/10\/O1CN01il9jc31eN0jGe43iA_2208311683858-0-cib-650x650.webp 650w, https:\/\/zunzz.com\/wp-content\/uploads\/2023\/10\/O1CN01il9jc31eN0jGe43iA_2208311683858-0-cib-600x600.webp 600w, https:\/\/zunzz.com\/wp-content\/uploads\/2023\/10\/O1CN01il9jc31eN0jGe43iA_2208311683858-0-cib-100x100.webp 100w\" sizes=\"(max-width: 750px) 100vw, 750px\" \/><\/p>\n<p>Seda toodet on eksporditud mitmetesse riikidesse, nagu Ameerika \u00dchendriigid, Prantsusmaa, Kanada, Indoneesia, Venemaa, Vietnam, Austraalia, L\u00f5una-Korea, Iraan, ja see on saanud klientidelt \u00fcheh\u00e4\u00e4lset kiitust.<\/p>\n","protected":false},"excerpt":{"rendered":"<p>Mudel: QY30, QY48<br \/>\nMax. tross: 30mm 48mm<br \/>\nSuur nihkej\u00f5ud: 7.5T, 20T<br \/>\n\u00d5li ladustamismaht: 0.19L, 0.30L<br \/>\nKasutatav keel:[wpml_language_selector_widget]<\/p>\n<p><a href=\"https:\/\/zunzz.com\/et\/contact-store\/\"><button class=\"single_add_to_cart_button button alt\" type=\"submit\">K\u00dcSI KOHE<\/button><\/a><\/p>\n","protected":false},"featured_media":1308,"comment_status":"open","ping_status":"closed","template":"","meta":[],"product_brand":[],"product_cat":[62],"product_tag":[98,96,97],"class_list":{"0":"post-1128","1":"product","2":"type-product","3":"status-publish","4":"has-post-thumbnail","6":"product_cat-wire-rope-annealing-machine","7":"product_tag-steel-bar-cutter","8":"product_tag-wire-rope-cutting-machine","9":"product_tag-wire-rope-cutter","11":"first","12":"instock","13":"taxable","14":"shipping-taxable","15":"product-type-simple"},"yoast_head":"<!-- This site is optimized with the Yoast SEO plugin v26.8 - https:\/\/yoast.com\/product\/yoast-seo-wordpress\/ -->\n<title>Trossi l\u00f5ikamise masin<\/title>\n<meta name=\"description\" content=\"Trossi l\u00f5ikamismasin koosneb peamiselt toiteallikast (elektriline pump v\u00f5i k\u00e4sitsi pump), t\u00f6\u00f6tavast \u00f5lisilindrist, liugr\u00f6\u00f6past ja l\u00f5iketerast.\" \/>\n<meta name=\"robots\" content=\"index, follow, max-snippet:-1, max-image-preview:large, max-video-preview:-1\" \/>\n<link rel=\"canonical\" href=\"https:\/\/zunzz.com\/et\/product\/wire-rope-cutting-machine\/\" \/>\n<meta property=\"og:locale\" content=\"et_EE\" \/>\n<meta property=\"og:type\" content=\"article\" \/>\n<meta property=\"og:title\" content=\"Trossi l\u00f5ikamise masin\" \/>\n<meta property=\"og:description\" content=\"Trossi l\u00f5ikamismasin koosneb peamiselt toiteallikast (elektriline pump v\u00f5i k\u00e4sitsi pump), t\u00f6\u00f6tavast \u00f5lisilindrist, liugr\u00f6\u00f6past ja l\u00f5iketerast.\" \/>\n<meta property=\"og:url\" content=\"https:\/\/zunzz.com\/et\/product\/wire-rope-cutting-machine\/\" \/>\n<meta property=\"og:site_name\" content=\"Zunzz Wire Rope Sling Machine Company\" \/>\n<meta property=\"article:modified_time\" content=\"2023-12-10T12:50:14+00:00\" \/>\n<meta property=\"og:image\" content=\"https:\/\/zunzz.com\/wp-content\/uploads\/2023\/10\/11.webp\" \/>\n\t<meta property=\"og:image:width\" content=\"700\" \/>\n\t<meta property=\"og:image:height\" content=\"700\" \/>\n\t<meta property=\"og:image:type\" content=\"image\/webp\" \/>\n<meta name=\"twitter:card\" content=\"summary_large_image\" \/>\n<meta name=\"twitter:label1\" content=\"Est. reading time\" \/>\n\t<meta name=\"twitter:data1\" content=\"2 minutit\" \/>\n<script type=\"application\/ld+json\" class=\"yoast-schema-graph\">{\"@context\":\"https:\/\/schema.org\",\"@graph\":[{\"@type\":\"WebPage\",\"@id\":\"https:\/\/zunzz.com\/et\/product\/wire-rope-cutting-machine\/\",\"url\":\"https:\/\/zunzz.com\/et\/product\/wire-rope-cutting-machine\/\",\"name\":\"Trossi l\u00f5ikamise masin\",\"isPartOf\":{\"@id\":\"https:\/\/zunzz.com\/et\/#website\"},\"primaryImageOfPage\":{\"@id\":\"https:\/\/zunzz.com\/et\/product\/wire-rope-cutting-machine\/#primaryimage\"},\"image\":{\"@id\":\"https:\/\/zunzz.com\/et\/product\/wire-rope-cutting-machine\/#primaryimage\"},\"thumbnailUrl\":\"https:\/\/zunzz.com\/wp-content\/uploads\/2023\/10\/11.webp\",\"datePublished\":\"2023-10-14T12:24:43+00:00\",\"dateModified\":\"2023-12-10T12:50:14+00:00\",\"description\":\"Trossi l\u00f5ikamismasin koosneb peamiselt toiteallikast (elektriline pump v\u00f5i k\u00e4sitsi pump), t\u00f6\u00f6tavast \u00f5lisilindrist, liugr\u00f6\u00f6past ja l\u00f5iketerast.\",\"breadcrumb\":{\"@id\":\"https:\/\/zunzz.com\/et\/product\/wire-rope-cutting-machine\/#breadcrumb\"},\"inLanguage\":\"et\",\"potentialAction\":[{\"@type\":\"ReadAction\",\"target\":[\"https:\/\/zunzz.com\/et\/product\/wire-rope-cutting-machine\/\"]}]},{\"@type\":\"ImageObject\",\"inLanguage\":\"et\",\"@id\":\"https:\/\/zunzz.com\/et\/product\/wire-rope-cutting-machine\/#primaryimage\",\"url\":\"https:\/\/zunzz.com\/wp-content\/uploads\/2023\/10\/11.webp\",\"contentUrl\":\"https:\/\/zunzz.com\/wp-content\/uploads\/2023\/10\/11.webp\",\"width\":700,\"height\":700,\"caption\":\"trossi l\u00f5ikamise masin\"},{\"@type\":\"BreadcrumbList\",\"@id\":\"https:\/\/zunzz.com\/et\/product\/wire-rope-cutting-machine\/#breadcrumb\",\"itemListElement\":[{\"@type\":\"ListItem\",\"position\":1,\"name\":\"Home\",\"item\":\"https:\/\/zunzz.com\/et\/home\/\"},{\"@type\":\"ListItem\",\"position\":2,\"name\":\"Shop\",\"item\":\"https:\/\/zunzz.com\/bg\/shop\/\"},{\"@type\":\"ListItem\",\"position\":3,\"name\":\"Trossi l\u00f5ikamise masin\"}]},{\"@type\":\"WebSite\",\"@id\":\"https:\/\/zunzz.com\/et\/#website\",\"url\":\"https:\/\/zunzz.com\/et\/\",\"name\":\"Zunzz Wire Rope Sling Machine Company\",\"description\":\"Zunzz Wire Rope Sling Machine Company is a leading manufacturer of wire rope sling machines and related products.\",\"publisher\":{\"@id\":\"https:\/\/zunzz.com\/et\/#organization\"},\"potentialAction\":[{\"@type\":\"SearchAction\",\"target\":{\"@type\":\"EntryPoint\",\"urlTemplate\":\"https:\/\/zunzz.com\/et\/?s={search_term_string}\"},\"query-input\":{\"@type\":\"PropertyValueSpecification\",\"valueRequired\":true,\"valueName\":\"search_term_string\"}}],\"inLanguage\":\"et\"},{\"@type\":\"Organization\",\"@id\":\"https:\/\/zunzz.com\/et\/#organization\",\"name\":\"Zunzz Wire Rope Sling Machine Company\",\"url\":\"https:\/\/zunzz.com\/et\/\",\"logo\":{\"@type\":\"ImageObject\",\"inLanguage\":\"et\",\"@id\":\"https:\/\/zunzz.com\/et\/#\/schema\/logo\/image\/\",\"url\":\"https:\/\/zunzz.com\/wp-content\/uploads\/2023\/09\/Logo.png\",\"contentUrl\":\"https:\/\/zunzz.com\/wp-content\/uploads\/2023\/09\/Logo.png\",\"width\":171,\"height\":133,\"caption\":\"Zunzz Wire Rope Sling Machine Company\"},\"image\":{\"@id\":\"https:\/\/zunzz.com\/et\/#\/schema\/logo\/image\/\"}}]}<\/script>\n<!-- \/ Yoast SEO plugin. -->","yoast_head_json":{"title":"Trossi l\u00f5ikamise masin","description":"Trossi l\u00f5ikamismasin koosneb peamiselt toiteallikast (elektriline pump v\u00f5i k\u00e4sitsi pump), t\u00f6\u00f6tavast \u00f5lisilindrist, liugr\u00f6\u00f6past ja l\u00f5iketerast.","robots":{"index":"index","follow":"follow","max-snippet":"max-snippet:-1","max-image-preview":"max-image-preview:large","max-video-preview":"max-video-preview:-1"},"canonical":"https:\/\/zunzz.com\/et\/product\/wire-rope-cutting-machine\/","og_locale":"et_EE","og_type":"article","og_title":"Trossi l\u00f5ikamise masin","og_description":"Trossi l\u00f5ikamismasin koosneb peamiselt toiteallikast (elektriline pump v\u00f5i k\u00e4sitsi pump), t\u00f6\u00f6tavast \u00f5lisilindrist, liugr\u00f6\u00f6past ja l\u00f5iketerast.","og_url":"https:\/\/zunzz.com\/et\/product\/wire-rope-cutting-machine\/","og_site_name":"Zunzz Wire Rope Sling Machine Company","article_modified_time":"2023-12-10T12:50:14+00:00","og_image":[{"width":700,"height":700,"url":"https:\/\/zunzz.com\/wp-content\/uploads\/2023\/10\/11.webp","type":"image\/webp"}],"twitter_card":"summary_large_image","twitter_misc":{"Est. reading time":"2 minutit"},"schema":{"@context":"https:\/\/schema.org","@graph":[{"@type":"WebPage","@id":"https:\/\/zunzz.com\/et\/product\/wire-rope-cutting-machine\/","url":"https:\/\/zunzz.com\/et\/product\/wire-rope-cutting-machine\/","name":"Trossi l\u00f5ikamise masin","isPartOf":{"@id":"https:\/\/zunzz.com\/et\/#website"},"primaryImageOfPage":{"@id":"https:\/\/zunzz.com\/et\/product\/wire-rope-cutting-machine\/#primaryimage"},"image":{"@id":"https:\/\/zunzz.com\/et\/product\/wire-rope-cutting-machine\/#primaryimage"},"thumbnailUrl":"https:\/\/zunzz.com\/wp-content\/uploads\/2023\/10\/11.webp","datePublished":"2023-10-14T12:24:43+00:00","dateModified":"2023-12-10T12:50:14+00:00","description":"Trossi l\u00f5ikamismasin koosneb peamiselt toiteallikast (elektriline pump v\u00f5i k\u00e4sitsi pump), t\u00f6\u00f6tavast \u00f5lisilindrist, liugr\u00f6\u00f6past ja l\u00f5iketerast.","breadcrumb":{"@id":"https:\/\/zunzz.com\/et\/product\/wire-rope-cutting-machine\/#breadcrumb"},"inLanguage":"et","potentialAction":[{"@type":"ReadAction","target":["https:\/\/zunzz.com\/et\/product\/wire-rope-cutting-machine\/"]}]},{"@type":"ImageObject","inLanguage":"et","@id":"https:\/\/zunzz.com\/et\/product\/wire-rope-cutting-machine\/#primaryimage","url":"https:\/\/zunzz.com\/wp-content\/uploads\/2023\/10\/11.webp","contentUrl":"https:\/\/zunzz.com\/wp-content\/uploads\/2023\/10\/11.webp","width":700,"height":700,"caption":"trossi l\u00f5ikamise masin"},{"@type":"BreadcrumbList","@id":"https:\/\/zunzz.com\/et\/product\/wire-rope-cutting-machine\/#breadcrumb","itemListElement":[{"@type":"ListItem","position":1,"name":"Home","item":"https:\/\/zunzz.com\/et\/home\/"},{"@type":"ListItem","position":2,"name":"Shop","item":"https:\/\/zunzz.com\/bg\/shop\/"},{"@type":"ListItem","position":3,"name":"Trossi l\u00f5ikamise masin"}]},{"@type":"WebSite","@id":"https:\/\/zunzz.com\/et\/#website","url":"https:\/\/zunzz.com\/et\/","name":"Zunzz Wire Rope Sling Machine Company","description":"Zunzz Wire Rope Sling Machine Company is a leading manufacturer of wire rope sling machines and related products.","publisher":{"@id":"https:\/\/zunzz.com\/et\/#organization"},"potentialAction":[{"@type":"SearchAction","target":{"@type":"EntryPoint","urlTemplate":"https:\/\/zunzz.com\/et\/?s={search_term_string}"},"query-input":{"@type":"PropertyValueSpecification","valueRequired":true,"valueName":"search_term_string"}}],"inLanguage":"et"},{"@type":"Organization","@id":"https:\/\/zunzz.com\/et\/#organization","name":"Zunzz Wire Rope Sling Machine Company","url":"https:\/\/zunzz.com\/et\/","logo":{"@type":"ImageObject","inLanguage":"et","@id":"https:\/\/zunzz.com\/et\/#\/schema\/logo\/image\/","url":"https:\/\/zunzz.com\/wp-content\/uploads\/2023\/09\/Logo.png","contentUrl":"https:\/\/zunzz.com\/wp-content\/uploads\/2023\/09\/Logo.png","width":171,"height":133,"caption":"Zunzz Wire Rope Sling Machine Company"},"image":{"@id":"https:\/\/zunzz.com\/et\/#\/schema\/logo\/image\/"}}]}},"_links":{"self":[{"href":"https:\/\/zunzz.com\/et\/wp-json\/wp\/v2\/product\/1128","targetHints":{"allow":["GET"]}}],"collection":[{"href":"https:\/\/zunzz.com\/et\/wp-json\/wp\/v2\/product"}],"about":[{"href":"https:\/\/zunzz.com\/et\/wp-json\/wp\/v2\/types\/product"}],"replies":[{"embeddable":true,"href":"https:\/\/zunzz.com\/et\/wp-json\/wp\/v2\/comments?post=1128"}],"wp:featuredmedia":[{"embeddable":true,"href":"https:\/\/zunzz.com\/et\/wp-json\/wp\/v2\/media\/1308"}],"wp:attachment":[{"href":"https:\/\/zunzz.com\/et\/wp-json\/wp\/v2\/media?parent=1128"}],"wp:term":[{"taxonomy":"product_brand","embeddable":true,"href":"https:\/\/zunzz.com\/et\/wp-json\/wp\/v2\/product_brand?post=1128"},{"taxonomy":"product_cat","embeddable":true,"href":"https:\/\/zunzz.com\/et\/wp-json\/wp\/v2\/product_cat?post=1128"},{"taxonomy":"product_tag","embeddable":true,"href":"https:\/\/zunzz.com\/et\/wp-json\/wp\/v2\/product_tag?post=1128"}],"curies":[{"name":"wp","href":"https:\/\/api.w.org\/{rel}","templated":true}]}}