{"id":1039,"date":"2025-12-12T01:50:14","date_gmt":"2025-12-12T01:50:14","guid":{"rendered":"https:\/\/zunzz.com\/product\/loikamis-ja-loomutusmasin-5mm\/"},"modified":"2025-12-13T12:23:03","modified_gmt":"2025-12-13T12:23:03","slug":"cutting-and-annealing-machine","status":"publish","type":"product","link":"https:\/\/zunzz.com\/et\/product\/cutting-and-annealing-machine\/","title":{"rendered":"L\u00f5ikamis- ja l\u00f5\u00f5mutusmasin 5MM"},"content":{"rendered":"<h2 class=\"product_title entry-title\">1. L\u00f5ikamis- ja l\u00f5\u00f5mutusmasina kasutuselev\u00f5tt<\/h2>\n<p>Aastal 2001 t\u00f5i Zunzz Wire Rope Sling Machine Company edukalt turule selle terastrossi <strong>l\u00f5ikamis- ja l\u00f5\u00f5mutusmasina<\/strong>. Meie pideva kvaliteedi taotlemise ja tehnoloogia arendamise tulemusena oleme saanud mitmeid riiklikke leiutisepatente. Mitte ainult ei ole j\u00f5udlus m\u00e4rkimisv\u00e4\u00e4rselt paranenud, vaid masin suudab ka terastrossi l\u00fchikese aja jooksul kokku sulatada, kahjustamata seejuures trossi muid osi.  <\/p>\n<p>Seadmel on ka t\u00e4pne juhtimiss\u00fcsteem, mis tagab vajaliku voolu ja temperatuuri alati k\u00e4ttesaadavuse. Masina kasutamine on muutunud lihtsamaks ja h\u00f5lpsamini juhitavaks, vastates paremini klientide vajadustele. <\/p>\n<p>Suurema t\u00f6\u00f6kindluse ja vastupidavuse tagamiseks kasutame juhtivate kaubam\u00e4rkide kvaliteetseid komponente. Oleme v\u00f5tnud endale kohustuse pakkuda klientidele esmaklassilisi tooteid, et teid muredest vabastada. Pideva uuenduse ja pideva t\u00e4iustamise kaudu ei vasta meie masinad mitte ainult turu vajadustele, vaid pakuvad klientidele ka suurep\u00e4rast kasutuskogemust.  <\/p>\n<p>T\u00e4name teid usalduse eest meie vastu, j\u00e4tkame t\u00f6\u00f6d, et pakkuda teile paremaid teenuseid ja tooteid.<\/p>\n<p>Seda seadet kasutatakse t\u00f6\u00f6stuses laialdaselt mis tahes spetsifikatsiooniga terastrosside automaatseks l\u00f5ikamiseks. N\u00e4iteks meditsiiniseadmed, autoosad, ehitusohutus, kontorim\u00f6\u00f6bel, jalgrattad, spordivarustus ja lukustus. <\/p>\n<p><img fetchpriority=\"high\" decoding=\"async\" class=\"alignnone wp-image-5021 size-full\" src=\"https:\/\/zunzz.com\/wp-content\/uploads\/2023\/09\/Cutting-and-Annealing-Machine.webp\" alt=\"L\u00f5ikamis- ja l\u00f5\u00f5mutusmasin\" width=\"600\" height=\"600\" srcset=\"https:\/\/zunzz.com\/wp-content\/uploads\/2023\/09\/Cutting-and-Annealing-Machine.webp 600w, https:\/\/zunzz.com\/wp-content\/uploads\/2023\/09\/Cutting-and-Annealing-Machine-300x300.webp 300w, https:\/\/zunzz.com\/wp-content\/uploads\/2023\/09\/Cutting-and-Annealing-Machine-150x150.webp 150w, https:\/\/zunzz.com\/wp-content\/uploads\/2023\/09\/Cutting-and-Annealing-Machine-570x570.webp 570w, https:\/\/zunzz.com\/wp-content\/uploads\/2023\/09\/Cutting-and-Annealing-Machine-500x500.webp 500w, https:\/\/zunzz.com\/wp-content\/uploads\/2023\/09\/Cutting-and-Annealing-Machine-100x100.webp 100w\" sizes=\"(max-width: 600px) 100vw, 600px\" \/><\/p>\n<p><iframe title=\"Wire Rope Annealing Machine 1-5mm\" width=\"1060\" height=\"596\" src=\"https:\/\/www.youtube.com\/embed\/-hWHbhQLEHA?feature=oembed\" frameborder=\"0\" allow=\"accelerometer; autoplay; clipboard-write; encrypted-media; gyroscope; picture-in-picture; web-share\" referrerpolicy=\"strict-origin-when-cross-origin\" allowfullscreen><\/iframe><\/p>\n<h2>2.Tehnilised parameetrid<\/h2>\n<div class=\"table-r\">\n<table width=\"100%\">\n<tbody>\n<tr>\n<td width=\"50%\">Masina t\u00fc\u00fcp\n<\/td>\n<td width=\"50%\"><strong>L\u00f5ikamis- ja l\u00f5\u00f5mutamismasin<\/strong><\/td>\n<\/tr>\n<tr>\n<td width=\"50%\">L\u00e4bip\u00f5lemisulatus\n<\/td>\n<td width=\"50%\">1mm-5mm<\/td>\n<\/tr>\n<tr>\n<td width=\"50%\">\u00d5hur\u00f5hk\n<\/td>\n<td width=\"50%\">0,4 MPa<\/td>\n<\/tr>\n<tr>\n<td width=\"50%\">Pinge\n<\/td>\n<td width=\"50%\">Nagu n\u00f5utud<\/td>\n<\/tr>\n<tr>\n<td width=\"50%\">V\u00f5imsus\n<\/td>\n<td width=\"50%\">7,5 kW<\/td>\n<\/tr>\n<tr>\n<td width=\"50%\">M\u00f5\u00f5tmed (mm)\n<\/td>\n<td width=\"50%\">800L*800W*1500H<\/td>\n<\/tr>\n<tr>\n<td width=\"50%\">Kaal\n<\/td>\n<td width=\"50%\">400 kg<\/td>\n<\/tr>\n<tr>\n<td width=\"50%\">T\u00e4psus\n<\/td>\n<td width=\"50%\">\u00b12 mm\/m<\/td>\n<\/tr>\n<tr>\n<td width=\"50%\">Minimaalne l\u00f5\u00f5mutamise pikkus\n<\/td>\n<td width=\"50%\">1,5 cm<\/td>\n<\/tr>\n<\/tbody>\n<\/table>\n<\/div>\n<h3><img decoding=\"async\" class=\"alignnone wp-image-5036 size-large\" src=\"https:\/\/zunzz.com\/wp-content\/uploads\/2023\/09\/11-1024x634.webp\" alt=\"L\u00f5ikamis- ja l\u00f5\u00f5mutusmasin\" width=\"1024\" height=\"634\" srcset=\"https:\/\/zunzz.com\/wp-content\/uploads\/2023\/09\/11-1024x634.webp 1024w, https:\/\/zunzz.com\/wp-content\/uploads\/2023\/09\/11-300x186.webp 300w, https:\/\/zunzz.com\/wp-content\/uploads\/2023\/09\/11-768x476.webp 768w, https:\/\/zunzz.com\/wp-content\/uploads\/2023\/09\/11-700x434.webp 700w, https:\/\/zunzz.com\/wp-content\/uploads\/2023\/09\/11-600x372.webp 600w, https:\/\/zunzz.com\/wp-content\/uploads\/2023\/09\/11.webp 1093w\" sizes=\"(max-width: 1024px) 100vw, 1024px\" \/><\/h3>\n<h2>3. L\u00f5ikamis- ja l\u00f5\u00f5mutamismasina omadused<\/h2>\n<ul>\n<li>Peen disain, kerge ja mugav, lihtne teisaldada.<\/li>\n<li>Sulamisl\u00e4bim\u00f5\u00f5du vahemik on lai ja terastrossi sulatamise saab l\u00f5pule viia m\u00e4\u00e4ratud l\u00e4bim\u00f5\u00f5du vahemikus ilma \u00fchtegi osa v\u00e4lja vahetamata.<\/li>\n<li>Seda on lihtne kasutada, kinnitusseadme jaoks pole mutriv\u00f5tit vaja.<\/li>\n<li>Madal energiatarve, k\u00f5rge efektiivsus ja energias\u00e4\u00e4st, tagades ohutu kasutamise.<\/li>\n<li>Taskukohased hinnad, suurep\u00e4rane kvaliteet ja suurep\u00e4rane hinna ja kvaliteedi suhe.<\/li>\n<li>Sulamiskiirus on kiire. Ja sulatatud terastross on korralik ja sile, otsas koonilise kujuga. <\/li>\n<li>T\u00f6\u00f6tamise ajal on m\u00fcra vaid 75 detsibelli ja madala m\u00fcratasemega disain tagab mugava t\u00f6\u00f6keskkonna.<\/li>\n<\/ul>\n<h1><img decoding=\"async\" class=\"alignnone size-large wp-image-5051\" src=\"https:\/\/zunzz.com\/wp-content\/uploads\/2023\/09\/2-1-1024x634.webp\" alt=\"L\u00f5ikamis- ja l\u00f5\u00f5mutusmasin\" width=\"1024\" height=\"634\" srcset=\"https:\/\/zunzz.com\/wp-content\/uploads\/2023\/09\/2-1-1024x634.webp 1024w, https:\/\/zunzz.com\/wp-content\/uploads\/2023\/09\/2-1-300x186.webp 300w, https:\/\/zunzz.com\/wp-content\/uploads\/2023\/09\/2-1-768x476.webp 768w, https:\/\/zunzz.com\/wp-content\/uploads\/2023\/09\/2-1-700x434.webp 700w, https:\/\/zunzz.com\/wp-content\/uploads\/2023\/09\/2-1-600x372.webp 600w, https:\/\/zunzz.com\/wp-content\/uploads\/2023\/09\/2-1.webp 1093w\" sizes=\"(max-width: 1024px) 100vw, 1024px\" \/><\/h1>\n<h1 class=\"product_title entry-title\"><img loading=\"lazy\" decoding=\"async\" class=\"alignnone wp-image-361 \" src=\"https:\/\/zunzz.com\/wp-content\/uploads\/2023\/09\/Cutting-and-Annealing-Machine-5MM-1.webp\" alt=\"L\u00f5ikamis- ja l\u00f5\u00f5mutusmasin 5MM-1\" width=\"1021\" height=\"1541\" srcset=\"https:\/\/zunzz.com\/wp-content\/uploads\/2023\/09\/Cutting-and-Annealing-Machine-5MM-1.webp 1000w, https:\/\/zunzz.com\/wp-content\/uploads\/2023\/09\/Cutting-and-Annealing-Machine-5MM-1-199x300.webp 199w, https:\/\/zunzz.com\/wp-content\/uploads\/2023\/09\/Cutting-and-Annealing-Machine-5MM-1-679x1024.webp 679w, https:\/\/zunzz.com\/wp-content\/uploads\/2023\/09\/Cutting-and-Annealing-Machine-5MM-1-768x1159.webp 768w, https:\/\/zunzz.com\/wp-content\/uploads\/2023\/09\/Cutting-and-Annealing-Machine-5MM-1-700x1056.webp 700w, https:\/\/zunzz.com\/wp-content\/uploads\/2023\/09\/Cutting-and-Annealing-Machine-5MM-1-600x905.webp 600w\" sizes=\"(max-width: 1021px) 100vw, 1021px\" \/><\/h1>\n<h3>4.Muud l\u00f5ike- ja l\u00f5\u00f5mutamismasina parameetrid<\/h3>\n<div class=\"table-r\">\n<table width=\"100%\">\n<tbody>\n<tr>\n<td width=\"50%\">Kaubam\u00e4rgi nimi\n<\/td>\n<td width=\"50%\">Zunzzi trossitroppide ettev\u00f5te<\/td>\n<\/tr>\n<tr>\n<td width=\"50%\">Tootmisriik\/piirkond\n<\/td>\n<td width=\"50%\">Baoding, Hiina<\/td>\n<\/tr>\n<tr>\n<td width=\"50%\">Esimese avaldamise aasta\n<\/td>\n<td width=\"50%\">2001<\/td>\n<\/tr>\n<tr>\n<td width=\"50%\">Tootmiskuup\u00e4ev\n<\/td>\n<td width=\"50%\">tellimise aeg<\/td>\n<\/tr>\n<tr>\n<td width=\"50%\">Garantiiaeg\n<\/td>\n<td width=\"50%\">1 aasta<\/td>\n<\/tr>\n<tr>\n<td width=\"50%\">Kogus (tk) \/ tarneaeg (p\u00e4evades)\n<\/td>\n<td width=\"50%\">1-1 (tk) \/ 35 (p\u00e4eva), 2-10 (tk) \/ 45 (p\u00e4eva), rohkem kui 10 (tk) \/ kokkuleppel<\/td>\n<\/tr>\n<tr>\n<td width=\"50%\">V\u00e4rv\n<\/td>\n<td width=\"50%\">sinine v\u00f5i kohandatud<\/td>\n<\/tr>\n<tr>\n<td width=\"50%\">Pakendi \u00fcksikasjad\n<\/td>\n<td width=\"50%\">puidust kast<\/td>\n<\/tr>\n<tr>\n<td width=\"50%\">teenuse tugi\n<\/td>\n<td width=\"50%\">Telefoni kaugtugi<\/td>\n<\/tr>\n<\/tbody>\n<\/table>\n<\/div>\n<p><strong>5. Tugev pakett<\/strong><\/p>\n<p>Automaatseid <a href=\"https:\/\/zunzz.com\/et\/product\/automated-wire-rope-fuser-cutting-machine\/\">trossi kuumutusmasinaid<\/a> on eksporditud paljudesse riikidesse. Kasutame masinate tarnimiseks rahvusvahelist puitkarpi, et kinnitada tarnimise ajal ohutust. <\/p>\n<p><strong>L\u00f5ikamis- ja l\u00f5\u00f5mutamismasin<\/strong> on m\u00f5eldud 1-5 mm koonuseotsaga trossi jaoks. Meil on veel see masin trossi jaoks 1-3mm.<\/p>\n<p>Masinaid on eksporditud \u00dchendkuningriiki, Taani, Itaaliasse, Marokosse, Iraani, Indoneesiasse, Indiasse, A\u00dcE-sse, Singapuri, Poola jne.<\/p>\n<p><img loading=\"lazy\" decoding=\"async\" class=\"alignnone size-large wp-image-5066\" src=\"https:\/\/zunzz.com\/wp-content\/uploads\/2023\/09\/baozhuag-1024x512.webp\" alt=\"L\u00f5ikamis- ja l\u00f5\u00f5mutusmasin\" width=\"1024\" height=\"512\" srcset=\"https:\/\/zunzz.com\/wp-content\/uploads\/2023\/09\/baozhuag-1024x512.webp 1024w, https:\/\/zunzz.com\/wp-content\/uploads\/2023\/09\/baozhuag-300x150.webp 300w, https:\/\/zunzz.com\/wp-content\/uploads\/2023\/09\/baozhuag-768x384.webp 768w, https:\/\/zunzz.com\/wp-content\/uploads\/2023\/09\/baozhuag-1000x500.webp 1000w, https:\/\/zunzz.com\/wp-content\/uploads\/2023\/09\/baozhuag-700x350.webp 700w, https:\/\/zunzz.com\/wp-content\/uploads\/2023\/09\/baozhuag-1300x650.webp 1300w, https:\/\/zunzz.com\/wp-content\/uploads\/2023\/09\/baozhuag-600x300.webp 600w, https:\/\/zunzz.com\/wp-content\/uploads\/2023\/09\/baozhuag.webp 1500w\" sizes=\"(max-width: 1024px) 100vw, 1024px\" \/><\/p>\n\n<div class=\"wpcf7 no-js\" id=\"wpcf7-f5520-o1\" lang=\"et\" dir=\"ltr\" data-wpcf7-id=\"5520\">\n<div class=\"screen-reader-response\"><p role=\"status\" aria-live=\"polite\" aria-atomic=\"true\"><\/p> <ul><\/ul><\/div>\n<form action=\"\/et\/wp-json\/wp\/v2\/product\/1039#wpcf7-f5520-o1\" method=\"post\" class=\"wpcf7-form init\" aria-label=\"Contact form\" novalidate=\"novalidate\" data-status=\"init\">\n<fieldset class=\"hidden-fields-container\"><input type=\"hidden\" name=\"_wpcf7\" value=\"5520\" \/><input type=\"hidden\" name=\"_wpcf7_version\" value=\"6.1.4\" \/><input type=\"hidden\" name=\"_wpcf7_locale\" value=\"et\" \/><input type=\"hidden\" name=\"_wpcf7_unit_tag\" value=\"wpcf7-f5520-o1\" \/><input type=\"hidden\" name=\"_wpcf7_container_post\" value=\"0\" \/><input type=\"hidden\" name=\"_wpcf7_posted_data_hash\" value=\"\" \/>\n<\/fieldset>\n<div class=\"wpcf7-turnstile cf-turnstile\" data-sitekey=\"0x4AAAAAACHlhHyKtoljFN8P\" data-response-field-name=\"_wpcf7_turnstile_response\"><\/div>\n\n<p>\n    <\/p><h4 style=\"color:#333333;font-size:20px;font-family:\"background-color:#FFFFFF;font-weight:normal !important;\">\n        <span style=\"color:red;\">Saatke meile oma n\u00f5uded - me vastame 24 tunni jooksul.<\/span>\n    <\/h4>\n\n\n<div class=\"row\" style=\"display:flex; flex-wrap:wrap; width:100%;\">\n\n    <!-- Name -->\n    <div style=\"width:40%; padding-right:10px; box-sizing:border-box;\">\n        <div class=\"form-group\" style=\"margin-bottom:15px;\">\n <span class=\"wpcf7-form-control-wrap\" data-name=\"your-name\"><input size=\"40\" maxlength=\"400\" class=\"wpcf7-form-control wpcf7-text wpcf7-validates-as-required\" aria-required=\"true\" aria-invalid=\"false\" placeholder=\"Sinu nimi *\" value=\"\" type=\"text\" name=\"your-name\" \/><\/span>\n        <\/div>\n    <\/div>\n\n    <!-- Email -->\n    <div style=\"width:60%; padding-left:10px; box-sizing:border-box;\">\n        <div class=\"form-group\" style=\"margin-bottom:15px;\">\n <span class=\"wpcf7-form-control-wrap\" data-name=\"your-email\"><input size=\"40\" maxlength=\"400\" class=\"wpcf7-form-control wpcf7-email wpcf7-validates-as-required wpcf7-text wpcf7-validates-as-email\" aria-required=\"true\" aria-invalid=\"false\" placeholder=\"E-posti aadress *\" value=\"\" type=\"email\" name=\"your-email\" \/><\/span>\n        <\/div>\n    <\/div>\n\n    <!-- Message -->\n    <div style=\"width:100%; box-sizing:border-box;\">\n        <div class=\"form-group\" style=\"margin-bottom:15px;\">\n            <span class=\"wpcf7-form-control-wrap\" data-name=\"your-message\"><textarea cols=\"30\" rows=\"4\" maxlength=\"2000\" class=\"wpcf7-form-control wpcf7-textarea\" aria-invalid=\"false\" placeholder=\"Palun kirjutage oma s\u00f5num siia\" name=\"your-message\"><\/textarea><\/span>\n        <\/div>\n    <\/div>\n\n    <!-- Submit -->\n    <div style=\"width:100%; box-sizing:border-box;\">\n        <input class=\"wpcf7-form-control wpcf7-submit has-spinner btn btn-default\" type=\"submit\" value=\"V\u00f5tke meiega \u00fchendust ja k\u00fcsige pakkumist\" \/>\n    <\/div>\n\n<\/div><div class=\"wpcf7-response-output\" aria-hidden=\"true\"><\/div>\n<\/form>\n<\/div>\n\n","protected":false},"excerpt":{"rendered":"<div class=\"table-r\">\n<table width=\"100%\">\n<tbody>\n<tr>\n<td width=\"50%\">Mudel:\n<\/td>\n<td width=\"50%\">WST-500<\/td>\n<\/tr>\n<tr>\n<td width=\"50%\">Max. tross:<\/td>\n<td width=\"50%\">5 mm<\/td>\n<\/tr>\n<tr>\n<td width=\"50%\">V\u00f5imsus:\n<\/td>\n<td width=\"50%\">7,5 kW<\/td>\n<\/tr>\n<tr>\n<td width=\"50%\">M\u00f5\u00f5dud:\n<\/td>\n<td width=\"50%\">800 * 800 * 1500 mm<\/td>\n<\/tr>\n<tr>\n<td width=\"50%\">Kaal:\n<\/td>\n<td width=\"50%\">400 kg<\/td>\n<\/tr>\n<\/tbody>\n<\/table>\n<p><strong>Kasutatav keel:<\/strong>[wpml_language_selector_widget]<\/p>\n[contact-form-7 id=\"055e9b5\" title=\"Contact form 2\"]\n<\/div>\n","protected":false},"featured_media":623,"comment_status":"open","ping_status":"closed","template":"","meta":[],"product_brand":[],"product_cat":[62],"product_tag":[120,117],"class_list":{"0":"post-1039","1":"product","2":"type-product","3":"status-publish","4":"has-post-thumbnail","6":"product_cat-wire-rope-annealing-machine","7":"product_tag-cutting-and-annealing-machine-et","8":"product_tag-wire-rope-annealing-machine","10":"first","11":"instock","12":"taxable","13":"shipping-taxable","14":"product-type-simple"},"yoast_head":"<!-- This site is optimized with the Yoast SEO plugin v26.8 - https:\/\/yoast.com\/product\/yoast-seo-wordpress\/ -->\n<title>L\u00f5ikamis- ja l\u00f5\u00f5mutusmasin 5MM<\/title>\n<meta name=\"description\" content=\"Trossi l\u00f5ikamis- ja l\u00f5\u00f5mutusmasin on m\u00f5eldud 1-5 mm terastrossi jaoks, millel on kitsenev ots automaatne. Meil on veel see masin trossi jaoks 1-3mm.\" \/>\n<meta name=\"robots\" content=\"index, follow, max-snippet:-1, max-image-preview:large, max-video-preview:-1\" \/>\n<link rel=\"canonical\" href=\"https:\/\/zunzz.com\/et\/product\/cutting-and-annealing-machine\/\" \/>\n<meta property=\"og:locale\" content=\"et_EE\" \/>\n<meta property=\"og:type\" content=\"article\" \/>\n<meta property=\"og:title\" content=\"L\u00f5ikamis- ja l\u00f5\u00f5mutusmasin 5MM\" \/>\n<meta property=\"og:description\" content=\"Trossi l\u00f5ikamis- ja l\u00f5\u00f5mutusmasin on m\u00f5eldud 1-5 mm terastrossi jaoks, millel on kitsenev ots automaatne. Meil on veel see masin trossi jaoks 1-3mm.\" \/>\n<meta property=\"og:url\" content=\"https:\/\/zunzz.com\/et\/product\/cutting-and-annealing-machine\/\" \/>\n<meta property=\"og:site_name\" content=\"Zunzz Wire Rope Sling Machine Company\" \/>\n<meta property=\"article:modified_time\" content=\"2025-12-13T12:23:03+00:00\" \/>\n<meta property=\"og:image\" content=\"https:\/\/zunzz.com\/wp-content\/uploads\/2023\/09\/Cutting-and-Annealing-Machine-5MM-3.webp\" \/>\n\t<meta property=\"og:image:width\" content=\"600\" \/>\n\t<meta property=\"og:image:height\" content=\"600\" \/>\n\t<meta property=\"og:image:type\" content=\"image\/webp\" \/>\n<meta name=\"twitter:card\" content=\"summary_large_image\" \/>\n<meta name=\"twitter:label1\" content=\"Est. reading time\" \/>\n\t<meta name=\"twitter:data1\" content=\"4 minutit\" \/>\n<script type=\"application\/ld+json\" class=\"yoast-schema-graph\">{\"@context\":\"https:\/\/schema.org\",\"@graph\":[{\"@type\":\"WebPage\",\"@id\":\"https:\/\/zunzz.com\/et\/product\/cutting-and-annealing-machine\/\",\"url\":\"https:\/\/zunzz.com\/et\/product\/cutting-and-annealing-machine\/\",\"name\":\"L\u00f5ikamis- ja l\u00f5\u00f5mutusmasin 5MM\",\"isPartOf\":{\"@id\":\"https:\/\/zunzz.com\/et\/#website\"},\"primaryImageOfPage\":{\"@id\":\"https:\/\/zunzz.com\/et\/product\/cutting-and-annealing-machine\/#primaryimage\"},\"image\":{\"@id\":\"https:\/\/zunzz.com\/et\/product\/cutting-and-annealing-machine\/#primaryimage\"},\"thumbnailUrl\":\"https:\/\/zunzz.com\/wp-content\/uploads\/2023\/09\/Cutting-and-Annealing-Machine-5MM-3.webp\",\"datePublished\":\"2025-12-12T01:50:14+00:00\",\"dateModified\":\"2025-12-13T12:23:03+00:00\",\"description\":\"Trossi l\u00f5ikamis- ja l\u00f5\u00f5mutusmasin on m\u00f5eldud 1-5 mm terastrossi jaoks, millel on kitsenev ots automaatne. Meil on veel see masin trossi jaoks 1-3mm.\",\"breadcrumb\":{\"@id\":\"https:\/\/zunzz.com\/et\/product\/cutting-and-annealing-machine\/#breadcrumb\"},\"inLanguage\":\"et\",\"potentialAction\":[{\"@type\":\"ReadAction\",\"target\":[\"https:\/\/zunzz.com\/et\/product\/cutting-and-annealing-machine\/\"]}]},{\"@type\":\"ImageObject\",\"inLanguage\":\"et\",\"@id\":\"https:\/\/zunzz.com\/et\/product\/cutting-and-annealing-machine\/#primaryimage\",\"url\":\"https:\/\/zunzz.com\/wp-content\/uploads\/2023\/09\/Cutting-and-Annealing-Machine-5MM-3.webp\",\"contentUrl\":\"https:\/\/zunzz.com\/wp-content\/uploads\/2023\/09\/Cutting-and-Annealing-Machine-5MM-3.webp\",\"width\":600,\"height\":600,\"caption\":\"L\u00f5ikamis- ja l\u00f5\u00f5mutusmasin 5MM-3\"},{\"@type\":\"BreadcrumbList\",\"@id\":\"https:\/\/zunzz.com\/et\/product\/cutting-and-annealing-machine\/#breadcrumb\",\"itemListElement\":[{\"@type\":\"ListItem\",\"position\":1,\"name\":\"Home\",\"item\":\"https:\/\/zunzz.com\/et\/home\/\"},{\"@type\":\"ListItem\",\"position\":2,\"name\":\"Shop\",\"item\":\"https:\/\/zunzz.com\/bg\/shop\/\"},{\"@type\":\"ListItem\",\"position\":3,\"name\":\"L\u00f5ikamis- ja l\u00f5\u00f5mutusmasin 5MM\"}]},{\"@type\":\"WebSite\",\"@id\":\"https:\/\/zunzz.com\/et\/#website\",\"url\":\"https:\/\/zunzz.com\/et\/\",\"name\":\"Zunzz Wire Rope Sling Machine Company\",\"description\":\"Zunzz Wire Rope Sling Machine Company is a leading manufacturer of wire rope sling machines and related products.\",\"publisher\":{\"@id\":\"https:\/\/zunzz.com\/et\/#organization\"},\"potentialAction\":[{\"@type\":\"SearchAction\",\"target\":{\"@type\":\"EntryPoint\",\"urlTemplate\":\"https:\/\/zunzz.com\/et\/?s={search_term_string}\"},\"query-input\":{\"@type\":\"PropertyValueSpecification\",\"valueRequired\":true,\"valueName\":\"search_term_string\"}}],\"inLanguage\":\"et\"},{\"@type\":\"Organization\",\"@id\":\"https:\/\/zunzz.com\/et\/#organization\",\"name\":\"Zunzz Wire Rope Sling Machine Company\",\"url\":\"https:\/\/zunzz.com\/et\/\",\"logo\":{\"@type\":\"ImageObject\",\"inLanguage\":\"et\",\"@id\":\"https:\/\/zunzz.com\/et\/#\/schema\/logo\/image\/\",\"url\":\"https:\/\/zunzz.com\/wp-content\/uploads\/2023\/09\/Logo.png\",\"contentUrl\":\"https:\/\/zunzz.com\/wp-content\/uploads\/2023\/09\/Logo.png\",\"width\":171,\"height\":133,\"caption\":\"Zunzz Wire Rope Sling Machine Company\"},\"image\":{\"@id\":\"https:\/\/zunzz.com\/et\/#\/schema\/logo\/image\/\"}}]}<\/script>\n<!-- \/ Yoast SEO plugin. -->","yoast_head_json":{"title":"L\u00f5ikamis- ja l\u00f5\u00f5mutusmasin 5MM","description":"Trossi l\u00f5ikamis- ja l\u00f5\u00f5mutusmasin on m\u00f5eldud 1-5 mm terastrossi jaoks, millel on kitsenev ots automaatne. Meil on veel see masin trossi jaoks 1-3mm.","robots":{"index":"index","follow":"follow","max-snippet":"max-snippet:-1","max-image-preview":"max-image-preview:large","max-video-preview":"max-video-preview:-1"},"canonical":"https:\/\/zunzz.com\/et\/product\/cutting-and-annealing-machine\/","og_locale":"et_EE","og_type":"article","og_title":"L\u00f5ikamis- ja l\u00f5\u00f5mutusmasin 5MM","og_description":"Trossi l\u00f5ikamis- ja l\u00f5\u00f5mutusmasin on m\u00f5eldud 1-5 mm terastrossi jaoks, millel on kitsenev ots automaatne. Meil on veel see masin trossi jaoks 1-3mm.","og_url":"https:\/\/zunzz.com\/et\/product\/cutting-and-annealing-machine\/","og_site_name":"Zunzz Wire Rope Sling Machine Company","article_modified_time":"2025-12-13T12:23:03+00:00","og_image":[{"width":600,"height":600,"url":"https:\/\/zunzz.com\/wp-content\/uploads\/2023\/09\/Cutting-and-Annealing-Machine-5MM-3.webp","type":"image\/webp"}],"twitter_card":"summary_large_image","twitter_misc":{"Est. reading time":"4 minutit"},"schema":{"@context":"https:\/\/schema.org","@graph":[{"@type":"WebPage","@id":"https:\/\/zunzz.com\/et\/product\/cutting-and-annealing-machine\/","url":"https:\/\/zunzz.com\/et\/product\/cutting-and-annealing-machine\/","name":"L\u00f5ikamis- ja l\u00f5\u00f5mutusmasin 5MM","isPartOf":{"@id":"https:\/\/zunzz.com\/et\/#website"},"primaryImageOfPage":{"@id":"https:\/\/zunzz.com\/et\/product\/cutting-and-annealing-machine\/#primaryimage"},"image":{"@id":"https:\/\/zunzz.com\/et\/product\/cutting-and-annealing-machine\/#primaryimage"},"thumbnailUrl":"https:\/\/zunzz.com\/wp-content\/uploads\/2023\/09\/Cutting-and-Annealing-Machine-5MM-3.webp","datePublished":"2025-12-12T01:50:14+00:00","dateModified":"2025-12-13T12:23:03+00:00","description":"Trossi l\u00f5ikamis- ja l\u00f5\u00f5mutusmasin on m\u00f5eldud 1-5 mm terastrossi jaoks, millel on kitsenev ots automaatne. Meil on veel see masin trossi jaoks 1-3mm.","breadcrumb":{"@id":"https:\/\/zunzz.com\/et\/product\/cutting-and-annealing-machine\/#breadcrumb"},"inLanguage":"et","potentialAction":[{"@type":"ReadAction","target":["https:\/\/zunzz.com\/et\/product\/cutting-and-annealing-machine\/"]}]},{"@type":"ImageObject","inLanguage":"et","@id":"https:\/\/zunzz.com\/et\/product\/cutting-and-annealing-machine\/#primaryimage","url":"https:\/\/zunzz.com\/wp-content\/uploads\/2023\/09\/Cutting-and-Annealing-Machine-5MM-3.webp","contentUrl":"https:\/\/zunzz.com\/wp-content\/uploads\/2023\/09\/Cutting-and-Annealing-Machine-5MM-3.webp","width":600,"height":600,"caption":"L\u00f5ikamis- ja l\u00f5\u00f5mutusmasin 5MM-3"},{"@type":"BreadcrumbList","@id":"https:\/\/zunzz.com\/et\/product\/cutting-and-annealing-machine\/#breadcrumb","itemListElement":[{"@type":"ListItem","position":1,"name":"Home","item":"https:\/\/zunzz.com\/et\/home\/"},{"@type":"ListItem","position":2,"name":"Shop","item":"https:\/\/zunzz.com\/bg\/shop\/"},{"@type":"ListItem","position":3,"name":"L\u00f5ikamis- ja l\u00f5\u00f5mutusmasin 5MM"}]},{"@type":"WebSite","@id":"https:\/\/zunzz.com\/et\/#website","url":"https:\/\/zunzz.com\/et\/","name":"Zunzz Wire Rope Sling Machine Company","description":"Zunzz Wire Rope Sling Machine Company is a leading manufacturer of wire rope sling machines and related products.","publisher":{"@id":"https:\/\/zunzz.com\/et\/#organization"},"potentialAction":[{"@type":"SearchAction","target":{"@type":"EntryPoint","urlTemplate":"https:\/\/zunzz.com\/et\/?s={search_term_string}"},"query-input":{"@type":"PropertyValueSpecification","valueRequired":true,"valueName":"search_term_string"}}],"inLanguage":"et"},{"@type":"Organization","@id":"https:\/\/zunzz.com\/et\/#organization","name":"Zunzz Wire Rope Sling Machine Company","url":"https:\/\/zunzz.com\/et\/","logo":{"@type":"ImageObject","inLanguage":"et","@id":"https:\/\/zunzz.com\/et\/#\/schema\/logo\/image\/","url":"https:\/\/zunzz.com\/wp-content\/uploads\/2023\/09\/Logo.png","contentUrl":"https:\/\/zunzz.com\/wp-content\/uploads\/2023\/09\/Logo.png","width":171,"height":133,"caption":"Zunzz Wire Rope Sling Machine Company"},"image":{"@id":"https:\/\/zunzz.com\/et\/#\/schema\/logo\/image\/"}}]}},"_links":{"self":[{"href":"https:\/\/zunzz.com\/et\/wp-json\/wp\/v2\/product\/1039","targetHints":{"allow":["GET"]}}],"collection":[{"href":"https:\/\/zunzz.com\/et\/wp-json\/wp\/v2\/product"}],"about":[{"href":"https:\/\/zunzz.com\/et\/wp-json\/wp\/v2\/types\/product"}],"replies":[{"embeddable":true,"href":"https:\/\/zunzz.com\/et\/wp-json\/wp\/v2\/comments?post=1039"}],"wp:featuredmedia":[{"embeddable":true,"href":"https:\/\/zunzz.com\/et\/wp-json\/wp\/v2\/media\/623"}],"wp:attachment":[{"href":"https:\/\/zunzz.com\/et\/wp-json\/wp\/v2\/media?parent=1039"}],"wp:term":[{"taxonomy":"product_brand","embeddable":true,"href":"https:\/\/zunzz.com\/et\/wp-json\/wp\/v2\/product_brand?post=1039"},{"taxonomy":"product_cat","embeddable":true,"href":"https:\/\/zunzz.com\/et\/wp-json\/wp\/v2\/product_cat?post=1039"},{"taxonomy":"product_tag","embeddable":true,"href":"https:\/\/zunzz.com\/et\/wp-json\/wp\/v2\/product_tag?post=1039"}],"curies":[{"name":"wp","href":"https:\/\/api.w.org\/{rel}","templated":true}]}}