{"id":1038,"date":"2025-12-13T02:04:06","date_gmt":"2025-12-13T02:04:06","guid":{"rendered":"https:\/\/zunzz.com\/product\/trossi-loomutamismasin-55mm\/"},"modified":"2025-12-14T03:20:48","modified_gmt":"2025-12-14T03:20:48","slug":"wire-rope-annealing-machine","status":"publish","type":"product","link":"https:\/\/zunzz.com\/et\/product\/wire-rope-annealing-machine\/","title":{"rendered":"Trossi l\u00f5\u00f5mutamismasin 55mm"},"content":{"rendered":"<h3>1.About trossi l\u00f5\u00f5mutamine masin<\/h3>\n<p>See <strong>trossi l\u00f5\u00f5mutamismasin<\/strong> sobib 22\u201355 mm terastrossidele. See on pideva t\u00e4iustamise tulemus alates Zunzz trossimasinate ettev\u00f5tte loomisest 2001. aastal. Pideva uuenduse ja tehnoloogia arenguga on meie masinad oluliselt parandanud t\u00f6\u00f6 efektiivsust ja ohutust. See sobib ideaalselt igale t\u00f6\u00f6stusele, mis n\u00f5uab terastrosside sagedast l\u00f5ikamist.   <\/p>\n<h3>2.The parameter van Draadkabel het Ontharden Machine<\/h3>\n<div class=\"table-r\">\n<table width=\"100%\">\n<tbody>\n<tr>\n<td width=\"50%\">Mudeli nr\n<\/td>\n<td width=\"50%\">UNR-55<\/td>\n<\/tr>\n<tr>\n<td width=\"50%\">Masina v\u00e4rv\n<\/td>\n<td width=\"50%\">nagu n\u00f5utud<\/td>\n<\/tr>\n<tr>\n<td width=\"50%\">P\u00f5letage meie valik\n<\/td>\n<td width=\"50%\">\u00d820-55mm<\/td>\n<\/tr>\n<tr>\n<td width=\"50%\">Klamber\n<\/td>\n<td width=\"50%\">4 komplekti<\/td>\n<\/tr>\n<tr>\n<td width=\"50%\">V\u00f5imsus\n<\/td>\n<td width=\"50%\">150 kW<\/td>\n<\/tr>\n<tr>\n<td width=\"50%\">Pinge\n<\/td>\n<td width=\"50%\">Palve j\u00e4rgi<\/td>\n<\/tr>\n<tr>\n<td width=\"50%\">M\u00f5\u00f5tmed (mm)\n<\/td>\n<td width=\"50%\">1100*900*1600<\/td>\n<\/tr>\n<tr>\n<td width=\"50%\">Kaal\n<\/td>\n<td width=\"50%\">800 kg<\/td>\n<\/tr>\n<tr>\n<td width=\"50%\">Kontrolli\n<\/td>\n<td width=\"50%\">mikroarvuti<\/td>\n<\/tr>\n<\/tbody>\n<\/table>\n<p>&nbsp;<\/p>\n<\/div>\n<p><iframe title=\"Wire Rope Annealing Machine 55mmm\" width=\"1060\" height=\"596\" src=\"https:\/\/www.youtube.com\/embed\/dyr3C3Txx3w?feature=oembed\" frameborder=\"0\" allow=\"accelerometer; autoplay; clipboard-write; encrypted-media; gyroscope; picture-in-picture; web-share\" referrerpolicy=\"strict-origin-when-cross-origin\" allowfullscreen><\/iframe><\/p>\n<div class=\"table-r\">\n<h3>3.Traattrossi l\u00f5\u00f5mutusmasina juhised<\/h3>\n<p>Traattrossi l\u00f5\u00f5mutamise protsessi nimetatakse m\u00f5nikord sulatamiseks ja kitsendamiseks. Selle l\u00f5\u00f5mutamisprotsessi k\u00e4igus kuumutatakse traattrossi keerud v\u00e4ga k\u00f5rge temperatuurini, juhtides vooluvarustust jalgl\u00fcliti abil. Metalliosakesed rekrisalliseeruvad k\u00f5rge kuumuse m\u00f5jul, v\u00f5imaldades neil omavahel sulanduda.  <\/p>\n<p>L\u00f5puks koosneb see kahest s\u00f5ltumatust osast: 1. L\u00e4bi ratta ja k\u00e4epideme on terastross kergelt tihedalt kokku keritud ja sulatatud. 2. Reguleerige klambri vahelist kaugust. L\u00f5puks jagada kaheks osaks. Nii on k\u00f6ie ots veidi kitsenev ja t\u00e4ielikult sulanud.    <\/p>\n<p>Trossi hapraks muutumise v\u00e4ltimiseks jahutage seda kindlasti aeglaselt. Siis saad korraliku ja sileda kitseneva kujuga ja spiraalsete otstega trossi. <\/p>\n<h3><img fetchpriority=\"high\" decoding=\"async\" class=\"alignnone wp-image-365 size-full\" src=\"https:\/\/zunzz.com\/wp-content\/uploads\/2023\/09\/Wire-Rope-Annealing-Machine-55mm-2.webp\" alt=\"Trossi l\u00f5\u00f5mutamismasin 55mm-2\" width=\"1000\" height=\"1000\" srcset=\"https:\/\/zunzz.com\/wp-content\/uploads\/2023\/09\/Wire-Rope-Annealing-Machine-55mm-2.webp 1000w, https:\/\/zunzz.com\/wp-content\/uploads\/2023\/09\/Wire-Rope-Annealing-Machine-55mm-2-300x300.webp 300w, https:\/\/zunzz.com\/wp-content\/uploads\/2023\/09\/Wire-Rope-Annealing-Machine-55mm-2-150x150.webp 150w, https:\/\/zunzz.com\/wp-content\/uploads\/2023\/09\/Wire-Rope-Annealing-Machine-55mm-2-768x768.webp 768w, https:\/\/zunzz.com\/wp-content\/uploads\/2023\/09\/Wire-Rope-Annealing-Machine-55mm-2-570x570.webp 570w, https:\/\/zunzz.com\/wp-content\/uploads\/2023\/09\/Wire-Rope-Annealing-Machine-55mm-2-500x500.webp 500w, https:\/\/zunzz.com\/wp-content\/uploads\/2023\/09\/Wire-Rope-Annealing-Machine-55mm-2-700x700.webp 700w, https:\/\/zunzz.com\/wp-content\/uploads\/2023\/09\/Wire-Rope-Annealing-Machine-55mm-2-650x650.webp 650w, https:\/\/zunzz.com\/wp-content\/uploads\/2023\/09\/Wire-Rope-Annealing-Machine-55mm-2-600x600.webp 600w, https:\/\/zunzz.com\/wp-content\/uploads\/2023\/09\/Wire-Rope-Annealing-Machine-55mm-2-100x100.webp 100w\" sizes=\"(max-width: 1000px) 100vw, 1000px\" \/><\/h3>\n<h3><\/h3>\n<h3>4. Trossi l\u00f5\u00f5mutamismasina eelised<\/h3>\n<ul>\n<li>Nutikas kuju ja kaasaskantavus:<\/li>\n<\/ul>\n<p><strong>Traattrossi l\u00f5\u00f5mutusmasin<\/strong> on nutikalt disainitud, et seda oleks lihtne erinevates t\u00f6\u00f6tingimustes liigutada. N\u00e4iteks v\u00f5ib see seade m\u00e4ngida olulist rolli ehitusplatsidel, sildade ehituses, laevaehituses ja paljudes muudes olukordades, kus traattrosse tuleb l\u00f5igata. <\/p>\n<ul>\n<li>Kiire sulamine ja mugav t\u00f6\u00f6:<\/li>\n<\/ul>\n<p><a title=\"L\u00f5ikamis- ja l\u00f5\u00f5mutusmasin 5MM\" href=\"https:\/\/zunzz.com\/et\/product\/cutting-and-annealing-machine\/\">L\u00f5ikamis- ja l\u00f5\u00f5mutamismasinal<\/a> on terastrosside kiire sulamise ja l\u00f5ikamise omadused ning samal ajal on seda lihtne kasutada ja see parandab tootmise efektiivsust.<\/p>\n<ul>\n<li>Energias\u00e4\u00e4st ja ohutus:<\/li>\n<\/ul>\n<p>L\u00f5\u00f5mutusmasina t\u00f6\u00f6v\u00f5imsus on suhteliselt v\u00e4ike, mis aitab s\u00e4\u00e4sta energiat. Ja ainulaadne disain v\u00f5ib tagada t\u00f6\u00f6ohutuse. <\/p>\n<ul>\n<li>L\u00f5\u00f5mutusots on puhas ja sile:<\/li>\n<\/ul>\n<p>kooniline ja spiraalne, traat ei rullu lahti.<\/p>\n<ul>\n<li>T\u00f6\u00f6tamine koos suitsu v\u00e4ljalaskeseadmega:<\/li>\n<\/ul>\n<p>Masin v\u00f5ib t\u00f6\u00f6tada koos suitsu v\u00e4ljalaskeseadmega, et t\u00f5husalt kontrollida ja k\u00f5rvaldada keevitusprotsessi k\u00e4igus tekkivat suitsu ja tolmu, tagades t\u00f6\u00f6keskkonna puhtuse ja ohutuse.<\/p>\n<ul>\n<li>Lai l\u00f5\u00f5mutamise l\u00e4bim\u00f5\u00f5du vahemik:<\/li>\n<\/ul>\n<p>L\u00f5\u00f5mutusmasinal on lai sulamisdiameetri vahemik ja see v\u00f5ib sulatada 22\u201355 mm terastrossi ilma osi vahetamata. <span style=\"color: #ff0000;\">Kui teil on vaja sulatada erineva l\u00e4bim\u00f5\u00f5duga trosse, pakume ka teisi masinate mudeleid, mis vastavad teie vajadustele.<\/span><\/p>\n<ul>\n<li>Unikaalne klambri disain:<\/li>\n<\/ul>\n<p>Klambril on ainulaadne klambri disain, mis tagab terastrossi tugeva fikseerimise, parandades t\u00f6\u00f6 stabiilsust ja ohutust.<\/p>\n<\/div>\n<p><img decoding=\"async\" class=\"alignnone wp-image-366 \" src=\"https:\/\/zunzz.com\/wp-content\/uploads\/2023\/09\/Wire-Rope-Annealing-Machine-55mm-1.webp\" alt=\"Trossi l\u00f5\u00f5mutamismasin 55mm-1\" width=\"1000\" height=\"1333\" srcset=\"https:\/\/zunzz.com\/wp-content\/uploads\/2023\/09\/Wire-Rope-Annealing-Machine-55mm-1.webp 960w, https:\/\/zunzz.com\/wp-content\/uploads\/2023\/09\/Wire-Rope-Annealing-Machine-55mm-1-225x300.webp 225w, https:\/\/zunzz.com\/wp-content\/uploads\/2023\/09\/Wire-Rope-Annealing-Machine-55mm-1-768x1024.webp 768w, https:\/\/zunzz.com\/wp-content\/uploads\/2023\/09\/Wire-Rope-Annealing-Machine-55mm-1-600x800.webp 600w, https:\/\/zunzz.com\/wp-content\/uploads\/2023\/09\/Wire-Rope-Annealing-Machine-55mm-1-700x933.webp 700w\" sizes=\"(max-width: 1000px) 100vw, 1000px\" \/><\/p>\n<p><img decoding=\"async\" class=\"alignnone wp-image-368 \" src=\"https:\/\/zunzz.com\/wp-content\/uploads\/2023\/09\/Wire-Rope-Annealing-Machine-55mm-4.webp\" alt=\"Trossi l\u00f5\u00f5mutamismasin 55mm-4\" width=\"1000\" height=\"1333\" srcset=\"https:\/\/zunzz.com\/wp-content\/uploads\/2023\/09\/Wire-Rope-Annealing-Machine-55mm-4.webp 960w, https:\/\/zunzz.com\/wp-content\/uploads\/2023\/09\/Wire-Rope-Annealing-Machine-55mm-4-225x300.webp 225w, https:\/\/zunzz.com\/wp-content\/uploads\/2023\/09\/Wire-Rope-Annealing-Machine-55mm-4-768x1024.webp 768w, https:\/\/zunzz.com\/wp-content\/uploads\/2023\/09\/Wire-Rope-Annealing-Machine-55mm-4-600x800.webp 600w, https:\/\/zunzz.com\/wp-content\/uploads\/2023\/09\/Wire-Rope-Annealing-Machine-55mm-4-700x933.webp 700w\" sizes=\"(max-width: 1000px) 100vw, 1000px\" \/><\/p>\n<h3><\/h3>\n<h3>5.Muud l\u00f5ike- ja l\u00f5\u00f5mutamismasina parameetrid<\/h3>\n<div class=\"table-r\">\n<table width=\"100%\">\n<tbody>\n<tr>\n<td width=\"50%\">Seisund\n<\/td>\n<td width=\"50%\">T\u00e4iesti uus<\/td>\n<\/tr>\n<tr>\n<td width=\"50%\">Kaubam\u00e4rgi nimi\n<\/td>\n<td width=\"50%\">Zunzzi trossitroppide ettev\u00f5te<\/td>\n<\/tr>\n<tr>\n<td width=\"50%\">Tootmisriik\/piirkond\n<\/td>\n<td width=\"50%\">Baoding, Hiina<\/td>\n<\/tr>\n<tr>\n<td width=\"50%\">Esimese avaldamise aasta\n<\/td>\n<td width=\"50%\">2001<\/td>\n<\/tr>\n<tr>\n<td width=\"50%\">Tootmiskuup\u00e4ev\n<\/td>\n<td width=\"50%\">Tellimuse aeg<\/td>\n<\/tr>\n<tr>\n<td width=\"50%\">Garantiiaeg\n<\/td>\n<td width=\"50%\">1 aasta<\/td>\n<\/tr>\n<tr>\n<td width=\"50%\">Kogus (tk) \/ tarneaeg (p\u00e4evades)\n<\/td>\n<td width=\"50%\">1-1 (tk) \/ 35 (p\u00e4eva), 2-10 (tk) \/ 45 (p\u00e4eva), \u00fcle 10 (tk) \/ kokkuleppel<\/td>\n<\/tr>\n<tr>\n<td width=\"50%\">V\u00e4rv\n<\/td>\n<td width=\"50%\">Punane v\u00f5i kohandatud<\/td>\n<\/tr>\n<tr>\n<td width=\"50%\">Pakendi \u00fcksikasjad\n<\/td>\n<td width=\"50%\">Puidust kast<\/td>\n<\/tr>\n<tr>\n<td width=\"50%\">teenuse tugi\n<\/td>\n<td width=\"50%\">Telefoni kaugtugi<\/td>\n<\/tr>\n<\/tbody>\n<\/table>\n<\/div>\n<p>&nbsp;<\/p>\n<p><img loading=\"lazy\" decoding=\"async\" class=\"alignnone wp-image-367 \" src=\"https:\/\/zunzz.com\/wp-content\/uploads\/2023\/09\/Wire-Rope-Annealing-Machine-55mm-3.webp\" alt=\"Trossi l\u00f5\u00f5mutamismasin 55mm-3\" width=\"1000\" height=\"1334\" srcset=\"https:\/\/zunzz.com\/wp-content\/uploads\/2023\/09\/Wire-Rope-Annealing-Machine-55mm-3.webp 810w, https:\/\/zunzz.com\/wp-content\/uploads\/2023\/09\/Wire-Rope-Annealing-Machine-55mm-3-225x300.webp 225w, https:\/\/zunzz.com\/wp-content\/uploads\/2023\/09\/Wire-Rope-Annealing-Machine-55mm-3-768x1024.webp 768w, https:\/\/zunzz.com\/wp-content\/uploads\/2023\/09\/Wire-Rope-Annealing-Machine-55mm-3-600x800.webp 600w, https:\/\/zunzz.com\/wp-content\/uploads\/2023\/09\/Wire-Rope-Annealing-Machine-55mm-3-700x933.webp 700w\" sizes=\"(max-width: 1000px) 100vw, 1000px\" \/><\/p>\n<p>Masinaid on eksporditud \u00dchendkuningriiki, Taani, Itaaliasse, Marokosse, Iraani, Indoneesiasse, Indiasse, A\u00dcE-sse, Singapuri, Poola jne.<\/p>\n\n<div class=\"wpcf7 no-js\" id=\"wpcf7-f5520-o1\" lang=\"et\" dir=\"ltr\" data-wpcf7-id=\"5520\">\n<div class=\"screen-reader-response\"><p role=\"status\" aria-live=\"polite\" aria-atomic=\"true\"><\/p> <ul><\/ul><\/div>\n<form action=\"\/et\/wp-json\/wp\/v2\/product\/1038#wpcf7-f5520-o1\" method=\"post\" class=\"wpcf7-form init\" aria-label=\"Contact form\" novalidate=\"novalidate\" data-status=\"init\">\n<fieldset class=\"hidden-fields-container\"><input type=\"hidden\" name=\"_wpcf7\" value=\"5520\" \/><input type=\"hidden\" name=\"_wpcf7_version\" value=\"6.1.4\" \/><input type=\"hidden\" name=\"_wpcf7_locale\" value=\"et\" \/><input type=\"hidden\" name=\"_wpcf7_unit_tag\" value=\"wpcf7-f5520-o1\" \/><input type=\"hidden\" name=\"_wpcf7_container_post\" value=\"0\" \/><input type=\"hidden\" name=\"_wpcf7_posted_data_hash\" value=\"\" \/>\n<\/fieldset>\n<div class=\"wpcf7-turnstile cf-turnstile\" data-sitekey=\"0x4AAAAAACHlhHyKtoljFN8P\" data-response-field-name=\"_wpcf7_turnstile_response\"><\/div>\n\n<p>\n    <\/p><h4 style=\"color:#333333;font-size:20px;font-family:\"background-color:#FFFFFF;font-weight:normal !important;\">\n        <span style=\"color:red;\">Saatke meile oma n\u00f5uded - me vastame 24 tunni jooksul.<\/span>\n    <\/h4>\n\n\n<div class=\"row\" style=\"display:flex; flex-wrap:wrap; width:100%;\">\n\n    <!-- Name -->\n    <div style=\"width:40%; padding-right:10px; box-sizing:border-box;\">\n        <div class=\"form-group\" style=\"margin-bottom:15px;\">\n <span class=\"wpcf7-form-control-wrap\" data-name=\"your-name\"><input size=\"40\" maxlength=\"400\" class=\"wpcf7-form-control wpcf7-text wpcf7-validates-as-required\" aria-required=\"true\" aria-invalid=\"false\" placeholder=\"Sinu nimi *\" value=\"\" type=\"text\" name=\"your-name\" \/><\/span>\n        <\/div>\n    <\/div>\n\n    <!-- Email -->\n    <div style=\"width:60%; padding-left:10px; box-sizing:border-box;\">\n        <div class=\"form-group\" style=\"margin-bottom:15px;\">\n <span class=\"wpcf7-form-control-wrap\" data-name=\"your-email\"><input size=\"40\" maxlength=\"400\" class=\"wpcf7-form-control wpcf7-email wpcf7-validates-as-required wpcf7-text wpcf7-validates-as-email\" aria-required=\"true\" aria-invalid=\"false\" placeholder=\"E-posti aadress *\" value=\"\" type=\"email\" name=\"your-email\" \/><\/span>\n        <\/div>\n    <\/div>\n\n    <!-- Message -->\n    <div style=\"width:100%; box-sizing:border-box;\">\n        <div class=\"form-group\" style=\"margin-bottom:15px;\">\n            <span class=\"wpcf7-form-control-wrap\" data-name=\"your-message\"><textarea cols=\"30\" rows=\"4\" maxlength=\"2000\" class=\"wpcf7-form-control wpcf7-textarea\" aria-invalid=\"false\" placeholder=\"Palun kirjutage oma s\u00f5num siia\" name=\"your-message\"><\/textarea><\/span>\n        <\/div>\n    <\/div>\n\n    <!-- Submit -->\n    <div style=\"width:100%; box-sizing:border-box;\">\n        <input class=\"wpcf7-form-control wpcf7-submit has-spinner btn btn-default\" type=\"submit\" value=\"V\u00f5tke meiega \u00fchendust ja k\u00fcsige pakkumist\" \/>\n    <\/div>\n\n<\/div><div class=\"wpcf7-response-output\" aria-hidden=\"true\"><\/div>\n<\/form>\n<\/div>\n\n","protected":false},"excerpt":{"rendered":"<div class=\"table-r\">\n<table width=\"100%\">\n<tbody>\n<tr>\n<td width=\"50%\">Mudel:\n<\/td>\n<td width=\"50%\">RDJ-175<\/td>\n<\/tr>\n<tr>\n<td width=\"50%\">Max. tross:<\/td>\n<td width=\"50%\">55 mm<\/td>\n<\/tr>\n<tr>\n<td width=\"50%\">V\u00f5imsus:\n<\/td>\n<td width=\"50%\">175 kW<\/td>\n<\/tr>\n<tr>\n<td width=\"50%\">M\u00f5\u00f5dud:\n<\/td>\n<td width=\"50%\">1100mm * 640mm * 1500mm<\/td>\n<\/tr>\n<tr>\n<td width=\"50%\">Kaal:\n<\/td>\n<td width=\"50%\">750 kg<\/td>\n<\/tr>\n<\/tbody>\n<\/table>\n<p><strong>Kasutatav keel:<\/strong>[wpml_language_selector_widget]<\/p>\n[contact-form-7 id=\"055e9b5\" title=\"Contact form 2\"]\n<\/div>\n","protected":false},"featured_media":626,"comment_status":"open","ping_status":"closed","template":"","meta":[],"product_brand":[],"product_cat":[62],"product_tag":[117],"class_list":{"0":"post-1038","1":"product","2":"type-product","3":"status-publish","4":"has-post-thumbnail","6":"product_cat-wire-rope-annealing-machine","7":"product_tag-wire-rope-annealing-machine","9":"first","10":"instock","11":"taxable","12":"shipping-taxable","13":"product-type-simple"},"yoast_head":"<!-- This site is optimized with the Yoast SEO plugin v26.8 - https:\/\/yoast.com\/product\/yoast-seo-wordpress\/ -->\n<title>Trossi l\u00f5\u00f5mutusmasin 55mm<\/title>\n<meta name=\"description\" content=\"Trossi l\u00f5\u00f5mutamismasin trossi jaoks 22-55mm. Masin v\u00f5ib t\u00f6\u00f6tada koos suitsu heitgaasidega. Soovi korral saab teha ka muid trossivalikuid.\" \/>\n<meta name=\"robots\" content=\"index, follow, max-snippet:-1, max-image-preview:large, max-video-preview:-1\" \/>\n<link rel=\"canonical\" href=\"https:\/\/zunzz.com\/et\/product\/wire-rope-annealing-machine\/\" \/>\n<meta property=\"og:locale\" content=\"et_EE\" \/>\n<meta property=\"og:type\" content=\"article\" \/>\n<meta property=\"og:title\" content=\"Trossi l\u00f5\u00f5mutusmasin 55mm\" \/>\n<meta property=\"og:description\" content=\"Trossi l\u00f5\u00f5mutamismasin trossi jaoks 22-55mm. Masin v\u00f5ib t\u00f6\u00f6tada koos suitsu heitgaasidega. Soovi korral saab teha ka muid trossivalikuid.\" \/>\n<meta property=\"og:url\" content=\"https:\/\/zunzz.com\/et\/product\/wire-rope-annealing-machine\/\" \/>\n<meta property=\"og:site_name\" content=\"Zunzz Wire Rope Sling Machine Company\" \/>\n<meta property=\"article:modified_time\" content=\"2025-12-14T03:20:48+00:00\" \/>\n<meta property=\"og:image\" content=\"https:\/\/zunzz.com\/wp-content\/uploads\/2023\/09\/Wire-Rope-Annealing-Machine-55mm-2.webp\" \/>\n\t<meta property=\"og:image:width\" content=\"1000\" \/>\n\t<meta property=\"og:image:height\" content=\"1000\" \/>\n\t<meta property=\"og:image:type\" content=\"image\/webp\" \/>\n<meta name=\"twitter:card\" content=\"summary_large_image\" \/>\n<meta name=\"twitter:label1\" content=\"Est. reading time\" \/>\n\t<meta name=\"twitter:data1\" content=\"4 minutit\" \/>\n<script type=\"application\/ld+json\" class=\"yoast-schema-graph\">{\"@context\":\"https:\/\/schema.org\",\"@graph\":[{\"@type\":\"WebPage\",\"@id\":\"https:\/\/zunzz.com\/et\/product\/wire-rope-annealing-machine\/\",\"url\":\"https:\/\/zunzz.com\/et\/product\/wire-rope-annealing-machine\/\",\"name\":\"Trossi l\u00f5\u00f5mutusmasin 55mm\",\"isPartOf\":{\"@id\":\"https:\/\/zunzz.com\/et\/#website\"},\"primaryImageOfPage\":{\"@id\":\"https:\/\/zunzz.com\/et\/product\/wire-rope-annealing-machine\/#primaryimage\"},\"image\":{\"@id\":\"https:\/\/zunzz.com\/et\/product\/wire-rope-annealing-machine\/#primaryimage\"},\"thumbnailUrl\":\"https:\/\/zunzz.com\/wp-content\/uploads\/2023\/09\/Wire-Rope-Annealing-Machine-55mm-2.webp\",\"datePublished\":\"2025-12-13T02:04:06+00:00\",\"dateModified\":\"2025-12-14T03:20:48+00:00\",\"description\":\"Trossi l\u00f5\u00f5mutamismasin trossi jaoks 22-55mm. Masin v\u00f5ib t\u00f6\u00f6tada koos suitsu heitgaasidega. Soovi korral saab teha ka muid trossivalikuid.\",\"breadcrumb\":{\"@id\":\"https:\/\/zunzz.com\/et\/product\/wire-rope-annealing-machine\/#breadcrumb\"},\"inLanguage\":\"et\",\"potentialAction\":[{\"@type\":\"ReadAction\",\"target\":[\"https:\/\/zunzz.com\/et\/product\/wire-rope-annealing-machine\/\"]}]},{\"@type\":\"ImageObject\",\"inLanguage\":\"et\",\"@id\":\"https:\/\/zunzz.com\/et\/product\/wire-rope-annealing-machine\/#primaryimage\",\"url\":\"https:\/\/zunzz.com\/wp-content\/uploads\/2023\/09\/Wire-Rope-Annealing-Machine-55mm-2.webp\",\"contentUrl\":\"https:\/\/zunzz.com\/wp-content\/uploads\/2023\/09\/Wire-Rope-Annealing-Machine-55mm-2.webp\",\"width\":1000,\"height\":1000,\"caption\":\"Trossi l\u00f5\u00f5mutamismasin 55mm-2\"},{\"@type\":\"BreadcrumbList\",\"@id\":\"https:\/\/zunzz.com\/et\/product\/wire-rope-annealing-machine\/#breadcrumb\",\"itemListElement\":[{\"@type\":\"ListItem\",\"position\":1,\"name\":\"Home\",\"item\":\"https:\/\/zunzz.com\/et\/home\/\"},{\"@type\":\"ListItem\",\"position\":2,\"name\":\"Shop\",\"item\":\"https:\/\/zunzz.com\/bg\/shop\/\"},{\"@type\":\"ListItem\",\"position\":3,\"name\":\"Trossi l\u00f5\u00f5mutamismasin 55mm\"}]},{\"@type\":\"WebSite\",\"@id\":\"https:\/\/zunzz.com\/et\/#website\",\"url\":\"https:\/\/zunzz.com\/et\/\",\"name\":\"Zunzz Wire Rope Sling Machine Company\",\"description\":\"Zunzz Wire Rope Sling Machine Company is a leading manufacturer of wire rope sling machines and related products.\",\"publisher\":{\"@id\":\"https:\/\/zunzz.com\/et\/#organization\"},\"potentialAction\":[{\"@type\":\"SearchAction\",\"target\":{\"@type\":\"EntryPoint\",\"urlTemplate\":\"https:\/\/zunzz.com\/et\/?s={search_term_string}\"},\"query-input\":{\"@type\":\"PropertyValueSpecification\",\"valueRequired\":true,\"valueName\":\"search_term_string\"}}],\"inLanguage\":\"et\"},{\"@type\":\"Organization\",\"@id\":\"https:\/\/zunzz.com\/et\/#organization\",\"name\":\"Zunzz Wire Rope Sling Machine Company\",\"url\":\"https:\/\/zunzz.com\/et\/\",\"logo\":{\"@type\":\"ImageObject\",\"inLanguage\":\"et\",\"@id\":\"https:\/\/zunzz.com\/et\/#\/schema\/logo\/image\/\",\"url\":\"https:\/\/zunzz.com\/wp-content\/uploads\/2023\/09\/Logo.png\",\"contentUrl\":\"https:\/\/zunzz.com\/wp-content\/uploads\/2023\/09\/Logo.png\",\"width\":171,\"height\":133,\"caption\":\"Zunzz Wire Rope Sling Machine Company\"},\"image\":{\"@id\":\"https:\/\/zunzz.com\/et\/#\/schema\/logo\/image\/\"}}]}<\/script>\n<!-- \/ Yoast SEO plugin. -->","yoast_head_json":{"title":"Trossi l\u00f5\u00f5mutusmasin 55mm","description":"Trossi l\u00f5\u00f5mutamismasin trossi jaoks 22-55mm. Masin v\u00f5ib t\u00f6\u00f6tada koos suitsu heitgaasidega. Soovi korral saab teha ka muid trossivalikuid.","robots":{"index":"index","follow":"follow","max-snippet":"max-snippet:-1","max-image-preview":"max-image-preview:large","max-video-preview":"max-video-preview:-1"},"canonical":"https:\/\/zunzz.com\/et\/product\/wire-rope-annealing-machine\/","og_locale":"et_EE","og_type":"article","og_title":"Trossi l\u00f5\u00f5mutusmasin 55mm","og_description":"Trossi l\u00f5\u00f5mutamismasin trossi jaoks 22-55mm. Masin v\u00f5ib t\u00f6\u00f6tada koos suitsu heitgaasidega. Soovi korral saab teha ka muid trossivalikuid.","og_url":"https:\/\/zunzz.com\/et\/product\/wire-rope-annealing-machine\/","og_site_name":"Zunzz Wire Rope Sling Machine Company","article_modified_time":"2025-12-14T03:20:48+00:00","og_image":[{"width":1000,"height":1000,"url":"https:\/\/zunzz.com\/wp-content\/uploads\/2023\/09\/Wire-Rope-Annealing-Machine-55mm-2.webp","type":"image\/webp"}],"twitter_card":"summary_large_image","twitter_misc":{"Est. reading time":"4 minutit"},"schema":{"@context":"https:\/\/schema.org","@graph":[{"@type":"WebPage","@id":"https:\/\/zunzz.com\/et\/product\/wire-rope-annealing-machine\/","url":"https:\/\/zunzz.com\/et\/product\/wire-rope-annealing-machine\/","name":"Trossi l\u00f5\u00f5mutusmasin 55mm","isPartOf":{"@id":"https:\/\/zunzz.com\/et\/#website"},"primaryImageOfPage":{"@id":"https:\/\/zunzz.com\/et\/product\/wire-rope-annealing-machine\/#primaryimage"},"image":{"@id":"https:\/\/zunzz.com\/et\/product\/wire-rope-annealing-machine\/#primaryimage"},"thumbnailUrl":"https:\/\/zunzz.com\/wp-content\/uploads\/2023\/09\/Wire-Rope-Annealing-Machine-55mm-2.webp","datePublished":"2025-12-13T02:04:06+00:00","dateModified":"2025-12-14T03:20:48+00:00","description":"Trossi l\u00f5\u00f5mutamismasin trossi jaoks 22-55mm. Masin v\u00f5ib t\u00f6\u00f6tada koos suitsu heitgaasidega. Soovi korral saab teha ka muid trossivalikuid.","breadcrumb":{"@id":"https:\/\/zunzz.com\/et\/product\/wire-rope-annealing-machine\/#breadcrumb"},"inLanguage":"et","potentialAction":[{"@type":"ReadAction","target":["https:\/\/zunzz.com\/et\/product\/wire-rope-annealing-machine\/"]}]},{"@type":"ImageObject","inLanguage":"et","@id":"https:\/\/zunzz.com\/et\/product\/wire-rope-annealing-machine\/#primaryimage","url":"https:\/\/zunzz.com\/wp-content\/uploads\/2023\/09\/Wire-Rope-Annealing-Machine-55mm-2.webp","contentUrl":"https:\/\/zunzz.com\/wp-content\/uploads\/2023\/09\/Wire-Rope-Annealing-Machine-55mm-2.webp","width":1000,"height":1000,"caption":"Trossi l\u00f5\u00f5mutamismasin 55mm-2"},{"@type":"BreadcrumbList","@id":"https:\/\/zunzz.com\/et\/product\/wire-rope-annealing-machine\/#breadcrumb","itemListElement":[{"@type":"ListItem","position":1,"name":"Home","item":"https:\/\/zunzz.com\/et\/home\/"},{"@type":"ListItem","position":2,"name":"Shop","item":"https:\/\/zunzz.com\/bg\/shop\/"},{"@type":"ListItem","position":3,"name":"Trossi l\u00f5\u00f5mutamismasin 55mm"}]},{"@type":"WebSite","@id":"https:\/\/zunzz.com\/et\/#website","url":"https:\/\/zunzz.com\/et\/","name":"Zunzz Wire Rope Sling Machine Company","description":"Zunzz Wire Rope Sling Machine Company is a leading manufacturer of wire rope sling machines and related products.","publisher":{"@id":"https:\/\/zunzz.com\/et\/#organization"},"potentialAction":[{"@type":"SearchAction","target":{"@type":"EntryPoint","urlTemplate":"https:\/\/zunzz.com\/et\/?s={search_term_string}"},"query-input":{"@type":"PropertyValueSpecification","valueRequired":true,"valueName":"search_term_string"}}],"inLanguage":"et"},{"@type":"Organization","@id":"https:\/\/zunzz.com\/et\/#organization","name":"Zunzz Wire Rope Sling Machine Company","url":"https:\/\/zunzz.com\/et\/","logo":{"@type":"ImageObject","inLanguage":"et","@id":"https:\/\/zunzz.com\/et\/#\/schema\/logo\/image\/","url":"https:\/\/zunzz.com\/wp-content\/uploads\/2023\/09\/Logo.png","contentUrl":"https:\/\/zunzz.com\/wp-content\/uploads\/2023\/09\/Logo.png","width":171,"height":133,"caption":"Zunzz Wire Rope Sling Machine Company"},"image":{"@id":"https:\/\/zunzz.com\/et\/#\/schema\/logo\/image\/"}}]}},"_links":{"self":[{"href":"https:\/\/zunzz.com\/et\/wp-json\/wp\/v2\/product\/1038","targetHints":{"allow":["GET"]}}],"collection":[{"href":"https:\/\/zunzz.com\/et\/wp-json\/wp\/v2\/product"}],"about":[{"href":"https:\/\/zunzz.com\/et\/wp-json\/wp\/v2\/types\/product"}],"replies":[{"embeddable":true,"href":"https:\/\/zunzz.com\/et\/wp-json\/wp\/v2\/comments?post=1038"}],"wp:featuredmedia":[{"embeddable":true,"href":"https:\/\/zunzz.com\/et\/wp-json\/wp\/v2\/media\/626"}],"wp:attachment":[{"href":"https:\/\/zunzz.com\/et\/wp-json\/wp\/v2\/media?parent=1038"}],"wp:term":[{"taxonomy":"product_brand","embeddable":true,"href":"https:\/\/zunzz.com\/et\/wp-json\/wp\/v2\/product_brand?post=1038"},{"taxonomy":"product_cat","embeddable":true,"href":"https:\/\/zunzz.com\/et\/wp-json\/wp\/v2\/product_cat?post=1038"},{"taxonomy":"product_tag","embeddable":true,"href":"https:\/\/zunzz.com\/et\/wp-json\/wp\/v2\/product_tag?post=1038"}],"curies":[{"name":"wp","href":"https:\/\/api.w.org\/{rel}","templated":true}]}}